{"id":2742,"date":"2020-11-10T10:35:11","date_gmt":"2020-11-10T09:35:11","guid":{"rendered":"https:\/\/kalinski.pl\/?page_id=2742"},"modified":"2020-11-10T10:35:11","modified_gmt":"2020-11-10T09:35:11","slug":"regeneracja-katalizatorow-i-filtrow-dpf-sosnowiec","status":"publish","type":"page","link":"https:\/\/kalinski.pl\/serwis\/regeneracja-katalizatorow-i-filtrow-dpf-sosnowiec\/","title":{"rendered":"Regeneracja katalizator\u00f3w i filtr\u00f3w DPF Sosnowiec"},"content":{"rendered":"\r\n<figure class=\"wp-block-image size-large\"><img fetchpriority=\"high\" decoding=\"async\" width=\"1110\" height=\"303\" class=\"wp-image-1568\" src=\"https:\/\/kalinski.pl\/wp-content\/uploads\/Filtry_Kalinski-1-1110x303.png\" alt=\"\"><\/figure>\r\n\r\n<p style=\"margin-top: 25px;\" align=\"justify\">Katalizatory i filtry DPF to elementy uk\u0142adu wydechowego pojazd\u00f3w spalinowych, takich jak: auta ci\u0119\u017carowe, auta osobowe i maszyny rolnicze, kt\u00f3re minimalizuj\u0105 emisj\u0119 szkodliwych dla zdrowia i \u015brodowiska spalin. To pomaga dba\u0107 o czysto\u015b\u0107 powietrza. Jednak podczas eksploatacji pojazdu coraz wi\u0119cej sadzy zbiera si\u0119 w tych cz\u0119\u015bciach, przez co nie s\u0105 w stanie pracowa\u0107 wydajnie. Sposobem na poprawienie ich sprawno\u015bci jest wymiana ich na nowe lub <strong>regeneracja katalizator\u00f3w (Sosnowiec) i czyszczenie filtr\u00f3w DPF (Sosnowiec).<\/strong> Us\u0142uga ta dost\u0119pna jest w firmie Kali\u0144ski, kt\u00f3ry od wielu lat sprawnie dzia\u0142a w bran\u017cy motoryzacyjnej zdalnie na terenie ca\u0142ej Polski.<\/p>\r\n<p align=\"justify\"><strong>Czyszczenie katalizator\u00f3w (Sosnowiec)<\/strong> i filtr\u00f3w DPF pozbawia je zalegaj\u0105cych w nich zanieczyszcze\u0144 i sadzy. <strong>Regeneracja DPF (Sosnowiec)<\/strong> odbywa si\u0119 przy pomocy specjalistycznego urz\u0105dzenia rekomendowanego przez najwi\u0119kszych producent\u00f3w samochod\u00f3w i cz\u0119\u015bci samochodowych, pieca marki Hartridge. W piecu cz\u0119\u015bci uk\u0142adu wydechowego traktowane s\u0105 \u201cna sucho\u201d wysokimi temperaturami, dzi\u0119ki czemu zebrana w mikrokanalikach sadza wypala si\u0119. Popi\u00f3\u0142 pozosta\u0142y po wypalonej sadzy wydmuchiwany jest przy pomocy spr\u0119\u017conego powietrza. <strong>Wypalanie katalizator\u00f3w (Sosnowiec)<\/strong> odbywa si\u0119 t\u0105 sam\u0105 metod\u0105 i powoduje, \u017ce po sadzy nie pozostaje \u017caden \u015blad. Metoda nie wyp\u0142ukuje wa\u017cnych dla funkcjonowania filtr\u00f3w metali &#8211; jak dzieje si\u0119 przy czyszczeniu przy pomocy wody. Wypalaniu nie podlegaj\u0105 jednak katalizatory w pojazdach osobowych, tak dokonuje si\u0119 wymiany wk\u0142ad\u00f3w.<\/p>\r\n<p align=\"justify\">Do utrzymania pojazdu w dobrym stanie nale\u017cy dba\u0107 o ka\u017cd\u0105 jego cz\u0119\u015b\u0107. To samo dotyczy element\u00f3w uk\u0142adu wydechowego. Bez ich sprawnego dzia\u0142ania powietrze zanieczyszczane jest szkodliwymi dla zdrowia i \u015brodowiska spalinami. Dlatego warto skorzysta\u0107 z us\u0142ug firmy Kali\u0144ski i elementy swojego auta powierza\u0107 profesjonalistom, kt\u00f3rzy znaj\u0105 si\u0119 na tym, co robi\u0105 i to kochaj\u0105. Warto zaufa\u0107 wiedzy i wieloletniemu do\u015bwiadczeniu w regeneracji katalizator\u00f3w i filtr\u00f3w DPF zespo\u0142owi, kt\u00f3ry zdalnie dotrze do ka\u017cdego zak\u0105tka Polski (pod warunkiem, \u017ce kurier jest w stanie tam dojecha\u0107).<\/p>\r\n\r\n<div class=\"wp-block-columns is-layout-flex wp-container-core-columns-is-layout-1 wp-block-columns-is-layout-flex\">\r\n<div class=\"wp-block-column is-layout-flow wp-block-column-is-layout-flow\">\r\n<p><strong>Kali\u0144ski<\/strong><\/p>\r\n\r\n\r\n<p>ul. Szamotulska 40<\/p>\r\n\r\n\r\n<p>62-081 Chyby \/ Pozna\u0144<\/p>\r\n\r\n\r\n<p><strong>Sklep internetowy<\/strong><\/p>\r\n\r\n\r\n<p><a href=\"tel:0048691545545\">+48 691 545 545<\/a><\/p>\r\n\r\n\r\n<p><a>sklep@kalinski.pl<\/a><\/p>\r\n\r\n\r\n<p><strong>Serwis stacjonarny<\/strong><\/p>\r\n\r\n\r\n<p><a href=\"tel:004861 8142777\">+48 61 814 27 77<\/a><\/p>\r\n\r\n\r\n<p><a>serwis@kalinski.pl<\/a><\/p>\r\n<\/div>\r\n\r\n\r\n<div class=\"wp-block-column is-layout-flow wp-block-column-is-layout-flow\"> [contact-form-7 id=&#8221;2271&#8243; title=&#8221;Formularz 1_copy&#8221;] <\/div>\r\n<\/div>\r\n\r\n\r\n<p><iframe style=\"border: 0;\" tabindex=\"0\" src=\"https:\/\/www.google.com\/maps\/embed?pb=!1m18!1m12!1m3!1d2431.024961043721!2d16.7608539158053!3d52.460575379803046!2m3!1f0!2f0!3f0!3m2!1i1024!2i768!4f13.1!3m3!1m2!1s0x470441321c9562cb%3A0xee0284f60b138572!2sSzamotulska%2040%2C%2062-081%20Chyby!5e0!3m2!1spl!2spl!4v1598862248906!5m2!1spl!2spl\" width=\"100%\" height=\"400\" frameborder=\"0\" allowfullscreen=\"allowfullscreen\" aria-hidden=\"false\"><span data-mce-type=\"bookmark\" style=\"display: inline-block; width: 0px; overflow: hidden; line-height: 0;\" class=\"mce_SELRES_start\">\ufeff<\/span><\/iframe><\/p>\r\n\r\n","protected":false},"excerpt":{"rendered":"<p>Katalizatory i filtry DPF to elementy uk\u0142adu wydechowego pojazd\u00f3w spalinowych, takich jak: auta ci\u0119\u017carowe, auta osobowe i maszyny rolnicze, kt\u00f3re minimalizuj\u0105 emisj\u0119 szkodliwych dla zdrowia i \u015brodowiska spalin. To pomaga dba\u0107 o czysto\u015b\u0107 powietrza. Jednak podczas eksploatacji pojazdu coraz wi\u0119cej sadzy zbiera si\u0119 w tych cz\u0119\u015bciach, przez co nie s\u0105 w stanie pracowa\u0107 wydajnie. Sposobem &hellip; <a href=\"https:\/\/kalinski.pl\/serwis\/regeneracja-katalizatorow-i-filtrow-dpf-sosnowiec\/\" class=\"more-link\">Czytaj dalej<span class=\"screen-reader-text\"> Regeneracja katalizator\u00f3w i filtr\u00f3w DPF Sosnowiec<\/span><\/a><\/p>\n","protected":false},"author":821795,"featured_media":0,"parent":0,"menu_order":0,"comment_status":"closed","ping_status":"closed","template":"","meta":{"footnotes":""},"class_list":["post-2742","page","type-page","status-publish","hentry"],"yoast_head":"<!-- This site is optimized with the Yoast SEO plugin v26.7 - https:\/\/yoast.com\/wordpress\/plugins\/seo\/ -->\n<title>Regeneracja katalizator\u00f3w i filtr\u00f3w DPF Sosnowiec | Kali\u0144ski<\/title>\n<meta name=\"description\" content=\"W ramach wykonywanych przez nas us\u0142ug i produkt\u00f3w realizujemy m.in. regeneracj\u0119 katalizator\u00f3w i filtr\u00f3w DPF Sosnowiec\" \/>\n<meta name=\"robots\" content=\"index, follow, max-snippet:-1, max-image-preview:large, max-video-preview:-1\" \/>\n<link rel=\"canonical\" href=\"https:\/\/kalinski.pl\/serwis\/regeneracja-katalizatorow-i-filtrow-dpf-sosnowiec\/\" \/>\n<meta property=\"og:locale\" content=\"pl_PL\" \/>\n<meta property=\"og:type\" content=\"article\" \/>\n<meta property=\"og:title\" content=\"Regeneracja katalizator\u00f3w i filtr\u00f3w DPF Sosnowiec | Kali\u0144ski\" \/>\n<meta property=\"og:description\" content=\"W ramach wykonywanych przez nas us\u0142ug i produkt\u00f3w realizujemy m.in. regeneracj\u0119 katalizator\u00f3w i filtr\u00f3w DPF Sosnowiec\" \/>\n<meta property=\"og:url\" content=\"https:\/\/kalinski.pl\/serwis\/regeneracja-katalizatorow-i-filtrow-dpf-sosnowiec\/\" \/>\n<meta property=\"og:site_name\" content=\"Kali\u0144ski\" \/>\n<meta property=\"og:image\" content=\"https:\/\/kalinski.pl\/wp-content\/uploads\/Filtry_Kalinski-1-1110x303.png\" \/>\n<meta name=\"twitter:card\" content=\"summary_large_image\" \/>\n<meta name=\"twitter:label1\" content=\"Szacowany czas czytania\" \/>\n\t<meta name=\"twitter:data1\" content=\"2 minuty\" \/>\n<script type=\"application\/ld+json\" class=\"yoast-schema-graph\">{\"@context\":\"https:\/\/schema.org\",\"@graph\":[{\"@type\":\"WebPage\",\"@id\":\"https:\/\/kalinski.pl\/serwis\/regeneracja-katalizatorow-i-filtrow-dpf-sosnowiec\/\",\"url\":\"https:\/\/kalinski.pl\/serwis\/regeneracja-katalizatorow-i-filtrow-dpf-sosnowiec\/\",\"name\":\"Regeneracja katalizator\u00f3w i filtr\u00f3w DPF Sosnowiec | Kali\u0144ski\",\"isPartOf\":{\"@id\":\"https:\/\/kalinski.pl\/serwis\/#website\"},\"primaryImageOfPage\":{\"@id\":\"https:\/\/kalinski.pl\/serwis\/regeneracja-katalizatorow-i-filtrow-dpf-sosnowiec\/#primaryimage\"},\"image\":{\"@id\":\"https:\/\/kalinski.pl\/serwis\/regeneracja-katalizatorow-i-filtrow-dpf-sosnowiec\/#primaryimage\"},\"thumbnailUrl\":\"https:\/\/kalinski.pl\/wp-content\/uploads\/Filtry_Kalinski-1-1110x303.png\",\"datePublished\":\"2020-11-10T09:35:11+00:00\",\"description\":\"W ramach wykonywanych przez nas us\u0142ug i produkt\u00f3w realizujemy m.in. regeneracj\u0119 katalizator\u00f3w i filtr\u00f3w DPF Sosnowiec\",\"breadcrumb\":{\"@id\":\"https:\/\/kalinski.pl\/serwis\/regeneracja-katalizatorow-i-filtrow-dpf-sosnowiec\/#breadcrumb\"},\"inLanguage\":\"pl-PL\",\"potentialAction\":[{\"@type\":\"ReadAction\",\"target\":[\"https:\/\/kalinski.pl\/serwis\/regeneracja-katalizatorow-i-filtrow-dpf-sosnowiec\/\"]}]},{\"@type\":\"ImageObject\",\"inLanguage\":\"pl-PL\",\"@id\":\"https:\/\/kalinski.pl\/serwis\/regeneracja-katalizatorow-i-filtrow-dpf-sosnowiec\/#primaryimage\",\"url\":\"https:\/\/kalinski.pl\/wp-content\/uploads\/Filtry_Kalinski-1-1110x303.png\",\"contentUrl\":\"https:\/\/kalinski.pl\/wp-content\/uploads\/Filtry_Kalinski-1-1110x303.png\"},{\"@type\":\"BreadcrumbList\",\"@id\":\"https:\/\/kalinski.pl\/serwis\/regeneracja-katalizatorow-i-filtrow-dpf-sosnowiec\/#breadcrumb\",\"itemListElement\":[{\"@type\":\"ListItem\",\"position\":1,\"name\":\"Strona g\u0142\u00f3wna\",\"item\":\"https:\/\/kalinski.pl\/serwis\/\"},{\"@type\":\"ListItem\",\"position\":2,\"name\":\"Regeneracja katalizator\u00f3w i filtr\u00f3w DPF Sosnowiec\"}]},{\"@type\":\"WebSite\",\"@id\":\"https:\/\/kalinski.pl\/serwis\/#website\",\"url\":\"https:\/\/kalinski.pl\/serwis\/\",\"name\":\"Kali\u0144ski\",\"description\":\"Uk\u0142ady wydechowe\",\"publisher\":{\"@id\":\"https:\/\/kalinski.pl\/serwis\/#organization\"},\"potentialAction\":[{\"@type\":\"SearchAction\",\"target\":{\"@type\":\"EntryPoint\",\"urlTemplate\":\"https:\/\/kalinski.pl\/serwis\/?s={search_term_string}\"},\"query-input\":{\"@type\":\"PropertyValueSpecification\",\"valueRequired\":true,\"valueName\":\"search_term_string\"}}],\"inLanguage\":\"pl-PL\"},{\"@type\":\"Organization\",\"@id\":\"https:\/\/kalinski.pl\/serwis\/#organization\",\"name\":\"Kali\u0144ski\",\"url\":\"https:\/\/kalinski.pl\/serwis\/\",\"logo\":{\"@type\":\"ImageObject\",\"inLanguage\":\"pl-PL\",\"@id\":\"https:\/\/kalinski.pl\/serwis\/#\/schema\/logo\/image\/\",\"url\":\"https:\/\/kalinski.pl\/serwis\/wp-content\/uploads\/2019\/03\/cropped-logo_white.jpg\",\"contentUrl\":\"https:\/\/kalinski.pl\/serwis\/wp-content\/uploads\/2019\/03\/cropped-logo_white.jpg\",\"width\":240,\"height\":63,\"caption\":\"Kali\u0144ski\"},\"image\":{\"@id\":\"https:\/\/kalinski.pl\/serwis\/#\/schema\/logo\/image\/\"}}]}<\/script>\n<!-- \/ Yoast SEO plugin. -->","yoast_head_json":{"title":"Regeneracja katalizator\u00f3w i filtr\u00f3w DPF Sosnowiec | Kali\u0144ski","description":"W ramach wykonywanych przez nas us\u0142ug i produkt\u00f3w realizujemy m.in. regeneracj\u0119 katalizator\u00f3w i filtr\u00f3w DPF Sosnowiec","robots":{"index":"index","follow":"follow","max-snippet":"max-snippet:-1","max-image-preview":"max-image-preview:large","max-video-preview":"max-video-preview:-1"},"canonical":"https:\/\/kalinski.pl\/serwis\/regeneracja-katalizatorow-i-filtrow-dpf-sosnowiec\/","og_locale":"pl_PL","og_type":"article","og_title":"Regeneracja katalizator\u00f3w i filtr\u00f3w DPF Sosnowiec | Kali\u0144ski","og_description":"W ramach wykonywanych przez nas us\u0142ug i produkt\u00f3w realizujemy m.in. regeneracj\u0119 katalizator\u00f3w i filtr\u00f3w DPF Sosnowiec","og_url":"https:\/\/kalinski.pl\/serwis\/regeneracja-katalizatorow-i-filtrow-dpf-sosnowiec\/","og_site_name":"Kali\u0144ski","og_image":[{"url":"https:\/\/kalinski.pl\/wp-content\/uploads\/Filtry_Kalinski-1-1110x303.png","type":"","width":"","height":""}],"twitter_card":"summary_large_image","twitter_misc":{"Szacowany czas czytania":"2 minuty"},"schema":{"@context":"https:\/\/schema.org","@graph":[{"@type":"WebPage","@id":"https:\/\/kalinski.pl\/serwis\/regeneracja-katalizatorow-i-filtrow-dpf-sosnowiec\/","url":"https:\/\/kalinski.pl\/serwis\/regeneracja-katalizatorow-i-filtrow-dpf-sosnowiec\/","name":"Regeneracja katalizator\u00f3w i filtr\u00f3w DPF Sosnowiec | Kali\u0144ski","isPartOf":{"@id":"https:\/\/kalinski.pl\/serwis\/#website"},"primaryImageOfPage":{"@id":"https:\/\/kalinski.pl\/serwis\/regeneracja-katalizatorow-i-filtrow-dpf-sosnowiec\/#primaryimage"},"image":{"@id":"https:\/\/kalinski.pl\/serwis\/regeneracja-katalizatorow-i-filtrow-dpf-sosnowiec\/#primaryimage"},"thumbnailUrl":"https:\/\/kalinski.pl\/wp-content\/uploads\/Filtry_Kalinski-1-1110x303.png","datePublished":"2020-11-10T09:35:11+00:00","description":"W ramach wykonywanych przez nas us\u0142ug i produkt\u00f3w realizujemy m.in. regeneracj\u0119 katalizator\u00f3w i filtr\u00f3w DPF Sosnowiec","breadcrumb":{"@id":"https:\/\/kalinski.pl\/serwis\/regeneracja-katalizatorow-i-filtrow-dpf-sosnowiec\/#breadcrumb"},"inLanguage":"pl-PL","potentialAction":[{"@type":"ReadAction","target":["https:\/\/kalinski.pl\/serwis\/regeneracja-katalizatorow-i-filtrow-dpf-sosnowiec\/"]}]},{"@type":"ImageObject","inLanguage":"pl-PL","@id":"https:\/\/kalinski.pl\/serwis\/regeneracja-katalizatorow-i-filtrow-dpf-sosnowiec\/#primaryimage","url":"https:\/\/kalinski.pl\/wp-content\/uploads\/Filtry_Kalinski-1-1110x303.png","contentUrl":"https:\/\/kalinski.pl\/wp-content\/uploads\/Filtry_Kalinski-1-1110x303.png"},{"@type":"BreadcrumbList","@id":"https:\/\/kalinski.pl\/serwis\/regeneracja-katalizatorow-i-filtrow-dpf-sosnowiec\/#breadcrumb","itemListElement":[{"@type":"ListItem","position":1,"name":"Strona g\u0142\u00f3wna","item":"https:\/\/kalinski.pl\/serwis\/"},{"@type":"ListItem","position":2,"name":"Regeneracja katalizator\u00f3w i filtr\u00f3w DPF Sosnowiec"}]},{"@type":"WebSite","@id":"https:\/\/kalinski.pl\/serwis\/#website","url":"https:\/\/kalinski.pl\/serwis\/","name":"Kali\u0144ski","description":"Uk\u0142ady wydechowe","publisher":{"@id":"https:\/\/kalinski.pl\/serwis\/#organization"},"potentialAction":[{"@type":"SearchAction","target":{"@type":"EntryPoint","urlTemplate":"https:\/\/kalinski.pl\/serwis\/?s={search_term_string}"},"query-input":{"@type":"PropertyValueSpecification","valueRequired":true,"valueName":"search_term_string"}}],"inLanguage":"pl-PL"},{"@type":"Organization","@id":"https:\/\/kalinski.pl\/serwis\/#organization","name":"Kali\u0144ski","url":"https:\/\/kalinski.pl\/serwis\/","logo":{"@type":"ImageObject","inLanguage":"pl-PL","@id":"https:\/\/kalinski.pl\/serwis\/#\/schema\/logo\/image\/","url":"https:\/\/kalinski.pl\/serwis\/wp-content\/uploads\/2019\/03\/cropped-logo_white.jpg","contentUrl":"https:\/\/kalinski.pl\/serwis\/wp-content\/uploads\/2019\/03\/cropped-logo_white.jpg","width":240,"height":63,"caption":"Kali\u0144ski"},"image":{"@id":"https:\/\/kalinski.pl\/serwis\/#\/schema\/logo\/image\/"}}]}},"_links":{"self":[{"href":"https:\/\/kalinski.pl\/serwis\/wp-json\/wp\/v2\/pages\/2742","targetHints":{"allow":["GET"]}}],"collection":[{"href":"https:\/\/kalinski.pl\/serwis\/wp-json\/wp\/v2\/pages"}],"about":[{"href":"https:\/\/kalinski.pl\/serwis\/wp-json\/wp\/v2\/types\/page"}],"author":[{"embeddable":true,"href":"https:\/\/kalinski.pl\/serwis\/wp-json\/wp\/v2\/users\/821795"}],"replies":[{"embeddable":true,"href":"https:\/\/kalinski.pl\/serwis\/wp-json\/wp\/v2\/comments?post=2742"}],"version-history":[{"count":0,"href":"https:\/\/kalinski.pl\/serwis\/wp-json\/wp\/v2\/pages\/2742\/revisions"}],"wp:attachment":[{"href":"https:\/\/kalinski.pl\/serwis\/wp-json\/wp\/v2\/media?parent=2742"}],"curies":[{"name":"wp","href":"https:\/\/api.w.org\/{rel}","templated":true}]}}