{"id":2739,"date":"2020-11-05T12:40:59","date_gmt":"2020-11-05T11:40:59","guid":{"rendered":"https:\/\/kalinski.pl\/?page_id=2739"},"modified":"2020-11-05T12:40:59","modified_gmt":"2020-11-05T11:40:59","slug":"regeneracja-katalizatorow-i-filtrow-dpf-slupsk","status":"publish","type":"page","link":"https:\/\/kalinski.pl\/serwis\/regeneracja-katalizatorow-i-filtrow-dpf-slupsk\/","title":{"rendered":"Regeneracja katalizator\u00f3w i filtr\u00f3w DPF S\u0142upsk"},"content":{"rendered":"\r\n<figure class=\"wp-block-image size-large\"><img fetchpriority=\"high\" decoding=\"async\" width=\"1110\" height=\"303\" class=\"wp-image-1568\" src=\"https:\/\/kalinski.pl\/wp-content\/uploads\/Filtry_Kalinski-1-1110x303.png\" alt=\"\"><\/figure>\r\n\r\n<p style=\"margin-top: 25px;\" align=\"justify\">Uk\u0142ad wydechowy sk\u0142ada si\u0119 z pewnych element\u00f3w, kt\u00f3re minimalizuj\u0105 ilo\u015b\u0107 emitowanych przez pojazd spalinowy zanieczyszcze\u0144 powietrza. To katalizatory i filtry DPF. Dzi\u0119ki nim dbamy o czysto\u015b\u0107 powietrza i nasze podr\u00f3\u017ce s\u0105 bardziej przyjazne \u015brodowisku. Ale podczas eksploatacji takich pojazd\u00f3w jak: auta osobowe, auta ci\u0119\u017carowe czy maszyny rolnicze, cz\u0119\u015bci uk\u0142adu wydechowego ulegaj\u0105 zabrudzeniu, zbiera si\u0119 w ich sadza. Uniemo\u017cliwia im to sprawne funkcjonowanie. Gdy tak si\u0119 dzieje, nale\u017cy wymieni\u0107 cz\u0119\u015bci na nowe lub zdecydowa\u0107 si\u0119 na <strong>czyszczenie katalizator\u00f3w (S\u0142upsk).<\/strong><\/p>\r\n<p align=\"justify\"><strong>Regeneracja katalizator\u00f3w (S\u0142upsk)<\/strong>, to dost\u0119pna w firmie Kali\u0144ski us\u0142uga, podczas kt\u00f3rej usuni\u0119te zostaj\u0105 drobinki sadzy, a tak\u017ce inne zanieczyszczenia. <strong>Regeneracja DPF (S\u0142upsk)<\/strong>, kt\u00f3ra uznawana jest za najbardziej efektywn\u0105 to<strong> wypalanie katalizator\u00f3w (S\u0142upsk).<\/strong> Podczas tego procesu katalizatory i filtry DPF umieszczone zostaj\u0105 w specjalistycznym piecu marki Hartridge. To urz\u0105dzenie, kt\u00f3re rekomendowane jest przez najwi\u0119kszych i najwa\u017cniejszych producent\u00f3w samochod\u00f3w i cz\u0119\u015bci samochodowych. Wewn\u0105trz pieca dzia\u0142aj\u0105 bardzo wysokie temperatury i \u201cna sucho\u201d spalana jest sadza zbieraj\u0105ca si\u0119 w mikrokanalikach. Ze spalonej sadzy pozostaje popi\u00f3\u0142, kt\u00f3ry wydmuchiwany jest za pomoc\u0105 spr\u0119\u017conego powietrza. Jest to niezwykle skuteczny spos\u00f3b na <strong>czyszczenie filtr\u00f3w DPF (S\u0142upsk) oraz katalizator\u00f3w.<\/strong> Znacznie skuteczniejszy od p\u0142ukania wod\u0105, podczas kt\u00f3rego wyp\u0142ukiwane s\u0105 r\u00f3wnie\u017c metale niezb\u0119dne do prawid\u0142owej pracy filtr\u00f3w DPF. Czyszczenie katalizator\u00f3w i filtr\u00f3w mo\u017ce r\u00f3wnie\u017c nast\u0105pi\u0107 poprzez wymian\u0119 wk\u0142ad\u00f3w ceramicznych w ich wn\u0119trzu. Katalizatory w pojazdach osobowych regenerowane s\u0105 wy\u0142\u0105cznie w ten spos\u00f3b.<\/p>\r\n<p align=\"justify\">W firmie Kali\u0144ski pracuj\u0105 profesjonalni specjali\u015bci, kt\u00f3rzy zdobyt\u0105 przez wiele lat praktyk, wiedz\u0119 \u0142\u0105cz\u0105 z mi\u0142o\u015bci\u0105 do motoryzacji i niezwyk\u0142\u0105 dba\u0142o\u015bci\u0105 o ka\u017cdy detal. Taki zesp\u00f3\u0142 jest gwarancj\u0105 na us\u0142ugi na najwy\u017cszym poziomie. Sprzeda\u017c produkt\u00f3w oraz realizacj\u0119 us\u0142ug oferujemy klientom w ca\u0142ej Polsce. Wystarczy przekaza\u0107 nam cz\u0119\u015bci auta do regeneracji, a my po wykonanej us\u0142udze ode\u015blemy je pod wskazany adres. Jeste\u015bmy w stanie dotrze\u0107 wsz\u0119dzie tam, gdzie dojecha\u0107 mo\u017ce kurier. Dlatego na pewno dotrzemy tak\u017ce do S\u0142upska.<\/p>\r\n\r\n<div class=\"wp-block-columns is-layout-flex wp-container-core-columns-is-layout-1 wp-block-columns-is-layout-flex\">\r\n<div class=\"wp-block-column is-layout-flow wp-block-column-is-layout-flow\">\r\n<p><strong>Kali\u0144ski<\/strong><\/p>\r\n\r\n\r\n<p>ul. Szamotulska 40<\/p>\r\n\r\n\r\n<p>62-081 Chyby \/ Pozna\u0144<\/p>\r\n\r\n\r\n<p><strong>Sklep internetowy<\/strong><\/p>\r\n\r\n\r\n<p><a href=\"tel:0048691545545\">+48 691 545 545<\/a><\/p>\r\n\r\n\r\n<p><a>sklep@kalinski.pl<\/a><\/p>\r\n\r\n\r\n<p><strong>Serwis stacjonarny<\/strong><\/p>\r\n\r\n\r\n<p><a href=\"tel:004861 8142777\">+48 61 814 27 77<\/a><\/p>\r\n\r\n\r\n<p><a>serwis@kalinski.pl<\/a><\/p>\r\n<\/div>\r\n\r\n\r\n<div class=\"wp-block-column is-layout-flow wp-block-column-is-layout-flow\"> [contact-form-7 id=&#8221;2271&#8243; title=&#8221;Formularz 1_copy&#8221;] <\/div>\r\n<\/div>\r\n\r\n\r\n<p><iframe style=\"border: 0;\" tabindex=\"0\" src=\"https:\/\/www.google.com\/maps\/embed?pb=!1m18!1m12!1m3!1d2431.024961043721!2d16.7608539158053!3d52.460575379803046!2m3!1f0!2f0!3f0!3m2!1i1024!2i768!4f13.1!3m3!1m2!1s0x470441321c9562cb%3A0xee0284f60b138572!2sSzamotulska%2040%2C%2062-081%20Chyby!5e0!3m2!1spl!2spl!4v1598862248906!5m2!1spl!2spl\" width=\"100%\" height=\"400\" frameborder=\"0\" allowfullscreen=\"allowfullscreen\" aria-hidden=\"false\"><span data-mce-type=\"bookmark\" style=\"display: inline-block; width: 0px; overflow: hidden; line-height: 0;\" class=\"mce_SELRES_start\">\ufeff<\/span><\/iframe><\/p>\r\n\r\n","protected":false},"excerpt":{"rendered":"<p>Uk\u0142ad wydechowy sk\u0142ada si\u0119 z pewnych element\u00f3w, kt\u00f3re minimalizuj\u0105 ilo\u015b\u0107 emitowanych przez pojazd spalinowy zanieczyszcze\u0144 powietrza. To katalizatory i filtry DPF. Dzi\u0119ki nim dbamy o czysto\u015b\u0107 powietrza i nasze podr\u00f3\u017ce s\u0105 bardziej przyjazne \u015brodowisku. Ale podczas eksploatacji takich pojazd\u00f3w jak: auta osobowe, auta ci\u0119\u017carowe czy maszyny rolnicze, cz\u0119\u015bci uk\u0142adu wydechowego ulegaj\u0105 zabrudzeniu, zbiera si\u0119 w &hellip; <a href=\"https:\/\/kalinski.pl\/serwis\/regeneracja-katalizatorow-i-filtrow-dpf-slupsk\/\" class=\"more-link\">Czytaj dalej<span class=\"screen-reader-text\"> Regeneracja katalizator\u00f3w i filtr\u00f3w DPF S\u0142upsk<\/span><\/a><\/p>\n","protected":false},"author":821795,"featured_media":0,"parent":0,"menu_order":0,"comment_status":"closed","ping_status":"closed","template":"","meta":{"footnotes":""},"class_list":["post-2739","page","type-page","status-publish","hentry"],"yoast_head":"<!-- This site is optimized with the Yoast SEO plugin v26.7 - https:\/\/yoast.com\/wordpress\/plugins\/seo\/ -->\n<title>Regeneracja katalizator\u00f3w i filtr\u00f3w DPF S\u0142upsk | Kali\u0144ski<\/title>\n<meta name=\"description\" content=\"Regeneracja katalizator\u00f3w i filtr\u00f3w DPF S\u0142upsk to bardzo popularna us\u0142uga, kt\u00f3r\u0105 wykonujemy stacjonarnie oraz zdalnie.\" \/>\n<meta name=\"robots\" content=\"index, follow, max-snippet:-1, max-image-preview:large, max-video-preview:-1\" \/>\n<link rel=\"canonical\" href=\"https:\/\/kalinski.pl\/serwis\/regeneracja-katalizatorow-i-filtrow-dpf-slupsk\/\" \/>\n<meta property=\"og:locale\" content=\"pl_PL\" \/>\n<meta property=\"og:type\" content=\"article\" \/>\n<meta property=\"og:title\" content=\"Regeneracja katalizator\u00f3w i filtr\u00f3w DPF S\u0142upsk | Kali\u0144ski\" \/>\n<meta property=\"og:description\" content=\"Regeneracja katalizator\u00f3w i filtr\u00f3w DPF S\u0142upsk to bardzo popularna us\u0142uga, kt\u00f3r\u0105 wykonujemy stacjonarnie oraz zdalnie.\" \/>\n<meta property=\"og:url\" content=\"https:\/\/kalinski.pl\/serwis\/regeneracja-katalizatorow-i-filtrow-dpf-slupsk\/\" \/>\n<meta property=\"og:site_name\" content=\"Kali\u0144ski\" \/>\n<meta property=\"og:image\" content=\"https:\/\/kalinski.pl\/wp-content\/uploads\/Filtry_Kalinski-1-1110x303.png\" \/>\n<meta name=\"twitter:card\" content=\"summary_large_image\" \/>\n<meta name=\"twitter:label1\" content=\"Szacowany czas czytania\" \/>\n\t<meta name=\"twitter:data1\" content=\"2 minuty\" \/>\n<script type=\"application\/ld+json\" class=\"yoast-schema-graph\">{\"@context\":\"https:\/\/schema.org\",\"@graph\":[{\"@type\":\"WebPage\",\"@id\":\"https:\/\/kalinski.pl\/serwis\/regeneracja-katalizatorow-i-filtrow-dpf-slupsk\/\",\"url\":\"https:\/\/kalinski.pl\/serwis\/regeneracja-katalizatorow-i-filtrow-dpf-slupsk\/\",\"name\":\"Regeneracja katalizator\u00f3w i filtr\u00f3w DPF S\u0142upsk | Kali\u0144ski\",\"isPartOf\":{\"@id\":\"https:\/\/kalinski.pl\/serwis\/#website\"},\"primaryImageOfPage\":{\"@id\":\"https:\/\/kalinski.pl\/serwis\/regeneracja-katalizatorow-i-filtrow-dpf-slupsk\/#primaryimage\"},\"image\":{\"@id\":\"https:\/\/kalinski.pl\/serwis\/regeneracja-katalizatorow-i-filtrow-dpf-slupsk\/#primaryimage\"},\"thumbnailUrl\":\"https:\/\/kalinski.pl\/wp-content\/uploads\/Filtry_Kalinski-1-1110x303.png\",\"datePublished\":\"2020-11-05T11:40:59+00:00\",\"description\":\"Regeneracja katalizator\u00f3w i filtr\u00f3w DPF S\u0142upsk to bardzo popularna us\u0142uga, kt\u00f3r\u0105 wykonujemy stacjonarnie oraz zdalnie.\",\"breadcrumb\":{\"@id\":\"https:\/\/kalinski.pl\/serwis\/regeneracja-katalizatorow-i-filtrow-dpf-slupsk\/#breadcrumb\"},\"inLanguage\":\"pl-PL\",\"potentialAction\":[{\"@type\":\"ReadAction\",\"target\":[\"https:\/\/kalinski.pl\/serwis\/regeneracja-katalizatorow-i-filtrow-dpf-slupsk\/\"]}]},{\"@type\":\"ImageObject\",\"inLanguage\":\"pl-PL\",\"@id\":\"https:\/\/kalinski.pl\/serwis\/regeneracja-katalizatorow-i-filtrow-dpf-slupsk\/#primaryimage\",\"url\":\"https:\/\/kalinski.pl\/wp-content\/uploads\/Filtry_Kalinski-1-1110x303.png\",\"contentUrl\":\"https:\/\/kalinski.pl\/wp-content\/uploads\/Filtry_Kalinski-1-1110x303.png\"},{\"@type\":\"BreadcrumbList\",\"@id\":\"https:\/\/kalinski.pl\/serwis\/regeneracja-katalizatorow-i-filtrow-dpf-slupsk\/#breadcrumb\",\"itemListElement\":[{\"@type\":\"ListItem\",\"position\":1,\"name\":\"Strona g\u0142\u00f3wna\",\"item\":\"https:\/\/kalinski.pl\/serwis\/\"},{\"@type\":\"ListItem\",\"position\":2,\"name\":\"Regeneracja katalizator\u00f3w i filtr\u00f3w DPF S\u0142upsk\"}]},{\"@type\":\"WebSite\",\"@id\":\"https:\/\/kalinski.pl\/serwis\/#website\",\"url\":\"https:\/\/kalinski.pl\/serwis\/\",\"name\":\"Kali\u0144ski\",\"description\":\"Uk\u0142ady wydechowe\",\"publisher\":{\"@id\":\"https:\/\/kalinski.pl\/serwis\/#organization\"},\"potentialAction\":[{\"@type\":\"SearchAction\",\"target\":{\"@type\":\"EntryPoint\",\"urlTemplate\":\"https:\/\/kalinski.pl\/serwis\/?s={search_term_string}\"},\"query-input\":{\"@type\":\"PropertyValueSpecification\",\"valueRequired\":true,\"valueName\":\"search_term_string\"}}],\"inLanguage\":\"pl-PL\"},{\"@type\":\"Organization\",\"@id\":\"https:\/\/kalinski.pl\/serwis\/#organization\",\"name\":\"Kali\u0144ski\",\"url\":\"https:\/\/kalinski.pl\/serwis\/\",\"logo\":{\"@type\":\"ImageObject\",\"inLanguage\":\"pl-PL\",\"@id\":\"https:\/\/kalinski.pl\/serwis\/#\/schema\/logo\/image\/\",\"url\":\"https:\/\/kalinski.pl\/serwis\/wp-content\/uploads\/2019\/03\/cropped-logo_white.jpg\",\"contentUrl\":\"https:\/\/kalinski.pl\/serwis\/wp-content\/uploads\/2019\/03\/cropped-logo_white.jpg\",\"width\":240,\"height\":63,\"caption\":\"Kali\u0144ski\"},\"image\":{\"@id\":\"https:\/\/kalinski.pl\/serwis\/#\/schema\/logo\/image\/\"}}]}<\/script>\n<!-- \/ Yoast SEO plugin. -->","yoast_head_json":{"title":"Regeneracja katalizator\u00f3w i filtr\u00f3w DPF S\u0142upsk | Kali\u0144ski","description":"Regeneracja katalizator\u00f3w i filtr\u00f3w DPF S\u0142upsk to bardzo popularna us\u0142uga, kt\u00f3r\u0105 wykonujemy stacjonarnie oraz zdalnie.","robots":{"index":"index","follow":"follow","max-snippet":"max-snippet:-1","max-image-preview":"max-image-preview:large","max-video-preview":"max-video-preview:-1"},"canonical":"https:\/\/kalinski.pl\/serwis\/regeneracja-katalizatorow-i-filtrow-dpf-slupsk\/","og_locale":"pl_PL","og_type":"article","og_title":"Regeneracja katalizator\u00f3w i filtr\u00f3w DPF S\u0142upsk | Kali\u0144ski","og_description":"Regeneracja katalizator\u00f3w i filtr\u00f3w DPF S\u0142upsk to bardzo popularna us\u0142uga, kt\u00f3r\u0105 wykonujemy stacjonarnie oraz zdalnie.","og_url":"https:\/\/kalinski.pl\/serwis\/regeneracja-katalizatorow-i-filtrow-dpf-slupsk\/","og_site_name":"Kali\u0144ski","og_image":[{"url":"https:\/\/kalinski.pl\/wp-content\/uploads\/Filtry_Kalinski-1-1110x303.png","type":"","width":"","height":""}],"twitter_card":"summary_large_image","twitter_misc":{"Szacowany czas czytania":"2 minuty"},"schema":{"@context":"https:\/\/schema.org","@graph":[{"@type":"WebPage","@id":"https:\/\/kalinski.pl\/serwis\/regeneracja-katalizatorow-i-filtrow-dpf-slupsk\/","url":"https:\/\/kalinski.pl\/serwis\/regeneracja-katalizatorow-i-filtrow-dpf-slupsk\/","name":"Regeneracja katalizator\u00f3w i filtr\u00f3w DPF S\u0142upsk | Kali\u0144ski","isPartOf":{"@id":"https:\/\/kalinski.pl\/serwis\/#website"},"primaryImageOfPage":{"@id":"https:\/\/kalinski.pl\/serwis\/regeneracja-katalizatorow-i-filtrow-dpf-slupsk\/#primaryimage"},"image":{"@id":"https:\/\/kalinski.pl\/serwis\/regeneracja-katalizatorow-i-filtrow-dpf-slupsk\/#primaryimage"},"thumbnailUrl":"https:\/\/kalinski.pl\/wp-content\/uploads\/Filtry_Kalinski-1-1110x303.png","datePublished":"2020-11-05T11:40:59+00:00","description":"Regeneracja katalizator\u00f3w i filtr\u00f3w DPF S\u0142upsk to bardzo popularna us\u0142uga, kt\u00f3r\u0105 wykonujemy stacjonarnie oraz zdalnie.","breadcrumb":{"@id":"https:\/\/kalinski.pl\/serwis\/regeneracja-katalizatorow-i-filtrow-dpf-slupsk\/#breadcrumb"},"inLanguage":"pl-PL","potentialAction":[{"@type":"ReadAction","target":["https:\/\/kalinski.pl\/serwis\/regeneracja-katalizatorow-i-filtrow-dpf-slupsk\/"]}]},{"@type":"ImageObject","inLanguage":"pl-PL","@id":"https:\/\/kalinski.pl\/serwis\/regeneracja-katalizatorow-i-filtrow-dpf-slupsk\/#primaryimage","url":"https:\/\/kalinski.pl\/wp-content\/uploads\/Filtry_Kalinski-1-1110x303.png","contentUrl":"https:\/\/kalinski.pl\/wp-content\/uploads\/Filtry_Kalinski-1-1110x303.png"},{"@type":"BreadcrumbList","@id":"https:\/\/kalinski.pl\/serwis\/regeneracja-katalizatorow-i-filtrow-dpf-slupsk\/#breadcrumb","itemListElement":[{"@type":"ListItem","position":1,"name":"Strona g\u0142\u00f3wna","item":"https:\/\/kalinski.pl\/serwis\/"},{"@type":"ListItem","position":2,"name":"Regeneracja katalizator\u00f3w i filtr\u00f3w DPF S\u0142upsk"}]},{"@type":"WebSite","@id":"https:\/\/kalinski.pl\/serwis\/#website","url":"https:\/\/kalinski.pl\/serwis\/","name":"Kali\u0144ski","description":"Uk\u0142ady wydechowe","publisher":{"@id":"https:\/\/kalinski.pl\/serwis\/#organization"},"potentialAction":[{"@type":"SearchAction","target":{"@type":"EntryPoint","urlTemplate":"https:\/\/kalinski.pl\/serwis\/?s={search_term_string}"},"query-input":{"@type":"PropertyValueSpecification","valueRequired":true,"valueName":"search_term_string"}}],"inLanguage":"pl-PL"},{"@type":"Organization","@id":"https:\/\/kalinski.pl\/serwis\/#organization","name":"Kali\u0144ski","url":"https:\/\/kalinski.pl\/serwis\/","logo":{"@type":"ImageObject","inLanguage":"pl-PL","@id":"https:\/\/kalinski.pl\/serwis\/#\/schema\/logo\/image\/","url":"https:\/\/kalinski.pl\/serwis\/wp-content\/uploads\/2019\/03\/cropped-logo_white.jpg","contentUrl":"https:\/\/kalinski.pl\/serwis\/wp-content\/uploads\/2019\/03\/cropped-logo_white.jpg","width":240,"height":63,"caption":"Kali\u0144ski"},"image":{"@id":"https:\/\/kalinski.pl\/serwis\/#\/schema\/logo\/image\/"}}]}},"_links":{"self":[{"href":"https:\/\/kalinski.pl\/serwis\/wp-json\/wp\/v2\/pages\/2739","targetHints":{"allow":["GET"]}}],"collection":[{"href":"https:\/\/kalinski.pl\/serwis\/wp-json\/wp\/v2\/pages"}],"about":[{"href":"https:\/\/kalinski.pl\/serwis\/wp-json\/wp\/v2\/types\/page"}],"author":[{"embeddable":true,"href":"https:\/\/kalinski.pl\/serwis\/wp-json\/wp\/v2\/users\/821795"}],"replies":[{"embeddable":true,"href":"https:\/\/kalinski.pl\/serwis\/wp-json\/wp\/v2\/comments?post=2739"}],"version-history":[{"count":0,"href":"https:\/\/kalinski.pl\/serwis\/wp-json\/wp\/v2\/pages\/2739\/revisions"}],"wp:attachment":[{"href":"https:\/\/kalinski.pl\/serwis\/wp-json\/wp\/v2\/media?parent=2739"}],"curies":[{"name":"wp","href":"https:\/\/api.w.org\/{rel}","templated":true}]}}