{"id":2734,"date":"2020-11-04T10:08:26","date_gmt":"2020-11-04T09:08:26","guid":{"rendered":"https:\/\/kalinski.pl\/?page_id=2734"},"modified":"2020-11-04T10:08:26","modified_gmt":"2020-11-04T09:08:26","slug":"regeneracja-katalizatorow-i-filtrow-dpf-piotrkow-trybunalski","status":"publish","type":"page","link":"https:\/\/kalinski.pl\/serwis\/regeneracja-katalizatorow-i-filtrow-dpf-piotrkow-trybunalski\/","title":{"rendered":"Regeneracja katalizator\u00f3w i filtr\u00f3w DPF Piotrk\u00f3w Trybunalski"},"content":{"rendered":"\r\n<figure class=\"wp-block-image size-large\"><img fetchpriority=\"high\" decoding=\"async\" width=\"1110\" height=\"303\" class=\"wp-image-1568\" src=\"https:\/\/kalinski.pl\/wp-content\/uploads\/Filtry_Kalinski-1-1110x303.png\" alt=\"\"><\/figure>\r\n\r\n<p style=\"margin-top: 25px;\" align=\"justify\">Uk\u0142ad wydechowy to wa\u017cna cz\u0119\u015b\u0107 pojazdu spalinowego. Sk\u0142ada si\u0119 z takich element\u00f3w, jak mi\u0119dzy innymi katalizator i filtry DPF. S\u0142u\u017c\u0105 one temu, aby oczyszcza\u0107 spaliny wydostaj\u0105ce si\u0119 na powietrze z uk\u0142adu wydechowego samochod\u00f3w ci\u0119\u017carowych, osobowych, czy maszyn rolniczych. Jednak wraz z eksploatacj\u0105 pojazd\u00f3w ulegaj\u0105 one zabrudzeniu przez gromadz\u0105c\u0105 si\u0119 w nich sadz\u0119, przez co dzia\u0142aj\u0105 coraz s\u0142abiej. Aby przywr\u00f3ci\u0107 im ich funkcjonalno\u015b\u0107 nale\u017cy albo wymieni\u0107 je na nowe, albo przeprowadzi\u0107 regeneracj\u0119 cz\u0119\u015bci.<\/p>\r\n<p align=\"justify\">W obu przypadkach pomoc\u0105 s\u0142u\u017cy firma Kali\u0144ski, kt\u00f3ra zajmuje si\u0119 nie tylko sprzeda\u017c\u0105 katalizator\u00f3w i filtr\u00f3w DPF, ale tak\u017ce ich czyszczeniem. <strong>Regeneracja katalizator\u00f3w (Piotrk\u00f3w Trybunalski)<\/strong> odbywa\u0107 si\u0119 mo\u017ce na r\u00f3\u017cne sposoby. W naszej firmie stawiamy na najbardziej skuteczny, dlatego te\u017c korzystamy z najlepszego pieca specjalistycznego marki Hartridge. Piec ten rekomendowany jest przez najs\u0142ynniejsze marki producent\u00f3w aut osobowych i ci\u0119\u017carowych oraz cz\u0119\u015bci do nich. <strong>Czyszczenie katalizator\u00f3w (Piotrk\u00f3w Trybunalski)<\/strong> przeprowadzane jest przy u\u017cyciu bardzo wysokiej temperatury. <strong>Wypalanie katalizator\u00f3w (Piotrk\u00f3w Trybunalski)<\/strong> odbywa si\u0119 \u201cna sucho\u201d i sprawia, i\u017c sadza zgromadzona w mikrokanalikach, spala si\u0119 na popi\u00f3\u0142, kt\u00f3ry wydmuchiwany jest spr\u0119\u017conym powietrzem. Dzi\u0119ki temu nie ma \u015bladu po zanieczyszczeniach w katalizatorze i filtrach DPF, cz\u0119\u015bci te wygl\u0105daj\u0105 jak nowe. Wypalaniu towarzyszy r\u00f3wnie\u017c wydmuchiwanie popio\u0142u za pomoc\u0105 spr\u0119\u017conego powietrza. Regeneracja katalizator\u00f3w nast\u0119puje r\u00f3wnie\u017c poprzez wymian\u0119 wk\u0142ad\u00f3w, taki proces realizowany jest szczeg\u00f3lnie w pojazdach osobowych.<\/p>\r\n<p align=\"justify\">Je\u015bli dbaj\u0105 Pa\u0144stwo o swoje auto, chcecie utrzyma\u0107 wszystkie jego cz\u0119\u015bci w pe\u0142nej sprawno\u015bci. Dlatego warto powierzy\u0107 katalizatory i filtry DPF w r\u0119ce profesjonalnej ekipy, kt\u00f3ra serce do motoryzacji \u0142\u0105czy z wiedz\u0105 i do\u015bwiadczeniem, dzi\u0119ki czemu ka\u017cda us\u0142uga firmy Kali\u0144ski jest wykonana na najwy\u017cszym poziomie. Czyszczenie filtr\u00f3w DPF (Piotrk\u00f3w Trybunalski) dost\u0119pne jest w ca\u0142ej Polsce, wystarczy skorzysta\u0107 z kuriera, kt\u00f3ry dociera niemal wsz\u0119dzie, przekaza\u0107 nam zu\u017cyte cz\u0119\u015bci, a my sprawdzimy ich stan techniczny i je\u015bli to mo\u017cliwe wykonamy <strong>czyszczenie filtr\u00f3w DPF (Piotrk\u00f3w Trybunalski).<\/strong><\/p>\r\n\r\n<div class=\"wp-block-columns is-layout-flex wp-container-core-columns-is-layout-1 wp-block-columns-is-layout-flex\">\r\n<div class=\"wp-block-column is-layout-flow wp-block-column-is-layout-flow\">\r\n<p><strong>Kali\u0144ski<\/strong><\/p>\r\n\r\n\r\n<p>ul. Szamotulska 40<\/p>\r\n\r\n\r\n<p>62-081 Chyby \/ Pozna\u0144<\/p>\r\n\r\n\r\n<p><strong>Sklep internetowy<\/strong><\/p>\r\n\r\n\r\n<p><a href=\"tel:0048691545545\">+48 691 545 545<\/a><\/p>\r\n\r\n\r\n<p><a>sklep@kalinski.pl<\/a><\/p>\r\n\r\n\r\n<p><strong>Serwis stacjonarny<\/strong><\/p>\r\n\r\n\r\n<p><a href=\"tel:004861 8142777\">+48 61 814 27 77<\/a><\/p>\r\n\r\n\r\n<p><a>serwis@kalinski.pl<\/a><\/p>\r\n<\/div>\r\n\r\n\r\n<div class=\"wp-block-column is-layout-flow wp-block-column-is-layout-flow\"> [contact-form-7 id=&#8221;2271&#8243; title=&#8221;Formularz 1_copy&#8221;] <\/div>\r\n<\/div>\r\n\r\n\r\n<p><iframe style=\"border: 0;\" tabindex=\"0\" src=\"https:\/\/www.google.com\/maps\/embed?pb=!1m18!1m12!1m3!1d2431.024961043721!2d16.7608539158053!3d52.460575379803046!2m3!1f0!2f0!3f0!3m2!1i1024!2i768!4f13.1!3m3!1m2!1s0x470441321c9562cb%3A0xee0284f60b138572!2sSzamotulska%2040%2C%2062-081%20Chyby!5e0!3m2!1spl!2spl!4v1598862248906!5m2!1spl!2spl\" width=\"100%\" height=\"400\" frameborder=\"0\" allowfullscreen=\"allowfullscreen\" aria-hidden=\"false\"><span data-mce-type=\"bookmark\" style=\"display: inline-block; width: 0px; overflow: hidden; line-height: 0;\" class=\"mce_SELRES_start\">\ufeff<\/span><\/iframe><\/p>\r\n\r\n","protected":false},"excerpt":{"rendered":"<p>Uk\u0142ad wydechowy to wa\u017cna cz\u0119\u015b\u0107 pojazdu spalinowego. Sk\u0142ada si\u0119 z takich element\u00f3w, jak mi\u0119dzy innymi katalizator i filtry DPF. S\u0142u\u017c\u0105 one temu, aby oczyszcza\u0107 spaliny wydostaj\u0105ce si\u0119 na powietrze z uk\u0142adu wydechowego samochod\u00f3w ci\u0119\u017carowych, osobowych, czy maszyn rolniczych. Jednak wraz z eksploatacj\u0105 pojazd\u00f3w ulegaj\u0105 one zabrudzeniu przez gromadz\u0105c\u0105 si\u0119 w nich sadz\u0119, przez co dzia\u0142aj\u0105 &hellip; <a href=\"https:\/\/kalinski.pl\/serwis\/regeneracja-katalizatorow-i-filtrow-dpf-piotrkow-trybunalski\/\" class=\"more-link\">Czytaj dalej<span class=\"screen-reader-text\"> Regeneracja katalizator\u00f3w i filtr\u00f3w DPF Piotrk\u00f3w Trybunalski<\/span><\/a><\/p>\n","protected":false},"author":821795,"featured_media":0,"parent":0,"menu_order":0,"comment_status":"closed","ping_status":"closed","template":"","meta":{"footnotes":""},"class_list":["post-2734","page","type-page","status-publish","hentry"],"yoast_head":"<!-- This site is optimized with the Yoast SEO plugin v26.7 - https:\/\/yoast.com\/wordpress\/plugins\/seo\/ -->\n<title>Regeneracja katalizator\u00f3w i filtr\u00f3w DPF Piotrk\u00f3w Trybunalski | Kali\u0144ski<\/title>\n<meta name=\"description\" content=\"Regeneracja katalizator\u00f3w i filtr\u00f3w DPF Piotrk\u00f3w Trybunalski to jedna z wykonywanych przez nas us\u0142ug, realizujemy j\u0105 stacjonarnie i wysy\u0142kowo.\" \/>\n<meta name=\"robots\" content=\"index, follow, max-snippet:-1, max-image-preview:large, max-video-preview:-1\" \/>\n<link rel=\"canonical\" href=\"https:\/\/kalinski.pl\/serwis\/regeneracja-katalizatorow-i-filtrow-dpf-piotrkow-trybunalski\/\" \/>\n<meta property=\"og:locale\" content=\"pl_PL\" \/>\n<meta property=\"og:type\" content=\"article\" \/>\n<meta property=\"og:title\" content=\"Regeneracja katalizator\u00f3w i filtr\u00f3w DPF Piotrk\u00f3w Trybunalski | Kali\u0144ski\" \/>\n<meta property=\"og:description\" content=\"Regeneracja katalizator\u00f3w i filtr\u00f3w DPF Piotrk\u00f3w Trybunalski to jedna z wykonywanych przez nas us\u0142ug, realizujemy j\u0105 stacjonarnie i wysy\u0142kowo.\" \/>\n<meta property=\"og:url\" content=\"https:\/\/kalinski.pl\/serwis\/regeneracja-katalizatorow-i-filtrow-dpf-piotrkow-trybunalski\/\" \/>\n<meta property=\"og:site_name\" content=\"Kali\u0144ski\" \/>\n<meta property=\"og:image\" content=\"https:\/\/kalinski.pl\/wp-content\/uploads\/Filtry_Kalinski-1-1110x303.png\" \/>\n<meta name=\"twitter:card\" content=\"summary_large_image\" \/>\n<meta name=\"twitter:label1\" content=\"Szacowany czas czytania\" \/>\n\t<meta name=\"twitter:data1\" content=\"2 minuty\" \/>\n<script type=\"application\/ld+json\" class=\"yoast-schema-graph\">{\"@context\":\"https:\/\/schema.org\",\"@graph\":[{\"@type\":\"WebPage\",\"@id\":\"https:\/\/kalinski.pl\/serwis\/regeneracja-katalizatorow-i-filtrow-dpf-piotrkow-trybunalski\/\",\"url\":\"https:\/\/kalinski.pl\/serwis\/regeneracja-katalizatorow-i-filtrow-dpf-piotrkow-trybunalski\/\",\"name\":\"Regeneracja katalizator\u00f3w i filtr\u00f3w DPF Piotrk\u00f3w Trybunalski | Kali\u0144ski\",\"isPartOf\":{\"@id\":\"https:\/\/kalinski.pl\/serwis\/#website\"},\"primaryImageOfPage\":{\"@id\":\"https:\/\/kalinski.pl\/serwis\/regeneracja-katalizatorow-i-filtrow-dpf-piotrkow-trybunalski\/#primaryimage\"},\"image\":{\"@id\":\"https:\/\/kalinski.pl\/serwis\/regeneracja-katalizatorow-i-filtrow-dpf-piotrkow-trybunalski\/#primaryimage\"},\"thumbnailUrl\":\"https:\/\/kalinski.pl\/wp-content\/uploads\/Filtry_Kalinski-1-1110x303.png\",\"datePublished\":\"2020-11-04T09:08:26+00:00\",\"description\":\"Regeneracja katalizator\u00f3w i filtr\u00f3w DPF Piotrk\u00f3w Trybunalski to jedna z wykonywanych przez nas us\u0142ug, realizujemy j\u0105 stacjonarnie i wysy\u0142kowo.\",\"breadcrumb\":{\"@id\":\"https:\/\/kalinski.pl\/serwis\/regeneracja-katalizatorow-i-filtrow-dpf-piotrkow-trybunalski\/#breadcrumb\"},\"inLanguage\":\"pl-PL\",\"potentialAction\":[{\"@type\":\"ReadAction\",\"target\":[\"https:\/\/kalinski.pl\/serwis\/regeneracja-katalizatorow-i-filtrow-dpf-piotrkow-trybunalski\/\"]}]},{\"@type\":\"ImageObject\",\"inLanguage\":\"pl-PL\",\"@id\":\"https:\/\/kalinski.pl\/serwis\/regeneracja-katalizatorow-i-filtrow-dpf-piotrkow-trybunalski\/#primaryimage\",\"url\":\"https:\/\/kalinski.pl\/wp-content\/uploads\/Filtry_Kalinski-1-1110x303.png\",\"contentUrl\":\"https:\/\/kalinski.pl\/wp-content\/uploads\/Filtry_Kalinski-1-1110x303.png\"},{\"@type\":\"BreadcrumbList\",\"@id\":\"https:\/\/kalinski.pl\/serwis\/regeneracja-katalizatorow-i-filtrow-dpf-piotrkow-trybunalski\/#breadcrumb\",\"itemListElement\":[{\"@type\":\"ListItem\",\"position\":1,\"name\":\"Strona g\u0142\u00f3wna\",\"item\":\"https:\/\/kalinski.pl\/serwis\/\"},{\"@type\":\"ListItem\",\"position\":2,\"name\":\"Regeneracja katalizator\u00f3w i filtr\u00f3w DPF Piotrk\u00f3w Trybunalski\"}]},{\"@type\":\"WebSite\",\"@id\":\"https:\/\/kalinski.pl\/serwis\/#website\",\"url\":\"https:\/\/kalinski.pl\/serwis\/\",\"name\":\"Kali\u0144ski\",\"description\":\"Uk\u0142ady wydechowe\",\"publisher\":{\"@id\":\"https:\/\/kalinski.pl\/serwis\/#organization\"},\"potentialAction\":[{\"@type\":\"SearchAction\",\"target\":{\"@type\":\"EntryPoint\",\"urlTemplate\":\"https:\/\/kalinski.pl\/serwis\/?s={search_term_string}\"},\"query-input\":{\"@type\":\"PropertyValueSpecification\",\"valueRequired\":true,\"valueName\":\"search_term_string\"}}],\"inLanguage\":\"pl-PL\"},{\"@type\":\"Organization\",\"@id\":\"https:\/\/kalinski.pl\/serwis\/#organization\",\"name\":\"Kali\u0144ski\",\"url\":\"https:\/\/kalinski.pl\/serwis\/\",\"logo\":{\"@type\":\"ImageObject\",\"inLanguage\":\"pl-PL\",\"@id\":\"https:\/\/kalinski.pl\/serwis\/#\/schema\/logo\/image\/\",\"url\":\"https:\/\/kalinski.pl\/serwis\/wp-content\/uploads\/2019\/03\/cropped-logo_white.jpg\",\"contentUrl\":\"https:\/\/kalinski.pl\/serwis\/wp-content\/uploads\/2019\/03\/cropped-logo_white.jpg\",\"width\":240,\"height\":63,\"caption\":\"Kali\u0144ski\"},\"image\":{\"@id\":\"https:\/\/kalinski.pl\/serwis\/#\/schema\/logo\/image\/\"}}]}<\/script>\n<!-- \/ Yoast SEO plugin. -->","yoast_head_json":{"title":"Regeneracja katalizator\u00f3w i filtr\u00f3w DPF Piotrk\u00f3w Trybunalski | Kali\u0144ski","description":"Regeneracja katalizator\u00f3w i filtr\u00f3w DPF Piotrk\u00f3w Trybunalski to jedna z wykonywanych przez nas us\u0142ug, realizujemy j\u0105 stacjonarnie i wysy\u0142kowo.","robots":{"index":"index","follow":"follow","max-snippet":"max-snippet:-1","max-image-preview":"max-image-preview:large","max-video-preview":"max-video-preview:-1"},"canonical":"https:\/\/kalinski.pl\/serwis\/regeneracja-katalizatorow-i-filtrow-dpf-piotrkow-trybunalski\/","og_locale":"pl_PL","og_type":"article","og_title":"Regeneracja katalizator\u00f3w i filtr\u00f3w DPF Piotrk\u00f3w Trybunalski | Kali\u0144ski","og_description":"Regeneracja katalizator\u00f3w i filtr\u00f3w DPF Piotrk\u00f3w Trybunalski to jedna z wykonywanych przez nas us\u0142ug, realizujemy j\u0105 stacjonarnie i wysy\u0142kowo.","og_url":"https:\/\/kalinski.pl\/serwis\/regeneracja-katalizatorow-i-filtrow-dpf-piotrkow-trybunalski\/","og_site_name":"Kali\u0144ski","og_image":[{"url":"https:\/\/kalinski.pl\/wp-content\/uploads\/Filtry_Kalinski-1-1110x303.png","type":"","width":"","height":""}],"twitter_card":"summary_large_image","twitter_misc":{"Szacowany czas czytania":"2 minuty"},"schema":{"@context":"https:\/\/schema.org","@graph":[{"@type":"WebPage","@id":"https:\/\/kalinski.pl\/serwis\/regeneracja-katalizatorow-i-filtrow-dpf-piotrkow-trybunalski\/","url":"https:\/\/kalinski.pl\/serwis\/regeneracja-katalizatorow-i-filtrow-dpf-piotrkow-trybunalski\/","name":"Regeneracja katalizator\u00f3w i filtr\u00f3w DPF Piotrk\u00f3w Trybunalski | Kali\u0144ski","isPartOf":{"@id":"https:\/\/kalinski.pl\/serwis\/#website"},"primaryImageOfPage":{"@id":"https:\/\/kalinski.pl\/serwis\/regeneracja-katalizatorow-i-filtrow-dpf-piotrkow-trybunalski\/#primaryimage"},"image":{"@id":"https:\/\/kalinski.pl\/serwis\/regeneracja-katalizatorow-i-filtrow-dpf-piotrkow-trybunalski\/#primaryimage"},"thumbnailUrl":"https:\/\/kalinski.pl\/wp-content\/uploads\/Filtry_Kalinski-1-1110x303.png","datePublished":"2020-11-04T09:08:26+00:00","description":"Regeneracja katalizator\u00f3w i filtr\u00f3w DPF Piotrk\u00f3w Trybunalski to jedna z wykonywanych przez nas us\u0142ug, realizujemy j\u0105 stacjonarnie i wysy\u0142kowo.","breadcrumb":{"@id":"https:\/\/kalinski.pl\/serwis\/regeneracja-katalizatorow-i-filtrow-dpf-piotrkow-trybunalski\/#breadcrumb"},"inLanguage":"pl-PL","potentialAction":[{"@type":"ReadAction","target":["https:\/\/kalinski.pl\/serwis\/regeneracja-katalizatorow-i-filtrow-dpf-piotrkow-trybunalski\/"]}]},{"@type":"ImageObject","inLanguage":"pl-PL","@id":"https:\/\/kalinski.pl\/serwis\/regeneracja-katalizatorow-i-filtrow-dpf-piotrkow-trybunalski\/#primaryimage","url":"https:\/\/kalinski.pl\/wp-content\/uploads\/Filtry_Kalinski-1-1110x303.png","contentUrl":"https:\/\/kalinski.pl\/wp-content\/uploads\/Filtry_Kalinski-1-1110x303.png"},{"@type":"BreadcrumbList","@id":"https:\/\/kalinski.pl\/serwis\/regeneracja-katalizatorow-i-filtrow-dpf-piotrkow-trybunalski\/#breadcrumb","itemListElement":[{"@type":"ListItem","position":1,"name":"Strona g\u0142\u00f3wna","item":"https:\/\/kalinski.pl\/serwis\/"},{"@type":"ListItem","position":2,"name":"Regeneracja katalizator\u00f3w i filtr\u00f3w DPF Piotrk\u00f3w Trybunalski"}]},{"@type":"WebSite","@id":"https:\/\/kalinski.pl\/serwis\/#website","url":"https:\/\/kalinski.pl\/serwis\/","name":"Kali\u0144ski","description":"Uk\u0142ady wydechowe","publisher":{"@id":"https:\/\/kalinski.pl\/serwis\/#organization"},"potentialAction":[{"@type":"SearchAction","target":{"@type":"EntryPoint","urlTemplate":"https:\/\/kalinski.pl\/serwis\/?s={search_term_string}"},"query-input":{"@type":"PropertyValueSpecification","valueRequired":true,"valueName":"search_term_string"}}],"inLanguage":"pl-PL"},{"@type":"Organization","@id":"https:\/\/kalinski.pl\/serwis\/#organization","name":"Kali\u0144ski","url":"https:\/\/kalinski.pl\/serwis\/","logo":{"@type":"ImageObject","inLanguage":"pl-PL","@id":"https:\/\/kalinski.pl\/serwis\/#\/schema\/logo\/image\/","url":"https:\/\/kalinski.pl\/serwis\/wp-content\/uploads\/2019\/03\/cropped-logo_white.jpg","contentUrl":"https:\/\/kalinski.pl\/serwis\/wp-content\/uploads\/2019\/03\/cropped-logo_white.jpg","width":240,"height":63,"caption":"Kali\u0144ski"},"image":{"@id":"https:\/\/kalinski.pl\/serwis\/#\/schema\/logo\/image\/"}}]}},"_links":{"self":[{"href":"https:\/\/kalinski.pl\/serwis\/wp-json\/wp\/v2\/pages\/2734","targetHints":{"allow":["GET"]}}],"collection":[{"href":"https:\/\/kalinski.pl\/serwis\/wp-json\/wp\/v2\/pages"}],"about":[{"href":"https:\/\/kalinski.pl\/serwis\/wp-json\/wp\/v2\/types\/page"}],"author":[{"embeddable":true,"href":"https:\/\/kalinski.pl\/serwis\/wp-json\/wp\/v2\/users\/821795"}],"replies":[{"embeddable":true,"href":"https:\/\/kalinski.pl\/serwis\/wp-json\/wp\/v2\/comments?post=2734"}],"version-history":[{"count":0,"href":"https:\/\/kalinski.pl\/serwis\/wp-json\/wp\/v2\/pages\/2734\/revisions"}],"wp:attachment":[{"href":"https:\/\/kalinski.pl\/serwis\/wp-json\/wp\/v2\/media?parent=2734"}],"curies":[{"name":"wp","href":"https:\/\/api.w.org\/{rel}","templated":true}]}}