{"id":2732,"date":"2020-11-04T09:54:28","date_gmt":"2020-11-04T08:54:28","guid":{"rendered":"https:\/\/kalinski.pl\/?page_id=2732"},"modified":"2020-11-04T10:04:24","modified_gmt":"2020-11-04T09:04:24","slug":"regeneracja-katalizatorow-i-filtrow-dpf-pila","status":"publish","type":"page","link":"https:\/\/kalinski.pl\/serwis\/regeneracja-katalizatorow-i-filtrow-dpf-pila\/","title":{"rendered":"Regeneracja katalizator\u00f3w i filtr\u00f3w DPF Pi\u0142a"},"content":{"rendered":"\r\n<figure class=\"wp-block-image size-large\"><img fetchpriority=\"high\" decoding=\"async\" width=\"1110\" height=\"303\" class=\"wp-image-1568\" src=\"https:\/\/kalinski.pl\/wp-content\/uploads\/Filtry_Kalinski-1-1110x303.png\" alt=\"\"><\/figure>\r\n\r\n<p style=\"margin-top: 25px;\" align=\"justify\">Czy <strong>regeneracja katalizator\u00f3w &#8211; Pi\u0142a<\/strong> to us\u0142uga, kt\u00f3rej Pa\u0144stwo potrzebuj\u0105? Katalizator to element uk\u0142adu wydechowego pojazdu spalinowego, kt\u00f3ry poprawia jako\u015b\u0107 powietrza eliminuj\u0105c lub minimalizuj\u0105c emisj\u0119 spalin. Ale pod wp\u0142ywem eksploatacji auta (osobowego lub ci\u0119\u017carowego), maszyny rolniczej gromadz\u0105 si\u0119 w katalizatorach i filtrach zabrudzenia oraz sadza, kt\u00f3re mog\u0105 spowodowa\u0107 s\u0142absze dzia\u0142anie tych cz\u0119\u015bci. Zu\u017cyte cz\u0119\u015bci mo\u017cna zast\u0105pi\u0107 nowymi lub podda\u0107 je regeneracji. Na czym polega <strong>czyszczenie katalizator\u00f3w &#8211; Pi\u0142a?<\/strong> To <strong>wypalanie katalizator\u00f3w (Pi\u0142a)<\/strong>, podczas kt\u00f3rego cz\u0119\u015bci zostaj\u0105 oczyszczone z drobinek sadzy, a tak\u017ce innych zanieczyszcze\u0144 za pomoc\u0105 specjalnego pieca. W naszej firmie u\u017cywamy najlepszego pieca specjalistycznego, kt\u00f3ry rekomendowany jest przez najwi\u0119ksze i najbardziej licz\u0105ce si\u0119 w \u015bwiecie motoryzacji, marki producent\u00f3w aut i cz\u0119\u015bci samochodowych. Wypalanie to najefektywniejszy spos\u00f3b na pozbycie si\u0119 sadzy. W wysokiej temperaturze, \u201cna sucho\u201d cz\u0119\u015bci przetrzymywane s\u0105 w piecu, dzi\u0119ki czemu sadza, kt\u00f3ra osiad\u0142a w mikrokanalikach, spala si\u0119. Uzyskany w ten spos\u00f3b popi\u00f3\u0142 wydmuchujemy u\u017cywaj\u0105c do tego spr\u0119\u017conego powietrza. Nie korzystamy z innej metody wykorzystuj\u0105cej wod\u0119, gdy\u017c uwa\u017camy, \u017ce podczas p\u0142ukania usuwane zostaj\u0105 nie tylko zabrudzenia, ale tak\u017ce wa\u017cne metale, niezb\u0119dne w pracy filtr\u00f3w. Czyszczenie katalizator\u00f3w mo\u017cna wykona\u0107 r\u00f3wnie\u017c poprzez wymian\u0119 wk\u0142ad\u00f3w ceramicznych, takie proces realizuje si\u0119 w katalizatorach pojazd\u00f3w osobowych.<\/p>\r\n<p align=\"justify\"><strong>Czyszczenie filtr\u00f3w DPF Pi\u0142a<\/strong> to proces potrzebny do tego, aby Pa\u0144stwa auto funkcjonowa\u0142o bez problem\u00f3w. Sprawne filtry i katalizatory s\u0105 istotne zw\u0142aszcza w dalekich podr\u00f3\u017cach, podczas kt\u00f3rych minimalizuj\u0105 Pa\u0144stwo emisj\u0119 spalin, dzi\u0119ki czemu dbacie o zdrowie oraz \u015brodowisko. W firmie Kali\u0144ski <strong>regeneracja DPF &#8211; Pi\u0142a<\/strong> odbywa si\u0119 na najwy\u017cszym poziomie, poniewa\u017c zajmuje si\u0119 ni\u0105 zesp\u00f3\u0142 odpowiedzialnych i profesjonalnych pracownik\u00f3w, kt\u00f3rzy z oddaniem ch\u0142on\u0105 wiedz\u0119 podczas wielu lat zdobytego do\u015bwiadczenia.<\/p>\r\n<p align=\"justify\">Aby skorzysta\u0107 z naszych us\u0142ug wystarczy przekaza\u0107 nam filtry DPF i katalizatory do regeneracji. Sprawdzimy ich stan i zadecydujemy, czy wystarczy czyszczenie, czy lepiej jest zakupi\u0107 ca\u0142kiem nowe cz\u0119\u015bci. Pomo\u017cemy Ci w bezpiecznej i przyjaznej \u015brodowisku je\u017adzie. Z naszymi us\u0142ugami oraz produktami docieramy bowiem wsz\u0119dzie tam, gdzie jest w stanie dojecha\u0107 kurier. Dlatego nie ma dla nas przeszk\u00f3d, aby dotrze\u0107 r\u00f3wnie\u017c do Pa\u0144stwa.<\/p>\r\n\r\n<div class=\"wp-block-columns is-layout-flex wp-container-core-columns-is-layout-1 wp-block-columns-is-layout-flex\">\r\n<div class=\"wp-block-column is-layout-flow wp-block-column-is-layout-flow\">\r\n<p><strong>Kali\u0144ski<\/strong><\/p>\r\n\r\n\r\n<p>ul. Szamotulska 40<\/p>\r\n\r\n\r\n<p>62-081 Chyby \/ Pozna\u0144<\/p>\r\n\r\n\r\n<p><strong>Sklep internetowy<\/strong><\/p>\r\n\r\n\r\n<p><a href=\"tel:0048691545545\">+48 691 545 545<\/a><\/p>\r\n\r\n\r\n<p><a>sklep@kalinski.pl<\/a><\/p>\r\n\r\n\r\n<p><strong>Serwis stacjonarny<\/strong><\/p>\r\n\r\n\r\n<p><a href=\"tel:004861 8142777\">+48 61 814 27 77<\/a><\/p>\r\n\r\n\r\n<p><a>serwis@kalinski.pl<\/a><\/p>\r\n<\/div>\r\n\r\n\r\n<div class=\"wp-block-column is-layout-flow wp-block-column-is-layout-flow\"> [contact-form-7 id=&#8221;2271&#8243; title=&#8221;Formularz 1_copy&#8221;] <\/div>\r\n<\/div>\r\n\r\n\r\n<p><iframe style=\"border: 0;\" tabindex=\"0\" src=\"https:\/\/www.google.com\/maps\/embed?pb=!1m18!1m12!1m3!1d2431.024961043721!2d16.7608539158053!3d52.460575379803046!2m3!1f0!2f0!3f0!3m2!1i1024!2i768!4f13.1!3m3!1m2!1s0x470441321c9562cb%3A0xee0284f60b138572!2sSzamotulska%2040%2C%2062-081%20Chyby!5e0!3m2!1spl!2spl!4v1598862248906!5m2!1spl!2spl\" width=\"100%\" height=\"400\" frameborder=\"0\" allowfullscreen=\"allowfullscreen\" aria-hidden=\"false\"><span data-mce-type=\"bookmark\" style=\"display: inline-block; width: 0px; overflow: hidden; line-height: 0;\" class=\"mce_SELRES_start\">\ufeff<\/span><\/iframe><\/p>\r\n\r\n","protected":false},"excerpt":{"rendered":"<p>Czy regeneracja katalizator\u00f3w &#8211; Pi\u0142a to us\u0142uga, kt\u00f3rej Pa\u0144stwo potrzebuj\u0105? Katalizator to element uk\u0142adu wydechowego pojazdu spalinowego, kt\u00f3ry poprawia jako\u015b\u0107 powietrza eliminuj\u0105c lub minimalizuj\u0105c emisj\u0119 spalin. Ale pod wp\u0142ywem eksploatacji auta (osobowego lub ci\u0119\u017carowego), maszyny rolniczej gromadz\u0105 si\u0119 w katalizatorach i filtrach zabrudzenia oraz sadza, kt\u00f3re mog\u0105 spowodowa\u0107 s\u0142absze dzia\u0142anie tych cz\u0119\u015bci. Zu\u017cyte cz\u0119\u015bci mo\u017cna &hellip; <a href=\"https:\/\/kalinski.pl\/serwis\/regeneracja-katalizatorow-i-filtrow-dpf-pila\/\" class=\"more-link\">Czytaj dalej<span class=\"screen-reader-text\"> Regeneracja katalizator\u00f3w i filtr\u00f3w DPF Pi\u0142a<\/span><\/a><\/p>\n","protected":false},"author":821795,"featured_media":0,"parent":0,"menu_order":0,"comment_status":"closed","ping_status":"closed","template":"","meta":{"footnotes":""},"class_list":["post-2732","page","type-page","status-publish","hentry"],"yoast_head":"<!-- This site is optimized with the Yoast SEO plugin v26.7 - https:\/\/yoast.com\/wordpress\/plugins\/seo\/ -->\n<title>Regeneracja katalizator\u00f3w i filtr\u00f3w DPF Pi\u0142a | Kali\u0144ski<\/title>\n<meta name=\"description\" content=\"Specjalizujemy si\u0119 w uk\u0142adach wydechowych, a jedn\u0105 z najcz\u0119\u015bniej wykonywanych us\u0142ug jest regeneracja katalizator\u00f3w i filtr\u00f3w DPF Pi\u0142a.\" \/>\n<meta name=\"robots\" content=\"index, follow, max-snippet:-1, max-image-preview:large, max-video-preview:-1\" \/>\n<link rel=\"canonical\" href=\"https:\/\/kalinski.pl\/serwis\/regeneracja-katalizatorow-i-filtrow-dpf-pila\/\" \/>\n<meta property=\"og:locale\" content=\"pl_PL\" \/>\n<meta property=\"og:type\" content=\"article\" \/>\n<meta property=\"og:title\" content=\"Regeneracja katalizator\u00f3w i filtr\u00f3w DPF Pi\u0142a | Kali\u0144ski\" \/>\n<meta property=\"og:description\" content=\"Specjalizujemy si\u0119 w uk\u0142adach wydechowych, a jedn\u0105 z najcz\u0119\u015bniej wykonywanych us\u0142ug jest regeneracja katalizator\u00f3w i filtr\u00f3w DPF Pi\u0142a.\" \/>\n<meta property=\"og:url\" content=\"https:\/\/kalinski.pl\/serwis\/regeneracja-katalizatorow-i-filtrow-dpf-pila\/\" \/>\n<meta property=\"og:site_name\" content=\"Kali\u0144ski\" \/>\n<meta property=\"article:modified_time\" content=\"2020-11-04T09:04:24+00:00\" \/>\n<meta property=\"og:image\" content=\"https:\/\/kalinski.pl\/wp-content\/uploads\/Filtry_Kalinski-1-1110x303.png\" \/>\n<meta name=\"twitter:card\" content=\"summary_large_image\" \/>\n<meta name=\"twitter:label1\" content=\"Szacowany czas czytania\" \/>\n\t<meta name=\"twitter:data1\" content=\"2 minuty\" \/>\n<script type=\"application\/ld+json\" class=\"yoast-schema-graph\">{\"@context\":\"https:\/\/schema.org\",\"@graph\":[{\"@type\":\"WebPage\",\"@id\":\"https:\/\/kalinski.pl\/serwis\/regeneracja-katalizatorow-i-filtrow-dpf-pila\/\",\"url\":\"https:\/\/kalinski.pl\/serwis\/regeneracja-katalizatorow-i-filtrow-dpf-pila\/\",\"name\":\"Regeneracja katalizator\u00f3w i filtr\u00f3w DPF Pi\u0142a | Kali\u0144ski\",\"isPartOf\":{\"@id\":\"https:\/\/kalinski.pl\/serwis\/#website\"},\"primaryImageOfPage\":{\"@id\":\"https:\/\/kalinski.pl\/serwis\/regeneracja-katalizatorow-i-filtrow-dpf-pila\/#primaryimage\"},\"image\":{\"@id\":\"https:\/\/kalinski.pl\/serwis\/regeneracja-katalizatorow-i-filtrow-dpf-pila\/#primaryimage\"},\"thumbnailUrl\":\"https:\/\/kalinski.pl\/wp-content\/uploads\/Filtry_Kalinski-1-1110x303.png\",\"datePublished\":\"2020-11-04T08:54:28+00:00\",\"dateModified\":\"2020-11-04T09:04:24+00:00\",\"description\":\"Specjalizujemy si\u0119 w uk\u0142adach wydechowych, a jedn\u0105 z najcz\u0119\u015bniej wykonywanych us\u0142ug jest regeneracja katalizator\u00f3w i filtr\u00f3w DPF Pi\u0142a.\",\"breadcrumb\":{\"@id\":\"https:\/\/kalinski.pl\/serwis\/regeneracja-katalizatorow-i-filtrow-dpf-pila\/#breadcrumb\"},\"inLanguage\":\"pl-PL\",\"potentialAction\":[{\"@type\":\"ReadAction\",\"target\":[\"https:\/\/kalinski.pl\/serwis\/regeneracja-katalizatorow-i-filtrow-dpf-pila\/\"]}]},{\"@type\":\"ImageObject\",\"inLanguage\":\"pl-PL\",\"@id\":\"https:\/\/kalinski.pl\/serwis\/regeneracja-katalizatorow-i-filtrow-dpf-pila\/#primaryimage\",\"url\":\"https:\/\/kalinski.pl\/wp-content\/uploads\/Filtry_Kalinski-1-1110x303.png\",\"contentUrl\":\"https:\/\/kalinski.pl\/wp-content\/uploads\/Filtry_Kalinski-1-1110x303.png\"},{\"@type\":\"BreadcrumbList\",\"@id\":\"https:\/\/kalinski.pl\/serwis\/regeneracja-katalizatorow-i-filtrow-dpf-pila\/#breadcrumb\",\"itemListElement\":[{\"@type\":\"ListItem\",\"position\":1,\"name\":\"Strona g\u0142\u00f3wna\",\"item\":\"https:\/\/kalinski.pl\/serwis\/\"},{\"@type\":\"ListItem\",\"position\":2,\"name\":\"Regeneracja katalizator\u00f3w i filtr\u00f3w DPF Pi\u0142a\"}]},{\"@type\":\"WebSite\",\"@id\":\"https:\/\/kalinski.pl\/serwis\/#website\",\"url\":\"https:\/\/kalinski.pl\/serwis\/\",\"name\":\"Kali\u0144ski\",\"description\":\"Uk\u0142ady wydechowe\",\"publisher\":{\"@id\":\"https:\/\/kalinski.pl\/serwis\/#organization\"},\"potentialAction\":[{\"@type\":\"SearchAction\",\"target\":{\"@type\":\"EntryPoint\",\"urlTemplate\":\"https:\/\/kalinski.pl\/serwis\/?s={search_term_string}\"},\"query-input\":{\"@type\":\"PropertyValueSpecification\",\"valueRequired\":true,\"valueName\":\"search_term_string\"}}],\"inLanguage\":\"pl-PL\"},{\"@type\":\"Organization\",\"@id\":\"https:\/\/kalinski.pl\/serwis\/#organization\",\"name\":\"Kali\u0144ski\",\"url\":\"https:\/\/kalinski.pl\/serwis\/\",\"logo\":{\"@type\":\"ImageObject\",\"inLanguage\":\"pl-PL\",\"@id\":\"https:\/\/kalinski.pl\/serwis\/#\/schema\/logo\/image\/\",\"url\":\"https:\/\/kalinski.pl\/serwis\/wp-content\/uploads\/2019\/03\/cropped-logo_white.jpg\",\"contentUrl\":\"https:\/\/kalinski.pl\/serwis\/wp-content\/uploads\/2019\/03\/cropped-logo_white.jpg\",\"width\":240,\"height\":63,\"caption\":\"Kali\u0144ski\"},\"image\":{\"@id\":\"https:\/\/kalinski.pl\/serwis\/#\/schema\/logo\/image\/\"}}]}<\/script>\n<!-- \/ Yoast SEO plugin. -->","yoast_head_json":{"title":"Regeneracja katalizator\u00f3w i filtr\u00f3w DPF Pi\u0142a | Kali\u0144ski","description":"Specjalizujemy si\u0119 w uk\u0142adach wydechowych, a jedn\u0105 z najcz\u0119\u015bniej wykonywanych us\u0142ug jest regeneracja katalizator\u00f3w i filtr\u00f3w DPF Pi\u0142a.","robots":{"index":"index","follow":"follow","max-snippet":"max-snippet:-1","max-image-preview":"max-image-preview:large","max-video-preview":"max-video-preview:-1"},"canonical":"https:\/\/kalinski.pl\/serwis\/regeneracja-katalizatorow-i-filtrow-dpf-pila\/","og_locale":"pl_PL","og_type":"article","og_title":"Regeneracja katalizator\u00f3w i filtr\u00f3w DPF Pi\u0142a | Kali\u0144ski","og_description":"Specjalizujemy si\u0119 w uk\u0142adach wydechowych, a jedn\u0105 z najcz\u0119\u015bniej wykonywanych us\u0142ug jest regeneracja katalizator\u00f3w i filtr\u00f3w DPF Pi\u0142a.","og_url":"https:\/\/kalinski.pl\/serwis\/regeneracja-katalizatorow-i-filtrow-dpf-pila\/","og_site_name":"Kali\u0144ski","article_modified_time":"2020-11-04T09:04:24+00:00","og_image":[{"url":"https:\/\/kalinski.pl\/wp-content\/uploads\/Filtry_Kalinski-1-1110x303.png","type":"","width":"","height":""}],"twitter_card":"summary_large_image","twitter_misc":{"Szacowany czas czytania":"2 minuty"},"schema":{"@context":"https:\/\/schema.org","@graph":[{"@type":"WebPage","@id":"https:\/\/kalinski.pl\/serwis\/regeneracja-katalizatorow-i-filtrow-dpf-pila\/","url":"https:\/\/kalinski.pl\/serwis\/regeneracja-katalizatorow-i-filtrow-dpf-pila\/","name":"Regeneracja katalizator\u00f3w i filtr\u00f3w DPF Pi\u0142a | Kali\u0144ski","isPartOf":{"@id":"https:\/\/kalinski.pl\/serwis\/#website"},"primaryImageOfPage":{"@id":"https:\/\/kalinski.pl\/serwis\/regeneracja-katalizatorow-i-filtrow-dpf-pila\/#primaryimage"},"image":{"@id":"https:\/\/kalinski.pl\/serwis\/regeneracja-katalizatorow-i-filtrow-dpf-pila\/#primaryimage"},"thumbnailUrl":"https:\/\/kalinski.pl\/wp-content\/uploads\/Filtry_Kalinski-1-1110x303.png","datePublished":"2020-11-04T08:54:28+00:00","dateModified":"2020-11-04T09:04:24+00:00","description":"Specjalizujemy si\u0119 w uk\u0142adach wydechowych, a jedn\u0105 z najcz\u0119\u015bniej wykonywanych us\u0142ug jest regeneracja katalizator\u00f3w i filtr\u00f3w DPF Pi\u0142a.","breadcrumb":{"@id":"https:\/\/kalinski.pl\/serwis\/regeneracja-katalizatorow-i-filtrow-dpf-pila\/#breadcrumb"},"inLanguage":"pl-PL","potentialAction":[{"@type":"ReadAction","target":["https:\/\/kalinski.pl\/serwis\/regeneracja-katalizatorow-i-filtrow-dpf-pila\/"]}]},{"@type":"ImageObject","inLanguage":"pl-PL","@id":"https:\/\/kalinski.pl\/serwis\/regeneracja-katalizatorow-i-filtrow-dpf-pila\/#primaryimage","url":"https:\/\/kalinski.pl\/wp-content\/uploads\/Filtry_Kalinski-1-1110x303.png","contentUrl":"https:\/\/kalinski.pl\/wp-content\/uploads\/Filtry_Kalinski-1-1110x303.png"},{"@type":"BreadcrumbList","@id":"https:\/\/kalinski.pl\/serwis\/regeneracja-katalizatorow-i-filtrow-dpf-pila\/#breadcrumb","itemListElement":[{"@type":"ListItem","position":1,"name":"Strona g\u0142\u00f3wna","item":"https:\/\/kalinski.pl\/serwis\/"},{"@type":"ListItem","position":2,"name":"Regeneracja katalizator\u00f3w i filtr\u00f3w DPF Pi\u0142a"}]},{"@type":"WebSite","@id":"https:\/\/kalinski.pl\/serwis\/#website","url":"https:\/\/kalinski.pl\/serwis\/","name":"Kali\u0144ski","description":"Uk\u0142ady wydechowe","publisher":{"@id":"https:\/\/kalinski.pl\/serwis\/#organization"},"potentialAction":[{"@type":"SearchAction","target":{"@type":"EntryPoint","urlTemplate":"https:\/\/kalinski.pl\/serwis\/?s={search_term_string}"},"query-input":{"@type":"PropertyValueSpecification","valueRequired":true,"valueName":"search_term_string"}}],"inLanguage":"pl-PL"},{"@type":"Organization","@id":"https:\/\/kalinski.pl\/serwis\/#organization","name":"Kali\u0144ski","url":"https:\/\/kalinski.pl\/serwis\/","logo":{"@type":"ImageObject","inLanguage":"pl-PL","@id":"https:\/\/kalinski.pl\/serwis\/#\/schema\/logo\/image\/","url":"https:\/\/kalinski.pl\/serwis\/wp-content\/uploads\/2019\/03\/cropped-logo_white.jpg","contentUrl":"https:\/\/kalinski.pl\/serwis\/wp-content\/uploads\/2019\/03\/cropped-logo_white.jpg","width":240,"height":63,"caption":"Kali\u0144ski"},"image":{"@id":"https:\/\/kalinski.pl\/serwis\/#\/schema\/logo\/image\/"}}]}},"_links":{"self":[{"href":"https:\/\/kalinski.pl\/serwis\/wp-json\/wp\/v2\/pages\/2732","targetHints":{"allow":["GET"]}}],"collection":[{"href":"https:\/\/kalinski.pl\/serwis\/wp-json\/wp\/v2\/pages"}],"about":[{"href":"https:\/\/kalinski.pl\/serwis\/wp-json\/wp\/v2\/types\/page"}],"author":[{"embeddable":true,"href":"https:\/\/kalinski.pl\/serwis\/wp-json\/wp\/v2\/users\/821795"}],"replies":[{"embeddable":true,"href":"https:\/\/kalinski.pl\/serwis\/wp-json\/wp\/v2\/comments?post=2732"}],"version-history":[{"count":0,"href":"https:\/\/kalinski.pl\/serwis\/wp-json\/wp\/v2\/pages\/2732\/revisions"}],"wp:attachment":[{"href":"https:\/\/kalinski.pl\/serwis\/wp-json\/wp\/v2\/media?parent=2732"}],"curies":[{"name":"wp","href":"https:\/\/api.w.org\/{rel}","templated":true}]}}