{"id":2730,"date":"2020-11-04T08:39:35","date_gmt":"2020-11-04T07:39:35","guid":{"rendered":"https:\/\/kalinski.pl\/?page_id=2730"},"modified":"2020-11-04T08:39:35","modified_gmt":"2020-11-04T07:39:35","slug":"regeneracja-katalizatorow-i-filtrow-dpf-olkusz","status":"publish","type":"page","link":"https:\/\/kalinski.pl\/serwis\/regeneracja-katalizatorow-i-filtrow-dpf-olkusz\/","title":{"rendered":"Regeneracja katalizator\u00f3w i filtr\u00f3w DPF Olkusz"},"content":{"rendered":"\r\n<figure class=\"wp-block-image size-large\"><img fetchpriority=\"high\" decoding=\"async\" width=\"1110\" height=\"303\" class=\"wp-image-1568\" src=\"https:\/\/kalinski.pl\/wp-content\/uploads\/Filtry_Kalinski-1-1110x303.png\" alt=\"\"><\/figure>\r\n\r\n<p style=\"margin-top: 25px;\" align=\"justify\">Jednym z element\u00f3w uk\u0142adu wydechowego, kt\u00f3ry znacznie wp\u0142ywa na jako\u015b\u0107 powietrza jest katalizator oraz wsp\u00f3\u0142dzia\u0142aj\u0105ce z nim filtry DPF. Z powodu eksploatacji pojazdu spalinowego: auta osobowego, auta ci\u0119\u017carowego lub maszyny rolniczej, na cz\u0119\u015bciach tych osiada sadza i inne zanieczyszczenia, kt\u00f3re utrudniaj\u0105 ich prac\u0119. Aby przywr\u00f3ci\u0107 ich poprawne funkcjonowanie nale\u017cy wymieni\u0107 zu\u017cyte cz\u0119\u015bci na zupe\u0142nie nowe lub powierzy\u0107 je firmie Kali\u0144ski w celu regeneracji.<\/p>\r\n<p align=\"justify\"><strong>Regeneracja katalizator\u00f3w (Olkusz)<\/strong> to us\u0142uga polegaj\u0105ca na czyszczeniu cz\u0119\u015bci uk\u0142adu wydechowego z zalegaj\u0105cych w nich drobinek sadzy. Takie czyszczenie katalizator\u00f3w (Olkusz) odbywa si\u0119 kilkoma metodami, jednak firma Kali\u0144ski po wielu latach do\u015bwiadczenia wie ju\u017c, \u017ce najskuteczniejsze jest <strong>wypalanie katalizator\u00f3w (Olkusz)<\/strong>, podczas kt\u00f3rego u\u017cywany jest specjalny piec marki Hartridge. Piec ten rekomendowany jest przez najwi\u0119kszych i najwa\u017cniejszych producent\u00f3w samochod\u00f3w i cz\u0119\u015bci samochodowych. W urz\u0105dzeniu tym cz\u0119\u015bci poddawane obr\u00f3bce przez wysokie temperatury i wypalane \u201cna sucho\u201d, dzi\u0119ki czemu zgromadzona w mikrokanalikach sadza spala si\u0119, a popi\u00f3\u0142, kt\u00f3ry po niej zostaje wydmuchiwany jest spr\u0119\u017conym powietrzem. W ten spos\u00f3b po zanieczyszczeniach w katalizatorach i filtrach DPF nie ma \u015bladu. Podczas us\u0142ugi <strong>regeneracja DPF (Olkusz)<\/strong> nie korzystamy z metody wyp\u0142ukiwania sadzy wod\u0105, poniewa\u017c podczas tego procesu usuwane s\u0105 r\u00f3wnie\u017c niezb\u0119dne do prawid\u0142owego funkcjonowania filtr\u00f3w, metale. Katalizatory w pojazdach osobowych natomiast s\u0105 poddawane regeneracji poprzez wymian\u0119 wk\u0142ad\u00f3w ceramicznych w \u015brodku.<\/p>\r\n<p align=\"justify\"><strong>Czyszczenie filtr\u00f3w DPF Olkusz<\/strong> to dzia\u0142anie niezb\u0119dne, je\u015bli chc\u0105 Pa\u0144stwo utrzyma\u0107 katalizatory i filtry w dobrym stanie, aby skutecznie eliminowa\u0142y szkodliwe spaliny ze \u015brodowiska. Prawid\u0142owe ich dzia\u0142anie jest niezb\u0119dne, zw\u0142aszcza podczas d\u0142u\u017cszych podr\u00f3\u017cy, dlatego powierzenie nam cz\u0119\u015bci swojego auta to zdecydowanie dobra decyzja. Nasza us\u0142uga wykonywana jest na najwy\u017cszym poziomie, wynika to z wiedzy i do\u015bwiadczenia, kt\u00f3re zdobywamy od wielu ju\u017c lat. Dzia\u0142amy zdalnie w ca\u0142ej Polsce, z naszymi us\u0142ugami i produktami docieramy do ka\u017cdego zak\u0105tka &#8211; wsz\u0119dzie tam, gdzie jest w stanie dotrze\u0107 kurier. Dlatego wyb\u00f3r firmy Kali\u0144ski to zawsze dobry wyb\u00f3r.<\/p>\r\n\r\n<div class=\"wp-block-columns is-layout-flex wp-container-core-columns-is-layout-1 wp-block-columns-is-layout-flex\">\r\n<div class=\"wp-block-column is-layout-flow wp-block-column-is-layout-flow\">\r\n<p><strong>Kali\u0144ski<\/strong><\/p>\r\n\r\n\r\n<p>ul. Szamotulska 40<\/p>\r\n\r\n\r\n<p>62-081 Chyby \/ Pozna\u0144<\/p>\r\n\r\n\r\n<p><strong>Sklep internetowy<\/strong><\/p>\r\n\r\n\r\n<p><a href=\"tel:0048691545545\">+48 691 545 545<\/a><\/p>\r\n\r\n\r\n<p><a>sklep@kalinski.pl<\/a><\/p>\r\n\r\n\r\n<p><strong>Serwis stacjonarny<\/strong><\/p>\r\n\r\n\r\n<p><a href=\"tel:004861 8142777\">+48 61 814 27 77<\/a><\/p>\r\n\r\n\r\n<p><a>serwis@kalinski.pl<\/a><\/p>\r\n<\/div>\r\n\r\n\r\n<div class=\"wp-block-column is-layout-flow wp-block-column-is-layout-flow\"> [contact-form-7 id=&#8221;2271&#8243; title=&#8221;Formularz 1_copy&#8221;] <\/div>\r\n<\/div>\r\n\r\n\r\n<p><iframe style=\"border: 0;\" tabindex=\"0\" src=\"https:\/\/www.google.com\/maps\/embed?pb=!1m18!1m12!1m3!1d2431.024961043721!2d16.7608539158053!3d52.460575379803046!2m3!1f0!2f0!3f0!3m2!1i1024!2i768!4f13.1!3m3!1m2!1s0x470441321c9562cb%3A0xee0284f60b138572!2sSzamotulska%2040%2C%2062-081%20Chyby!5e0!3m2!1spl!2spl!4v1598862248906!5m2!1spl!2spl\" width=\"100%\" height=\"400\" frameborder=\"0\" allowfullscreen=\"allowfullscreen\" aria-hidden=\"false\"><span data-mce-type=\"bookmark\" style=\"display: inline-block; width: 0px; overflow: hidden; line-height: 0;\" class=\"mce_SELRES_start\">\ufeff<\/span><\/iframe><\/p>\r\n\r\n","protected":false},"excerpt":{"rendered":"<p>Jednym z element\u00f3w uk\u0142adu wydechowego, kt\u00f3ry znacznie wp\u0142ywa na jako\u015b\u0107 powietrza jest katalizator oraz wsp\u00f3\u0142dzia\u0142aj\u0105ce z nim filtry DPF. Z powodu eksploatacji pojazdu spalinowego: auta osobowego, auta ci\u0119\u017carowego lub maszyny rolniczej, na cz\u0119\u015bciach tych osiada sadza i inne zanieczyszczenia, kt\u00f3re utrudniaj\u0105 ich prac\u0119. Aby przywr\u00f3ci\u0107 ich poprawne funkcjonowanie nale\u017cy wymieni\u0107 zu\u017cyte cz\u0119\u015bci na zupe\u0142nie nowe &hellip; <a href=\"https:\/\/kalinski.pl\/serwis\/regeneracja-katalizatorow-i-filtrow-dpf-olkusz\/\" class=\"more-link\">Czytaj dalej<span class=\"screen-reader-text\"> Regeneracja katalizator\u00f3w i filtr\u00f3w DPF Olkusz<\/span><\/a><\/p>\n","protected":false},"author":821795,"featured_media":0,"parent":0,"menu_order":0,"comment_status":"closed","ping_status":"closed","template":"","meta":{"footnotes":""},"class_list":["post-2730","page","type-page","status-publish","hentry"],"yoast_head":"<!-- This site is optimized with the Yoast SEO plugin v26.7 - https:\/\/yoast.com\/wordpress\/plugins\/seo\/ -->\n<title>Regeneracja katalizator\u00f3w i filtr\u00f3w DPF Olkusz | Kali\u0144ski<\/title>\n<meta name=\"description\" content=\"Regeneracja katalizator\u00f3w i filtr\u00f3w DPF Olkusz jest jed\u0105 z us\u0142ug, kt\u00f3re \u015bwiadczymy zar\u00f3wno zdalnie jak i wysy\u0142kowo.\" \/>\n<meta name=\"robots\" content=\"index, follow, max-snippet:-1, max-image-preview:large, max-video-preview:-1\" \/>\n<link rel=\"canonical\" href=\"https:\/\/kalinski.pl\/serwis\/regeneracja-katalizatorow-i-filtrow-dpf-olkusz\/\" \/>\n<meta property=\"og:locale\" content=\"pl_PL\" \/>\n<meta property=\"og:type\" content=\"article\" \/>\n<meta property=\"og:title\" content=\"Regeneracja katalizator\u00f3w i filtr\u00f3w DPF Olkusz | Kali\u0144ski\" \/>\n<meta property=\"og:description\" content=\"Regeneracja katalizator\u00f3w i filtr\u00f3w DPF Olkusz jest jed\u0105 z us\u0142ug, kt\u00f3re \u015bwiadczymy zar\u00f3wno zdalnie jak i wysy\u0142kowo.\" \/>\n<meta property=\"og:url\" content=\"https:\/\/kalinski.pl\/serwis\/regeneracja-katalizatorow-i-filtrow-dpf-olkusz\/\" \/>\n<meta property=\"og:site_name\" content=\"Kali\u0144ski\" \/>\n<meta property=\"og:image\" content=\"https:\/\/kalinski.pl\/wp-content\/uploads\/Filtry_Kalinski-1-1110x303.png\" \/>\n<meta name=\"twitter:card\" content=\"summary_large_image\" \/>\n<meta name=\"twitter:label1\" content=\"Szacowany czas czytania\" \/>\n\t<meta name=\"twitter:data1\" content=\"2 minuty\" \/>\n<script type=\"application\/ld+json\" class=\"yoast-schema-graph\">{\"@context\":\"https:\/\/schema.org\",\"@graph\":[{\"@type\":\"WebPage\",\"@id\":\"https:\/\/kalinski.pl\/serwis\/regeneracja-katalizatorow-i-filtrow-dpf-olkusz\/\",\"url\":\"https:\/\/kalinski.pl\/serwis\/regeneracja-katalizatorow-i-filtrow-dpf-olkusz\/\",\"name\":\"Regeneracja katalizator\u00f3w i filtr\u00f3w DPF Olkusz | Kali\u0144ski\",\"isPartOf\":{\"@id\":\"https:\/\/kalinski.pl\/serwis\/#website\"},\"primaryImageOfPage\":{\"@id\":\"https:\/\/kalinski.pl\/serwis\/regeneracja-katalizatorow-i-filtrow-dpf-olkusz\/#primaryimage\"},\"image\":{\"@id\":\"https:\/\/kalinski.pl\/serwis\/regeneracja-katalizatorow-i-filtrow-dpf-olkusz\/#primaryimage\"},\"thumbnailUrl\":\"https:\/\/kalinski.pl\/wp-content\/uploads\/Filtry_Kalinski-1-1110x303.png\",\"datePublished\":\"2020-11-04T07:39:35+00:00\",\"description\":\"Regeneracja katalizator\u00f3w i filtr\u00f3w DPF Olkusz jest jed\u0105 z us\u0142ug, kt\u00f3re \u015bwiadczymy zar\u00f3wno zdalnie jak i wysy\u0142kowo.\",\"breadcrumb\":{\"@id\":\"https:\/\/kalinski.pl\/serwis\/regeneracja-katalizatorow-i-filtrow-dpf-olkusz\/#breadcrumb\"},\"inLanguage\":\"pl-PL\",\"potentialAction\":[{\"@type\":\"ReadAction\",\"target\":[\"https:\/\/kalinski.pl\/serwis\/regeneracja-katalizatorow-i-filtrow-dpf-olkusz\/\"]}]},{\"@type\":\"ImageObject\",\"inLanguage\":\"pl-PL\",\"@id\":\"https:\/\/kalinski.pl\/serwis\/regeneracja-katalizatorow-i-filtrow-dpf-olkusz\/#primaryimage\",\"url\":\"https:\/\/kalinski.pl\/wp-content\/uploads\/Filtry_Kalinski-1-1110x303.png\",\"contentUrl\":\"https:\/\/kalinski.pl\/wp-content\/uploads\/Filtry_Kalinski-1-1110x303.png\"},{\"@type\":\"BreadcrumbList\",\"@id\":\"https:\/\/kalinski.pl\/serwis\/regeneracja-katalizatorow-i-filtrow-dpf-olkusz\/#breadcrumb\",\"itemListElement\":[{\"@type\":\"ListItem\",\"position\":1,\"name\":\"Strona g\u0142\u00f3wna\",\"item\":\"https:\/\/kalinski.pl\/serwis\/\"},{\"@type\":\"ListItem\",\"position\":2,\"name\":\"Regeneracja katalizator\u00f3w i filtr\u00f3w DPF Olkusz\"}]},{\"@type\":\"WebSite\",\"@id\":\"https:\/\/kalinski.pl\/serwis\/#website\",\"url\":\"https:\/\/kalinski.pl\/serwis\/\",\"name\":\"Kali\u0144ski\",\"description\":\"Uk\u0142ady wydechowe\",\"publisher\":{\"@id\":\"https:\/\/kalinski.pl\/serwis\/#organization\"},\"potentialAction\":[{\"@type\":\"SearchAction\",\"target\":{\"@type\":\"EntryPoint\",\"urlTemplate\":\"https:\/\/kalinski.pl\/serwis\/?s={search_term_string}\"},\"query-input\":{\"@type\":\"PropertyValueSpecification\",\"valueRequired\":true,\"valueName\":\"search_term_string\"}}],\"inLanguage\":\"pl-PL\"},{\"@type\":\"Organization\",\"@id\":\"https:\/\/kalinski.pl\/serwis\/#organization\",\"name\":\"Kali\u0144ski\",\"url\":\"https:\/\/kalinski.pl\/serwis\/\",\"logo\":{\"@type\":\"ImageObject\",\"inLanguage\":\"pl-PL\",\"@id\":\"https:\/\/kalinski.pl\/serwis\/#\/schema\/logo\/image\/\",\"url\":\"https:\/\/kalinski.pl\/serwis\/wp-content\/uploads\/2019\/03\/cropped-logo_white.jpg\",\"contentUrl\":\"https:\/\/kalinski.pl\/serwis\/wp-content\/uploads\/2019\/03\/cropped-logo_white.jpg\",\"width\":240,\"height\":63,\"caption\":\"Kali\u0144ski\"},\"image\":{\"@id\":\"https:\/\/kalinski.pl\/serwis\/#\/schema\/logo\/image\/\"}}]}<\/script>\n<!-- \/ Yoast SEO plugin. -->","yoast_head_json":{"title":"Regeneracja katalizator\u00f3w i filtr\u00f3w DPF Olkusz | Kali\u0144ski","description":"Regeneracja katalizator\u00f3w i filtr\u00f3w DPF Olkusz jest jed\u0105 z us\u0142ug, kt\u00f3re \u015bwiadczymy zar\u00f3wno zdalnie jak i wysy\u0142kowo.","robots":{"index":"index","follow":"follow","max-snippet":"max-snippet:-1","max-image-preview":"max-image-preview:large","max-video-preview":"max-video-preview:-1"},"canonical":"https:\/\/kalinski.pl\/serwis\/regeneracja-katalizatorow-i-filtrow-dpf-olkusz\/","og_locale":"pl_PL","og_type":"article","og_title":"Regeneracja katalizator\u00f3w i filtr\u00f3w DPF Olkusz | Kali\u0144ski","og_description":"Regeneracja katalizator\u00f3w i filtr\u00f3w DPF Olkusz jest jed\u0105 z us\u0142ug, kt\u00f3re \u015bwiadczymy zar\u00f3wno zdalnie jak i wysy\u0142kowo.","og_url":"https:\/\/kalinski.pl\/serwis\/regeneracja-katalizatorow-i-filtrow-dpf-olkusz\/","og_site_name":"Kali\u0144ski","og_image":[{"url":"https:\/\/kalinski.pl\/wp-content\/uploads\/Filtry_Kalinski-1-1110x303.png","type":"","width":"","height":""}],"twitter_card":"summary_large_image","twitter_misc":{"Szacowany czas czytania":"2 minuty"},"schema":{"@context":"https:\/\/schema.org","@graph":[{"@type":"WebPage","@id":"https:\/\/kalinski.pl\/serwis\/regeneracja-katalizatorow-i-filtrow-dpf-olkusz\/","url":"https:\/\/kalinski.pl\/serwis\/regeneracja-katalizatorow-i-filtrow-dpf-olkusz\/","name":"Regeneracja katalizator\u00f3w i filtr\u00f3w DPF Olkusz | Kali\u0144ski","isPartOf":{"@id":"https:\/\/kalinski.pl\/serwis\/#website"},"primaryImageOfPage":{"@id":"https:\/\/kalinski.pl\/serwis\/regeneracja-katalizatorow-i-filtrow-dpf-olkusz\/#primaryimage"},"image":{"@id":"https:\/\/kalinski.pl\/serwis\/regeneracja-katalizatorow-i-filtrow-dpf-olkusz\/#primaryimage"},"thumbnailUrl":"https:\/\/kalinski.pl\/wp-content\/uploads\/Filtry_Kalinski-1-1110x303.png","datePublished":"2020-11-04T07:39:35+00:00","description":"Regeneracja katalizator\u00f3w i filtr\u00f3w DPF Olkusz jest jed\u0105 z us\u0142ug, kt\u00f3re \u015bwiadczymy zar\u00f3wno zdalnie jak i wysy\u0142kowo.","breadcrumb":{"@id":"https:\/\/kalinski.pl\/serwis\/regeneracja-katalizatorow-i-filtrow-dpf-olkusz\/#breadcrumb"},"inLanguage":"pl-PL","potentialAction":[{"@type":"ReadAction","target":["https:\/\/kalinski.pl\/serwis\/regeneracja-katalizatorow-i-filtrow-dpf-olkusz\/"]}]},{"@type":"ImageObject","inLanguage":"pl-PL","@id":"https:\/\/kalinski.pl\/serwis\/regeneracja-katalizatorow-i-filtrow-dpf-olkusz\/#primaryimage","url":"https:\/\/kalinski.pl\/wp-content\/uploads\/Filtry_Kalinski-1-1110x303.png","contentUrl":"https:\/\/kalinski.pl\/wp-content\/uploads\/Filtry_Kalinski-1-1110x303.png"},{"@type":"BreadcrumbList","@id":"https:\/\/kalinski.pl\/serwis\/regeneracja-katalizatorow-i-filtrow-dpf-olkusz\/#breadcrumb","itemListElement":[{"@type":"ListItem","position":1,"name":"Strona g\u0142\u00f3wna","item":"https:\/\/kalinski.pl\/serwis\/"},{"@type":"ListItem","position":2,"name":"Regeneracja katalizator\u00f3w i filtr\u00f3w DPF Olkusz"}]},{"@type":"WebSite","@id":"https:\/\/kalinski.pl\/serwis\/#website","url":"https:\/\/kalinski.pl\/serwis\/","name":"Kali\u0144ski","description":"Uk\u0142ady wydechowe","publisher":{"@id":"https:\/\/kalinski.pl\/serwis\/#organization"},"potentialAction":[{"@type":"SearchAction","target":{"@type":"EntryPoint","urlTemplate":"https:\/\/kalinski.pl\/serwis\/?s={search_term_string}"},"query-input":{"@type":"PropertyValueSpecification","valueRequired":true,"valueName":"search_term_string"}}],"inLanguage":"pl-PL"},{"@type":"Organization","@id":"https:\/\/kalinski.pl\/serwis\/#organization","name":"Kali\u0144ski","url":"https:\/\/kalinski.pl\/serwis\/","logo":{"@type":"ImageObject","inLanguage":"pl-PL","@id":"https:\/\/kalinski.pl\/serwis\/#\/schema\/logo\/image\/","url":"https:\/\/kalinski.pl\/serwis\/wp-content\/uploads\/2019\/03\/cropped-logo_white.jpg","contentUrl":"https:\/\/kalinski.pl\/serwis\/wp-content\/uploads\/2019\/03\/cropped-logo_white.jpg","width":240,"height":63,"caption":"Kali\u0144ski"},"image":{"@id":"https:\/\/kalinski.pl\/serwis\/#\/schema\/logo\/image\/"}}]}},"_links":{"self":[{"href":"https:\/\/kalinski.pl\/serwis\/wp-json\/wp\/v2\/pages\/2730","targetHints":{"allow":["GET"]}}],"collection":[{"href":"https:\/\/kalinski.pl\/serwis\/wp-json\/wp\/v2\/pages"}],"about":[{"href":"https:\/\/kalinski.pl\/serwis\/wp-json\/wp\/v2\/types\/page"}],"author":[{"embeddable":true,"href":"https:\/\/kalinski.pl\/serwis\/wp-json\/wp\/v2\/users\/821795"}],"replies":[{"embeddable":true,"href":"https:\/\/kalinski.pl\/serwis\/wp-json\/wp\/v2\/comments?post=2730"}],"version-history":[{"count":0,"href":"https:\/\/kalinski.pl\/serwis\/wp-json\/wp\/v2\/pages\/2730\/revisions"}],"wp:attachment":[{"href":"https:\/\/kalinski.pl\/serwis\/wp-json\/wp\/v2\/media?parent=2730"}],"curies":[{"name":"wp","href":"https:\/\/api.w.org\/{rel}","templated":true}]}}