{"id":2724,"date":"2020-11-03T10:46:14","date_gmt":"2020-11-03T09:46:14","guid":{"rendered":"https:\/\/kalinski.pl\/?page_id=2724"},"modified":"2020-11-03T10:46:14","modified_gmt":"2020-11-03T09:46:14","slug":"regeneracja-katalizatorow-i-filtrow-dpf-krosno","status":"publish","type":"page","link":"https:\/\/kalinski.pl\/serwis\/regeneracja-katalizatorow-i-filtrow-dpf-krosno\/","title":{"rendered":"Regeneracja katalizator\u00f3w i filtr\u00f3w DPF Krosno"},"content":{"rendered":"\r\n<figure class=\"wp-block-image size-large\"><img fetchpriority=\"high\" decoding=\"async\" width=\"1110\" height=\"303\" class=\"wp-image-1568\" src=\"https:\/\/kalinski.pl\/wp-content\/uploads\/Filtry_Kalinski-1-1110x303.png\" alt=\"\"><\/figure>\r\n\r\n<p style=\"margin-top: 25px;\" align=\"justify\"><strong>Regeneracja katalizator\u00f3w Krosno<\/strong> to us\u0142uga firmy Kali\u0144ski, kt\u00f3ra pozwoli utrzyma\u0107 cz\u0119\u015bci uk\u0142adu wydechowego pojazd\u00f3w spalinowych w lepszej kondycji przez d\u0142u\u017cszy czas u\u017cytkowania. Katalizatory i filtry DPF podczas eksploatacji auta ci\u0119\u017carowego, osobowego, maszyny rolniczej zbieraj\u0105 r\u00f3\u017cne zanieczyszczenia i sadz\u0105, kt\u00f3ra osiada w mikrokanalikach. Z czasem powoduje to s\u0142absze dzia\u0142anie owych cz\u0119\u015bci. Firma Kali\u0144ski zajmuje si\u0119 sprzeda\u017c\u0105 nowych katalizator\u00f3w i filtr\u00f3w DPF, ale tak\u017ce oferuje us\u0142ug\u0119 regeneracji. <strong>Czyszczenie katalizator\u00f3w (Krosno)<\/strong> polega na oczyszczaniu zalegaj\u0105cych w cz\u0119\u015bciach zanieczyszcze\u0144 i sadzy podczas wybranej metody.<\/p>\r\n<p align=\"justify\">Nasz zgrany zesp\u00f3\u0142 prawdziwych ekspert\u00f3w bran\u017cy motoryzacyjnej, kt\u00f3rzy \u0142\u0105cz\u0105 mi\u0142o\u015b\u0107 do pojazd\u00f3w z wiedz\u0105 zdobywan\u0105 przez lata praktyki, zgodnie twierdz\u0105, \u017ce najskuteczniejsz\u0105 metod\u0105 pozbywania si\u0119 zanieczyszcze\u0144 jest <strong>wypalanie katalizator\u00f3w (Krosno)<\/strong>. Odbywa si\u0119 to w specjalnie do tego przygotowanym piecu marki Hartridge, kt\u00f3ry rekomenduj\u0105 najlepsze firmy producenckie samochod\u00f3w i cz\u0119\u015bci samochodowych. <strong>Regeneracja DPF (Krosno)<\/strong> odbywa si\u0119 przy u\u017cycie bardzo wysokich temperatur, \u201cna sucho\u201d, dzi\u0119ki czemu zebrana w mikrokanalikach sadza wypala si\u0119, a pozosta\u0142y z niej popi\u00f3\u0142 wydmuchiwany jest spr\u0119\u017conym powietrzem. Inne metody, na przyk\u0142ad wyp\u0142ukiwanie sadzy s\u0105 mniej skuteczne. Podczas p\u0142ukania filtr\u00f3w i katalizator\u00f3w wod\u0105 usuwane s\u0105 tak\u017ce wa\u017cne dla ich dzia\u0142ania metale. Mo\u017ce to sprawi\u0107, \u017ce filtry dzia\u0142a\u0107 b\u0119d\u0105 znacznie s\u0142abiej, dlatego lepiej nie korzysta\u0107 z tej metody.<\/p>\r\n<p align=\"justify\"><strong>Czyszczenie filtr\u00f3w DPF Krosno<\/strong> odbywa si\u0119 w siedzibie firmy Kali\u0144ski. Cz\u0119\u015bci przekazywane s\u0105 do nas z r\u00f3\u017cnych cz\u0119\u015bci Polski. Oceniamy ich stan i sugerujemy regeneracj\u0119 lub nowy katalizator lub filtr DPF. Zabieg przeprowadzany przez naszych pracownik\u00f3w to gwarancja dzia\u0142ania na najwy\u017cszym poziomie i prawid\u0142owe funkcjonowanie zregenerowanych cz\u0119\u015bci nawet podczas d\u0142ugiej podr\u00f3\u017cy. Z naszymi us\u0142ugami i produktami docieramy wsz\u0119dzie tam, gdzie jest w stanie dojecha\u0107 kurier. Dlatego obs\u0142ugujemy ju\u017c ca\u0142\u0105 Polsk\u0119.<\/p>\r\n\r\n<div class=\"wp-block-columns is-layout-flex wp-container-core-columns-is-layout-1 wp-block-columns-is-layout-flex\">\r\n<div class=\"wp-block-column is-layout-flow wp-block-column-is-layout-flow\">\r\n<p><strong>Kali\u0144ski<\/strong><\/p>\r\n\r\n\r\n<p>ul. Szamotulska 40<\/p>\r\n\r\n\r\n<p>62-081 Chyby \/ Pozna\u0144<\/p>\r\n\r\n\r\n<p><strong>Sklep internetowy<\/strong><\/p>\r\n\r\n\r\n<p><a href=\"tel:0048691545545\">+48 691 545 545<\/a><\/p>\r\n\r\n\r\n<p><a>sklep@kalinski.pl<\/a><\/p>\r\n\r\n\r\n<p><strong>Serwis stacjonarny<\/strong><\/p>\r\n\r\n\r\n<p><a href=\"tel:004861 8142777\">+48 61 814 27 77<\/a><\/p>\r\n\r\n\r\n<p><a>serwis@kalinski.pl<\/a><\/p>\r\n<\/div>\r\n\r\n\r\n<div class=\"wp-block-column is-layout-flow wp-block-column-is-layout-flow\"> [contact-form-7 id=&#8221;2271&#8243; title=&#8221;Formularz 1_copy&#8221;] <\/div>\r\n<\/div>\r\n\r\n\r\n<p><iframe style=\"border: 0;\" tabindex=\"0\" src=\"https:\/\/www.google.com\/maps\/embed?pb=!1m18!1m12!1m3!1d2431.024961043721!2d16.7608539158053!3d52.460575379803046!2m3!1f0!2f0!3f0!3m2!1i1024!2i768!4f13.1!3m3!1m2!1s0x470441321c9562cb%3A0xee0284f60b138572!2sSzamotulska%2040%2C%2062-081%20Chyby!5e0!3m2!1spl!2spl!4v1598862248906!5m2!1spl!2spl\" width=\"100%\" height=\"400\" frameborder=\"0\" allowfullscreen=\"allowfullscreen\" aria-hidden=\"false\"><span data-mce-type=\"bookmark\" style=\"display: inline-block; width: 0px; overflow: hidden; line-height: 0;\" class=\"mce_SELRES_start\">\ufeff<\/span><\/iframe><\/p>\r\n\r\n","protected":false},"excerpt":{"rendered":"<p>Regeneracja katalizator\u00f3w Krosno to us\u0142uga firmy Kali\u0144ski, kt\u00f3ra pozwoli utrzyma\u0107 cz\u0119\u015bci uk\u0142adu wydechowego pojazd\u00f3w spalinowych w lepszej kondycji przez d\u0142u\u017cszy czas u\u017cytkowania. Katalizatory i filtry DPF podczas eksploatacji auta ci\u0119\u017carowego, osobowego, maszyny rolniczej zbieraj\u0105 r\u00f3\u017cne zanieczyszczenia i sadz\u0105, kt\u00f3ra osiada w mikrokanalikach. Z czasem powoduje to s\u0142absze dzia\u0142anie owych cz\u0119\u015bci. Firma Kali\u0144ski zajmuje si\u0119 sprzeda\u017c\u0105 &hellip; <a href=\"https:\/\/kalinski.pl\/serwis\/regeneracja-katalizatorow-i-filtrow-dpf-krosno\/\" class=\"more-link\">Czytaj dalej<span class=\"screen-reader-text\"> Regeneracja katalizator\u00f3w i filtr\u00f3w DPF Krosno<\/span><\/a><\/p>\n","protected":false},"author":821795,"featured_media":0,"parent":0,"menu_order":0,"comment_status":"closed","ping_status":"closed","template":"","meta":{"footnotes":""},"class_list":["post-2724","page","type-page","status-publish","hentry"],"yoast_head":"<!-- This site is optimized with the Yoast SEO plugin v26.7 - https:\/\/yoast.com\/wordpress\/plugins\/seo\/ -->\n<title>Regeneracja katalizator\u00f3w i filtr\u00f3w DPF Krosno | Kali\u0144ski<\/title>\n<meta name=\"description\" content=\"Ze wzgl\u0119du na posiadane do\u015bwiadczenie i wiedze zajmujemy si\u0119 m.in. regeneracj\u0105 katalizator\u00f3w i filtr\u00f3w DPF Krosno zdalnie i w warsztacie.\" \/>\n<meta name=\"robots\" content=\"index, follow, max-snippet:-1, max-image-preview:large, max-video-preview:-1\" \/>\n<link rel=\"canonical\" href=\"https:\/\/kalinski.pl\/serwis\/regeneracja-katalizatorow-i-filtrow-dpf-krosno\/\" \/>\n<meta property=\"og:locale\" content=\"pl_PL\" \/>\n<meta property=\"og:type\" content=\"article\" \/>\n<meta property=\"og:title\" content=\"Regeneracja katalizator\u00f3w i filtr\u00f3w DPF Krosno | Kali\u0144ski\" \/>\n<meta property=\"og:description\" content=\"Ze wzgl\u0119du na posiadane do\u015bwiadczenie i wiedze zajmujemy si\u0119 m.in. regeneracj\u0105 katalizator\u00f3w i filtr\u00f3w DPF Krosno zdalnie i w warsztacie.\" \/>\n<meta property=\"og:url\" content=\"https:\/\/kalinski.pl\/serwis\/regeneracja-katalizatorow-i-filtrow-dpf-krosno\/\" \/>\n<meta property=\"og:site_name\" content=\"Kali\u0144ski\" \/>\n<meta property=\"og:image\" content=\"https:\/\/kalinski.pl\/wp-content\/uploads\/Filtry_Kalinski-1-1110x303.png\" \/>\n<meta name=\"twitter:card\" content=\"summary_large_image\" \/>\n<meta name=\"twitter:label1\" content=\"Szacowany czas czytania\" \/>\n\t<meta name=\"twitter:data1\" content=\"2 minuty\" \/>\n<script type=\"application\/ld+json\" class=\"yoast-schema-graph\">{\"@context\":\"https:\/\/schema.org\",\"@graph\":[{\"@type\":\"WebPage\",\"@id\":\"https:\/\/kalinski.pl\/serwis\/regeneracja-katalizatorow-i-filtrow-dpf-krosno\/\",\"url\":\"https:\/\/kalinski.pl\/serwis\/regeneracja-katalizatorow-i-filtrow-dpf-krosno\/\",\"name\":\"Regeneracja katalizator\u00f3w i filtr\u00f3w DPF Krosno | Kali\u0144ski\",\"isPartOf\":{\"@id\":\"https:\/\/kalinski.pl\/serwis\/#website\"},\"primaryImageOfPage\":{\"@id\":\"https:\/\/kalinski.pl\/serwis\/regeneracja-katalizatorow-i-filtrow-dpf-krosno\/#primaryimage\"},\"image\":{\"@id\":\"https:\/\/kalinski.pl\/serwis\/regeneracja-katalizatorow-i-filtrow-dpf-krosno\/#primaryimage\"},\"thumbnailUrl\":\"https:\/\/kalinski.pl\/wp-content\/uploads\/Filtry_Kalinski-1-1110x303.png\",\"datePublished\":\"2020-11-03T09:46:14+00:00\",\"description\":\"Ze wzgl\u0119du na posiadane do\u015bwiadczenie i wiedze zajmujemy si\u0119 m.in. regeneracj\u0105 katalizator\u00f3w i filtr\u00f3w DPF Krosno zdalnie i w warsztacie.\",\"breadcrumb\":{\"@id\":\"https:\/\/kalinski.pl\/serwis\/regeneracja-katalizatorow-i-filtrow-dpf-krosno\/#breadcrumb\"},\"inLanguage\":\"pl-PL\",\"potentialAction\":[{\"@type\":\"ReadAction\",\"target\":[\"https:\/\/kalinski.pl\/serwis\/regeneracja-katalizatorow-i-filtrow-dpf-krosno\/\"]}]},{\"@type\":\"ImageObject\",\"inLanguage\":\"pl-PL\",\"@id\":\"https:\/\/kalinski.pl\/serwis\/regeneracja-katalizatorow-i-filtrow-dpf-krosno\/#primaryimage\",\"url\":\"https:\/\/kalinski.pl\/wp-content\/uploads\/Filtry_Kalinski-1-1110x303.png\",\"contentUrl\":\"https:\/\/kalinski.pl\/wp-content\/uploads\/Filtry_Kalinski-1-1110x303.png\"},{\"@type\":\"BreadcrumbList\",\"@id\":\"https:\/\/kalinski.pl\/serwis\/regeneracja-katalizatorow-i-filtrow-dpf-krosno\/#breadcrumb\",\"itemListElement\":[{\"@type\":\"ListItem\",\"position\":1,\"name\":\"Strona g\u0142\u00f3wna\",\"item\":\"https:\/\/kalinski.pl\/serwis\/\"},{\"@type\":\"ListItem\",\"position\":2,\"name\":\"Regeneracja katalizator\u00f3w i filtr\u00f3w DPF Krosno\"}]},{\"@type\":\"WebSite\",\"@id\":\"https:\/\/kalinski.pl\/serwis\/#website\",\"url\":\"https:\/\/kalinski.pl\/serwis\/\",\"name\":\"Kali\u0144ski\",\"description\":\"Uk\u0142ady wydechowe\",\"publisher\":{\"@id\":\"https:\/\/kalinski.pl\/serwis\/#organization\"},\"potentialAction\":[{\"@type\":\"SearchAction\",\"target\":{\"@type\":\"EntryPoint\",\"urlTemplate\":\"https:\/\/kalinski.pl\/serwis\/?s={search_term_string}\"},\"query-input\":{\"@type\":\"PropertyValueSpecification\",\"valueRequired\":true,\"valueName\":\"search_term_string\"}}],\"inLanguage\":\"pl-PL\"},{\"@type\":\"Organization\",\"@id\":\"https:\/\/kalinski.pl\/serwis\/#organization\",\"name\":\"Kali\u0144ski\",\"url\":\"https:\/\/kalinski.pl\/serwis\/\",\"logo\":{\"@type\":\"ImageObject\",\"inLanguage\":\"pl-PL\",\"@id\":\"https:\/\/kalinski.pl\/serwis\/#\/schema\/logo\/image\/\",\"url\":\"https:\/\/kalinski.pl\/serwis\/wp-content\/uploads\/2019\/03\/cropped-logo_white.jpg\",\"contentUrl\":\"https:\/\/kalinski.pl\/serwis\/wp-content\/uploads\/2019\/03\/cropped-logo_white.jpg\",\"width\":240,\"height\":63,\"caption\":\"Kali\u0144ski\"},\"image\":{\"@id\":\"https:\/\/kalinski.pl\/serwis\/#\/schema\/logo\/image\/\"}}]}<\/script>\n<!-- \/ Yoast SEO plugin. -->","yoast_head_json":{"title":"Regeneracja katalizator\u00f3w i filtr\u00f3w DPF Krosno | Kali\u0144ski","description":"Ze wzgl\u0119du na posiadane do\u015bwiadczenie i wiedze zajmujemy si\u0119 m.in. regeneracj\u0105 katalizator\u00f3w i filtr\u00f3w DPF Krosno zdalnie i w warsztacie.","robots":{"index":"index","follow":"follow","max-snippet":"max-snippet:-1","max-image-preview":"max-image-preview:large","max-video-preview":"max-video-preview:-1"},"canonical":"https:\/\/kalinski.pl\/serwis\/regeneracja-katalizatorow-i-filtrow-dpf-krosno\/","og_locale":"pl_PL","og_type":"article","og_title":"Regeneracja katalizator\u00f3w i filtr\u00f3w DPF Krosno | Kali\u0144ski","og_description":"Ze wzgl\u0119du na posiadane do\u015bwiadczenie i wiedze zajmujemy si\u0119 m.in. regeneracj\u0105 katalizator\u00f3w i filtr\u00f3w DPF Krosno zdalnie i w warsztacie.","og_url":"https:\/\/kalinski.pl\/serwis\/regeneracja-katalizatorow-i-filtrow-dpf-krosno\/","og_site_name":"Kali\u0144ski","og_image":[{"url":"https:\/\/kalinski.pl\/wp-content\/uploads\/Filtry_Kalinski-1-1110x303.png","type":"","width":"","height":""}],"twitter_card":"summary_large_image","twitter_misc":{"Szacowany czas czytania":"2 minuty"},"schema":{"@context":"https:\/\/schema.org","@graph":[{"@type":"WebPage","@id":"https:\/\/kalinski.pl\/serwis\/regeneracja-katalizatorow-i-filtrow-dpf-krosno\/","url":"https:\/\/kalinski.pl\/serwis\/regeneracja-katalizatorow-i-filtrow-dpf-krosno\/","name":"Regeneracja katalizator\u00f3w i filtr\u00f3w DPF Krosno | Kali\u0144ski","isPartOf":{"@id":"https:\/\/kalinski.pl\/serwis\/#website"},"primaryImageOfPage":{"@id":"https:\/\/kalinski.pl\/serwis\/regeneracja-katalizatorow-i-filtrow-dpf-krosno\/#primaryimage"},"image":{"@id":"https:\/\/kalinski.pl\/serwis\/regeneracja-katalizatorow-i-filtrow-dpf-krosno\/#primaryimage"},"thumbnailUrl":"https:\/\/kalinski.pl\/wp-content\/uploads\/Filtry_Kalinski-1-1110x303.png","datePublished":"2020-11-03T09:46:14+00:00","description":"Ze wzgl\u0119du na posiadane do\u015bwiadczenie i wiedze zajmujemy si\u0119 m.in. regeneracj\u0105 katalizator\u00f3w i filtr\u00f3w DPF Krosno zdalnie i w warsztacie.","breadcrumb":{"@id":"https:\/\/kalinski.pl\/serwis\/regeneracja-katalizatorow-i-filtrow-dpf-krosno\/#breadcrumb"},"inLanguage":"pl-PL","potentialAction":[{"@type":"ReadAction","target":["https:\/\/kalinski.pl\/serwis\/regeneracja-katalizatorow-i-filtrow-dpf-krosno\/"]}]},{"@type":"ImageObject","inLanguage":"pl-PL","@id":"https:\/\/kalinski.pl\/serwis\/regeneracja-katalizatorow-i-filtrow-dpf-krosno\/#primaryimage","url":"https:\/\/kalinski.pl\/wp-content\/uploads\/Filtry_Kalinski-1-1110x303.png","contentUrl":"https:\/\/kalinski.pl\/wp-content\/uploads\/Filtry_Kalinski-1-1110x303.png"},{"@type":"BreadcrumbList","@id":"https:\/\/kalinski.pl\/serwis\/regeneracja-katalizatorow-i-filtrow-dpf-krosno\/#breadcrumb","itemListElement":[{"@type":"ListItem","position":1,"name":"Strona g\u0142\u00f3wna","item":"https:\/\/kalinski.pl\/serwis\/"},{"@type":"ListItem","position":2,"name":"Regeneracja katalizator\u00f3w i filtr\u00f3w DPF Krosno"}]},{"@type":"WebSite","@id":"https:\/\/kalinski.pl\/serwis\/#website","url":"https:\/\/kalinski.pl\/serwis\/","name":"Kali\u0144ski","description":"Uk\u0142ady wydechowe","publisher":{"@id":"https:\/\/kalinski.pl\/serwis\/#organization"},"potentialAction":[{"@type":"SearchAction","target":{"@type":"EntryPoint","urlTemplate":"https:\/\/kalinski.pl\/serwis\/?s={search_term_string}"},"query-input":{"@type":"PropertyValueSpecification","valueRequired":true,"valueName":"search_term_string"}}],"inLanguage":"pl-PL"},{"@type":"Organization","@id":"https:\/\/kalinski.pl\/serwis\/#organization","name":"Kali\u0144ski","url":"https:\/\/kalinski.pl\/serwis\/","logo":{"@type":"ImageObject","inLanguage":"pl-PL","@id":"https:\/\/kalinski.pl\/serwis\/#\/schema\/logo\/image\/","url":"https:\/\/kalinski.pl\/serwis\/wp-content\/uploads\/2019\/03\/cropped-logo_white.jpg","contentUrl":"https:\/\/kalinski.pl\/serwis\/wp-content\/uploads\/2019\/03\/cropped-logo_white.jpg","width":240,"height":63,"caption":"Kali\u0144ski"},"image":{"@id":"https:\/\/kalinski.pl\/serwis\/#\/schema\/logo\/image\/"}}]}},"_links":{"self":[{"href":"https:\/\/kalinski.pl\/serwis\/wp-json\/wp\/v2\/pages\/2724","targetHints":{"allow":["GET"]}}],"collection":[{"href":"https:\/\/kalinski.pl\/serwis\/wp-json\/wp\/v2\/pages"}],"about":[{"href":"https:\/\/kalinski.pl\/serwis\/wp-json\/wp\/v2\/types\/page"}],"author":[{"embeddable":true,"href":"https:\/\/kalinski.pl\/serwis\/wp-json\/wp\/v2\/users\/821795"}],"replies":[{"embeddable":true,"href":"https:\/\/kalinski.pl\/serwis\/wp-json\/wp\/v2\/comments?post=2724"}],"version-history":[{"count":0,"href":"https:\/\/kalinski.pl\/serwis\/wp-json\/wp\/v2\/pages\/2724\/revisions"}],"wp:attachment":[{"href":"https:\/\/kalinski.pl\/serwis\/wp-json\/wp\/v2\/media?parent=2724"}],"curies":[{"name":"wp","href":"https:\/\/api.w.org\/{rel}","templated":true}]}}