{"id":2722,"date":"2020-11-03T10:37:13","date_gmt":"2020-11-03T09:37:13","guid":{"rendered":"https:\/\/kalinski.pl\/?page_id=2722"},"modified":"2020-11-03T10:39:32","modified_gmt":"2020-11-03T09:39:32","slug":"regeneracja-katalizatorow-i-filtrow-dpf-krakow","status":"publish","type":"page","link":"https:\/\/kalinski.pl\/serwis\/regeneracja-katalizatorow-i-filtrow-dpf-krakow\/","title":{"rendered":"Regeneracja katalizator\u00f3w i filtr\u00f3w DPF Krak\u00f3w"},"content":{"rendered":"\r\n<figure class=\"wp-block-image size-large\"><img fetchpriority=\"high\" decoding=\"async\" width=\"1110\" height=\"303\" class=\"wp-image-1568\" src=\"https:\/\/kalinski.pl\/wp-content\/uploads\/Filtry_Kalinski-1-1110x303.png\" alt=\"\"><\/figure>\r\n\r\n<p style=\"margin-top: 25px;\" align=\"justify\">Katalizatory i filtry to cz\u0119\u015bci uk\u0142adu wydechowego pojazd\u00f3w spalinowych, takich jak auta osobowe, ci\u0119\u017carowe czy maszyny rolnicze. S\u0142u\u017c\u0105 do poprawy jako\u015bci powietrza emitowanego przez pojazdy. Zdarza si\u0119, \u017ce w wyniku eksploatacji i gromadzonej w nich sadzy oraz wszelkich zabrudze\u0144, przestaj\u0105 dzia\u0142a\u0107 lub dzia\u0142aj\u0105 s\u0142abiej. Konieczne wtedy jest ich wymiana. Na szcz\u0119\u015bcie nasza firma Kali\u0144ski, zajmuje si\u0119 nie tylko sprzeda\u017c\u0105 katalizator\u00f3w i filtr\u00f3w DPF, ale tak\u017ce ich regeneracj\u0105. <strong>Regeneracja katalizator\u00f3w Krak\u00f3w<\/strong> to us\u0142uga oczyszczania zalegaj\u0105cych w ich cz\u0119\u015bciach drobinek sadzy i wszelkich zanieczyszcze\u0144, kt\u00f3re zbieraj\u0105 si\u0119 w nich i uniemo\u017cliwiaj\u0105 ich prawid\u0142owe dzia\u0142anie.<\/p>\r\n<p align=\"justify\"><strong>Czyszczenie katalizator\u00f3w Krak\u00f3w<\/strong> odbywa\u0107 si\u0119 mo\u017ce na r\u00f3\u017cne sposoby. W naszej firmie wykorzystujemy najskuteczniejszy wed\u0142ug nas proces, czyli <strong>wypalanie katalizator\u00f3w Krak\u00f3w<\/strong>, kt\u00f3re poprzedzone jest wydmuchiwaniem zanieczyszcze\u0144 przez spr\u0119\u017cone powietrze. Wykorzystujemy do tego najlepsze urz\u0105dzenie, polecane przez wielu najwi\u0119kszych producent\u00f3w pojazd\u00f3w i cz\u0119\u015bci motoryzacyjnych &#8211; Hartridge. Urz\u0105dzenie to umo\u017cliwia nam regeneracj\u0119 \u201cna sucho\u201d przy u\u017cyciu bardzo wysokiej temperatury. Takie dzia\u0142anie spala osadzon\u0105 w mikrokanalikach sadz\u0119, z kt\u00f3rej popi\u00f3\u0142 wydmuchujemy spr\u0119\u017conym powietrzem. Niekt\u00f3rzy wykorzystuj\u0105 do tego wod\u0119, kt\u00f3r\u0105 wyp\u0142ukuj\u0105 zanieczyszczenia, ale nasz zesp\u00f3\u0142 zgodnie uzna\u0142, i\u017c taka metoda wyp\u0142ucze nie tylko sadz\u0119, ale tak\u017ce metale istotne przy pracy filtr\u00f3w, co mo\u017ce znacznie os\u0142abi\u0107 ich dzia\u0142anie. W przypadku pojazd\u00f3w osobowych regeneracja katalizator\u00f3w polega przede wszystkim na wymianie zapchanych wk\u0142ad\u00f3w katalizatora.<\/p>\r\n<p align=\"justify\">Zadbaj o swoje auto wybieraj\u0105c <strong>czyszczenie filtr\u00f3w DPF Krak\u00f3w<\/strong> w naszej firmie. <strong>Regeneracja DPF Krak\u00f3w<\/strong> odbywa si\u0119 na najwy\u017cszym poziomie, z dba\u0142o\u015bci\u0105 o ka\u017cdy szczeg\u00f3\u0142, aby Pa\u0144stwa auto funkcjonowa\u0142o prawid\u0142owo, nawet podczas dalekich podr\u00f3\u017cy. Sprawne katalizatory i filtry DPF sprawi\u0105, \u017ce zminimalizuj\u0105 Pa\u0144stwo emitowanie niebezpiecznych dla zdrowia i \u015brodowiska spalin. Po sprawnej regeneracji, ode\u015blemy gotowe cz\u0119\u015bci na wskazany przez Pa\u0144stwo adres. Dostarczamy produkty wsz\u0119dzie tam, gdzie mo\u017ce dotrze\u0107 kurier. Dlatego dotrzemy r\u00f3wnie\u017c do Pa\u0144stwa.<\/p>\r\n\r\n<div class=\"wp-block-columns is-layout-flex wp-container-core-columns-is-layout-1 wp-block-columns-is-layout-flex\">\r\n<div class=\"wp-block-column is-layout-flow wp-block-column-is-layout-flow\">\r\n<p><strong>Kali\u0144ski<\/strong><\/p>\r\n\r\n\r\n<p>ul. Szamotulska 40<\/p>\r\n\r\n\r\n<p>62-081 Chyby \/ Pozna\u0144<\/p>\r\n\r\n\r\n<p><strong>Sklep internetowy<\/strong><\/p>\r\n\r\n\r\n<p><a href=\"tel:0048691545545\">+48 691 545 545<\/a><\/p>\r\n\r\n\r\n<p><a>sklep@kalinski.pl<\/a><\/p>\r\n\r\n\r\n<p><strong>Serwis stacjonarny<\/strong><\/p>\r\n\r\n\r\n<p><a href=\"tel:004861 8142777\">+48 61 814 27 77<\/a><\/p>\r\n\r\n\r\n<p><a>serwis@kalinski.pl<\/a><\/p>\r\n<\/div>\r\n\r\n\r\n<div class=\"wp-block-column is-layout-flow wp-block-column-is-layout-flow\"> [contact-form-7 id=&#8221;2271&#8243; title=&#8221;Formularz 1_copy&#8221;] <\/div>\r\n<\/div>\r\n\r\n\r\n<p><iframe style=\"border: 0;\" tabindex=\"0\" src=\"https:\/\/www.google.com\/maps\/embed?pb=!1m18!1m12!1m3!1d2431.024961043721!2d16.7608539158053!3d52.460575379803046!2m3!1f0!2f0!3f0!3m2!1i1024!2i768!4f13.1!3m3!1m2!1s0x470441321c9562cb%3A0xee0284f60b138572!2sSzamotulska%2040%2C%2062-081%20Chyby!5e0!3m2!1spl!2spl!4v1598862248906!5m2!1spl!2spl\" width=\"100%\" height=\"400\" frameborder=\"0\" allowfullscreen=\"allowfullscreen\" aria-hidden=\"false\"><span data-mce-type=\"bookmark\" style=\"display: inline-block; width: 0px; overflow: hidden; line-height: 0;\" class=\"mce_SELRES_start\">\ufeff<\/span><\/iframe><\/p>\r\n\r\n","protected":false},"excerpt":{"rendered":"<p>Katalizatory i filtry to cz\u0119\u015bci uk\u0142adu wydechowego pojazd\u00f3w spalinowych, takich jak auta osobowe, ci\u0119\u017carowe czy maszyny rolnicze. S\u0142u\u017c\u0105 do poprawy jako\u015bci powietrza emitowanego przez pojazdy. Zdarza si\u0119, \u017ce w wyniku eksploatacji i gromadzonej w nich sadzy oraz wszelkich zabrudze\u0144, przestaj\u0105 dzia\u0142a\u0107 lub dzia\u0142aj\u0105 s\u0142abiej. Konieczne wtedy jest ich wymiana. Na szcz\u0119\u015bcie nasza firma Kali\u0144ski, zajmuje &hellip; <a href=\"https:\/\/kalinski.pl\/serwis\/regeneracja-katalizatorow-i-filtrow-dpf-krakow\/\" class=\"more-link\">Czytaj dalej<span class=\"screen-reader-text\"> Regeneracja katalizator\u00f3w i filtr\u00f3w DPF Krak\u00f3w<\/span><\/a><\/p>\n","protected":false},"author":821795,"featured_media":0,"parent":0,"menu_order":0,"comment_status":"closed","ping_status":"closed","template":"","meta":{"footnotes":""},"class_list":["post-2722","page","type-page","status-publish","hentry"],"yoast_head":"<!-- This site is optimized with the Yoast SEO plugin v26.7 - https:\/\/yoast.com\/wordpress\/plugins\/seo\/ -->\n<title>Regeneracja katalizator\u00f3w i filtr\u00f3w DPF Krak\u00f3w | Kali\u0144ski<\/title>\n<meta name=\"description\" content=\"Nasze prawie 30-letnie do\u015bwiadczenie pozwala realizowa\u0107 us\u0142ugi z zakresu regeneracji katalizator\u00f3w i filtr\u00f3w DPF Krak\u00f3w.\" \/>\n<meta name=\"robots\" content=\"index, follow, max-snippet:-1, max-image-preview:large, max-video-preview:-1\" \/>\n<link rel=\"canonical\" href=\"https:\/\/kalinski.pl\/serwis\/regeneracja-katalizatorow-i-filtrow-dpf-krakow\/\" \/>\n<meta property=\"og:locale\" content=\"pl_PL\" \/>\n<meta property=\"og:type\" content=\"article\" \/>\n<meta property=\"og:title\" content=\"Regeneracja katalizator\u00f3w i filtr\u00f3w DPF Krak\u00f3w | Kali\u0144ski\" \/>\n<meta property=\"og:description\" content=\"Nasze prawie 30-letnie do\u015bwiadczenie pozwala realizowa\u0107 us\u0142ugi z zakresu regeneracji katalizator\u00f3w i filtr\u00f3w DPF Krak\u00f3w.\" \/>\n<meta property=\"og:url\" content=\"https:\/\/kalinski.pl\/serwis\/regeneracja-katalizatorow-i-filtrow-dpf-krakow\/\" \/>\n<meta property=\"og:site_name\" content=\"Kali\u0144ski\" \/>\n<meta property=\"article:modified_time\" content=\"2020-11-03T09:39:32+00:00\" \/>\n<meta property=\"og:image\" content=\"https:\/\/kalinski.pl\/wp-content\/uploads\/Filtry_Kalinski-1-1110x303.png\" \/>\n<meta name=\"twitter:card\" content=\"summary_large_image\" \/>\n<meta name=\"twitter:label1\" content=\"Szacowany czas czytania\" \/>\n\t<meta name=\"twitter:data1\" content=\"2 minuty\" \/>\n<script type=\"application\/ld+json\" class=\"yoast-schema-graph\">{\"@context\":\"https:\/\/schema.org\",\"@graph\":[{\"@type\":\"WebPage\",\"@id\":\"https:\/\/kalinski.pl\/serwis\/regeneracja-katalizatorow-i-filtrow-dpf-krakow\/\",\"url\":\"https:\/\/kalinski.pl\/serwis\/regeneracja-katalizatorow-i-filtrow-dpf-krakow\/\",\"name\":\"Regeneracja katalizator\u00f3w i filtr\u00f3w DPF Krak\u00f3w | Kali\u0144ski\",\"isPartOf\":{\"@id\":\"https:\/\/kalinski.pl\/serwis\/#website\"},\"primaryImageOfPage\":{\"@id\":\"https:\/\/kalinski.pl\/serwis\/regeneracja-katalizatorow-i-filtrow-dpf-krakow\/#primaryimage\"},\"image\":{\"@id\":\"https:\/\/kalinski.pl\/serwis\/regeneracja-katalizatorow-i-filtrow-dpf-krakow\/#primaryimage\"},\"thumbnailUrl\":\"https:\/\/kalinski.pl\/wp-content\/uploads\/Filtry_Kalinski-1-1110x303.png\",\"datePublished\":\"2020-11-03T09:37:13+00:00\",\"dateModified\":\"2020-11-03T09:39:32+00:00\",\"description\":\"Nasze prawie 30-letnie do\u015bwiadczenie pozwala realizowa\u0107 us\u0142ugi z zakresu regeneracji katalizator\u00f3w i filtr\u00f3w DPF Krak\u00f3w.\",\"breadcrumb\":{\"@id\":\"https:\/\/kalinski.pl\/serwis\/regeneracja-katalizatorow-i-filtrow-dpf-krakow\/#breadcrumb\"},\"inLanguage\":\"pl-PL\",\"potentialAction\":[{\"@type\":\"ReadAction\",\"target\":[\"https:\/\/kalinski.pl\/serwis\/regeneracja-katalizatorow-i-filtrow-dpf-krakow\/\"]}]},{\"@type\":\"ImageObject\",\"inLanguage\":\"pl-PL\",\"@id\":\"https:\/\/kalinski.pl\/serwis\/regeneracja-katalizatorow-i-filtrow-dpf-krakow\/#primaryimage\",\"url\":\"https:\/\/kalinski.pl\/wp-content\/uploads\/Filtry_Kalinski-1-1110x303.png\",\"contentUrl\":\"https:\/\/kalinski.pl\/wp-content\/uploads\/Filtry_Kalinski-1-1110x303.png\"},{\"@type\":\"BreadcrumbList\",\"@id\":\"https:\/\/kalinski.pl\/serwis\/regeneracja-katalizatorow-i-filtrow-dpf-krakow\/#breadcrumb\",\"itemListElement\":[{\"@type\":\"ListItem\",\"position\":1,\"name\":\"Strona g\u0142\u00f3wna\",\"item\":\"https:\/\/kalinski.pl\/serwis\/\"},{\"@type\":\"ListItem\",\"position\":2,\"name\":\"Regeneracja katalizator\u00f3w i filtr\u00f3w DPF Krak\u00f3w\"}]},{\"@type\":\"WebSite\",\"@id\":\"https:\/\/kalinski.pl\/serwis\/#website\",\"url\":\"https:\/\/kalinski.pl\/serwis\/\",\"name\":\"Kali\u0144ski\",\"description\":\"Uk\u0142ady wydechowe\",\"publisher\":{\"@id\":\"https:\/\/kalinski.pl\/serwis\/#organization\"},\"potentialAction\":[{\"@type\":\"SearchAction\",\"target\":{\"@type\":\"EntryPoint\",\"urlTemplate\":\"https:\/\/kalinski.pl\/serwis\/?s={search_term_string}\"},\"query-input\":{\"@type\":\"PropertyValueSpecification\",\"valueRequired\":true,\"valueName\":\"search_term_string\"}}],\"inLanguage\":\"pl-PL\"},{\"@type\":\"Organization\",\"@id\":\"https:\/\/kalinski.pl\/serwis\/#organization\",\"name\":\"Kali\u0144ski\",\"url\":\"https:\/\/kalinski.pl\/serwis\/\",\"logo\":{\"@type\":\"ImageObject\",\"inLanguage\":\"pl-PL\",\"@id\":\"https:\/\/kalinski.pl\/serwis\/#\/schema\/logo\/image\/\",\"url\":\"https:\/\/kalinski.pl\/serwis\/wp-content\/uploads\/2019\/03\/cropped-logo_white.jpg\",\"contentUrl\":\"https:\/\/kalinski.pl\/serwis\/wp-content\/uploads\/2019\/03\/cropped-logo_white.jpg\",\"width\":240,\"height\":63,\"caption\":\"Kali\u0144ski\"},\"image\":{\"@id\":\"https:\/\/kalinski.pl\/serwis\/#\/schema\/logo\/image\/\"}}]}<\/script>\n<!-- \/ Yoast SEO plugin. -->","yoast_head_json":{"title":"Regeneracja katalizator\u00f3w i filtr\u00f3w DPF Krak\u00f3w | Kali\u0144ski","description":"Nasze prawie 30-letnie do\u015bwiadczenie pozwala realizowa\u0107 us\u0142ugi z zakresu regeneracji katalizator\u00f3w i filtr\u00f3w DPF Krak\u00f3w.","robots":{"index":"index","follow":"follow","max-snippet":"max-snippet:-1","max-image-preview":"max-image-preview:large","max-video-preview":"max-video-preview:-1"},"canonical":"https:\/\/kalinski.pl\/serwis\/regeneracja-katalizatorow-i-filtrow-dpf-krakow\/","og_locale":"pl_PL","og_type":"article","og_title":"Regeneracja katalizator\u00f3w i filtr\u00f3w DPF Krak\u00f3w | Kali\u0144ski","og_description":"Nasze prawie 30-letnie do\u015bwiadczenie pozwala realizowa\u0107 us\u0142ugi z zakresu regeneracji katalizator\u00f3w i filtr\u00f3w DPF Krak\u00f3w.","og_url":"https:\/\/kalinski.pl\/serwis\/regeneracja-katalizatorow-i-filtrow-dpf-krakow\/","og_site_name":"Kali\u0144ski","article_modified_time":"2020-11-03T09:39:32+00:00","og_image":[{"url":"https:\/\/kalinski.pl\/wp-content\/uploads\/Filtry_Kalinski-1-1110x303.png","type":"","width":"","height":""}],"twitter_card":"summary_large_image","twitter_misc":{"Szacowany czas czytania":"2 minuty"},"schema":{"@context":"https:\/\/schema.org","@graph":[{"@type":"WebPage","@id":"https:\/\/kalinski.pl\/serwis\/regeneracja-katalizatorow-i-filtrow-dpf-krakow\/","url":"https:\/\/kalinski.pl\/serwis\/regeneracja-katalizatorow-i-filtrow-dpf-krakow\/","name":"Regeneracja katalizator\u00f3w i filtr\u00f3w DPF Krak\u00f3w | Kali\u0144ski","isPartOf":{"@id":"https:\/\/kalinski.pl\/serwis\/#website"},"primaryImageOfPage":{"@id":"https:\/\/kalinski.pl\/serwis\/regeneracja-katalizatorow-i-filtrow-dpf-krakow\/#primaryimage"},"image":{"@id":"https:\/\/kalinski.pl\/serwis\/regeneracja-katalizatorow-i-filtrow-dpf-krakow\/#primaryimage"},"thumbnailUrl":"https:\/\/kalinski.pl\/wp-content\/uploads\/Filtry_Kalinski-1-1110x303.png","datePublished":"2020-11-03T09:37:13+00:00","dateModified":"2020-11-03T09:39:32+00:00","description":"Nasze prawie 30-letnie do\u015bwiadczenie pozwala realizowa\u0107 us\u0142ugi z zakresu regeneracji katalizator\u00f3w i filtr\u00f3w DPF Krak\u00f3w.","breadcrumb":{"@id":"https:\/\/kalinski.pl\/serwis\/regeneracja-katalizatorow-i-filtrow-dpf-krakow\/#breadcrumb"},"inLanguage":"pl-PL","potentialAction":[{"@type":"ReadAction","target":["https:\/\/kalinski.pl\/serwis\/regeneracja-katalizatorow-i-filtrow-dpf-krakow\/"]}]},{"@type":"ImageObject","inLanguage":"pl-PL","@id":"https:\/\/kalinski.pl\/serwis\/regeneracja-katalizatorow-i-filtrow-dpf-krakow\/#primaryimage","url":"https:\/\/kalinski.pl\/wp-content\/uploads\/Filtry_Kalinski-1-1110x303.png","contentUrl":"https:\/\/kalinski.pl\/wp-content\/uploads\/Filtry_Kalinski-1-1110x303.png"},{"@type":"BreadcrumbList","@id":"https:\/\/kalinski.pl\/serwis\/regeneracja-katalizatorow-i-filtrow-dpf-krakow\/#breadcrumb","itemListElement":[{"@type":"ListItem","position":1,"name":"Strona g\u0142\u00f3wna","item":"https:\/\/kalinski.pl\/serwis\/"},{"@type":"ListItem","position":2,"name":"Regeneracja katalizator\u00f3w i filtr\u00f3w DPF Krak\u00f3w"}]},{"@type":"WebSite","@id":"https:\/\/kalinski.pl\/serwis\/#website","url":"https:\/\/kalinski.pl\/serwis\/","name":"Kali\u0144ski","description":"Uk\u0142ady wydechowe","publisher":{"@id":"https:\/\/kalinski.pl\/serwis\/#organization"},"potentialAction":[{"@type":"SearchAction","target":{"@type":"EntryPoint","urlTemplate":"https:\/\/kalinski.pl\/serwis\/?s={search_term_string}"},"query-input":{"@type":"PropertyValueSpecification","valueRequired":true,"valueName":"search_term_string"}}],"inLanguage":"pl-PL"},{"@type":"Organization","@id":"https:\/\/kalinski.pl\/serwis\/#organization","name":"Kali\u0144ski","url":"https:\/\/kalinski.pl\/serwis\/","logo":{"@type":"ImageObject","inLanguage":"pl-PL","@id":"https:\/\/kalinski.pl\/serwis\/#\/schema\/logo\/image\/","url":"https:\/\/kalinski.pl\/serwis\/wp-content\/uploads\/2019\/03\/cropped-logo_white.jpg","contentUrl":"https:\/\/kalinski.pl\/serwis\/wp-content\/uploads\/2019\/03\/cropped-logo_white.jpg","width":240,"height":63,"caption":"Kali\u0144ski"},"image":{"@id":"https:\/\/kalinski.pl\/serwis\/#\/schema\/logo\/image\/"}}]}},"_links":{"self":[{"href":"https:\/\/kalinski.pl\/serwis\/wp-json\/wp\/v2\/pages\/2722","targetHints":{"allow":["GET"]}}],"collection":[{"href":"https:\/\/kalinski.pl\/serwis\/wp-json\/wp\/v2\/pages"}],"about":[{"href":"https:\/\/kalinski.pl\/serwis\/wp-json\/wp\/v2\/types\/page"}],"author":[{"embeddable":true,"href":"https:\/\/kalinski.pl\/serwis\/wp-json\/wp\/v2\/users\/821795"}],"replies":[{"embeddable":true,"href":"https:\/\/kalinski.pl\/serwis\/wp-json\/wp\/v2\/comments?post=2722"}],"version-history":[{"count":0,"href":"https:\/\/kalinski.pl\/serwis\/wp-json\/wp\/v2\/pages\/2722\/revisions"}],"wp:attachment":[{"href":"https:\/\/kalinski.pl\/serwis\/wp-json\/wp\/v2\/media?parent=2722"}],"curies":[{"name":"wp","href":"https:\/\/api.w.org\/{rel}","templated":true}]}}