{"id":2720,"date":"2020-11-03T10:23:43","date_gmt":"2020-11-03T09:23:43","guid":{"rendered":"https:\/\/kalinski.pl\/?page_id=2720"},"modified":"2020-11-03T10:23:43","modified_gmt":"2020-11-03T09:23:43","slug":"regeneracja-katalizatorow-i-filtrow-dpf-kielce","status":"publish","type":"page","link":"https:\/\/kalinski.pl\/serwis\/regeneracja-katalizatorow-i-filtrow-dpf-kielce\/","title":{"rendered":"Regeneracja katalizator\u00f3w i filtr\u00f3w DPF Kielce"},"content":{"rendered":"\r\n<figure class=\"wp-block-image size-large\"><img fetchpriority=\"high\" decoding=\"async\" width=\"1110\" height=\"303\" class=\"wp-image-1568\" src=\"https:\/\/kalinski.pl\/wp-content\/uploads\/Filtry_Kalinski-1-1110x303.png\" alt=\"\"><\/figure>\r\n\r\n<p style=\"margin-top: 25px;\" align=\"justify\">Jednym z istotnych element\u00f3w uk\u0142adu wydechowego pojazd\u00f3w spalinowych s\u0105 katalizatory i filtry DPF. Katalizatory u\u017cywane s\u0105 w celu poprawy jako\u015bci powietrza. Jednak podczas eksploatacji auta gromadzi si\u0119 w nich sadza i zanieczyszczenia, kt\u00f3r\u0105 co jaki\u015b czas dobrze jest oczy\u015bci\u0107. Firma Kali\u0144ski zajmuje si\u0119 sprzeda\u017c\u0105 nowych katalizator\u00f3w i filtr\u00f3w DPF, ale tak\u017ce ich regeneracj\u0105. Na czym taka us\u0142uga polega? <strong>Regeneracja katalizator\u00f3w Kielce<\/strong> to us\u0142uga, w kt\u00f3rej oczyszczamy zalegaj\u0105ce w cz\u0119\u015bciach zabrudzenie i sadz\u0119, kt\u00f3ra gromadzi si\u0119 podczas u\u017cywania aut. Jest to mo\u017cliwe za pomoc\u0105 kilku metod, ale my wybieramy najskuteczniejsz\u0105, przeprowadzan\u0105 przy pomocy pieca marki Hartridge. To piec, kt\u00f3ry rekomendowany jest przez najwi\u0119kszych i najbardziej cenionych producent\u00f3w aut oraz cz\u0119\u015bci samochodowych.<\/p>\r\n<p align=\"justify\"><strong>Czyszczenie katalizator\u00f3w &#8211; Kielce<\/strong> odbywa si\u0119 \u201cna sucho\u201d, w bardzo wysokich temperaturach.<strong> Wypalanie katalizator\u00f3w (Kielce)<\/strong> powoduje, \u017ce zgromadzona w mikrokanalikach katalizatora i filtr\u00f3w sadza spala si\u0119. A popi\u00f3\u0142, kt\u00f3ry z tego spalania powstaje wydmuchiwany jest za pomoc\u0105 spr\u0119\u017conego powietrza. Dzi\u0119ki temu nie ma \u015blad\u00f3w po zanieczyszczeniach. Istnieje r\u00f3wnie\u017c mo\u017cliwo\u015b\u0107 wyp\u0142ukiwania zabrudze\u0144, ale metoda ta nie jest wed\u0142ug nas efektywna, gdy\u017c wraz z sadz\u0105 usuwane s\u0105 tak\u017ce wa\u017cne metale, kt\u00f3re wspieraj\u0105 dzia\u0142anie filtr\u00f3w. Taka <strong>regeneracja DPF &#8211; Kielce<\/strong> to us\u0142uga dost\u0119pna w ca\u0142ej Polsce. Do naszej siedziby w Chybach sp\u0142ywaj\u0105 cz\u0119\u015bci z ca\u0142ego kraju, sprawdzamy ich stan i oceniamy, czy jest szansa na regeneracj\u0119, czy lepiej wybra\u0107 nowy katalizator. Oczyszczone cz\u0119\u015bci odsy\u0142amy na podany przez Pa\u0144stwa adres, docieramy wsz\u0119dzie tam, gdzie jest w stanie dotrze\u0107 kurier.<\/p>\r\n<p align=\"justify\">Je\u015bli zale\u017cy Pa\u0144stwu na utrzymanie auta w sprawno\u015bci, zw\u0142aszcza je\u015bli planujecie dalekie podr\u00f3\u017ce &#8211; <strong>czyszczenie filtr\u00f3w DPF &#8211; Kielce<\/strong>, to us\u0142uga, kt\u00f3r\u0105 wykonujemy z pasj\u0105 i ogromn\u0105 wiedz\u0105, kt\u00f3r\u0105 nabyli\u015bmy podczas d\u0142ugoletniego do\u015bwiadczenia. Zapraszamy do skorzystania z naszych us\u0142ug.<\/p>\r\n<p>&nbsp;<\/p>\r\n\r\n<div class=\"wp-block-columns is-layout-flex wp-container-core-columns-is-layout-1 wp-block-columns-is-layout-flex\">\r\n<div class=\"wp-block-column is-layout-flow wp-block-column-is-layout-flow\">\r\n<p><strong>Kali\u0144ski<\/strong><\/p>\r\n\r\n\r\n<p>ul. Szamotulska 40<\/p>\r\n\r\n\r\n<p>62-081 Chyby \/ Pozna\u0144<\/p>\r\n\r\n\r\n<p><strong>Sklep internetowy<\/strong><\/p>\r\n\r\n\r\n<p><a href=\"tel:0048691545545\">+48 691 545 545<\/a><\/p>\r\n\r\n\r\n<p><a>sklep@kalinski.pl<\/a><\/p>\r\n\r\n\r\n<p><strong>Serwis stacjonarny<\/strong><\/p>\r\n\r\n\r\n<p><a href=\"tel:004861 8142777\">+48 61 814 27 77<\/a><\/p>\r\n\r\n\r\n<p><a>serwis@kalinski.pl<\/a><\/p>\r\n<\/div>\r\n\r\n\r\n<div class=\"wp-block-column is-layout-flow wp-block-column-is-layout-flow\"> [contact-form-7 id=&#8221;2271&#8243; title=&#8221;Formularz 1_copy&#8221;] <\/div>\r\n<\/div>\r\n\r\n\r\n<p><iframe style=\"border: 0;\" tabindex=\"0\" src=\"https:\/\/www.google.com\/maps\/embed?pb=!1m18!1m12!1m3!1d2431.024961043721!2d16.7608539158053!3d52.460575379803046!2m3!1f0!2f0!3f0!3m2!1i1024!2i768!4f13.1!3m3!1m2!1s0x470441321c9562cb%3A0xee0284f60b138572!2sSzamotulska%2040%2C%2062-081%20Chyby!5e0!3m2!1spl!2spl!4v1598862248906!5m2!1spl!2spl\" width=\"100%\" height=\"400\" frameborder=\"0\" allowfullscreen=\"allowfullscreen\" aria-hidden=\"false\"><span data-mce-type=\"bookmark\" style=\"display: inline-block; width: 0px; overflow: hidden; line-height: 0;\" class=\"mce_SELRES_start\">\ufeff<\/span><\/iframe><\/p>\r\n\r\n","protected":false},"excerpt":{"rendered":"<p>Jednym z istotnych element\u00f3w uk\u0142adu wydechowego pojazd\u00f3w spalinowych s\u0105 katalizatory i filtry DPF. Katalizatory u\u017cywane s\u0105 w celu poprawy jako\u015bci powietrza. Jednak podczas eksploatacji auta gromadzi si\u0119 w nich sadza i zanieczyszczenia, kt\u00f3r\u0105 co jaki\u015b czas dobrze jest oczy\u015bci\u0107. Firma Kali\u0144ski zajmuje si\u0119 sprzeda\u017c\u0105 nowych katalizator\u00f3w i filtr\u00f3w DPF, ale tak\u017ce ich regeneracj\u0105. Na czym &hellip; <a href=\"https:\/\/kalinski.pl\/serwis\/regeneracja-katalizatorow-i-filtrow-dpf-kielce\/\" class=\"more-link\">Czytaj dalej<span class=\"screen-reader-text\"> Regeneracja katalizator\u00f3w i filtr\u00f3w DPF Kielce<\/span><\/a><\/p>\n","protected":false},"author":821795,"featured_media":0,"parent":0,"menu_order":0,"comment_status":"closed","ping_status":"closed","template":"","meta":{"footnotes":""},"class_list":["post-2720","page","type-page","status-publish","hentry"],"yoast_head":"<!-- This site is optimized with the Yoast SEO plugin v26.7 - https:\/\/yoast.com\/wordpress\/plugins\/seo\/ -->\n<title>Regeneracja katalizator\u00f3w i filtr\u00f3w DPF Kielce | Kali\u0144ski<\/title>\n<meta name=\"description\" content=\"Regeneracja katalizator\u00f3w i filtr\u00f3w DPF Kielce to jedna z wielu us\u0142ug, jakie \u015bwiadczymy w naszym serwisie, realizujemy us\u0142ug\u0119 r\u00f3wnie\u017c zdalnie.\" \/>\n<meta name=\"robots\" content=\"index, follow, max-snippet:-1, max-image-preview:large, max-video-preview:-1\" \/>\n<link rel=\"canonical\" href=\"https:\/\/kalinski.pl\/serwis\/regeneracja-katalizatorow-i-filtrow-dpf-kielce\/\" \/>\n<meta property=\"og:locale\" content=\"pl_PL\" \/>\n<meta property=\"og:type\" content=\"article\" \/>\n<meta property=\"og:title\" content=\"Regeneracja katalizator\u00f3w i filtr\u00f3w DPF Kielce | Kali\u0144ski\" \/>\n<meta property=\"og:description\" content=\"Regeneracja katalizator\u00f3w i filtr\u00f3w DPF Kielce to jedna z wielu us\u0142ug, jakie \u015bwiadczymy w naszym serwisie, realizujemy us\u0142ug\u0119 r\u00f3wnie\u017c zdalnie.\" \/>\n<meta property=\"og:url\" content=\"https:\/\/kalinski.pl\/serwis\/regeneracja-katalizatorow-i-filtrow-dpf-kielce\/\" \/>\n<meta property=\"og:site_name\" content=\"Kali\u0144ski\" \/>\n<meta property=\"og:image\" content=\"https:\/\/kalinski.pl\/wp-content\/uploads\/Filtry_Kalinski-1-1110x303.png\" \/>\n<meta name=\"twitter:card\" content=\"summary_large_image\" \/>\n<meta name=\"twitter:label1\" content=\"Szacowany czas czytania\" \/>\n\t<meta name=\"twitter:data1\" content=\"2 minuty\" \/>\n<script type=\"application\/ld+json\" class=\"yoast-schema-graph\">{\"@context\":\"https:\/\/schema.org\",\"@graph\":[{\"@type\":\"WebPage\",\"@id\":\"https:\/\/kalinski.pl\/serwis\/regeneracja-katalizatorow-i-filtrow-dpf-kielce\/\",\"url\":\"https:\/\/kalinski.pl\/serwis\/regeneracja-katalizatorow-i-filtrow-dpf-kielce\/\",\"name\":\"Regeneracja katalizator\u00f3w i filtr\u00f3w DPF Kielce | Kali\u0144ski\",\"isPartOf\":{\"@id\":\"https:\/\/kalinski.pl\/serwis\/#website\"},\"primaryImageOfPage\":{\"@id\":\"https:\/\/kalinski.pl\/serwis\/regeneracja-katalizatorow-i-filtrow-dpf-kielce\/#primaryimage\"},\"image\":{\"@id\":\"https:\/\/kalinski.pl\/serwis\/regeneracja-katalizatorow-i-filtrow-dpf-kielce\/#primaryimage\"},\"thumbnailUrl\":\"https:\/\/kalinski.pl\/wp-content\/uploads\/Filtry_Kalinski-1-1110x303.png\",\"datePublished\":\"2020-11-03T09:23:43+00:00\",\"description\":\"Regeneracja katalizator\u00f3w i filtr\u00f3w DPF Kielce to jedna z wielu us\u0142ug, jakie \u015bwiadczymy w naszym serwisie, realizujemy us\u0142ug\u0119 r\u00f3wnie\u017c zdalnie.\",\"breadcrumb\":{\"@id\":\"https:\/\/kalinski.pl\/serwis\/regeneracja-katalizatorow-i-filtrow-dpf-kielce\/#breadcrumb\"},\"inLanguage\":\"pl-PL\",\"potentialAction\":[{\"@type\":\"ReadAction\",\"target\":[\"https:\/\/kalinski.pl\/serwis\/regeneracja-katalizatorow-i-filtrow-dpf-kielce\/\"]}]},{\"@type\":\"ImageObject\",\"inLanguage\":\"pl-PL\",\"@id\":\"https:\/\/kalinski.pl\/serwis\/regeneracja-katalizatorow-i-filtrow-dpf-kielce\/#primaryimage\",\"url\":\"https:\/\/kalinski.pl\/wp-content\/uploads\/Filtry_Kalinski-1-1110x303.png\",\"contentUrl\":\"https:\/\/kalinski.pl\/wp-content\/uploads\/Filtry_Kalinski-1-1110x303.png\"},{\"@type\":\"BreadcrumbList\",\"@id\":\"https:\/\/kalinski.pl\/serwis\/regeneracja-katalizatorow-i-filtrow-dpf-kielce\/#breadcrumb\",\"itemListElement\":[{\"@type\":\"ListItem\",\"position\":1,\"name\":\"Strona g\u0142\u00f3wna\",\"item\":\"https:\/\/kalinski.pl\/serwis\/\"},{\"@type\":\"ListItem\",\"position\":2,\"name\":\"Regeneracja katalizator\u00f3w i filtr\u00f3w DPF Kielce\"}]},{\"@type\":\"WebSite\",\"@id\":\"https:\/\/kalinski.pl\/serwis\/#website\",\"url\":\"https:\/\/kalinski.pl\/serwis\/\",\"name\":\"Kali\u0144ski\",\"description\":\"Uk\u0142ady wydechowe\",\"publisher\":{\"@id\":\"https:\/\/kalinski.pl\/serwis\/#organization\"},\"potentialAction\":[{\"@type\":\"SearchAction\",\"target\":{\"@type\":\"EntryPoint\",\"urlTemplate\":\"https:\/\/kalinski.pl\/serwis\/?s={search_term_string}\"},\"query-input\":{\"@type\":\"PropertyValueSpecification\",\"valueRequired\":true,\"valueName\":\"search_term_string\"}}],\"inLanguage\":\"pl-PL\"},{\"@type\":\"Organization\",\"@id\":\"https:\/\/kalinski.pl\/serwis\/#organization\",\"name\":\"Kali\u0144ski\",\"url\":\"https:\/\/kalinski.pl\/serwis\/\",\"logo\":{\"@type\":\"ImageObject\",\"inLanguage\":\"pl-PL\",\"@id\":\"https:\/\/kalinski.pl\/serwis\/#\/schema\/logo\/image\/\",\"url\":\"https:\/\/kalinski.pl\/serwis\/wp-content\/uploads\/2019\/03\/cropped-logo_white.jpg\",\"contentUrl\":\"https:\/\/kalinski.pl\/serwis\/wp-content\/uploads\/2019\/03\/cropped-logo_white.jpg\",\"width\":240,\"height\":63,\"caption\":\"Kali\u0144ski\"},\"image\":{\"@id\":\"https:\/\/kalinski.pl\/serwis\/#\/schema\/logo\/image\/\"}}]}<\/script>\n<!-- \/ Yoast SEO plugin. -->","yoast_head_json":{"title":"Regeneracja katalizator\u00f3w i filtr\u00f3w DPF Kielce | Kali\u0144ski","description":"Regeneracja katalizator\u00f3w i filtr\u00f3w DPF Kielce to jedna z wielu us\u0142ug, jakie \u015bwiadczymy w naszym serwisie, realizujemy us\u0142ug\u0119 r\u00f3wnie\u017c zdalnie.","robots":{"index":"index","follow":"follow","max-snippet":"max-snippet:-1","max-image-preview":"max-image-preview:large","max-video-preview":"max-video-preview:-1"},"canonical":"https:\/\/kalinski.pl\/serwis\/regeneracja-katalizatorow-i-filtrow-dpf-kielce\/","og_locale":"pl_PL","og_type":"article","og_title":"Regeneracja katalizator\u00f3w i filtr\u00f3w DPF Kielce | Kali\u0144ski","og_description":"Regeneracja katalizator\u00f3w i filtr\u00f3w DPF Kielce to jedna z wielu us\u0142ug, jakie \u015bwiadczymy w naszym serwisie, realizujemy us\u0142ug\u0119 r\u00f3wnie\u017c zdalnie.","og_url":"https:\/\/kalinski.pl\/serwis\/regeneracja-katalizatorow-i-filtrow-dpf-kielce\/","og_site_name":"Kali\u0144ski","og_image":[{"url":"https:\/\/kalinski.pl\/wp-content\/uploads\/Filtry_Kalinski-1-1110x303.png","type":"","width":"","height":""}],"twitter_card":"summary_large_image","twitter_misc":{"Szacowany czas czytania":"2 minuty"},"schema":{"@context":"https:\/\/schema.org","@graph":[{"@type":"WebPage","@id":"https:\/\/kalinski.pl\/serwis\/regeneracja-katalizatorow-i-filtrow-dpf-kielce\/","url":"https:\/\/kalinski.pl\/serwis\/regeneracja-katalizatorow-i-filtrow-dpf-kielce\/","name":"Regeneracja katalizator\u00f3w i filtr\u00f3w DPF Kielce | Kali\u0144ski","isPartOf":{"@id":"https:\/\/kalinski.pl\/serwis\/#website"},"primaryImageOfPage":{"@id":"https:\/\/kalinski.pl\/serwis\/regeneracja-katalizatorow-i-filtrow-dpf-kielce\/#primaryimage"},"image":{"@id":"https:\/\/kalinski.pl\/serwis\/regeneracja-katalizatorow-i-filtrow-dpf-kielce\/#primaryimage"},"thumbnailUrl":"https:\/\/kalinski.pl\/wp-content\/uploads\/Filtry_Kalinski-1-1110x303.png","datePublished":"2020-11-03T09:23:43+00:00","description":"Regeneracja katalizator\u00f3w i filtr\u00f3w DPF Kielce to jedna z wielu us\u0142ug, jakie \u015bwiadczymy w naszym serwisie, realizujemy us\u0142ug\u0119 r\u00f3wnie\u017c zdalnie.","breadcrumb":{"@id":"https:\/\/kalinski.pl\/serwis\/regeneracja-katalizatorow-i-filtrow-dpf-kielce\/#breadcrumb"},"inLanguage":"pl-PL","potentialAction":[{"@type":"ReadAction","target":["https:\/\/kalinski.pl\/serwis\/regeneracja-katalizatorow-i-filtrow-dpf-kielce\/"]}]},{"@type":"ImageObject","inLanguage":"pl-PL","@id":"https:\/\/kalinski.pl\/serwis\/regeneracja-katalizatorow-i-filtrow-dpf-kielce\/#primaryimage","url":"https:\/\/kalinski.pl\/wp-content\/uploads\/Filtry_Kalinski-1-1110x303.png","contentUrl":"https:\/\/kalinski.pl\/wp-content\/uploads\/Filtry_Kalinski-1-1110x303.png"},{"@type":"BreadcrumbList","@id":"https:\/\/kalinski.pl\/serwis\/regeneracja-katalizatorow-i-filtrow-dpf-kielce\/#breadcrumb","itemListElement":[{"@type":"ListItem","position":1,"name":"Strona g\u0142\u00f3wna","item":"https:\/\/kalinski.pl\/serwis\/"},{"@type":"ListItem","position":2,"name":"Regeneracja katalizator\u00f3w i filtr\u00f3w DPF Kielce"}]},{"@type":"WebSite","@id":"https:\/\/kalinski.pl\/serwis\/#website","url":"https:\/\/kalinski.pl\/serwis\/","name":"Kali\u0144ski","description":"Uk\u0142ady wydechowe","publisher":{"@id":"https:\/\/kalinski.pl\/serwis\/#organization"},"potentialAction":[{"@type":"SearchAction","target":{"@type":"EntryPoint","urlTemplate":"https:\/\/kalinski.pl\/serwis\/?s={search_term_string}"},"query-input":{"@type":"PropertyValueSpecification","valueRequired":true,"valueName":"search_term_string"}}],"inLanguage":"pl-PL"},{"@type":"Organization","@id":"https:\/\/kalinski.pl\/serwis\/#organization","name":"Kali\u0144ski","url":"https:\/\/kalinski.pl\/serwis\/","logo":{"@type":"ImageObject","inLanguage":"pl-PL","@id":"https:\/\/kalinski.pl\/serwis\/#\/schema\/logo\/image\/","url":"https:\/\/kalinski.pl\/serwis\/wp-content\/uploads\/2019\/03\/cropped-logo_white.jpg","contentUrl":"https:\/\/kalinski.pl\/serwis\/wp-content\/uploads\/2019\/03\/cropped-logo_white.jpg","width":240,"height":63,"caption":"Kali\u0144ski"},"image":{"@id":"https:\/\/kalinski.pl\/serwis\/#\/schema\/logo\/image\/"}}]}},"_links":{"self":[{"href":"https:\/\/kalinski.pl\/serwis\/wp-json\/wp\/v2\/pages\/2720","targetHints":{"allow":["GET"]}}],"collection":[{"href":"https:\/\/kalinski.pl\/serwis\/wp-json\/wp\/v2\/pages"}],"about":[{"href":"https:\/\/kalinski.pl\/serwis\/wp-json\/wp\/v2\/types\/page"}],"author":[{"embeddable":true,"href":"https:\/\/kalinski.pl\/serwis\/wp-json\/wp\/v2\/users\/821795"}],"replies":[{"embeddable":true,"href":"https:\/\/kalinski.pl\/serwis\/wp-json\/wp\/v2\/comments?post=2720"}],"version-history":[{"count":0,"href":"https:\/\/kalinski.pl\/serwis\/wp-json\/wp\/v2\/pages\/2720\/revisions"}],"wp:attachment":[{"href":"https:\/\/kalinski.pl\/serwis\/wp-json\/wp\/v2\/media?parent=2720"}],"curies":[{"name":"wp","href":"https:\/\/api.w.org\/{rel}","templated":true}]}}