{"id":2714,"date":"2020-11-02T12:25:24","date_gmt":"2020-11-02T11:25:24","guid":{"rendered":"https:\/\/kalinski.pl\/?page_id=2714"},"modified":"2020-11-02T12:25:24","modified_gmt":"2020-11-02T11:25:24","slug":"regeneracja-katalizatorow-i-filtrow-dpf-bytom","status":"publish","type":"page","link":"https:\/\/kalinski.pl\/serwis\/regeneracja-katalizatorow-i-filtrow-dpf-bytom\/","title":{"rendered":"Regeneracja katalizator\u00f3w i filtr\u00f3w DPF Bytom"},"content":{"rendered":"\r\n<figure class=\"wp-block-image size-large\"><img fetchpriority=\"high\" decoding=\"async\" width=\"1110\" height=\"303\" class=\"wp-image-1568\" src=\"https:\/\/kalinski.pl\/wp-content\/uploads\/Filtry_Kalinski-1-1110x303.png\" alt=\"\"><\/figure>\r\n\r\n<p style=\"margin-top: 25px;\" align=\"justify\">Katalizatory s\u0105 jednym z element\u00f3w uk\u0142adu wydechowego pojazd\u00f3w spalinowych. U\u017cywany jest w celu poprawy jako\u015bci powietrza. Zdarza si\u0119 wi\u0119c, \u017ce przestaje dzia\u0142a\u0107 poprawnie z powodu zgromadzonej w nim sadzy i zabrudze\u0144. Nasza firma zajmuje si\u0119 zar\u00f3wno sprzeda\u017c\u0105 katalizator\u00f3w i filtr\u00f3w DPF, jak i czyszczeniem ich oraz regeneracj\u0105. <strong>Czym jest regeneracja katalizator\u00f3w Bytom? Czyszczenie katalizator\u00f3w Bytom<\/strong> to proces, w kt\u00f3rym oczyszczane s\u0105 zalegaj\u0105ce w cz\u0119\u015bciach drobinki sadzy i innych zanieczyszcze\u0144 zbieraj\u0105ce si\u0119 podczas eksploatacji auta.<\/p>\r\n<p align=\"justify\">Regeneracja mo\u017ce odbywa\u0107 si\u0119 kilkoma metodami, na przyk\u0142ad w procesie wypalania cz\u0119\u015bci, p\u0142ukania ich lub wydmuchiwania zabrudzenia przy u\u017cyciu spr\u0119\u017conego powietrza. Zesp\u00f3\u0142 firmy Kali\u0144ski zgodnie uwa\u017ca, \u017ce najefektywniejszym sposobem na regeneracj\u0119 katalizator\u00f3w i filtr\u00f3w DPF jest wypalanie. <strong>Wypalanie katalizator\u00f3w Bytom<\/strong> odbywa si\u0119 w specjalnym piecu, w naszej firmie u\u017cywamy do tego pieca marki Hartridge. To urz\u0105dzenie, kt\u00f3re polecaj\u0105 najwi\u0119ksi producenci aut oraz samochodowych cz\u0119\u015bci. Regeneracja odbywa si\u0119 \u201cna sucho\u201d, w bardzo wysokiej temperaturze, co powoduje, \u017ce zgromadzona w mikrokanalikach sadza spala si\u0119, a popi\u00f3\u0142 z niej wydmuchiwany jest spr\u0119\u017conym powietrzem. Czemu nie decydujemy si\u0119 na wyp\u0142ukiwanie zanieczyszcze\u0144? Poniewa\u017c podczas p\u0142ukania usuwana jest nie tylko sadza, ale tak\u017ce wa\u017cne metale, przez co filtry dzia\u0142aj\u0105 znacznie s\u0142abiej.<\/p>\r\n<p align=\"justify\"><strong>Czyszczenie filtr\u00f3w DPF Bytom<\/strong> to niezb\u0119dne dzia\u0142anie, je\u015bli chc\u0105 Pa\u0144stwo utrzyma\u0107 swoje auto sprawne. Sprawne cz\u0119\u015bci wa\u017cne s\u0105 zw\u0142aszcza podczas dalszych podr\u00f3\u017cy, dlatego zadbaj o nie ju\u017c teraz oddaj\u0105c katalizatory i filtry DPF w r\u0119ce firmy, kt\u00f3ra z pasj\u0105 i do\u015bwiadczeniem po\u0142\u0105czonym z dba\u0142o\u015bci\u0105 o ka\u017cdy szczeg\u00f3\u0142 sprawi, \u017ce <strong>regeneracja DPF Bytom<\/strong> odb\u0119dzie si\u0119 na najwy\u017cszym poziomie. Powierzenie nam cz\u0119\u015bci swojego auta to pewno\u015b\u0107, \u017ce zostan\u0105 potraktowane z nale\u017cyt\u0105 ostro\u017cno\u015bci\u0105, a us\u0142uga regeneracji zostanie wykonana na najwy\u017cszym poziomie. Wiemy, \u017ce nasza praca sprawia, \u017ce Pa\u0144stwa auto funkcjonowa\u0107 b\u0119dzie prawid\u0142owo, nawet w dalekich podr\u00f3\u017cach, a jednocze\u015bnie zmniejszysz emisj\u0119 niebezpiecznych dla zdrowia i \u015brodowiska spalin.<\/p>\r\n<p align=\"justify\">Wystarczy przekaza\u0107 nam uszkodzony katalizator lub filtr DPF, my sprawdzimy jego stan techniczny, dzi\u0119ki najnowocze\u015bniejszym maszynom, i zregenerujemy je, aby dzia\u0142a\u0142y jak nowe. Nast\u0119pnie ode\u015blemy je do Pa\u0144stwa. Jeste\u015bmy w stanie dostarczy\u0107 nasze produkty oraz us\u0142ugi wsz\u0119dzie tam, gdzie dociera kurier. Dzi\u0119ki temu dotrzemy r\u00f3wnie\u017c do Pa\u0144stwa.<\/p>\r\n\r\n<div class=\"wp-block-columns is-layout-flex wp-container-core-columns-is-layout-1 wp-block-columns-is-layout-flex\">\r\n<div class=\"wp-block-column is-layout-flow wp-block-column-is-layout-flow\">\r\n<p><strong>Kali\u0144ski<\/strong><\/p>\r\n\r\n\r\n<p>ul. Szamotulska 40<\/p>\r\n\r\n\r\n<p>62-081 Chyby \/ Pozna\u0144<\/p>\r\n\r\n\r\n<p><strong>Sklep internetowy<\/strong><\/p>\r\n\r\n\r\n<p><a href=\"tel:0048691545545\">+48 691 545 545<\/a><\/p>\r\n\r\n\r\n<p><a>sklep@kalinski.pl<\/a><\/p>\r\n\r\n\r\n<p><strong>Serwis stacjonarny<\/strong><\/p>\r\n\r\n\r\n<p><a href=\"tel:004861 8142777\">+48 61 814 27 77<\/a><\/p>\r\n\r\n\r\n<p><a>serwis@kalinski.pl<\/a><\/p>\r\n<\/div>\r\n\r\n\r\n<div class=\"wp-block-column is-layout-flow wp-block-column-is-layout-flow\"> [contact-form-7 id=&#8221;2271&#8243; title=&#8221;Formularz 1_copy&#8221;] <\/div>\r\n<\/div>\r\n\r\n\r\n<p><iframe style=\"border: 0;\" tabindex=\"0\" src=\"https:\/\/www.google.com\/maps\/embed?pb=!1m18!1m12!1m3!1d2431.024961043721!2d16.7608539158053!3d52.460575379803046!2m3!1f0!2f0!3f0!3m2!1i1024!2i768!4f13.1!3m3!1m2!1s0x470441321c9562cb%3A0xee0284f60b138572!2sSzamotulska%2040%2C%2062-081%20Chyby!5e0!3m2!1spl!2spl!4v1598862248906!5m2!1spl!2spl\" width=\"100%\" height=\"400\" frameborder=\"0\" allowfullscreen=\"allowfullscreen\" aria-hidden=\"false\"><span data-mce-type=\"bookmark\" style=\"display: inline-block; width: 0px; overflow: hidden; line-height: 0;\" class=\"mce_SELRES_start\">\ufeff<\/span><\/iframe><\/p>\r\n\r\n","protected":false},"excerpt":{"rendered":"<p>Katalizatory s\u0105 jednym z element\u00f3w uk\u0142adu wydechowego pojazd\u00f3w spalinowych. U\u017cywany jest w celu poprawy jako\u015bci powietrza. Zdarza si\u0119 wi\u0119c, \u017ce przestaje dzia\u0142a\u0107 poprawnie z powodu zgromadzonej w nim sadzy i zabrudze\u0144. Nasza firma zajmuje si\u0119 zar\u00f3wno sprzeda\u017c\u0105 katalizator\u00f3w i filtr\u00f3w DPF, jak i czyszczeniem ich oraz regeneracj\u0105. Czym jest regeneracja katalizator\u00f3w Bytom? Czyszczenie katalizator\u00f3w Bytom &hellip; <a href=\"https:\/\/kalinski.pl\/serwis\/regeneracja-katalizatorow-i-filtrow-dpf-bytom\/\" class=\"more-link\">Czytaj dalej<span class=\"screen-reader-text\"> Regeneracja katalizator\u00f3w i filtr\u00f3w DPF Bytom<\/span><\/a><\/p>\n","protected":false},"author":821795,"featured_media":0,"parent":0,"menu_order":0,"comment_status":"closed","ping_status":"closed","template":"","meta":{"footnotes":""},"class_list":["post-2714","page","type-page","status-publish","hentry"],"yoast_head":"<!-- This site is optimized with the Yoast SEO plugin v26.7 - https:\/\/yoast.com\/wordpress\/plugins\/seo\/ -->\n<title>Regeneracja katalizator\u00f3w i filtr\u00f3w DPF Bytom | Kali\u0144ski<\/title>\n<meta name=\"robots\" content=\"index, follow, max-snippet:-1, max-image-preview:large, max-video-preview:-1\" \/>\n<link rel=\"canonical\" href=\"https:\/\/kalinski.pl\/serwis\/regeneracja-katalizatorow-i-filtrow-dpf-bytom\/\" \/>\n<meta property=\"og:locale\" content=\"pl_PL\" \/>\n<meta property=\"og:type\" content=\"article\" \/>\n<meta property=\"og:title\" content=\"Regeneracja katalizator\u00f3w i filtr\u00f3w DPF Bytom | Kali\u0144ski\" \/>\n<meta property=\"og:description\" content=\"Katalizatory s\u0105 jednym z element\u00f3w uk\u0142adu wydechowego pojazd\u00f3w spalinowych. U\u017cywany jest w celu poprawy jako\u015bci powietrza. Zdarza si\u0119 wi\u0119c, \u017ce przestaje dzia\u0142a\u0107 poprawnie z powodu zgromadzonej w nim sadzy i zabrudze\u0144. Nasza firma zajmuje si\u0119 zar\u00f3wno sprzeda\u017c\u0105 katalizator\u00f3w i filtr\u00f3w DPF, jak i czyszczeniem ich oraz regeneracj\u0105. Czym jest regeneracja katalizator\u00f3w Bytom? Czyszczenie katalizator\u00f3w Bytom &hellip; Czytaj dalej Regeneracja katalizator\u00f3w i filtr\u00f3w DPF Bytom\" \/>\n<meta property=\"og:url\" content=\"https:\/\/kalinski.pl\/serwis\/regeneracja-katalizatorow-i-filtrow-dpf-bytom\/\" \/>\n<meta property=\"og:site_name\" content=\"Kali\u0144ski\" \/>\n<meta property=\"og:image\" content=\"https:\/\/kalinski.pl\/wp-content\/uploads\/Filtry_Kalinski-1-1110x303.png\" \/>\n<meta name=\"twitter:card\" content=\"summary_large_image\" \/>\n<meta name=\"twitter:label1\" content=\"Szacowany czas czytania\" \/>\n\t<meta name=\"twitter:data1\" content=\"2 minuty\" \/>\n<script type=\"application\/ld+json\" class=\"yoast-schema-graph\">{\"@context\":\"https:\/\/schema.org\",\"@graph\":[{\"@type\":\"WebPage\",\"@id\":\"https:\/\/kalinski.pl\/serwis\/regeneracja-katalizatorow-i-filtrow-dpf-bytom\/\",\"url\":\"https:\/\/kalinski.pl\/serwis\/regeneracja-katalizatorow-i-filtrow-dpf-bytom\/\",\"name\":\"Regeneracja katalizator\u00f3w i filtr\u00f3w DPF Bytom | Kali\u0144ski\",\"isPartOf\":{\"@id\":\"https:\/\/kalinski.pl\/serwis\/#website\"},\"primaryImageOfPage\":{\"@id\":\"https:\/\/kalinski.pl\/serwis\/regeneracja-katalizatorow-i-filtrow-dpf-bytom\/#primaryimage\"},\"image\":{\"@id\":\"https:\/\/kalinski.pl\/serwis\/regeneracja-katalizatorow-i-filtrow-dpf-bytom\/#primaryimage\"},\"thumbnailUrl\":\"https:\/\/kalinski.pl\/wp-content\/uploads\/Filtry_Kalinski-1-1110x303.png\",\"datePublished\":\"2020-11-02T11:25:24+00:00\",\"breadcrumb\":{\"@id\":\"https:\/\/kalinski.pl\/serwis\/regeneracja-katalizatorow-i-filtrow-dpf-bytom\/#breadcrumb\"},\"inLanguage\":\"pl-PL\",\"potentialAction\":[{\"@type\":\"ReadAction\",\"target\":[\"https:\/\/kalinski.pl\/serwis\/regeneracja-katalizatorow-i-filtrow-dpf-bytom\/\"]}]},{\"@type\":\"ImageObject\",\"inLanguage\":\"pl-PL\",\"@id\":\"https:\/\/kalinski.pl\/serwis\/regeneracja-katalizatorow-i-filtrow-dpf-bytom\/#primaryimage\",\"url\":\"https:\/\/kalinski.pl\/wp-content\/uploads\/Filtry_Kalinski-1-1110x303.png\",\"contentUrl\":\"https:\/\/kalinski.pl\/wp-content\/uploads\/Filtry_Kalinski-1-1110x303.png\"},{\"@type\":\"BreadcrumbList\",\"@id\":\"https:\/\/kalinski.pl\/serwis\/regeneracja-katalizatorow-i-filtrow-dpf-bytom\/#breadcrumb\",\"itemListElement\":[{\"@type\":\"ListItem\",\"position\":1,\"name\":\"Strona g\u0142\u00f3wna\",\"item\":\"https:\/\/kalinski.pl\/serwis\/\"},{\"@type\":\"ListItem\",\"position\":2,\"name\":\"Regeneracja katalizator\u00f3w i filtr\u00f3w DPF Bytom\"}]},{\"@type\":\"WebSite\",\"@id\":\"https:\/\/kalinski.pl\/serwis\/#website\",\"url\":\"https:\/\/kalinski.pl\/serwis\/\",\"name\":\"Kali\u0144ski\",\"description\":\"Uk\u0142ady wydechowe\",\"publisher\":{\"@id\":\"https:\/\/kalinski.pl\/serwis\/#organization\"},\"potentialAction\":[{\"@type\":\"SearchAction\",\"target\":{\"@type\":\"EntryPoint\",\"urlTemplate\":\"https:\/\/kalinski.pl\/serwis\/?s={search_term_string}\"},\"query-input\":{\"@type\":\"PropertyValueSpecification\",\"valueRequired\":true,\"valueName\":\"search_term_string\"}}],\"inLanguage\":\"pl-PL\"},{\"@type\":\"Organization\",\"@id\":\"https:\/\/kalinski.pl\/serwis\/#organization\",\"name\":\"Kali\u0144ski\",\"url\":\"https:\/\/kalinski.pl\/serwis\/\",\"logo\":{\"@type\":\"ImageObject\",\"inLanguage\":\"pl-PL\",\"@id\":\"https:\/\/kalinski.pl\/serwis\/#\/schema\/logo\/image\/\",\"url\":\"https:\/\/kalinski.pl\/serwis\/wp-content\/uploads\/2019\/03\/cropped-logo_white.jpg\",\"contentUrl\":\"https:\/\/kalinski.pl\/serwis\/wp-content\/uploads\/2019\/03\/cropped-logo_white.jpg\",\"width\":240,\"height\":63,\"caption\":\"Kali\u0144ski\"},\"image\":{\"@id\":\"https:\/\/kalinski.pl\/serwis\/#\/schema\/logo\/image\/\"}}]}<\/script>\n<!-- \/ Yoast SEO plugin. -->","yoast_head_json":{"title":"Regeneracja katalizator\u00f3w i filtr\u00f3w DPF Bytom | Kali\u0144ski","robots":{"index":"index","follow":"follow","max-snippet":"max-snippet:-1","max-image-preview":"max-image-preview:large","max-video-preview":"max-video-preview:-1"},"canonical":"https:\/\/kalinski.pl\/serwis\/regeneracja-katalizatorow-i-filtrow-dpf-bytom\/","og_locale":"pl_PL","og_type":"article","og_title":"Regeneracja katalizator\u00f3w i filtr\u00f3w DPF Bytom | Kali\u0144ski","og_description":"Katalizatory s\u0105 jednym z element\u00f3w uk\u0142adu wydechowego pojazd\u00f3w spalinowych. U\u017cywany jest w celu poprawy jako\u015bci powietrza. Zdarza si\u0119 wi\u0119c, \u017ce przestaje dzia\u0142a\u0107 poprawnie z powodu zgromadzonej w nim sadzy i zabrudze\u0144. Nasza firma zajmuje si\u0119 zar\u00f3wno sprzeda\u017c\u0105 katalizator\u00f3w i filtr\u00f3w DPF, jak i czyszczeniem ich oraz regeneracj\u0105. Czym jest regeneracja katalizator\u00f3w Bytom? Czyszczenie katalizator\u00f3w Bytom &hellip; Czytaj dalej Regeneracja katalizator\u00f3w i filtr\u00f3w DPF Bytom","og_url":"https:\/\/kalinski.pl\/serwis\/regeneracja-katalizatorow-i-filtrow-dpf-bytom\/","og_site_name":"Kali\u0144ski","og_image":[{"url":"https:\/\/kalinski.pl\/wp-content\/uploads\/Filtry_Kalinski-1-1110x303.png","type":"","width":"","height":""}],"twitter_card":"summary_large_image","twitter_misc":{"Szacowany czas czytania":"2 minuty"},"schema":{"@context":"https:\/\/schema.org","@graph":[{"@type":"WebPage","@id":"https:\/\/kalinski.pl\/serwis\/regeneracja-katalizatorow-i-filtrow-dpf-bytom\/","url":"https:\/\/kalinski.pl\/serwis\/regeneracja-katalizatorow-i-filtrow-dpf-bytom\/","name":"Regeneracja katalizator\u00f3w i filtr\u00f3w DPF Bytom | Kali\u0144ski","isPartOf":{"@id":"https:\/\/kalinski.pl\/serwis\/#website"},"primaryImageOfPage":{"@id":"https:\/\/kalinski.pl\/serwis\/regeneracja-katalizatorow-i-filtrow-dpf-bytom\/#primaryimage"},"image":{"@id":"https:\/\/kalinski.pl\/serwis\/regeneracja-katalizatorow-i-filtrow-dpf-bytom\/#primaryimage"},"thumbnailUrl":"https:\/\/kalinski.pl\/wp-content\/uploads\/Filtry_Kalinski-1-1110x303.png","datePublished":"2020-11-02T11:25:24+00:00","breadcrumb":{"@id":"https:\/\/kalinski.pl\/serwis\/regeneracja-katalizatorow-i-filtrow-dpf-bytom\/#breadcrumb"},"inLanguage":"pl-PL","potentialAction":[{"@type":"ReadAction","target":["https:\/\/kalinski.pl\/serwis\/regeneracja-katalizatorow-i-filtrow-dpf-bytom\/"]}]},{"@type":"ImageObject","inLanguage":"pl-PL","@id":"https:\/\/kalinski.pl\/serwis\/regeneracja-katalizatorow-i-filtrow-dpf-bytom\/#primaryimage","url":"https:\/\/kalinski.pl\/wp-content\/uploads\/Filtry_Kalinski-1-1110x303.png","contentUrl":"https:\/\/kalinski.pl\/wp-content\/uploads\/Filtry_Kalinski-1-1110x303.png"},{"@type":"BreadcrumbList","@id":"https:\/\/kalinski.pl\/serwis\/regeneracja-katalizatorow-i-filtrow-dpf-bytom\/#breadcrumb","itemListElement":[{"@type":"ListItem","position":1,"name":"Strona g\u0142\u00f3wna","item":"https:\/\/kalinski.pl\/serwis\/"},{"@type":"ListItem","position":2,"name":"Regeneracja katalizator\u00f3w i filtr\u00f3w DPF Bytom"}]},{"@type":"WebSite","@id":"https:\/\/kalinski.pl\/serwis\/#website","url":"https:\/\/kalinski.pl\/serwis\/","name":"Kali\u0144ski","description":"Uk\u0142ady wydechowe","publisher":{"@id":"https:\/\/kalinski.pl\/serwis\/#organization"},"potentialAction":[{"@type":"SearchAction","target":{"@type":"EntryPoint","urlTemplate":"https:\/\/kalinski.pl\/serwis\/?s={search_term_string}"},"query-input":{"@type":"PropertyValueSpecification","valueRequired":true,"valueName":"search_term_string"}}],"inLanguage":"pl-PL"},{"@type":"Organization","@id":"https:\/\/kalinski.pl\/serwis\/#organization","name":"Kali\u0144ski","url":"https:\/\/kalinski.pl\/serwis\/","logo":{"@type":"ImageObject","inLanguage":"pl-PL","@id":"https:\/\/kalinski.pl\/serwis\/#\/schema\/logo\/image\/","url":"https:\/\/kalinski.pl\/serwis\/wp-content\/uploads\/2019\/03\/cropped-logo_white.jpg","contentUrl":"https:\/\/kalinski.pl\/serwis\/wp-content\/uploads\/2019\/03\/cropped-logo_white.jpg","width":240,"height":63,"caption":"Kali\u0144ski"},"image":{"@id":"https:\/\/kalinski.pl\/serwis\/#\/schema\/logo\/image\/"}}]}},"_links":{"self":[{"href":"https:\/\/kalinski.pl\/serwis\/wp-json\/wp\/v2\/pages\/2714","targetHints":{"allow":["GET"]}}],"collection":[{"href":"https:\/\/kalinski.pl\/serwis\/wp-json\/wp\/v2\/pages"}],"about":[{"href":"https:\/\/kalinski.pl\/serwis\/wp-json\/wp\/v2\/types\/page"}],"author":[{"embeddable":true,"href":"https:\/\/kalinski.pl\/serwis\/wp-json\/wp\/v2\/users\/821795"}],"replies":[{"embeddable":true,"href":"https:\/\/kalinski.pl\/serwis\/wp-json\/wp\/v2\/comments?post=2714"}],"version-history":[{"count":0,"href":"https:\/\/kalinski.pl\/serwis\/wp-json\/wp\/v2\/pages\/2714\/revisions"}],"wp:attachment":[{"href":"https:\/\/kalinski.pl\/serwis\/wp-json\/wp\/v2\/media?parent=2714"}],"curies":[{"name":"wp","href":"https:\/\/api.w.org\/{rel}","templated":true}]}}