{"id":2697,"date":"2020-10-27T13:12:44","date_gmt":"2020-10-27T12:12:44","guid":{"rendered":"https:\/\/kalinski.pl\/?page_id=2697"},"modified":"2020-10-27T13:40:05","modified_gmt":"2020-10-27T12:40:05","slug":"regeneracja-katalizatorow-i-filtrow-dpf-ostrowiec-swietokrzyski","status":"publish","type":"page","link":"https:\/\/kalinski.pl\/serwis\/regeneracja-katalizatorow-i-filtrow-dpf-ostrowiec-swietokrzyski\/","title":{"rendered":"Regeneracja katalizator\u00f3w i filtr\u00f3w DPF Ostrowiec \u015awi\u0119tokrzyski"},"content":{"rendered":"\n<figure class=\"wp-block-image size-large\"><img fetchpriority=\"high\" decoding=\"async\" width=\"1110\" height=\"303\" src=\"https:\/\/kalinski.pl\/wp-content\/uploads\/Filtry_Kalinski-1-1110x303.png\" alt=\"\" class=\"wp-image-1568\"\/><\/figure>\n\n\n\n<p>Zu\u017cycie cz\u0119\u015bci samochodowych to naturalny proces zwi\u0105zany z eksploatacj\u0105 pojazdu. W przypadku katalizator\u00f3w oraz filtr\u00f3w DPF g\u0142\u00f3wnym powodem ich zu\u017cycia s\u0105 odk\u0142adaj\u0105ce si\u0119 zabrudzenia. Powstaj\u0105 one przy spalaniu paliwa, a ich nagromadzenie z czasem powoduje zapchanie danego elementu, przez co traci on funkcjonalno\u015b\u0107. Czy to oznacza natychmiastow\u0105 konieczno\u015b\u0107 jego wymiany? Niezupe\u0142nie. R\u00f3wnie dobrym rozwi\u0105zaniem b\u0119dzie w\u00f3wczas <strong>regeneracja katalizator\u00f3w Ostrowiec \u015awi\u0119tokrzyski <\/strong>lub <strong>regeneracja DPF Ostrowiec \u015awi\u0119tokrzyski<\/strong>. Taka us\u0142uga dotyczy zar\u00f3wno samochod\u00f3w osobowych, jak i aut ci\u0119\u017carowych lub dostawczych.<\/p>\n\n\n\n<p>Nasza firma jest uznanym producentem cz\u0119\u015bci do uk\u0142ad\u00f3w wydechowych. Jednak opr\u00f3cz tego \u015bwiadczymy r\u00f3wnie\u017c us\u0142ugi w zakresie regeneracji takich element\u00f3w. Jak przebiega ten proces? Na pocz\u0105tku dok\u0142adnie badamy dostarczony egzemplarz katalizatora pod k\u0105tem ewentualnych uszkodze\u0144. W przypadku cz\u0119\u015bci pochodz\u0105cych z samochod\u00f3w osobowych <strong>regeneracja katalizator\u00f3w Ostrowiec \u015awi\u0119tokrzyski<\/strong> sprowadza si\u0119 do wymiany wk\u0142adu. Nieco inny przebieg ma regeneracja egzemplarzy stosowanych w pojazdach ci\u0119\u017carowych. Tutaj wa\u017cnym etapem jest <strong>czyszczenie katalizator\u00f3w Ostrowiec \u015awi\u0119tokrzyski <\/strong>przy pomocy maszyny Hartridge. W tym celu wykorzystujemy silny strumie\u0144 powietrza pod ci\u015bnieniem, kt\u00f3ry skutecznie usuwa wi\u0119kszo\u015b\u0107 zabrudze\u0144. Je\u015bli to nie wystarczy, przeprowadzamy dodatkowe <strong>wypalanie katalizator\u00f3w Ostrowiec \u015awi\u0119tokrzyski.<\/strong><\/p>\n\n\n\n<p>Podobna zale\u017cno\u015b\u0107 pojawia si\u0119 w przypadku filtr\u00f3w cz\u0105stek sta\u0142ych. <strong>Czyszczenie filtr\u00f3w DPF Ostrowiec \u015awi\u0119tokrzyski <\/strong>umo\u017cliwia pozbycie si\u0119 drobinek sadzy, popio\u0142u i wszelkich innych zanieczyszcze\u0144. Je\u017celi jednak filtr jest zbyt zabrudzony, decydujemy si\u0119 na wymian\u0119 wk\u0142adu, co przywraca mu pe\u0142n\u0105 funkcjonalno\u015b\u0107.<\/p>\n\n\n\n<p>Siedziba naszej firmy mie\u015bci si\u0119 nieopodal Poznania. Zale\u017cy nam jednak na tym, aby oferta marki Kali\u0144ski by\u0142a dost\u0119pna dla mieszka\u0144c\u00f3w ca\u0142ej Polski. Dlatego wykonujemy r\u00f3wnie\u017c sprzeda\u017c wysy\u0142kow\u0105, kt\u00f3ra pozwala naszym klientom na wygodne zamawianie wybranych cz\u0119\u015bci. Zapraszamy wi\u0119c do zapoznania si\u0119 z nasz\u0105 ofert\u0105 i dost\u0119pnym asortymentem, w naszym sklepie internetowym posiadamy dziesi\u0105tki tysi\u0119cy produkt\u00f3w.<\/p>\n\n\n\n<div class=\"wp-block-columns is-layout-flex wp-container-core-columns-is-layout-1 wp-block-columns-is-layout-flex\">\n<div class=\"wp-block-column is-layout-flow wp-block-column-is-layout-flow\">\n<div class=\"k_box\" style=\"float:right;\">\n<div class=\"k_box_left\"><img decoding=\"async\" class=\"alignnone size-full wp-image-152\" src=\"https:\/\/kalinski.pl\/wp-content\/uploads\/2019\/04\/k_mateuszl.jpg\" alt=\"\" width=\"95\" height=\"161\"><\/div>\n<div class=\"k_box_right\">\n<div class=\"kbr_1\">Katalizatory, filtry FAP\/DPF<\/div>\n<div class=\"kbr_2\">Mateusz<\/div>\n<div class=\"kbr_2\"><a class=\"phone\" href=\"tel:0048618142777\">+48 61 814 27 77 \/ wew 101<\/a><\/div>\n<div class=\"kbr_3\"><a href=\"mailto:biuro@kalinski.pl\">biuro@kalinski.pl<\/a><\/div>\n<\/div>\n<\/div>\n<\/div>\n\n\n\n<div class=\"wp-block-column is-layout-flow wp-block-column-is-layout-flow\">\n<div class=\"k_box\" style=\"float:left;\">\n<div class=\"k_box_left\"><img decoding=\"async\" class=\"alignnone size-full wp-image-152\" src=\"https:\/\/kalinski.pl\/wp-content\/uploads\/2019\/04\/k_adamc.jpg\" alt=\"\" width=\"95\" height=\"161\"><\/div>\n<div class=\"k_box_right\">\n<div class=\"kbr_1\">Pojazdy ci\u0119\u017carowe<\/div>\n<div class=\"kbr_2\">Adam<\/div>\n<div class=\"kbr_2\"><a class=\"phone\" href=\"tel:0048618142777\">+48 61 814 27 77 \/ wew 102<\/a><\/div>\n<div class=\"kbr_3\"><a href=\"mailto:ciezarowe@kalinski.pl\">ciezarowe@kalinski.pl<\/a><\/div>\n<\/div>\n<\/div>\n<\/div>\n<\/div>\n\n\n\n<iframe src=\"https:\/\/www.google.com\/maps\/embed?pb=!1m14!1m8!1m3!1d2891.0189752303836!2d16.761502335364135!3d52.46016731732493!3m2!1i1024!2i768!4f13.1!3m3!1m2!1s0x470441321c9562cb%3A0xee0284f60b138572!2sSzamotulska%2040%2C%2062-081%20Chyby!5e0!3m2!1spl!2spl!4v1599035144301!5m2!1spl!2spl\" style=\"border:0;\" allowfullscreen=\"\" aria-hidden=\"false\" tabindex=\"0\" width=\"100%\" height=\"450\" frameborder=\"0\"><\/iframe>\n","protected":false},"excerpt":{"rendered":"<p>Zu\u017cycie cz\u0119\u015bci samochodowych to naturalny proces zwi\u0105zany z eksploatacj\u0105 pojazdu. W przypadku katalizator\u00f3w oraz filtr\u00f3w DPF g\u0142\u00f3wnym powodem ich zu\u017cycia s\u0105 odk\u0142adaj\u0105ce si\u0119 zabrudzenia. Powstaj\u0105 one przy spalaniu paliwa, a ich nagromadzenie z czasem powoduje zapchanie danego elementu, przez co traci on funkcjonalno\u015b\u0107. Czy to oznacza natychmiastow\u0105 konieczno\u015b\u0107 jego wymiany? Niezupe\u0142nie. R\u00f3wnie dobrym rozwi\u0105zaniem b\u0119dzie &hellip; <a href=\"https:\/\/kalinski.pl\/serwis\/regeneracja-katalizatorow-i-filtrow-dpf-ostrowiec-swietokrzyski\/\" class=\"more-link\">Czytaj dalej<span class=\"screen-reader-text\"> Regeneracja katalizator\u00f3w i filtr\u00f3w DPF Ostrowiec \u015awi\u0119tokrzyski<\/span><\/a><\/p>\n","protected":false},"author":821794,"featured_media":0,"parent":0,"menu_order":0,"comment_status":"closed","ping_status":"closed","template":"","meta":{"footnotes":""},"class_list":["post-2697","page","type-page","status-publish","hentry"],"yoast_head":"<!-- This site is optimized with the Yoast SEO plugin v26.7 - https:\/\/yoast.com\/wordpress\/plugins\/seo\/ -->\n<title>Regeneracja katalizator\u00f3w i filtr\u00f3w DPF Ostrowiec \u015awi\u0119tokrzyski | Kali\u0144ski<\/title>\n<meta name=\"robots\" content=\"index, follow, max-snippet:-1, max-image-preview:large, max-video-preview:-1\" \/>\n<link rel=\"canonical\" href=\"https:\/\/kalinski.pl\/serwis\/regeneracja-katalizatorow-i-filtrow-dpf-ostrowiec-swietokrzyski\/\" \/>\n<meta property=\"og:locale\" content=\"pl_PL\" \/>\n<meta property=\"og:type\" content=\"article\" \/>\n<meta property=\"og:title\" content=\"Regeneracja katalizator\u00f3w i filtr\u00f3w DPF Ostrowiec \u015awi\u0119tokrzyski | Kali\u0144ski\" \/>\n<meta property=\"og:description\" content=\"Zu\u017cycie cz\u0119\u015bci samochodowych to naturalny proces zwi\u0105zany z eksploatacj\u0105 pojazdu. W przypadku katalizator\u00f3w oraz filtr\u00f3w DPF g\u0142\u00f3wnym powodem ich zu\u017cycia s\u0105 odk\u0142adaj\u0105ce si\u0119 zabrudzenia. Powstaj\u0105 one przy spalaniu paliwa, a ich nagromadzenie z czasem powoduje zapchanie danego elementu, przez co traci on funkcjonalno\u015b\u0107. Czy to oznacza natychmiastow\u0105 konieczno\u015b\u0107 jego wymiany? Niezupe\u0142nie. R\u00f3wnie dobrym rozwi\u0105zaniem b\u0119dzie &hellip; Czytaj dalej Regeneracja katalizator\u00f3w i filtr\u00f3w DPF Ostrowiec \u015awi\u0119tokrzyski\" \/>\n<meta property=\"og:url\" content=\"https:\/\/kalinski.pl\/serwis\/regeneracja-katalizatorow-i-filtrow-dpf-ostrowiec-swietokrzyski\/\" \/>\n<meta property=\"og:site_name\" content=\"Kali\u0144ski\" \/>\n<meta property=\"article:modified_time\" content=\"2020-10-27T12:40:05+00:00\" \/>\n<meta property=\"og:image\" content=\"https:\/\/kalinski.pl\/wp-content\/uploads\/Filtry_Kalinski-1-1110x303.png\" \/>\n<meta name=\"twitter:card\" content=\"summary_large_image\" \/>\n<meta name=\"twitter:label1\" content=\"Szacowany czas czytania\" \/>\n\t<meta name=\"twitter:data1\" content=\"2 minuty\" \/>\n<script type=\"application\/ld+json\" class=\"yoast-schema-graph\">{\"@context\":\"https:\/\/schema.org\",\"@graph\":[{\"@type\":\"WebPage\",\"@id\":\"https:\/\/kalinski.pl\/serwis\/regeneracja-katalizatorow-i-filtrow-dpf-ostrowiec-swietokrzyski\/\",\"url\":\"https:\/\/kalinski.pl\/serwis\/regeneracja-katalizatorow-i-filtrow-dpf-ostrowiec-swietokrzyski\/\",\"name\":\"Regeneracja katalizator\u00f3w i filtr\u00f3w DPF Ostrowiec \u015awi\u0119tokrzyski | Kali\u0144ski\",\"isPartOf\":{\"@id\":\"https:\/\/kalinski.pl\/serwis\/#website\"},\"primaryImageOfPage\":{\"@id\":\"https:\/\/kalinski.pl\/serwis\/regeneracja-katalizatorow-i-filtrow-dpf-ostrowiec-swietokrzyski\/#primaryimage\"},\"image\":{\"@id\":\"https:\/\/kalinski.pl\/serwis\/regeneracja-katalizatorow-i-filtrow-dpf-ostrowiec-swietokrzyski\/#primaryimage\"},\"thumbnailUrl\":\"https:\/\/kalinski.pl\/wp-content\/uploads\/Filtry_Kalinski-1-1110x303.png\",\"datePublished\":\"2020-10-27T12:12:44+00:00\",\"dateModified\":\"2020-10-27T12:40:05+00:00\",\"breadcrumb\":{\"@id\":\"https:\/\/kalinski.pl\/serwis\/regeneracja-katalizatorow-i-filtrow-dpf-ostrowiec-swietokrzyski\/#breadcrumb\"},\"inLanguage\":\"pl-PL\",\"potentialAction\":[{\"@type\":\"ReadAction\",\"target\":[\"https:\/\/kalinski.pl\/serwis\/regeneracja-katalizatorow-i-filtrow-dpf-ostrowiec-swietokrzyski\/\"]}]},{\"@type\":\"ImageObject\",\"inLanguage\":\"pl-PL\",\"@id\":\"https:\/\/kalinski.pl\/serwis\/regeneracja-katalizatorow-i-filtrow-dpf-ostrowiec-swietokrzyski\/#primaryimage\",\"url\":\"https:\/\/kalinski.pl\/wp-content\/uploads\/Filtry_Kalinski-1-1110x303.png\",\"contentUrl\":\"https:\/\/kalinski.pl\/wp-content\/uploads\/Filtry_Kalinski-1-1110x303.png\"},{\"@type\":\"BreadcrumbList\",\"@id\":\"https:\/\/kalinski.pl\/serwis\/regeneracja-katalizatorow-i-filtrow-dpf-ostrowiec-swietokrzyski\/#breadcrumb\",\"itemListElement\":[{\"@type\":\"ListItem\",\"position\":1,\"name\":\"Strona g\u0142\u00f3wna\",\"item\":\"https:\/\/kalinski.pl\/serwis\/\"},{\"@type\":\"ListItem\",\"position\":2,\"name\":\"Regeneracja katalizator\u00f3w i filtr\u00f3w DPF Ostrowiec \u015awi\u0119tokrzyski\"}]},{\"@type\":\"WebSite\",\"@id\":\"https:\/\/kalinski.pl\/serwis\/#website\",\"url\":\"https:\/\/kalinski.pl\/serwis\/\",\"name\":\"Kali\u0144ski\",\"description\":\"Uk\u0142ady wydechowe\",\"publisher\":{\"@id\":\"https:\/\/kalinski.pl\/serwis\/#organization\"},\"potentialAction\":[{\"@type\":\"SearchAction\",\"target\":{\"@type\":\"EntryPoint\",\"urlTemplate\":\"https:\/\/kalinski.pl\/serwis\/?s={search_term_string}\"},\"query-input\":{\"@type\":\"PropertyValueSpecification\",\"valueRequired\":true,\"valueName\":\"search_term_string\"}}],\"inLanguage\":\"pl-PL\"},{\"@type\":\"Organization\",\"@id\":\"https:\/\/kalinski.pl\/serwis\/#organization\",\"name\":\"Kali\u0144ski\",\"url\":\"https:\/\/kalinski.pl\/serwis\/\",\"logo\":{\"@type\":\"ImageObject\",\"inLanguage\":\"pl-PL\",\"@id\":\"https:\/\/kalinski.pl\/serwis\/#\/schema\/logo\/image\/\",\"url\":\"https:\/\/kalinski.pl\/serwis\/wp-content\/uploads\/2019\/03\/cropped-logo_white.jpg\",\"contentUrl\":\"https:\/\/kalinski.pl\/serwis\/wp-content\/uploads\/2019\/03\/cropped-logo_white.jpg\",\"width\":240,\"height\":63,\"caption\":\"Kali\u0144ski\"},\"image\":{\"@id\":\"https:\/\/kalinski.pl\/serwis\/#\/schema\/logo\/image\/\"}}]}<\/script>\n<!-- \/ Yoast SEO plugin. -->","yoast_head_json":{"title":"Regeneracja katalizator\u00f3w i filtr\u00f3w DPF Ostrowiec \u015awi\u0119tokrzyski | Kali\u0144ski","robots":{"index":"index","follow":"follow","max-snippet":"max-snippet:-1","max-image-preview":"max-image-preview:large","max-video-preview":"max-video-preview:-1"},"canonical":"https:\/\/kalinski.pl\/serwis\/regeneracja-katalizatorow-i-filtrow-dpf-ostrowiec-swietokrzyski\/","og_locale":"pl_PL","og_type":"article","og_title":"Regeneracja katalizator\u00f3w i filtr\u00f3w DPF Ostrowiec \u015awi\u0119tokrzyski | Kali\u0144ski","og_description":"Zu\u017cycie cz\u0119\u015bci samochodowych to naturalny proces zwi\u0105zany z eksploatacj\u0105 pojazdu. W przypadku katalizator\u00f3w oraz filtr\u00f3w DPF g\u0142\u00f3wnym powodem ich zu\u017cycia s\u0105 odk\u0142adaj\u0105ce si\u0119 zabrudzenia. Powstaj\u0105 one przy spalaniu paliwa, a ich nagromadzenie z czasem powoduje zapchanie danego elementu, przez co traci on funkcjonalno\u015b\u0107. Czy to oznacza natychmiastow\u0105 konieczno\u015b\u0107 jego wymiany? Niezupe\u0142nie. R\u00f3wnie dobrym rozwi\u0105zaniem b\u0119dzie &hellip; Czytaj dalej Regeneracja katalizator\u00f3w i filtr\u00f3w DPF Ostrowiec \u015awi\u0119tokrzyski","og_url":"https:\/\/kalinski.pl\/serwis\/regeneracja-katalizatorow-i-filtrow-dpf-ostrowiec-swietokrzyski\/","og_site_name":"Kali\u0144ski","article_modified_time":"2020-10-27T12:40:05+00:00","og_image":[{"url":"https:\/\/kalinski.pl\/wp-content\/uploads\/Filtry_Kalinski-1-1110x303.png","type":"","width":"","height":""}],"twitter_card":"summary_large_image","twitter_misc":{"Szacowany czas czytania":"2 minuty"},"schema":{"@context":"https:\/\/schema.org","@graph":[{"@type":"WebPage","@id":"https:\/\/kalinski.pl\/serwis\/regeneracja-katalizatorow-i-filtrow-dpf-ostrowiec-swietokrzyski\/","url":"https:\/\/kalinski.pl\/serwis\/regeneracja-katalizatorow-i-filtrow-dpf-ostrowiec-swietokrzyski\/","name":"Regeneracja katalizator\u00f3w i filtr\u00f3w DPF Ostrowiec \u015awi\u0119tokrzyski | Kali\u0144ski","isPartOf":{"@id":"https:\/\/kalinski.pl\/serwis\/#website"},"primaryImageOfPage":{"@id":"https:\/\/kalinski.pl\/serwis\/regeneracja-katalizatorow-i-filtrow-dpf-ostrowiec-swietokrzyski\/#primaryimage"},"image":{"@id":"https:\/\/kalinski.pl\/serwis\/regeneracja-katalizatorow-i-filtrow-dpf-ostrowiec-swietokrzyski\/#primaryimage"},"thumbnailUrl":"https:\/\/kalinski.pl\/wp-content\/uploads\/Filtry_Kalinski-1-1110x303.png","datePublished":"2020-10-27T12:12:44+00:00","dateModified":"2020-10-27T12:40:05+00:00","breadcrumb":{"@id":"https:\/\/kalinski.pl\/serwis\/regeneracja-katalizatorow-i-filtrow-dpf-ostrowiec-swietokrzyski\/#breadcrumb"},"inLanguage":"pl-PL","potentialAction":[{"@type":"ReadAction","target":["https:\/\/kalinski.pl\/serwis\/regeneracja-katalizatorow-i-filtrow-dpf-ostrowiec-swietokrzyski\/"]}]},{"@type":"ImageObject","inLanguage":"pl-PL","@id":"https:\/\/kalinski.pl\/serwis\/regeneracja-katalizatorow-i-filtrow-dpf-ostrowiec-swietokrzyski\/#primaryimage","url":"https:\/\/kalinski.pl\/wp-content\/uploads\/Filtry_Kalinski-1-1110x303.png","contentUrl":"https:\/\/kalinski.pl\/wp-content\/uploads\/Filtry_Kalinski-1-1110x303.png"},{"@type":"BreadcrumbList","@id":"https:\/\/kalinski.pl\/serwis\/regeneracja-katalizatorow-i-filtrow-dpf-ostrowiec-swietokrzyski\/#breadcrumb","itemListElement":[{"@type":"ListItem","position":1,"name":"Strona g\u0142\u00f3wna","item":"https:\/\/kalinski.pl\/serwis\/"},{"@type":"ListItem","position":2,"name":"Regeneracja katalizator\u00f3w i filtr\u00f3w DPF Ostrowiec \u015awi\u0119tokrzyski"}]},{"@type":"WebSite","@id":"https:\/\/kalinski.pl\/serwis\/#website","url":"https:\/\/kalinski.pl\/serwis\/","name":"Kali\u0144ski","description":"Uk\u0142ady wydechowe","publisher":{"@id":"https:\/\/kalinski.pl\/serwis\/#organization"},"potentialAction":[{"@type":"SearchAction","target":{"@type":"EntryPoint","urlTemplate":"https:\/\/kalinski.pl\/serwis\/?s={search_term_string}"},"query-input":{"@type":"PropertyValueSpecification","valueRequired":true,"valueName":"search_term_string"}}],"inLanguage":"pl-PL"},{"@type":"Organization","@id":"https:\/\/kalinski.pl\/serwis\/#organization","name":"Kali\u0144ski","url":"https:\/\/kalinski.pl\/serwis\/","logo":{"@type":"ImageObject","inLanguage":"pl-PL","@id":"https:\/\/kalinski.pl\/serwis\/#\/schema\/logo\/image\/","url":"https:\/\/kalinski.pl\/serwis\/wp-content\/uploads\/2019\/03\/cropped-logo_white.jpg","contentUrl":"https:\/\/kalinski.pl\/serwis\/wp-content\/uploads\/2019\/03\/cropped-logo_white.jpg","width":240,"height":63,"caption":"Kali\u0144ski"},"image":{"@id":"https:\/\/kalinski.pl\/serwis\/#\/schema\/logo\/image\/"}}]}},"_links":{"self":[{"href":"https:\/\/kalinski.pl\/serwis\/wp-json\/wp\/v2\/pages\/2697","targetHints":{"allow":["GET"]}}],"collection":[{"href":"https:\/\/kalinski.pl\/serwis\/wp-json\/wp\/v2\/pages"}],"about":[{"href":"https:\/\/kalinski.pl\/serwis\/wp-json\/wp\/v2\/types\/page"}],"author":[{"embeddable":true,"href":"https:\/\/kalinski.pl\/serwis\/wp-json\/wp\/v2\/users\/821794"}],"replies":[{"embeddable":true,"href":"https:\/\/kalinski.pl\/serwis\/wp-json\/wp\/v2\/comments?post=2697"}],"version-history":[{"count":0,"href":"https:\/\/kalinski.pl\/serwis\/wp-json\/wp\/v2\/pages\/2697\/revisions"}],"wp:attachment":[{"href":"https:\/\/kalinski.pl\/serwis\/wp-json\/wp\/v2\/media?parent=2697"}],"curies":[{"name":"wp","href":"https:\/\/api.w.org\/{rel}","templated":true}]}}