{"id":2695,"date":"2020-10-27T13:11:26","date_gmt":"2020-10-27T12:11:26","guid":{"rendered":"https:\/\/kalinski.pl\/?page_id=2695"},"modified":"2020-10-27T13:33:19","modified_gmt":"2020-10-27T12:33:19","slug":"regeneracja-katalizatorow-i-filtrow-dpf-walbrzych","status":"publish","type":"page","link":"https:\/\/kalinski.pl\/serwis\/regeneracja-katalizatorow-i-filtrow-dpf-walbrzych\/","title":{"rendered":"Regeneracja katalizator\u00f3w i filtr\u00f3w DPF Wa\u0142brzych"},"content":{"rendered":"\n<figure class=\"wp-block-image size-large\"><img fetchpriority=\"high\" decoding=\"async\" width=\"1110\" height=\"303\" src=\"https:\/\/kalinski.pl\/wp-content\/uploads\/Filtry_Kalinski-1-1110x303.png\" alt=\"\" class=\"wp-image-1568\"\/><\/figure>\n\n\n\n<p>Ochrona \u015brodowiska naturalnego to jedno z najwi\u0119kszych wyzwa\u0144 stoj\u0105cych przed dzisiejsz\u0105 motoryzacj\u0105. Pod tym wzgl\u0119dem szczeg\u00f3lnie istotne jest ograniczenie emisji spalin, czyli szkodliwych zwi\u0105zk\u00f3w powstaj\u0105cych przy spalaniu paliwa. Tutaj kluczow\u0105 rol\u0119 odgrywaj\u0105 filtry DPF oraz katalizatory. Jedyn\u0105 wad\u0105 tych element\u00f3w jest fakt, \u017ce wychwytywane spaliny mog\u0105 z czasem doprowadzi\u0107 do ich zapchania. Na szcz\u0119\u015bcie istnieje proste rozwi\u0105zanie tego problemu.<\/p>\n\n\n\n<p>Mieszka\u0144cy Wa\u0142brzycha i okolicznych miejscowo\u015bci mog\u0105 skorzysta\u0107 z naszej wyj\u0105tkowej oferty. Polega ona na oczyszczaniu zapchanych katalizator\u00f3w i filtr\u00f3w DPF. Dzi\u0119ki temu obydwa elementy mog\u0105 odzyska\u0107 pe\u0142n\u0105 funkcjonalno\u015b\u0107!<\/p>\n\n\n\n<p><strong>Regeneracja katalizator\u00f3w Wa\u0142brzych <\/strong>mo\u017ce przebiega\u0107 na dwa sposoby. Pierwszym z nich jest dok\u0142adne <strong>czyszczenie katalizator\u00f3w Wa\u0142brzych. <\/strong>Ma ono na celu usuni\u0119cie wszystkich zabrudze\u0144, osadu i innych nieczysto\u015bci zgromadzonych we wn\u0119trzu katalizatora. Podstawow\u0105 metod\u0105 czyszczenia jest silny strumie\u0144 powietrza pod ci\u015bnieniem, kt\u00f3ry wydmuchuje zgromadzon\u0105 sadz\u0119 i popi\u00f3\u0142. Gdy to nie pomo\u017ce, usuwamy zanieczyszczenia poprzez <strong>wypalanie katalizator\u00f3w Wa\u0142brzych. <\/strong>Umieszczenie takich egzemplarzy w specjalnych piecach pozwala na usuni\u0119cie wszelkich pozosta\u0142o\u015bci i zabrudze\u0144. Drugim sposobem jest natomiast wymiana wk\u0142adu katalizatora.<\/p>\n\n\n\n<p>Jak przebiega <strong>regeneracja DPF Wa\u0142brzych<\/strong>?Tutaj wszystko zale\u017cy od stanu technicznego i poziomu zanieczyszczenia danego egzemplarza. Z regu\u0142y samo<strong> czyszczenie filtr\u00f3w DPF Wa\u0142brzych <\/strong>okazuje si\u0119 wystarczaj\u0105ce.Nasza firma dysponuje profesjonaln\u0105 maszyn\u0105 firmy Hartridge, kt\u00f3ra umo\u017cliwia nam bezpieczne i skuteczne czyszczenie. Je\u017celi nawet to nie usunie zabrudze\u0144, w\u00f3wczas pozostaje nam wymiana wk\u0142adu.<\/p>\n\n\n\n<p>Firma Kali\u0144ski oferuje tak\u017ce Pa\u0144stwu mo\u017cliwo\u015b\u0107 zakupu sprawdzonych cz\u0119\u015bci samochodowych poprzez sprzeda\u017c wysy\u0142kow\u0105. Ze wzgl\u0119du na panuj\u0105c\u0105 sytuacj\u0119 epidemiologiczn\u0105 jest to obecnie nie tylko najwygodniejsza, ale i zdecydowanie najbezpieczniejsza alternatywa. Dlatego serdecznie zapraszamy do zapoznania si\u0119 z nasz\u0105 ofert\u0105.<\/p>\n\n\n\n<div class=\"wp-block-columns is-layout-flex wp-container-core-columns-is-layout-1 wp-block-columns-is-layout-flex\">\n<div class=\"wp-block-column is-layout-flow wp-block-column-is-layout-flow\">\n<div class=\"k_box\" style=\"float:right;\">\n<div class=\"k_box_left\"><img decoding=\"async\" class=\"alignnone size-full wp-image-152\" src=\"https:\/\/kalinski.pl\/wp-content\/uploads\/2019\/04\/k_mateuszl.jpg\" alt=\"\" width=\"95\" height=\"161\"><\/div>\n<div class=\"k_box_right\">\n<div class=\"kbr_1\">Katalizatory, filtry FAP\/DPF<\/div>\n<div class=\"kbr_2\">Mateusz<\/div>\n<div class=\"kbr_2\"><a class=\"phone\" href=\"tel:0048618142777\">+48 61 814 27 77 \/ wew 101<\/a><\/div>\n<div class=\"kbr_3\"><a href=\"mailto:biuro@kalinski.pl\">biuro@kalinski.pl<\/a><\/div>\n<\/div>\n<\/div>\n<\/div>\n\n\n\n<div class=\"wp-block-column is-layout-flow wp-block-column-is-layout-flow\">\n<div class=\"k_box\" style=\"float:left;\">\n<div class=\"k_box_left\"><img decoding=\"async\" class=\"alignnone size-full wp-image-152\" src=\"https:\/\/kalinski.pl\/wp-content\/uploads\/2019\/04\/k_adamc.jpg\" alt=\"\" width=\"95\" height=\"161\"><\/div>\n<div class=\"k_box_right\">\n<div class=\"kbr_1\">Pojazdy ci\u0119\u017carowe<\/div>\n<div class=\"kbr_2\">Adam<\/div>\n<div class=\"kbr_2\"><a class=\"phone\" href=\"tel:0048618142777\">+48 61 814 27 77 \/ wew 102<\/a><\/div>\n<div class=\"kbr_3\"><a href=\"mailto:ciezarowe@kalinski.pl\">ciezarowe@kalinski.pl<\/a><\/div>\n<\/div>\n<\/div>\n<\/div>\n<\/div>\n\n\n\n<iframe src=\"https:\/\/www.google.com\/maps\/embed?pb=!1m14!1m8!1m3!1d2891.0189752303836!2d16.761502335364135!3d52.46016731732493!3m2!1i1024!2i768!4f13.1!3m3!1m2!1s0x470441321c9562cb%3A0xee0284f60b138572!2sSzamotulska%2040%2C%2062-081%20Chyby!5e0!3m2!1spl!2spl!4v1599035144301!5m2!1spl!2spl\" style=\"border:0;\" allowfullscreen=\"\" aria-hidden=\"false\" tabindex=\"0\" width=\"100%\" height=\"450\" frameborder=\"0\"><\/iframe>\n","protected":false},"excerpt":{"rendered":"<p>Ochrona \u015brodowiska naturalnego to jedno z najwi\u0119kszych wyzwa\u0144 stoj\u0105cych przed dzisiejsz\u0105 motoryzacj\u0105. Pod tym wzgl\u0119dem szczeg\u00f3lnie istotne jest ograniczenie emisji spalin, czyli szkodliwych zwi\u0105zk\u00f3w powstaj\u0105cych przy spalaniu paliwa. Tutaj kluczow\u0105 rol\u0119 odgrywaj\u0105 filtry DPF oraz katalizatory. Jedyn\u0105 wad\u0105 tych element\u00f3w jest fakt, \u017ce wychwytywane spaliny mog\u0105 z czasem doprowadzi\u0107 do ich zapchania. Na szcz\u0119\u015bcie istnieje &hellip; <a href=\"https:\/\/kalinski.pl\/serwis\/regeneracja-katalizatorow-i-filtrow-dpf-walbrzych\/\" class=\"more-link\">Czytaj dalej<span class=\"screen-reader-text\"> Regeneracja katalizator\u00f3w i filtr\u00f3w DPF Wa\u0142brzych<\/span><\/a><\/p>\n","protected":false},"author":821794,"featured_media":0,"parent":0,"menu_order":0,"comment_status":"closed","ping_status":"closed","template":"","meta":{"footnotes":""},"class_list":["post-2695","page","type-page","status-publish","hentry"],"yoast_head":"<!-- This site is optimized with the Yoast SEO plugin v26.7 - https:\/\/yoast.com\/wordpress\/plugins\/seo\/ -->\n<title>Regeneracja katalizator\u00f3w i filtr\u00f3w DPF Wa\u0142brzych | Kali\u0144ski<\/title>\n<meta name=\"robots\" content=\"index, follow, max-snippet:-1, max-image-preview:large, max-video-preview:-1\" \/>\n<link rel=\"canonical\" href=\"https:\/\/kalinski.pl\/serwis\/regeneracja-katalizatorow-i-filtrow-dpf-walbrzych\/\" \/>\n<meta property=\"og:locale\" content=\"pl_PL\" \/>\n<meta property=\"og:type\" content=\"article\" \/>\n<meta property=\"og:title\" content=\"Regeneracja katalizator\u00f3w i filtr\u00f3w DPF Wa\u0142brzych | Kali\u0144ski\" \/>\n<meta property=\"og:description\" content=\"Ochrona \u015brodowiska naturalnego to jedno z najwi\u0119kszych wyzwa\u0144 stoj\u0105cych przed dzisiejsz\u0105 motoryzacj\u0105. Pod tym wzgl\u0119dem szczeg\u00f3lnie istotne jest ograniczenie emisji spalin, czyli szkodliwych zwi\u0105zk\u00f3w powstaj\u0105cych przy spalaniu paliwa. Tutaj kluczow\u0105 rol\u0119 odgrywaj\u0105 filtry DPF oraz katalizatory. Jedyn\u0105 wad\u0105 tych element\u00f3w jest fakt, \u017ce wychwytywane spaliny mog\u0105 z czasem doprowadzi\u0107 do ich zapchania. Na szcz\u0119\u015bcie istnieje &hellip; Czytaj dalej Regeneracja katalizator\u00f3w i filtr\u00f3w DPF Wa\u0142brzych\" \/>\n<meta property=\"og:url\" content=\"https:\/\/kalinski.pl\/serwis\/regeneracja-katalizatorow-i-filtrow-dpf-walbrzych\/\" \/>\n<meta property=\"og:site_name\" content=\"Kali\u0144ski\" \/>\n<meta property=\"article:modified_time\" content=\"2020-10-27T12:33:19+00:00\" \/>\n<meta property=\"og:image\" content=\"https:\/\/kalinski.pl\/wp-content\/uploads\/Filtry_Kalinski-1-1110x303.png\" \/>\n<meta name=\"twitter:card\" content=\"summary_large_image\" \/>\n<meta name=\"twitter:label1\" content=\"Szacowany czas czytania\" \/>\n\t<meta name=\"twitter:data1\" content=\"2 minuty\" \/>\n<script type=\"application\/ld+json\" class=\"yoast-schema-graph\">{\"@context\":\"https:\/\/schema.org\",\"@graph\":[{\"@type\":\"WebPage\",\"@id\":\"https:\/\/kalinski.pl\/serwis\/regeneracja-katalizatorow-i-filtrow-dpf-walbrzych\/\",\"url\":\"https:\/\/kalinski.pl\/serwis\/regeneracja-katalizatorow-i-filtrow-dpf-walbrzych\/\",\"name\":\"Regeneracja katalizator\u00f3w i filtr\u00f3w DPF Wa\u0142brzych | Kali\u0144ski\",\"isPartOf\":{\"@id\":\"https:\/\/kalinski.pl\/serwis\/#website\"},\"primaryImageOfPage\":{\"@id\":\"https:\/\/kalinski.pl\/serwis\/regeneracja-katalizatorow-i-filtrow-dpf-walbrzych\/#primaryimage\"},\"image\":{\"@id\":\"https:\/\/kalinski.pl\/serwis\/regeneracja-katalizatorow-i-filtrow-dpf-walbrzych\/#primaryimage\"},\"thumbnailUrl\":\"https:\/\/kalinski.pl\/wp-content\/uploads\/Filtry_Kalinski-1-1110x303.png\",\"datePublished\":\"2020-10-27T12:11:26+00:00\",\"dateModified\":\"2020-10-27T12:33:19+00:00\",\"breadcrumb\":{\"@id\":\"https:\/\/kalinski.pl\/serwis\/regeneracja-katalizatorow-i-filtrow-dpf-walbrzych\/#breadcrumb\"},\"inLanguage\":\"pl-PL\",\"potentialAction\":[{\"@type\":\"ReadAction\",\"target\":[\"https:\/\/kalinski.pl\/serwis\/regeneracja-katalizatorow-i-filtrow-dpf-walbrzych\/\"]}]},{\"@type\":\"ImageObject\",\"inLanguage\":\"pl-PL\",\"@id\":\"https:\/\/kalinski.pl\/serwis\/regeneracja-katalizatorow-i-filtrow-dpf-walbrzych\/#primaryimage\",\"url\":\"https:\/\/kalinski.pl\/wp-content\/uploads\/Filtry_Kalinski-1-1110x303.png\",\"contentUrl\":\"https:\/\/kalinski.pl\/wp-content\/uploads\/Filtry_Kalinski-1-1110x303.png\"},{\"@type\":\"BreadcrumbList\",\"@id\":\"https:\/\/kalinski.pl\/serwis\/regeneracja-katalizatorow-i-filtrow-dpf-walbrzych\/#breadcrumb\",\"itemListElement\":[{\"@type\":\"ListItem\",\"position\":1,\"name\":\"Strona g\u0142\u00f3wna\",\"item\":\"https:\/\/kalinski.pl\/serwis\/\"},{\"@type\":\"ListItem\",\"position\":2,\"name\":\"Regeneracja katalizator\u00f3w i filtr\u00f3w DPF Wa\u0142brzych\"}]},{\"@type\":\"WebSite\",\"@id\":\"https:\/\/kalinski.pl\/serwis\/#website\",\"url\":\"https:\/\/kalinski.pl\/serwis\/\",\"name\":\"Kali\u0144ski\",\"description\":\"Uk\u0142ady wydechowe\",\"publisher\":{\"@id\":\"https:\/\/kalinski.pl\/serwis\/#organization\"},\"potentialAction\":[{\"@type\":\"SearchAction\",\"target\":{\"@type\":\"EntryPoint\",\"urlTemplate\":\"https:\/\/kalinski.pl\/serwis\/?s={search_term_string}\"},\"query-input\":{\"@type\":\"PropertyValueSpecification\",\"valueRequired\":true,\"valueName\":\"search_term_string\"}}],\"inLanguage\":\"pl-PL\"},{\"@type\":\"Organization\",\"@id\":\"https:\/\/kalinski.pl\/serwis\/#organization\",\"name\":\"Kali\u0144ski\",\"url\":\"https:\/\/kalinski.pl\/serwis\/\",\"logo\":{\"@type\":\"ImageObject\",\"inLanguage\":\"pl-PL\",\"@id\":\"https:\/\/kalinski.pl\/serwis\/#\/schema\/logo\/image\/\",\"url\":\"https:\/\/kalinski.pl\/serwis\/wp-content\/uploads\/2019\/03\/cropped-logo_white.jpg\",\"contentUrl\":\"https:\/\/kalinski.pl\/serwis\/wp-content\/uploads\/2019\/03\/cropped-logo_white.jpg\",\"width\":240,\"height\":63,\"caption\":\"Kali\u0144ski\"},\"image\":{\"@id\":\"https:\/\/kalinski.pl\/serwis\/#\/schema\/logo\/image\/\"}}]}<\/script>\n<!-- \/ Yoast SEO plugin. -->","yoast_head_json":{"title":"Regeneracja katalizator\u00f3w i filtr\u00f3w DPF Wa\u0142brzych | Kali\u0144ski","robots":{"index":"index","follow":"follow","max-snippet":"max-snippet:-1","max-image-preview":"max-image-preview:large","max-video-preview":"max-video-preview:-1"},"canonical":"https:\/\/kalinski.pl\/serwis\/regeneracja-katalizatorow-i-filtrow-dpf-walbrzych\/","og_locale":"pl_PL","og_type":"article","og_title":"Regeneracja katalizator\u00f3w i filtr\u00f3w DPF Wa\u0142brzych | Kali\u0144ski","og_description":"Ochrona \u015brodowiska naturalnego to jedno z najwi\u0119kszych wyzwa\u0144 stoj\u0105cych przed dzisiejsz\u0105 motoryzacj\u0105. Pod tym wzgl\u0119dem szczeg\u00f3lnie istotne jest ograniczenie emisji spalin, czyli szkodliwych zwi\u0105zk\u00f3w powstaj\u0105cych przy spalaniu paliwa. Tutaj kluczow\u0105 rol\u0119 odgrywaj\u0105 filtry DPF oraz katalizatory. Jedyn\u0105 wad\u0105 tych element\u00f3w jest fakt, \u017ce wychwytywane spaliny mog\u0105 z czasem doprowadzi\u0107 do ich zapchania. Na szcz\u0119\u015bcie istnieje &hellip; Czytaj dalej Regeneracja katalizator\u00f3w i filtr\u00f3w DPF Wa\u0142brzych","og_url":"https:\/\/kalinski.pl\/serwis\/regeneracja-katalizatorow-i-filtrow-dpf-walbrzych\/","og_site_name":"Kali\u0144ski","article_modified_time":"2020-10-27T12:33:19+00:00","og_image":[{"url":"https:\/\/kalinski.pl\/wp-content\/uploads\/Filtry_Kalinski-1-1110x303.png","type":"","width":"","height":""}],"twitter_card":"summary_large_image","twitter_misc":{"Szacowany czas czytania":"2 minuty"},"schema":{"@context":"https:\/\/schema.org","@graph":[{"@type":"WebPage","@id":"https:\/\/kalinski.pl\/serwis\/regeneracja-katalizatorow-i-filtrow-dpf-walbrzych\/","url":"https:\/\/kalinski.pl\/serwis\/regeneracja-katalizatorow-i-filtrow-dpf-walbrzych\/","name":"Regeneracja katalizator\u00f3w i filtr\u00f3w DPF Wa\u0142brzych | Kali\u0144ski","isPartOf":{"@id":"https:\/\/kalinski.pl\/serwis\/#website"},"primaryImageOfPage":{"@id":"https:\/\/kalinski.pl\/serwis\/regeneracja-katalizatorow-i-filtrow-dpf-walbrzych\/#primaryimage"},"image":{"@id":"https:\/\/kalinski.pl\/serwis\/regeneracja-katalizatorow-i-filtrow-dpf-walbrzych\/#primaryimage"},"thumbnailUrl":"https:\/\/kalinski.pl\/wp-content\/uploads\/Filtry_Kalinski-1-1110x303.png","datePublished":"2020-10-27T12:11:26+00:00","dateModified":"2020-10-27T12:33:19+00:00","breadcrumb":{"@id":"https:\/\/kalinski.pl\/serwis\/regeneracja-katalizatorow-i-filtrow-dpf-walbrzych\/#breadcrumb"},"inLanguage":"pl-PL","potentialAction":[{"@type":"ReadAction","target":["https:\/\/kalinski.pl\/serwis\/regeneracja-katalizatorow-i-filtrow-dpf-walbrzych\/"]}]},{"@type":"ImageObject","inLanguage":"pl-PL","@id":"https:\/\/kalinski.pl\/serwis\/regeneracja-katalizatorow-i-filtrow-dpf-walbrzych\/#primaryimage","url":"https:\/\/kalinski.pl\/wp-content\/uploads\/Filtry_Kalinski-1-1110x303.png","contentUrl":"https:\/\/kalinski.pl\/wp-content\/uploads\/Filtry_Kalinski-1-1110x303.png"},{"@type":"BreadcrumbList","@id":"https:\/\/kalinski.pl\/serwis\/regeneracja-katalizatorow-i-filtrow-dpf-walbrzych\/#breadcrumb","itemListElement":[{"@type":"ListItem","position":1,"name":"Strona g\u0142\u00f3wna","item":"https:\/\/kalinski.pl\/serwis\/"},{"@type":"ListItem","position":2,"name":"Regeneracja katalizator\u00f3w i filtr\u00f3w DPF Wa\u0142brzych"}]},{"@type":"WebSite","@id":"https:\/\/kalinski.pl\/serwis\/#website","url":"https:\/\/kalinski.pl\/serwis\/","name":"Kali\u0144ski","description":"Uk\u0142ady wydechowe","publisher":{"@id":"https:\/\/kalinski.pl\/serwis\/#organization"},"potentialAction":[{"@type":"SearchAction","target":{"@type":"EntryPoint","urlTemplate":"https:\/\/kalinski.pl\/serwis\/?s={search_term_string}"},"query-input":{"@type":"PropertyValueSpecification","valueRequired":true,"valueName":"search_term_string"}}],"inLanguage":"pl-PL"},{"@type":"Organization","@id":"https:\/\/kalinski.pl\/serwis\/#organization","name":"Kali\u0144ski","url":"https:\/\/kalinski.pl\/serwis\/","logo":{"@type":"ImageObject","inLanguage":"pl-PL","@id":"https:\/\/kalinski.pl\/serwis\/#\/schema\/logo\/image\/","url":"https:\/\/kalinski.pl\/serwis\/wp-content\/uploads\/2019\/03\/cropped-logo_white.jpg","contentUrl":"https:\/\/kalinski.pl\/serwis\/wp-content\/uploads\/2019\/03\/cropped-logo_white.jpg","width":240,"height":63,"caption":"Kali\u0144ski"},"image":{"@id":"https:\/\/kalinski.pl\/serwis\/#\/schema\/logo\/image\/"}}]}},"_links":{"self":[{"href":"https:\/\/kalinski.pl\/serwis\/wp-json\/wp\/v2\/pages\/2695","targetHints":{"allow":["GET"]}}],"collection":[{"href":"https:\/\/kalinski.pl\/serwis\/wp-json\/wp\/v2\/pages"}],"about":[{"href":"https:\/\/kalinski.pl\/serwis\/wp-json\/wp\/v2\/types\/page"}],"author":[{"embeddable":true,"href":"https:\/\/kalinski.pl\/serwis\/wp-json\/wp\/v2\/users\/821794"}],"replies":[{"embeddable":true,"href":"https:\/\/kalinski.pl\/serwis\/wp-json\/wp\/v2\/comments?post=2695"}],"version-history":[{"count":0,"href":"https:\/\/kalinski.pl\/serwis\/wp-json\/wp\/v2\/pages\/2695\/revisions"}],"wp:attachment":[{"href":"https:\/\/kalinski.pl\/serwis\/wp-json\/wp\/v2\/media?parent=2695"}],"curies":[{"name":"wp","href":"https:\/\/api.w.org\/{rel}","templated":true}]}}