{"id":2693,"date":"2020-10-27T13:10:25","date_gmt":"2020-10-27T12:10:25","guid":{"rendered":"https:\/\/kalinski.pl\/?page_id=2693"},"modified":"2020-10-27T13:28:47","modified_gmt":"2020-10-27T12:28:47","slug":"regeneracja-katalizatorow-i-filtrow-dpf-bydgoszcz","status":"publish","type":"page","link":"https:\/\/kalinski.pl\/serwis\/regeneracja-katalizatorow-i-filtrow-dpf-bydgoszcz\/","title":{"rendered":"Regeneracja katalizator\u00f3w i filtr\u00f3w DPF Bydgoszcz"},"content":{"rendered":"\n<figure class=\"wp-block-image size-large\"><img fetchpriority=\"high\" decoding=\"async\" width=\"1110\" height=\"303\" src=\"https:\/\/kalinski.pl\/wp-content\/uploads\/Filtry_Kalinski-1-1110x303.png\" alt=\"\" class=\"wp-image-1568\"\/><\/figure>\n\n\n\n<p align=\"justify\">Uszkodzenie cz\u0119\u015bci samochodowych zazwyczaj oznacza konieczno\u015b\u0107 ich wymiany. Istniej\u0105 jednak pewne wyj\u0105tki od tej regu\u0142y. W przypadku katalizator\u00f3w oraz filtr\u00f3w DPF znacznie bardziej ekonomicznym rozwi\u0105zaniem okazuje si\u0119 ich regeneracja. Na czym dok\u0142adnie ona polega i kiedy mo\u017cna j\u0105 zastosowa\u0107?<\/p>\n\n\n\n<p><strong>Regeneracja DPF Bydgoszcz <\/strong>to us\u0142uga polegaj\u0105ca na przywr\u00f3ceniu filtrowi prawid\u0142owej przepustowo\u015bci. Aby tego dokona\u0107, zazwyczaj niezb\u0119dnym krokiem okazuje si\u0119 <strong>czyszczenie filtr\u00f3w DPF Bydgoszcz. <\/strong>Nasza firma dysponuje specjalistyczn\u0105 maszyn\u0105 marki Hartridge, dzi\u0119ki kt\u00f3rej jeste\u015bmy w stanie wyczy\u015bci\u0107 nawet powa\u017cnie zabrudzone egzemplarze. Je\u017celi jednak zanieczyszczenia s\u0105 zbyt du\u017ce, korzystamy z alternatywnego rozwi\u0105zania w postaci wymiany wk\u0142adu. Po zako\u0144czeniu regeneracji wykonujemy test przepustowo\u015bci i sprawdzamy, czy filtr zn\u00f3w dzia\u0142a prawid\u0142owo. Je\u017celi uzyskany wynik mie\u015bci si\u0119 w okre\u015blonej normie, przekazujemy klientowi zregenerowany egzemplarz.<\/p>\n\n\n\n<p>Czy <strong>regeneracja katalizator\u00f3w Bydgoszcz <\/strong>przebiega w ten sam spos\u00f3b? Z regu\u0142y tak. Jedynym wyj\u0105tkiem jest spos\u00f3b post\u0119powania z katalizatorami stosowanymi w samochodach osobowych. Regeneracja takich egzemplarzy odbywa si\u0119 bowiem tylko przez wymian\u0119 wk\u0142adu. Z kolei <strong>czyszczenie katalizator\u00f3w Bydgoszcz <\/strong>jest realizowane wy\u0142\u0105cznie w przypadku cz\u0119\u015bci przeznaczonych do monta\u017cu w autach ci\u0119\u017carowych. Je\u017celi zanieczyszczenia katalizatora nie s\u0105 zbyt du\u017ce, zazwyczaj samo powietrze pod ci\u015bnieniem umo\u017cliwia usuni\u0119cie brudu. W pozosta\u0142ych przypadkach dobrym rozwi\u0105zaniem jest <strong>wypalanie katalizator\u00f3w Bydgoszcz. <\/strong>Umieszczenie ich w specjalnym piecu sprawia, \u017ce zabrudzenia wysychaj\u0105, a co za tym idzie \u2013 mo\u017cna je \u0142atwiej usun\u0105\u0107.<\/p>\n\n\n\n<p>Nasza siedziba mie\u015bci si\u0119 w Chybach, czyli miejscowo\u015bci po\u0142o\u017conej tu\u017c obok Poznania. Jednak oferta firmy Kali\u0144ski zosta\u0142a rozszerzona na terytorium ca\u0142ego kraju. Wszystko ze wzgl\u0119du na wdro\u017cenie modelu sprzeda\u017cy wysy\u0142kowej. Teraz mog\u0105 Pa\u0144stwo wygodnie zamawia\u0107 i odbiera\u0107 produkty z naszego asortymentu. Zach\u0119camy wi\u0119c do zapoznania si\u0119 z pe\u0142n\u0105 ofert\u0105 marki Kali\u0144ski.<\/p>\n\n\n\n<div class=\"wp-block-columns is-layout-flex wp-container-core-columns-is-layout-1 wp-block-columns-is-layout-flex\">\n<div class=\"wp-block-column is-layout-flow wp-block-column-is-layout-flow\">\n<div class=\"k_box\" style=\"float:right;\">\n<div class=\"k_box_left\"><img decoding=\"async\" class=\"alignnone size-full wp-image-152\" src=\"https:\/\/kalinski.pl\/wp-content\/uploads\/2019\/04\/k_mateuszl.jpg\" alt=\"\" width=\"95\" height=\"161\"><\/div>\n<div class=\"k_box_right\">\n<div class=\"kbr_1\">Katalizatory, filtry FAP\/DPF<\/div>\n<div class=\"kbr_2\">Mateusz<\/div>\n<div class=\"kbr_2\"><a class=\"phone\" href=\"tel:0048618142777\">+48 61 814 27 77 \/ wew 101<\/a><\/div>\n<div class=\"kbr_3\"><a href=\"mailto:biuro@kalinski.pl\">biuro@kalinski.pl<\/a><\/div>\n<\/div>\n<\/div>\n\n\n<\/div>\n\n\n\n<div class=\"wp-block-column is-layout-flow wp-block-column-is-layout-flow\">\n<div class=\"k_box\" style=\"float:left;\">\n<div class=\"k_box_left\"><img decoding=\"async\" class=\"alignnone size-full wp-image-152\" src=\"https:\/\/kalinski.pl\/wp-content\/uploads\/2019\/04\/k_adamc.jpg\" alt=\"\" width=\"95\" height=\"161\"><\/div>\n<div class=\"k_box_right\">\n<div class=\"kbr_1\">Pojazdy ci\u0119\u017carowe<\/div>\n<div class=\"kbr_2\">Adam<\/div>\n<div class=\"kbr_2\"><a class=\"phone\" href=\"tel:0048618142777\">+48 61 814 27 77 \/ wew 102<\/a><\/div>\n<div class=\"kbr_3\"><a href=\"mailto:ciezarowe@kalinski.pl\">ciezarowe@kalinski.pl<\/a><\/div>\n<\/div>\n<\/div>\n<\/div>\n<\/div>\n\n\n\n<iframe src=\"https:\/\/www.google.com\/maps\/embed?pb=!1m14!1m8!1m3!1d2891.0189752303836!2d16.761502335364135!3d52.46016731732493!3m2!1i1024!2i768!4f13.1!3m3!1m2!1s0x470441321c9562cb%3A0xee0284f60b138572!2sSzamotulska%2040%2C%2062-081%20Chyby!5e0!3m2!1spl!2spl!4v1599035144301!5m2!1spl!2spl\" style=\"border:0;\" allowfullscreen=\"\" aria-hidden=\"false\" tabindex=\"0\" width=\"100%\" height=\"450\" frameborder=\"0\"><\/iframe>\n","protected":false},"excerpt":{"rendered":"<p>Uszkodzenie cz\u0119\u015bci samochodowych zazwyczaj oznacza konieczno\u015b\u0107 ich wymiany. Istniej\u0105 jednak pewne wyj\u0105tki od tej regu\u0142y. W przypadku katalizator\u00f3w oraz filtr\u00f3w DPF znacznie bardziej ekonomicznym rozwi\u0105zaniem okazuje si\u0119 ich regeneracja. Na czym dok\u0142adnie ona polega i kiedy mo\u017cna j\u0105 zastosowa\u0107? Regeneracja DPF Bydgoszcz to us\u0142uga polegaj\u0105ca na przywr\u00f3ceniu filtrowi prawid\u0142owej przepustowo\u015bci. Aby tego dokona\u0107, zazwyczaj niezb\u0119dnym &hellip; <a href=\"https:\/\/kalinski.pl\/serwis\/regeneracja-katalizatorow-i-filtrow-dpf-bydgoszcz\/\" class=\"more-link\">Czytaj dalej<span class=\"screen-reader-text\"> Regeneracja katalizator\u00f3w i filtr\u00f3w DPF Bydgoszcz<\/span><\/a><\/p>\n","protected":false},"author":821794,"featured_media":0,"parent":0,"menu_order":0,"comment_status":"closed","ping_status":"closed","template":"","meta":{"footnotes":""},"class_list":["post-2693","page","type-page","status-publish","hentry"],"yoast_head":"<!-- This site is optimized with the Yoast SEO plugin v26.7 - https:\/\/yoast.com\/wordpress\/plugins\/seo\/ -->\n<title>Regeneracja katalizator\u00f3w i filtr\u00f3w DPF Bydgoszcz | Kali\u0144ski<\/title>\n<meta name=\"robots\" content=\"index, follow, max-snippet:-1, max-image-preview:large, max-video-preview:-1\" \/>\n<link rel=\"canonical\" href=\"https:\/\/kalinski.pl\/serwis\/regeneracja-katalizatorow-i-filtrow-dpf-bydgoszcz\/\" \/>\n<meta property=\"og:locale\" content=\"pl_PL\" \/>\n<meta property=\"og:type\" content=\"article\" \/>\n<meta property=\"og:title\" content=\"Regeneracja katalizator\u00f3w i filtr\u00f3w DPF Bydgoszcz | Kali\u0144ski\" \/>\n<meta property=\"og:description\" content=\"Uszkodzenie cz\u0119\u015bci samochodowych zazwyczaj oznacza konieczno\u015b\u0107 ich wymiany. Istniej\u0105 jednak pewne wyj\u0105tki od tej regu\u0142y. W przypadku katalizator\u00f3w oraz filtr\u00f3w DPF znacznie bardziej ekonomicznym rozwi\u0105zaniem okazuje si\u0119 ich regeneracja. Na czym dok\u0142adnie ona polega i kiedy mo\u017cna j\u0105 zastosowa\u0107? Regeneracja DPF Bydgoszcz to us\u0142uga polegaj\u0105ca na przywr\u00f3ceniu filtrowi prawid\u0142owej przepustowo\u015bci. Aby tego dokona\u0107, zazwyczaj niezb\u0119dnym &hellip; Czytaj dalej Regeneracja katalizator\u00f3w i filtr\u00f3w DPF Bydgoszcz\" \/>\n<meta property=\"og:url\" content=\"https:\/\/kalinski.pl\/serwis\/regeneracja-katalizatorow-i-filtrow-dpf-bydgoszcz\/\" \/>\n<meta property=\"og:site_name\" content=\"Kali\u0144ski\" \/>\n<meta property=\"article:modified_time\" content=\"2020-10-27T12:28:47+00:00\" \/>\n<meta property=\"og:image\" content=\"https:\/\/kalinski.pl\/wp-content\/uploads\/Filtry_Kalinski-1-1110x303.png\" \/>\n<meta name=\"twitter:card\" content=\"summary_large_image\" \/>\n<meta name=\"twitter:label1\" content=\"Szacowany czas czytania\" \/>\n\t<meta name=\"twitter:data1\" content=\"2 minuty\" \/>\n<script type=\"application\/ld+json\" class=\"yoast-schema-graph\">{\"@context\":\"https:\/\/schema.org\",\"@graph\":[{\"@type\":\"WebPage\",\"@id\":\"https:\/\/kalinski.pl\/serwis\/regeneracja-katalizatorow-i-filtrow-dpf-bydgoszcz\/\",\"url\":\"https:\/\/kalinski.pl\/serwis\/regeneracja-katalizatorow-i-filtrow-dpf-bydgoszcz\/\",\"name\":\"Regeneracja katalizator\u00f3w i filtr\u00f3w DPF Bydgoszcz | Kali\u0144ski\",\"isPartOf\":{\"@id\":\"https:\/\/kalinski.pl\/serwis\/#website\"},\"primaryImageOfPage\":{\"@id\":\"https:\/\/kalinski.pl\/serwis\/regeneracja-katalizatorow-i-filtrow-dpf-bydgoszcz\/#primaryimage\"},\"image\":{\"@id\":\"https:\/\/kalinski.pl\/serwis\/regeneracja-katalizatorow-i-filtrow-dpf-bydgoszcz\/#primaryimage\"},\"thumbnailUrl\":\"https:\/\/kalinski.pl\/wp-content\/uploads\/Filtry_Kalinski-1-1110x303.png\",\"datePublished\":\"2020-10-27T12:10:25+00:00\",\"dateModified\":\"2020-10-27T12:28:47+00:00\",\"breadcrumb\":{\"@id\":\"https:\/\/kalinski.pl\/serwis\/regeneracja-katalizatorow-i-filtrow-dpf-bydgoszcz\/#breadcrumb\"},\"inLanguage\":\"pl-PL\",\"potentialAction\":[{\"@type\":\"ReadAction\",\"target\":[\"https:\/\/kalinski.pl\/serwis\/regeneracja-katalizatorow-i-filtrow-dpf-bydgoszcz\/\"]}]},{\"@type\":\"ImageObject\",\"inLanguage\":\"pl-PL\",\"@id\":\"https:\/\/kalinski.pl\/serwis\/regeneracja-katalizatorow-i-filtrow-dpf-bydgoszcz\/#primaryimage\",\"url\":\"https:\/\/kalinski.pl\/wp-content\/uploads\/Filtry_Kalinski-1-1110x303.png\",\"contentUrl\":\"https:\/\/kalinski.pl\/wp-content\/uploads\/Filtry_Kalinski-1-1110x303.png\"},{\"@type\":\"BreadcrumbList\",\"@id\":\"https:\/\/kalinski.pl\/serwis\/regeneracja-katalizatorow-i-filtrow-dpf-bydgoszcz\/#breadcrumb\",\"itemListElement\":[{\"@type\":\"ListItem\",\"position\":1,\"name\":\"Strona g\u0142\u00f3wna\",\"item\":\"https:\/\/kalinski.pl\/serwis\/\"},{\"@type\":\"ListItem\",\"position\":2,\"name\":\"Regeneracja katalizator\u00f3w i filtr\u00f3w DPF Bydgoszcz\"}]},{\"@type\":\"WebSite\",\"@id\":\"https:\/\/kalinski.pl\/serwis\/#website\",\"url\":\"https:\/\/kalinski.pl\/serwis\/\",\"name\":\"Kali\u0144ski\",\"description\":\"Uk\u0142ady wydechowe\",\"publisher\":{\"@id\":\"https:\/\/kalinski.pl\/serwis\/#organization\"},\"potentialAction\":[{\"@type\":\"SearchAction\",\"target\":{\"@type\":\"EntryPoint\",\"urlTemplate\":\"https:\/\/kalinski.pl\/serwis\/?s={search_term_string}\"},\"query-input\":{\"@type\":\"PropertyValueSpecification\",\"valueRequired\":true,\"valueName\":\"search_term_string\"}}],\"inLanguage\":\"pl-PL\"},{\"@type\":\"Organization\",\"@id\":\"https:\/\/kalinski.pl\/serwis\/#organization\",\"name\":\"Kali\u0144ski\",\"url\":\"https:\/\/kalinski.pl\/serwis\/\",\"logo\":{\"@type\":\"ImageObject\",\"inLanguage\":\"pl-PL\",\"@id\":\"https:\/\/kalinski.pl\/serwis\/#\/schema\/logo\/image\/\",\"url\":\"https:\/\/kalinski.pl\/serwis\/wp-content\/uploads\/2019\/03\/cropped-logo_white.jpg\",\"contentUrl\":\"https:\/\/kalinski.pl\/serwis\/wp-content\/uploads\/2019\/03\/cropped-logo_white.jpg\",\"width\":240,\"height\":63,\"caption\":\"Kali\u0144ski\"},\"image\":{\"@id\":\"https:\/\/kalinski.pl\/serwis\/#\/schema\/logo\/image\/\"}}]}<\/script>\n<!-- \/ Yoast SEO plugin. -->","yoast_head_json":{"title":"Regeneracja katalizator\u00f3w i filtr\u00f3w DPF Bydgoszcz | Kali\u0144ski","robots":{"index":"index","follow":"follow","max-snippet":"max-snippet:-1","max-image-preview":"max-image-preview:large","max-video-preview":"max-video-preview:-1"},"canonical":"https:\/\/kalinski.pl\/serwis\/regeneracja-katalizatorow-i-filtrow-dpf-bydgoszcz\/","og_locale":"pl_PL","og_type":"article","og_title":"Regeneracja katalizator\u00f3w i filtr\u00f3w DPF Bydgoszcz | Kali\u0144ski","og_description":"Uszkodzenie cz\u0119\u015bci samochodowych zazwyczaj oznacza konieczno\u015b\u0107 ich wymiany. Istniej\u0105 jednak pewne wyj\u0105tki od tej regu\u0142y. W przypadku katalizator\u00f3w oraz filtr\u00f3w DPF znacznie bardziej ekonomicznym rozwi\u0105zaniem okazuje si\u0119 ich regeneracja. Na czym dok\u0142adnie ona polega i kiedy mo\u017cna j\u0105 zastosowa\u0107? Regeneracja DPF Bydgoszcz to us\u0142uga polegaj\u0105ca na przywr\u00f3ceniu filtrowi prawid\u0142owej przepustowo\u015bci. Aby tego dokona\u0107, zazwyczaj niezb\u0119dnym &hellip; Czytaj dalej Regeneracja katalizator\u00f3w i filtr\u00f3w DPF Bydgoszcz","og_url":"https:\/\/kalinski.pl\/serwis\/regeneracja-katalizatorow-i-filtrow-dpf-bydgoszcz\/","og_site_name":"Kali\u0144ski","article_modified_time":"2020-10-27T12:28:47+00:00","og_image":[{"url":"https:\/\/kalinski.pl\/wp-content\/uploads\/Filtry_Kalinski-1-1110x303.png","type":"","width":"","height":""}],"twitter_card":"summary_large_image","twitter_misc":{"Szacowany czas czytania":"2 minuty"},"schema":{"@context":"https:\/\/schema.org","@graph":[{"@type":"WebPage","@id":"https:\/\/kalinski.pl\/serwis\/regeneracja-katalizatorow-i-filtrow-dpf-bydgoszcz\/","url":"https:\/\/kalinski.pl\/serwis\/regeneracja-katalizatorow-i-filtrow-dpf-bydgoszcz\/","name":"Regeneracja katalizator\u00f3w i filtr\u00f3w DPF Bydgoszcz | Kali\u0144ski","isPartOf":{"@id":"https:\/\/kalinski.pl\/serwis\/#website"},"primaryImageOfPage":{"@id":"https:\/\/kalinski.pl\/serwis\/regeneracja-katalizatorow-i-filtrow-dpf-bydgoszcz\/#primaryimage"},"image":{"@id":"https:\/\/kalinski.pl\/serwis\/regeneracja-katalizatorow-i-filtrow-dpf-bydgoszcz\/#primaryimage"},"thumbnailUrl":"https:\/\/kalinski.pl\/wp-content\/uploads\/Filtry_Kalinski-1-1110x303.png","datePublished":"2020-10-27T12:10:25+00:00","dateModified":"2020-10-27T12:28:47+00:00","breadcrumb":{"@id":"https:\/\/kalinski.pl\/serwis\/regeneracja-katalizatorow-i-filtrow-dpf-bydgoszcz\/#breadcrumb"},"inLanguage":"pl-PL","potentialAction":[{"@type":"ReadAction","target":["https:\/\/kalinski.pl\/serwis\/regeneracja-katalizatorow-i-filtrow-dpf-bydgoszcz\/"]}]},{"@type":"ImageObject","inLanguage":"pl-PL","@id":"https:\/\/kalinski.pl\/serwis\/regeneracja-katalizatorow-i-filtrow-dpf-bydgoszcz\/#primaryimage","url":"https:\/\/kalinski.pl\/wp-content\/uploads\/Filtry_Kalinski-1-1110x303.png","contentUrl":"https:\/\/kalinski.pl\/wp-content\/uploads\/Filtry_Kalinski-1-1110x303.png"},{"@type":"BreadcrumbList","@id":"https:\/\/kalinski.pl\/serwis\/regeneracja-katalizatorow-i-filtrow-dpf-bydgoszcz\/#breadcrumb","itemListElement":[{"@type":"ListItem","position":1,"name":"Strona g\u0142\u00f3wna","item":"https:\/\/kalinski.pl\/serwis\/"},{"@type":"ListItem","position":2,"name":"Regeneracja katalizator\u00f3w i filtr\u00f3w DPF Bydgoszcz"}]},{"@type":"WebSite","@id":"https:\/\/kalinski.pl\/serwis\/#website","url":"https:\/\/kalinski.pl\/serwis\/","name":"Kali\u0144ski","description":"Uk\u0142ady wydechowe","publisher":{"@id":"https:\/\/kalinski.pl\/serwis\/#organization"},"potentialAction":[{"@type":"SearchAction","target":{"@type":"EntryPoint","urlTemplate":"https:\/\/kalinski.pl\/serwis\/?s={search_term_string}"},"query-input":{"@type":"PropertyValueSpecification","valueRequired":true,"valueName":"search_term_string"}}],"inLanguage":"pl-PL"},{"@type":"Organization","@id":"https:\/\/kalinski.pl\/serwis\/#organization","name":"Kali\u0144ski","url":"https:\/\/kalinski.pl\/serwis\/","logo":{"@type":"ImageObject","inLanguage":"pl-PL","@id":"https:\/\/kalinski.pl\/serwis\/#\/schema\/logo\/image\/","url":"https:\/\/kalinski.pl\/serwis\/wp-content\/uploads\/2019\/03\/cropped-logo_white.jpg","contentUrl":"https:\/\/kalinski.pl\/serwis\/wp-content\/uploads\/2019\/03\/cropped-logo_white.jpg","width":240,"height":63,"caption":"Kali\u0144ski"},"image":{"@id":"https:\/\/kalinski.pl\/serwis\/#\/schema\/logo\/image\/"}}]}},"_links":{"self":[{"href":"https:\/\/kalinski.pl\/serwis\/wp-json\/wp\/v2\/pages\/2693","targetHints":{"allow":["GET"]}}],"collection":[{"href":"https:\/\/kalinski.pl\/serwis\/wp-json\/wp\/v2\/pages"}],"about":[{"href":"https:\/\/kalinski.pl\/serwis\/wp-json\/wp\/v2\/types\/page"}],"author":[{"embeddable":true,"href":"https:\/\/kalinski.pl\/serwis\/wp-json\/wp\/v2\/users\/821794"}],"replies":[{"embeddable":true,"href":"https:\/\/kalinski.pl\/serwis\/wp-json\/wp\/v2\/comments?post=2693"}],"version-history":[{"count":0,"href":"https:\/\/kalinski.pl\/serwis\/wp-json\/wp\/v2\/pages\/2693\/revisions"}],"wp:attachment":[{"href":"https:\/\/kalinski.pl\/serwis\/wp-json\/wp\/v2\/media?parent=2693"}],"curies":[{"name":"wp","href":"https:\/\/api.w.org\/{rel}","templated":true}]}}