{"id":2648,"date":"2020-10-21T09:49:55","date_gmt":"2020-10-21T07:49:55","guid":{"rendered":"https:\/\/kalinski.pl\/?page_id=2648"},"modified":"2020-10-27T13:22:45","modified_gmt":"2020-10-27T12:22:45","slug":"regeneracja-katalizatorow-i-filtrow-dpf-tarnow","status":"publish","type":"page","link":"https:\/\/kalinski.pl\/serwis\/regeneracja-katalizatorow-i-filtrow-dpf-tarnow\/","title":{"rendered":"Regeneracja katalizator\u00f3w i filtr\u00f3w DPF Tarn\u00f3w"},"content":{"rendered":"\n<figure class=\"wp-block-image size-large\"><img fetchpriority=\"high\" decoding=\"async\" width=\"1110\" height=\"303\" src=\"https:\/\/kalinski.pl\/wp-content\/uploads\/Filtry_Kalinski-1-1110x303.png\" alt=\"\" class=\"wp-image-1568\"\/><\/figure>\n\n\n\n<p style=\"text-align: justify; margin-top: 25px;\">W naszej ofercie znajdziesz nie tylko mo\u017cliwo\u015b\u0107 zakupu katalizator\u00f3w i filtr\u00f3w DPF do samochod\u00f3w ci\u0119\u017carowych i osobowych. Oferujemy tak\u017ce ich czyszczenie oraz regeneracj\u0119. S\u0105 to obowi\u0105zkowe czynno\u015bci, je\u015bli zale\u017cy Ci na bezpiecznej je\u017adzie i d\u0142ugotrwa\u0142ym korzystaniu ze swojego auta. <strong>Regeneracja katalizator\u00f3w Tarn\u00f3w<\/strong> to us\u0142uga, kt\u00f3ra przed\u0142u\u017ca ich \u017cywotno\u015b\u0107 oraz umo\u017cliwia prawid\u0142owe dzia\u0142anie. <strong>Czyszczenie katalizator\u00f3w Tarn\u00f3w<\/strong> odbywa\u0107 si\u0119 mo\u017ce wed\u0142ug dw\u00f3ch sposob\u00f3w. Pierwszym sposobem jest wypalanie sadzy znajduj\u0105cej si\u0119 wewn\u0105trz filtru b\u0105d\u017a katalizatora. Owe <strong>wypalanie katalizator\u00f3w Tarn\u00f3w<\/strong> odbywa si\u0119 w specjalnym piecu Hartridge. To najlepsze tego typu urz\u0105dzenie dost\u0119pne na rynku, kt\u00f3re rekomenduj\u0105 najwi\u0119ksze marki samochod\u00f3w. Metoda ta zast\u0119powana jest czasem wydmuchiwaniem zaleg\u0142ych zanieczyszcze\u0144 przy pomocy spr\u0119\u017conego powietrza. Drugim sposobem jest wymiana ceramicznych wk\u0142ad\u00f3w.<\/p>\n\n\n\n<p style=\"text-align:justify;\"><strong>Regeneracja DPF Tarn\u00f3w<\/strong> zalecana jest wszystkim w\u0142a\u015bcicielom samochod\u00f3w ci\u0119\u017carowych w celu poprawienia wydajno\u015bci silnika. <strong>Czyszczenie filtr\u00f3w DPF Tarn\u00f3w<\/strong> odbywa si\u0119 szybko, sprawnie dzi\u0119ki naszemu zespo\u0142owi profesjonalnych i do\u015bwiadczonych mechanik\u00f3w. Dlatego wybieraj\u0105c nasz\u0105 firm\u0119 wybierasz jako\u015b\u0107 us\u0142ug na najwy\u017cszym poziomie. Cechuje nas profesjonalizm i pasja do motoryzacji. Jeste\u015bmy wiod\u0105cym sprzedawc\u0105 i serwisem katalizator\u00f3w i filtr\u00f3w. Na rynku tarnowskim \u015bwiadczymy us\u0142ugi zdalnie, poprzez wysy\u0142ki bezpo\u015brednio do klienta lub do pobliskiego warsztatu. Korzystanie z naszej us\u0142ugi zapewni gwarancj\u0119 bezpiecznej podr\u00f3\u017cy, nawet na d\u0142ugich dystansach, a tak\u017ce zmniejszy znacznie emisj\u0119 spalin przez Tw\u00f3j samoch\u00f3d. Wp\u0142ynie to na jako\u015b\u0107 zar\u00f3wno Twojego zdrowia, jak i powietrza oraz \u015brodowiska. Je\u015bli co\u015b niepokoi Ci\u0119 aktualnie w Twoim aucie, chcesz wyczy\u015bci\u0107 filtry, katalizatory lub wymieni\u0107 inne cz\u0119\u015bci, skontaktuj si\u0119 z nami koniecznie. Ch\u0119tnie ocenimy stan Twojego pojazdu i pomo\u017cemy osi\u0105gn\u0105\u0107 mu stan, w kt\u00f3rym b\u0119dziesz m\u00f3g\u0142 poczu\u0107 si\u0119 bezpiecznie. Zadzwo\u0144, porozmawiajmy o Twoich potrzebach, sprawdzimy jak mo\u017cemy pom\u00f3c Twojemu autu i um\u00f3wimy si\u0119 na konsultacj\u0119.<\/p>\n\n\n\n<div class=\"wp-block-columns is-layout-flex wp-container-core-columns-is-layout-1 wp-block-columns-is-layout-flex\">\n<div class=\"wp-block-column is-layout-flow wp-block-column-is-layout-flow\">\n<div class=\"k_box\" style=\"float:right;\">\n<div class=\"k_box_left\"><img decoding=\"async\" class=\"alignnone size-full wp-image-152\" src=\"https:\/\/kalinski.pl\/wp-content\/uploads\/2019\/04\/k_mateuszl.jpg\" alt=\"\" width=\"95\" height=\"161\"><\/div>\n<div class=\"k_box_right\">\n<div class=\"kbr_1\">Katalizatory, filtry FAP\/DPF<\/div>\n<div class=\"kbr_2\">Mateusz<\/div>\n<div class=\"kbr_2\"><a class=\"phone\" href=\"tel:0048618142777\">+48 61 814 27 77 \/ wew 101<\/a><\/div>\n<div class=\"kbr_3\"><a href=\"mailto:biuro@kalinski.pl\">biuro@kalinski.pl<\/a><\/div>\n<\/div>\n<\/div>\n<\/div>\n\n\n\n<div class=\"wp-block-column is-layout-flow wp-block-column-is-layout-flow\">\n<div class=\"k_box\" style=\"float:left;\">\n<div class=\"k_box_left\"><img decoding=\"async\" class=\"alignnone size-full wp-image-152\" src=\"https:\/\/kalinski.pl\/wp-content\/uploads\/2019\/04\/k_adamc.jpg\" alt=\"\" width=\"95\" height=\"161\"><\/div>\n<div class=\"k_box_right\">\n<div class=\"kbr_1\">Pojazdy ci\u0119\u017carowe<\/div>\n<div class=\"kbr_2\">Adam<\/div>\n<div class=\"kbr_2\"><a class=\"phone\" href=\"tel:0048618142777\">+48 61 814 27 77 \/ wew 102<\/a><\/div>\n<div class=\"kbr_3\"><a href=\"mailto:ciezarowe@kalinski.pl\">ciezarowe@kalinski.pl<\/a><\/div>\n<\/div>\n<\/div>\n<\/div>\n<\/div>\n\n\n\n<iframe src=\"https:\/\/www.google.com\/maps\/embed?pb=!1m14!1m8!1m3!1d2891.0189752303836!2d16.761502335364135!3d52.46016731732493!3m2!1i1024!2i768!4f13.1!3m3!1m2!1s0x470441321c9562cb%3A0xee0284f60b138572!2sSzamotulska%2040%2C%2062-081%20Chyby!5e0!3m2!1spl!2spl!4v1599035144301!5m2!1spl!2spl\" style=\"border:0;\" allowfullscreen=\"\" aria-hidden=\"false\" tabindex=\"0\" width=\"100%\" height=\"450\" frameborder=\"0\"><\/iframe>\n","protected":false},"excerpt":{"rendered":"<p>W naszej ofercie znajdziesz nie tylko mo\u017cliwo\u015b\u0107 zakupu katalizator\u00f3w i filtr\u00f3w DPF do samochod\u00f3w ci\u0119\u017carowych i osobowych. Oferujemy tak\u017ce ich czyszczenie oraz regeneracj\u0119. S\u0105 to obowi\u0105zkowe czynno\u015bci, je\u015bli zale\u017cy Ci na bezpiecznej je\u017adzie i d\u0142ugotrwa\u0142ym korzystaniu ze swojego auta. Regeneracja katalizator\u00f3w Tarn\u00f3w to us\u0142uga, kt\u00f3ra przed\u0142u\u017ca ich \u017cywotno\u015b\u0107 oraz umo\u017cliwia prawid\u0142owe dzia\u0142anie. Czyszczenie katalizator\u00f3w Tarn\u00f3w &hellip; <a href=\"https:\/\/kalinski.pl\/serwis\/regeneracja-katalizatorow-i-filtrow-dpf-tarnow\/\" class=\"more-link\">Czytaj dalej<span class=\"screen-reader-text\"> Regeneracja katalizator\u00f3w i filtr\u00f3w DPF Tarn\u00f3w<\/span><\/a><\/p>\n","protected":false},"author":821794,"featured_media":0,"parent":0,"menu_order":0,"comment_status":"closed","ping_status":"closed","template":"","meta":{"footnotes":""},"class_list":["post-2648","page","type-page","status-publish","hentry"],"yoast_head":"<!-- This site is optimized with the Yoast SEO plugin v26.7 - https:\/\/yoast.com\/wordpress\/plugins\/seo\/ -->\n<title>Regeneracja katalizator\u00f3w i filtr\u00f3w DPF Tarn\u00f3w | Kali\u0144ski<\/title>\n<meta name=\"robots\" content=\"index, follow, max-snippet:-1, max-image-preview:large, max-video-preview:-1\" \/>\n<link rel=\"canonical\" href=\"https:\/\/kalinski.pl\/serwis\/regeneracja-katalizatorow-i-filtrow-dpf-tarnow\/\" \/>\n<meta property=\"og:locale\" content=\"pl_PL\" \/>\n<meta property=\"og:type\" content=\"article\" \/>\n<meta property=\"og:title\" content=\"Regeneracja katalizator\u00f3w i filtr\u00f3w DPF Tarn\u00f3w | Kali\u0144ski\" \/>\n<meta property=\"og:description\" content=\"W naszej ofercie znajdziesz nie tylko mo\u017cliwo\u015b\u0107 zakupu katalizator\u00f3w i filtr\u00f3w DPF do samochod\u00f3w ci\u0119\u017carowych i osobowych. Oferujemy tak\u017ce ich czyszczenie oraz regeneracj\u0119. S\u0105 to obowi\u0105zkowe czynno\u015bci, je\u015bli zale\u017cy Ci na bezpiecznej je\u017adzie i d\u0142ugotrwa\u0142ym korzystaniu ze swojego auta. Regeneracja katalizator\u00f3w Tarn\u00f3w to us\u0142uga, kt\u00f3ra przed\u0142u\u017ca ich \u017cywotno\u015b\u0107 oraz umo\u017cliwia prawid\u0142owe dzia\u0142anie. Czyszczenie katalizator\u00f3w Tarn\u00f3w &hellip; Czytaj dalej Regeneracja katalizator\u00f3w i filtr\u00f3w DPF Tarn\u00f3w\" \/>\n<meta property=\"og:url\" content=\"https:\/\/kalinski.pl\/serwis\/regeneracja-katalizatorow-i-filtrow-dpf-tarnow\/\" \/>\n<meta property=\"og:site_name\" content=\"Kali\u0144ski\" \/>\n<meta property=\"article:modified_time\" content=\"2020-10-27T12:22:45+00:00\" \/>\n<meta property=\"og:image\" content=\"https:\/\/kalinski.pl\/wp-content\/uploads\/Filtry_Kalinski-1-1110x303.png\" \/>\n<meta name=\"twitter:card\" content=\"summary_large_image\" \/>\n<meta name=\"twitter:label1\" content=\"Szacowany czas czytania\" \/>\n\t<meta name=\"twitter:data1\" content=\"2 minuty\" \/>\n<script type=\"application\/ld+json\" class=\"yoast-schema-graph\">{\"@context\":\"https:\/\/schema.org\",\"@graph\":[{\"@type\":\"WebPage\",\"@id\":\"https:\/\/kalinski.pl\/serwis\/regeneracja-katalizatorow-i-filtrow-dpf-tarnow\/\",\"url\":\"https:\/\/kalinski.pl\/serwis\/regeneracja-katalizatorow-i-filtrow-dpf-tarnow\/\",\"name\":\"Regeneracja katalizator\u00f3w i filtr\u00f3w DPF Tarn\u00f3w | Kali\u0144ski\",\"isPartOf\":{\"@id\":\"https:\/\/kalinski.pl\/serwis\/#website\"},\"primaryImageOfPage\":{\"@id\":\"https:\/\/kalinski.pl\/serwis\/regeneracja-katalizatorow-i-filtrow-dpf-tarnow\/#primaryimage\"},\"image\":{\"@id\":\"https:\/\/kalinski.pl\/serwis\/regeneracja-katalizatorow-i-filtrow-dpf-tarnow\/#primaryimage\"},\"thumbnailUrl\":\"https:\/\/kalinski.pl\/wp-content\/uploads\/Filtry_Kalinski-1-1110x303.png\",\"datePublished\":\"2020-10-21T07:49:55+00:00\",\"dateModified\":\"2020-10-27T12:22:45+00:00\",\"breadcrumb\":{\"@id\":\"https:\/\/kalinski.pl\/serwis\/regeneracja-katalizatorow-i-filtrow-dpf-tarnow\/#breadcrumb\"},\"inLanguage\":\"pl-PL\",\"potentialAction\":[{\"@type\":\"ReadAction\",\"target\":[\"https:\/\/kalinski.pl\/serwis\/regeneracja-katalizatorow-i-filtrow-dpf-tarnow\/\"]}]},{\"@type\":\"ImageObject\",\"inLanguage\":\"pl-PL\",\"@id\":\"https:\/\/kalinski.pl\/serwis\/regeneracja-katalizatorow-i-filtrow-dpf-tarnow\/#primaryimage\",\"url\":\"https:\/\/kalinski.pl\/wp-content\/uploads\/Filtry_Kalinski-1-1110x303.png\",\"contentUrl\":\"https:\/\/kalinski.pl\/wp-content\/uploads\/Filtry_Kalinski-1-1110x303.png\"},{\"@type\":\"BreadcrumbList\",\"@id\":\"https:\/\/kalinski.pl\/serwis\/regeneracja-katalizatorow-i-filtrow-dpf-tarnow\/#breadcrumb\",\"itemListElement\":[{\"@type\":\"ListItem\",\"position\":1,\"name\":\"Strona g\u0142\u00f3wna\",\"item\":\"https:\/\/kalinski.pl\/serwis\/\"},{\"@type\":\"ListItem\",\"position\":2,\"name\":\"Regeneracja katalizator\u00f3w i filtr\u00f3w DPF Tarn\u00f3w\"}]},{\"@type\":\"WebSite\",\"@id\":\"https:\/\/kalinski.pl\/serwis\/#website\",\"url\":\"https:\/\/kalinski.pl\/serwis\/\",\"name\":\"Kali\u0144ski\",\"description\":\"Uk\u0142ady wydechowe\",\"publisher\":{\"@id\":\"https:\/\/kalinski.pl\/serwis\/#organization\"},\"potentialAction\":[{\"@type\":\"SearchAction\",\"target\":{\"@type\":\"EntryPoint\",\"urlTemplate\":\"https:\/\/kalinski.pl\/serwis\/?s={search_term_string}\"},\"query-input\":{\"@type\":\"PropertyValueSpecification\",\"valueRequired\":true,\"valueName\":\"search_term_string\"}}],\"inLanguage\":\"pl-PL\"},{\"@type\":\"Organization\",\"@id\":\"https:\/\/kalinski.pl\/serwis\/#organization\",\"name\":\"Kali\u0144ski\",\"url\":\"https:\/\/kalinski.pl\/serwis\/\",\"logo\":{\"@type\":\"ImageObject\",\"inLanguage\":\"pl-PL\",\"@id\":\"https:\/\/kalinski.pl\/serwis\/#\/schema\/logo\/image\/\",\"url\":\"https:\/\/kalinski.pl\/serwis\/wp-content\/uploads\/2019\/03\/cropped-logo_white.jpg\",\"contentUrl\":\"https:\/\/kalinski.pl\/serwis\/wp-content\/uploads\/2019\/03\/cropped-logo_white.jpg\",\"width\":240,\"height\":63,\"caption\":\"Kali\u0144ski\"},\"image\":{\"@id\":\"https:\/\/kalinski.pl\/serwis\/#\/schema\/logo\/image\/\"}}]}<\/script>\n<!-- \/ Yoast SEO plugin. -->","yoast_head_json":{"title":"Regeneracja katalizator\u00f3w i filtr\u00f3w DPF Tarn\u00f3w | Kali\u0144ski","robots":{"index":"index","follow":"follow","max-snippet":"max-snippet:-1","max-image-preview":"max-image-preview:large","max-video-preview":"max-video-preview:-1"},"canonical":"https:\/\/kalinski.pl\/serwis\/regeneracja-katalizatorow-i-filtrow-dpf-tarnow\/","og_locale":"pl_PL","og_type":"article","og_title":"Regeneracja katalizator\u00f3w i filtr\u00f3w DPF Tarn\u00f3w | Kali\u0144ski","og_description":"W naszej ofercie znajdziesz nie tylko mo\u017cliwo\u015b\u0107 zakupu katalizator\u00f3w i filtr\u00f3w DPF do samochod\u00f3w ci\u0119\u017carowych i osobowych. Oferujemy tak\u017ce ich czyszczenie oraz regeneracj\u0119. S\u0105 to obowi\u0105zkowe czynno\u015bci, je\u015bli zale\u017cy Ci na bezpiecznej je\u017adzie i d\u0142ugotrwa\u0142ym korzystaniu ze swojego auta. Regeneracja katalizator\u00f3w Tarn\u00f3w to us\u0142uga, kt\u00f3ra przed\u0142u\u017ca ich \u017cywotno\u015b\u0107 oraz umo\u017cliwia prawid\u0142owe dzia\u0142anie. Czyszczenie katalizator\u00f3w Tarn\u00f3w &hellip; Czytaj dalej Regeneracja katalizator\u00f3w i filtr\u00f3w DPF Tarn\u00f3w","og_url":"https:\/\/kalinski.pl\/serwis\/regeneracja-katalizatorow-i-filtrow-dpf-tarnow\/","og_site_name":"Kali\u0144ski","article_modified_time":"2020-10-27T12:22:45+00:00","og_image":[{"url":"https:\/\/kalinski.pl\/wp-content\/uploads\/Filtry_Kalinski-1-1110x303.png","type":"","width":"","height":""}],"twitter_card":"summary_large_image","twitter_misc":{"Szacowany czas czytania":"2 minuty"},"schema":{"@context":"https:\/\/schema.org","@graph":[{"@type":"WebPage","@id":"https:\/\/kalinski.pl\/serwis\/regeneracja-katalizatorow-i-filtrow-dpf-tarnow\/","url":"https:\/\/kalinski.pl\/serwis\/regeneracja-katalizatorow-i-filtrow-dpf-tarnow\/","name":"Regeneracja katalizator\u00f3w i filtr\u00f3w DPF Tarn\u00f3w | Kali\u0144ski","isPartOf":{"@id":"https:\/\/kalinski.pl\/serwis\/#website"},"primaryImageOfPage":{"@id":"https:\/\/kalinski.pl\/serwis\/regeneracja-katalizatorow-i-filtrow-dpf-tarnow\/#primaryimage"},"image":{"@id":"https:\/\/kalinski.pl\/serwis\/regeneracja-katalizatorow-i-filtrow-dpf-tarnow\/#primaryimage"},"thumbnailUrl":"https:\/\/kalinski.pl\/wp-content\/uploads\/Filtry_Kalinski-1-1110x303.png","datePublished":"2020-10-21T07:49:55+00:00","dateModified":"2020-10-27T12:22:45+00:00","breadcrumb":{"@id":"https:\/\/kalinski.pl\/serwis\/regeneracja-katalizatorow-i-filtrow-dpf-tarnow\/#breadcrumb"},"inLanguage":"pl-PL","potentialAction":[{"@type":"ReadAction","target":["https:\/\/kalinski.pl\/serwis\/regeneracja-katalizatorow-i-filtrow-dpf-tarnow\/"]}]},{"@type":"ImageObject","inLanguage":"pl-PL","@id":"https:\/\/kalinski.pl\/serwis\/regeneracja-katalizatorow-i-filtrow-dpf-tarnow\/#primaryimage","url":"https:\/\/kalinski.pl\/wp-content\/uploads\/Filtry_Kalinski-1-1110x303.png","contentUrl":"https:\/\/kalinski.pl\/wp-content\/uploads\/Filtry_Kalinski-1-1110x303.png"},{"@type":"BreadcrumbList","@id":"https:\/\/kalinski.pl\/serwis\/regeneracja-katalizatorow-i-filtrow-dpf-tarnow\/#breadcrumb","itemListElement":[{"@type":"ListItem","position":1,"name":"Strona g\u0142\u00f3wna","item":"https:\/\/kalinski.pl\/serwis\/"},{"@type":"ListItem","position":2,"name":"Regeneracja katalizator\u00f3w i filtr\u00f3w DPF Tarn\u00f3w"}]},{"@type":"WebSite","@id":"https:\/\/kalinski.pl\/serwis\/#website","url":"https:\/\/kalinski.pl\/serwis\/","name":"Kali\u0144ski","description":"Uk\u0142ady wydechowe","publisher":{"@id":"https:\/\/kalinski.pl\/serwis\/#organization"},"potentialAction":[{"@type":"SearchAction","target":{"@type":"EntryPoint","urlTemplate":"https:\/\/kalinski.pl\/serwis\/?s={search_term_string}"},"query-input":{"@type":"PropertyValueSpecification","valueRequired":true,"valueName":"search_term_string"}}],"inLanguage":"pl-PL"},{"@type":"Organization","@id":"https:\/\/kalinski.pl\/serwis\/#organization","name":"Kali\u0144ski","url":"https:\/\/kalinski.pl\/serwis\/","logo":{"@type":"ImageObject","inLanguage":"pl-PL","@id":"https:\/\/kalinski.pl\/serwis\/#\/schema\/logo\/image\/","url":"https:\/\/kalinski.pl\/serwis\/wp-content\/uploads\/2019\/03\/cropped-logo_white.jpg","contentUrl":"https:\/\/kalinski.pl\/serwis\/wp-content\/uploads\/2019\/03\/cropped-logo_white.jpg","width":240,"height":63,"caption":"Kali\u0144ski"},"image":{"@id":"https:\/\/kalinski.pl\/serwis\/#\/schema\/logo\/image\/"}}]}},"_links":{"self":[{"href":"https:\/\/kalinski.pl\/serwis\/wp-json\/wp\/v2\/pages\/2648","targetHints":{"allow":["GET"]}}],"collection":[{"href":"https:\/\/kalinski.pl\/serwis\/wp-json\/wp\/v2\/pages"}],"about":[{"href":"https:\/\/kalinski.pl\/serwis\/wp-json\/wp\/v2\/types\/page"}],"author":[{"embeddable":true,"href":"https:\/\/kalinski.pl\/serwis\/wp-json\/wp\/v2\/users\/821794"}],"replies":[{"embeddable":true,"href":"https:\/\/kalinski.pl\/serwis\/wp-json\/wp\/v2\/comments?post=2648"}],"version-history":[{"count":0,"href":"https:\/\/kalinski.pl\/serwis\/wp-json\/wp\/v2\/pages\/2648\/revisions"}],"wp:attachment":[{"href":"https:\/\/kalinski.pl\/serwis\/wp-json\/wp\/v2\/media?parent=2648"}],"curies":[{"name":"wp","href":"https:\/\/api.w.org\/{rel}","templated":true}]}}