{"id":2646,"date":"2020-10-20T17:02:40","date_gmt":"2020-10-20T15:02:40","guid":{"rendered":"https:\/\/kalinski.pl\/?page_id=2646"},"modified":"2020-10-21T10:23:14","modified_gmt":"2020-10-21T08:23:14","slug":"regeneracja-katalizatorow-i-filtrow-dpf-siedlce","status":"publish","type":"page","link":"https:\/\/kalinski.pl\/serwis\/regeneracja-katalizatorow-i-filtrow-dpf-siedlce\/","title":{"rendered":"Regeneracja katalizator\u00f3w i filtr\u00f3w DPF Siedlce"},"content":{"rendered":"\n<figure class=\"wp-block-image size-large\"><img fetchpriority=\"high\" decoding=\"async\" width=\"1110\" height=\"303\" src=\"https:\/\/kalinski.pl\/wp-content\/uploads\/Filtry_Kalinski-1-1110x303.png\" alt=\"\" class=\"wp-image-1568\"\/><\/figure>\n\n\n\n<p style=\"text-align: justify; margin-top: 25px;\">Poza sprzeda\u017c\u0105 katalizator\u00f3w i filtr\u00f3w do samochod\u00f3w ci\u0119\u017carowych oraz osobowych, zajmujemy si\u0119 r\u00f3wnie\u017c ich regeneracj\u0105 oraz czyszczeniem. Jest to bowiem obowi\u0105zkowa czynno\u015b\u0107 przed\u0142u\u017caj\u0105c \u017cywotno\u015b\u0107 tych cz\u0119\u015bci i lepsze funkcjonowanie auta. Dlatego, je\u015bli wskutek d\u0142ugotrwa\u0142ej eksploatacji w mie\u015bcie lub przez awari\u0119 uk\u0142adu sterowania, filtr sta\u0142ych cz\u0105stek DPF (w naszej ofercie jest mo\u017cliwa r\u00f3wnie\u017c <strong>regeneracja DPF Siedlce<\/strong>) zablokowa\u0142 si\u0119 przez cz\u0105steczki popio\u0142u i sadzy, zg\u0142o\u015b si\u0119 do nas. Nie musisz wymienia\u0107 filtra na nowy, ani nie musisz go usuwa\u0107 z uk\u0142adu wydechowego, zregenerujemy go dla Ciebie. Katalizator natomiast odpowiada za oczyszczanie spalin ze zwi\u0105zk\u00f3w toksycznych, co ma wp\u0142yw na wydajno\u015b\u0107 silnika. Jednak eksploatacja auta mo\u017ce r\u00f3\u017cnie wp\u0142yn\u0105\u0107 na dzia\u0142anie katalizatora i doprowadzi\u0107 do jego zu\u017cycia. Zdarza si\u0119, \u017ce katalizator wymaga czyszczenia, dzi\u0119ki kt\u00f3remu odzyska on prawid\u0142owe dzia\u0142anie i z powrotem zacznie spe\u0142nia\u0107 swoje funkcje, co pomo\u017ce przywr\u00f3ci\u0107 osi\u0105gi silnika.<\/p>\n\n\n\n<p style=\"text-align:justify;\"><strong>Czyszczenie katalizator\u00f3w Siedlce<\/strong>, podobnie jak czyszczenie filtr\u00f3w odbywa si\u0119 na dwa sposoby: <strong>wypalanie katalizator\u00f3w Siedlce<\/strong> w specjalnym piecu sadzy w filtrze lub katalizatorze oraz wydmuchiwanie ich strumieniem spr\u0119\u017conego powietrza lub wymiana wk\u0142ad\u00f3w ceramicznych.<\/p>\n\n\n\n<p style=\"text-align:justify;\"><strong>Czyszczenie filtr\u00f3w DPF Siedlce<\/strong> to us\u0142uga na najwy\u017cszym poziomie. Najcz\u0119\u015bciej wykorzystujemy piec Hartridge, aby wypali\u0107 zanieczyszczenia zalegaj\u0105ce w filtrze. Nasza us\u0142uga<strong> regeneracja katalizator\u00f3w Siedlce<\/strong> przygotowana jest dla wszystkich tych, kt\u00f3rzy potrzebuj\u0105 pomocy profesjonalnej firmy, kt\u00f3r\u0105 tworz\u0105 pasjonaci motoryzacji. Profesjonalnie wykonana regeneracja katalizator\u00f3w i filtr\u00f3w DPF w naszej firmie zapewni mo\u017cliwo\u015b\u0107 d\u0142ugiego podr\u00f3\u017cowania swoim autem i znacznie zmniejszy szkodliwo\u015b\u0107 emitowanych spalin. Warto sprawdzi\u0107 stan katalizator\u00f3w i filtr\u00f3w DPF w swoim samochodzie, ch\u0119tnie pomo\u017cemy w ocenie i ewentualnych naprawach. Zapraszamy do kontaktu w celu uzyskania informacji lub um\u00f3wienia konsultacji.<\/p>\n\n\n\n<div class=\"wp-block-columns is-layout-flex wp-container-core-columns-is-layout-1 wp-block-columns-is-layout-flex\">\n<div class=\"wp-block-column is-layout-flow wp-block-column-is-layout-flow\">\n<div class=\"k_box\" style=\"float:right;\">\n<div class=\"k_box_left\"><img decoding=\"async\" class=\"alignnone size-full wp-image-152\" src=\"https:\/\/kalinski.pl\/wp-content\/uploads\/2019\/04\/k_mateuszl.jpg\" alt=\"\" width=\"95\" height=\"161\"><\/div>\n<div class=\"k_box_right\">\n<div class=\"kbr_1\">Katalizatory, filtry FAP\/DPF<\/div>\n<div class=\"kbr_2\">Mateusz<\/div>\n<div class=\"kbr_2\"><a class=\"phone\" href=\"tel:0048618142777\">+48 61 814 27 77 \/ wew 101<\/a><\/div>\n<div class=\"kbr_3\"><a href=\"mailto:biuro@kalinski.pl\">biuro@kalinski.pl<\/a><\/div>\n<\/div>\n<\/div>\n<\/div>\n\n\n\n<div class=\"wp-block-column is-layout-flow wp-block-column-is-layout-flow\">\n<div class=\"k_box\" style=\"float:left;\">\n<div class=\"k_box_left\"><img decoding=\"async\" class=\"alignnone size-full wp-image-152\" src=\"https:\/\/kalinski.pl\/wp-content\/uploads\/2019\/04\/k_adamc.jpg\" alt=\"\" width=\"95\" height=\"161\"><\/div>\n<div class=\"k_box_right\">\n<div class=\"kbr_1\">Pojazdy ci\u0119\u017carowe<\/div>\n<div class=\"kbr_2\">Adam<\/div>\n<div class=\"kbr_2\"><a class=\"phone\" href=\"tel:0048618142777\">+48 61 814 27 77 \/ wew 102<\/a><\/div>\n<div class=\"kbr_3\"><a href=\"mailto:ciezarowe@kalinski.pl\">ciezarowe@kalinski.pl<\/a><\/div>\n<\/div>\n<\/div>\n<\/div>\n<\/div>\n\n\n\n<iframe src=\"https:\/\/www.google.com\/maps\/embed?pb=!1m14!1m8!1m3!1d2891.0189752303836!2d16.761502335364135!3d52.46016731732493!3m2!1i1024!2i768!4f13.1!3m3!1m2!1s0x470441321c9562cb%3A0xee0284f60b138572!2sSzamotulska%2040%2C%2062-081%20Chyby!5e0!3m2!1spl!2spl!4v1599035144301!5m2!1spl!2spl\" style=\"border:0;\" allowfullscreen=\"\" aria-hidden=\"false\" tabindex=\"0\" width=\"100%\" height=\"450\" frameborder=\"0\"><\/iframe>\n","protected":false},"excerpt":{"rendered":"<p>Poza sprzeda\u017c\u0105 katalizator\u00f3w i filtr\u00f3w do samochod\u00f3w ci\u0119\u017carowych oraz osobowych, zajmujemy si\u0119 r\u00f3wnie\u017c ich regeneracj\u0105 oraz czyszczeniem. Jest to bowiem obowi\u0105zkowa czynno\u015b\u0107 przed\u0142u\u017caj\u0105c \u017cywotno\u015b\u0107 tych cz\u0119\u015bci i lepsze funkcjonowanie auta. Dlatego, je\u015bli wskutek d\u0142ugotrwa\u0142ej eksploatacji w mie\u015bcie lub przez awari\u0119 uk\u0142adu sterowania, filtr sta\u0142ych cz\u0105stek DPF (w naszej ofercie jest mo\u017cliwa r\u00f3wnie\u017c regeneracja DPF Siedlce) &hellip; <a href=\"https:\/\/kalinski.pl\/serwis\/regeneracja-katalizatorow-i-filtrow-dpf-siedlce\/\" class=\"more-link\">Czytaj dalej<span class=\"screen-reader-text\"> Regeneracja katalizator\u00f3w i filtr\u00f3w DPF Siedlce<\/span><\/a><\/p>\n","protected":false},"author":821794,"featured_media":0,"parent":0,"menu_order":0,"comment_status":"closed","ping_status":"closed","template":"","meta":{"footnotes":""},"class_list":["post-2646","page","type-page","status-publish","hentry"],"yoast_head":"<!-- This site is optimized with the Yoast SEO plugin v26.7 - https:\/\/yoast.com\/wordpress\/plugins\/seo\/ -->\n<title>Regeneracja katalizator\u00f3w i filtr\u00f3w DPF Siedlce | Kali\u0144ski<\/title>\n<meta name=\"robots\" content=\"index, follow, max-snippet:-1, max-image-preview:large, max-video-preview:-1\" \/>\n<link rel=\"canonical\" href=\"https:\/\/kalinski.pl\/serwis\/regeneracja-katalizatorow-i-filtrow-dpf-siedlce\/\" \/>\n<meta property=\"og:locale\" content=\"pl_PL\" \/>\n<meta property=\"og:type\" content=\"article\" \/>\n<meta property=\"og:title\" content=\"Regeneracja katalizator\u00f3w i filtr\u00f3w DPF Siedlce | Kali\u0144ski\" \/>\n<meta property=\"og:description\" content=\"Poza sprzeda\u017c\u0105 katalizator\u00f3w i filtr\u00f3w do samochod\u00f3w ci\u0119\u017carowych oraz osobowych, zajmujemy si\u0119 r\u00f3wnie\u017c ich regeneracj\u0105 oraz czyszczeniem. Jest to bowiem obowi\u0105zkowa czynno\u015b\u0107 przed\u0142u\u017caj\u0105c \u017cywotno\u015b\u0107 tych cz\u0119\u015bci i lepsze funkcjonowanie auta. Dlatego, je\u015bli wskutek d\u0142ugotrwa\u0142ej eksploatacji w mie\u015bcie lub przez awari\u0119 uk\u0142adu sterowania, filtr sta\u0142ych cz\u0105stek DPF (w naszej ofercie jest mo\u017cliwa r\u00f3wnie\u017c regeneracja DPF Siedlce) &hellip; Czytaj dalej Regeneracja katalizator\u00f3w i filtr\u00f3w DPF Siedlce\" \/>\n<meta property=\"og:url\" content=\"https:\/\/kalinski.pl\/serwis\/regeneracja-katalizatorow-i-filtrow-dpf-siedlce\/\" \/>\n<meta property=\"og:site_name\" content=\"Kali\u0144ski\" \/>\n<meta property=\"article:modified_time\" content=\"2020-10-21T08:23:14+00:00\" \/>\n<meta property=\"og:image\" content=\"https:\/\/kalinski.pl\/wp-content\/uploads\/Filtry_Kalinski-1-1110x303.png\" \/>\n<meta name=\"twitter:card\" content=\"summary_large_image\" \/>\n<meta name=\"twitter:label1\" content=\"Szacowany czas czytania\" \/>\n\t<meta name=\"twitter:data1\" content=\"2 minuty\" \/>\n<script type=\"application\/ld+json\" class=\"yoast-schema-graph\">{\"@context\":\"https:\/\/schema.org\",\"@graph\":[{\"@type\":\"WebPage\",\"@id\":\"https:\/\/kalinski.pl\/serwis\/regeneracja-katalizatorow-i-filtrow-dpf-siedlce\/\",\"url\":\"https:\/\/kalinski.pl\/serwis\/regeneracja-katalizatorow-i-filtrow-dpf-siedlce\/\",\"name\":\"Regeneracja katalizator\u00f3w i filtr\u00f3w DPF Siedlce | Kali\u0144ski\",\"isPartOf\":{\"@id\":\"https:\/\/kalinski.pl\/serwis\/#website\"},\"primaryImageOfPage\":{\"@id\":\"https:\/\/kalinski.pl\/serwis\/regeneracja-katalizatorow-i-filtrow-dpf-siedlce\/#primaryimage\"},\"image\":{\"@id\":\"https:\/\/kalinski.pl\/serwis\/regeneracja-katalizatorow-i-filtrow-dpf-siedlce\/#primaryimage\"},\"thumbnailUrl\":\"https:\/\/kalinski.pl\/wp-content\/uploads\/Filtry_Kalinski-1-1110x303.png\",\"datePublished\":\"2020-10-20T15:02:40+00:00\",\"dateModified\":\"2020-10-21T08:23:14+00:00\",\"breadcrumb\":{\"@id\":\"https:\/\/kalinski.pl\/serwis\/regeneracja-katalizatorow-i-filtrow-dpf-siedlce\/#breadcrumb\"},\"inLanguage\":\"pl-PL\",\"potentialAction\":[{\"@type\":\"ReadAction\",\"target\":[\"https:\/\/kalinski.pl\/serwis\/regeneracja-katalizatorow-i-filtrow-dpf-siedlce\/\"]}]},{\"@type\":\"ImageObject\",\"inLanguage\":\"pl-PL\",\"@id\":\"https:\/\/kalinski.pl\/serwis\/regeneracja-katalizatorow-i-filtrow-dpf-siedlce\/#primaryimage\",\"url\":\"https:\/\/kalinski.pl\/wp-content\/uploads\/Filtry_Kalinski-1-1110x303.png\",\"contentUrl\":\"https:\/\/kalinski.pl\/wp-content\/uploads\/Filtry_Kalinski-1-1110x303.png\"},{\"@type\":\"BreadcrumbList\",\"@id\":\"https:\/\/kalinski.pl\/serwis\/regeneracja-katalizatorow-i-filtrow-dpf-siedlce\/#breadcrumb\",\"itemListElement\":[{\"@type\":\"ListItem\",\"position\":1,\"name\":\"Strona g\u0142\u00f3wna\",\"item\":\"https:\/\/kalinski.pl\/serwis\/\"},{\"@type\":\"ListItem\",\"position\":2,\"name\":\"Regeneracja katalizator\u00f3w i filtr\u00f3w DPF Siedlce\"}]},{\"@type\":\"WebSite\",\"@id\":\"https:\/\/kalinski.pl\/serwis\/#website\",\"url\":\"https:\/\/kalinski.pl\/serwis\/\",\"name\":\"Kali\u0144ski\",\"description\":\"Uk\u0142ady wydechowe\",\"publisher\":{\"@id\":\"https:\/\/kalinski.pl\/serwis\/#organization\"},\"potentialAction\":[{\"@type\":\"SearchAction\",\"target\":{\"@type\":\"EntryPoint\",\"urlTemplate\":\"https:\/\/kalinski.pl\/serwis\/?s={search_term_string}\"},\"query-input\":{\"@type\":\"PropertyValueSpecification\",\"valueRequired\":true,\"valueName\":\"search_term_string\"}}],\"inLanguage\":\"pl-PL\"},{\"@type\":\"Organization\",\"@id\":\"https:\/\/kalinski.pl\/serwis\/#organization\",\"name\":\"Kali\u0144ski\",\"url\":\"https:\/\/kalinski.pl\/serwis\/\",\"logo\":{\"@type\":\"ImageObject\",\"inLanguage\":\"pl-PL\",\"@id\":\"https:\/\/kalinski.pl\/serwis\/#\/schema\/logo\/image\/\",\"url\":\"https:\/\/kalinski.pl\/serwis\/wp-content\/uploads\/2019\/03\/cropped-logo_white.jpg\",\"contentUrl\":\"https:\/\/kalinski.pl\/serwis\/wp-content\/uploads\/2019\/03\/cropped-logo_white.jpg\",\"width\":240,\"height\":63,\"caption\":\"Kali\u0144ski\"},\"image\":{\"@id\":\"https:\/\/kalinski.pl\/serwis\/#\/schema\/logo\/image\/\"}}]}<\/script>\n<!-- \/ Yoast SEO plugin. -->","yoast_head_json":{"title":"Regeneracja katalizator\u00f3w i filtr\u00f3w DPF Siedlce | Kali\u0144ski","robots":{"index":"index","follow":"follow","max-snippet":"max-snippet:-1","max-image-preview":"max-image-preview:large","max-video-preview":"max-video-preview:-1"},"canonical":"https:\/\/kalinski.pl\/serwis\/regeneracja-katalizatorow-i-filtrow-dpf-siedlce\/","og_locale":"pl_PL","og_type":"article","og_title":"Regeneracja katalizator\u00f3w i filtr\u00f3w DPF Siedlce | Kali\u0144ski","og_description":"Poza sprzeda\u017c\u0105 katalizator\u00f3w i filtr\u00f3w do samochod\u00f3w ci\u0119\u017carowych oraz osobowych, zajmujemy si\u0119 r\u00f3wnie\u017c ich regeneracj\u0105 oraz czyszczeniem. Jest to bowiem obowi\u0105zkowa czynno\u015b\u0107 przed\u0142u\u017caj\u0105c \u017cywotno\u015b\u0107 tych cz\u0119\u015bci i lepsze funkcjonowanie auta. Dlatego, je\u015bli wskutek d\u0142ugotrwa\u0142ej eksploatacji w mie\u015bcie lub przez awari\u0119 uk\u0142adu sterowania, filtr sta\u0142ych cz\u0105stek DPF (w naszej ofercie jest mo\u017cliwa r\u00f3wnie\u017c regeneracja DPF Siedlce) &hellip; Czytaj dalej Regeneracja katalizator\u00f3w i filtr\u00f3w DPF Siedlce","og_url":"https:\/\/kalinski.pl\/serwis\/regeneracja-katalizatorow-i-filtrow-dpf-siedlce\/","og_site_name":"Kali\u0144ski","article_modified_time":"2020-10-21T08:23:14+00:00","og_image":[{"url":"https:\/\/kalinski.pl\/wp-content\/uploads\/Filtry_Kalinski-1-1110x303.png","type":"","width":"","height":""}],"twitter_card":"summary_large_image","twitter_misc":{"Szacowany czas czytania":"2 minuty"},"schema":{"@context":"https:\/\/schema.org","@graph":[{"@type":"WebPage","@id":"https:\/\/kalinski.pl\/serwis\/regeneracja-katalizatorow-i-filtrow-dpf-siedlce\/","url":"https:\/\/kalinski.pl\/serwis\/regeneracja-katalizatorow-i-filtrow-dpf-siedlce\/","name":"Regeneracja katalizator\u00f3w i filtr\u00f3w DPF Siedlce | Kali\u0144ski","isPartOf":{"@id":"https:\/\/kalinski.pl\/serwis\/#website"},"primaryImageOfPage":{"@id":"https:\/\/kalinski.pl\/serwis\/regeneracja-katalizatorow-i-filtrow-dpf-siedlce\/#primaryimage"},"image":{"@id":"https:\/\/kalinski.pl\/serwis\/regeneracja-katalizatorow-i-filtrow-dpf-siedlce\/#primaryimage"},"thumbnailUrl":"https:\/\/kalinski.pl\/wp-content\/uploads\/Filtry_Kalinski-1-1110x303.png","datePublished":"2020-10-20T15:02:40+00:00","dateModified":"2020-10-21T08:23:14+00:00","breadcrumb":{"@id":"https:\/\/kalinski.pl\/serwis\/regeneracja-katalizatorow-i-filtrow-dpf-siedlce\/#breadcrumb"},"inLanguage":"pl-PL","potentialAction":[{"@type":"ReadAction","target":["https:\/\/kalinski.pl\/serwis\/regeneracja-katalizatorow-i-filtrow-dpf-siedlce\/"]}]},{"@type":"ImageObject","inLanguage":"pl-PL","@id":"https:\/\/kalinski.pl\/serwis\/regeneracja-katalizatorow-i-filtrow-dpf-siedlce\/#primaryimage","url":"https:\/\/kalinski.pl\/wp-content\/uploads\/Filtry_Kalinski-1-1110x303.png","contentUrl":"https:\/\/kalinski.pl\/wp-content\/uploads\/Filtry_Kalinski-1-1110x303.png"},{"@type":"BreadcrumbList","@id":"https:\/\/kalinski.pl\/serwis\/regeneracja-katalizatorow-i-filtrow-dpf-siedlce\/#breadcrumb","itemListElement":[{"@type":"ListItem","position":1,"name":"Strona g\u0142\u00f3wna","item":"https:\/\/kalinski.pl\/serwis\/"},{"@type":"ListItem","position":2,"name":"Regeneracja katalizator\u00f3w i filtr\u00f3w DPF Siedlce"}]},{"@type":"WebSite","@id":"https:\/\/kalinski.pl\/serwis\/#website","url":"https:\/\/kalinski.pl\/serwis\/","name":"Kali\u0144ski","description":"Uk\u0142ady wydechowe","publisher":{"@id":"https:\/\/kalinski.pl\/serwis\/#organization"},"potentialAction":[{"@type":"SearchAction","target":{"@type":"EntryPoint","urlTemplate":"https:\/\/kalinski.pl\/serwis\/?s={search_term_string}"},"query-input":{"@type":"PropertyValueSpecification","valueRequired":true,"valueName":"search_term_string"}}],"inLanguage":"pl-PL"},{"@type":"Organization","@id":"https:\/\/kalinski.pl\/serwis\/#organization","name":"Kali\u0144ski","url":"https:\/\/kalinski.pl\/serwis\/","logo":{"@type":"ImageObject","inLanguage":"pl-PL","@id":"https:\/\/kalinski.pl\/serwis\/#\/schema\/logo\/image\/","url":"https:\/\/kalinski.pl\/serwis\/wp-content\/uploads\/2019\/03\/cropped-logo_white.jpg","contentUrl":"https:\/\/kalinski.pl\/serwis\/wp-content\/uploads\/2019\/03\/cropped-logo_white.jpg","width":240,"height":63,"caption":"Kali\u0144ski"},"image":{"@id":"https:\/\/kalinski.pl\/serwis\/#\/schema\/logo\/image\/"}}]}},"_links":{"self":[{"href":"https:\/\/kalinski.pl\/serwis\/wp-json\/wp\/v2\/pages\/2646","targetHints":{"allow":["GET"]}}],"collection":[{"href":"https:\/\/kalinski.pl\/serwis\/wp-json\/wp\/v2\/pages"}],"about":[{"href":"https:\/\/kalinski.pl\/serwis\/wp-json\/wp\/v2\/types\/page"}],"author":[{"embeddable":true,"href":"https:\/\/kalinski.pl\/serwis\/wp-json\/wp\/v2\/users\/821794"}],"replies":[{"embeddable":true,"href":"https:\/\/kalinski.pl\/serwis\/wp-json\/wp\/v2\/comments?post=2646"}],"version-history":[{"count":0,"href":"https:\/\/kalinski.pl\/serwis\/wp-json\/wp\/v2\/pages\/2646\/revisions"}],"wp:attachment":[{"href":"https:\/\/kalinski.pl\/serwis\/wp-json\/wp\/v2\/media?parent=2646"}],"curies":[{"name":"wp","href":"https:\/\/api.w.org\/{rel}","templated":true}]}}