{"id":2644,"date":"2020-10-20T16:59:09","date_gmt":"2020-10-20T14:59:09","guid":{"rendered":"https:\/\/kalinski.pl\/?page_id=2644"},"modified":"2020-10-21T10:24:41","modified_gmt":"2020-10-21T08:24:41","slug":"regeneracja-katalizatorow-i-filtrow-dpf-konin","status":"publish","type":"page","link":"https:\/\/kalinski.pl\/serwis\/regeneracja-katalizatorow-i-filtrow-dpf-konin\/","title":{"rendered":"Regeneracja katalizator\u00f3w i filtr\u00f3w DPF Konin"},"content":{"rendered":"\n<figure class=\"wp-block-image size-large\"><img fetchpriority=\"high\" decoding=\"async\" width=\"1110\" height=\"303\" src=\"https:\/\/kalinski.pl\/wp-content\/uploads\/Filtry_Kalinski-1-1110x303.png\" alt=\"\" class=\"wp-image-1568\"\/><\/figure>\n\n\n\n<p style=\"text-align:justify;\">Sprzedajemy filtry DPF i katalizatory do samochod\u00f3w ci\u0119\u017carowych i osobowych, ale poza tym ch\u0119tnie pomo\u017cemy Ci w ramach us\u0142ugi <strong>regeneracja katalizator\u00f3w &#8211; Konin<\/strong> lub <strong>czyszczenie filtr\u00f3w DPF &#8211; Konin. <\/strong>Dbanie o katalizatory i filtry to konieczno\u015b\u0107 i obowi\u0105zkowa czynno\u015b\u0107. Dzi\u0119ki temu przed\u0142u\u017cy\u0107 mo\u017cna ich \u017cywotno\u015b\u0107 i prawid\u0142owe dzia\u0142anie, a tym samym sprawno\u015b\u0107 samochodu. Cz\u0119\u015bci te podczas eksploatacji gromadz\u0105 bowiem szereg zanieczyszcze\u0144, kt\u00f3re osadzaj\u0105 si\u0119 w nich uniemo\u017cliwiaj\u0105c im prawid\u0142owe dzia\u0142anie. <strong>Czyszczenie katalizator\u00f3w &#8211; Konin<\/strong>, kt\u00f3re oferujemy w naszym warsztacie wykonywa\u0107 mo\u017cna na dwa sposoby. Pierwszym z nich jest wypalanie zgromadzonej w filtrach lub katalizatorach sadzy, w specjalnym piecu. My u\u017cywamy pieca marki Hartridge, gdy\u017c polecaj\u0105 go najznamienitsi producenci samochod\u00f3w, a tak\u017ce najwi\u0119ksze marki cz\u0119\u015bci samochodowych. <strong>Wypalanie katalizator\u00f3w &#8211; Konin <\/strong>zast\u0105pi\u0107 mo\u017cna us\u0142ug\u0105 wydmuchiwania zanieczyszcze\u0144 przy pomocy strumienia spr\u0119\u017conego powietrza. Istnieje te\u017c mo\u017cliwo\u015b\u0107 wymiany ceramicznych wk\u0142ad\u00f3w. Inne firmy stosuj\u0105 tak\u017ce czyszczenie za pomoc\u0105 wody, jednak wed\u0142ug nas nie jest to skuteczna <strong>regeneracja DPF Konin<\/strong>, wyp\u0142ukuje bowiem wa\u017cne metali, przez co powoduje znaczne os\u0142abienie dzia\u0142ania filtr\u00f3w.<\/p>\n\n\n\n<p style=\"text-align:justify;\"><strong>Regeneracja katalizator\u00f3w i filtr\u00f3w DPF<\/strong> wskazana jest wszystkim w\u0142a\u015bcicielom aut ci\u0119\u017carowych i osobowych. A wyb\u00f3r naszej firmy \u0142\u0105czy si\u0119 z gwarancj\u0105 us\u0142ugi na najwy\u017cszym poziomie, satysfakcji z wykonanej regeneracji, a tak\u017ce z pewno\u015bci\u0105 odbywania d\u0142ugich podr\u00f3\u017cy. Nasza firma to profesjonali\u015bci, kt\u00f3rzy jednocze\u015bnie s\u0105 pasjonatami motoryzacji. Po\u0142\u0105czenie ich pasji, wiedzy i do\u015bwiadczenia sprawia, \u017ce jeste\u015bmy w stanie zapewni\u0107 Twojemu autu najlepsz\u0105, wykwalifikowan\u0105 opiek\u0119. Mo\u017cesz nam zaufa\u0107, a regeneracja filtr\u00f3w i katalizator\u00f3w dodatkowo sprawi, \u017ce Twoje auto ograniczy emisj\u0119 szkodliwych spalin, co b\u0119dzie mia\u0142o zbawienny wp\u0142yw na \u015brodowisko oraz na Twoje zdrowie. Je\u015bli uwa\u017casz, \u017ce nadszed\u0142 czas na regeneracj\u0119 katalizator\u00f3w i filtr\u00f3w w Twoim aucie, lub nurtuje Ci\u0119 inny problem w dziedzinie motoryzacji, skontaktuj si\u0119 z nami i um\u00f3wmy si\u0119 na konsultacj\u0119, podczas kt\u00f3rej sprawdzimy Twoje w\u0105tpliwo\u015bci, ocenimy mo\u017cliwo\u015bci i zalecimy odpowiednie dzia\u0142ania zgodne z potrzebami Twojego samochodu oraz Twoimi oczekiwaniami.<\/p>\n\n\n\n<div class=\"wp-block-columns is-layout-flex wp-container-core-columns-is-layout-1 wp-block-columns-is-layout-flex\">\n<div class=\"wp-block-column is-layout-flow wp-block-column-is-layout-flow\">\n<div class=\"k_box\" style=\"float:right;\">\n<div class=\"k_box_left\"><img decoding=\"async\" class=\"alignnone size-full wp-image-152\" src=\"https:\/\/kalinski.pl\/wp-content\/uploads\/2019\/04\/k_mateuszl.jpg\" alt=\"\" width=\"95\" height=\"161\"><\/div>\n<div class=\"k_box_right\">\n<div class=\"kbr_1\">Katalizatory, filtry FAP\/DPF<\/div>\n<div class=\"kbr_2\">Mateusz<\/div>\n<div class=\"kbr_2\"><a class=\"phone\" href=\"tel:0048618142777\">+48 61 814 27 77 \/ wew 101<\/a><\/div>\n<div class=\"kbr_3\"><a href=\"mailto:biuro@kalinski.pl\">biuro@kalinski.pl<\/a><\/div>\n<\/div>\n<\/div>\n<\/div>\n\n\n\n<div class=\"wp-block-column is-layout-flow wp-block-column-is-layout-flow\">\n<div class=\"k_box\" style=\"float:left;\">\n<div class=\"k_box_left\"><img decoding=\"async\" class=\"alignnone size-full wp-image-152\" src=\"https:\/\/kalinski.pl\/wp-content\/uploads\/2019\/04\/k_adamc.jpg\" alt=\"\" width=\"95\" height=\"161\"><\/div>\n<div class=\"k_box_right\">\n<div class=\"kbr_1\">Pojazdy ci\u0119\u017carowe<\/div>\n<div class=\"kbr_2\">Adam<\/div>\n<div class=\"kbr_2\"><a class=\"phone\" href=\"tel:0048618142777\">+48 61 814 27 77 \/ wew 102<\/a><\/div>\n<div class=\"kbr_3\"><a href=\"mailto:ciezarowe@kalinski.pl\">ciezarowe@kalinski.pl<\/a><\/div>\n<\/div>\n<\/div>\n<\/div>\n<\/div>\n\n\n\n<iframe src=\"https:\/\/www.google.com\/maps\/embed?pb=!1m14!1m8!1m3!1d2891.0189752303836!2d16.761502335364135!3d52.46016731732493!3m2!1i1024!2i768!4f13.1!3m3!1m2!1s0x470441321c9562cb%3A0xee0284f60b138572!2sSzamotulska%2040%2C%2062-081%20Chyby!5e0!3m2!1spl!2spl!4v1599035144301!5m2!1spl!2spl\" style=\"border:0;\" allowfullscreen=\"\" aria-hidden=\"false\" tabindex=\"0\" width=\"100%\" height=\"450\" frameborder=\"0\"><\/iframe>\n","protected":false},"excerpt":{"rendered":"<p>Sprzedajemy filtry DPF i katalizatory do samochod\u00f3w ci\u0119\u017carowych i osobowych, ale poza tym ch\u0119tnie pomo\u017cemy Ci w ramach us\u0142ugi regeneracja katalizator\u00f3w &#8211; Konin lub czyszczenie filtr\u00f3w DPF &#8211; Konin. Dbanie o katalizatory i filtry to konieczno\u015b\u0107 i obowi\u0105zkowa czynno\u015b\u0107. Dzi\u0119ki temu przed\u0142u\u017cy\u0107 mo\u017cna ich \u017cywotno\u015b\u0107 i prawid\u0142owe dzia\u0142anie, a tym samym sprawno\u015b\u0107 samochodu. Cz\u0119\u015bci te &hellip; <a href=\"https:\/\/kalinski.pl\/serwis\/regeneracja-katalizatorow-i-filtrow-dpf-konin\/\" class=\"more-link\">Czytaj dalej<span class=\"screen-reader-text\"> Regeneracja katalizator\u00f3w i filtr\u00f3w DPF Konin<\/span><\/a><\/p>\n","protected":false},"author":821794,"featured_media":0,"parent":0,"menu_order":0,"comment_status":"closed","ping_status":"closed","template":"","meta":{"footnotes":""},"class_list":["post-2644","page","type-page","status-publish","hentry"],"yoast_head":"<!-- This site is optimized with the Yoast SEO plugin v26.7 - https:\/\/yoast.com\/wordpress\/plugins\/seo\/ -->\n<title>Regeneracja katalizator\u00f3w i filtr\u00f3w DPF Konin | Kali\u0144ski<\/title>\n<meta name=\"robots\" content=\"index, follow, max-snippet:-1, max-image-preview:large, max-video-preview:-1\" \/>\n<link rel=\"canonical\" href=\"https:\/\/kalinski.pl\/serwis\/regeneracja-katalizatorow-i-filtrow-dpf-konin\/\" \/>\n<meta property=\"og:locale\" content=\"pl_PL\" \/>\n<meta property=\"og:type\" content=\"article\" \/>\n<meta property=\"og:title\" content=\"Regeneracja katalizator\u00f3w i filtr\u00f3w DPF Konin | Kali\u0144ski\" \/>\n<meta property=\"og:description\" content=\"Sprzedajemy filtry DPF i katalizatory do samochod\u00f3w ci\u0119\u017carowych i osobowych, ale poza tym ch\u0119tnie pomo\u017cemy Ci w ramach us\u0142ugi regeneracja katalizator\u00f3w &#8211; Konin lub czyszczenie filtr\u00f3w DPF &#8211; Konin. Dbanie o katalizatory i filtry to konieczno\u015b\u0107 i obowi\u0105zkowa czynno\u015b\u0107. Dzi\u0119ki temu przed\u0142u\u017cy\u0107 mo\u017cna ich \u017cywotno\u015b\u0107 i prawid\u0142owe dzia\u0142anie, a tym samym sprawno\u015b\u0107 samochodu. Cz\u0119\u015bci te &hellip; Czytaj dalej Regeneracja katalizator\u00f3w i filtr\u00f3w DPF Konin\" \/>\n<meta property=\"og:url\" content=\"https:\/\/kalinski.pl\/serwis\/regeneracja-katalizatorow-i-filtrow-dpf-konin\/\" \/>\n<meta property=\"og:site_name\" content=\"Kali\u0144ski\" \/>\n<meta property=\"article:modified_time\" content=\"2020-10-21T08:24:41+00:00\" \/>\n<meta property=\"og:image\" content=\"https:\/\/kalinski.pl\/wp-content\/uploads\/Filtry_Kalinski-1-1110x303.png\" \/>\n<meta name=\"twitter:card\" content=\"summary_large_image\" \/>\n<meta name=\"twitter:label1\" content=\"Szacowany czas czytania\" \/>\n\t<meta name=\"twitter:data1\" content=\"2 minuty\" \/>\n<script type=\"application\/ld+json\" class=\"yoast-schema-graph\">{\"@context\":\"https:\/\/schema.org\",\"@graph\":[{\"@type\":\"WebPage\",\"@id\":\"https:\/\/kalinski.pl\/serwis\/regeneracja-katalizatorow-i-filtrow-dpf-konin\/\",\"url\":\"https:\/\/kalinski.pl\/serwis\/regeneracja-katalizatorow-i-filtrow-dpf-konin\/\",\"name\":\"Regeneracja katalizator\u00f3w i filtr\u00f3w DPF Konin | Kali\u0144ski\",\"isPartOf\":{\"@id\":\"https:\/\/kalinski.pl\/serwis\/#website\"},\"primaryImageOfPage\":{\"@id\":\"https:\/\/kalinski.pl\/serwis\/regeneracja-katalizatorow-i-filtrow-dpf-konin\/#primaryimage\"},\"image\":{\"@id\":\"https:\/\/kalinski.pl\/serwis\/regeneracja-katalizatorow-i-filtrow-dpf-konin\/#primaryimage\"},\"thumbnailUrl\":\"https:\/\/kalinski.pl\/wp-content\/uploads\/Filtry_Kalinski-1-1110x303.png\",\"datePublished\":\"2020-10-20T14:59:09+00:00\",\"dateModified\":\"2020-10-21T08:24:41+00:00\",\"breadcrumb\":{\"@id\":\"https:\/\/kalinski.pl\/serwis\/regeneracja-katalizatorow-i-filtrow-dpf-konin\/#breadcrumb\"},\"inLanguage\":\"pl-PL\",\"potentialAction\":[{\"@type\":\"ReadAction\",\"target\":[\"https:\/\/kalinski.pl\/serwis\/regeneracja-katalizatorow-i-filtrow-dpf-konin\/\"]}]},{\"@type\":\"ImageObject\",\"inLanguage\":\"pl-PL\",\"@id\":\"https:\/\/kalinski.pl\/serwis\/regeneracja-katalizatorow-i-filtrow-dpf-konin\/#primaryimage\",\"url\":\"https:\/\/kalinski.pl\/wp-content\/uploads\/Filtry_Kalinski-1-1110x303.png\",\"contentUrl\":\"https:\/\/kalinski.pl\/wp-content\/uploads\/Filtry_Kalinski-1-1110x303.png\"},{\"@type\":\"BreadcrumbList\",\"@id\":\"https:\/\/kalinski.pl\/serwis\/regeneracja-katalizatorow-i-filtrow-dpf-konin\/#breadcrumb\",\"itemListElement\":[{\"@type\":\"ListItem\",\"position\":1,\"name\":\"Strona g\u0142\u00f3wna\",\"item\":\"https:\/\/kalinski.pl\/serwis\/\"},{\"@type\":\"ListItem\",\"position\":2,\"name\":\"Regeneracja katalizator\u00f3w i filtr\u00f3w DPF Konin\"}]},{\"@type\":\"WebSite\",\"@id\":\"https:\/\/kalinski.pl\/serwis\/#website\",\"url\":\"https:\/\/kalinski.pl\/serwis\/\",\"name\":\"Kali\u0144ski\",\"description\":\"Uk\u0142ady wydechowe\",\"publisher\":{\"@id\":\"https:\/\/kalinski.pl\/serwis\/#organization\"},\"potentialAction\":[{\"@type\":\"SearchAction\",\"target\":{\"@type\":\"EntryPoint\",\"urlTemplate\":\"https:\/\/kalinski.pl\/serwis\/?s={search_term_string}\"},\"query-input\":{\"@type\":\"PropertyValueSpecification\",\"valueRequired\":true,\"valueName\":\"search_term_string\"}}],\"inLanguage\":\"pl-PL\"},{\"@type\":\"Organization\",\"@id\":\"https:\/\/kalinski.pl\/serwis\/#organization\",\"name\":\"Kali\u0144ski\",\"url\":\"https:\/\/kalinski.pl\/serwis\/\",\"logo\":{\"@type\":\"ImageObject\",\"inLanguage\":\"pl-PL\",\"@id\":\"https:\/\/kalinski.pl\/serwis\/#\/schema\/logo\/image\/\",\"url\":\"https:\/\/kalinski.pl\/serwis\/wp-content\/uploads\/2019\/03\/cropped-logo_white.jpg\",\"contentUrl\":\"https:\/\/kalinski.pl\/serwis\/wp-content\/uploads\/2019\/03\/cropped-logo_white.jpg\",\"width\":240,\"height\":63,\"caption\":\"Kali\u0144ski\"},\"image\":{\"@id\":\"https:\/\/kalinski.pl\/serwis\/#\/schema\/logo\/image\/\"}}]}<\/script>\n<!-- \/ Yoast SEO plugin. -->","yoast_head_json":{"title":"Regeneracja katalizator\u00f3w i filtr\u00f3w DPF Konin | Kali\u0144ski","robots":{"index":"index","follow":"follow","max-snippet":"max-snippet:-1","max-image-preview":"max-image-preview:large","max-video-preview":"max-video-preview:-1"},"canonical":"https:\/\/kalinski.pl\/serwis\/regeneracja-katalizatorow-i-filtrow-dpf-konin\/","og_locale":"pl_PL","og_type":"article","og_title":"Regeneracja katalizator\u00f3w i filtr\u00f3w DPF Konin | Kali\u0144ski","og_description":"Sprzedajemy filtry DPF i katalizatory do samochod\u00f3w ci\u0119\u017carowych i osobowych, ale poza tym ch\u0119tnie pomo\u017cemy Ci w ramach us\u0142ugi regeneracja katalizator\u00f3w &#8211; Konin lub czyszczenie filtr\u00f3w DPF &#8211; Konin. Dbanie o katalizatory i filtry to konieczno\u015b\u0107 i obowi\u0105zkowa czynno\u015b\u0107. Dzi\u0119ki temu przed\u0142u\u017cy\u0107 mo\u017cna ich \u017cywotno\u015b\u0107 i prawid\u0142owe dzia\u0142anie, a tym samym sprawno\u015b\u0107 samochodu. Cz\u0119\u015bci te &hellip; Czytaj dalej Regeneracja katalizator\u00f3w i filtr\u00f3w DPF Konin","og_url":"https:\/\/kalinski.pl\/serwis\/regeneracja-katalizatorow-i-filtrow-dpf-konin\/","og_site_name":"Kali\u0144ski","article_modified_time":"2020-10-21T08:24:41+00:00","og_image":[{"url":"https:\/\/kalinski.pl\/wp-content\/uploads\/Filtry_Kalinski-1-1110x303.png","type":"","width":"","height":""}],"twitter_card":"summary_large_image","twitter_misc":{"Szacowany czas czytania":"2 minuty"},"schema":{"@context":"https:\/\/schema.org","@graph":[{"@type":"WebPage","@id":"https:\/\/kalinski.pl\/serwis\/regeneracja-katalizatorow-i-filtrow-dpf-konin\/","url":"https:\/\/kalinski.pl\/serwis\/regeneracja-katalizatorow-i-filtrow-dpf-konin\/","name":"Regeneracja katalizator\u00f3w i filtr\u00f3w DPF Konin | Kali\u0144ski","isPartOf":{"@id":"https:\/\/kalinski.pl\/serwis\/#website"},"primaryImageOfPage":{"@id":"https:\/\/kalinski.pl\/serwis\/regeneracja-katalizatorow-i-filtrow-dpf-konin\/#primaryimage"},"image":{"@id":"https:\/\/kalinski.pl\/serwis\/regeneracja-katalizatorow-i-filtrow-dpf-konin\/#primaryimage"},"thumbnailUrl":"https:\/\/kalinski.pl\/wp-content\/uploads\/Filtry_Kalinski-1-1110x303.png","datePublished":"2020-10-20T14:59:09+00:00","dateModified":"2020-10-21T08:24:41+00:00","breadcrumb":{"@id":"https:\/\/kalinski.pl\/serwis\/regeneracja-katalizatorow-i-filtrow-dpf-konin\/#breadcrumb"},"inLanguage":"pl-PL","potentialAction":[{"@type":"ReadAction","target":["https:\/\/kalinski.pl\/serwis\/regeneracja-katalizatorow-i-filtrow-dpf-konin\/"]}]},{"@type":"ImageObject","inLanguage":"pl-PL","@id":"https:\/\/kalinski.pl\/serwis\/regeneracja-katalizatorow-i-filtrow-dpf-konin\/#primaryimage","url":"https:\/\/kalinski.pl\/wp-content\/uploads\/Filtry_Kalinski-1-1110x303.png","contentUrl":"https:\/\/kalinski.pl\/wp-content\/uploads\/Filtry_Kalinski-1-1110x303.png"},{"@type":"BreadcrumbList","@id":"https:\/\/kalinski.pl\/serwis\/regeneracja-katalizatorow-i-filtrow-dpf-konin\/#breadcrumb","itemListElement":[{"@type":"ListItem","position":1,"name":"Strona g\u0142\u00f3wna","item":"https:\/\/kalinski.pl\/serwis\/"},{"@type":"ListItem","position":2,"name":"Regeneracja katalizator\u00f3w i filtr\u00f3w DPF Konin"}]},{"@type":"WebSite","@id":"https:\/\/kalinski.pl\/serwis\/#website","url":"https:\/\/kalinski.pl\/serwis\/","name":"Kali\u0144ski","description":"Uk\u0142ady wydechowe","publisher":{"@id":"https:\/\/kalinski.pl\/serwis\/#organization"},"potentialAction":[{"@type":"SearchAction","target":{"@type":"EntryPoint","urlTemplate":"https:\/\/kalinski.pl\/serwis\/?s={search_term_string}"},"query-input":{"@type":"PropertyValueSpecification","valueRequired":true,"valueName":"search_term_string"}}],"inLanguage":"pl-PL"},{"@type":"Organization","@id":"https:\/\/kalinski.pl\/serwis\/#organization","name":"Kali\u0144ski","url":"https:\/\/kalinski.pl\/serwis\/","logo":{"@type":"ImageObject","inLanguage":"pl-PL","@id":"https:\/\/kalinski.pl\/serwis\/#\/schema\/logo\/image\/","url":"https:\/\/kalinski.pl\/serwis\/wp-content\/uploads\/2019\/03\/cropped-logo_white.jpg","contentUrl":"https:\/\/kalinski.pl\/serwis\/wp-content\/uploads\/2019\/03\/cropped-logo_white.jpg","width":240,"height":63,"caption":"Kali\u0144ski"},"image":{"@id":"https:\/\/kalinski.pl\/serwis\/#\/schema\/logo\/image\/"}}]}},"_links":{"self":[{"href":"https:\/\/kalinski.pl\/serwis\/wp-json\/wp\/v2\/pages\/2644","targetHints":{"allow":["GET"]}}],"collection":[{"href":"https:\/\/kalinski.pl\/serwis\/wp-json\/wp\/v2\/pages"}],"about":[{"href":"https:\/\/kalinski.pl\/serwis\/wp-json\/wp\/v2\/types\/page"}],"author":[{"embeddable":true,"href":"https:\/\/kalinski.pl\/serwis\/wp-json\/wp\/v2\/users\/821794"}],"replies":[{"embeddable":true,"href":"https:\/\/kalinski.pl\/serwis\/wp-json\/wp\/v2\/comments?post=2644"}],"version-history":[{"count":0,"href":"https:\/\/kalinski.pl\/serwis\/wp-json\/wp\/v2\/pages\/2644\/revisions"}],"wp:attachment":[{"href":"https:\/\/kalinski.pl\/serwis\/wp-json\/wp\/v2\/media?parent=2644"}],"curies":[{"name":"wp","href":"https:\/\/api.w.org\/{rel}","templated":true}]}}