{"id":2642,"date":"2020-10-20T16:52:47","date_gmt":"2020-10-20T14:52:47","guid":{"rendered":"https:\/\/kalinski.pl\/?page_id=2642"},"modified":"2020-10-21T10:27:19","modified_gmt":"2020-10-21T08:27:19","slug":"regeneracja-katalizatorow-i-filtrow-dpf-zabrze","status":"publish","type":"page","link":"https:\/\/kalinski.pl\/serwis\/regeneracja-katalizatorow-i-filtrow-dpf-zabrze\/","title":{"rendered":"Regeneracja katalizator\u00f3w i filtr\u00f3w DPF Zabrze"},"content":{"rendered":"\n<figure class=\"wp-block-image size-large\"><img fetchpriority=\"high\" decoding=\"async\" width=\"1110\" height=\"303\" src=\"https:\/\/kalinski.pl\/wp-content\/uploads\/Filtry_Kalinski-1-1110x303.png\" alt=\"\" class=\"wp-image-1568\"\/><\/figure>\n\n\n\n<p style=\"text-align: justify; margin-top: 25px;\">W Zabrzu oferujemy mi\u0119dzy innymi sprzeda\u017c, czyszczenie oraz regeneracj\u0119 katalizator\u00f3w i filtr\u00f3w DPF do samochod\u00f3w ci\u0119\u017carowych oraz osobowych. Katalizatory i filtry s\u0105 niezb\u0119dnymi i bardzo istotnymi cz\u0119\u015bciami samochodowymi, ich czyszczenie jest czynno\u015bci\u0105 obowi\u0105zkow\u0105, kt\u00f3ra przed\u0142u\u017cy ich \u017cywotno\u015b\u0107, a tym samym utrzyma ich prawid\u0142owe dzia\u0142anie. <strong>Regeneracja katalizator\u00f3w &#8211; Zabrze <\/strong>oraz regeneracj\u0105 filtr\u00f3w polega na oczyszczaniu ich z wszelkich zanieczyszcze\u0144, kt\u00f3re zbieraj\u0105 si\u0119 w nich podczas eksploatacji auta. <strong>Czyszczenie katalizator\u00f3w Zabrze<\/strong> odbywa si\u0119 na dwa sposoby. Najpopularniejsz\u0105 form\u0105 (i w\u0142a\u015bnie t\u0119 form\u0119 praktykujemy w naszym warsztacie) jest wypalanie sadzy, kt\u00f3ra zgromadzi\u0142a si\u0119 w katalizatorze lub filtrze przy u\u017cyciu specjalnego pieca. W naszej firmie u\u017cywany jest najlepszy piec marki Hartridge, kt\u00f3ry polecany jest przez wszelkie najwi\u0119ksze i najwa\u017cniejsze marki samochod\u00f3w, a tak\u017ce producent\u00f3w cz\u0119\u015bci do samochod\u00f3w. Stosuje si\u0119 to zamiennie z wydmuchiwaniem zanieczyszcze\u0144 przy pomocy strumienia spr\u0119\u017conego powietrza. Innym sposobem jest wymiana ceramicznych wk\u0142ad\u00f3w. <strong>Regeneracja DPF Zabrze<\/strong> odbywa si\u0119 czasem przy pomocy wody, p\u0142ucz\u0105c katalizatory i filtry &#8211; jednak my takiej metody nie praktykujemy, gdy\u017c uznajemy, i\u017c jest mniej skuteczna ni\u017c <strong>wypalanie katalizator\u00f3w Zabrze<\/strong>.<\/p>\n\n\n\n<p style=\"text-align:justify;\">Wyb\u00f3r naszej firmy to gwarancja na to, \u017ce <strong>czyszczenie filtr\u00f3w DPF Zabrze<\/strong> lub regeneracja katalizator\u00f3w b\u0119d\u0105 skuteczne i na najwy\u017cszym poziomie. Odznaczamy si\u0119 bowiem profesjonalizmem, do\u015bwiadczeniem i ogromn\u0105 wiedz\u0105 w zakresie motoryzacji. Na rynku zabrza\u0144skim \u015bwiadczymy us\u0142ugi zdalnie, poprzez wysy\u0142ki bezpo\u015brednio do klienta lub do pobliskiego warsztatu. Profesjonalne wykonana przez nas us\u0142uga sprawi, \u017ce na nowo b\u0119dziesz mia\u0142 mo\u017cliwo\u015b\u0107 odbywania d\u0142ugich i bezpiecznych podr\u00f3\u017cy, a jednocze\u015bnie ograniczysz emitowanie szkodliwych dla siebie i \u015brodowiska spalin. Je\u015bli co\u015b niepokoi Ci\u0119 w Twoim samochodzie, koniecznie skontaktuj si\u0119 z nami i porozmawiajmy o tym. Je\u015bli faktycznie co\u015b mo\u017ce by\u0107 nie tak, ch\u0119tnie um\u00f3wimy si\u0119 z Tob\u0105 na konsultacj\u0119, us\u0142ug\u0119 regeneracji, czyszczenia filtr\u00f3w i katalizator\u00f3w lub inn\u0105, kt\u00f3rej wymaga\u0107 b\u0119dzie Twoje auto.<\/p>\n\n\n\n<div class=\"wp-block-columns is-layout-flex wp-container-core-columns-is-layout-1 wp-block-columns-is-layout-flex\">\n<div class=\"wp-block-column is-layout-flow wp-block-column-is-layout-flow\">\n<div class=\"k_box\" style=\"float:right;\">\n<div class=\"k_box_left\"><img decoding=\"async\" class=\"alignnone size-full wp-image-152\" src=\"https:\/\/kalinski.pl\/wp-content\/uploads\/2019\/04\/k_mateuszl.jpg\" alt=\"\" width=\"95\" height=\"161\"><\/div>\n<div class=\"k_box_right\">\n<div class=\"kbr_1\">Katalizatory, filtry FAP\/DPF<\/div>\n<div class=\"kbr_2\">Mateusz<\/div>\n<div class=\"kbr_2\"><a class=\"phone\" href=\"tel:0048618142777\">+48 61 814 27 77 \/ wew 101<\/a><\/div>\n<div class=\"kbr_3\"><a href=\"mailto:biuro@kalinski.pl\">biuro@kalinski.pl<\/a><\/div>\n<\/div>\n<\/div>\n<\/div>\n\n\n\n<div class=\"wp-block-column is-layout-flow wp-block-column-is-layout-flow\">\n<div class=\"k_box\" style=\"float:left;\">\n<div class=\"k_box_left\"><img decoding=\"async\" class=\"alignnone size-full wp-image-152\" src=\"https:\/\/kalinski.pl\/wp-content\/uploads\/2019\/04\/k_adamc.jpg\" alt=\"\" width=\"95\" height=\"161\"><\/div>\n<div class=\"k_box_right\">\n<div class=\"kbr_1\">Pojazdy ci\u0119\u017carowe<\/div>\n<div class=\"kbr_2\">Adam<\/div>\n<div class=\"kbr_2\"><a class=\"phone\" href=\"tel:0048618142777\">+48 61 814 27 77 \/ wew 102<\/a><\/div>\n<div class=\"kbr_3\"><a href=\"mailto:ciezarowe@kalinski.pl\">ciezarowe@kalinski.pl<\/a><\/div>\n<\/div>\n<\/div>\n<\/div>\n<\/div>\n\n\n\n<iframe src=\"https:\/\/www.google.com\/maps\/embed?pb=!1m14!1m8!1m3!1d2891.0189752303836!2d16.761502335364135!3d52.46016731732493!3m2!1i1024!2i768!4f13.1!3m3!1m2!1s0x470441321c9562cb%3A0xee0284f60b138572!2sSzamotulska%2040%2C%2062-081%20Chyby!5e0!3m2!1spl!2spl!4v1599035144301!5m2!1spl!2spl\" style=\"border:0;\" allowfullscreen=\"\" aria-hidden=\"false\" tabindex=\"0\" width=\"100%\" height=\"450\" frameborder=\"0\"><\/iframe>\n","protected":false},"excerpt":{"rendered":"<p>W Zabrzu oferujemy mi\u0119dzy innymi sprzeda\u017c, czyszczenie oraz regeneracj\u0119 katalizator\u00f3w i filtr\u00f3w DPF do samochod\u00f3w ci\u0119\u017carowych oraz osobowych. Katalizatory i filtry s\u0105 niezb\u0119dnymi i bardzo istotnymi cz\u0119\u015bciami samochodowymi, ich czyszczenie jest czynno\u015bci\u0105 obowi\u0105zkow\u0105, kt\u00f3ra przed\u0142u\u017cy ich \u017cywotno\u015b\u0107, a tym samym utrzyma ich prawid\u0142owe dzia\u0142anie. Regeneracja katalizator\u00f3w &#8211; Zabrze oraz regeneracj\u0105 filtr\u00f3w polega na oczyszczaniu ich &hellip; <a href=\"https:\/\/kalinski.pl\/serwis\/regeneracja-katalizatorow-i-filtrow-dpf-zabrze\/\" class=\"more-link\">Czytaj dalej<span class=\"screen-reader-text\"> Regeneracja katalizator\u00f3w i filtr\u00f3w DPF Zabrze<\/span><\/a><\/p>\n","protected":false},"author":821794,"featured_media":0,"parent":0,"menu_order":0,"comment_status":"closed","ping_status":"closed","template":"","meta":{"footnotes":""},"class_list":["post-2642","page","type-page","status-publish","hentry"],"yoast_head":"<!-- This site is optimized with the Yoast SEO plugin v26.7 - https:\/\/yoast.com\/wordpress\/plugins\/seo\/ -->\n<title>Regeneracja katalizator\u00f3w i filtr\u00f3w DPF Zabrze | Kali\u0144ski<\/title>\n<meta name=\"robots\" content=\"index, follow, max-snippet:-1, max-image-preview:large, max-video-preview:-1\" \/>\n<link rel=\"canonical\" href=\"https:\/\/kalinski.pl\/serwis\/regeneracja-katalizatorow-i-filtrow-dpf-zabrze\/\" \/>\n<meta property=\"og:locale\" content=\"pl_PL\" \/>\n<meta property=\"og:type\" content=\"article\" \/>\n<meta property=\"og:title\" content=\"Regeneracja katalizator\u00f3w i filtr\u00f3w DPF Zabrze | Kali\u0144ski\" \/>\n<meta property=\"og:description\" content=\"W Zabrzu oferujemy mi\u0119dzy innymi sprzeda\u017c, czyszczenie oraz regeneracj\u0119 katalizator\u00f3w i filtr\u00f3w DPF do samochod\u00f3w ci\u0119\u017carowych oraz osobowych. Katalizatory i filtry s\u0105 niezb\u0119dnymi i bardzo istotnymi cz\u0119\u015bciami samochodowymi, ich czyszczenie jest czynno\u015bci\u0105 obowi\u0105zkow\u0105, kt\u00f3ra przed\u0142u\u017cy ich \u017cywotno\u015b\u0107, a tym samym utrzyma ich prawid\u0142owe dzia\u0142anie. Regeneracja katalizator\u00f3w &#8211; Zabrze oraz regeneracj\u0105 filtr\u00f3w polega na oczyszczaniu ich &hellip; Czytaj dalej Regeneracja katalizator\u00f3w i filtr\u00f3w DPF Zabrze\" \/>\n<meta property=\"og:url\" content=\"https:\/\/kalinski.pl\/serwis\/regeneracja-katalizatorow-i-filtrow-dpf-zabrze\/\" \/>\n<meta property=\"og:site_name\" content=\"Kali\u0144ski\" \/>\n<meta property=\"article:modified_time\" content=\"2020-10-21T08:27:19+00:00\" \/>\n<meta property=\"og:image\" content=\"https:\/\/kalinski.pl\/wp-content\/uploads\/Filtry_Kalinski-1-1110x303.png\" \/>\n<meta name=\"twitter:card\" content=\"summary_large_image\" \/>\n<meta name=\"twitter:label1\" content=\"Szacowany czas czytania\" \/>\n\t<meta name=\"twitter:data1\" content=\"2 minuty\" \/>\n<script type=\"application\/ld+json\" class=\"yoast-schema-graph\">{\"@context\":\"https:\/\/schema.org\",\"@graph\":[{\"@type\":\"WebPage\",\"@id\":\"https:\/\/kalinski.pl\/serwis\/regeneracja-katalizatorow-i-filtrow-dpf-zabrze\/\",\"url\":\"https:\/\/kalinski.pl\/serwis\/regeneracja-katalizatorow-i-filtrow-dpf-zabrze\/\",\"name\":\"Regeneracja katalizator\u00f3w i filtr\u00f3w DPF Zabrze | Kali\u0144ski\",\"isPartOf\":{\"@id\":\"https:\/\/kalinski.pl\/serwis\/#website\"},\"primaryImageOfPage\":{\"@id\":\"https:\/\/kalinski.pl\/serwis\/regeneracja-katalizatorow-i-filtrow-dpf-zabrze\/#primaryimage\"},\"image\":{\"@id\":\"https:\/\/kalinski.pl\/serwis\/regeneracja-katalizatorow-i-filtrow-dpf-zabrze\/#primaryimage\"},\"thumbnailUrl\":\"https:\/\/kalinski.pl\/wp-content\/uploads\/Filtry_Kalinski-1-1110x303.png\",\"datePublished\":\"2020-10-20T14:52:47+00:00\",\"dateModified\":\"2020-10-21T08:27:19+00:00\",\"breadcrumb\":{\"@id\":\"https:\/\/kalinski.pl\/serwis\/regeneracja-katalizatorow-i-filtrow-dpf-zabrze\/#breadcrumb\"},\"inLanguage\":\"pl-PL\",\"potentialAction\":[{\"@type\":\"ReadAction\",\"target\":[\"https:\/\/kalinski.pl\/serwis\/regeneracja-katalizatorow-i-filtrow-dpf-zabrze\/\"]}]},{\"@type\":\"ImageObject\",\"inLanguage\":\"pl-PL\",\"@id\":\"https:\/\/kalinski.pl\/serwis\/regeneracja-katalizatorow-i-filtrow-dpf-zabrze\/#primaryimage\",\"url\":\"https:\/\/kalinski.pl\/wp-content\/uploads\/Filtry_Kalinski-1-1110x303.png\",\"contentUrl\":\"https:\/\/kalinski.pl\/wp-content\/uploads\/Filtry_Kalinski-1-1110x303.png\"},{\"@type\":\"BreadcrumbList\",\"@id\":\"https:\/\/kalinski.pl\/serwis\/regeneracja-katalizatorow-i-filtrow-dpf-zabrze\/#breadcrumb\",\"itemListElement\":[{\"@type\":\"ListItem\",\"position\":1,\"name\":\"Strona g\u0142\u00f3wna\",\"item\":\"https:\/\/kalinski.pl\/serwis\/\"},{\"@type\":\"ListItem\",\"position\":2,\"name\":\"Regeneracja katalizator\u00f3w i filtr\u00f3w DPF Zabrze\"}]},{\"@type\":\"WebSite\",\"@id\":\"https:\/\/kalinski.pl\/serwis\/#website\",\"url\":\"https:\/\/kalinski.pl\/serwis\/\",\"name\":\"Kali\u0144ski\",\"description\":\"Uk\u0142ady wydechowe\",\"publisher\":{\"@id\":\"https:\/\/kalinski.pl\/serwis\/#organization\"},\"potentialAction\":[{\"@type\":\"SearchAction\",\"target\":{\"@type\":\"EntryPoint\",\"urlTemplate\":\"https:\/\/kalinski.pl\/serwis\/?s={search_term_string}\"},\"query-input\":{\"@type\":\"PropertyValueSpecification\",\"valueRequired\":true,\"valueName\":\"search_term_string\"}}],\"inLanguage\":\"pl-PL\"},{\"@type\":\"Organization\",\"@id\":\"https:\/\/kalinski.pl\/serwis\/#organization\",\"name\":\"Kali\u0144ski\",\"url\":\"https:\/\/kalinski.pl\/serwis\/\",\"logo\":{\"@type\":\"ImageObject\",\"inLanguage\":\"pl-PL\",\"@id\":\"https:\/\/kalinski.pl\/serwis\/#\/schema\/logo\/image\/\",\"url\":\"https:\/\/kalinski.pl\/serwis\/wp-content\/uploads\/2019\/03\/cropped-logo_white.jpg\",\"contentUrl\":\"https:\/\/kalinski.pl\/serwis\/wp-content\/uploads\/2019\/03\/cropped-logo_white.jpg\",\"width\":240,\"height\":63,\"caption\":\"Kali\u0144ski\"},\"image\":{\"@id\":\"https:\/\/kalinski.pl\/serwis\/#\/schema\/logo\/image\/\"}}]}<\/script>\n<!-- \/ Yoast SEO plugin. -->","yoast_head_json":{"title":"Regeneracja katalizator\u00f3w i filtr\u00f3w DPF Zabrze | Kali\u0144ski","robots":{"index":"index","follow":"follow","max-snippet":"max-snippet:-1","max-image-preview":"max-image-preview:large","max-video-preview":"max-video-preview:-1"},"canonical":"https:\/\/kalinski.pl\/serwis\/regeneracja-katalizatorow-i-filtrow-dpf-zabrze\/","og_locale":"pl_PL","og_type":"article","og_title":"Regeneracja katalizator\u00f3w i filtr\u00f3w DPF Zabrze | Kali\u0144ski","og_description":"W Zabrzu oferujemy mi\u0119dzy innymi sprzeda\u017c, czyszczenie oraz regeneracj\u0119 katalizator\u00f3w i filtr\u00f3w DPF do samochod\u00f3w ci\u0119\u017carowych oraz osobowych. Katalizatory i filtry s\u0105 niezb\u0119dnymi i bardzo istotnymi cz\u0119\u015bciami samochodowymi, ich czyszczenie jest czynno\u015bci\u0105 obowi\u0105zkow\u0105, kt\u00f3ra przed\u0142u\u017cy ich \u017cywotno\u015b\u0107, a tym samym utrzyma ich prawid\u0142owe dzia\u0142anie. Regeneracja katalizator\u00f3w &#8211; Zabrze oraz regeneracj\u0105 filtr\u00f3w polega na oczyszczaniu ich &hellip; Czytaj dalej Regeneracja katalizator\u00f3w i filtr\u00f3w DPF Zabrze","og_url":"https:\/\/kalinski.pl\/serwis\/regeneracja-katalizatorow-i-filtrow-dpf-zabrze\/","og_site_name":"Kali\u0144ski","article_modified_time":"2020-10-21T08:27:19+00:00","og_image":[{"url":"https:\/\/kalinski.pl\/wp-content\/uploads\/Filtry_Kalinski-1-1110x303.png","type":"","width":"","height":""}],"twitter_card":"summary_large_image","twitter_misc":{"Szacowany czas czytania":"2 minuty"},"schema":{"@context":"https:\/\/schema.org","@graph":[{"@type":"WebPage","@id":"https:\/\/kalinski.pl\/serwis\/regeneracja-katalizatorow-i-filtrow-dpf-zabrze\/","url":"https:\/\/kalinski.pl\/serwis\/regeneracja-katalizatorow-i-filtrow-dpf-zabrze\/","name":"Regeneracja katalizator\u00f3w i filtr\u00f3w DPF Zabrze | Kali\u0144ski","isPartOf":{"@id":"https:\/\/kalinski.pl\/serwis\/#website"},"primaryImageOfPage":{"@id":"https:\/\/kalinski.pl\/serwis\/regeneracja-katalizatorow-i-filtrow-dpf-zabrze\/#primaryimage"},"image":{"@id":"https:\/\/kalinski.pl\/serwis\/regeneracja-katalizatorow-i-filtrow-dpf-zabrze\/#primaryimage"},"thumbnailUrl":"https:\/\/kalinski.pl\/wp-content\/uploads\/Filtry_Kalinski-1-1110x303.png","datePublished":"2020-10-20T14:52:47+00:00","dateModified":"2020-10-21T08:27:19+00:00","breadcrumb":{"@id":"https:\/\/kalinski.pl\/serwis\/regeneracja-katalizatorow-i-filtrow-dpf-zabrze\/#breadcrumb"},"inLanguage":"pl-PL","potentialAction":[{"@type":"ReadAction","target":["https:\/\/kalinski.pl\/serwis\/regeneracja-katalizatorow-i-filtrow-dpf-zabrze\/"]}]},{"@type":"ImageObject","inLanguage":"pl-PL","@id":"https:\/\/kalinski.pl\/serwis\/regeneracja-katalizatorow-i-filtrow-dpf-zabrze\/#primaryimage","url":"https:\/\/kalinski.pl\/wp-content\/uploads\/Filtry_Kalinski-1-1110x303.png","contentUrl":"https:\/\/kalinski.pl\/wp-content\/uploads\/Filtry_Kalinski-1-1110x303.png"},{"@type":"BreadcrumbList","@id":"https:\/\/kalinski.pl\/serwis\/regeneracja-katalizatorow-i-filtrow-dpf-zabrze\/#breadcrumb","itemListElement":[{"@type":"ListItem","position":1,"name":"Strona g\u0142\u00f3wna","item":"https:\/\/kalinski.pl\/serwis\/"},{"@type":"ListItem","position":2,"name":"Regeneracja katalizator\u00f3w i filtr\u00f3w DPF Zabrze"}]},{"@type":"WebSite","@id":"https:\/\/kalinski.pl\/serwis\/#website","url":"https:\/\/kalinski.pl\/serwis\/","name":"Kali\u0144ski","description":"Uk\u0142ady wydechowe","publisher":{"@id":"https:\/\/kalinski.pl\/serwis\/#organization"},"potentialAction":[{"@type":"SearchAction","target":{"@type":"EntryPoint","urlTemplate":"https:\/\/kalinski.pl\/serwis\/?s={search_term_string}"},"query-input":{"@type":"PropertyValueSpecification","valueRequired":true,"valueName":"search_term_string"}}],"inLanguage":"pl-PL"},{"@type":"Organization","@id":"https:\/\/kalinski.pl\/serwis\/#organization","name":"Kali\u0144ski","url":"https:\/\/kalinski.pl\/serwis\/","logo":{"@type":"ImageObject","inLanguage":"pl-PL","@id":"https:\/\/kalinski.pl\/serwis\/#\/schema\/logo\/image\/","url":"https:\/\/kalinski.pl\/serwis\/wp-content\/uploads\/2019\/03\/cropped-logo_white.jpg","contentUrl":"https:\/\/kalinski.pl\/serwis\/wp-content\/uploads\/2019\/03\/cropped-logo_white.jpg","width":240,"height":63,"caption":"Kali\u0144ski"},"image":{"@id":"https:\/\/kalinski.pl\/serwis\/#\/schema\/logo\/image\/"}}]}},"_links":{"self":[{"href":"https:\/\/kalinski.pl\/serwis\/wp-json\/wp\/v2\/pages\/2642","targetHints":{"allow":["GET"]}}],"collection":[{"href":"https:\/\/kalinski.pl\/serwis\/wp-json\/wp\/v2\/pages"}],"about":[{"href":"https:\/\/kalinski.pl\/serwis\/wp-json\/wp\/v2\/types\/page"}],"author":[{"embeddable":true,"href":"https:\/\/kalinski.pl\/serwis\/wp-json\/wp\/v2\/users\/821794"}],"replies":[{"embeddable":true,"href":"https:\/\/kalinski.pl\/serwis\/wp-json\/wp\/v2\/comments?post=2642"}],"version-history":[{"count":0,"href":"https:\/\/kalinski.pl\/serwis\/wp-json\/wp\/v2\/pages\/2642\/revisions"}],"wp:attachment":[{"href":"https:\/\/kalinski.pl\/serwis\/wp-json\/wp\/v2\/media?parent=2642"}],"curies":[{"name":"wp","href":"https:\/\/api.w.org\/{rel}","templated":true}]}}