{"id":2640,"date":"2020-10-20T16:15:41","date_gmt":"2020-10-20T14:15:41","guid":{"rendered":"https:\/\/kalinski.pl\/?page_id=2640"},"modified":"2020-10-21T10:28:33","modified_gmt":"2020-10-21T08:28:33","slug":"regeneracja-katalizatorow-i-filtrow-dpf-elblag","status":"publish","type":"page","link":"https:\/\/kalinski.pl\/serwis\/regeneracja-katalizatorow-i-filtrow-dpf-elblag\/","title":{"rendered":"Regeneracja katalizator\u00f3w i filtr\u00f3w DPF Elbl\u0105g"},"content":{"rendered":"\n<figure class=\"wp-block-image size-large\"><img fetchpriority=\"high\" decoding=\"async\" width=\"1110\" height=\"303\" src=\"https:\/\/kalinski.pl\/wp-content\/uploads\/Filtry_Kalinski-1-1110x303.png\" alt=\"\" class=\"wp-image-1568\"\/><\/figure>\n\n\n\n<p style=\"text-align: justify; margin-top: 25px;\">Jeste\u015bmy firm\u0105 motoryzacyjn\u0105, kt\u00f3ra zajmuje si\u0119 nie tylko sprzeda\u017c\u0105 katalizator\u00f3w i filtr\u00f3w DPF do samochod\u00f3w ci\u0119\u017carowych i osobowych, ale tak\u017ce czy\u015bcimy je i regenerujemy. Co to oznacza? To konieczne zabiegi, kt\u00f3re przed\u0142u\u017caj\u0105 funkcjonowanie tych cz\u0119\u015bci, dzi\u0119ki czemu sprawniej i d\u0142u\u017cej dzia\u0142a ca\u0142e auto. <strong>Regeneracja katalizator\u00f3w Elbl\u0105g<\/strong> i filtr\u00f3w DPF polega na oczyszczeniu ich z zalegaj\u0105cej w nich sadzy. Zabrudzenie zbiera si\u0119 bowiem podczas eksploatacji auta. Taka us\u0142uga przebiega wed\u0142ug dw\u00f3ch schemat\u00f3w. Pierwszym sposobem jest wypalanie zebranych zanieczyszcze\u0144 i sadzy w specjalnym piecu lub wydmuchiwanie ich za pomoc\u0105 spr\u0119\u017conego powietrza. W naszej firmie najcz\u0119\u015bciej wybieramy <strong>wypalanie katalizator\u00f3w Elbl\u0105g <\/strong>w najlepszym piecu dost\u0119pnym na rynku. Piec marki Hartridge to urz\u0105dzenie rekomendowane przez najwi\u0119kszych producent\u00f3w samochod\u00f3w ci\u0119\u017carowych oraz producent\u00f3w cz\u0119\u015bci do tych aut. Drugim sposobem na <strong>czyszczenie filtr\u00f3w DPF Elbl\u0105g <\/strong>jest wymiana wk\u0142ad\u00f3w ceramicznych.<\/p>\n\n\n\n<p style=\"text-align:justify;\"><strong>Czyszczenie katalizator\u00f3w Elbl\u0105g<\/strong> przeprowadzi\u0107 mo\u017cna ewentualnie przy u\u017cyciu wody, jednak nie korzystamy z tego sposobu, poniewa\u017c podczas p\u0142ukania usuwane s\u0105 wa\u017cne metale, co sprawia, \u017ce filtry dzia\u0142aj\u0105 znacznie s\u0142abiej. Na rynku elbl\u0105skim \u015bwiadczymy us\u0142ugi zdalnie, poprzez wysy\u0142ki bezpo\u015brednio do klienta lub do pobliskiego warsztatu. Sk\u0142ada si\u0119 na to nasz profesjonalizm, wiedza, do\u015bwiadczenie oraz pasja, bez kt\u00f3rej nie mo\u017cna pracowa\u0107. Dzi\u0119ki zaanga\u017cowaniu ca\u0142ego zespo\u0142u nasi klienci s\u0105 pewni, \u017ce otrzymuj\u0105 us\u0142ugi na najwy\u017cszym poziomie, ufaj\u0105 nam i powierzaj\u0105 w nasze r\u0119ce swoje pojazdy. Wszystko to sprawia, \u017ce<strong> regeneracja DPF Elbl\u0105g<\/strong> wykonana u nas to gwarancja prawid\u0142owego funkcjonowania samochodu nawet w dalekich podr\u00f3\u017cach, przy jednoczesnym zmniejszeniu emitowania niebezpiecznych dla zdrowia i \u015brodowiska spalin. Je\u015bli chcesz skorzysta\u0107 z us\u0142ugi regeneracji katalizator\u00f3w lub filtr\u00f3w DPF lub Twojemu samochodowi dolega co\u015b innego, skontaktuj si\u0119 z nami, ch\u0119tnie pomo\u017cemy Ci w powrocie do pe\u0142nej sprawno\u015bci auta.<\/p>\n\n\n\n<div class=\"wp-block-columns is-layout-flex wp-container-core-columns-is-layout-1 wp-block-columns-is-layout-flex\">\n<div class=\"wp-block-column is-layout-flow wp-block-column-is-layout-flow\">\n<div class=\"k_box\" style=\"float:right;\">\n<div class=\"k_box_left\"><img decoding=\"async\" class=\"alignnone size-full wp-image-152\" src=\"https:\/\/kalinski.pl\/wp-content\/uploads\/2019\/04\/k_mateuszl.jpg\" alt=\"\" width=\"95\" height=\"161\"><\/div>\n<div class=\"k_box_right\">\n<div class=\"kbr_1\">Katalizatory, filtry FAP\/DPF<\/div>\n<div class=\"kbr_2\">Mateusz<\/div>\n<div class=\"kbr_2\"><a class=\"phone\" href=\"tel:0048618142777\">+48 61 814 27 77 \/ wew 101<\/a><\/div>\n<div class=\"kbr_3\"><a href=\"mailto:biuro@kalinski.pl\">biuro@kalinski.pl<\/a><\/div>\n<\/div>\n<\/div>\n<\/div>\n\n\n\n<div class=\"wp-block-column is-layout-flow wp-block-column-is-layout-flow\">\n<div class=\"k_box\" style=\"float:left;\">\n<div class=\"k_box_left\"><img decoding=\"async\" class=\"alignnone size-full wp-image-152\" src=\"https:\/\/kalinski.pl\/wp-content\/uploads\/2019\/04\/k_adamc.jpg\" alt=\"\" width=\"95\" height=\"161\"><\/div>\n<div class=\"k_box_right\">\n<div class=\"kbr_1\">Pojazdy ci\u0119\u017carowe<\/div>\n<div class=\"kbr_2\">Adam<\/div>\n<div class=\"kbr_2\"><a class=\"phone\" href=\"tel:0048618142777\">+48 61 814 27 77 \/ wew 102<\/a><\/div>\n<div class=\"kbr_3\"><a href=\"mailto:ciezarowe@kalinski.pl\">ciezarowe@kalinski.pl<\/a><\/div>\n<\/div>\n<\/div>\n<\/div>\n<\/div>\n\n\n\n<iframe src=\"https:\/\/www.google.com\/maps\/embed?pb=!1m14!1m8!1m3!1d2891.0189752303836!2d16.761502335364135!3d52.46016731732493!3m2!1i1024!2i768!4f13.1!3m3!1m2!1s0x470441321c9562cb%3A0xee0284f60b138572!2sSzamotulska%2040%2C%2062-081%20Chyby!5e0!3m2!1spl!2spl!4v1599035144301!5m2!1spl!2spl\" style=\"border:0;\" allowfullscreen=\"\" aria-hidden=\"false\" tabindex=\"0\" width=\"100%\" height=\"450\" frameborder=\"0\"><\/iframe>\n","protected":false},"excerpt":{"rendered":"<p>Jeste\u015bmy firm\u0105 motoryzacyjn\u0105, kt\u00f3ra zajmuje si\u0119 nie tylko sprzeda\u017c\u0105 katalizator\u00f3w i filtr\u00f3w DPF do samochod\u00f3w ci\u0119\u017carowych i osobowych, ale tak\u017ce czy\u015bcimy je i regenerujemy. Co to oznacza? To konieczne zabiegi, kt\u00f3re przed\u0142u\u017caj\u0105 funkcjonowanie tych cz\u0119\u015bci, dzi\u0119ki czemu sprawniej i d\u0142u\u017cej dzia\u0142a ca\u0142e auto. Regeneracja katalizator\u00f3w Elbl\u0105g i filtr\u00f3w DPF polega na oczyszczeniu ich z zalegaj\u0105cej &hellip; <a href=\"https:\/\/kalinski.pl\/serwis\/regeneracja-katalizatorow-i-filtrow-dpf-elblag\/\" class=\"more-link\">Czytaj dalej<span class=\"screen-reader-text\"> Regeneracja katalizator\u00f3w i filtr\u00f3w DPF Elbl\u0105g<\/span><\/a><\/p>\n","protected":false},"author":821794,"featured_media":0,"parent":0,"menu_order":0,"comment_status":"closed","ping_status":"closed","template":"","meta":{"footnotes":""},"class_list":["post-2640","page","type-page","status-publish","hentry"],"yoast_head":"<!-- This site is optimized with the Yoast SEO plugin v26.7 - https:\/\/yoast.com\/wordpress\/plugins\/seo\/ -->\n<title>Regeneracja katalizator\u00f3w i filtr\u00f3w DPF Elbl\u0105g | Kali\u0144ski<\/title>\n<meta name=\"robots\" content=\"index, follow, max-snippet:-1, max-image-preview:large, max-video-preview:-1\" \/>\n<link rel=\"canonical\" href=\"https:\/\/kalinski.pl\/serwis\/regeneracja-katalizatorow-i-filtrow-dpf-elblag\/\" \/>\n<meta property=\"og:locale\" content=\"pl_PL\" \/>\n<meta property=\"og:type\" content=\"article\" \/>\n<meta property=\"og:title\" content=\"Regeneracja katalizator\u00f3w i filtr\u00f3w DPF Elbl\u0105g | Kali\u0144ski\" \/>\n<meta property=\"og:description\" content=\"Jeste\u015bmy firm\u0105 motoryzacyjn\u0105, kt\u00f3ra zajmuje si\u0119 nie tylko sprzeda\u017c\u0105 katalizator\u00f3w i filtr\u00f3w DPF do samochod\u00f3w ci\u0119\u017carowych i osobowych, ale tak\u017ce czy\u015bcimy je i regenerujemy. Co to oznacza? To konieczne zabiegi, kt\u00f3re przed\u0142u\u017caj\u0105 funkcjonowanie tych cz\u0119\u015bci, dzi\u0119ki czemu sprawniej i d\u0142u\u017cej dzia\u0142a ca\u0142e auto. Regeneracja katalizator\u00f3w Elbl\u0105g i filtr\u00f3w DPF polega na oczyszczeniu ich z zalegaj\u0105cej &hellip; Czytaj dalej Regeneracja katalizator\u00f3w i filtr\u00f3w DPF Elbl\u0105g\" \/>\n<meta property=\"og:url\" content=\"https:\/\/kalinski.pl\/serwis\/regeneracja-katalizatorow-i-filtrow-dpf-elblag\/\" \/>\n<meta property=\"og:site_name\" content=\"Kali\u0144ski\" \/>\n<meta property=\"article:modified_time\" content=\"2020-10-21T08:28:33+00:00\" \/>\n<meta property=\"og:image\" content=\"https:\/\/kalinski.pl\/wp-content\/uploads\/Filtry_Kalinski-1-1110x303.png\" \/>\n<meta name=\"twitter:card\" content=\"summary_large_image\" \/>\n<meta name=\"twitter:label1\" content=\"Szacowany czas czytania\" \/>\n\t<meta name=\"twitter:data1\" content=\"2 minuty\" \/>\n<script type=\"application\/ld+json\" class=\"yoast-schema-graph\">{\"@context\":\"https:\/\/schema.org\",\"@graph\":[{\"@type\":\"WebPage\",\"@id\":\"https:\/\/kalinski.pl\/serwis\/regeneracja-katalizatorow-i-filtrow-dpf-elblag\/\",\"url\":\"https:\/\/kalinski.pl\/serwis\/regeneracja-katalizatorow-i-filtrow-dpf-elblag\/\",\"name\":\"Regeneracja katalizator\u00f3w i filtr\u00f3w DPF Elbl\u0105g | Kali\u0144ski\",\"isPartOf\":{\"@id\":\"https:\/\/kalinski.pl\/serwis\/#website\"},\"primaryImageOfPage\":{\"@id\":\"https:\/\/kalinski.pl\/serwis\/regeneracja-katalizatorow-i-filtrow-dpf-elblag\/#primaryimage\"},\"image\":{\"@id\":\"https:\/\/kalinski.pl\/serwis\/regeneracja-katalizatorow-i-filtrow-dpf-elblag\/#primaryimage\"},\"thumbnailUrl\":\"https:\/\/kalinski.pl\/wp-content\/uploads\/Filtry_Kalinski-1-1110x303.png\",\"datePublished\":\"2020-10-20T14:15:41+00:00\",\"dateModified\":\"2020-10-21T08:28:33+00:00\",\"breadcrumb\":{\"@id\":\"https:\/\/kalinski.pl\/serwis\/regeneracja-katalizatorow-i-filtrow-dpf-elblag\/#breadcrumb\"},\"inLanguage\":\"pl-PL\",\"potentialAction\":[{\"@type\":\"ReadAction\",\"target\":[\"https:\/\/kalinski.pl\/serwis\/regeneracja-katalizatorow-i-filtrow-dpf-elblag\/\"]}]},{\"@type\":\"ImageObject\",\"inLanguage\":\"pl-PL\",\"@id\":\"https:\/\/kalinski.pl\/serwis\/regeneracja-katalizatorow-i-filtrow-dpf-elblag\/#primaryimage\",\"url\":\"https:\/\/kalinski.pl\/wp-content\/uploads\/Filtry_Kalinski-1-1110x303.png\",\"contentUrl\":\"https:\/\/kalinski.pl\/wp-content\/uploads\/Filtry_Kalinski-1-1110x303.png\"},{\"@type\":\"BreadcrumbList\",\"@id\":\"https:\/\/kalinski.pl\/serwis\/regeneracja-katalizatorow-i-filtrow-dpf-elblag\/#breadcrumb\",\"itemListElement\":[{\"@type\":\"ListItem\",\"position\":1,\"name\":\"Strona g\u0142\u00f3wna\",\"item\":\"https:\/\/kalinski.pl\/serwis\/\"},{\"@type\":\"ListItem\",\"position\":2,\"name\":\"Regeneracja katalizator\u00f3w i filtr\u00f3w DPF Elbl\u0105g\"}]},{\"@type\":\"WebSite\",\"@id\":\"https:\/\/kalinski.pl\/serwis\/#website\",\"url\":\"https:\/\/kalinski.pl\/serwis\/\",\"name\":\"Kali\u0144ski\",\"description\":\"Uk\u0142ady wydechowe\",\"publisher\":{\"@id\":\"https:\/\/kalinski.pl\/serwis\/#organization\"},\"potentialAction\":[{\"@type\":\"SearchAction\",\"target\":{\"@type\":\"EntryPoint\",\"urlTemplate\":\"https:\/\/kalinski.pl\/serwis\/?s={search_term_string}\"},\"query-input\":{\"@type\":\"PropertyValueSpecification\",\"valueRequired\":true,\"valueName\":\"search_term_string\"}}],\"inLanguage\":\"pl-PL\"},{\"@type\":\"Organization\",\"@id\":\"https:\/\/kalinski.pl\/serwis\/#organization\",\"name\":\"Kali\u0144ski\",\"url\":\"https:\/\/kalinski.pl\/serwis\/\",\"logo\":{\"@type\":\"ImageObject\",\"inLanguage\":\"pl-PL\",\"@id\":\"https:\/\/kalinski.pl\/serwis\/#\/schema\/logo\/image\/\",\"url\":\"https:\/\/kalinski.pl\/serwis\/wp-content\/uploads\/2019\/03\/cropped-logo_white.jpg\",\"contentUrl\":\"https:\/\/kalinski.pl\/serwis\/wp-content\/uploads\/2019\/03\/cropped-logo_white.jpg\",\"width\":240,\"height\":63,\"caption\":\"Kali\u0144ski\"},\"image\":{\"@id\":\"https:\/\/kalinski.pl\/serwis\/#\/schema\/logo\/image\/\"}}]}<\/script>\n<!-- \/ Yoast SEO plugin. -->","yoast_head_json":{"title":"Regeneracja katalizator\u00f3w i filtr\u00f3w DPF Elbl\u0105g | Kali\u0144ski","robots":{"index":"index","follow":"follow","max-snippet":"max-snippet:-1","max-image-preview":"max-image-preview:large","max-video-preview":"max-video-preview:-1"},"canonical":"https:\/\/kalinski.pl\/serwis\/regeneracja-katalizatorow-i-filtrow-dpf-elblag\/","og_locale":"pl_PL","og_type":"article","og_title":"Regeneracja katalizator\u00f3w i filtr\u00f3w DPF Elbl\u0105g | Kali\u0144ski","og_description":"Jeste\u015bmy firm\u0105 motoryzacyjn\u0105, kt\u00f3ra zajmuje si\u0119 nie tylko sprzeda\u017c\u0105 katalizator\u00f3w i filtr\u00f3w DPF do samochod\u00f3w ci\u0119\u017carowych i osobowych, ale tak\u017ce czy\u015bcimy je i regenerujemy. Co to oznacza? To konieczne zabiegi, kt\u00f3re przed\u0142u\u017caj\u0105 funkcjonowanie tych cz\u0119\u015bci, dzi\u0119ki czemu sprawniej i d\u0142u\u017cej dzia\u0142a ca\u0142e auto. Regeneracja katalizator\u00f3w Elbl\u0105g i filtr\u00f3w DPF polega na oczyszczeniu ich z zalegaj\u0105cej &hellip; Czytaj dalej Regeneracja katalizator\u00f3w i filtr\u00f3w DPF Elbl\u0105g","og_url":"https:\/\/kalinski.pl\/serwis\/regeneracja-katalizatorow-i-filtrow-dpf-elblag\/","og_site_name":"Kali\u0144ski","article_modified_time":"2020-10-21T08:28:33+00:00","og_image":[{"url":"https:\/\/kalinski.pl\/wp-content\/uploads\/Filtry_Kalinski-1-1110x303.png","type":"","width":"","height":""}],"twitter_card":"summary_large_image","twitter_misc":{"Szacowany czas czytania":"2 minuty"},"schema":{"@context":"https:\/\/schema.org","@graph":[{"@type":"WebPage","@id":"https:\/\/kalinski.pl\/serwis\/regeneracja-katalizatorow-i-filtrow-dpf-elblag\/","url":"https:\/\/kalinski.pl\/serwis\/regeneracja-katalizatorow-i-filtrow-dpf-elblag\/","name":"Regeneracja katalizator\u00f3w i filtr\u00f3w DPF Elbl\u0105g | Kali\u0144ski","isPartOf":{"@id":"https:\/\/kalinski.pl\/serwis\/#website"},"primaryImageOfPage":{"@id":"https:\/\/kalinski.pl\/serwis\/regeneracja-katalizatorow-i-filtrow-dpf-elblag\/#primaryimage"},"image":{"@id":"https:\/\/kalinski.pl\/serwis\/regeneracja-katalizatorow-i-filtrow-dpf-elblag\/#primaryimage"},"thumbnailUrl":"https:\/\/kalinski.pl\/wp-content\/uploads\/Filtry_Kalinski-1-1110x303.png","datePublished":"2020-10-20T14:15:41+00:00","dateModified":"2020-10-21T08:28:33+00:00","breadcrumb":{"@id":"https:\/\/kalinski.pl\/serwis\/regeneracja-katalizatorow-i-filtrow-dpf-elblag\/#breadcrumb"},"inLanguage":"pl-PL","potentialAction":[{"@type":"ReadAction","target":["https:\/\/kalinski.pl\/serwis\/regeneracja-katalizatorow-i-filtrow-dpf-elblag\/"]}]},{"@type":"ImageObject","inLanguage":"pl-PL","@id":"https:\/\/kalinski.pl\/serwis\/regeneracja-katalizatorow-i-filtrow-dpf-elblag\/#primaryimage","url":"https:\/\/kalinski.pl\/wp-content\/uploads\/Filtry_Kalinski-1-1110x303.png","contentUrl":"https:\/\/kalinski.pl\/wp-content\/uploads\/Filtry_Kalinski-1-1110x303.png"},{"@type":"BreadcrumbList","@id":"https:\/\/kalinski.pl\/serwis\/regeneracja-katalizatorow-i-filtrow-dpf-elblag\/#breadcrumb","itemListElement":[{"@type":"ListItem","position":1,"name":"Strona g\u0142\u00f3wna","item":"https:\/\/kalinski.pl\/serwis\/"},{"@type":"ListItem","position":2,"name":"Regeneracja katalizator\u00f3w i filtr\u00f3w DPF Elbl\u0105g"}]},{"@type":"WebSite","@id":"https:\/\/kalinski.pl\/serwis\/#website","url":"https:\/\/kalinski.pl\/serwis\/","name":"Kali\u0144ski","description":"Uk\u0142ady wydechowe","publisher":{"@id":"https:\/\/kalinski.pl\/serwis\/#organization"},"potentialAction":[{"@type":"SearchAction","target":{"@type":"EntryPoint","urlTemplate":"https:\/\/kalinski.pl\/serwis\/?s={search_term_string}"},"query-input":{"@type":"PropertyValueSpecification","valueRequired":true,"valueName":"search_term_string"}}],"inLanguage":"pl-PL"},{"@type":"Organization","@id":"https:\/\/kalinski.pl\/serwis\/#organization","name":"Kali\u0144ski","url":"https:\/\/kalinski.pl\/serwis\/","logo":{"@type":"ImageObject","inLanguage":"pl-PL","@id":"https:\/\/kalinski.pl\/serwis\/#\/schema\/logo\/image\/","url":"https:\/\/kalinski.pl\/serwis\/wp-content\/uploads\/2019\/03\/cropped-logo_white.jpg","contentUrl":"https:\/\/kalinski.pl\/serwis\/wp-content\/uploads\/2019\/03\/cropped-logo_white.jpg","width":240,"height":63,"caption":"Kali\u0144ski"},"image":{"@id":"https:\/\/kalinski.pl\/serwis\/#\/schema\/logo\/image\/"}}]}},"_links":{"self":[{"href":"https:\/\/kalinski.pl\/serwis\/wp-json\/wp\/v2\/pages\/2640","targetHints":{"allow":["GET"]}}],"collection":[{"href":"https:\/\/kalinski.pl\/serwis\/wp-json\/wp\/v2\/pages"}],"about":[{"href":"https:\/\/kalinski.pl\/serwis\/wp-json\/wp\/v2\/types\/page"}],"author":[{"embeddable":true,"href":"https:\/\/kalinski.pl\/serwis\/wp-json\/wp\/v2\/users\/821794"}],"replies":[{"embeddable":true,"href":"https:\/\/kalinski.pl\/serwis\/wp-json\/wp\/v2\/comments?post=2640"}],"version-history":[{"count":0,"href":"https:\/\/kalinski.pl\/serwis\/wp-json\/wp\/v2\/pages\/2640\/revisions"}],"wp:attachment":[{"href":"https:\/\/kalinski.pl\/serwis\/wp-json\/wp\/v2\/media?parent=2640"}],"curies":[{"name":"wp","href":"https:\/\/api.w.org\/{rel}","templated":true}]}}