{"id":2443,"date":"2020-10-05T15:23:06","date_gmt":"2020-10-05T13:23:06","guid":{"rendered":"https:\/\/kalinski.pl\/?page_id=2443"},"modified":"2022-08-25T14:07:14","modified_gmt":"2022-08-25T12:07:14","slug":"regeneracja-katalizatorow-i-filtrow-dpf-ostrow-wielkopolski","status":"publish","type":"page","link":"https:\/\/kalinski.pl\/serwis\/regeneracja-katalizatorow-i-filtrow-dpf-ostrow-wielkopolski\/","title":{"rendered":"Regeneracja katalizator\u00f3w i filtr\u00f3w DPF Ostr\u00f3w Wielkopolski"},"content":{"rendered":"\r\n<figure class=\"wp-block-image size-large\"><img fetchpriority=\"high\" decoding=\"async\" width=\"1110\" height=\"303\" src=\"https:\/\/kalinski.pl\/wp-content\/uploads\/Filtry_Kalinski-1-1110x303.png\" alt=\"\" class=\"wp-image-1568\"\/><\/figure>\r\n\r\n\r\n\r\n<p style=\"text:align:justify; margin-top:25px;\">Nier\u00f3wna praca silnika, problem z rozruchem, a tak\u017ce zmniejszone osi\u0105gi przy wi\u0119kszym poborze paliwa \u2013 te elementy mog\u0105 sygnalizowa\u0107, \u017ce konieczna jest regeneracja DPF. Ostr\u00f3w Wielkopolski to miasto, dla kt\u00f3rego mieszka\u0144c\u00f3w \u015bwiadczymy us\u0142ugi zdalne. Wystarczy, \u017ce zg\u0142osisz do nas sw\u00f3j problem, a nast\u0119pnie po dokonaniu transakcji prze\u015blesz filtr lub katalizator. Po jego otrzymaniu zweryfikujemy w jakim jest stanie oraz co jest przyczyn\u0105 awarii, a nast\u0119pnie zajmiemy si\u0119 czyszczeniem i regeneracj\u0105. W przypadku element\u00f3w, kt\u00f3re nie kwalifikuj\u0105 si\u0119 do regeneracji zasugerujemy zakup nowego modelu.<\/p>\r\n\r\n\r\n\r\n<h2 style=\"font-size:16px; text-align:center;\">Koszty &#8211; Czyszczenie katalizator\u00f3w &#8211; Ostr\u00f3w Wielkopolski<\/h2>\r\n\r\n\r\n\r\n<p style=\"text-align:justify;\">Klienci decyduj\u0105cy si\u0119 na zdalne wypalanie musz\u0105 wzi\u0105\u0107 pod uwag\u0119 dodatkowe koszty zwi\u0105zane z wysy\u0142k\u0105 element\u00f3w. Cena naprawy zale\u017cy natomiast od tworzywa z jakiego zosta\u0142 wykonany katalizator, a tak\u017ce rodzaju pojazdu.<\/p>\r\n<p style=\"text-align:justify;\">1. Samochody osobowe: koszt us\u0142ugi zale\u017cy od stopnia w jakim zosta\u0142 on wysycony kamieniami szlachetnymi, rodzaju ceramicznego wk\u0142adu, a tak\u017ce stanu obudowy. Chocia\u017c ten ostatni element jest najmniej wa\u017cny.<\/p>\r\n<p style=\"text-align:justify;\">2. Samochody ci\u0119\u017carowe: podobnie jak w przypadku osobowych kluczowy jest poziom wysycenia. Klienci korzystaj\u0105cy z naszych us\u0142ug mog\u0105 r\u00f3wnie\u017c liczy\u0107 na zwrot kaucji jest on jednak zale\u017cny od stanu w jakim znajduje si\u0119:<\/p>\r\n<p style=\"text-align:justify;\">-filtr: obudowa i wk\u0142ad nie mog\u0105 by\u0107 uszkodzone, ani posiada\u0107 \u017cadnych p\u0119kni\u0119\u0107.<\/p>\r\n<p style=\"text-align:justify;\">-katalizator: obudowa musi by\u0107 oryginalna i nie mo\u017ce by\u0107 na niej \u017cadnych \u015blad\u00f3w wskazuj\u0105cych na spawanie czy napraw\u0119.<\/p>\r\n\r\n\r\n\r\n<h2 style=\"font-size:16px; text-align:center;\">Regeneracja filtr\u00f3w DPF &#8211; Ostr\u00f3w Wielkopolski<\/h2>\r\n\r\n\r\n\r\n<p style=\"text-align: justify;\">Doskonale wiemy, \u017ce pojazdy nara\u017cone s\u0105 na awarie uk\u0142adu spalania, kt\u00f3re mog\u0105 by\u0107 bardzo niebezpieczne dla samochod\u00f3w czy ci\u0119\u017car\u00f3wek, dlatego te\u017c nale\u017cy jak najszybciej wykry\u0107 przyczyn\u0119 i naprawi\u0107 usterk\u0119. Wszystkie te dzia\u0142ania &#8211; czyszczenie filtr\u00f3w dpf, regeneracj\u0119 oraz wypalanie katalizator\u00f3w realizujemy zdanie. Usterki naprawiamy szybko, a jednocze\u015bnie profesjonalnie, a gdy s\u0105 gotowe wysy\u0142amy bezpo\u015brednio do Klient\u00f3w. Wsp\u00f3\u0142praca ko\u0144czy si\u0119 dopiero, gdy otrzymamy potwierdzenie, \u017ce naprawa spe\u0142ni\u0142a oczekiwania.<\/p>\r\n\r\n\r\n<p><\/p>\r\n\t\t<div data-elementor-type=\"wp-post\" data-elementor-id=\"3002\" class=\"elementor elementor-3002\">\n\t\t\t\t\t\t<section class=\"elementor-section elementor-top-section elementor-element elementor-element-cefde73 elementor-section-boxed elementor-section-height-default elementor-section-height-default\" data-id=\"cefde73\" data-element_type=\"section\">\n\t\t\t\t\t\t<div class=\"elementor-container elementor-column-gap-default\">\n\t\t\t\t\t<div class=\"elementor-column elementor-col-100 elementor-top-column elementor-element elementor-element-970e36a\" data-id=\"970e36a\" data-element_type=\"column\">\n\t\t\t<div class=\"elementor-widget-wrap elementor-element-populated\">\n\t\t\t\t\t\t<div class=\"elementor-element elementor-element-6c30b54 elementor-widget elementor-widget-heading\" data-id=\"6c30b54\" data-element_type=\"widget\" data-widget_type=\"heading.default\">\n\t\t\t\t<div class=\"elementor-widget-container\">\n\t\t\t\t\t<h2 class=\"elementor-heading-title elementor-size-default\">Jeste\u015bmy do Twojej dyspozycji<\/h2>\t\t\t\t<\/div>\n\t\t\t\t<\/div>\n\t\t\t\t\t<\/div>\n\t\t<\/div>\n\t\t\t\t\t<\/div>\n\t\t<\/section>\n\t\t\t\t<section class=\"elementor-section elementor-top-section elementor-element elementor-element-f0f0ab2 elementor-section-boxed elementor-section-height-default elementor-section-height-default\" data-id=\"f0f0ab2\" data-element_type=\"section\">\n\t\t\t\t\t\t<div class=\"elementor-container elementor-column-gap-default\">\n\t\t\t\t\t<div class=\"elementor-column elementor-col-50 elementor-top-column elementor-element elementor-element-df75edc\" data-id=\"df75edc\" data-element_type=\"column\">\n\t\t\t<div class=\"elementor-widget-wrap elementor-element-populated\">\n\t\t\t\t\t\t<div class=\"elementor-element elementor-element-5d3129f elementor-position-left elementor-vertical-align-top elementor-widget elementor-widget-image-box\" data-id=\"5d3129f\" data-element_type=\"widget\" data-widget_type=\"image-box.default\">\n\t\t\t\t<div class=\"elementor-widget-container\">\n\t\t\t\t\t<div class=\"elementor-image-box-wrapper\"><figure class=\"elementor-image-box-img\"><img decoding=\"async\" width=\"135\" height=\"141\" src=\"https:\/\/kalinski.pl\/serwis\/wp-content\/uploads\/smateusz.jpg\" class=\"attachment-full size-full wp-image-3005\" alt=\"smateusz\" \/><\/figure><div class=\"elementor-image-box-content\"><h3 class=\"elementor-image-box-title\">Mateusz<\/h3><p class=\"elementor-image-box-description\">Pojazdy osobowe, dostawcze<\/p><\/div><\/div>\t\t\t\t<\/div>\n\t\t\t\t<\/div>\n\t\t\t\t<div class=\"elementor-element elementor-element-ccda357 elementor-widget elementor-widget-text-editor\" data-id=\"ccda357\" data-element_type=\"widget\" data-widget_type=\"text-editor.default\">\n\t\t\t\t<div class=\"elementor-widget-container\">\n\t\t\t\t\t\t\t\t\t<p><a href=\"tel:0048618142777\">+48 61 814 27 77 \/ wew 101<\/a><\/p>\n<p>biuro@kalinski.pl<\/p>\t\t\t\t\t\t\t\t<\/div>\n\t\t\t\t<\/div>\n\t\t\t\t\t<\/div>\n\t\t<\/div>\n\t\t\t\t<div class=\"elementor-column elementor-col-50 elementor-top-column elementor-element elementor-element-6025541\" data-id=\"6025541\" data-element_type=\"column\">\n\t\t\t<div class=\"elementor-widget-wrap elementor-element-populated\">\n\t\t\t\t\t\t<div class=\"elementor-element elementor-element-b645a1a elementor-position-left elementor-vertical-align-top elementor-widget elementor-widget-image-box\" data-id=\"b645a1a\" data-element_type=\"widget\" data-widget_type=\"image-box.default\">\n\t\t\t\t<div class=\"elementor-widget-container\">\n\t\t\t\t\t<div class=\"elementor-image-box-wrapper\"><figure class=\"elementor-image-box-img\"><img decoding=\"async\" width=\"135\" height=\"141\" src=\"https:\/\/kalinski.pl\/serwis\/wp-content\/uploads\/sadam.jpg\" class=\"attachment-full size-full wp-image-3004\" alt=\"sadam\" \/><\/figure><div class=\"elementor-image-box-content\"><h3 class=\"elementor-image-box-title\">Adam<\/h3><p class=\"elementor-image-box-description\">Samochody ci\u0119\u017carowe<\/p><\/div><\/div>\t\t\t\t<\/div>\n\t\t\t\t<\/div>\n\t\t\t\t<div class=\"elementor-element elementor-element-7fa9a86 elementor-widget elementor-widget-text-editor\" data-id=\"7fa9a86\" data-element_type=\"widget\" data-widget_type=\"text-editor.default\">\n\t\t\t\t<div class=\"elementor-widget-container\">\n\t\t\t\t\t\t\t\t\t<p><a href=\"tel:0048618142777\">+48 61 814 27 77 \/ wew 102<\/a><\/p>\n<p>ciezarowe@kalinski.pl<\/p>\t\t\t\t\t\t\t\t<\/div>\n\t\t\t\t<\/div>\n\t\t\t\t\t<\/div>\n\t\t<\/div>\n\t\t\t\t\t<\/div>\n\t\t<\/section>\n\t\t\t\t<\/div>\n\t\t\r\n<p>S\u0142owa kluczowe: regeneracja katalizator\u00f3w, regeneracja DPF, serwis DPF, serwis katalizator\u00f3w, uk\u0142ady wydechowe, b\u0142\u0105d p2002 Fiat, zapchany DPF<\/p>","protected":false},"excerpt":{"rendered":"<p>Nier\u00f3wna praca silnika, problem z rozruchem, a tak\u017ce zmniejszone osi\u0105gi przy wi\u0119kszym poborze paliwa \u2013 te elementy mog\u0105 sygnalizowa\u0107, \u017ce konieczna jest regeneracja DPF. Ostr\u00f3w Wielkopolski to miasto, dla kt\u00f3rego mieszka\u0144c\u00f3w \u015bwiadczymy us\u0142ugi zdalne. Wystarczy, \u017ce zg\u0142osisz do nas sw\u00f3j problem, a nast\u0119pnie po dokonaniu transakcji prze\u015blesz filtr lub katalizator. Po jego otrzymaniu zweryfikujemy w &hellip; <a href=\"https:\/\/kalinski.pl\/serwis\/regeneracja-katalizatorow-i-filtrow-dpf-ostrow-wielkopolski\/\" class=\"more-link\">Czytaj dalej<span class=\"screen-reader-text\"> Regeneracja katalizator\u00f3w i filtr\u00f3w DPF Ostr\u00f3w Wielkopolski<\/span><\/a><\/p>\n","protected":false},"author":821794,"featured_media":0,"parent":0,"menu_order":0,"comment_status":"closed","ping_status":"closed","template":"","meta":{"footnotes":""},"class_list":["post-2443","page","type-page","status-publish","hentry"],"yoast_head":"<!-- This site is optimized with the Yoast SEO plugin v26.7 - https:\/\/yoast.com\/wordpress\/plugins\/seo\/ -->\n<title>Regeneracja katalizator\u00f3w i filtr\u00f3w DPF Ostr\u00f3w Wielkopolski | Kali\u0144ski<\/title>\n<meta name=\"robots\" content=\"index, follow, max-snippet:-1, max-image-preview:large, max-video-preview:-1\" \/>\n<link rel=\"canonical\" href=\"https:\/\/kalinski.pl\/serwis\/regeneracja-katalizatorow-i-filtrow-dpf-ostrow-wielkopolski\/\" \/>\n<meta property=\"og:locale\" content=\"pl_PL\" \/>\n<meta property=\"og:type\" content=\"article\" \/>\n<meta property=\"og:title\" content=\"Regeneracja katalizator\u00f3w i filtr\u00f3w DPF Ostr\u00f3w Wielkopolski | Kali\u0144ski\" \/>\n<meta property=\"og:description\" content=\"Nier\u00f3wna praca silnika, problem z rozruchem, a tak\u017ce zmniejszone osi\u0105gi przy wi\u0119kszym poborze paliwa \u2013 te elementy mog\u0105 sygnalizowa\u0107, \u017ce konieczna jest regeneracja DPF. Ostr\u00f3w Wielkopolski to miasto, dla kt\u00f3rego mieszka\u0144c\u00f3w \u015bwiadczymy us\u0142ugi zdalne. Wystarczy, \u017ce zg\u0142osisz do nas sw\u00f3j problem, a nast\u0119pnie po dokonaniu transakcji prze\u015blesz filtr lub katalizator. Po jego otrzymaniu zweryfikujemy w &hellip; Czytaj dalej Regeneracja katalizator\u00f3w i filtr\u00f3w DPF Ostr\u00f3w Wielkopolski\" \/>\n<meta property=\"og:url\" content=\"https:\/\/kalinski.pl\/serwis\/regeneracja-katalizatorow-i-filtrow-dpf-ostrow-wielkopolski\/\" \/>\n<meta property=\"og:site_name\" content=\"Kali\u0144ski\" \/>\n<meta property=\"article:modified_time\" content=\"2022-08-25T12:07:14+00:00\" \/>\n<meta property=\"og:image\" content=\"https:\/\/kalinski.pl\/wp-content\/uploads\/Filtry_Kalinski-1-1110x303.png\" \/>\n<meta name=\"twitter:card\" content=\"summary_large_image\" \/>\n<meta name=\"twitter:label1\" content=\"Szacowany czas czytania\" \/>\n\t<meta name=\"twitter:data1\" content=\"2 minuty\" \/>\n<script type=\"application\/ld+json\" class=\"yoast-schema-graph\">{\"@context\":\"https:\/\/schema.org\",\"@graph\":[{\"@type\":\"WebPage\",\"@id\":\"https:\/\/kalinski.pl\/serwis\/regeneracja-katalizatorow-i-filtrow-dpf-ostrow-wielkopolski\/\",\"url\":\"https:\/\/kalinski.pl\/serwis\/regeneracja-katalizatorow-i-filtrow-dpf-ostrow-wielkopolski\/\",\"name\":\"Regeneracja katalizator\u00f3w i filtr\u00f3w DPF Ostr\u00f3w Wielkopolski | Kali\u0144ski\",\"isPartOf\":{\"@id\":\"https:\/\/kalinski.pl\/serwis\/#website\"},\"primaryImageOfPage\":{\"@id\":\"https:\/\/kalinski.pl\/serwis\/regeneracja-katalizatorow-i-filtrow-dpf-ostrow-wielkopolski\/#primaryimage\"},\"image\":{\"@id\":\"https:\/\/kalinski.pl\/serwis\/regeneracja-katalizatorow-i-filtrow-dpf-ostrow-wielkopolski\/#primaryimage\"},\"thumbnailUrl\":\"https:\/\/kalinski.pl\/wp-content\/uploads\/Filtry_Kalinski-1-1110x303.png\",\"datePublished\":\"2020-10-05T13:23:06+00:00\",\"dateModified\":\"2022-08-25T12:07:14+00:00\",\"breadcrumb\":{\"@id\":\"https:\/\/kalinski.pl\/serwis\/regeneracja-katalizatorow-i-filtrow-dpf-ostrow-wielkopolski\/#breadcrumb\"},\"inLanguage\":\"pl-PL\",\"potentialAction\":[{\"@type\":\"ReadAction\",\"target\":[\"https:\/\/kalinski.pl\/serwis\/regeneracja-katalizatorow-i-filtrow-dpf-ostrow-wielkopolski\/\"]}]},{\"@type\":\"ImageObject\",\"inLanguage\":\"pl-PL\",\"@id\":\"https:\/\/kalinski.pl\/serwis\/regeneracja-katalizatorow-i-filtrow-dpf-ostrow-wielkopolski\/#primaryimage\",\"url\":\"https:\/\/kalinski.pl\/wp-content\/uploads\/Filtry_Kalinski-1-1110x303.png\",\"contentUrl\":\"https:\/\/kalinski.pl\/wp-content\/uploads\/Filtry_Kalinski-1-1110x303.png\"},{\"@type\":\"BreadcrumbList\",\"@id\":\"https:\/\/kalinski.pl\/serwis\/regeneracja-katalizatorow-i-filtrow-dpf-ostrow-wielkopolski\/#breadcrumb\",\"itemListElement\":[{\"@type\":\"ListItem\",\"position\":1,\"name\":\"Strona g\u0142\u00f3wna\",\"item\":\"https:\/\/kalinski.pl\/serwis\/\"},{\"@type\":\"ListItem\",\"position\":2,\"name\":\"Regeneracja katalizator\u00f3w i filtr\u00f3w DPF Ostr\u00f3w Wielkopolski\"}]},{\"@type\":\"WebSite\",\"@id\":\"https:\/\/kalinski.pl\/serwis\/#website\",\"url\":\"https:\/\/kalinski.pl\/serwis\/\",\"name\":\"Kali\u0144ski\",\"description\":\"Uk\u0142ady wydechowe\",\"publisher\":{\"@id\":\"https:\/\/kalinski.pl\/serwis\/#organization\"},\"potentialAction\":[{\"@type\":\"SearchAction\",\"target\":{\"@type\":\"EntryPoint\",\"urlTemplate\":\"https:\/\/kalinski.pl\/serwis\/?s={search_term_string}\"},\"query-input\":{\"@type\":\"PropertyValueSpecification\",\"valueRequired\":true,\"valueName\":\"search_term_string\"}}],\"inLanguage\":\"pl-PL\"},{\"@type\":\"Organization\",\"@id\":\"https:\/\/kalinski.pl\/serwis\/#organization\",\"name\":\"Kali\u0144ski\",\"url\":\"https:\/\/kalinski.pl\/serwis\/\",\"logo\":{\"@type\":\"ImageObject\",\"inLanguage\":\"pl-PL\",\"@id\":\"https:\/\/kalinski.pl\/serwis\/#\/schema\/logo\/image\/\",\"url\":\"https:\/\/kalinski.pl\/serwis\/wp-content\/uploads\/2019\/03\/cropped-logo_white.jpg\",\"contentUrl\":\"https:\/\/kalinski.pl\/serwis\/wp-content\/uploads\/2019\/03\/cropped-logo_white.jpg\",\"width\":240,\"height\":63,\"caption\":\"Kali\u0144ski\"},\"image\":{\"@id\":\"https:\/\/kalinski.pl\/serwis\/#\/schema\/logo\/image\/\"}}]}<\/script>\n<!-- \/ Yoast SEO plugin. -->","yoast_head_json":{"title":"Regeneracja katalizator\u00f3w i filtr\u00f3w DPF Ostr\u00f3w Wielkopolski | Kali\u0144ski","robots":{"index":"index","follow":"follow","max-snippet":"max-snippet:-1","max-image-preview":"max-image-preview:large","max-video-preview":"max-video-preview:-1"},"canonical":"https:\/\/kalinski.pl\/serwis\/regeneracja-katalizatorow-i-filtrow-dpf-ostrow-wielkopolski\/","og_locale":"pl_PL","og_type":"article","og_title":"Regeneracja katalizator\u00f3w i filtr\u00f3w DPF Ostr\u00f3w Wielkopolski | Kali\u0144ski","og_description":"Nier\u00f3wna praca silnika, problem z rozruchem, a tak\u017ce zmniejszone osi\u0105gi przy wi\u0119kszym poborze paliwa \u2013 te elementy mog\u0105 sygnalizowa\u0107, \u017ce konieczna jest regeneracja DPF. Ostr\u00f3w Wielkopolski to miasto, dla kt\u00f3rego mieszka\u0144c\u00f3w \u015bwiadczymy us\u0142ugi zdalne. Wystarczy, \u017ce zg\u0142osisz do nas sw\u00f3j problem, a nast\u0119pnie po dokonaniu transakcji prze\u015blesz filtr lub katalizator. Po jego otrzymaniu zweryfikujemy w &hellip; Czytaj dalej Regeneracja katalizator\u00f3w i filtr\u00f3w DPF Ostr\u00f3w Wielkopolski","og_url":"https:\/\/kalinski.pl\/serwis\/regeneracja-katalizatorow-i-filtrow-dpf-ostrow-wielkopolski\/","og_site_name":"Kali\u0144ski","article_modified_time":"2022-08-25T12:07:14+00:00","og_image":[{"url":"https:\/\/kalinski.pl\/wp-content\/uploads\/Filtry_Kalinski-1-1110x303.png","type":"","width":"","height":""}],"twitter_card":"summary_large_image","twitter_misc":{"Szacowany czas czytania":"2 minuty"},"schema":{"@context":"https:\/\/schema.org","@graph":[{"@type":"WebPage","@id":"https:\/\/kalinski.pl\/serwis\/regeneracja-katalizatorow-i-filtrow-dpf-ostrow-wielkopolski\/","url":"https:\/\/kalinski.pl\/serwis\/regeneracja-katalizatorow-i-filtrow-dpf-ostrow-wielkopolski\/","name":"Regeneracja katalizator\u00f3w i filtr\u00f3w DPF Ostr\u00f3w Wielkopolski | Kali\u0144ski","isPartOf":{"@id":"https:\/\/kalinski.pl\/serwis\/#website"},"primaryImageOfPage":{"@id":"https:\/\/kalinski.pl\/serwis\/regeneracja-katalizatorow-i-filtrow-dpf-ostrow-wielkopolski\/#primaryimage"},"image":{"@id":"https:\/\/kalinski.pl\/serwis\/regeneracja-katalizatorow-i-filtrow-dpf-ostrow-wielkopolski\/#primaryimage"},"thumbnailUrl":"https:\/\/kalinski.pl\/wp-content\/uploads\/Filtry_Kalinski-1-1110x303.png","datePublished":"2020-10-05T13:23:06+00:00","dateModified":"2022-08-25T12:07:14+00:00","breadcrumb":{"@id":"https:\/\/kalinski.pl\/serwis\/regeneracja-katalizatorow-i-filtrow-dpf-ostrow-wielkopolski\/#breadcrumb"},"inLanguage":"pl-PL","potentialAction":[{"@type":"ReadAction","target":["https:\/\/kalinski.pl\/serwis\/regeneracja-katalizatorow-i-filtrow-dpf-ostrow-wielkopolski\/"]}]},{"@type":"ImageObject","inLanguage":"pl-PL","@id":"https:\/\/kalinski.pl\/serwis\/regeneracja-katalizatorow-i-filtrow-dpf-ostrow-wielkopolski\/#primaryimage","url":"https:\/\/kalinski.pl\/wp-content\/uploads\/Filtry_Kalinski-1-1110x303.png","contentUrl":"https:\/\/kalinski.pl\/wp-content\/uploads\/Filtry_Kalinski-1-1110x303.png"},{"@type":"BreadcrumbList","@id":"https:\/\/kalinski.pl\/serwis\/regeneracja-katalizatorow-i-filtrow-dpf-ostrow-wielkopolski\/#breadcrumb","itemListElement":[{"@type":"ListItem","position":1,"name":"Strona g\u0142\u00f3wna","item":"https:\/\/kalinski.pl\/serwis\/"},{"@type":"ListItem","position":2,"name":"Regeneracja katalizator\u00f3w i filtr\u00f3w DPF Ostr\u00f3w Wielkopolski"}]},{"@type":"WebSite","@id":"https:\/\/kalinski.pl\/serwis\/#website","url":"https:\/\/kalinski.pl\/serwis\/","name":"Kali\u0144ski","description":"Uk\u0142ady wydechowe","publisher":{"@id":"https:\/\/kalinski.pl\/serwis\/#organization"},"potentialAction":[{"@type":"SearchAction","target":{"@type":"EntryPoint","urlTemplate":"https:\/\/kalinski.pl\/serwis\/?s={search_term_string}"},"query-input":{"@type":"PropertyValueSpecification","valueRequired":true,"valueName":"search_term_string"}}],"inLanguage":"pl-PL"},{"@type":"Organization","@id":"https:\/\/kalinski.pl\/serwis\/#organization","name":"Kali\u0144ski","url":"https:\/\/kalinski.pl\/serwis\/","logo":{"@type":"ImageObject","inLanguage":"pl-PL","@id":"https:\/\/kalinski.pl\/serwis\/#\/schema\/logo\/image\/","url":"https:\/\/kalinski.pl\/serwis\/wp-content\/uploads\/2019\/03\/cropped-logo_white.jpg","contentUrl":"https:\/\/kalinski.pl\/serwis\/wp-content\/uploads\/2019\/03\/cropped-logo_white.jpg","width":240,"height":63,"caption":"Kali\u0144ski"},"image":{"@id":"https:\/\/kalinski.pl\/serwis\/#\/schema\/logo\/image\/"}}]}},"_links":{"self":[{"href":"https:\/\/kalinski.pl\/serwis\/wp-json\/wp\/v2\/pages\/2443","targetHints":{"allow":["GET"]}}],"collection":[{"href":"https:\/\/kalinski.pl\/serwis\/wp-json\/wp\/v2\/pages"}],"about":[{"href":"https:\/\/kalinski.pl\/serwis\/wp-json\/wp\/v2\/types\/page"}],"author":[{"embeddable":true,"href":"https:\/\/kalinski.pl\/serwis\/wp-json\/wp\/v2\/users\/821794"}],"replies":[{"embeddable":true,"href":"https:\/\/kalinski.pl\/serwis\/wp-json\/wp\/v2\/comments?post=2443"}],"version-history":[{"count":3,"href":"https:\/\/kalinski.pl\/serwis\/wp-json\/wp\/v2\/pages\/2443\/revisions"}],"predecessor-version":[{"id":4062,"href":"https:\/\/kalinski.pl\/serwis\/wp-json\/wp\/v2\/pages\/2443\/revisions\/4062"}],"wp:attachment":[{"href":"https:\/\/kalinski.pl\/serwis\/wp-json\/wp\/v2\/media?parent=2443"}],"curies":[{"name":"wp","href":"https:\/\/api.w.org\/{rel}","templated":true}]}}