{"id":2310,"date":"2020-09-21T14:04:28","date_gmt":"2020-09-21T12:04:28","guid":{"rendered":"https:\/\/kalinski.pl\/?page_id=2310"},"modified":"2020-10-02T09:15:06","modified_gmt":"2020-10-02T07:15:06","slug":"regeneracja-katalizatorow-i-filtrow-dpf-legnica","status":"publish","type":"page","link":"https:\/\/kalinski.pl\/serwis\/regeneracja-katalizatorow-i-filtrow-dpf-legnica\/","title":{"rendered":"Regeneracja katalizator\u00f3w i filtr\u00f3w DPF Legnica"},"content":{"rendered":"\n<figure class=\"wp-block-image size-large\"><img fetchpriority=\"high\" decoding=\"async\" width=\"1110\" height=\"303\" src=\"https:\/\/kalinski.pl\/wp-content\/uploads\/Filtry_Kalinski-1-1110x303.png\" alt=\"\" class=\"wp-image-1568\"\/><\/figure>\n\n\n\n<p style=\"text-align:justify; margin-top:25px;\">Zdobyte na przestrzeni ostatnich lat bardzo du\u017ce do\u015bwiadczenie pozwala naszej firmie na zaoferowanie jako\u015bciowych us\u0142ug motoryzacyjnych. W ramach prowadzonych dzia\u0142a oferujemy prace, takie jak <strong>regeneracja, czyszczenie oraz wypalanie katalizator\u00f3w<\/strong>, a poza tym <strong>r\u00f3wnie\u017c regeneracja i czyszczenie filtr\u00f3w DPF<\/strong>. Legnica jest miastem, w kt\u00f3rym tego typu czynno\u015bci serwisowe ciesz\u0105 si\u0119 bardzo du\u017cym zainteresowaniem w\u015br\u00f3d klient\u00f3w, poniewa\u017c pozwalaj\u0105 zatroszczy\u0107 si\u0119 o samoch\u00f3d w taki spos\u00f3b, aby m\u00f3g\u0142 by\u0107 u\u017cytkowany nawet przez wiele lat bez jakichkolwiek awarii.<\/p>\n\n\n\n<h2 style=\"font-size:16px; text-align:center;\">Czym si\u0119 zajmujemy?<\/h2>\n\n\n\n<p style=\"text-align:justify; margin-top:25px;\">Oferta naszej firmy to <strong>mi\u0119dzy innymi czyszczenie filtra DPF oraz regeneracja katalizator\u00f3w<\/strong>. Powinna by\u0107 ona przeprowadzana przede wszystkim w przypadku stwierdzenia nier\u00f3wnej pracy silnika na biegu ja\u0142owym, zbyt wysokiego spalania czy te\u017c spadku mocy samochodu. W swojej pracy wykorzystujemy nowoczesne maszyny i urz\u0105dzenia, dzi\u0119ki czemu wszystkie realizowane czynno\u015bci mog\u0105 by\u0107 podejmowane z dba\u0142o\u015bci\u0105 o nawet najmniejszy szczeg\u00f3\u0142 realizacji. <strong>Czyszczenie katalizator\u00f3w<\/strong> odbywa si\u0119 zazwyczaj z wykorzystaniem metody hydrodynamicznej. Tego typu prace wymagaj\u0105 wymontowania ca\u0142ego katalizatora z auta, jednak kadra do\u015bwiadczonych pracownik\u00f3w sprawia, \u017ce jeste\u015bmy w stanie wykona\u0107 t\u0119 czynno\u015b\u0107 w niezwykle kr\u00f3tkim czasie.<\/p>\n\n\n\n<p style=\"text-align:justify; margin-top:25px;\">Poza wypalaniem i czyszczeniem katalizator\u00f3w zajmujemy si\u0119 tak\u017ce innymi pracami, jak na przyk\u0142ad <strong>regeneracja DPF<\/strong>. Zadaniem filtra DPF jest zatrzymywanie cz\u0105steczek sadzy oraz popio\u0142u, dzi\u0119ki czemu do atmosfery trafia jedynie niewielka cz\u0119\u015b\u0107 spalin. Zajmujemy si\u0119 nie tylko regeneracj\u0105 filtra DPF, poniewa\u017c w przypadku stwierdzenia powa\u017cniejszych usterek jeste\u015bmy w stanie zapewni\u0107 wymian\u0119 tego podzespo\u0142u na zupe\u0142nie nowy.<\/p>\n\n\n\n<p style=\"text-align:justify; margin-top:25px;\">Zapraszamy do zapoznania si\u0119 ze wszystkimi \u015bwiadczonymi przez nas us\u0142ugami oraz do wybrania najodpowiedniejszych rozwi\u0105za\u0144 dla swoich potrzeb. Przeprowadzone na przestrzeni lat liczne realizacje daj\u0105 nam pewno\u015b\u0107 sprostania oczekiwaniom nawet najbardziej wymagaj\u0105cych klient\u00f3w pod wzgl\u0119dem szybko\u015bci oraz dok\u0142adno\u015bci dzia\u0142ania.<\/p>\n\n\n\n<div class=\"wp-block-columns is-layout-flex wp-container-core-columns-is-layout-1 wp-block-columns-is-layout-flex\">\n<div class=\"wp-block-column is-layout-flow wp-block-column-is-layout-flow\">\n<p><strong>Kali\u0144ski<\/strong><\/p>\n\n\n\n<p>ul. Szamotulska 40<\/p>\n\n\n\n<p>62-081 Chyby \/ Pozna\u0144<\/p>\n\n\n\n<p><strong>Sklep internetowy<\/strong><\/p>\n\n\n\n<p><a href=\"tel:0048691545545\">+48 691 545 545<\/a><\/p>\n\n\n\n<p><a href=\"javascript:;\">sklep@kalinski.pl<\/a><\/p>\n\n\n\n<p><strong>Serwis stacjonarny<\/strong><\/p>\n\n\n\n<p><a href=\"tel:004861 8142777\">+48 61 814 27 77<\/a><\/p>\n\n\n\n<p><a>serwis@kalinski.pl<\/a><\/p>\n<\/div>\n\n\n\n<div class=\"wp-block-column is-layout-flow wp-block-column-is-layout-flow\">\n[contact-form-7 id=&#8221;2271&#8243; title=&#8221;Formularz 1_copy&#8221;]\n<\/div>\n<\/div>\n\n\n\n\n\n<iframe src=\"https:\/\/www.google.com\/maps\/embed?pb=!1m14!1m8!1m3!1d2891.0189752303836!2d16.761502335364135!3d52.46016731732493!3m2!1i1024!2i768!4f13.1!3m3!1m2!1s0x470441321c9562cb%3A0xee0284f60b138572!2sSzamotulska%2040%2C%2062-081%20Chyby!5e0!3m2!1spl!2spl!4v1599035144301!5m2!1spl!2spl\" style=\"border:0;\" allowfullscreen=\"\" aria-hidden=\"false\" tabindex=\"0\" width=\"100%\" height=\"450\" frameborder=\"0\"><\/iframe>\n","protected":false},"excerpt":{"rendered":"<p>Zdobyte na przestrzeni ostatnich lat bardzo du\u017ce do\u015bwiadczenie pozwala naszej firmie na zaoferowanie jako\u015bciowych us\u0142ug motoryzacyjnych. W ramach prowadzonych dzia\u0142a oferujemy prace, takie jak regeneracja, czyszczenie oraz wypalanie katalizator\u00f3w, a poza tym r\u00f3wnie\u017c regeneracja i czyszczenie filtr\u00f3w DPF. Legnica jest miastem, w kt\u00f3rym tego typu czynno\u015bci serwisowe ciesz\u0105 si\u0119 bardzo du\u017cym zainteresowaniem w\u015br\u00f3d klient\u00f3w, poniewa\u017c &hellip; <a href=\"https:\/\/kalinski.pl\/serwis\/regeneracja-katalizatorow-i-filtrow-dpf-legnica\/\" class=\"more-link\">Czytaj dalej<span class=\"screen-reader-text\"> Regeneracja katalizator\u00f3w i filtr\u00f3w DPF Legnica<\/span><\/a><\/p>\n","protected":false},"author":821794,"featured_media":0,"parent":0,"menu_order":0,"comment_status":"closed","ping_status":"closed","template":"","meta":{"footnotes":""},"class_list":["post-2310","page","type-page","status-publish","hentry"],"yoast_head":"<!-- This site is optimized with the Yoast SEO plugin v26.7 - https:\/\/yoast.com\/wordpress\/plugins\/seo\/ -->\n<title>Regeneracja katalizator\u00f3w i filtr\u00f3w DPF Legnica | Kali\u0144ski<\/title>\n<meta name=\"robots\" content=\"index, follow, max-snippet:-1, max-image-preview:large, max-video-preview:-1\" \/>\n<link rel=\"canonical\" href=\"https:\/\/kalinski.pl\/serwis\/regeneracja-katalizatorow-i-filtrow-dpf-legnica\/\" \/>\n<meta property=\"og:locale\" content=\"pl_PL\" \/>\n<meta property=\"og:type\" content=\"article\" \/>\n<meta property=\"og:title\" content=\"Regeneracja katalizator\u00f3w i filtr\u00f3w DPF Legnica | Kali\u0144ski\" \/>\n<meta property=\"og:description\" content=\"Zdobyte na przestrzeni ostatnich lat bardzo du\u017ce do\u015bwiadczenie pozwala naszej firmie na zaoferowanie jako\u015bciowych us\u0142ug motoryzacyjnych. W ramach prowadzonych dzia\u0142a oferujemy prace, takie jak regeneracja, czyszczenie oraz wypalanie katalizator\u00f3w, a poza tym r\u00f3wnie\u017c regeneracja i czyszczenie filtr\u00f3w DPF. Legnica jest miastem, w kt\u00f3rym tego typu czynno\u015bci serwisowe ciesz\u0105 si\u0119 bardzo du\u017cym zainteresowaniem w\u015br\u00f3d klient\u00f3w, poniewa\u017c &hellip; Czytaj dalej Regeneracja katalizator\u00f3w i filtr\u00f3w DPF Legnica\" \/>\n<meta property=\"og:url\" content=\"https:\/\/kalinski.pl\/serwis\/regeneracja-katalizatorow-i-filtrow-dpf-legnica\/\" \/>\n<meta property=\"og:site_name\" content=\"Kali\u0144ski\" \/>\n<meta property=\"article:modified_time\" content=\"2020-10-02T07:15:06+00:00\" \/>\n<meta property=\"og:image\" content=\"https:\/\/kalinski.pl\/wp-content\/uploads\/Filtry_Kalinski-1-1110x303.png\" \/>\n<meta name=\"twitter:card\" content=\"summary_large_image\" \/>\n<meta name=\"twitter:label1\" content=\"Szacowany czas czytania\" \/>\n\t<meta name=\"twitter:data1\" content=\"2 minuty\" \/>\n<script type=\"application\/ld+json\" class=\"yoast-schema-graph\">{\"@context\":\"https:\/\/schema.org\",\"@graph\":[{\"@type\":\"WebPage\",\"@id\":\"https:\/\/kalinski.pl\/serwis\/regeneracja-katalizatorow-i-filtrow-dpf-legnica\/\",\"url\":\"https:\/\/kalinski.pl\/serwis\/regeneracja-katalizatorow-i-filtrow-dpf-legnica\/\",\"name\":\"Regeneracja katalizator\u00f3w i filtr\u00f3w DPF Legnica | Kali\u0144ski\",\"isPartOf\":{\"@id\":\"https:\/\/kalinski.pl\/serwis\/#website\"},\"primaryImageOfPage\":{\"@id\":\"https:\/\/kalinski.pl\/serwis\/regeneracja-katalizatorow-i-filtrow-dpf-legnica\/#primaryimage\"},\"image\":{\"@id\":\"https:\/\/kalinski.pl\/serwis\/regeneracja-katalizatorow-i-filtrow-dpf-legnica\/#primaryimage\"},\"thumbnailUrl\":\"https:\/\/kalinski.pl\/wp-content\/uploads\/Filtry_Kalinski-1-1110x303.png\",\"datePublished\":\"2020-09-21T12:04:28+00:00\",\"dateModified\":\"2020-10-02T07:15:06+00:00\",\"breadcrumb\":{\"@id\":\"https:\/\/kalinski.pl\/serwis\/regeneracja-katalizatorow-i-filtrow-dpf-legnica\/#breadcrumb\"},\"inLanguage\":\"pl-PL\",\"potentialAction\":[{\"@type\":\"ReadAction\",\"target\":[\"https:\/\/kalinski.pl\/serwis\/regeneracja-katalizatorow-i-filtrow-dpf-legnica\/\"]}]},{\"@type\":\"ImageObject\",\"inLanguage\":\"pl-PL\",\"@id\":\"https:\/\/kalinski.pl\/serwis\/regeneracja-katalizatorow-i-filtrow-dpf-legnica\/#primaryimage\",\"url\":\"https:\/\/kalinski.pl\/wp-content\/uploads\/Filtry_Kalinski-1-1110x303.png\",\"contentUrl\":\"https:\/\/kalinski.pl\/wp-content\/uploads\/Filtry_Kalinski-1-1110x303.png\"},{\"@type\":\"BreadcrumbList\",\"@id\":\"https:\/\/kalinski.pl\/serwis\/regeneracja-katalizatorow-i-filtrow-dpf-legnica\/#breadcrumb\",\"itemListElement\":[{\"@type\":\"ListItem\",\"position\":1,\"name\":\"Strona g\u0142\u00f3wna\",\"item\":\"https:\/\/kalinski.pl\/serwis\/\"},{\"@type\":\"ListItem\",\"position\":2,\"name\":\"Regeneracja katalizator\u00f3w i filtr\u00f3w DPF Legnica\"}]},{\"@type\":\"WebSite\",\"@id\":\"https:\/\/kalinski.pl\/serwis\/#website\",\"url\":\"https:\/\/kalinski.pl\/serwis\/\",\"name\":\"Kali\u0144ski\",\"description\":\"Uk\u0142ady wydechowe\",\"publisher\":{\"@id\":\"https:\/\/kalinski.pl\/serwis\/#organization\"},\"potentialAction\":[{\"@type\":\"SearchAction\",\"target\":{\"@type\":\"EntryPoint\",\"urlTemplate\":\"https:\/\/kalinski.pl\/serwis\/?s={search_term_string}\"},\"query-input\":{\"@type\":\"PropertyValueSpecification\",\"valueRequired\":true,\"valueName\":\"search_term_string\"}}],\"inLanguage\":\"pl-PL\"},{\"@type\":\"Organization\",\"@id\":\"https:\/\/kalinski.pl\/serwis\/#organization\",\"name\":\"Kali\u0144ski\",\"url\":\"https:\/\/kalinski.pl\/serwis\/\",\"logo\":{\"@type\":\"ImageObject\",\"inLanguage\":\"pl-PL\",\"@id\":\"https:\/\/kalinski.pl\/serwis\/#\/schema\/logo\/image\/\",\"url\":\"https:\/\/kalinski.pl\/serwis\/wp-content\/uploads\/2019\/03\/cropped-logo_white.jpg\",\"contentUrl\":\"https:\/\/kalinski.pl\/serwis\/wp-content\/uploads\/2019\/03\/cropped-logo_white.jpg\",\"width\":240,\"height\":63,\"caption\":\"Kali\u0144ski\"},\"image\":{\"@id\":\"https:\/\/kalinski.pl\/serwis\/#\/schema\/logo\/image\/\"}}]}<\/script>\n<!-- \/ Yoast SEO plugin. -->","yoast_head_json":{"title":"Regeneracja katalizator\u00f3w i filtr\u00f3w DPF Legnica | Kali\u0144ski","robots":{"index":"index","follow":"follow","max-snippet":"max-snippet:-1","max-image-preview":"max-image-preview:large","max-video-preview":"max-video-preview:-1"},"canonical":"https:\/\/kalinski.pl\/serwis\/regeneracja-katalizatorow-i-filtrow-dpf-legnica\/","og_locale":"pl_PL","og_type":"article","og_title":"Regeneracja katalizator\u00f3w i filtr\u00f3w DPF Legnica | Kali\u0144ski","og_description":"Zdobyte na przestrzeni ostatnich lat bardzo du\u017ce do\u015bwiadczenie pozwala naszej firmie na zaoferowanie jako\u015bciowych us\u0142ug motoryzacyjnych. W ramach prowadzonych dzia\u0142a oferujemy prace, takie jak regeneracja, czyszczenie oraz wypalanie katalizator\u00f3w, a poza tym r\u00f3wnie\u017c regeneracja i czyszczenie filtr\u00f3w DPF. Legnica jest miastem, w kt\u00f3rym tego typu czynno\u015bci serwisowe ciesz\u0105 si\u0119 bardzo du\u017cym zainteresowaniem w\u015br\u00f3d klient\u00f3w, poniewa\u017c &hellip; Czytaj dalej Regeneracja katalizator\u00f3w i filtr\u00f3w DPF Legnica","og_url":"https:\/\/kalinski.pl\/serwis\/regeneracja-katalizatorow-i-filtrow-dpf-legnica\/","og_site_name":"Kali\u0144ski","article_modified_time":"2020-10-02T07:15:06+00:00","og_image":[{"url":"https:\/\/kalinski.pl\/wp-content\/uploads\/Filtry_Kalinski-1-1110x303.png","type":"","width":"","height":""}],"twitter_card":"summary_large_image","twitter_misc":{"Szacowany czas czytania":"2 minuty"},"schema":{"@context":"https:\/\/schema.org","@graph":[{"@type":"WebPage","@id":"https:\/\/kalinski.pl\/serwis\/regeneracja-katalizatorow-i-filtrow-dpf-legnica\/","url":"https:\/\/kalinski.pl\/serwis\/regeneracja-katalizatorow-i-filtrow-dpf-legnica\/","name":"Regeneracja katalizator\u00f3w i filtr\u00f3w DPF Legnica | Kali\u0144ski","isPartOf":{"@id":"https:\/\/kalinski.pl\/serwis\/#website"},"primaryImageOfPage":{"@id":"https:\/\/kalinski.pl\/serwis\/regeneracja-katalizatorow-i-filtrow-dpf-legnica\/#primaryimage"},"image":{"@id":"https:\/\/kalinski.pl\/serwis\/regeneracja-katalizatorow-i-filtrow-dpf-legnica\/#primaryimage"},"thumbnailUrl":"https:\/\/kalinski.pl\/wp-content\/uploads\/Filtry_Kalinski-1-1110x303.png","datePublished":"2020-09-21T12:04:28+00:00","dateModified":"2020-10-02T07:15:06+00:00","breadcrumb":{"@id":"https:\/\/kalinski.pl\/serwis\/regeneracja-katalizatorow-i-filtrow-dpf-legnica\/#breadcrumb"},"inLanguage":"pl-PL","potentialAction":[{"@type":"ReadAction","target":["https:\/\/kalinski.pl\/serwis\/regeneracja-katalizatorow-i-filtrow-dpf-legnica\/"]}]},{"@type":"ImageObject","inLanguage":"pl-PL","@id":"https:\/\/kalinski.pl\/serwis\/regeneracja-katalizatorow-i-filtrow-dpf-legnica\/#primaryimage","url":"https:\/\/kalinski.pl\/wp-content\/uploads\/Filtry_Kalinski-1-1110x303.png","contentUrl":"https:\/\/kalinski.pl\/wp-content\/uploads\/Filtry_Kalinski-1-1110x303.png"},{"@type":"BreadcrumbList","@id":"https:\/\/kalinski.pl\/serwis\/regeneracja-katalizatorow-i-filtrow-dpf-legnica\/#breadcrumb","itemListElement":[{"@type":"ListItem","position":1,"name":"Strona g\u0142\u00f3wna","item":"https:\/\/kalinski.pl\/serwis\/"},{"@type":"ListItem","position":2,"name":"Regeneracja katalizator\u00f3w i filtr\u00f3w DPF Legnica"}]},{"@type":"WebSite","@id":"https:\/\/kalinski.pl\/serwis\/#website","url":"https:\/\/kalinski.pl\/serwis\/","name":"Kali\u0144ski","description":"Uk\u0142ady wydechowe","publisher":{"@id":"https:\/\/kalinski.pl\/serwis\/#organization"},"potentialAction":[{"@type":"SearchAction","target":{"@type":"EntryPoint","urlTemplate":"https:\/\/kalinski.pl\/serwis\/?s={search_term_string}"},"query-input":{"@type":"PropertyValueSpecification","valueRequired":true,"valueName":"search_term_string"}}],"inLanguage":"pl-PL"},{"@type":"Organization","@id":"https:\/\/kalinski.pl\/serwis\/#organization","name":"Kali\u0144ski","url":"https:\/\/kalinski.pl\/serwis\/","logo":{"@type":"ImageObject","inLanguage":"pl-PL","@id":"https:\/\/kalinski.pl\/serwis\/#\/schema\/logo\/image\/","url":"https:\/\/kalinski.pl\/serwis\/wp-content\/uploads\/2019\/03\/cropped-logo_white.jpg","contentUrl":"https:\/\/kalinski.pl\/serwis\/wp-content\/uploads\/2019\/03\/cropped-logo_white.jpg","width":240,"height":63,"caption":"Kali\u0144ski"},"image":{"@id":"https:\/\/kalinski.pl\/serwis\/#\/schema\/logo\/image\/"}}]}},"_links":{"self":[{"href":"https:\/\/kalinski.pl\/serwis\/wp-json\/wp\/v2\/pages\/2310","targetHints":{"allow":["GET"]}}],"collection":[{"href":"https:\/\/kalinski.pl\/serwis\/wp-json\/wp\/v2\/pages"}],"about":[{"href":"https:\/\/kalinski.pl\/serwis\/wp-json\/wp\/v2\/types\/page"}],"author":[{"embeddable":true,"href":"https:\/\/kalinski.pl\/serwis\/wp-json\/wp\/v2\/users\/821794"}],"replies":[{"embeddable":true,"href":"https:\/\/kalinski.pl\/serwis\/wp-json\/wp\/v2\/comments?post=2310"}],"version-history":[{"count":0,"href":"https:\/\/kalinski.pl\/serwis\/wp-json\/wp\/v2\/pages\/2310\/revisions"}],"wp:attachment":[{"href":"https:\/\/kalinski.pl\/serwis\/wp-json\/wp\/v2\/media?parent=2310"}],"curies":[{"name":"wp","href":"https:\/\/api.w.org\/{rel}","templated":true}]}}