{"id":2304,"date":"2020-09-21T13:48:58","date_gmt":"2020-09-21T11:48:58","guid":{"rendered":"https:\/\/kalinski.pl\/?page_id=2304"},"modified":"2020-10-02T09:20:52","modified_gmt":"2020-10-02T07:20:52","slug":"regeneracja-katalizatorow-i-filtrow-dpf-rybnik","status":"publish","type":"page","link":"https:\/\/kalinski.pl\/serwis\/regeneracja-katalizatorow-i-filtrow-dpf-rybnik\/","title":{"rendered":"Regeneracja katalizator\u00f3w i filtr\u00f3w DPF Rybnik"},"content":{"rendered":"\n<figure class=\"wp-block-image size-large\"><img fetchpriority=\"high\" decoding=\"async\" width=\"1110\" height=\"303\" src=\"https:\/\/kalinski.pl\/wp-content\/uploads\/Filtry_Kalinski-1-1110x303.png\" alt=\"\" class=\"wp-image-1568\"\/><\/figure>\n\n\n\n<p style=\"margin-top: 25px; text-align: justify;\">Zdobyte na przestrzeni ostatnich lat bardzo du\u017ce do\u015bwiadczenie pozwala naszej firmie na zaoferowanie jako\u015bciowych us\u0142ug zwi\u0105zanych z serwisem r\u00f3\u017cnego rodzaju pojazd\u00f3w. Nasza propozycja to <strong>mi\u0119dzy innymi regeneracja, czyszczenie oraz wypalanie katalizator\u00f3w, a tak\u017ce regeneracja i czyszczenie filtr\u00f3w DPF<\/strong>. Oferowane us\u0142ugi s\u0105 realizowane przez bardzo do\u015bwiadczonych pracownik\u00f3w, co daje pewno\u015b\u0107 jako\u015bci podejmowanych dzia\u0142a\u0144.<\/p>\n\n\n\n<h2 style=\"font-size:16px; text-align:center;\">Szeroka oferta firmy<\/h2>\n\n\n\n<p style=\"text-align: justify;\">W ramach prowadzonych dzia\u0142a\u0144 oferujemy prace, takie jak <strong>czyszczenie filtr\u00f3w DPF<\/strong>. Filtr cz\u0105stek sta\u0142ych odpowiada w g\u0142\u00f3wnej mierze za eliminacj\u0119 drobinek popio\u0142u oraz sadzy ze spalin. Filtr DPF jest bardzo wa\u017cnym elementem uk\u0142adu wydechowego, dlatego w czasie prac serwisowych wymaga po\u015bwi\u0119cenia mu du\u017cej uwagi. Przeprowadzamy nie tylko regeneracj\u0119 pasywn\u0105, ale i aktywn\u0105.<\/p>\n\n\n\n<p style=\"text-align: justify;\">Jedn\u0105 z najcz\u0119\u015bciej podejmowanych przez nas napraw jest regeneracja katalizator\u00f3w. Rybnik jest miejscem, w kt\u00f3rym przeprowadzili\u015bmy ju\u017c wiele tego typu czynno\u015bci. Polegaj\u0105 one przede wszystkim na demonta\u017cu katalizatora oraz jego oczyszczeniu profesjonaln\u0105 metod\u0105 hydrodynamiczn\u0105. <strong>Czyszczenie katalizator\u00f3w<\/strong> metod\u0105 domow\u0105 jest nieop\u0142acalne, poniewa\u017c tego typu prace bardzo rzadko przynosz\u0105 jakiekolwiek efekty.<\/p>\n\n\n\n<p style=\"text-align: justify;\">Poza serwisem katalizator\u00f3w, inn\u0105 czynno\u015bci\u0105, jak\u0105 oferujemy w ramach prowadzonych przez nas dzia\u0142a\u0144 jest <strong>regeneracja DPF<\/strong>. Jedn\u0105 z metod wykonywania tej czynno\u015bci jest wykorzystanie fal ultrad\u017awi\u0119kowych. Jest to bardzo skuteczne dzia\u0142anie, jednak mo\u017cliwe do wykorzystania tylko w przypadku wybranych modeli filtr\u00f3w DPF. Przeprowadzane czynno\u015bci serwisowe mog\u0105 sprawi\u0107, \u017ce zakup nowej cz\u0119\u015bci nie b\u0119dzie ju\u017c konieczny. Oferowany przez nas serwis cz\u0119\u015bci motoryzacyjnych jest realizowany z wykorzystaniem nowoczesnych urz\u0105dze\u0144, co daje pewno\u015b\u0107 spe\u0142nienia oczekiwa\u0144 ka\u017cdego z klient\u00f3w.<\/p>\n\n\n\n<p style=\"text-align: justify;\">Zapraszamy do zapoznania ze wszystkimi oferowanymi przez nas pracami serwisowymi oraz do wybrania najw\u0142a\u015bciwszej us\u0142ugi dla swoich potrzeb. W ramach prowadzonych dzia\u0142a\u0144 oferujemy obs\u0142ug\u0119 nie tylko samochod\u00f3w osobowych, ale r\u00f3wnie\u017c ci\u0119\u017carowych, motocykli oraz maszyn rolniczych.<\/p>\n\n\n\n<div class=\"wp-block-columns is-layout-flex wp-container-core-columns-is-layout-1 wp-block-columns-is-layout-flex\">\n<div class=\"wp-block-column is-layout-flow wp-block-column-is-layout-flow\">\n<p><strong>Kali\u0144ski<\/strong><\/p>\n\n\n\n<p>ul. Szamotulska 40<\/p>\n\n\n\n<p>62-081 Chyby \/ Pozna\u0144<\/p>\n\n\n\n<p><strong>Sklep internetowy<\/strong><\/p>\n\n\n\n<p><a href=\"tel:0048691545545\">+48 691 545 545<\/a><\/p>\n\n\n\n<p><a>sklep@kalinski.pl<\/a><\/p>\n\n\n\n<p><strong>Serwis stacjonarny<\/strong><\/p>\n\n\n\n<p><a href=\"tel:004861 8142777\">+48 61 814 27 77<\/a><\/p>\n\n\n\n<p><a>serwis@kalinski.pl<\/a><\/p>\n<\/div>\n\n\n\n<div class=\"wp-block-column is-layout-flow wp-block-column-is-layout-flow\">\n[contact-form-7 id=&#8221;2271&#8243; title=&#8221;Formularz 1_copy&#8221;]\n<\/div>\n<\/div>\n\n\n\n\n\n<iframe src=\"https:\/\/www.google.com\/maps\/embed?pb=!1m14!1m8!1m3!1d2891.0189752303836!2d16.761502335364135!3d52.46016731732493!3m2!1i1024!2i768!4f13.1!3m3!1m2!1s0x470441321c9562cb%3A0xee0284f60b138572!2sSzamotulska%2040%2C%2062-081%20Chyby!5e0!3m2!1spl!2spl!4v1599035144301!5m2!1spl!2spl\" style=\"border:0;\" allowfullscreen=\"\" aria-hidden=\"false\" tabindex=\"0\" width=\"100%\" height=\"450\" frameborder=\"0\"><\/iframe>\n","protected":false},"excerpt":{"rendered":"<p>Zdobyte na przestrzeni ostatnich lat bardzo du\u017ce do\u015bwiadczenie pozwala naszej firmie na zaoferowanie jako\u015bciowych us\u0142ug zwi\u0105zanych z serwisem r\u00f3\u017cnego rodzaju pojazd\u00f3w. Nasza propozycja to mi\u0119dzy innymi regeneracja, czyszczenie oraz wypalanie katalizator\u00f3w, a tak\u017ce regeneracja i czyszczenie filtr\u00f3w DPF. Oferowane us\u0142ugi s\u0105 realizowane przez bardzo do\u015bwiadczonych pracownik\u00f3w, co daje pewno\u015b\u0107 jako\u015bci podejmowanych dzia\u0142a\u0144. Szeroka oferta firmy &hellip; <a href=\"https:\/\/kalinski.pl\/serwis\/regeneracja-katalizatorow-i-filtrow-dpf-rybnik\/\" class=\"more-link\">Czytaj dalej<span class=\"screen-reader-text\"> Regeneracja katalizator\u00f3w i filtr\u00f3w DPF Rybnik<\/span><\/a><\/p>\n","protected":false},"author":821794,"featured_media":0,"parent":0,"menu_order":0,"comment_status":"closed","ping_status":"closed","template":"","meta":{"footnotes":""},"class_list":["post-2304","page","type-page","status-publish","hentry"],"yoast_head":"<!-- This site is optimized with the Yoast SEO plugin v26.7 - https:\/\/yoast.com\/wordpress\/plugins\/seo\/ -->\n<title>Regeneracja katalizator\u00f3w i filtr\u00f3w DPF Rybnik | Kali\u0144ski<\/title>\n<meta name=\"robots\" content=\"index, follow, max-snippet:-1, max-image-preview:large, max-video-preview:-1\" \/>\n<link rel=\"canonical\" href=\"https:\/\/kalinski.pl\/serwis\/regeneracja-katalizatorow-i-filtrow-dpf-rybnik\/\" \/>\n<meta property=\"og:locale\" content=\"pl_PL\" \/>\n<meta property=\"og:type\" content=\"article\" \/>\n<meta property=\"og:title\" content=\"Regeneracja katalizator\u00f3w i filtr\u00f3w DPF Rybnik | Kali\u0144ski\" \/>\n<meta property=\"og:description\" content=\"Zdobyte na przestrzeni ostatnich lat bardzo du\u017ce do\u015bwiadczenie pozwala naszej firmie na zaoferowanie jako\u015bciowych us\u0142ug zwi\u0105zanych z serwisem r\u00f3\u017cnego rodzaju pojazd\u00f3w. Nasza propozycja to mi\u0119dzy innymi regeneracja, czyszczenie oraz wypalanie katalizator\u00f3w, a tak\u017ce regeneracja i czyszczenie filtr\u00f3w DPF. Oferowane us\u0142ugi s\u0105 realizowane przez bardzo do\u015bwiadczonych pracownik\u00f3w, co daje pewno\u015b\u0107 jako\u015bci podejmowanych dzia\u0142a\u0144. Szeroka oferta firmy &hellip; Czytaj dalej Regeneracja katalizator\u00f3w i filtr\u00f3w DPF Rybnik\" \/>\n<meta property=\"og:url\" content=\"https:\/\/kalinski.pl\/serwis\/regeneracja-katalizatorow-i-filtrow-dpf-rybnik\/\" \/>\n<meta property=\"og:site_name\" content=\"Kali\u0144ski\" \/>\n<meta property=\"article:modified_time\" content=\"2020-10-02T07:20:52+00:00\" \/>\n<meta property=\"og:image\" content=\"https:\/\/kalinski.pl\/wp-content\/uploads\/Filtry_Kalinski-1-1110x303.png\" \/>\n<meta name=\"twitter:card\" content=\"summary_large_image\" \/>\n<meta name=\"twitter:label1\" content=\"Szacowany czas czytania\" \/>\n\t<meta name=\"twitter:data1\" content=\"2 minuty\" \/>\n<script type=\"application\/ld+json\" class=\"yoast-schema-graph\">{\"@context\":\"https:\/\/schema.org\",\"@graph\":[{\"@type\":\"WebPage\",\"@id\":\"https:\/\/kalinski.pl\/serwis\/regeneracja-katalizatorow-i-filtrow-dpf-rybnik\/\",\"url\":\"https:\/\/kalinski.pl\/serwis\/regeneracja-katalizatorow-i-filtrow-dpf-rybnik\/\",\"name\":\"Regeneracja katalizator\u00f3w i filtr\u00f3w DPF Rybnik | Kali\u0144ski\",\"isPartOf\":{\"@id\":\"https:\/\/kalinski.pl\/serwis\/#website\"},\"primaryImageOfPage\":{\"@id\":\"https:\/\/kalinski.pl\/serwis\/regeneracja-katalizatorow-i-filtrow-dpf-rybnik\/#primaryimage\"},\"image\":{\"@id\":\"https:\/\/kalinski.pl\/serwis\/regeneracja-katalizatorow-i-filtrow-dpf-rybnik\/#primaryimage\"},\"thumbnailUrl\":\"https:\/\/kalinski.pl\/wp-content\/uploads\/Filtry_Kalinski-1-1110x303.png\",\"datePublished\":\"2020-09-21T11:48:58+00:00\",\"dateModified\":\"2020-10-02T07:20:52+00:00\",\"breadcrumb\":{\"@id\":\"https:\/\/kalinski.pl\/serwis\/regeneracja-katalizatorow-i-filtrow-dpf-rybnik\/#breadcrumb\"},\"inLanguage\":\"pl-PL\",\"potentialAction\":[{\"@type\":\"ReadAction\",\"target\":[\"https:\/\/kalinski.pl\/serwis\/regeneracja-katalizatorow-i-filtrow-dpf-rybnik\/\"]}]},{\"@type\":\"ImageObject\",\"inLanguage\":\"pl-PL\",\"@id\":\"https:\/\/kalinski.pl\/serwis\/regeneracja-katalizatorow-i-filtrow-dpf-rybnik\/#primaryimage\",\"url\":\"https:\/\/kalinski.pl\/wp-content\/uploads\/Filtry_Kalinski-1-1110x303.png\",\"contentUrl\":\"https:\/\/kalinski.pl\/wp-content\/uploads\/Filtry_Kalinski-1-1110x303.png\"},{\"@type\":\"BreadcrumbList\",\"@id\":\"https:\/\/kalinski.pl\/serwis\/regeneracja-katalizatorow-i-filtrow-dpf-rybnik\/#breadcrumb\",\"itemListElement\":[{\"@type\":\"ListItem\",\"position\":1,\"name\":\"Strona g\u0142\u00f3wna\",\"item\":\"https:\/\/kalinski.pl\/serwis\/\"},{\"@type\":\"ListItem\",\"position\":2,\"name\":\"Regeneracja katalizator\u00f3w i filtr\u00f3w DPF Rybnik\"}]},{\"@type\":\"WebSite\",\"@id\":\"https:\/\/kalinski.pl\/serwis\/#website\",\"url\":\"https:\/\/kalinski.pl\/serwis\/\",\"name\":\"Kali\u0144ski\",\"description\":\"Uk\u0142ady wydechowe\",\"publisher\":{\"@id\":\"https:\/\/kalinski.pl\/serwis\/#organization\"},\"potentialAction\":[{\"@type\":\"SearchAction\",\"target\":{\"@type\":\"EntryPoint\",\"urlTemplate\":\"https:\/\/kalinski.pl\/serwis\/?s={search_term_string}\"},\"query-input\":{\"@type\":\"PropertyValueSpecification\",\"valueRequired\":true,\"valueName\":\"search_term_string\"}}],\"inLanguage\":\"pl-PL\"},{\"@type\":\"Organization\",\"@id\":\"https:\/\/kalinski.pl\/serwis\/#organization\",\"name\":\"Kali\u0144ski\",\"url\":\"https:\/\/kalinski.pl\/serwis\/\",\"logo\":{\"@type\":\"ImageObject\",\"inLanguage\":\"pl-PL\",\"@id\":\"https:\/\/kalinski.pl\/serwis\/#\/schema\/logo\/image\/\",\"url\":\"https:\/\/kalinski.pl\/serwis\/wp-content\/uploads\/2019\/03\/cropped-logo_white.jpg\",\"contentUrl\":\"https:\/\/kalinski.pl\/serwis\/wp-content\/uploads\/2019\/03\/cropped-logo_white.jpg\",\"width\":240,\"height\":63,\"caption\":\"Kali\u0144ski\"},\"image\":{\"@id\":\"https:\/\/kalinski.pl\/serwis\/#\/schema\/logo\/image\/\"}}]}<\/script>\n<!-- \/ Yoast SEO plugin. -->","yoast_head_json":{"title":"Regeneracja katalizator\u00f3w i filtr\u00f3w DPF Rybnik | Kali\u0144ski","robots":{"index":"index","follow":"follow","max-snippet":"max-snippet:-1","max-image-preview":"max-image-preview:large","max-video-preview":"max-video-preview:-1"},"canonical":"https:\/\/kalinski.pl\/serwis\/regeneracja-katalizatorow-i-filtrow-dpf-rybnik\/","og_locale":"pl_PL","og_type":"article","og_title":"Regeneracja katalizator\u00f3w i filtr\u00f3w DPF Rybnik | Kali\u0144ski","og_description":"Zdobyte na przestrzeni ostatnich lat bardzo du\u017ce do\u015bwiadczenie pozwala naszej firmie na zaoferowanie jako\u015bciowych us\u0142ug zwi\u0105zanych z serwisem r\u00f3\u017cnego rodzaju pojazd\u00f3w. Nasza propozycja to mi\u0119dzy innymi regeneracja, czyszczenie oraz wypalanie katalizator\u00f3w, a tak\u017ce regeneracja i czyszczenie filtr\u00f3w DPF. Oferowane us\u0142ugi s\u0105 realizowane przez bardzo do\u015bwiadczonych pracownik\u00f3w, co daje pewno\u015b\u0107 jako\u015bci podejmowanych dzia\u0142a\u0144. Szeroka oferta firmy &hellip; Czytaj dalej Regeneracja katalizator\u00f3w i filtr\u00f3w DPF Rybnik","og_url":"https:\/\/kalinski.pl\/serwis\/regeneracja-katalizatorow-i-filtrow-dpf-rybnik\/","og_site_name":"Kali\u0144ski","article_modified_time":"2020-10-02T07:20:52+00:00","og_image":[{"url":"https:\/\/kalinski.pl\/wp-content\/uploads\/Filtry_Kalinski-1-1110x303.png","type":"","width":"","height":""}],"twitter_card":"summary_large_image","twitter_misc":{"Szacowany czas czytania":"2 minuty"},"schema":{"@context":"https:\/\/schema.org","@graph":[{"@type":"WebPage","@id":"https:\/\/kalinski.pl\/serwis\/regeneracja-katalizatorow-i-filtrow-dpf-rybnik\/","url":"https:\/\/kalinski.pl\/serwis\/regeneracja-katalizatorow-i-filtrow-dpf-rybnik\/","name":"Regeneracja katalizator\u00f3w i filtr\u00f3w DPF Rybnik | Kali\u0144ski","isPartOf":{"@id":"https:\/\/kalinski.pl\/serwis\/#website"},"primaryImageOfPage":{"@id":"https:\/\/kalinski.pl\/serwis\/regeneracja-katalizatorow-i-filtrow-dpf-rybnik\/#primaryimage"},"image":{"@id":"https:\/\/kalinski.pl\/serwis\/regeneracja-katalizatorow-i-filtrow-dpf-rybnik\/#primaryimage"},"thumbnailUrl":"https:\/\/kalinski.pl\/wp-content\/uploads\/Filtry_Kalinski-1-1110x303.png","datePublished":"2020-09-21T11:48:58+00:00","dateModified":"2020-10-02T07:20:52+00:00","breadcrumb":{"@id":"https:\/\/kalinski.pl\/serwis\/regeneracja-katalizatorow-i-filtrow-dpf-rybnik\/#breadcrumb"},"inLanguage":"pl-PL","potentialAction":[{"@type":"ReadAction","target":["https:\/\/kalinski.pl\/serwis\/regeneracja-katalizatorow-i-filtrow-dpf-rybnik\/"]}]},{"@type":"ImageObject","inLanguage":"pl-PL","@id":"https:\/\/kalinski.pl\/serwis\/regeneracja-katalizatorow-i-filtrow-dpf-rybnik\/#primaryimage","url":"https:\/\/kalinski.pl\/wp-content\/uploads\/Filtry_Kalinski-1-1110x303.png","contentUrl":"https:\/\/kalinski.pl\/wp-content\/uploads\/Filtry_Kalinski-1-1110x303.png"},{"@type":"BreadcrumbList","@id":"https:\/\/kalinski.pl\/serwis\/regeneracja-katalizatorow-i-filtrow-dpf-rybnik\/#breadcrumb","itemListElement":[{"@type":"ListItem","position":1,"name":"Strona g\u0142\u00f3wna","item":"https:\/\/kalinski.pl\/serwis\/"},{"@type":"ListItem","position":2,"name":"Regeneracja katalizator\u00f3w i filtr\u00f3w DPF Rybnik"}]},{"@type":"WebSite","@id":"https:\/\/kalinski.pl\/serwis\/#website","url":"https:\/\/kalinski.pl\/serwis\/","name":"Kali\u0144ski","description":"Uk\u0142ady wydechowe","publisher":{"@id":"https:\/\/kalinski.pl\/serwis\/#organization"},"potentialAction":[{"@type":"SearchAction","target":{"@type":"EntryPoint","urlTemplate":"https:\/\/kalinski.pl\/serwis\/?s={search_term_string}"},"query-input":{"@type":"PropertyValueSpecification","valueRequired":true,"valueName":"search_term_string"}}],"inLanguage":"pl-PL"},{"@type":"Organization","@id":"https:\/\/kalinski.pl\/serwis\/#organization","name":"Kali\u0144ski","url":"https:\/\/kalinski.pl\/serwis\/","logo":{"@type":"ImageObject","inLanguage":"pl-PL","@id":"https:\/\/kalinski.pl\/serwis\/#\/schema\/logo\/image\/","url":"https:\/\/kalinski.pl\/serwis\/wp-content\/uploads\/2019\/03\/cropped-logo_white.jpg","contentUrl":"https:\/\/kalinski.pl\/serwis\/wp-content\/uploads\/2019\/03\/cropped-logo_white.jpg","width":240,"height":63,"caption":"Kali\u0144ski"},"image":{"@id":"https:\/\/kalinski.pl\/serwis\/#\/schema\/logo\/image\/"}}]}},"_links":{"self":[{"href":"https:\/\/kalinski.pl\/serwis\/wp-json\/wp\/v2\/pages\/2304","targetHints":{"allow":["GET"]}}],"collection":[{"href":"https:\/\/kalinski.pl\/serwis\/wp-json\/wp\/v2\/pages"}],"about":[{"href":"https:\/\/kalinski.pl\/serwis\/wp-json\/wp\/v2\/types\/page"}],"author":[{"embeddable":true,"href":"https:\/\/kalinski.pl\/serwis\/wp-json\/wp\/v2\/users\/821794"}],"replies":[{"embeddable":true,"href":"https:\/\/kalinski.pl\/serwis\/wp-json\/wp\/v2\/comments?post=2304"}],"version-history":[{"count":0,"href":"https:\/\/kalinski.pl\/serwis\/wp-json\/wp\/v2\/pages\/2304\/revisions"}],"wp:attachment":[{"href":"https:\/\/kalinski.pl\/serwis\/wp-json\/wp\/v2\/media?parent=2304"}],"curies":[{"name":"wp","href":"https:\/\/api.w.org\/{rel}","templated":true}]}}