{"id":2301,"date":"2020-09-21T13:45:07","date_gmt":"2020-09-21T11:45:07","guid":{"rendered":"https:\/\/kalinski.pl\/?page_id=2301"},"modified":"2020-10-02T09:23:21","modified_gmt":"2020-10-02T07:23:21","slug":"regeneracja-katalizatorow-i-filtrow-dpf-tarnowskie-gory","status":"publish","type":"page","link":"https:\/\/kalinski.pl\/serwis\/regeneracja-katalizatorow-i-filtrow-dpf-tarnowskie-gory\/","title":{"rendered":"Regeneracja katalizator\u00f3w i filtr\u00f3w DPF Tarnowskie G\u00f3ry"},"content":{"rendered":"\n<figure class=\"wp-block-image size-large\"><img fetchpriority=\"high\" decoding=\"async\" width=\"1110\" height=\"303\" src=\"https:\/\/kalinski.pl\/wp-content\/uploads\/Filtry_Kalinski-1-1110x303.png\" alt=\"\" class=\"wp-image-1568\"\/><\/figure>\n\n\n\n<p style=\"text-align: justify; margin-top: 25px;\">Nasza firma dzia\u0142a w Polsce ju\u017c od wielu lat i zajmuje si\u0119 przeprowadzaniem napraw r\u00f3\u017cnego rodzaju cz\u0119\u015bci samochodowych. Prowadzone dzia\u0142ania to mi\u0119dzy innymi regeneracja, czyszczenie oraz <strong>wypalanie katalizator\u00f3w, jak r\u00f3wnie\u017c regeneracja i czyszczenie filtr\u00f3w DPF<\/strong>. Oferowane dzia\u0142ania s\u0105 przeprowadzane z wykorzystaniem nowoczesnych maszyn i urz\u0105dze\u0144, co daje gwarancj\u0119 szybko\u015bci oraz precyzji dzia\u0142ania.<\/p>\n\n\n\n<h2 style=\"font-size:16px; text-align:center;\">Indywidualne podej\u015bcie<\/h2>\n\n\n\n<p style=\"text-align: justify; margin-top: 25px;\">Wszystkie podejmowane dzia\u0142ania, jak na przyk\u0142ad <strong>serwis filtra DPF<\/strong>, s\u0105 realizowane z dba\u0142o\u015bci\u0105 o nawet najmniejszy szczeg\u00f3\u0142 realizacji. Zepsuty katalizator daje bardzo wyra\u017ane sygna\u0142y, \u017ce co\u015b jest nie tak &#8211; przede wszystkim sprawia, \u017ce silnik bardzo g\u0142o\u015bno pracuje. <strong>Regeneracja katalizator\u00f3w<\/strong> nie polega tylko na ich czyszczeniu, cho\u0107 oczywi\u015bcie jedn\u0105 z najcz\u0119stszych awarii jest ich zapychanie, co ostatecznie mo\u017ce prowadzi\u0107 do przegrzania si\u0119 silnika.<\/p>\n\n\n\n<h2 style=\"font-size:16px; text-align:center;\">Szeroka oferta firmy<\/h2>\n\n\n\n<p style=\"text-align: justify; margin-top: 25px;\">W ramach prowadzonych dzia\u0142a\u0144 serwisujemy nie tylko katalizatory, ale zajmujemy si\u0119 r\u00f3wnie\u017c wieloma innymi czynno\u015bciami, jak na przyk\u0142ad <strong>regeneracja DPF. Tarnowskie G\u00f3ry<\/strong> s\u0105 miejscem, gdzie w ostatnim czasie przeprowadzili\u015bmy szereg tego typu realizacji, co pozwoli\u0142o nam na zdobycie niezb\u0119dnego do\u015bwiadczenia. <strong>Filtr DPF<\/strong> odpowiada za oczyszczanie spalin ze sta\u0142ych cz\u0105stek sadzy oraz popio\u0142u.<\/p>\n\n\n\n<p style=\"text-align:justify; margin-top:25px;\">Do ka\u017cdego zlecenia podchodzimy w spos\u00f3b indywidualny, a swoj\u0105 prac\u0119 rozpoczynamy przede wszystkim od zdiagnozowania problemu, co jest mo\u017cliwe dzi\u0119ki nowoczesnym przyrz\u0105dom oraz systemom.<\/p>\n\n\n\n<p style=\"text-align: justify; margin-top: 25px;\">Zach\u0119camy do zapoznania si\u0119 z ca\u0142o\u015bci\u0105 oferty naszej firmy oraz do skorzystania z proponowanych us\u0142ug. Zajmujemy si\u0119 nie tylko samochodami osobowymi, ale r\u00f3wnie\u017c ci\u0119\u017carowymi, motocyklami oraz maszynami roboczymi. W ramach prowadzonych dzia\u0142a\u0144 oferujemy nie tylko <strong>regeneracj\u0119, wypalanie oraz czyszczenie katalizator\u00f3w<\/strong>. Zajmujemy si\u0119 r\u00f3wnie\u017c serwisem <strong>filtr\u00f3w DPF<\/strong>, kt\u00f3ry jest niezwykle wa\u017cnym elementem uk\u0142adu wydechowego. Przeprowadzone na przestrzeni lat liczne realizacje daj\u0105 nam pewno\u015b\u0107 spe\u0142nienia oczekiwa\u0144 nawet najbardziej wymagaj\u0105cych klient\u00f3w.<\/p>\n\n\n\n<div class=\"wp-block-columns is-layout-flex wp-container-core-columns-is-layout-1 wp-block-columns-is-layout-flex\">\n<div class=\"wp-block-column is-layout-flow wp-block-column-is-layout-flow\">\n<p><strong>Kali\u0144ski<\/strong><\/p>\n\n\n\n<p>ul. Szamotulska 40<\/p>\n\n\n\n<p>62-081 Chyby \/ Pozna\u0144<\/p>\n\n\n\n<p><strong>Sklep internetowy<\/strong><\/p>\n\n\n\n<p><a href=\"tel:0048691545545\">+48 691 545 545<\/a><\/p>\n\n\n\n<p><a>sklep@kalinski.pl<\/a><\/p>\n\n\n\n<p><strong>Serwis stacjonarny<\/strong><\/p>\n\n\n\n<p><a href=\"tel:004861 8142777\">+48 61 814 27 77<\/a><\/p>\n\n\n\n<p><a>serwis@kalinski.pl<\/a><\/p>\n<\/div>\n\n\n\n<div class=\"wp-block-column is-layout-flow wp-block-column-is-layout-flow\">\n[contact-form-7 id=&#8221;2271&#8243; title=&#8221;Formularz 1_copy&#8221;]\n<\/div>\n<\/div>\n\n\n\n<iframe src=\"https:\/\/www.google.com\/maps\/embed?pb=!1m14!1m8!1m3!1d2891.0189752303836!2d16.761502335364135!3d52.46016731732493!3m2!1i1024!2i768!4f13.1!3m3!1m2!1s0x470441321c9562cb%3A0xee0284f60b138572!2sSzamotulska%2040%2C%2062-081%20Chyby!5e0!3m2!1spl!2spl!4v1599035144301!5m2!1spl!2spl\" style=\"border:0;\" allowfullscreen=\"\" aria-hidden=\"false\" tabindex=\"0\" width=\"100%\" height=\"450\" frameborder=\"0\"><\/iframe>\n","protected":false},"excerpt":{"rendered":"<p>Nasza firma dzia\u0142a w Polsce ju\u017c od wielu lat i zajmuje si\u0119 przeprowadzaniem napraw r\u00f3\u017cnego rodzaju cz\u0119\u015bci samochodowych. Prowadzone dzia\u0142ania to mi\u0119dzy innymi regeneracja, czyszczenie oraz wypalanie katalizator\u00f3w, jak r\u00f3wnie\u017c regeneracja i czyszczenie filtr\u00f3w DPF. Oferowane dzia\u0142ania s\u0105 przeprowadzane z wykorzystaniem nowoczesnych maszyn i urz\u0105dze\u0144, co daje gwarancj\u0119 szybko\u015bci oraz precyzji dzia\u0142ania. Indywidualne podej\u015bcie Wszystkie &hellip; <a href=\"https:\/\/kalinski.pl\/serwis\/regeneracja-katalizatorow-i-filtrow-dpf-tarnowskie-gory\/\" class=\"more-link\">Czytaj dalej<span class=\"screen-reader-text\"> Regeneracja katalizator\u00f3w i filtr\u00f3w DPF Tarnowskie G\u00f3ry<\/span><\/a><\/p>\n","protected":false},"author":821794,"featured_media":0,"parent":0,"menu_order":0,"comment_status":"closed","ping_status":"closed","template":"","meta":{"footnotes":""},"class_list":["post-2301","page","type-page","status-publish","hentry"],"yoast_head":"<!-- This site is optimized with the Yoast SEO plugin v26.7 - https:\/\/yoast.com\/wordpress\/plugins\/seo\/ -->\n<title>Regeneracja katalizator\u00f3w i filtr\u00f3w DPF Tarnowskie G\u00f3ry | Kali\u0144ski<\/title>\n<meta name=\"robots\" content=\"index, follow, max-snippet:-1, max-image-preview:large, max-video-preview:-1\" \/>\n<link rel=\"canonical\" href=\"https:\/\/kalinski.pl\/serwis\/regeneracja-katalizatorow-i-filtrow-dpf-tarnowskie-gory\/\" \/>\n<meta property=\"og:locale\" content=\"pl_PL\" \/>\n<meta property=\"og:type\" content=\"article\" \/>\n<meta property=\"og:title\" content=\"Regeneracja katalizator\u00f3w i filtr\u00f3w DPF Tarnowskie G\u00f3ry | Kali\u0144ski\" \/>\n<meta property=\"og:description\" content=\"Nasza firma dzia\u0142a w Polsce ju\u017c od wielu lat i zajmuje si\u0119 przeprowadzaniem napraw r\u00f3\u017cnego rodzaju cz\u0119\u015bci samochodowych. Prowadzone dzia\u0142ania to mi\u0119dzy innymi regeneracja, czyszczenie oraz wypalanie katalizator\u00f3w, jak r\u00f3wnie\u017c regeneracja i czyszczenie filtr\u00f3w DPF. Oferowane dzia\u0142ania s\u0105 przeprowadzane z wykorzystaniem nowoczesnych maszyn i urz\u0105dze\u0144, co daje gwarancj\u0119 szybko\u015bci oraz precyzji dzia\u0142ania. Indywidualne podej\u015bcie Wszystkie &hellip; Czytaj dalej Regeneracja katalizator\u00f3w i filtr\u00f3w DPF Tarnowskie G\u00f3ry\" \/>\n<meta property=\"og:url\" content=\"https:\/\/kalinski.pl\/serwis\/regeneracja-katalizatorow-i-filtrow-dpf-tarnowskie-gory\/\" \/>\n<meta property=\"og:site_name\" content=\"Kali\u0144ski\" \/>\n<meta property=\"article:modified_time\" content=\"2020-10-02T07:23:21+00:00\" \/>\n<meta property=\"og:image\" content=\"https:\/\/kalinski.pl\/wp-content\/uploads\/Filtry_Kalinski-1-1110x303.png\" \/>\n<meta name=\"twitter:card\" content=\"summary_large_image\" \/>\n<meta name=\"twitter:label1\" content=\"Szacowany czas czytania\" \/>\n\t<meta name=\"twitter:data1\" content=\"2 minuty\" \/>\n<script type=\"application\/ld+json\" class=\"yoast-schema-graph\">{\"@context\":\"https:\/\/schema.org\",\"@graph\":[{\"@type\":\"WebPage\",\"@id\":\"https:\/\/kalinski.pl\/serwis\/regeneracja-katalizatorow-i-filtrow-dpf-tarnowskie-gory\/\",\"url\":\"https:\/\/kalinski.pl\/serwis\/regeneracja-katalizatorow-i-filtrow-dpf-tarnowskie-gory\/\",\"name\":\"Regeneracja katalizator\u00f3w i filtr\u00f3w DPF Tarnowskie G\u00f3ry | Kali\u0144ski\",\"isPartOf\":{\"@id\":\"https:\/\/kalinski.pl\/serwis\/#website\"},\"primaryImageOfPage\":{\"@id\":\"https:\/\/kalinski.pl\/serwis\/regeneracja-katalizatorow-i-filtrow-dpf-tarnowskie-gory\/#primaryimage\"},\"image\":{\"@id\":\"https:\/\/kalinski.pl\/serwis\/regeneracja-katalizatorow-i-filtrow-dpf-tarnowskie-gory\/#primaryimage\"},\"thumbnailUrl\":\"https:\/\/kalinski.pl\/wp-content\/uploads\/Filtry_Kalinski-1-1110x303.png\",\"datePublished\":\"2020-09-21T11:45:07+00:00\",\"dateModified\":\"2020-10-02T07:23:21+00:00\",\"breadcrumb\":{\"@id\":\"https:\/\/kalinski.pl\/serwis\/regeneracja-katalizatorow-i-filtrow-dpf-tarnowskie-gory\/#breadcrumb\"},\"inLanguage\":\"pl-PL\",\"potentialAction\":[{\"@type\":\"ReadAction\",\"target\":[\"https:\/\/kalinski.pl\/serwis\/regeneracja-katalizatorow-i-filtrow-dpf-tarnowskie-gory\/\"]}]},{\"@type\":\"ImageObject\",\"inLanguage\":\"pl-PL\",\"@id\":\"https:\/\/kalinski.pl\/serwis\/regeneracja-katalizatorow-i-filtrow-dpf-tarnowskie-gory\/#primaryimage\",\"url\":\"https:\/\/kalinski.pl\/wp-content\/uploads\/Filtry_Kalinski-1-1110x303.png\",\"contentUrl\":\"https:\/\/kalinski.pl\/wp-content\/uploads\/Filtry_Kalinski-1-1110x303.png\"},{\"@type\":\"BreadcrumbList\",\"@id\":\"https:\/\/kalinski.pl\/serwis\/regeneracja-katalizatorow-i-filtrow-dpf-tarnowskie-gory\/#breadcrumb\",\"itemListElement\":[{\"@type\":\"ListItem\",\"position\":1,\"name\":\"Strona g\u0142\u00f3wna\",\"item\":\"https:\/\/kalinski.pl\/serwis\/\"},{\"@type\":\"ListItem\",\"position\":2,\"name\":\"Regeneracja katalizator\u00f3w i filtr\u00f3w DPF Tarnowskie G\u00f3ry\"}]},{\"@type\":\"WebSite\",\"@id\":\"https:\/\/kalinski.pl\/serwis\/#website\",\"url\":\"https:\/\/kalinski.pl\/serwis\/\",\"name\":\"Kali\u0144ski\",\"description\":\"Uk\u0142ady wydechowe\",\"publisher\":{\"@id\":\"https:\/\/kalinski.pl\/serwis\/#organization\"},\"potentialAction\":[{\"@type\":\"SearchAction\",\"target\":{\"@type\":\"EntryPoint\",\"urlTemplate\":\"https:\/\/kalinski.pl\/serwis\/?s={search_term_string}\"},\"query-input\":{\"@type\":\"PropertyValueSpecification\",\"valueRequired\":true,\"valueName\":\"search_term_string\"}}],\"inLanguage\":\"pl-PL\"},{\"@type\":\"Organization\",\"@id\":\"https:\/\/kalinski.pl\/serwis\/#organization\",\"name\":\"Kali\u0144ski\",\"url\":\"https:\/\/kalinski.pl\/serwis\/\",\"logo\":{\"@type\":\"ImageObject\",\"inLanguage\":\"pl-PL\",\"@id\":\"https:\/\/kalinski.pl\/serwis\/#\/schema\/logo\/image\/\",\"url\":\"https:\/\/kalinski.pl\/serwis\/wp-content\/uploads\/2019\/03\/cropped-logo_white.jpg\",\"contentUrl\":\"https:\/\/kalinski.pl\/serwis\/wp-content\/uploads\/2019\/03\/cropped-logo_white.jpg\",\"width\":240,\"height\":63,\"caption\":\"Kali\u0144ski\"},\"image\":{\"@id\":\"https:\/\/kalinski.pl\/serwis\/#\/schema\/logo\/image\/\"}}]}<\/script>\n<!-- \/ Yoast SEO plugin. -->","yoast_head_json":{"title":"Regeneracja katalizator\u00f3w i filtr\u00f3w DPF Tarnowskie G\u00f3ry | Kali\u0144ski","robots":{"index":"index","follow":"follow","max-snippet":"max-snippet:-1","max-image-preview":"max-image-preview:large","max-video-preview":"max-video-preview:-1"},"canonical":"https:\/\/kalinski.pl\/serwis\/regeneracja-katalizatorow-i-filtrow-dpf-tarnowskie-gory\/","og_locale":"pl_PL","og_type":"article","og_title":"Regeneracja katalizator\u00f3w i filtr\u00f3w DPF Tarnowskie G\u00f3ry | Kali\u0144ski","og_description":"Nasza firma dzia\u0142a w Polsce ju\u017c od wielu lat i zajmuje si\u0119 przeprowadzaniem napraw r\u00f3\u017cnego rodzaju cz\u0119\u015bci samochodowych. Prowadzone dzia\u0142ania to mi\u0119dzy innymi regeneracja, czyszczenie oraz wypalanie katalizator\u00f3w, jak r\u00f3wnie\u017c regeneracja i czyszczenie filtr\u00f3w DPF. Oferowane dzia\u0142ania s\u0105 przeprowadzane z wykorzystaniem nowoczesnych maszyn i urz\u0105dze\u0144, co daje gwarancj\u0119 szybko\u015bci oraz precyzji dzia\u0142ania. Indywidualne podej\u015bcie Wszystkie &hellip; Czytaj dalej Regeneracja katalizator\u00f3w i filtr\u00f3w DPF Tarnowskie G\u00f3ry","og_url":"https:\/\/kalinski.pl\/serwis\/regeneracja-katalizatorow-i-filtrow-dpf-tarnowskie-gory\/","og_site_name":"Kali\u0144ski","article_modified_time":"2020-10-02T07:23:21+00:00","og_image":[{"url":"https:\/\/kalinski.pl\/wp-content\/uploads\/Filtry_Kalinski-1-1110x303.png","type":"","width":"","height":""}],"twitter_card":"summary_large_image","twitter_misc":{"Szacowany czas czytania":"2 minuty"},"schema":{"@context":"https:\/\/schema.org","@graph":[{"@type":"WebPage","@id":"https:\/\/kalinski.pl\/serwis\/regeneracja-katalizatorow-i-filtrow-dpf-tarnowskie-gory\/","url":"https:\/\/kalinski.pl\/serwis\/regeneracja-katalizatorow-i-filtrow-dpf-tarnowskie-gory\/","name":"Regeneracja katalizator\u00f3w i filtr\u00f3w DPF Tarnowskie G\u00f3ry | Kali\u0144ski","isPartOf":{"@id":"https:\/\/kalinski.pl\/serwis\/#website"},"primaryImageOfPage":{"@id":"https:\/\/kalinski.pl\/serwis\/regeneracja-katalizatorow-i-filtrow-dpf-tarnowskie-gory\/#primaryimage"},"image":{"@id":"https:\/\/kalinski.pl\/serwis\/regeneracja-katalizatorow-i-filtrow-dpf-tarnowskie-gory\/#primaryimage"},"thumbnailUrl":"https:\/\/kalinski.pl\/wp-content\/uploads\/Filtry_Kalinski-1-1110x303.png","datePublished":"2020-09-21T11:45:07+00:00","dateModified":"2020-10-02T07:23:21+00:00","breadcrumb":{"@id":"https:\/\/kalinski.pl\/serwis\/regeneracja-katalizatorow-i-filtrow-dpf-tarnowskie-gory\/#breadcrumb"},"inLanguage":"pl-PL","potentialAction":[{"@type":"ReadAction","target":["https:\/\/kalinski.pl\/serwis\/regeneracja-katalizatorow-i-filtrow-dpf-tarnowskie-gory\/"]}]},{"@type":"ImageObject","inLanguage":"pl-PL","@id":"https:\/\/kalinski.pl\/serwis\/regeneracja-katalizatorow-i-filtrow-dpf-tarnowskie-gory\/#primaryimage","url":"https:\/\/kalinski.pl\/wp-content\/uploads\/Filtry_Kalinski-1-1110x303.png","contentUrl":"https:\/\/kalinski.pl\/wp-content\/uploads\/Filtry_Kalinski-1-1110x303.png"},{"@type":"BreadcrumbList","@id":"https:\/\/kalinski.pl\/serwis\/regeneracja-katalizatorow-i-filtrow-dpf-tarnowskie-gory\/#breadcrumb","itemListElement":[{"@type":"ListItem","position":1,"name":"Strona g\u0142\u00f3wna","item":"https:\/\/kalinski.pl\/serwis\/"},{"@type":"ListItem","position":2,"name":"Regeneracja katalizator\u00f3w i filtr\u00f3w DPF Tarnowskie G\u00f3ry"}]},{"@type":"WebSite","@id":"https:\/\/kalinski.pl\/serwis\/#website","url":"https:\/\/kalinski.pl\/serwis\/","name":"Kali\u0144ski","description":"Uk\u0142ady wydechowe","publisher":{"@id":"https:\/\/kalinski.pl\/serwis\/#organization"},"potentialAction":[{"@type":"SearchAction","target":{"@type":"EntryPoint","urlTemplate":"https:\/\/kalinski.pl\/serwis\/?s={search_term_string}"},"query-input":{"@type":"PropertyValueSpecification","valueRequired":true,"valueName":"search_term_string"}}],"inLanguage":"pl-PL"},{"@type":"Organization","@id":"https:\/\/kalinski.pl\/serwis\/#organization","name":"Kali\u0144ski","url":"https:\/\/kalinski.pl\/serwis\/","logo":{"@type":"ImageObject","inLanguage":"pl-PL","@id":"https:\/\/kalinski.pl\/serwis\/#\/schema\/logo\/image\/","url":"https:\/\/kalinski.pl\/serwis\/wp-content\/uploads\/2019\/03\/cropped-logo_white.jpg","contentUrl":"https:\/\/kalinski.pl\/serwis\/wp-content\/uploads\/2019\/03\/cropped-logo_white.jpg","width":240,"height":63,"caption":"Kali\u0144ski"},"image":{"@id":"https:\/\/kalinski.pl\/serwis\/#\/schema\/logo\/image\/"}}]}},"_links":{"self":[{"href":"https:\/\/kalinski.pl\/serwis\/wp-json\/wp\/v2\/pages\/2301","targetHints":{"allow":["GET"]}}],"collection":[{"href":"https:\/\/kalinski.pl\/serwis\/wp-json\/wp\/v2\/pages"}],"about":[{"href":"https:\/\/kalinski.pl\/serwis\/wp-json\/wp\/v2\/types\/page"}],"author":[{"embeddable":true,"href":"https:\/\/kalinski.pl\/serwis\/wp-json\/wp\/v2\/users\/821794"}],"replies":[{"embeddable":true,"href":"https:\/\/kalinski.pl\/serwis\/wp-json\/wp\/v2\/comments?post=2301"}],"version-history":[{"count":0,"href":"https:\/\/kalinski.pl\/serwis\/wp-json\/wp\/v2\/pages\/2301\/revisions"}],"wp:attachment":[{"href":"https:\/\/kalinski.pl\/serwis\/wp-json\/wp\/v2\/media?parent=2301"}],"curies":[{"name":"wp","href":"https:\/\/api.w.org\/{rel}","templated":true}]}}