{"id":2186,"date":"2020-09-02T10:24:15","date_gmt":"2020-09-02T08:24:15","guid":{"rendered":"https:\/\/kalinski.pl\/?page_id=2186"},"modified":"2020-10-02T11:18:29","modified_gmt":"2020-10-02T09:18:29","slug":"regeneracja-katalizatorow-i-filtrow-dpf-lubin","status":"publish","type":"page","link":"https:\/\/kalinski.pl\/serwis\/regeneracja-katalizatorow-i-filtrow-dpf-lubin\/","title":{"rendered":"Regeneracja katalizator\u00f3w i filtr\u00f3w DPF Lubin"},"content":{"rendered":"\n<figure class=\"wp-block-image size-large\"><img fetchpriority=\"high\" decoding=\"async\" width=\"1110\" height=\"303\" src=\"https:\/\/kalinski.pl\/wp-content\/uploads\/Filtry_Kalinski-1-1110x303.png\" alt=\"\" class=\"wp-image-1568\"\/><\/figure>\n\n\n\n<p style=\"margin-top:25px;\" align=\"justify\">Ograniczenie emisji szkodliwych dla \u015brodowiska spalin jest jednym z najwa\u017cniejszych zada\u0144 stoj\u0105cych przed wsp\u00f3\u0142czesn\u0105 motoryzacj\u0105. Producenci samochod\u00f3w musz\u0105 robi\u0107 wszystko, aby ich nowe pojazdy generowa\u0142y mo\u017cliwie najmniej spalin. Pod tym wzgl\u0119dem szczeg\u00f3ln\u0105 rol\u0119 odgrywaj\u0105 dwa elementy. Pierwszym z nich jest katalizator, kt\u00f3ry ogranicza ilo\u015b\u0107 szkodliwych zwi\u0105zk\u00f3w w spalinach. Natomiast filtr DPF wychwytuje wszelkie cz\u0105stki sta\u0142e znajduj\u0105ce si\u0119 w spalanym paliwie. Dzi\u0119ki tym dw\u00f3m elementom niemal ka\u017cdy samoch\u00f3d mo\u017ce obecnie spe\u0142nia\u0107 normy dotycz\u0105ce dopuszczalnego poziomu emisji spalin.<\/p>\n\n\n\n<p style=\"text-align:justify;\">Oczywi\u015bcie przy intensywnej eksploatacji pojazdu zu\u017cycie opisanych cz\u0119\u015bci b\u0119dzie du\u017co szybsze. Dlatego firma Kali\u0144ski oferuje specjalistyczne <strong>czyszczenie filtr\u00f3w DPF Lubin <\/strong>w samochodach osobowych oraz ci\u0119\u017carowych. Jest to mo\u017cliwe za spraw\u0105 profesjonalnej maszyny Hartridge, kt\u00f3ra mie\u015bci si\u0119 w naszej siedzibie. Maszyna \u201ewydmuchuje\u201d wszystkie nieczysto\u015bci za spraw\u0105 silnego, spr\u0119\u017conego strumienia powietrza. Tote\u017c jej dzia\u0142anie pozwala nam na usuni\u0119cie wszelkich zabrudze\u0144 z wn\u0119trza filtra. Opr\u00f3cz regeneracji za pomoc\u0105 wydmuchiwania odnawiamy r\u00f3wnie\u017c filtry poprzez wymian\u0119 wk\u0142ad\u00f3w. Tak przeprowadzona <strong>regeneracja DPF Lubin <\/strong>przywraca filtrowi pe\u0142n\u0105 funkcjonalno\u015b\u0107.<\/p>\n\n\n\n<p style=\"text-align:justify;\">Nie zapominamy tak\u017ce o drugim z wymienionych element\u00f3w. <strong>Regeneracja katalizator\u00f3w Lubin <\/strong>stanowi kolejn\u0105 us\u0142ug\u0119 w naszym asortymencie. Tutaj r\u00f3wnie\u017c podstawowym zadaniem jest dok\u0142adne <strong>czyszczenie katalizator\u00f3w Lubin. <\/strong>Aby egzemplarz nadawa\u0142 si\u0119 do regeneracji, nale\u017cy pozby\u0107 si\u0119 wszelkich zanieczyszcze\u0144 i drobinek sadzy.<\/p>\n\n\n\n<p style=\"text-align:justify;\">W przypadku samochod\u00f3w osobowych katalizatory s\u0105 regenerowane poprzez wymian\u0119 wk\u0142adu. Jednak auta ci\u0119\u017carowe generuj\u0105 znacznie wi\u0119cej zanieczyszcze\u0144, przez co trudniej je usun\u0105\u0107. W przypadku przeprowadzamy <strong>wypalanie katalizator\u00f3w Lubin <\/strong>w specjalnym piecu.<\/p>\n\n\n\n<p style=\"text-align:justify;\">Dlaczego warto korzysta\u0107 z takich us\u0142ug? Poniewa\u017c cena regenerowanych filtr\u00f3w DPF oraz katalizator\u00f3w jest znacznie ni\u017csza od ceny fabrycznie nowych cz\u0119\u015bci. Nasi klienci mog\u0105 \u0142atwo zamawia\u0107 takie cz\u0119\u015bci, albowiem firma Kali\u0144ski prowadzi sprzeda\u017c wysy\u0142kow\u0105. Dzi\u0119ki temu nasze produkty s\u0105 dost\u0119pne dla wszystkich kierowc\u00f3w i firm w Polsce. Zapraszamy do zapoznania si\u0119 z pe\u0142n\u0105 ofert\u0105 sklepu Kali\u0144ski.<\/p>\n\n\n\n<div class=\"wp-block-columns is-layout-flex wp-container-core-columns-is-layout-1 wp-block-columns-is-layout-flex\">\n<div class=\"wp-block-column is-layout-flow wp-block-column-is-layout-flow\">\n<p><strong data-rich-text-format-boundary=\"true\">Kali\u0144ski<\/strong><\/p>\n<p>ul. Szamotulska 40<\/p>\n<p>62-081 Chyby \/ Pozna\u0144<\/p>\n<p><strong data-rich-text-format-boundary=\"true\">Sklep internetowy<\/strong><\/p>\n<p><a href=\"tel:0048691545545\" data-rich-text-format-boundary=\"true\">+48 691 545 545<\/a><\/p>\n<p><a data-rich-text-format-boundary=\"true\">sklep@kalinski.pl<\/a><\/p>\n<p><strong data-rich-text-format-boundary=\"true\">Serwis stacjonarny<\/strong><\/p>\n<p><a href=\"tel:004861 8142777\" data-rich-text-format-boundary=\"true\">+48 61 814 27 77<\/a><\/p>\n<p><a data-rich-text-format-boundary=\"true\">serwis@kalinski.pl<\/a><\/p>\n<\/div>\n\n\n\n<div class=\"wp-block-column is-layout-flow wp-block-column-is-layout-flow\">\n[contact-form-7 id=&#8221;2271&#8243; title=&#8221;Formularz 1_copy&#8221;]\n<\/div>\n<\/div>\n\n\n\n<iframe src=\"https:\/\/www.google.com\/maps\/embed?pb=!1m14!1m8!1m3!1d2891.0189752303836!2d16.761502335364135!3d52.46016731732493!3m2!1i1024!2i768!4f13.1!3m3!1m2!1s0x470441321c9562cb%3A0xee0284f60b138572!2sSzamotulska%2040%2C%2062-081%20Chyby!5e0!3m2!1spl!2spl!4v1599035144301!5m2!1spl!2spl\" style=\"border:0;\" allowfullscreen=\"\" aria-hidden=\"false\" tabindex=\"0\" width=\"100%\" height=\"450\" frameborder=\"0\"><\/iframe>\n\n\n","protected":false},"excerpt":{"rendered":"<p>Ograniczenie emisji szkodliwych dla \u015brodowiska spalin jest jednym z najwa\u017cniejszych zada\u0144 stoj\u0105cych przed wsp\u00f3\u0142czesn\u0105 motoryzacj\u0105. Producenci samochod\u00f3w musz\u0105 robi\u0107 wszystko, aby ich nowe pojazdy generowa\u0142y mo\u017cliwie najmniej spalin. Pod tym wzgl\u0119dem szczeg\u00f3ln\u0105 rol\u0119 odgrywaj\u0105 dwa elementy. Pierwszym z nich jest katalizator, kt\u00f3ry ogranicza ilo\u015b\u0107 szkodliwych zwi\u0105zk\u00f3w w spalinach. Natomiast filtr DPF wychwytuje wszelkie cz\u0105stki sta\u0142e &hellip; <a href=\"https:\/\/kalinski.pl\/serwis\/regeneracja-katalizatorow-i-filtrow-dpf-lubin\/\" class=\"more-link\">Czytaj dalej<span class=\"screen-reader-text\"> Regeneracja katalizator\u00f3w i filtr\u00f3w DPF Lubin<\/span><\/a><\/p>\n","protected":false},"author":821794,"featured_media":0,"parent":0,"menu_order":0,"comment_status":"closed","ping_status":"closed","template":"","meta":{"footnotes":""},"class_list":["post-2186","page","type-page","status-publish","hentry"],"yoast_head":"<!-- This site is optimized with the Yoast SEO plugin v26.7 - https:\/\/yoast.com\/wordpress\/plugins\/seo\/ -->\n<title>Regeneracja katalizator\u00f3w i filtr\u00f3w DPF Lubin | Kali\u0144ski<\/title>\n<meta name=\"robots\" content=\"index, follow, max-snippet:-1, max-image-preview:large, max-video-preview:-1\" \/>\n<link rel=\"canonical\" href=\"https:\/\/kalinski.pl\/serwis\/regeneracja-katalizatorow-i-filtrow-dpf-lubin\/\" \/>\n<meta property=\"og:locale\" content=\"pl_PL\" \/>\n<meta property=\"og:type\" content=\"article\" \/>\n<meta property=\"og:title\" content=\"Regeneracja katalizator\u00f3w i filtr\u00f3w DPF Lubin | Kali\u0144ski\" \/>\n<meta property=\"og:description\" content=\"Ograniczenie emisji szkodliwych dla \u015brodowiska spalin jest jednym z najwa\u017cniejszych zada\u0144 stoj\u0105cych przed wsp\u00f3\u0142czesn\u0105 motoryzacj\u0105. Producenci samochod\u00f3w musz\u0105 robi\u0107 wszystko, aby ich nowe pojazdy generowa\u0142y mo\u017cliwie najmniej spalin. Pod tym wzgl\u0119dem szczeg\u00f3ln\u0105 rol\u0119 odgrywaj\u0105 dwa elementy. Pierwszym z nich jest katalizator, kt\u00f3ry ogranicza ilo\u015b\u0107 szkodliwych zwi\u0105zk\u00f3w w spalinach. Natomiast filtr DPF wychwytuje wszelkie cz\u0105stki sta\u0142e &hellip; Czytaj dalej Regeneracja katalizator\u00f3w i filtr\u00f3w DPF Lubin\" \/>\n<meta property=\"og:url\" content=\"https:\/\/kalinski.pl\/serwis\/regeneracja-katalizatorow-i-filtrow-dpf-lubin\/\" \/>\n<meta property=\"og:site_name\" content=\"Kali\u0144ski\" \/>\n<meta property=\"article:modified_time\" content=\"2020-10-02T09:18:29+00:00\" \/>\n<meta property=\"og:image\" content=\"https:\/\/kalinski.pl\/wp-content\/uploads\/Filtry_Kalinski-1-1110x303.png\" \/>\n<meta name=\"twitter:card\" content=\"summary_large_image\" \/>\n<meta name=\"twitter:label1\" content=\"Szacowany czas czytania\" \/>\n\t<meta name=\"twitter:data1\" content=\"2 minuty\" \/>\n<script type=\"application\/ld+json\" class=\"yoast-schema-graph\">{\"@context\":\"https:\/\/schema.org\",\"@graph\":[{\"@type\":\"WebPage\",\"@id\":\"https:\/\/kalinski.pl\/serwis\/regeneracja-katalizatorow-i-filtrow-dpf-lubin\/\",\"url\":\"https:\/\/kalinski.pl\/serwis\/regeneracja-katalizatorow-i-filtrow-dpf-lubin\/\",\"name\":\"Regeneracja katalizator\u00f3w i filtr\u00f3w DPF Lubin | Kali\u0144ski\",\"isPartOf\":{\"@id\":\"https:\/\/kalinski.pl\/serwis\/#website\"},\"primaryImageOfPage\":{\"@id\":\"https:\/\/kalinski.pl\/serwis\/regeneracja-katalizatorow-i-filtrow-dpf-lubin\/#primaryimage\"},\"image\":{\"@id\":\"https:\/\/kalinski.pl\/serwis\/regeneracja-katalizatorow-i-filtrow-dpf-lubin\/#primaryimage\"},\"thumbnailUrl\":\"https:\/\/kalinski.pl\/wp-content\/uploads\/Filtry_Kalinski-1-1110x303.png\",\"datePublished\":\"2020-09-02T08:24:15+00:00\",\"dateModified\":\"2020-10-02T09:18:29+00:00\",\"breadcrumb\":{\"@id\":\"https:\/\/kalinski.pl\/serwis\/regeneracja-katalizatorow-i-filtrow-dpf-lubin\/#breadcrumb\"},\"inLanguage\":\"pl-PL\",\"potentialAction\":[{\"@type\":\"ReadAction\",\"target\":[\"https:\/\/kalinski.pl\/serwis\/regeneracja-katalizatorow-i-filtrow-dpf-lubin\/\"]}]},{\"@type\":\"ImageObject\",\"inLanguage\":\"pl-PL\",\"@id\":\"https:\/\/kalinski.pl\/serwis\/regeneracja-katalizatorow-i-filtrow-dpf-lubin\/#primaryimage\",\"url\":\"https:\/\/kalinski.pl\/wp-content\/uploads\/Filtry_Kalinski-1-1110x303.png\",\"contentUrl\":\"https:\/\/kalinski.pl\/wp-content\/uploads\/Filtry_Kalinski-1-1110x303.png\"},{\"@type\":\"BreadcrumbList\",\"@id\":\"https:\/\/kalinski.pl\/serwis\/regeneracja-katalizatorow-i-filtrow-dpf-lubin\/#breadcrumb\",\"itemListElement\":[{\"@type\":\"ListItem\",\"position\":1,\"name\":\"Strona g\u0142\u00f3wna\",\"item\":\"https:\/\/kalinski.pl\/serwis\/\"},{\"@type\":\"ListItem\",\"position\":2,\"name\":\"Regeneracja katalizator\u00f3w i filtr\u00f3w DPF Lubin\"}]},{\"@type\":\"WebSite\",\"@id\":\"https:\/\/kalinski.pl\/serwis\/#website\",\"url\":\"https:\/\/kalinski.pl\/serwis\/\",\"name\":\"Kali\u0144ski\",\"description\":\"Uk\u0142ady wydechowe\",\"publisher\":{\"@id\":\"https:\/\/kalinski.pl\/serwis\/#organization\"},\"potentialAction\":[{\"@type\":\"SearchAction\",\"target\":{\"@type\":\"EntryPoint\",\"urlTemplate\":\"https:\/\/kalinski.pl\/serwis\/?s={search_term_string}\"},\"query-input\":{\"@type\":\"PropertyValueSpecification\",\"valueRequired\":true,\"valueName\":\"search_term_string\"}}],\"inLanguage\":\"pl-PL\"},{\"@type\":\"Organization\",\"@id\":\"https:\/\/kalinski.pl\/serwis\/#organization\",\"name\":\"Kali\u0144ski\",\"url\":\"https:\/\/kalinski.pl\/serwis\/\",\"logo\":{\"@type\":\"ImageObject\",\"inLanguage\":\"pl-PL\",\"@id\":\"https:\/\/kalinski.pl\/serwis\/#\/schema\/logo\/image\/\",\"url\":\"https:\/\/kalinski.pl\/serwis\/wp-content\/uploads\/2019\/03\/cropped-logo_white.jpg\",\"contentUrl\":\"https:\/\/kalinski.pl\/serwis\/wp-content\/uploads\/2019\/03\/cropped-logo_white.jpg\",\"width\":240,\"height\":63,\"caption\":\"Kali\u0144ski\"},\"image\":{\"@id\":\"https:\/\/kalinski.pl\/serwis\/#\/schema\/logo\/image\/\"}}]}<\/script>\n<!-- \/ Yoast SEO plugin. -->","yoast_head_json":{"title":"Regeneracja katalizator\u00f3w i filtr\u00f3w DPF Lubin | Kali\u0144ski","robots":{"index":"index","follow":"follow","max-snippet":"max-snippet:-1","max-image-preview":"max-image-preview:large","max-video-preview":"max-video-preview:-1"},"canonical":"https:\/\/kalinski.pl\/serwis\/regeneracja-katalizatorow-i-filtrow-dpf-lubin\/","og_locale":"pl_PL","og_type":"article","og_title":"Regeneracja katalizator\u00f3w i filtr\u00f3w DPF Lubin | Kali\u0144ski","og_description":"Ograniczenie emisji szkodliwych dla \u015brodowiska spalin jest jednym z najwa\u017cniejszych zada\u0144 stoj\u0105cych przed wsp\u00f3\u0142czesn\u0105 motoryzacj\u0105. Producenci samochod\u00f3w musz\u0105 robi\u0107 wszystko, aby ich nowe pojazdy generowa\u0142y mo\u017cliwie najmniej spalin. Pod tym wzgl\u0119dem szczeg\u00f3ln\u0105 rol\u0119 odgrywaj\u0105 dwa elementy. Pierwszym z nich jest katalizator, kt\u00f3ry ogranicza ilo\u015b\u0107 szkodliwych zwi\u0105zk\u00f3w w spalinach. Natomiast filtr DPF wychwytuje wszelkie cz\u0105stki sta\u0142e &hellip; Czytaj dalej Regeneracja katalizator\u00f3w i filtr\u00f3w DPF Lubin","og_url":"https:\/\/kalinski.pl\/serwis\/regeneracja-katalizatorow-i-filtrow-dpf-lubin\/","og_site_name":"Kali\u0144ski","article_modified_time":"2020-10-02T09:18:29+00:00","og_image":[{"url":"https:\/\/kalinski.pl\/wp-content\/uploads\/Filtry_Kalinski-1-1110x303.png","type":"","width":"","height":""}],"twitter_card":"summary_large_image","twitter_misc":{"Szacowany czas czytania":"2 minuty"},"schema":{"@context":"https:\/\/schema.org","@graph":[{"@type":"WebPage","@id":"https:\/\/kalinski.pl\/serwis\/regeneracja-katalizatorow-i-filtrow-dpf-lubin\/","url":"https:\/\/kalinski.pl\/serwis\/regeneracja-katalizatorow-i-filtrow-dpf-lubin\/","name":"Regeneracja katalizator\u00f3w i filtr\u00f3w DPF Lubin | Kali\u0144ski","isPartOf":{"@id":"https:\/\/kalinski.pl\/serwis\/#website"},"primaryImageOfPage":{"@id":"https:\/\/kalinski.pl\/serwis\/regeneracja-katalizatorow-i-filtrow-dpf-lubin\/#primaryimage"},"image":{"@id":"https:\/\/kalinski.pl\/serwis\/regeneracja-katalizatorow-i-filtrow-dpf-lubin\/#primaryimage"},"thumbnailUrl":"https:\/\/kalinski.pl\/wp-content\/uploads\/Filtry_Kalinski-1-1110x303.png","datePublished":"2020-09-02T08:24:15+00:00","dateModified":"2020-10-02T09:18:29+00:00","breadcrumb":{"@id":"https:\/\/kalinski.pl\/serwis\/regeneracja-katalizatorow-i-filtrow-dpf-lubin\/#breadcrumb"},"inLanguage":"pl-PL","potentialAction":[{"@type":"ReadAction","target":["https:\/\/kalinski.pl\/serwis\/regeneracja-katalizatorow-i-filtrow-dpf-lubin\/"]}]},{"@type":"ImageObject","inLanguage":"pl-PL","@id":"https:\/\/kalinski.pl\/serwis\/regeneracja-katalizatorow-i-filtrow-dpf-lubin\/#primaryimage","url":"https:\/\/kalinski.pl\/wp-content\/uploads\/Filtry_Kalinski-1-1110x303.png","contentUrl":"https:\/\/kalinski.pl\/wp-content\/uploads\/Filtry_Kalinski-1-1110x303.png"},{"@type":"BreadcrumbList","@id":"https:\/\/kalinski.pl\/serwis\/regeneracja-katalizatorow-i-filtrow-dpf-lubin\/#breadcrumb","itemListElement":[{"@type":"ListItem","position":1,"name":"Strona g\u0142\u00f3wna","item":"https:\/\/kalinski.pl\/serwis\/"},{"@type":"ListItem","position":2,"name":"Regeneracja katalizator\u00f3w i filtr\u00f3w DPF Lubin"}]},{"@type":"WebSite","@id":"https:\/\/kalinski.pl\/serwis\/#website","url":"https:\/\/kalinski.pl\/serwis\/","name":"Kali\u0144ski","description":"Uk\u0142ady wydechowe","publisher":{"@id":"https:\/\/kalinski.pl\/serwis\/#organization"},"potentialAction":[{"@type":"SearchAction","target":{"@type":"EntryPoint","urlTemplate":"https:\/\/kalinski.pl\/serwis\/?s={search_term_string}"},"query-input":{"@type":"PropertyValueSpecification","valueRequired":true,"valueName":"search_term_string"}}],"inLanguage":"pl-PL"},{"@type":"Organization","@id":"https:\/\/kalinski.pl\/serwis\/#organization","name":"Kali\u0144ski","url":"https:\/\/kalinski.pl\/serwis\/","logo":{"@type":"ImageObject","inLanguage":"pl-PL","@id":"https:\/\/kalinski.pl\/serwis\/#\/schema\/logo\/image\/","url":"https:\/\/kalinski.pl\/serwis\/wp-content\/uploads\/2019\/03\/cropped-logo_white.jpg","contentUrl":"https:\/\/kalinski.pl\/serwis\/wp-content\/uploads\/2019\/03\/cropped-logo_white.jpg","width":240,"height":63,"caption":"Kali\u0144ski"},"image":{"@id":"https:\/\/kalinski.pl\/serwis\/#\/schema\/logo\/image\/"}}]}},"_links":{"self":[{"href":"https:\/\/kalinski.pl\/serwis\/wp-json\/wp\/v2\/pages\/2186","targetHints":{"allow":["GET"]}}],"collection":[{"href":"https:\/\/kalinski.pl\/serwis\/wp-json\/wp\/v2\/pages"}],"about":[{"href":"https:\/\/kalinski.pl\/serwis\/wp-json\/wp\/v2\/types\/page"}],"author":[{"embeddable":true,"href":"https:\/\/kalinski.pl\/serwis\/wp-json\/wp\/v2\/users\/821794"}],"replies":[{"embeddable":true,"href":"https:\/\/kalinski.pl\/serwis\/wp-json\/wp\/v2\/comments?post=2186"}],"version-history":[{"count":0,"href":"https:\/\/kalinski.pl\/serwis\/wp-json\/wp\/v2\/pages\/2186\/revisions"}],"wp:attachment":[{"href":"https:\/\/kalinski.pl\/serwis\/wp-json\/wp\/v2\/media?parent=2186"}],"curies":[{"name":"wp","href":"https:\/\/api.w.org\/{rel}","templated":true}]}}