{"id":2162,"date":"2020-09-02T09:22:37","date_gmt":"2020-09-02T07:22:37","guid":{"rendered":"https:\/\/kalinski.pl\/?page_id=2162"},"modified":"2020-10-02T11:11:23","modified_gmt":"2020-10-02T09:11:23","slug":"regeneracja-katalizatorow-i-filtrow-dpf-inowroclaw","status":"publish","type":"page","link":"https:\/\/kalinski.pl\/serwis\/regeneracja-katalizatorow-i-filtrow-dpf-inowroclaw\/","title":{"rendered":"Regeneracja katalizator\u00f3w i filtr\u00f3w DPF Inowroc\u0142aw"},"content":{"rendered":"\n<figure class=\"wp-block-image size-large\"><img fetchpriority=\"high\" decoding=\"async\" width=\"1110\" height=\"303\" src=\"https:\/\/kalinski.pl\/wp-content\/uploads\/Filtry_Kalinski-1-1110x303.png\" alt=\"\" class=\"wp-image-1568\"\/><\/figure>\n\n\n\n<p style=\"text-align:justify; margin-top:25px;\">Sprawny pojazd to nie tylko bardziej bezpieczna i komfortowa podr\u00f3\u017c, ale r\u00f3wnie\u017c wsparcie w zakresie ochrony \u015brodowiska. Prawid\u0142owo dzia\u0142aj\u0105cy uk\u0142ad wydechowy pozwala zmniejszy\u0107 ilo\u015b\u0107 wydzielanych spalin i ograniczy\u0107 zanieczyszczenia. Sygna\u0142em mog\u0105cym \u015bwiadczy\u0107 o tym, \u017ce konieczna jest regeneracja DPF lub czyszczenie katalizator\u00f3w jest nier\u00f3wna praca silnika, wy\u017csze spalanie paliwa, a tak\u017ce mniejsze osi\u0105gi.<\/p>\n\n\n\n<h2 class=\"has-text-align-center\" style=\"font-size:16px;\">Regeneracja katalizator\u00f3w &#8211; Inowroc\u0142aw<\/h2>\n\n\n\n<p style=\"text-align:justify;\">Mimo tego, \u017ce nasz warsztat znajduje si\u0119 pod Poznaniem \u015bwiadczymy r\u00f3wnie\u017c us\u0142ugi zdalnej naprawy, dla Klient\u00f3w z innych miast, w tym z Inowroc\u0142awia. Zadbali\u015bmy o to, aby ca\u0142y proces by\u0142 bardzo szybki, prosty i intuicyjny, dzi\u0119ki czemu zajmie kilka chwil.<br><\/p>\n\n\n\n<p style=\"text-align:justify;\">Na ten proces sk\u0142ada si\u0119<\/p>\n\n\n\n<p style=\"text-align:justify;\">Potwierdzenie transakcji i przelanie okre\u015blonej sumy pieni\u0119dzy.<\/p>\n<p style=\"text-align:justify;\">Oczekiwanie, a nast\u0119pnie odbi\u00f3r filtra lub katalizatora przes\u0142anego przez klienta oraz jego czyszczenie i regeneracja.<\/p>\n<p style=\"text-align:justify;\">Wysy\u0142ka naprawionego filtra DPF oraz odbi\u00f3r i ocena jego stanu przez klienta. <br><br><\/p>\n\n\n\n<p style=\"text-align:justify;\">Jak wida\u0107 jeste\u015bmy profesjonalistami w swoim fachu i jednocze\u015bnie dbamy o to, aby osoby korzystaj\u0105ce z naszych us\u0142ug by\u0142y w pe\u0142ni zadowolone.<\/p>\n\n\n\n<h2 class=\"has-text-align-center\" style=\"font-size:16px;\">Czyszczenie filtr\u00f3w DPF<\/h2>\n\n\n\n<p style=\"text-align:justify;\">Wiele awarii uk\u0142ad\u00f3w wydechowych powodowanych jest przez zanieczyszczenie ich spalinami. W odr\u00f3\u017cnieniu od wi\u0119kszo\u015bci firm, zamiast regeneracji \u201cna mokro\u201d wykonujemy j\u0105 \u201cna sucho\u201d. Oznacza to, \u017ce filtry DPF poddawane s\u0105 dzia\u0142aniom wysokiej temperatury na wskutek kt\u00f3rej znajduj\u0105ca si\u0119 w nich sadza ulega spaleniu. Natomiast popi\u00f3\u0142 jest wydmuchiwany. Taki proces jest bardziej efektywny i pozwala unikn\u0105\u0107 awarii spowodowanych niedosuszeniem, kt\u00f3re mog\u0105 mie\u0107 miejsce, w przypadku czyszczenia \u201cna mokro\u201d.<br><\/p>\n\n\n\n<h2 class=\"has-text-align-center\" style=\"font-size:16px;\">Szeroki zakres us\u0142ug w zakresie wypalania katalizator\u00f3w i regeneracji filtr\u00f3w DPF.<\/h2>\n\n\n\n<p style=\"text-align:justify;\">Doskonale wiemy, \u017ce awarie uk\u0142adu wydechowego zdarzaj\u0105 si\u0119 zar\u00f3wno w motocyklach, samochodach osobowych, ci\u0119\u017carowych, a nawet w maszynach rolniczych. W zwi\u0105zku z tym w ramach naszych us\u0142ug wypalanie katalizator\u00f3w realizujemy dla wszystkich typ\u00f3w pojazd\u00f3w i maszyn.<br><\/p>\n\n\n\n<div class=\"wp-block-columns is-layout-flex wp-container-core-columns-is-layout-1 wp-block-columns-is-layout-flex\">\n<div class=\"wp-block-column is-layout-flow wp-block-column-is-layout-flow\">\n<p><strong>Kali\u0144ski<\/strong><\/p>\n\n\n\n<p>ul. Szamotulska 40<\/p>\n\n\n\n<p>62-081 Chyby \/ Pozna\u0144<\/p>\n\n\n\n<p><strong>Sklep internetowy<\/strong><\/p>\n\n\n\n<p><a href=\"tel:0048691545545\">+48 691 545 545<\/a><\/p>\n\n\n\n<p><a href=\"javascript:;\">sklep@kalinski.pl<\/a><\/p>\n\n\n\n<p><strong>Serwis stacjonarny<\/strong><\/p>\n\n\n\n<p><a href=\"tel:004861 8142777\">+48 61 814 27 77<\/a><\/p>\n\n\n\n<p><a>serwis@kalinski.pl<\/a><\/p>\n<\/div>\n\n\n\n<div class=\"wp-block-column is-layout-flow wp-block-column-is-layout-flow\">\n[contact-form-7 id=&#8221;2271&#8243; title=&#8221;Formularz 1_copy&#8221;]\n<\/div>\n<\/div>\n\n\n\n<iframe src=\"https:\/\/www.google.com\/maps\/embed?pb=!1m18!1m12!1m3!1d2431.024961043721!2d16.7608539158053!3d52.460575379803046!2m3!1f0!2f0!3f0!3m2!1i1024!2i768!4f13.1!3m3!1m2!1s0x470441321c9562cb%3A0xee0284f60b138572!2sSzamotulska%2040%2C%2062-081%20Chyby!5e0!3m2!1spl!2spl!4v1599031212668!5m2!1spl!2spl\" style=\"border:0;\" allowfullscreen=\"\" aria-hidden=\"false\" tabindex=\"0\" width=\"100%\" height=\"450\" frameborder=\"0\"><\/iframe>\n","protected":false},"excerpt":{"rendered":"<p>Sprawny pojazd to nie tylko bardziej bezpieczna i komfortowa podr\u00f3\u017c, ale r\u00f3wnie\u017c wsparcie w zakresie ochrony \u015brodowiska. Prawid\u0142owo dzia\u0142aj\u0105cy uk\u0142ad wydechowy pozwala zmniejszy\u0107 ilo\u015b\u0107 wydzielanych spalin i ograniczy\u0107 zanieczyszczenia. Sygna\u0142em mog\u0105cym \u015bwiadczy\u0107 o tym, \u017ce konieczna jest regeneracja DPF lub czyszczenie katalizator\u00f3w jest nier\u00f3wna praca silnika, wy\u017csze spalanie paliwa, a tak\u017ce mniejsze osi\u0105gi. Regeneracja katalizator\u00f3w &hellip; <a href=\"https:\/\/kalinski.pl\/serwis\/regeneracja-katalizatorow-i-filtrow-dpf-inowroclaw\/\" class=\"more-link\">Czytaj dalej<span class=\"screen-reader-text\"> Regeneracja katalizator\u00f3w i filtr\u00f3w DPF Inowroc\u0142aw<\/span><\/a><\/p>\n","protected":false},"author":821794,"featured_media":0,"parent":0,"menu_order":0,"comment_status":"closed","ping_status":"closed","template":"","meta":{"footnotes":""},"class_list":["post-2162","page","type-page","status-publish","hentry"],"yoast_head":"<!-- This site is optimized with the Yoast SEO plugin v26.7 - https:\/\/yoast.com\/wordpress\/plugins\/seo\/ -->\n<title>Regeneracja katalizator\u00f3w i filtr\u00f3w DPF Inowroc\u0142aw | Kali\u0144ski<\/title>\n<meta name=\"robots\" content=\"index, follow, max-snippet:-1, max-image-preview:large, max-video-preview:-1\" \/>\n<link rel=\"canonical\" href=\"https:\/\/kalinski.pl\/serwis\/regeneracja-katalizatorow-i-filtrow-dpf-inowroclaw\/\" \/>\n<meta property=\"og:locale\" content=\"pl_PL\" \/>\n<meta property=\"og:type\" content=\"article\" \/>\n<meta property=\"og:title\" content=\"Regeneracja katalizator\u00f3w i filtr\u00f3w DPF Inowroc\u0142aw | Kali\u0144ski\" \/>\n<meta property=\"og:description\" content=\"Sprawny pojazd to nie tylko bardziej bezpieczna i komfortowa podr\u00f3\u017c, ale r\u00f3wnie\u017c wsparcie w zakresie ochrony \u015brodowiska. Prawid\u0142owo dzia\u0142aj\u0105cy uk\u0142ad wydechowy pozwala zmniejszy\u0107 ilo\u015b\u0107 wydzielanych spalin i ograniczy\u0107 zanieczyszczenia. Sygna\u0142em mog\u0105cym \u015bwiadczy\u0107 o tym, \u017ce konieczna jest regeneracja DPF lub czyszczenie katalizator\u00f3w jest nier\u00f3wna praca silnika, wy\u017csze spalanie paliwa, a tak\u017ce mniejsze osi\u0105gi. Regeneracja katalizator\u00f3w &hellip; Czytaj dalej Regeneracja katalizator\u00f3w i filtr\u00f3w DPF Inowroc\u0142aw\" \/>\n<meta property=\"og:url\" content=\"https:\/\/kalinski.pl\/serwis\/regeneracja-katalizatorow-i-filtrow-dpf-inowroclaw\/\" \/>\n<meta property=\"og:site_name\" content=\"Kali\u0144ski\" \/>\n<meta property=\"article:modified_time\" content=\"2020-10-02T09:11:23+00:00\" \/>\n<meta property=\"og:image\" content=\"https:\/\/kalinski.pl\/wp-content\/uploads\/Filtry_Kalinski-1-1110x303.png\" \/>\n<meta name=\"twitter:card\" content=\"summary_large_image\" \/>\n<meta name=\"twitter:label1\" content=\"Szacowany czas czytania\" \/>\n\t<meta name=\"twitter:data1\" content=\"2 minuty\" \/>\n<script type=\"application\/ld+json\" class=\"yoast-schema-graph\">{\"@context\":\"https:\/\/schema.org\",\"@graph\":[{\"@type\":\"WebPage\",\"@id\":\"https:\/\/kalinski.pl\/serwis\/regeneracja-katalizatorow-i-filtrow-dpf-inowroclaw\/\",\"url\":\"https:\/\/kalinski.pl\/serwis\/regeneracja-katalizatorow-i-filtrow-dpf-inowroclaw\/\",\"name\":\"Regeneracja katalizator\u00f3w i filtr\u00f3w DPF Inowroc\u0142aw | Kali\u0144ski\",\"isPartOf\":{\"@id\":\"https:\/\/kalinski.pl\/serwis\/#website\"},\"primaryImageOfPage\":{\"@id\":\"https:\/\/kalinski.pl\/serwis\/regeneracja-katalizatorow-i-filtrow-dpf-inowroclaw\/#primaryimage\"},\"image\":{\"@id\":\"https:\/\/kalinski.pl\/serwis\/regeneracja-katalizatorow-i-filtrow-dpf-inowroclaw\/#primaryimage\"},\"thumbnailUrl\":\"https:\/\/kalinski.pl\/wp-content\/uploads\/Filtry_Kalinski-1-1110x303.png\",\"datePublished\":\"2020-09-02T07:22:37+00:00\",\"dateModified\":\"2020-10-02T09:11:23+00:00\",\"breadcrumb\":{\"@id\":\"https:\/\/kalinski.pl\/serwis\/regeneracja-katalizatorow-i-filtrow-dpf-inowroclaw\/#breadcrumb\"},\"inLanguage\":\"pl-PL\",\"potentialAction\":[{\"@type\":\"ReadAction\",\"target\":[\"https:\/\/kalinski.pl\/serwis\/regeneracja-katalizatorow-i-filtrow-dpf-inowroclaw\/\"]}]},{\"@type\":\"ImageObject\",\"inLanguage\":\"pl-PL\",\"@id\":\"https:\/\/kalinski.pl\/serwis\/regeneracja-katalizatorow-i-filtrow-dpf-inowroclaw\/#primaryimage\",\"url\":\"https:\/\/kalinski.pl\/wp-content\/uploads\/Filtry_Kalinski-1-1110x303.png\",\"contentUrl\":\"https:\/\/kalinski.pl\/wp-content\/uploads\/Filtry_Kalinski-1-1110x303.png\"},{\"@type\":\"BreadcrumbList\",\"@id\":\"https:\/\/kalinski.pl\/serwis\/regeneracja-katalizatorow-i-filtrow-dpf-inowroclaw\/#breadcrumb\",\"itemListElement\":[{\"@type\":\"ListItem\",\"position\":1,\"name\":\"Strona g\u0142\u00f3wna\",\"item\":\"https:\/\/kalinski.pl\/serwis\/\"},{\"@type\":\"ListItem\",\"position\":2,\"name\":\"Regeneracja katalizator\u00f3w i filtr\u00f3w DPF Inowroc\u0142aw\"}]},{\"@type\":\"WebSite\",\"@id\":\"https:\/\/kalinski.pl\/serwis\/#website\",\"url\":\"https:\/\/kalinski.pl\/serwis\/\",\"name\":\"Kali\u0144ski\",\"description\":\"Uk\u0142ady wydechowe\",\"publisher\":{\"@id\":\"https:\/\/kalinski.pl\/serwis\/#organization\"},\"potentialAction\":[{\"@type\":\"SearchAction\",\"target\":{\"@type\":\"EntryPoint\",\"urlTemplate\":\"https:\/\/kalinski.pl\/serwis\/?s={search_term_string}\"},\"query-input\":{\"@type\":\"PropertyValueSpecification\",\"valueRequired\":true,\"valueName\":\"search_term_string\"}}],\"inLanguage\":\"pl-PL\"},{\"@type\":\"Organization\",\"@id\":\"https:\/\/kalinski.pl\/serwis\/#organization\",\"name\":\"Kali\u0144ski\",\"url\":\"https:\/\/kalinski.pl\/serwis\/\",\"logo\":{\"@type\":\"ImageObject\",\"inLanguage\":\"pl-PL\",\"@id\":\"https:\/\/kalinski.pl\/serwis\/#\/schema\/logo\/image\/\",\"url\":\"https:\/\/kalinski.pl\/serwis\/wp-content\/uploads\/2019\/03\/cropped-logo_white.jpg\",\"contentUrl\":\"https:\/\/kalinski.pl\/serwis\/wp-content\/uploads\/2019\/03\/cropped-logo_white.jpg\",\"width\":240,\"height\":63,\"caption\":\"Kali\u0144ski\"},\"image\":{\"@id\":\"https:\/\/kalinski.pl\/serwis\/#\/schema\/logo\/image\/\"}}]}<\/script>\n<!-- \/ Yoast SEO plugin. -->","yoast_head_json":{"title":"Regeneracja katalizator\u00f3w i filtr\u00f3w DPF Inowroc\u0142aw | Kali\u0144ski","robots":{"index":"index","follow":"follow","max-snippet":"max-snippet:-1","max-image-preview":"max-image-preview:large","max-video-preview":"max-video-preview:-1"},"canonical":"https:\/\/kalinski.pl\/serwis\/regeneracja-katalizatorow-i-filtrow-dpf-inowroclaw\/","og_locale":"pl_PL","og_type":"article","og_title":"Regeneracja katalizator\u00f3w i filtr\u00f3w DPF Inowroc\u0142aw | Kali\u0144ski","og_description":"Sprawny pojazd to nie tylko bardziej bezpieczna i komfortowa podr\u00f3\u017c, ale r\u00f3wnie\u017c wsparcie w zakresie ochrony \u015brodowiska. Prawid\u0142owo dzia\u0142aj\u0105cy uk\u0142ad wydechowy pozwala zmniejszy\u0107 ilo\u015b\u0107 wydzielanych spalin i ograniczy\u0107 zanieczyszczenia. Sygna\u0142em mog\u0105cym \u015bwiadczy\u0107 o tym, \u017ce konieczna jest regeneracja DPF lub czyszczenie katalizator\u00f3w jest nier\u00f3wna praca silnika, wy\u017csze spalanie paliwa, a tak\u017ce mniejsze osi\u0105gi. Regeneracja katalizator\u00f3w &hellip; Czytaj dalej Regeneracja katalizator\u00f3w i filtr\u00f3w DPF Inowroc\u0142aw","og_url":"https:\/\/kalinski.pl\/serwis\/regeneracja-katalizatorow-i-filtrow-dpf-inowroclaw\/","og_site_name":"Kali\u0144ski","article_modified_time":"2020-10-02T09:11:23+00:00","og_image":[{"url":"https:\/\/kalinski.pl\/wp-content\/uploads\/Filtry_Kalinski-1-1110x303.png","type":"","width":"","height":""}],"twitter_card":"summary_large_image","twitter_misc":{"Szacowany czas czytania":"2 minuty"},"schema":{"@context":"https:\/\/schema.org","@graph":[{"@type":"WebPage","@id":"https:\/\/kalinski.pl\/serwis\/regeneracja-katalizatorow-i-filtrow-dpf-inowroclaw\/","url":"https:\/\/kalinski.pl\/serwis\/regeneracja-katalizatorow-i-filtrow-dpf-inowroclaw\/","name":"Regeneracja katalizator\u00f3w i filtr\u00f3w DPF Inowroc\u0142aw | Kali\u0144ski","isPartOf":{"@id":"https:\/\/kalinski.pl\/serwis\/#website"},"primaryImageOfPage":{"@id":"https:\/\/kalinski.pl\/serwis\/regeneracja-katalizatorow-i-filtrow-dpf-inowroclaw\/#primaryimage"},"image":{"@id":"https:\/\/kalinski.pl\/serwis\/regeneracja-katalizatorow-i-filtrow-dpf-inowroclaw\/#primaryimage"},"thumbnailUrl":"https:\/\/kalinski.pl\/wp-content\/uploads\/Filtry_Kalinski-1-1110x303.png","datePublished":"2020-09-02T07:22:37+00:00","dateModified":"2020-10-02T09:11:23+00:00","breadcrumb":{"@id":"https:\/\/kalinski.pl\/serwis\/regeneracja-katalizatorow-i-filtrow-dpf-inowroclaw\/#breadcrumb"},"inLanguage":"pl-PL","potentialAction":[{"@type":"ReadAction","target":["https:\/\/kalinski.pl\/serwis\/regeneracja-katalizatorow-i-filtrow-dpf-inowroclaw\/"]}]},{"@type":"ImageObject","inLanguage":"pl-PL","@id":"https:\/\/kalinski.pl\/serwis\/regeneracja-katalizatorow-i-filtrow-dpf-inowroclaw\/#primaryimage","url":"https:\/\/kalinski.pl\/wp-content\/uploads\/Filtry_Kalinski-1-1110x303.png","contentUrl":"https:\/\/kalinski.pl\/wp-content\/uploads\/Filtry_Kalinski-1-1110x303.png"},{"@type":"BreadcrumbList","@id":"https:\/\/kalinski.pl\/serwis\/regeneracja-katalizatorow-i-filtrow-dpf-inowroclaw\/#breadcrumb","itemListElement":[{"@type":"ListItem","position":1,"name":"Strona g\u0142\u00f3wna","item":"https:\/\/kalinski.pl\/serwis\/"},{"@type":"ListItem","position":2,"name":"Regeneracja katalizator\u00f3w i filtr\u00f3w DPF Inowroc\u0142aw"}]},{"@type":"WebSite","@id":"https:\/\/kalinski.pl\/serwis\/#website","url":"https:\/\/kalinski.pl\/serwis\/","name":"Kali\u0144ski","description":"Uk\u0142ady wydechowe","publisher":{"@id":"https:\/\/kalinski.pl\/serwis\/#organization"},"potentialAction":[{"@type":"SearchAction","target":{"@type":"EntryPoint","urlTemplate":"https:\/\/kalinski.pl\/serwis\/?s={search_term_string}"},"query-input":{"@type":"PropertyValueSpecification","valueRequired":true,"valueName":"search_term_string"}}],"inLanguage":"pl-PL"},{"@type":"Organization","@id":"https:\/\/kalinski.pl\/serwis\/#organization","name":"Kali\u0144ski","url":"https:\/\/kalinski.pl\/serwis\/","logo":{"@type":"ImageObject","inLanguage":"pl-PL","@id":"https:\/\/kalinski.pl\/serwis\/#\/schema\/logo\/image\/","url":"https:\/\/kalinski.pl\/serwis\/wp-content\/uploads\/2019\/03\/cropped-logo_white.jpg","contentUrl":"https:\/\/kalinski.pl\/serwis\/wp-content\/uploads\/2019\/03\/cropped-logo_white.jpg","width":240,"height":63,"caption":"Kali\u0144ski"},"image":{"@id":"https:\/\/kalinski.pl\/serwis\/#\/schema\/logo\/image\/"}}]}},"_links":{"self":[{"href":"https:\/\/kalinski.pl\/serwis\/wp-json\/wp\/v2\/pages\/2162","targetHints":{"allow":["GET"]}}],"collection":[{"href":"https:\/\/kalinski.pl\/serwis\/wp-json\/wp\/v2\/pages"}],"about":[{"href":"https:\/\/kalinski.pl\/serwis\/wp-json\/wp\/v2\/types\/page"}],"author":[{"embeddable":true,"href":"https:\/\/kalinski.pl\/serwis\/wp-json\/wp\/v2\/users\/821794"}],"replies":[{"embeddable":true,"href":"https:\/\/kalinski.pl\/serwis\/wp-json\/wp\/v2\/comments?post=2162"}],"version-history":[{"count":0,"href":"https:\/\/kalinski.pl\/serwis\/wp-json\/wp\/v2\/pages\/2162\/revisions"}],"wp:attachment":[{"href":"https:\/\/kalinski.pl\/serwis\/wp-json\/wp\/v2\/media?parent=2162"}],"curies":[{"name":"wp","href":"https:\/\/api.w.org\/{rel}","templated":true}]}}