{"id":2141,"date":"2020-08-31T10:15:13","date_gmt":"2020-08-31T08:15:13","guid":{"rendered":"https:\/\/kalinski.pl\/?page_id=2141"},"modified":"2020-10-02T10:58:45","modified_gmt":"2020-10-02T08:58:45","slug":"regeneracja-katalizatorow-i-filtrow-dpf-gorzow-wielkopolski","status":"publish","type":"page","link":"https:\/\/kalinski.pl\/serwis\/regeneracja-katalizatorow-i-filtrow-dpf-gorzow-wielkopolski\/","title":{"rendered":"Regeneracja katalizator\u00f3w i filtr\u00f3w DPF Gorz\u00f3w Wielkopolski"},"content":{"rendered":"\n<figure class=\"wp-block-image size-large\"><img fetchpriority=\"high\" decoding=\"async\" width=\"1110\" height=\"303\" src=\"https:\/\/kalinski.pl\/wp-content\/uploads\/Filtry_Kalinski-1-1110x303.png\" alt=\"\" class=\"wp-image-1568\"\/><\/figure>\n\n\n<p style=\"margin-top: 25px;\" align=\"justify\">Ostatnie lata przynios\u0142y szereg zaostrze\u0144 dotycz\u0105cych norm emisji spalin. Oczywi\u015bcie jest to podyktowane rosn\u0105c\u0105 trosk\u0105 o \u015brodowisko naturalne. Jednak\u017ce ka\u017cda taka decyzja sprawia, \u017ce kierowcy musz\u0105 uwa\u017cnie obserwowa\u0107 prac\u0119 uk\u0142adu wydechowego w swoim samochodzie.<\/p>\n<p align=\"justify\">Czy to oznacza, \u017ce ka\u017cdy kierowca musi co jaki\u015b czas kupowa\u0107 fabrycznie nowe cz\u0119\u015bci? Niekoniecznie. Alternatyw\u0105 dla takiego rozwi\u0105zania jest regeneracja katalizator\u00f3w oraz <b>czyszczenie<\/b> <b>filtr\u00f3w DPF Gorz\u00f3w Wielkopolski<\/b>. Nasza firma wychodzi naprzeciw oczekiwaniom kierowc\u00f3w i zapewnia im us\u0142ug\u0119 profesjonalnej regeneracji cz\u0119\u015bci zwi\u0105zanych z uk\u0142adem wydechowym. Taka oferta jest kierowana do w\u0142a\u015bcicieli samochod\u00f3w osobowych oraz firm posiadaj\u0105cych w\u0142asn\u0105 flot\u0119 pojazd\u00f3w osobowych czy ci\u0119\u017carowych.<\/p>\n<p align=\"justify\">Na czym dok\u0142adnie to polega? <b>Regeneracja katalizator\u00f3w Gorz\u00f3w Wielkopolski<\/b> zak\u0142ada przede wszystkim wymian\u0119 wk\u0142ad\u00f3w znajduj\u0105cych si\u0119 we wn\u0119trzu zu\u017cytych egzemplarzy. Dzi\u0119ki temu katalizatory odzyskuj\u0105 swoje w\u0142a\u015bciwo\u015bci. Jest to powszechnie stosowana metoda w przypadku regeneracji katalizator\u00f3w montowanych w samochodach osobowych i ci\u0119\u017carowych.<\/p>\n<p align=\"justify\">Zamiast wymiany wk\u0142adu niezb\u0119dne mo\u017ce okaza\u0107 si\u0119 <b>czyszczenie katalizator\u00f3w Gorz\u00f3w Wielkopolski. <\/b>Przeprowadzenie takiego procesu pozwala na usuni\u0119cie wszelkich zabrudze\u0144 z wn\u0119trza tego elementu. Je\u017celi ilo\u015b\u0107 zgromadzonych zabrudze\u0144 i popio\u0142u jest szczeg\u00f3lnie du\u017ca, tak\u0105 us\u0142ug\u0119 mo\u017cna wykona\u0107 w przypadku aut ci\u0119\u017carowych, przeprowadzamy wtedy dodatkowe <b>wypalanie katalizator\u00f3w Gorz\u00f3w Wielkopolski.<\/b><\/p>\n<p align=\"justify\">W podobny spos\u00f3b przebiega <b>regeneracja DPF Gorz\u00f3w Wielkopolski. <\/b>Nasza firma dysponuje specjalistyczn\u0105 maszyn\u0105 marki Hartridge, kt\u00f3ra umo\u017cliwia nam dok\u0142adne oczyszczanie zu\u017cytych filtr\u00f3w. Regeneracja polega na oczyszczeniu strumieniem spr\u0119\u017conego powietrza a tak\u017ce wypalaniu w piecu. Po zako\u0144czeniu tej procedury upewniamy si\u0119, czy filtr DPF odzyska\u0142 swoj\u0105 pierwotn\u0105 przepustowo\u015b\u0107. Tym samym mo\u017cemy zagwarantowa\u0107 naszym klientom poprawne dzia\u0142anie zregenerowanych cz\u0119\u015bci. Je\u015bli filtr cz\u0105stek sta\u0142ych jest szczeg\u00f3lnie zanieczyszczony wykonujemy wymian\u0119 wk\u0142adu ceramicznego.<\/p>\n<p align=\"justify\">Nasza oferta jest kierowana do wszystkich kierowc\u00f3w z Gorzowa Wielkopolskiego. Je\u017celi maj\u0105 Pa\u0144stwo tak\u0105 mo\u017cliwo\u015b\u0107, zach\u0119camy do odwiedzenia naszego warsztatu w Chybach (ko\u0142o Poznania). Nasza firma prowadzi tak\u017ce dzia\u0142alno\u015b\u0107 wysy\u0142kow\u0105. Dlatego mog\u0105 Pa\u0144stwo zam\u00f3wi\u0107 u nas zregenerowany katalizator lub filtr, a my wy\u015blemy go bezpo\u015brednio na wskazany adres. Je\u015bli posiadamy identyczny katalizator lub filtr na naszym magazynie mo\u017cemy dostarczy\u0107 zregenerowany produkt ju\u017c nawet kolejnego dnia na wskazany adres.<\/p>\n\n\n<div class=\"wp-block-columns is-layout-flex wp-container-core-columns-is-layout-1 wp-block-columns-is-layout-flex\">\n<div class=\"wp-block-column is-layout-flow wp-block-column-is-layout-flow\">\n<p><strong>Kali\u0144ski<\/strong><\/p>\n\n\n\n<p>ul. Szamotulska 40<\/p>\n\n\n\n<p>62-081 Chyby \/ Pozna\u0144<\/p>\n\n\n\n<p><strong>Sklep internetowy<\/strong><\/p>\n\n\n\n<p><a href=\"tel:0048691545545\">+48 691 545 545<\/a><\/p>\n\n\n\n<p><a href=\"javascript:;\">sklep@kalinski.pl<\/a><\/p>\n\n\n\n<p><strong>Serwis stacjonarny<\/strong><\/p>\n\n\n\n<p><a href=\"tel:004861 8142777\">+48 61 814 27 77<\/a><\/p>\n\n\n\n<p><a>serwis@kalinski.pl<\/a><\/p>\n<\/div>\n\n\n\n<div class=\"wp-block-column is-layout-flow wp-block-column-is-layout-flow\">\n[contact-form-7 id=&#8221;2271&#8243; title=&#8221;Formularz 1_copy&#8221;]\n<\/div>\n<\/div>\n\n\n\n<iframe src=\"https:\/\/www.google.com\/maps\/embed?pb=!1m18!1m12!1m3!1d2431.024961043721!2d16.7608539158053!3d52.460575379803046!2m3!1f0!2f0!3f0!3m2!1i1024!2i768!4f13.1!3m3!1m2!1s0x470441321c9562cb%3A0xee0284f60b138572!2sSzamotulska%2040%2C%2062-081%20Chyby!5e0!3m2!1spl!2spl!4v1598862248906!5m2!1spl!2spl\" style=\"border:0;\" allowfullscreen=\"\" aria-hidden=\"false\" tabindex=\"0\" width=\"100%\" height=\"400\" frameborder=\"0\"><\/iframe>\n","protected":false},"excerpt":{"rendered":"<p>Ostatnie lata przynios\u0142y szereg zaostrze\u0144 dotycz\u0105cych norm emisji spalin. Oczywi\u015bcie jest to podyktowane rosn\u0105c\u0105 trosk\u0105 o \u015brodowisko naturalne. Jednak\u017ce ka\u017cda taka decyzja sprawia, \u017ce kierowcy musz\u0105 uwa\u017cnie obserwowa\u0107 prac\u0119 uk\u0142adu wydechowego w swoim samochodzie. Czy to oznacza, \u017ce ka\u017cdy kierowca musi co jaki\u015b czas kupowa\u0107 fabrycznie nowe cz\u0119\u015bci? Niekoniecznie. Alternatyw\u0105 dla takiego rozwi\u0105zania jest regeneracja &hellip; <a href=\"https:\/\/kalinski.pl\/serwis\/regeneracja-katalizatorow-i-filtrow-dpf-gorzow-wielkopolski\/\" class=\"more-link\">Czytaj dalej<span class=\"screen-reader-text\"> Regeneracja katalizator\u00f3w i filtr\u00f3w DPF Gorz\u00f3w Wielkopolski<\/span><\/a><\/p>\n","protected":false},"author":821794,"featured_media":0,"parent":0,"menu_order":0,"comment_status":"closed","ping_status":"closed","template":"","meta":{"footnotes":""},"class_list":["post-2141","page","type-page","status-publish","hentry"],"yoast_head":"<!-- This site is optimized with the Yoast SEO plugin v26.7 - https:\/\/yoast.com\/wordpress\/plugins\/seo\/ -->\n<title>Regeneracja katalizator\u00f3w i filtr\u00f3w DPF Gorz\u00f3w Wielkopolski | Kali\u0144ski<\/title>\n<meta name=\"robots\" content=\"index, follow, max-snippet:-1, max-image-preview:large, max-video-preview:-1\" \/>\n<link rel=\"canonical\" href=\"https:\/\/kalinski.pl\/serwis\/regeneracja-katalizatorow-i-filtrow-dpf-gorzow-wielkopolski\/\" \/>\n<meta property=\"og:locale\" content=\"pl_PL\" \/>\n<meta property=\"og:type\" content=\"article\" \/>\n<meta property=\"og:title\" content=\"Regeneracja katalizator\u00f3w i filtr\u00f3w DPF Gorz\u00f3w Wielkopolski | Kali\u0144ski\" \/>\n<meta property=\"og:description\" content=\"Ostatnie lata przynios\u0142y szereg zaostrze\u0144 dotycz\u0105cych norm emisji spalin. Oczywi\u015bcie jest to podyktowane rosn\u0105c\u0105 trosk\u0105 o \u015brodowisko naturalne. Jednak\u017ce ka\u017cda taka decyzja sprawia, \u017ce kierowcy musz\u0105 uwa\u017cnie obserwowa\u0107 prac\u0119 uk\u0142adu wydechowego w swoim samochodzie. Czy to oznacza, \u017ce ka\u017cdy kierowca musi co jaki\u015b czas kupowa\u0107 fabrycznie nowe cz\u0119\u015bci? Niekoniecznie. Alternatyw\u0105 dla takiego rozwi\u0105zania jest regeneracja &hellip; Czytaj dalej Regeneracja katalizator\u00f3w i filtr\u00f3w DPF Gorz\u00f3w Wielkopolski\" \/>\n<meta property=\"og:url\" content=\"https:\/\/kalinski.pl\/serwis\/regeneracja-katalizatorow-i-filtrow-dpf-gorzow-wielkopolski\/\" \/>\n<meta property=\"og:site_name\" content=\"Kali\u0144ski\" \/>\n<meta property=\"article:modified_time\" content=\"2020-10-02T08:58:45+00:00\" \/>\n<meta property=\"og:image\" content=\"https:\/\/kalinski.pl\/wp-content\/uploads\/Filtry_Kalinski-1-1110x303.png\" \/>\n<meta name=\"twitter:card\" content=\"summary_large_image\" \/>\n<meta name=\"twitter:label1\" content=\"Szacowany czas czytania\" \/>\n\t<meta name=\"twitter:data1\" content=\"2 minuty\" \/>\n<script type=\"application\/ld+json\" class=\"yoast-schema-graph\">{\"@context\":\"https:\/\/schema.org\",\"@graph\":[{\"@type\":\"WebPage\",\"@id\":\"https:\/\/kalinski.pl\/serwis\/regeneracja-katalizatorow-i-filtrow-dpf-gorzow-wielkopolski\/\",\"url\":\"https:\/\/kalinski.pl\/serwis\/regeneracja-katalizatorow-i-filtrow-dpf-gorzow-wielkopolski\/\",\"name\":\"Regeneracja katalizator\u00f3w i filtr\u00f3w DPF Gorz\u00f3w Wielkopolski | Kali\u0144ski\",\"isPartOf\":{\"@id\":\"https:\/\/kalinski.pl\/serwis\/#website\"},\"primaryImageOfPage\":{\"@id\":\"https:\/\/kalinski.pl\/serwis\/regeneracja-katalizatorow-i-filtrow-dpf-gorzow-wielkopolski\/#primaryimage\"},\"image\":{\"@id\":\"https:\/\/kalinski.pl\/serwis\/regeneracja-katalizatorow-i-filtrow-dpf-gorzow-wielkopolski\/#primaryimage\"},\"thumbnailUrl\":\"https:\/\/kalinski.pl\/wp-content\/uploads\/Filtry_Kalinski-1-1110x303.png\",\"datePublished\":\"2020-08-31T08:15:13+00:00\",\"dateModified\":\"2020-10-02T08:58:45+00:00\",\"breadcrumb\":{\"@id\":\"https:\/\/kalinski.pl\/serwis\/regeneracja-katalizatorow-i-filtrow-dpf-gorzow-wielkopolski\/#breadcrumb\"},\"inLanguage\":\"pl-PL\",\"potentialAction\":[{\"@type\":\"ReadAction\",\"target\":[\"https:\/\/kalinski.pl\/serwis\/regeneracja-katalizatorow-i-filtrow-dpf-gorzow-wielkopolski\/\"]}]},{\"@type\":\"ImageObject\",\"inLanguage\":\"pl-PL\",\"@id\":\"https:\/\/kalinski.pl\/serwis\/regeneracja-katalizatorow-i-filtrow-dpf-gorzow-wielkopolski\/#primaryimage\",\"url\":\"https:\/\/kalinski.pl\/wp-content\/uploads\/Filtry_Kalinski-1-1110x303.png\",\"contentUrl\":\"https:\/\/kalinski.pl\/wp-content\/uploads\/Filtry_Kalinski-1-1110x303.png\"},{\"@type\":\"BreadcrumbList\",\"@id\":\"https:\/\/kalinski.pl\/serwis\/regeneracja-katalizatorow-i-filtrow-dpf-gorzow-wielkopolski\/#breadcrumb\",\"itemListElement\":[{\"@type\":\"ListItem\",\"position\":1,\"name\":\"Strona g\u0142\u00f3wna\",\"item\":\"https:\/\/kalinski.pl\/serwis\/\"},{\"@type\":\"ListItem\",\"position\":2,\"name\":\"Regeneracja katalizator\u00f3w i filtr\u00f3w DPF Gorz\u00f3w Wielkopolski\"}]},{\"@type\":\"WebSite\",\"@id\":\"https:\/\/kalinski.pl\/serwis\/#website\",\"url\":\"https:\/\/kalinski.pl\/serwis\/\",\"name\":\"Kali\u0144ski\",\"description\":\"Uk\u0142ady wydechowe\",\"publisher\":{\"@id\":\"https:\/\/kalinski.pl\/serwis\/#organization\"},\"potentialAction\":[{\"@type\":\"SearchAction\",\"target\":{\"@type\":\"EntryPoint\",\"urlTemplate\":\"https:\/\/kalinski.pl\/serwis\/?s={search_term_string}\"},\"query-input\":{\"@type\":\"PropertyValueSpecification\",\"valueRequired\":true,\"valueName\":\"search_term_string\"}}],\"inLanguage\":\"pl-PL\"},{\"@type\":\"Organization\",\"@id\":\"https:\/\/kalinski.pl\/serwis\/#organization\",\"name\":\"Kali\u0144ski\",\"url\":\"https:\/\/kalinski.pl\/serwis\/\",\"logo\":{\"@type\":\"ImageObject\",\"inLanguage\":\"pl-PL\",\"@id\":\"https:\/\/kalinski.pl\/serwis\/#\/schema\/logo\/image\/\",\"url\":\"https:\/\/kalinski.pl\/serwis\/wp-content\/uploads\/2019\/03\/cropped-logo_white.jpg\",\"contentUrl\":\"https:\/\/kalinski.pl\/serwis\/wp-content\/uploads\/2019\/03\/cropped-logo_white.jpg\",\"width\":240,\"height\":63,\"caption\":\"Kali\u0144ski\"},\"image\":{\"@id\":\"https:\/\/kalinski.pl\/serwis\/#\/schema\/logo\/image\/\"}}]}<\/script>\n<!-- \/ Yoast SEO plugin. -->","yoast_head_json":{"title":"Regeneracja katalizator\u00f3w i filtr\u00f3w DPF Gorz\u00f3w Wielkopolski | Kali\u0144ski","robots":{"index":"index","follow":"follow","max-snippet":"max-snippet:-1","max-image-preview":"max-image-preview:large","max-video-preview":"max-video-preview:-1"},"canonical":"https:\/\/kalinski.pl\/serwis\/regeneracja-katalizatorow-i-filtrow-dpf-gorzow-wielkopolski\/","og_locale":"pl_PL","og_type":"article","og_title":"Regeneracja katalizator\u00f3w i filtr\u00f3w DPF Gorz\u00f3w Wielkopolski | Kali\u0144ski","og_description":"Ostatnie lata przynios\u0142y szereg zaostrze\u0144 dotycz\u0105cych norm emisji spalin. Oczywi\u015bcie jest to podyktowane rosn\u0105c\u0105 trosk\u0105 o \u015brodowisko naturalne. Jednak\u017ce ka\u017cda taka decyzja sprawia, \u017ce kierowcy musz\u0105 uwa\u017cnie obserwowa\u0107 prac\u0119 uk\u0142adu wydechowego w swoim samochodzie. Czy to oznacza, \u017ce ka\u017cdy kierowca musi co jaki\u015b czas kupowa\u0107 fabrycznie nowe cz\u0119\u015bci? Niekoniecznie. Alternatyw\u0105 dla takiego rozwi\u0105zania jest regeneracja &hellip; Czytaj dalej Regeneracja katalizator\u00f3w i filtr\u00f3w DPF Gorz\u00f3w Wielkopolski","og_url":"https:\/\/kalinski.pl\/serwis\/regeneracja-katalizatorow-i-filtrow-dpf-gorzow-wielkopolski\/","og_site_name":"Kali\u0144ski","article_modified_time":"2020-10-02T08:58:45+00:00","og_image":[{"url":"https:\/\/kalinski.pl\/wp-content\/uploads\/Filtry_Kalinski-1-1110x303.png","type":"","width":"","height":""}],"twitter_card":"summary_large_image","twitter_misc":{"Szacowany czas czytania":"2 minuty"},"schema":{"@context":"https:\/\/schema.org","@graph":[{"@type":"WebPage","@id":"https:\/\/kalinski.pl\/serwis\/regeneracja-katalizatorow-i-filtrow-dpf-gorzow-wielkopolski\/","url":"https:\/\/kalinski.pl\/serwis\/regeneracja-katalizatorow-i-filtrow-dpf-gorzow-wielkopolski\/","name":"Regeneracja katalizator\u00f3w i filtr\u00f3w DPF Gorz\u00f3w Wielkopolski | Kali\u0144ski","isPartOf":{"@id":"https:\/\/kalinski.pl\/serwis\/#website"},"primaryImageOfPage":{"@id":"https:\/\/kalinski.pl\/serwis\/regeneracja-katalizatorow-i-filtrow-dpf-gorzow-wielkopolski\/#primaryimage"},"image":{"@id":"https:\/\/kalinski.pl\/serwis\/regeneracja-katalizatorow-i-filtrow-dpf-gorzow-wielkopolski\/#primaryimage"},"thumbnailUrl":"https:\/\/kalinski.pl\/wp-content\/uploads\/Filtry_Kalinski-1-1110x303.png","datePublished":"2020-08-31T08:15:13+00:00","dateModified":"2020-10-02T08:58:45+00:00","breadcrumb":{"@id":"https:\/\/kalinski.pl\/serwis\/regeneracja-katalizatorow-i-filtrow-dpf-gorzow-wielkopolski\/#breadcrumb"},"inLanguage":"pl-PL","potentialAction":[{"@type":"ReadAction","target":["https:\/\/kalinski.pl\/serwis\/regeneracja-katalizatorow-i-filtrow-dpf-gorzow-wielkopolski\/"]}]},{"@type":"ImageObject","inLanguage":"pl-PL","@id":"https:\/\/kalinski.pl\/serwis\/regeneracja-katalizatorow-i-filtrow-dpf-gorzow-wielkopolski\/#primaryimage","url":"https:\/\/kalinski.pl\/wp-content\/uploads\/Filtry_Kalinski-1-1110x303.png","contentUrl":"https:\/\/kalinski.pl\/wp-content\/uploads\/Filtry_Kalinski-1-1110x303.png"},{"@type":"BreadcrumbList","@id":"https:\/\/kalinski.pl\/serwis\/regeneracja-katalizatorow-i-filtrow-dpf-gorzow-wielkopolski\/#breadcrumb","itemListElement":[{"@type":"ListItem","position":1,"name":"Strona g\u0142\u00f3wna","item":"https:\/\/kalinski.pl\/serwis\/"},{"@type":"ListItem","position":2,"name":"Regeneracja katalizator\u00f3w i filtr\u00f3w DPF Gorz\u00f3w Wielkopolski"}]},{"@type":"WebSite","@id":"https:\/\/kalinski.pl\/serwis\/#website","url":"https:\/\/kalinski.pl\/serwis\/","name":"Kali\u0144ski","description":"Uk\u0142ady wydechowe","publisher":{"@id":"https:\/\/kalinski.pl\/serwis\/#organization"},"potentialAction":[{"@type":"SearchAction","target":{"@type":"EntryPoint","urlTemplate":"https:\/\/kalinski.pl\/serwis\/?s={search_term_string}"},"query-input":{"@type":"PropertyValueSpecification","valueRequired":true,"valueName":"search_term_string"}}],"inLanguage":"pl-PL"},{"@type":"Organization","@id":"https:\/\/kalinski.pl\/serwis\/#organization","name":"Kali\u0144ski","url":"https:\/\/kalinski.pl\/serwis\/","logo":{"@type":"ImageObject","inLanguage":"pl-PL","@id":"https:\/\/kalinski.pl\/serwis\/#\/schema\/logo\/image\/","url":"https:\/\/kalinski.pl\/serwis\/wp-content\/uploads\/2019\/03\/cropped-logo_white.jpg","contentUrl":"https:\/\/kalinski.pl\/serwis\/wp-content\/uploads\/2019\/03\/cropped-logo_white.jpg","width":240,"height":63,"caption":"Kali\u0144ski"},"image":{"@id":"https:\/\/kalinski.pl\/serwis\/#\/schema\/logo\/image\/"}}]}},"_links":{"self":[{"href":"https:\/\/kalinski.pl\/serwis\/wp-json\/wp\/v2\/pages\/2141","targetHints":{"allow":["GET"]}}],"collection":[{"href":"https:\/\/kalinski.pl\/serwis\/wp-json\/wp\/v2\/pages"}],"about":[{"href":"https:\/\/kalinski.pl\/serwis\/wp-json\/wp\/v2\/types\/page"}],"author":[{"embeddable":true,"href":"https:\/\/kalinski.pl\/serwis\/wp-json\/wp\/v2\/users\/821794"}],"replies":[{"embeddable":true,"href":"https:\/\/kalinski.pl\/serwis\/wp-json\/wp\/v2\/comments?post=2141"}],"version-history":[{"count":0,"href":"https:\/\/kalinski.pl\/serwis\/wp-json\/wp\/v2\/pages\/2141\/revisions"}],"wp:attachment":[{"href":"https:\/\/kalinski.pl\/serwis\/wp-json\/wp\/v2\/media?parent=2141"}],"curies":[{"name":"wp","href":"https:\/\/api.w.org\/{rel}","templated":true}]}}