{"id":1833,"date":"2020-08-13T09:19:57","date_gmt":"2020-08-13T07:19:57","guid":{"rendered":"https:\/\/kalinski.pl\/?page_id=1833"},"modified":"2020-08-13T09:19:57","modified_gmt":"2020-08-13T07:19:57","slug":"regeneracja-filtrow-dpf-fap-gpf-eng","status":"publish","type":"page","link":"https:\/\/kalinski.pl\/serwis\/en\/regeneracja-filtrow-dpf-fap-gpf-eng\/","title":{"rendered":"Regeneracja filtr\u00f3w DPF, FAP, GPF eng"},"content":{"rendered":"<div class=\"katalizatory_png\"><img fetchpriority=\"high\" decoding=\"async\" class=\"alignnone size-full wp-image-1568\" src=\"https:\/\/kalinski.pl\/wp-content\/uploads\/Filtry_Kalinski-1.png\" alt=\"\" width=\"1920\" height=\"524\"><\/div>\n<div>&nbsp;<\/div>\n<div>&nbsp;<\/div>\n<div class=\"odstepy_strona\">\n<p>Obecnie ka\u017cdy samoch\u00f3d osobowy zobowi\u0105zany jest do posiadania filtra cz\u0105stek sta\u0142ych. W przypadku pojazd\u00f3w z silnikiem diesla stosuje si\u0119 <strong>filtry DPF oraz filtry FAP,<\/strong> samochody z silnikiem benzynowym od 2019 roku posiadaj\u0105 <strong>filtry GPF.<\/strong> Post\u0119puj\u0105ca z ka\u017cdym rokiem dba\u0142o\u015b\u0107 o \u015brodowisko wp\u0142ywa na wzrost koszt\u00f3w i cen eksploatacji aut, ale te\u017c coraz lepsz\u0105 jako\u015b\u0107 naszego \u015brodowiska. Dostrzegaj\u0105c ten trend kilkana\u015bcie lat temu w naszej firmie za\u0142o\u017cyli\u015bmy <strong>dzia\u0142 filtr\u00f3w cz\u0105stek sta\u0142ych i katalizator\u00f3w.<\/strong> Dzia\u0142 g\u0142\u00f3wnie skupia si\u0119 na <strong>serwisie filtr\u00f3w cz\u0105stek sta\u0142ych, naprawie filtr\u00f3w cz\u0105stek sta\u0142ych oraz regeneracji filtr\u00f3w cz\u0105stek sta\u0142ych.<\/strong><\/p>\n<p>Us\u0142ug\u0119 <strong>regeneracji katalizator\u00f3w, filtr\u00f3w cz\u0105stek sta\u0142ych<\/strong> \u015bwiadczymy na potrzeby naszego serwisu uk\u0142ad\u00f3w wydechowych znajduj\u0105cego si\u0119 w Chybach, <strong>nieopodal Poznania<\/strong>, ale r\u00f3wnie\u017c wysy\u0142kowo dostarczaj\u0105c produkty na terenie ca\u0142ego kraju, ale r\u00f3wnie\u017c poza jego granice.<\/p>\n<p><strong>Naprawa filtr\u00f3w DPF<\/strong> mo\u017ce zosta\u0107 wykonana na kilka sposob\u00f3w. Filtr cz\u0105stek sta\u0142ych mo\u017cna wymieni\u0107 na nowy, u\u017cywany lub wykona\u0107 <strong>regeneracj\u0119 DPF.<\/strong> W naszym serwisie preferujemy <strong>regeneracj\u0119 filtr\u00f3w cz\u0105stek sta\u0142ych<\/strong> czy <strong>regeneracj\u0119 filtra FAP oraz GPF.<\/strong> Do regeneracji wykorzystujemy maszyn\u0119 produkcji brytyjskiej firmy Hartridge DPF 300. Maszyna polecana jest przez wiele znanych i cenionych marek, m.in. Volvo, Scania, DAF czy Caterpillar. W ramach regeneracji filtr wypalamy jest, w temperaturze do 600 stopni. Proces ten pozwala na <strong>poluzowaniu sadzy<\/strong> oraz <strong>wypaleniu jej do postaci popio\u0142u<\/strong>. Kolejnym etapem regeneracji jest wydmuchanie zanieczyszcze\u0144 z filtra cz\u0105stek sta\u0142ych za pomoc\u0105 spr\u0119\u017conego strumienia powietrza pod wysokim ci\u015bnieniem. Zanieczyszczenia dostaj\u0105 si\u0119 do specjalnego pojemnika a kolejno zostaj\u0105 zutylizowane. Wykonujemy r\u00f3wnie\u017c <strong>regeneracj\u0119 filtra DPF<\/strong> poprzez wymian\u0119 wk\u0142ad\u00f3w ceramicznych, ta metoda przywraca pe\u0142n\u0105 sprawno\u015b\u0107.<\/p>\n<p>Nie wykonujemy regeneracji poprzez <strong>\u201emycie DPF&#8221;<\/strong> czy <strong>\u201epranie filtr\u00f3w cz\u0105stek sta\u0142ych&#8221;<\/strong>. W przypadku tych metod problemem jest wysuszenie w pe\u0142ni filtra, co mo\u017ce doprowadzi\u0107 do szybkiego, ponownego zapchania. Po\u0142\u0105czenie sadzy i wody mo\u017ce bardzo szybko zmniejszy\u0107 przepustowo\u015b\u0107 spalin. Jak r\u00f3wnie\u017c wyp\u0142ukania metali szlachetnych potrzebnych do przeprowadzenia prawid\u0142owego procesu samo regeneracji. Obecnie jednak wi\u0119kszo\u015b\u0107 firm korzysta z tej metody. R\u00f3wnie\u017c <strong>domowe sposoby regeneracji DPF<\/strong> maj\u0105 swoje wady. Regeneruj\u0105c filtry w swoim gara\u017cu tylko tymczasowo pozb\u0119dziemy si\u0119 problemu zwi\u0105zanego z DPF-em. Trudno nam b\u0119dzie r\u00f3wnie\u017c wykona\u0107 komputerow\u0105 adaptacj\u0119, co jest niezb\u0119dne do usuni\u0119cia b\u0142\u0119du silnika \u201echeck engine\u201d.<\/p>\n<p>Niew\u0142a\u015bciwa regeneracja filtr\u00f3w mo\u017ce spowodowa\u0107 uszkodzenie filtra, szczeg\u00f3lnie w przypadku znacznej ingerencji w jego wn\u0119trzu. Uszkodzenie ceramicznego wk\u0142adu b\u0119dzie wi\u0105za\u0142o si\u0119 z jego wymian\u0105 w profesjonalnym <strong>serwisie DPF.<\/strong> Koszt wymiany wn\u0119trza filtra b\u0119dzie wy\u017cszy ni\u017c tradycyjnie przeprowadzonej regeneracji.<\/p>\n<p><strong>Nasz serwis DPF<\/strong> stawia na jako\u015b\u0107 swoich us\u0142ug a wszystkim produktom, nawet tym regenerowanym udzielamy gwarancji. Klienci, kt\u00f3rzy korzystali z naszych produkt\u00f3w chwal\u0105 sobie jako\u015b\u0107 obs\u0142ugi, nasz\u0105 poczekalni\u0119, wykonane us\u0142ugi czy zakupione produkty. W czasie prawie<strong> 30-letniej historii<\/strong> zdobyli\u015bmy ogromne do\u015bwiadczenie, kt\u00f3re pomaga nam w zapewnieniu w\u0142a\u015bciwego poziomu realizowanych us\u0142ug.<\/p>\n<\/div>\n","protected":false},"excerpt":{"rendered":"<p>&nbsp; &nbsp; Obecnie ka\u017cdy samoch\u00f3d osobowy zobowi\u0105zany jest do posiadania filtra cz\u0105stek sta\u0142ych. W przypadku pojazd\u00f3w z silnikiem diesla stosuje si\u0119 filtry DPF oraz filtry FAP, samochody z silnikiem benzynowym od 2019 roku posiadaj\u0105 filtry GPF. Post\u0119puj\u0105ca z ka\u017cdym rokiem dba\u0142o\u015b\u0107 o \u015brodowisko wp\u0142ywa na wzrost koszt\u00f3w i cen eksploatacji aut, ale te\u017c coraz lepsz\u0105 &hellip; <a href=\"https:\/\/kalinski.pl\/serwis\/en\/regeneracja-filtrow-dpf-fap-gpf-eng\/\" class=\"more-link\">Czytaj dalej<span class=\"screen-reader-text\"> Regeneracja filtr\u00f3w DPF, FAP, GPF eng<\/span><\/a><\/p>\n","protected":false},"author":1024,"featured_media":0,"parent":0,"menu_order":0,"comment_status":"closed","ping_status":"closed","template":"","meta":{"footnotes":""},"class_list":["post-1833","page","type-page","status-publish","hentry"],"yoast_head":"<!-- This site is optimized with the Yoast SEO plugin v26.7 - https:\/\/yoast.com\/wordpress\/plugins\/seo\/ -->\n<title>Regeneracja filtr\u00f3w DPF, FAP, GPF - Pozna\u0144, Chyby | Kali\u0144ski<\/title>\n<meta name=\"description\" content=\"Filtry cz\u0105stek sta\u0142ych stanowi\u0105 coraz wi\u0119kszy dzia\u0142 naszej firmy. Zajmujemy si\u0119 filtrami DPF, FAP, GPF, w szczeg\u00f3lno\u015bci propaguj\u0105c regeneracj\u0119 filtr\u00f3w.\" \/>\n<meta name=\"robots\" content=\"index, follow, max-snippet:-1, max-image-preview:large, max-video-preview:-1\" \/>\n<link rel=\"canonical\" href=\"https:\/\/kalinski.pl\/serwis\/en\/regeneracja-filtrow-dpf-fap-gpf-eng\/\" \/>\n<meta property=\"og:locale\" content=\"pl_PL\" \/>\n<meta property=\"og:type\" content=\"article\" \/>\n<meta property=\"og:title\" content=\"Regeneracja filtr\u00f3w DPF, FAP, GPF - Pozna\u0144, Chyby | Kali\u0144ski\" \/>\n<meta property=\"og:description\" content=\"Filtry cz\u0105stek sta\u0142ych stanowi\u0105 coraz wi\u0119kszy dzia\u0142 naszej firmy. Zajmujemy si\u0119 filtrami DPF, FAP, GPF, w szczeg\u00f3lno\u015bci propaguj\u0105c regeneracj\u0119 filtr\u00f3w.\" \/>\n<meta property=\"og:url\" content=\"https:\/\/kalinski.pl\/serwis\/en\/regeneracja-filtrow-dpf-fap-gpf-eng\/\" \/>\n<meta property=\"og:site_name\" content=\"Kali\u0144ski\" \/>\n<meta property=\"og:image\" content=\"https:\/\/kalinski.pl\/wp-content\/uploads\/Filtry_Kalinski-1.png\" \/>\n<meta name=\"twitter:card\" content=\"summary_large_image\" \/>\n<meta name=\"twitter:label1\" content=\"Szacowany czas czytania\" \/>\n\t<meta name=\"twitter:data1\" content=\"3 minuty\" \/>\n<script type=\"application\/ld+json\" class=\"yoast-schema-graph\">{\"@context\":\"https:\/\/schema.org\",\"@graph\":[{\"@type\":\"WebPage\",\"@id\":\"https:\/\/kalinski.pl\/serwis\/en\/regeneracja-filtrow-dpf-fap-gpf-eng\/\",\"url\":\"https:\/\/kalinski.pl\/serwis\/en\/regeneracja-filtrow-dpf-fap-gpf-eng\/\",\"name\":\"Regeneracja filtr\u00f3w DPF, FAP, GPF - Pozna\u0144, Chyby | Kali\u0144ski\",\"isPartOf\":{\"@id\":\"https:\/\/kalinski.pl\/serwis\/#website\"},\"primaryImageOfPage\":{\"@id\":\"https:\/\/kalinski.pl\/serwis\/en\/regeneracja-filtrow-dpf-fap-gpf-eng\/#primaryimage\"},\"image\":{\"@id\":\"https:\/\/kalinski.pl\/serwis\/en\/regeneracja-filtrow-dpf-fap-gpf-eng\/#primaryimage\"},\"thumbnailUrl\":\"https:\/\/kalinski.pl\/wp-content\/uploads\/Filtry_Kalinski-1.png\",\"datePublished\":\"2020-08-13T07:19:57+00:00\",\"description\":\"Filtry cz\u0105stek sta\u0142ych stanowi\u0105 coraz wi\u0119kszy dzia\u0142 naszej firmy. Zajmujemy si\u0119 filtrami DPF, FAP, GPF, w szczeg\u00f3lno\u015bci propaguj\u0105c regeneracj\u0119 filtr\u00f3w.\",\"breadcrumb\":{\"@id\":\"https:\/\/kalinski.pl\/serwis\/en\/regeneracja-filtrow-dpf-fap-gpf-eng\/#breadcrumb\"},\"inLanguage\":\"pl-PL\",\"potentialAction\":[{\"@type\":\"ReadAction\",\"target\":[\"https:\/\/kalinski.pl\/serwis\/en\/regeneracja-filtrow-dpf-fap-gpf-eng\/\"]}]},{\"@type\":\"ImageObject\",\"inLanguage\":\"pl-PL\",\"@id\":\"https:\/\/kalinski.pl\/serwis\/en\/regeneracja-filtrow-dpf-fap-gpf-eng\/#primaryimage\",\"url\":\"https:\/\/kalinski.pl\/wp-content\/uploads\/Filtry_Kalinski-1.png\",\"contentUrl\":\"https:\/\/kalinski.pl\/wp-content\/uploads\/Filtry_Kalinski-1.png\"},{\"@type\":\"BreadcrumbList\",\"@id\":\"https:\/\/kalinski.pl\/serwis\/en\/regeneracja-filtrow-dpf-fap-gpf-eng\/#breadcrumb\",\"itemListElement\":[{\"@type\":\"ListItem\",\"position\":1,\"name\":\"Strona g\u0142\u00f3wna\",\"item\":\"https:\/\/kalinski.pl\/serwis\/\"},{\"@type\":\"ListItem\",\"position\":2,\"name\":\"Regeneracja filtr\u00f3w DPF, FAP, GPF eng\"}]},{\"@type\":\"WebSite\",\"@id\":\"https:\/\/kalinski.pl\/serwis\/#website\",\"url\":\"https:\/\/kalinski.pl\/serwis\/\",\"name\":\"Kali\u0144ski\",\"description\":\"Uk\u0142ady wydechowe\",\"publisher\":{\"@id\":\"https:\/\/kalinski.pl\/serwis\/#organization\"},\"potentialAction\":[{\"@type\":\"SearchAction\",\"target\":{\"@type\":\"EntryPoint\",\"urlTemplate\":\"https:\/\/kalinski.pl\/serwis\/?s={search_term_string}\"},\"query-input\":{\"@type\":\"PropertyValueSpecification\",\"valueRequired\":true,\"valueName\":\"search_term_string\"}}],\"inLanguage\":\"pl-PL\"},{\"@type\":\"Organization\",\"@id\":\"https:\/\/kalinski.pl\/serwis\/#organization\",\"name\":\"Kali\u0144ski\",\"url\":\"https:\/\/kalinski.pl\/serwis\/\",\"logo\":{\"@type\":\"ImageObject\",\"inLanguage\":\"pl-PL\",\"@id\":\"https:\/\/kalinski.pl\/serwis\/#\/schema\/logo\/image\/\",\"url\":\"https:\/\/kalinski.pl\/serwis\/wp-content\/uploads\/2019\/03\/cropped-logo_white.jpg\",\"contentUrl\":\"https:\/\/kalinski.pl\/serwis\/wp-content\/uploads\/2019\/03\/cropped-logo_white.jpg\",\"width\":240,\"height\":63,\"caption\":\"Kali\u0144ski\"},\"image\":{\"@id\":\"https:\/\/kalinski.pl\/serwis\/#\/schema\/logo\/image\/\"}}]}<\/script>\n<!-- \/ Yoast SEO plugin. -->","yoast_head_json":{"title":"Regeneracja filtr\u00f3w DPF, FAP, GPF - Pozna\u0144, Chyby | Kali\u0144ski","description":"Filtry cz\u0105stek sta\u0142ych stanowi\u0105 coraz wi\u0119kszy dzia\u0142 naszej firmy. Zajmujemy si\u0119 filtrami DPF, FAP, GPF, w szczeg\u00f3lno\u015bci propaguj\u0105c regeneracj\u0119 filtr\u00f3w.","robots":{"index":"index","follow":"follow","max-snippet":"max-snippet:-1","max-image-preview":"max-image-preview:large","max-video-preview":"max-video-preview:-1"},"canonical":"https:\/\/kalinski.pl\/serwis\/en\/regeneracja-filtrow-dpf-fap-gpf-eng\/","og_locale":"pl_PL","og_type":"article","og_title":"Regeneracja filtr\u00f3w DPF, FAP, GPF - Pozna\u0144, Chyby | Kali\u0144ski","og_description":"Filtry cz\u0105stek sta\u0142ych stanowi\u0105 coraz wi\u0119kszy dzia\u0142 naszej firmy. Zajmujemy si\u0119 filtrami DPF, FAP, GPF, w szczeg\u00f3lno\u015bci propaguj\u0105c regeneracj\u0119 filtr\u00f3w.","og_url":"https:\/\/kalinski.pl\/serwis\/en\/regeneracja-filtrow-dpf-fap-gpf-eng\/","og_site_name":"Kali\u0144ski","og_image":[{"url":"https:\/\/kalinski.pl\/wp-content\/uploads\/Filtry_Kalinski-1.png","type":"","width":"","height":""}],"twitter_card":"summary_large_image","twitter_misc":{"Szacowany czas czytania":"3 minuty"},"schema":{"@context":"https:\/\/schema.org","@graph":[{"@type":"WebPage","@id":"https:\/\/kalinski.pl\/serwis\/en\/regeneracja-filtrow-dpf-fap-gpf-eng\/","url":"https:\/\/kalinski.pl\/serwis\/en\/regeneracja-filtrow-dpf-fap-gpf-eng\/","name":"Regeneracja filtr\u00f3w DPF, FAP, GPF - Pozna\u0144, Chyby | Kali\u0144ski","isPartOf":{"@id":"https:\/\/kalinski.pl\/serwis\/#website"},"primaryImageOfPage":{"@id":"https:\/\/kalinski.pl\/serwis\/en\/regeneracja-filtrow-dpf-fap-gpf-eng\/#primaryimage"},"image":{"@id":"https:\/\/kalinski.pl\/serwis\/en\/regeneracja-filtrow-dpf-fap-gpf-eng\/#primaryimage"},"thumbnailUrl":"https:\/\/kalinski.pl\/wp-content\/uploads\/Filtry_Kalinski-1.png","datePublished":"2020-08-13T07:19:57+00:00","description":"Filtry cz\u0105stek sta\u0142ych stanowi\u0105 coraz wi\u0119kszy dzia\u0142 naszej firmy. Zajmujemy si\u0119 filtrami DPF, FAP, GPF, w szczeg\u00f3lno\u015bci propaguj\u0105c regeneracj\u0119 filtr\u00f3w.","breadcrumb":{"@id":"https:\/\/kalinski.pl\/serwis\/en\/regeneracja-filtrow-dpf-fap-gpf-eng\/#breadcrumb"},"inLanguage":"pl-PL","potentialAction":[{"@type":"ReadAction","target":["https:\/\/kalinski.pl\/serwis\/en\/regeneracja-filtrow-dpf-fap-gpf-eng\/"]}]},{"@type":"ImageObject","inLanguage":"pl-PL","@id":"https:\/\/kalinski.pl\/serwis\/en\/regeneracja-filtrow-dpf-fap-gpf-eng\/#primaryimage","url":"https:\/\/kalinski.pl\/wp-content\/uploads\/Filtry_Kalinski-1.png","contentUrl":"https:\/\/kalinski.pl\/wp-content\/uploads\/Filtry_Kalinski-1.png"},{"@type":"BreadcrumbList","@id":"https:\/\/kalinski.pl\/serwis\/en\/regeneracja-filtrow-dpf-fap-gpf-eng\/#breadcrumb","itemListElement":[{"@type":"ListItem","position":1,"name":"Strona g\u0142\u00f3wna","item":"https:\/\/kalinski.pl\/serwis\/"},{"@type":"ListItem","position":2,"name":"Regeneracja filtr\u00f3w DPF, FAP, GPF eng"}]},{"@type":"WebSite","@id":"https:\/\/kalinski.pl\/serwis\/#website","url":"https:\/\/kalinski.pl\/serwis\/","name":"Kali\u0144ski","description":"Uk\u0142ady wydechowe","publisher":{"@id":"https:\/\/kalinski.pl\/serwis\/#organization"},"potentialAction":[{"@type":"SearchAction","target":{"@type":"EntryPoint","urlTemplate":"https:\/\/kalinski.pl\/serwis\/?s={search_term_string}"},"query-input":{"@type":"PropertyValueSpecification","valueRequired":true,"valueName":"search_term_string"}}],"inLanguage":"pl-PL"},{"@type":"Organization","@id":"https:\/\/kalinski.pl\/serwis\/#organization","name":"Kali\u0144ski","url":"https:\/\/kalinski.pl\/serwis\/","logo":{"@type":"ImageObject","inLanguage":"pl-PL","@id":"https:\/\/kalinski.pl\/serwis\/#\/schema\/logo\/image\/","url":"https:\/\/kalinski.pl\/serwis\/wp-content\/uploads\/2019\/03\/cropped-logo_white.jpg","contentUrl":"https:\/\/kalinski.pl\/serwis\/wp-content\/uploads\/2019\/03\/cropped-logo_white.jpg","width":240,"height":63,"caption":"Kali\u0144ski"},"image":{"@id":"https:\/\/kalinski.pl\/serwis\/#\/schema\/logo\/image\/"}}]}},"_links":{"self":[{"href":"https:\/\/kalinski.pl\/serwis\/wp-json\/wp\/v2\/pages\/1833","targetHints":{"allow":["GET"]}}],"collection":[{"href":"https:\/\/kalinski.pl\/serwis\/wp-json\/wp\/v2\/pages"}],"about":[{"href":"https:\/\/kalinski.pl\/serwis\/wp-json\/wp\/v2\/types\/page"}],"author":[{"embeddable":true,"href":"https:\/\/kalinski.pl\/serwis\/wp-json\/wp\/v2\/users\/1024"}],"replies":[{"embeddable":true,"href":"https:\/\/kalinski.pl\/serwis\/wp-json\/wp\/v2\/comments?post=1833"}],"version-history":[{"count":0,"href":"https:\/\/kalinski.pl\/serwis\/wp-json\/wp\/v2\/pages\/1833\/revisions"}],"wp:attachment":[{"href":"https:\/\/kalinski.pl\/serwis\/wp-json\/wp\/v2\/media?parent=1833"}],"curies":[{"name":"wp","href":"https:\/\/api.w.org\/{rel}","templated":true}]}}