{"id":1823,"date":"2020-08-13T09:11:47","date_gmt":"2020-08-13T07:11:47","guid":{"rendered":"https:\/\/kalinski.pl\/?page_id=1823"},"modified":"2020-08-13T09:11:47","modified_gmt":"2020-08-13T07:11:47","slug":"odprezanie-rur-eng","status":"publish","type":"page","link":"https:\/\/kalinski.pl\/serwis\/en\/odprezanie-rur-eng\/","title":{"rendered":"Odpr\u0119\u017canie rur eng"},"content":{"rendered":"<div class=\"odprezanie_img\"><img fetchpriority=\"high\" decoding=\"async\" class=\"alignnone size-full wp-image-1449\" src=\"https:\/\/kalinski.pl\/wp-content\/uploads\/rurykalinski.jpg\" alt=\"\" width=\"1100\" height=\"300\"><\/div>\n<div class=\"odstepy_strona\">\n<p>Wykonujemy r\u00f3wnie\u017c <strong>odpr\u0119\u017canie stali<\/strong>, g\u0142\u00f3wnie rur gi\u0119tych czy prostych, kt\u00f3re sami wykonujemy a tak\u017ce odpr\u0119\u017camy rury i elementy, kt\u00f3re zostaj\u0105 nam dostarczone. <strong>Odpr\u0119\u017canie polega na obr\u00f3bce cieplnej rur<\/strong> w celu zmniejszenia napr\u0119\u017ce\u0144 w\u0142asnych i przywr\u00f3cenia stanu r\u00f3wnowagi. Opr\u00f3cz odpr\u0119\u017cania indukcyjnego stosuje si\u0119 te\u017c <strong>odpr\u0119\u017canie wibracyjne<\/strong>. Podczas gi\u0119cia czyli obr\u00f3bki plastycznej mo\u017ce doj\u015b\u0107 do zmian napr\u0119\u017ce\u0144 wewn\u0119trznych rur, ich odpr\u0119\u017canie neutralizuje ten proces, przywracaj\u0105c minimalne napr\u0119\u017cenia element\u00f3w. Nie tylko gi\u0119cie ale r\u00f3wnie\u017c spawanie wywo\u0142uje napr\u0119\u017cenia wewn\u0119trzne, dlatego te\u017c stosuje si\u0119 <strong>odpr\u0119\u017canie konstrukcji spawanych. <\/strong>W wielu przypadkach wa\u017cne jest, \u017ceby wykona\u0107 <strong>odpr\u0119\u017canie po spawaniu.<\/strong><\/p>\n<p>W naszej firmie realizujemy <strong>odpr\u0119\u017canie pod wp\u0142ywem ciep\u0142a<\/strong>, tj. indukcyjne. Odpr\u0119\u017cane elementy s\u0105 ogrzewane do wysokiej temperatury przez pewien okres czasu a kolejno powolnie sch\u0142adzane. Wykonywane w ten spos\u00f3b odpr\u0119\u017canie nazywa si\u0119 <strong>wy\u017carzaniem.<\/strong><\/p>\n<p><strong>Odpr\u0119\u017canie<\/strong> niesie ze sob\u0105 wiele pozytywnych zmian. Nie tylko likwiduje wewn\u0119trzne napr\u0119\u017cenia ale r\u00f3wnie\u017c wp\u0142ywa na <strong>trwa\u0142o\u015b\u0107 stali, jej twardo\u015b\u0107, zmniejszaj\u0105c plastyczno\u015b\u0107.<\/strong> W momencie wy\u017carzania rur mo\u017ce doj\u015b\u0107 do zmian altropowych, czyli sytuacji, kiedy w stali w tych samych stanach skupienia znajduj\u0105 si\u0119 r\u00f3\u017cne odmiany tego samego pierwiastka. R\u00f3\u017cne odmiany pierwiastka maj\u0105 inne w\u0142a\u015bciwo\u015bci fizyczne i chemiczne<\/p>\n<p>Ze wzgl\u0119du na swoje w\u0142a\u015bciwo\u015bci rury odpr\u0119\u017cone wykorzystywane s\u0105 w szczeg\u00f3lno\u015bci do tworzenia <strong>uk\u0142ad\u00f3w wydechowych, dolotowych jak r\u00f3wnie\u017c balustrad, schod\u00f3w, konstrukcji stalowych, element\u00f3w wykorzystywanych w bran\u017cy meblarskiej w po\u0142\u0105czeniu z innymi elementami takimi jak pr\u0119ty, rury, profile metalowe. <\/strong>Na naszej stronie mo\u017cecie zapozna\u0107 si\u0119 z naszymi licznymi realizacjami z rur odpr\u0119\u017conych i nie tylko.<\/p>\n<p>Pozna\u0144 oraz okolicy stanowi\u0105 bezpo\u015bredni\u0105 okolice \u015bwiadczenia naszych us\u0142ug. Nasza firma znajduje si\u0119 w podpozna\u0144skich Chybach. Sami <strong>gniemy, docinamy, odpr\u0119\u017camy rury <\/strong>ale r\u00f3wnie\u017c wykonujemy us\u0142ugi na ju\u017c powierzonych materia\u0142ach. Materia\u0142y mo\u017cna nam dos\u0142a\u0107 z dowolnego miejsca w Polsce czy Europie. Posiadamy r\u00f3wnie\u017c sklep internetowy, w kt\u00f3rym widoczne s\u0105 ceny naszych produkt\u00f3w, a w szczeg\u00f3lno\u015bci kolan, rur gi\u0119tych, ca\u0142o\u015b\u0107 znajdziesz na kalinski.pl\/sklep. Cena us\u0142ugi odpr\u0119\u017cania rur natomiast zale\u017cna jest od ilo\u015bci zam\u00f3wienia, dokonywana jest na podstawie planowanego zam\u00f3wienia. Czas realizacji zale\u017cny jest od naszego obecnego obci\u0105\u017cenia i wynosi kilka dni.&nbsp;<\/p>\n<\/div>\n","protected":false},"excerpt":{"rendered":"<p>Wykonujemy r\u00f3wnie\u017c odpr\u0119\u017canie stali, g\u0142\u00f3wnie rur gi\u0119tych czy prostych, kt\u00f3re sami wykonujemy a tak\u017ce odpr\u0119\u017camy rury i elementy, kt\u00f3re zostaj\u0105 nam dostarczone. Odpr\u0119\u017canie polega na obr\u00f3bce cieplnej rur w celu zmniejszenia napr\u0119\u017ce\u0144 w\u0142asnych i przywr\u00f3cenia stanu r\u00f3wnowagi. Opr\u00f3cz odpr\u0119\u017cania indukcyjnego stosuje si\u0119 te\u017c odpr\u0119\u017canie wibracyjne. Podczas gi\u0119cia czyli obr\u00f3bki plastycznej mo\u017ce doj\u015b\u0107 do zmian napr\u0119\u017ce\u0144 &hellip; <a href=\"https:\/\/kalinski.pl\/serwis\/en\/odprezanie-rur-eng\/\" class=\"more-link\">Czytaj dalej<span class=\"screen-reader-text\"> Odpr\u0119\u017canie rur eng<\/span><\/a><\/p>\n","protected":false},"author":1024,"featured_media":0,"parent":0,"menu_order":0,"comment_status":"closed","ping_status":"closed","template":"","meta":{"footnotes":""},"class_list":["post-1823","page","type-page","status-publish","hentry"],"yoast_head":"<!-- This site is optimized with the Yoast SEO plugin v26.7 - https:\/\/yoast.com\/wordpress\/plugins\/seo\/ -->\n<title>Gi\u0119cie, docinanie i odpr\u0119\u017canie rur i konstrukcji spawanych - Pozna\u0144, Chyby | Kali\u0144ski<\/title>\n<meta name=\"robots\" content=\"index, follow, max-snippet:-1, max-image-preview:large, max-video-preview:-1\" \/>\n<link rel=\"canonical\" href=\"https:\/\/kalinski.pl\/serwis\/en\/odprezanie-rur-eng\/\" \/>\n<meta property=\"og:locale\" content=\"pl_PL\" \/>\n<meta property=\"og:type\" content=\"article\" \/>\n<meta property=\"og:title\" content=\"Gi\u0119cie, docinanie i odpr\u0119\u017canie rur i konstrukcji spawanych - Pozna\u0144, Chyby | Kali\u0144ski\" \/>\n<meta property=\"og:description\" content=\"Wykonujemy r\u00f3wnie\u017c odpr\u0119\u017canie stali, g\u0142\u00f3wnie rur gi\u0119tych czy prostych, kt\u00f3re sami wykonujemy a tak\u017ce odpr\u0119\u017camy rury i elementy, kt\u00f3re zostaj\u0105 nam dostarczone. Odpr\u0119\u017canie polega na obr\u00f3bce cieplnej rur w celu zmniejszenia napr\u0119\u017ce\u0144 w\u0142asnych i przywr\u00f3cenia stanu r\u00f3wnowagi. Opr\u00f3cz odpr\u0119\u017cania indukcyjnego stosuje si\u0119 te\u017c odpr\u0119\u017canie wibracyjne. Podczas gi\u0119cia czyli obr\u00f3bki plastycznej mo\u017ce doj\u015b\u0107 do zmian napr\u0119\u017ce\u0144 &hellip; Czytaj dalej Odpr\u0119\u017canie rur eng\" \/>\n<meta property=\"og:url\" content=\"https:\/\/kalinski.pl\/serwis\/en\/odprezanie-rur-eng\/\" \/>\n<meta property=\"og:site_name\" content=\"Kali\u0144ski\" \/>\n<meta property=\"og:image\" content=\"https:\/\/kalinski.pl\/wp-content\/uploads\/rurykalinski.jpg\" \/>\n<meta name=\"twitter:card\" content=\"summary_large_image\" \/>\n<meta name=\"twitter:label1\" content=\"Szacowany czas czytania\" \/>\n\t<meta name=\"twitter:data1\" content=\"2 minuty\" \/>\n<script type=\"application\/ld+json\" class=\"yoast-schema-graph\">{\"@context\":\"https:\/\/schema.org\",\"@graph\":[{\"@type\":\"WebPage\",\"@id\":\"https:\/\/kalinski.pl\/serwis\/en\/odprezanie-rur-eng\/\",\"url\":\"https:\/\/kalinski.pl\/serwis\/en\/odprezanie-rur-eng\/\",\"name\":\"Gi\u0119cie, docinanie i odpr\u0119\u017canie rur i konstrukcji spawanych - Pozna\u0144, Chyby | Kali\u0144ski\",\"isPartOf\":{\"@id\":\"https:\/\/kalinski.pl\/serwis\/#website\"},\"primaryImageOfPage\":{\"@id\":\"https:\/\/kalinski.pl\/serwis\/en\/odprezanie-rur-eng\/#primaryimage\"},\"image\":{\"@id\":\"https:\/\/kalinski.pl\/serwis\/en\/odprezanie-rur-eng\/#primaryimage\"},\"thumbnailUrl\":\"https:\/\/kalinski.pl\/wp-content\/uploads\/rurykalinski.jpg\",\"datePublished\":\"2020-08-13T07:11:47+00:00\",\"breadcrumb\":{\"@id\":\"https:\/\/kalinski.pl\/serwis\/en\/odprezanie-rur-eng\/#breadcrumb\"},\"inLanguage\":\"pl-PL\",\"potentialAction\":[{\"@type\":\"ReadAction\",\"target\":[\"https:\/\/kalinski.pl\/serwis\/en\/odprezanie-rur-eng\/\"]}]},{\"@type\":\"ImageObject\",\"inLanguage\":\"pl-PL\",\"@id\":\"https:\/\/kalinski.pl\/serwis\/en\/odprezanie-rur-eng\/#primaryimage\",\"url\":\"https:\/\/kalinski.pl\/wp-content\/uploads\/rurykalinski.jpg\",\"contentUrl\":\"https:\/\/kalinski.pl\/wp-content\/uploads\/rurykalinski.jpg\"},{\"@type\":\"BreadcrumbList\",\"@id\":\"https:\/\/kalinski.pl\/serwis\/en\/odprezanie-rur-eng\/#breadcrumb\",\"itemListElement\":[{\"@type\":\"ListItem\",\"position\":1,\"name\":\"Strona g\u0142\u00f3wna\",\"item\":\"https:\/\/kalinski.pl\/serwis\/\"},{\"@type\":\"ListItem\",\"position\":2,\"name\":\"Odpr\u0119\u017canie rur eng\"}]},{\"@type\":\"WebSite\",\"@id\":\"https:\/\/kalinski.pl\/serwis\/#website\",\"url\":\"https:\/\/kalinski.pl\/serwis\/\",\"name\":\"Kali\u0144ski\",\"description\":\"Uk\u0142ady wydechowe\",\"publisher\":{\"@id\":\"https:\/\/kalinski.pl\/serwis\/#organization\"},\"potentialAction\":[{\"@type\":\"SearchAction\",\"target\":{\"@type\":\"EntryPoint\",\"urlTemplate\":\"https:\/\/kalinski.pl\/serwis\/?s={search_term_string}\"},\"query-input\":{\"@type\":\"PropertyValueSpecification\",\"valueRequired\":true,\"valueName\":\"search_term_string\"}}],\"inLanguage\":\"pl-PL\"},{\"@type\":\"Organization\",\"@id\":\"https:\/\/kalinski.pl\/serwis\/#organization\",\"name\":\"Kali\u0144ski\",\"url\":\"https:\/\/kalinski.pl\/serwis\/\",\"logo\":{\"@type\":\"ImageObject\",\"inLanguage\":\"pl-PL\",\"@id\":\"https:\/\/kalinski.pl\/serwis\/#\/schema\/logo\/image\/\",\"url\":\"https:\/\/kalinski.pl\/serwis\/wp-content\/uploads\/2019\/03\/cropped-logo_white.jpg\",\"contentUrl\":\"https:\/\/kalinski.pl\/serwis\/wp-content\/uploads\/2019\/03\/cropped-logo_white.jpg\",\"width\":240,\"height\":63,\"caption\":\"Kali\u0144ski\"},\"image\":{\"@id\":\"https:\/\/kalinski.pl\/serwis\/#\/schema\/logo\/image\/\"}}]}<\/script>\n<!-- \/ Yoast SEO plugin. -->","yoast_head_json":{"title":"Gi\u0119cie, docinanie i odpr\u0119\u017canie rur i konstrukcji spawanych - Pozna\u0144, Chyby | Kali\u0144ski","robots":{"index":"index","follow":"follow","max-snippet":"max-snippet:-1","max-image-preview":"max-image-preview:large","max-video-preview":"max-video-preview:-1"},"canonical":"https:\/\/kalinski.pl\/serwis\/en\/odprezanie-rur-eng\/","og_locale":"pl_PL","og_type":"article","og_title":"Gi\u0119cie, docinanie i odpr\u0119\u017canie rur i konstrukcji spawanych - Pozna\u0144, Chyby | Kali\u0144ski","og_description":"Wykonujemy r\u00f3wnie\u017c odpr\u0119\u017canie stali, g\u0142\u00f3wnie rur gi\u0119tych czy prostych, kt\u00f3re sami wykonujemy a tak\u017ce odpr\u0119\u017camy rury i elementy, kt\u00f3re zostaj\u0105 nam dostarczone. Odpr\u0119\u017canie polega na obr\u00f3bce cieplnej rur w celu zmniejszenia napr\u0119\u017ce\u0144 w\u0142asnych i przywr\u00f3cenia stanu r\u00f3wnowagi. Opr\u00f3cz odpr\u0119\u017cania indukcyjnego stosuje si\u0119 te\u017c odpr\u0119\u017canie wibracyjne. Podczas gi\u0119cia czyli obr\u00f3bki plastycznej mo\u017ce doj\u015b\u0107 do zmian napr\u0119\u017ce\u0144 &hellip; Czytaj dalej Odpr\u0119\u017canie rur eng","og_url":"https:\/\/kalinski.pl\/serwis\/en\/odprezanie-rur-eng\/","og_site_name":"Kali\u0144ski","og_image":[{"url":"https:\/\/kalinski.pl\/wp-content\/uploads\/rurykalinski.jpg","type":"","width":"","height":""}],"twitter_card":"summary_large_image","twitter_misc":{"Szacowany czas czytania":"2 minuty"},"schema":{"@context":"https:\/\/schema.org","@graph":[{"@type":"WebPage","@id":"https:\/\/kalinski.pl\/serwis\/en\/odprezanie-rur-eng\/","url":"https:\/\/kalinski.pl\/serwis\/en\/odprezanie-rur-eng\/","name":"Gi\u0119cie, docinanie i odpr\u0119\u017canie rur i konstrukcji spawanych - Pozna\u0144, Chyby | Kali\u0144ski","isPartOf":{"@id":"https:\/\/kalinski.pl\/serwis\/#website"},"primaryImageOfPage":{"@id":"https:\/\/kalinski.pl\/serwis\/en\/odprezanie-rur-eng\/#primaryimage"},"image":{"@id":"https:\/\/kalinski.pl\/serwis\/en\/odprezanie-rur-eng\/#primaryimage"},"thumbnailUrl":"https:\/\/kalinski.pl\/wp-content\/uploads\/rurykalinski.jpg","datePublished":"2020-08-13T07:11:47+00:00","breadcrumb":{"@id":"https:\/\/kalinski.pl\/serwis\/en\/odprezanie-rur-eng\/#breadcrumb"},"inLanguage":"pl-PL","potentialAction":[{"@type":"ReadAction","target":["https:\/\/kalinski.pl\/serwis\/en\/odprezanie-rur-eng\/"]}]},{"@type":"ImageObject","inLanguage":"pl-PL","@id":"https:\/\/kalinski.pl\/serwis\/en\/odprezanie-rur-eng\/#primaryimage","url":"https:\/\/kalinski.pl\/wp-content\/uploads\/rurykalinski.jpg","contentUrl":"https:\/\/kalinski.pl\/wp-content\/uploads\/rurykalinski.jpg"},{"@type":"BreadcrumbList","@id":"https:\/\/kalinski.pl\/serwis\/en\/odprezanie-rur-eng\/#breadcrumb","itemListElement":[{"@type":"ListItem","position":1,"name":"Strona g\u0142\u00f3wna","item":"https:\/\/kalinski.pl\/serwis\/"},{"@type":"ListItem","position":2,"name":"Odpr\u0119\u017canie rur eng"}]},{"@type":"WebSite","@id":"https:\/\/kalinski.pl\/serwis\/#website","url":"https:\/\/kalinski.pl\/serwis\/","name":"Kali\u0144ski","description":"Uk\u0142ady wydechowe","publisher":{"@id":"https:\/\/kalinski.pl\/serwis\/#organization"},"potentialAction":[{"@type":"SearchAction","target":{"@type":"EntryPoint","urlTemplate":"https:\/\/kalinski.pl\/serwis\/?s={search_term_string}"},"query-input":{"@type":"PropertyValueSpecification","valueRequired":true,"valueName":"search_term_string"}}],"inLanguage":"pl-PL"},{"@type":"Organization","@id":"https:\/\/kalinski.pl\/serwis\/#organization","name":"Kali\u0144ski","url":"https:\/\/kalinski.pl\/serwis\/","logo":{"@type":"ImageObject","inLanguage":"pl-PL","@id":"https:\/\/kalinski.pl\/serwis\/#\/schema\/logo\/image\/","url":"https:\/\/kalinski.pl\/serwis\/wp-content\/uploads\/2019\/03\/cropped-logo_white.jpg","contentUrl":"https:\/\/kalinski.pl\/serwis\/wp-content\/uploads\/2019\/03\/cropped-logo_white.jpg","width":240,"height":63,"caption":"Kali\u0144ski"},"image":{"@id":"https:\/\/kalinski.pl\/serwis\/#\/schema\/logo\/image\/"}}]}},"_links":{"self":[{"href":"https:\/\/kalinski.pl\/serwis\/wp-json\/wp\/v2\/pages\/1823","targetHints":{"allow":["GET"]}}],"collection":[{"href":"https:\/\/kalinski.pl\/serwis\/wp-json\/wp\/v2\/pages"}],"about":[{"href":"https:\/\/kalinski.pl\/serwis\/wp-json\/wp\/v2\/types\/page"}],"author":[{"embeddable":true,"href":"https:\/\/kalinski.pl\/serwis\/wp-json\/wp\/v2\/users\/1024"}],"replies":[{"embeddable":true,"href":"https:\/\/kalinski.pl\/serwis\/wp-json\/wp\/v2\/comments?post=1823"}],"version-history":[{"count":0,"href":"https:\/\/kalinski.pl\/serwis\/wp-json\/wp\/v2\/pages\/1823\/revisions"}],"wp:attachment":[{"href":"https:\/\/kalinski.pl\/serwis\/wp-json\/wp\/v2\/media?parent=1823"}],"curies":[{"name":"wp","href":"https:\/\/api.w.org\/{rel}","templated":true}]}}