{"id":1809,"date":"2020-08-12T14:46:41","date_gmt":"2020-08-12T12:46:41","guid":{"rendered":"https:\/\/kalinski.pl\/?page_id=1809"},"modified":"2020-08-12T14:46:41","modified_gmt":"2020-08-12T12:46:41","slug":"frezowanie-eng-2","status":"publish","type":"page","link":"https:\/\/kalinski.pl\/serwis\/en\/frezowanie-eng-2\/","title":{"rendered":"Frezowanie eng"},"content":{"rendered":"<div class=\"katalizatory_png\"><img fetchpriority=\"high\" decoding=\"async\" class=\"alignnone size-full wp-image-1525\" src=\"https:\/\/kalinski.pl\/wp-content\/uploads\/Frezowanie.png\" alt=\"\" width=\"1920\" height=\"524\"><\/div>\n<div>&nbsp;<\/div>\n<div>&nbsp;<\/div>\n<div class=\"odstepy_strona\">\n<p>Oferujemy profesjonalne <strong>us\u0142ugi frezarskie i us\u0142ugi tokarskie<\/strong> 3D koncepcji indywidualnych oraz seryjnych realizacji z materia\u0142\u00f3w takich jak: aluminium, stal, stal nierdzewna czy tworzywa sztuczne. Na \u017cyczenie klienta zapewniamy dost\u0119p do materia\u0142\u00f3w, b\u0105d\u017a pracujemy na materiale powierzonym, dostarczonym przez klienta.<\/p>\n<p><strong>Frezowanie<\/strong> oraz <strong>toczenie cnc<\/strong> wykonujemy na profesjonalnej maszynie polskiej produkcji Andrychowskiej fabryki maszyn DEFUM, zapewniaj\u0105cej najwy\u017csz\u0105 jako\u015b\u0107 i dok\u0142adno\u015b\u0107 wykonywanych prac. Jest to centrum obr\u00f3bkowe pionowe R550 wyposa\u017cone w uk\u0142ad sterowania ci\u0105g\u0142ego typu FANUC 0i_MF. R550. Jeste\u015bmy w stanie przygotowa\u0107 projekt zamawianego elementu, dzi\u0119ki temu nie trzeba zleca\u0107 tego firmie zewn\u0119trznej, a co za tym idzie<strong> cena<\/strong> ca\u0142o\u015bci us\u0142ugi znacz\u0105co spada.<\/p>\n<p><strong>Frezowanie cnc,<\/strong> czyli obr\u00f3bka skrawaniem materia\u0142\u00f3w za pomoc\u0105 obrabiarek numerycznych cechuje si\u0119 wysok\u0105 powtarzalno\u015bci\u0105 wykonywanych seryjnie element\u00f3w, w stopniu niemo\u017cliwym do osi\u0105gni\u0119cia na frezarce obs\u0142ugiwanej r\u0119cznie przez cz\u0142owieka. Po wprowadzeniu do komputera steruj\u0105cego maszyn\u0105 programu napisanego przez naszego specjalist\u0119, proces frezowania przebiega ca\u0142kowicie automatycznie. <strong>Cena<\/strong> wykonywanych realizacji uzale\u017cniona jest od czynnik\u00f3w takich jak czas pracy maszyny, rodzaj u\u017cytego materia\u0142u oraz projekt obrabianego detalu, w zwi\u0105zku z tym zach\u0119camy do kontaktu z nami aby dokona\u0107 wst\u0119pnej wyceny.<\/p>\n<p>Znajdujemy si\u0119 w <strong>podpozna\u0144skich Chybach<\/strong>, a wi\u0119c w bezpo\u015brednim zasi\u0119gu naszych us\u0142ug znajduje si\u0119 <strong>Pozna\u0144<\/strong> i jego okolice cho\u0107 oczywi\u015bcie przyj\u0119cie zlecenia drog\u0105 mailow\u0105 oraz wysy\u0142ka gotowego produktu w dowoln\u0105 cze\u015b\u0107 kraju a nawet za granic\u0119 nie stanowi dla nas \u017cadnego problemu. Zach\u0119camy do zapoznania si\u0119 z przyk\u0142adami naszych realizacji, kt\u00f3re znajduj\u0105 w <a href=\"https:\/\/kalinski.pl\/produkcja-i-uslugi#realizacje\" target=\"_blank\" rel=\"noopener noreferrer\">galerii<\/a>. W sta\u0142ej ofercie naszych produkt\u00f3w znajduj\u0105 mi\u0119dzy innymi motocyklowe ko\u0144c\u00f3wki wydechu czy grawerowane tabliczki okoliczno\u015bciowe. Posiadamy r\u00f3wnie\u017c <a href=\"https:\/\/kalinski.pl\/sklep\/\" target=\"_blank\" rel=\"noopener noreferrer\">sklep internetowy<\/a> w kt\u00f3rym znajduj\u0105 si\u0119 nasze wyroby. Zach\u0119camy do kontaktu, ch\u0119tnie odpowiemy na pytania dotycz\u0105ce zagadnienia frezowania.<\/p>\n<\/div>\n","protected":false},"excerpt":{"rendered":"<p>&nbsp; &nbsp; Oferujemy profesjonalne us\u0142ugi frezarskie i us\u0142ugi tokarskie 3D koncepcji indywidualnych oraz seryjnych realizacji z materia\u0142\u00f3w takich jak: aluminium, stal, stal nierdzewna czy tworzywa sztuczne. Na \u017cyczenie klienta zapewniamy dost\u0119p do materia\u0142\u00f3w, b\u0105d\u017a pracujemy na materiale powierzonym, dostarczonym przez klienta. Frezowanie oraz toczenie cnc wykonujemy na profesjonalnej maszynie polskiej produkcji Andrychowskiej fabryki maszyn DEFUM, &hellip; <a href=\"https:\/\/kalinski.pl\/serwis\/en\/frezowanie-eng-2\/\" class=\"more-link\">Czytaj dalej<span class=\"screen-reader-text\"> Frezowanie eng<\/span><\/a><\/p>\n","protected":false},"author":1024,"featured_media":0,"parent":0,"menu_order":0,"comment_status":"closed","ping_status":"closed","template":"","meta":{"footnotes":""},"class_list":["post-1809","page","type-page","status-publish","hentry"],"yoast_head":"<!-- This site is optimized with the Yoast SEO plugin v26.7 - https:\/\/yoast.com\/wordpress\/plugins\/seo\/ -->\n<title>Us\u0142ugi frezarskie CNC i tokarskie - Pozna\u0144, Chyby | Kali\u0144ski<\/title>\n<meta name=\"description\" content=\"Jednym z dzia\u0142a\u0144 firmy Kali\u0144ski s\u0105 us\u0142ugi frezowania CNC oraz toczenia, kt\u00f3re wykonujemy na takich materia\u0142ach jak: aluminium, stal, czy tworzywa sztuczne.\" \/>\n<meta name=\"robots\" content=\"index, follow, max-snippet:-1, max-image-preview:large, max-video-preview:-1\" \/>\n<link rel=\"canonical\" href=\"https:\/\/kalinski.pl\/serwis\/en\/frezowanie-eng-2\/\" \/>\n<meta property=\"og:locale\" content=\"pl_PL\" \/>\n<meta property=\"og:type\" content=\"article\" \/>\n<meta property=\"og:title\" content=\"Us\u0142ugi frezarskie CNC i tokarskie - Pozna\u0144, Chyby | Kali\u0144ski\" \/>\n<meta property=\"og:description\" content=\"Jednym z dzia\u0142a\u0144 firmy Kali\u0144ski s\u0105 us\u0142ugi frezowania CNC oraz toczenia, kt\u00f3re wykonujemy na takich materia\u0142ach jak: aluminium, stal, czy tworzywa sztuczne.\" \/>\n<meta property=\"og:url\" content=\"https:\/\/kalinski.pl\/serwis\/en\/frezowanie-eng-2\/\" \/>\n<meta property=\"og:site_name\" content=\"Kali\u0144ski\" \/>\n<meta property=\"og:image\" content=\"https:\/\/kalinski.pl\/wp-content\/uploads\/Frezowanie.png\" \/>\n<meta name=\"twitter:card\" content=\"summary_large_image\" \/>\n<meta name=\"twitter:label1\" content=\"Szacowany czas czytania\" \/>\n\t<meta name=\"twitter:data1\" content=\"2 minuty\" \/>\n<script type=\"application\/ld+json\" class=\"yoast-schema-graph\">{\"@context\":\"https:\/\/schema.org\",\"@graph\":[{\"@type\":\"WebPage\",\"@id\":\"https:\/\/kalinski.pl\/serwis\/en\/frezowanie-eng-2\/\",\"url\":\"https:\/\/kalinski.pl\/serwis\/en\/frezowanie-eng-2\/\",\"name\":\"Us\u0142ugi frezarskie CNC i tokarskie - Pozna\u0144, Chyby | Kali\u0144ski\",\"isPartOf\":{\"@id\":\"https:\/\/kalinski.pl\/serwis\/#website\"},\"primaryImageOfPage\":{\"@id\":\"https:\/\/kalinski.pl\/serwis\/en\/frezowanie-eng-2\/#primaryimage\"},\"image\":{\"@id\":\"https:\/\/kalinski.pl\/serwis\/en\/frezowanie-eng-2\/#primaryimage\"},\"thumbnailUrl\":\"https:\/\/kalinski.pl\/wp-content\/uploads\/Frezowanie.png\",\"datePublished\":\"2020-08-12T12:46:41+00:00\",\"description\":\"Jednym z dzia\u0142a\u0144 firmy Kali\u0144ski s\u0105 us\u0142ugi frezowania CNC oraz toczenia, kt\u00f3re wykonujemy na takich materia\u0142ach jak: aluminium, stal, czy tworzywa sztuczne.\",\"breadcrumb\":{\"@id\":\"https:\/\/kalinski.pl\/serwis\/en\/frezowanie-eng-2\/#breadcrumb\"},\"inLanguage\":\"pl-PL\",\"potentialAction\":[{\"@type\":\"ReadAction\",\"target\":[\"https:\/\/kalinski.pl\/serwis\/en\/frezowanie-eng-2\/\"]}]},{\"@type\":\"ImageObject\",\"inLanguage\":\"pl-PL\",\"@id\":\"https:\/\/kalinski.pl\/serwis\/en\/frezowanie-eng-2\/#primaryimage\",\"url\":\"https:\/\/kalinski.pl\/wp-content\/uploads\/Frezowanie.png\",\"contentUrl\":\"https:\/\/kalinski.pl\/wp-content\/uploads\/Frezowanie.png\"},{\"@type\":\"BreadcrumbList\",\"@id\":\"https:\/\/kalinski.pl\/serwis\/en\/frezowanie-eng-2\/#breadcrumb\",\"itemListElement\":[{\"@type\":\"ListItem\",\"position\":1,\"name\":\"Strona g\u0142\u00f3wna\",\"item\":\"https:\/\/kalinski.pl\/serwis\/\"},{\"@type\":\"ListItem\",\"position\":2,\"name\":\"Frezowanie eng\"}]},{\"@type\":\"WebSite\",\"@id\":\"https:\/\/kalinski.pl\/serwis\/#website\",\"url\":\"https:\/\/kalinski.pl\/serwis\/\",\"name\":\"Kali\u0144ski\",\"description\":\"Uk\u0142ady wydechowe\",\"publisher\":{\"@id\":\"https:\/\/kalinski.pl\/serwis\/#organization\"},\"potentialAction\":[{\"@type\":\"SearchAction\",\"target\":{\"@type\":\"EntryPoint\",\"urlTemplate\":\"https:\/\/kalinski.pl\/serwis\/?s={search_term_string}\"},\"query-input\":{\"@type\":\"PropertyValueSpecification\",\"valueRequired\":true,\"valueName\":\"search_term_string\"}}],\"inLanguage\":\"pl-PL\"},{\"@type\":\"Organization\",\"@id\":\"https:\/\/kalinski.pl\/serwis\/#organization\",\"name\":\"Kali\u0144ski\",\"url\":\"https:\/\/kalinski.pl\/serwis\/\",\"logo\":{\"@type\":\"ImageObject\",\"inLanguage\":\"pl-PL\",\"@id\":\"https:\/\/kalinski.pl\/serwis\/#\/schema\/logo\/image\/\",\"url\":\"https:\/\/kalinski.pl\/serwis\/wp-content\/uploads\/2019\/03\/cropped-logo_white.jpg\",\"contentUrl\":\"https:\/\/kalinski.pl\/serwis\/wp-content\/uploads\/2019\/03\/cropped-logo_white.jpg\",\"width\":240,\"height\":63,\"caption\":\"Kali\u0144ski\"},\"image\":{\"@id\":\"https:\/\/kalinski.pl\/serwis\/#\/schema\/logo\/image\/\"}}]}<\/script>\n<!-- \/ Yoast SEO plugin. -->","yoast_head_json":{"title":"Us\u0142ugi frezarskie CNC i tokarskie - Pozna\u0144, Chyby | Kali\u0144ski","description":"Jednym z dzia\u0142a\u0144 firmy Kali\u0144ski s\u0105 us\u0142ugi frezowania CNC oraz toczenia, kt\u00f3re wykonujemy na takich materia\u0142ach jak: aluminium, stal, czy tworzywa sztuczne.","robots":{"index":"index","follow":"follow","max-snippet":"max-snippet:-1","max-image-preview":"max-image-preview:large","max-video-preview":"max-video-preview:-1"},"canonical":"https:\/\/kalinski.pl\/serwis\/en\/frezowanie-eng-2\/","og_locale":"pl_PL","og_type":"article","og_title":"Us\u0142ugi frezarskie CNC i tokarskie - Pozna\u0144, Chyby | Kali\u0144ski","og_description":"Jednym z dzia\u0142a\u0144 firmy Kali\u0144ski s\u0105 us\u0142ugi frezowania CNC oraz toczenia, kt\u00f3re wykonujemy na takich materia\u0142ach jak: aluminium, stal, czy tworzywa sztuczne.","og_url":"https:\/\/kalinski.pl\/serwis\/en\/frezowanie-eng-2\/","og_site_name":"Kali\u0144ski","og_image":[{"url":"https:\/\/kalinski.pl\/wp-content\/uploads\/Frezowanie.png","type":"","width":"","height":""}],"twitter_card":"summary_large_image","twitter_misc":{"Szacowany czas czytania":"2 minuty"},"schema":{"@context":"https:\/\/schema.org","@graph":[{"@type":"WebPage","@id":"https:\/\/kalinski.pl\/serwis\/en\/frezowanie-eng-2\/","url":"https:\/\/kalinski.pl\/serwis\/en\/frezowanie-eng-2\/","name":"Us\u0142ugi frezarskie CNC i tokarskie - Pozna\u0144, Chyby | Kali\u0144ski","isPartOf":{"@id":"https:\/\/kalinski.pl\/serwis\/#website"},"primaryImageOfPage":{"@id":"https:\/\/kalinski.pl\/serwis\/en\/frezowanie-eng-2\/#primaryimage"},"image":{"@id":"https:\/\/kalinski.pl\/serwis\/en\/frezowanie-eng-2\/#primaryimage"},"thumbnailUrl":"https:\/\/kalinski.pl\/wp-content\/uploads\/Frezowanie.png","datePublished":"2020-08-12T12:46:41+00:00","description":"Jednym z dzia\u0142a\u0144 firmy Kali\u0144ski s\u0105 us\u0142ugi frezowania CNC oraz toczenia, kt\u00f3re wykonujemy na takich materia\u0142ach jak: aluminium, stal, czy tworzywa sztuczne.","breadcrumb":{"@id":"https:\/\/kalinski.pl\/serwis\/en\/frezowanie-eng-2\/#breadcrumb"},"inLanguage":"pl-PL","potentialAction":[{"@type":"ReadAction","target":["https:\/\/kalinski.pl\/serwis\/en\/frezowanie-eng-2\/"]}]},{"@type":"ImageObject","inLanguage":"pl-PL","@id":"https:\/\/kalinski.pl\/serwis\/en\/frezowanie-eng-2\/#primaryimage","url":"https:\/\/kalinski.pl\/wp-content\/uploads\/Frezowanie.png","contentUrl":"https:\/\/kalinski.pl\/wp-content\/uploads\/Frezowanie.png"},{"@type":"BreadcrumbList","@id":"https:\/\/kalinski.pl\/serwis\/en\/frezowanie-eng-2\/#breadcrumb","itemListElement":[{"@type":"ListItem","position":1,"name":"Strona g\u0142\u00f3wna","item":"https:\/\/kalinski.pl\/serwis\/"},{"@type":"ListItem","position":2,"name":"Frezowanie eng"}]},{"@type":"WebSite","@id":"https:\/\/kalinski.pl\/serwis\/#website","url":"https:\/\/kalinski.pl\/serwis\/","name":"Kali\u0144ski","description":"Uk\u0142ady wydechowe","publisher":{"@id":"https:\/\/kalinski.pl\/serwis\/#organization"},"potentialAction":[{"@type":"SearchAction","target":{"@type":"EntryPoint","urlTemplate":"https:\/\/kalinski.pl\/serwis\/?s={search_term_string}"},"query-input":{"@type":"PropertyValueSpecification","valueRequired":true,"valueName":"search_term_string"}}],"inLanguage":"pl-PL"},{"@type":"Organization","@id":"https:\/\/kalinski.pl\/serwis\/#organization","name":"Kali\u0144ski","url":"https:\/\/kalinski.pl\/serwis\/","logo":{"@type":"ImageObject","inLanguage":"pl-PL","@id":"https:\/\/kalinski.pl\/serwis\/#\/schema\/logo\/image\/","url":"https:\/\/kalinski.pl\/serwis\/wp-content\/uploads\/2019\/03\/cropped-logo_white.jpg","contentUrl":"https:\/\/kalinski.pl\/serwis\/wp-content\/uploads\/2019\/03\/cropped-logo_white.jpg","width":240,"height":63,"caption":"Kali\u0144ski"},"image":{"@id":"https:\/\/kalinski.pl\/serwis\/#\/schema\/logo\/image\/"}}]}},"_links":{"self":[{"href":"https:\/\/kalinski.pl\/serwis\/wp-json\/wp\/v2\/pages\/1809","targetHints":{"allow":["GET"]}}],"collection":[{"href":"https:\/\/kalinski.pl\/serwis\/wp-json\/wp\/v2\/pages"}],"about":[{"href":"https:\/\/kalinski.pl\/serwis\/wp-json\/wp\/v2\/types\/page"}],"author":[{"embeddable":true,"href":"https:\/\/kalinski.pl\/serwis\/wp-json\/wp\/v2\/users\/1024"}],"replies":[{"embeddable":true,"href":"https:\/\/kalinski.pl\/serwis\/wp-json\/wp\/v2\/comments?post=1809"}],"version-history":[{"count":0,"href":"https:\/\/kalinski.pl\/serwis\/wp-json\/wp\/v2\/pages\/1809\/revisions"}],"wp:attachment":[{"href":"https:\/\/kalinski.pl\/serwis\/wp-json\/wp\/v2\/media?parent=1809"}],"curies":[{"name":"wp","href":"https:\/\/api.w.org\/{rel}","templated":true}]}}