{"id":1752,"date":"2020-08-06T11:27:13","date_gmt":"2020-08-06T09:27:13","guid":{"rendered":"https:\/\/kalinski.pl\/?page_id=1752"},"modified":"2026-03-18T11:36:58","modified_gmt":"2026-03-18T10:36:58","slug":"uklady-wydechowe-do-motocykli","status":"publish","type":"page","link":"https:\/\/kalinski.pl\/serwis\/uklady-wydechowe-do-motocykli\/","title":{"rendered":"Uk\u0142ady wydechowe do motocykli"},"content":{"rendered":"<div class=\"odstepy_strona\">\n<p style=\"text-align: justify;\">Firma Kalinski.pl zajmuje si\u0119 uk\u0142adami wydechowymi. Nasz serwis oferuje us\u0142ugi tylko i wy\u0142\u0105cznie na najwy\u017cszym poziomie. Zajmujemy si\u0119 jedno\u015bladami. W tym trajkami, motorowerami czy qadami.<\/p>\n<p style=\"text-align: justify;\">Posiadamy uk\u0142ady wydechowe w\u0142asnej produkcji a tak\u017ce polskich jak i zagranicznych producent\u00f3w. Nasza firma jest producentem ozdobnych ko\u0144c\u00f3wek wydechu. Naprawiamy r\u00f3wnie\u017c uk\u0142ady wydechowe w pojazdach m.in osobowych czy budowlanych.<\/p>\n<p style=\"text-align: justify;\">Przyjmujemy nawet najbardziej wymagaj\u0105ce zlecenia. Wykonujemy uk\u0142ady wydechowe na zam\u00f3wienie. Wed\u0142ug okre\u015blonych wymaga\u0144 klient\u00f3w.<\/p>\n<p style=\"text-align: justify;\">Dodatkowo w obszarze naszych dzia\u0142a\u0144 jest <strong>naprawa wydech\u00f3w motocyklowych<\/strong> uszkodzonych t\u0142umik\u00f3w. Posiadamy magazyn oryginalnych t\u0142umik\u00f3w. Warto wspomnie\u0107, \u017ce uk\u0142ady wydechowe w motocyklach to specjalne produkty. Wyznaczamy polskie trendy.<\/p>\n<p style=\"text-align: justify;\">Dodatkowo zajmujemy si\u0119 tworzeniem t\u0142umik\u00f3w, ko\u0144c\u00f3wek wydechowych. Na \u017cyczenie klienta wykonujemy gmole. Zar\u00f3wno ka\u017cda realizacja jak i produkt jest dostosowany do potrzeb klient\u00f3w. Uk\u0142ady wydechowe w motocyklach spe\u0142niaj\u0105 funkcj\u0119 odprowadzania spalin. Bardzo istotny jest tak\u017ce wydawany d\u017awi\u0119k. Wydechy do motocykla firmy Kali\u0144ski charakteryzuje g\u0142\u0119boki, basowy d\u017awi\u0119k.<\/p>\n<p style=\"text-align: justify;\">Posiadamy wiele wzor\u00f3w oraz \u015brednic ko\u0144c\u00f3wek. Mamy magazyn z zamiennikami renomowanych producent\u00f3w. Posiadamy r\u00f3wnie\u017c elementy uk\u0142adu wydechowego, kt\u00f3re s\u0105 niezbn\u0119dne do monta\u017cu uk\u0142ad\u00f3w wydechowych w motocyklach.<\/p>\n<p style=\"text-align: justify;\">Warto zauwa\u017cy\u0107, \u017ce cena na oferowane w naszej firmie produkty jest niska, mimo to dla nas podstaw\u0105 jest jako\u015b\u0107. W naszej ofercie mo\u017cna znale\u017a\u0107 <strong> wydechy sportowe motocyklowe, dedykowane choperom ale te\u017c wydechy motocyklowe na zam\u00f3wienie <\/strong> . Naprawiamy tak\u017ce <a href=\"https:\/\/kalinski.pl\/sklep\/pl\/4368-tlumiki-kolektory\"><strong>wydechy motocyklowe<\/strong><\/a>. Istotny jest dob\u00f3r uk\u0142adu wydechowego do motocykla. Warto sugerowa\u0107 si\u0119 lepszym brzmieniem, moc\u0105 obrotow\u0105 czy obni\u017ceniem masy, wygl\u0105dem. Nasza firma jest jednym z liderem na rynku. Tworzymy produkty nowoczesne, z dba\u0142o\u015bci\u0105 o ka\u017cdy szczeg\u00f3\u0142. Zale\u017cy nam na wysokich standardach. Uk\u0142ady wydechowe do motocykli powinny przede wszystkim s\u0142u\u017cy\u0107 d\u0142ugie lata. Dlatego w\u0142a\u015bnie istotny jest dob\u00f3r najlepszych produkt\u00f3w. Nasza firma dba o ka\u017cdego klienta. Staramy si\u0119 doradza\u0107 na ka\u017cdym etapie zam\u00f3wienia. Dla nas podstaw\u0105 jest zadowolony klient. Opinie naszych klient\u00f3w s\u0105 wa\u017cne dla ca\u0142ej naszej kadry. Na rynku dzia\u0142amy ju\u017c od ponad 25 lat. Posiadamy odpowiednie maszyny do w\u0142asnej produkcji. Zajmujemy si\u0119 profesjonaln\u0105 regeneracj\u0105. Do ka\u017cdej realizacji podchodzimy indywidualnie. Posiadamy sw\u00f3j skuteczny serwis. Jeste\u015bmy w posiadaniu magazynu produkt\u00f3w. Wsp\u00f3\u0142pracujemy ze sprawdzonymi dostawcami. Oferujemy kompleksow\u0105 obs\u0142ug\u0119. Nasze produkty charakteryzuj\u0105 si\u0119 r\u00f3\u017cnorodno\u015bci\u0105. Nasze produkty mo\u017cna kupi\u0107 na ca\u0142ym \u015bwiecie. Jeste\u015bmy dost\u0119pni na Allegro czy innych portalach sprzeda\u017cowych. Siedziba naszej firmy mie\u015bci si\u0119 w wojew\u00f3dztwie Wielkopolskim, pod Poznaniem a dok\u0142adnie w miejscowo\u015bci Chyby. Do naszej siedziby prowadzi mi\u0119dzy innymi droga ekspresowa S-11. Mo\u017cna si\u0119 z nami skontaktowa\u0107 telefonicznie, za pomoc\u0105 adresu mailowego. Realizujemy zam\u00f3wienia internetowe, jak i telefoniczne. Posiadamy w\u0142asny sklep internetowy z rozbudowan\u0105 wyszukiwark\u0105 i ogromn\u0105 liczb\u0119 produkt\u00f3w. Dok\u0142adamy wszelkich stara\u0144, aby ka\u017cdy klient by\u0142 zadowolony z realizowanych przez nas us\u0142ug. S\u0142u\u017cymy pomoc\u0105 w przypadku w\u0105tpliwo\u015bci czy pyta\u0144 dotycz\u0105cych us\u0142ug.<\/p>\n<div class=\"kontakt_frame_main\">\n\n<div class=\"su-posts su-posts-single-post \">\n\n\t\t\t\t\t\t\n\t\t\t\n\t\t\t<div id=\"su-post-4947\" class=\"su-post \">\n\t\t\t\t<h1 class=\"su-post-title\">Kontakt motocykle Grzegorz<\/h1>\n\t\t\t\t<div class=\"su-post-meta\">\n\t\t\t\t\tOpublikowano:\n\t\t\t\t\t18 marca 2026\t\t\t\t\t\t\t\t\t<\/div>\n\t\t\t\t<div class=\"su-post-content\">\n\t\t\t\t\t\t\t<div data-elementor-type=\"wp-post\" data-elementor-id=\"4947\" class=\"elementor elementor-4947\">\n\t\t\t\t\t\t<section class=\"elementor-section elementor-top-section elementor-element elementor-element-e07a5d6 elementor-section-boxed elementor-section-height-default elementor-section-height-default\" data-id=\"e07a5d6\" data-element_type=\"section\">\n\t\t\t\t\t\t<div class=\"elementor-container elementor-column-gap-default\">\n\t\t\t\t\t<div class=\"elementor-column elementor-col-100 elementor-top-column elementor-element elementor-element-6ff27ac\" data-id=\"6ff27ac\" data-element_type=\"column\">\n\t\t\t<div class=\"elementor-widget-wrap elementor-element-populated\">\n\t\t\t\t\t\t<div class=\"elementor-element elementor-element-f8d48b6 h3_kontakt elementor-widget elementor-widget-heading\" data-id=\"f8d48b6\" data-element_type=\"widget\" data-widget_type=\"heading.default\">\n\t\t\t\t<div class=\"elementor-widget-container\">\n\t\t\t\t\t<h3 class=\"elementor-heading-title elementor-size-default\">Motocykle<\/h3>\t\t\t\t<\/div>\n\t\t\t\t<\/div>\n\t\t\t\t\t<\/div>\n\t\t<\/div>\n\t\t\t\t\t<\/div>\n\t\t<\/section>\n\t\t\t\t<section class=\"elementor-section elementor-top-section elementor-element elementor-element-e351a33 elementor-section-boxed elementor-section-height-default elementor-section-height-default\" data-id=\"e351a33\" data-element_type=\"section\">\n\t\t\t\t\t\t<div class=\"elementor-container elementor-column-gap-default\">\n\t\t\t\t\t<div class=\"elementor-column elementor-col-100 elementor-top-column elementor-element elementor-element-93f914a\" data-id=\"93f914a\" data-element_type=\"column\">\n\t\t\t<div class=\"elementor-widget-wrap elementor-element-populated\">\n\t\t\t\t\t\t<div class=\"elementor-element elementor-element-6df6146 elementor-position-left elementor-widget__width-initial member-name elementor-vertical-align-top elementor-widget elementor-widget-image-box\" data-id=\"6df6146\" data-element_type=\"widget\" data-widget_type=\"image-box.default\">\n\t\t\t\t<div class=\"elementor-widget-container\">\n\t\t\t\t\t<div class=\"elementor-image-box-wrapper\"><figure class=\"elementor-image-box-img\"><img fetchpriority=\"high\" fetchpriority=\"high\" decoding=\"async\" width=\"400\" height=\"400\" src=\"https:\/\/kalinski.pl\/serwis\/wp-content\/uploads\/kk_grzegorzstaszak.jpg\" class=\"attachment-full size-full wp-image-4702\" alt=\"kk grzegorzstaszak\" \/><\/figure><div class=\"elementor-image-box-content\"><h3 class=\"elementor-image-box-title\">Grzegorz Staszak<\/h3><p class=\"elementor-image-box-description\">\n<div class=\"member-role\">Menad\u017cer dzia\u0142u cz\u0119\u015bci i akcesori\u00f3w<br \/>\nSpecjalista ds. tuningu i motocykli<\/div>\n<div class=\"member-contact\"><a href=\"tel:48618142777\">+48 61 814 27 77 wew. 104<\/a><br \/>691 083 346<\/a><br \/>\nmotocykle@kalinski.pl<\/div><\/p><\/div><\/div>\t\t\t\t<\/div>\n\t\t\t\t<\/div>\n\t\t\t\t\t<\/div>\n\t\t<\/div>\n\t\t\t\t\t<\/div>\n\t\t<\/section>\n\t\t\t\t<\/div>\n\t\t\t\t\t\t<\/div>\n\t\t\t<\/div>\n\n\t\t\t\t\n<\/div>\n<\/div>\n<\/div>\n","protected":false},"excerpt":{"rendered":"<p>Firma Kalinski.pl zajmuje si\u0119 uk\u0142adami wydechowymi. Nasz serwis oferuje us\u0142ugi tylko i wy\u0142\u0105cznie na najwy\u017cszym poziomie. Zajmujemy si\u0119 jedno\u015bladami. W tym trajkami, motorowerami czy qadami. Posiadamy uk\u0142ady wydechowe w\u0142asnej produkcji a tak\u017ce polskich jak i zagranicznych producent\u00f3w. Nasza firma jest producentem ozdobnych ko\u0144c\u00f3wek wydechu. Naprawiamy r\u00f3wnie\u017c uk\u0142ady wydechowe w pojazdach m.in osobowych czy budowlanych. Przyjmujemy &hellip; <a href=\"https:\/\/kalinski.pl\/serwis\/kontakt-motocykle-grzegorz\/\" class=\"more-link\">Czytaj dalej<span class=\"screen-reader-text\"> Kontakt motocykle Grzegorz<\/span><\/a><\/p>\n","protected":false},"author":821794,"featured_media":0,"parent":0,"menu_order":0,"comment_status":"closed","ping_status":"closed","template":"","meta":{"footnotes":""},"class_list":["post-1752","page","type-page","status-publish","hentry"],"yoast_head":"<!-- This site is optimized with the Yoast SEO plugin v26.7 - https:\/\/yoast.com\/wordpress\/plugins\/seo\/ -->\n<title>Uk\u0142ady wydechowe do motocykli na zam\u00f3wienie - naprawa i serwis - Kali\u0144ski<\/title>\n<meta name=\"robots\" content=\"index, follow, max-snippet:-1, max-image-preview:large, max-video-preview:-1\" \/>\n<link rel=\"canonical\" href=\"https:\/\/kalinski.pl\/serwis\/uklady-wydechowe-do-motocykli\/\" \/>\n<meta property=\"og:locale\" content=\"pl_PL\" \/>\n<meta property=\"og:type\" content=\"article\" \/>\n<meta property=\"og:title\" content=\"Uk\u0142ady wydechowe do motocykli na zam\u00f3wienie - naprawa i serwis - Kali\u0144ski\" \/>\n<meta property=\"og:description\" content=\"Firma Kalinski.pl zajmuje si\u0119 uk\u0142adami wydechowymi. Nasz serwis oferuje us\u0142ugi tylko i wy\u0142\u0105cznie na najwy\u017cszym poziomie. Zajmujemy si\u0119 jedno\u015bladami. W tym trajkami, motorowerami czy qadami. Posiadamy uk\u0142ady wydechowe w\u0142asnej produkcji a tak\u017ce polskich jak i zagranicznych producent\u00f3w. Nasza firma jest producentem ozdobnych ko\u0144c\u00f3wek wydechu. Naprawiamy r\u00f3wnie\u017c uk\u0142ady wydechowe w pojazdach m.in osobowych czy budowlanych. Przyjmujemy &hellip; Czytaj dalej Kontakt motocykle Grzegorz\" \/>\n<meta property=\"og:url\" content=\"https:\/\/kalinski.pl\/serwis\/uklady-wydechowe-do-motocykli\/\" \/>\n<meta property=\"og:site_name\" content=\"Kali\u0144ski\" \/>\n<meta property=\"article:modified_time\" content=\"2026-03-18T10:36:58+00:00\" \/>\n<meta name=\"twitter:card\" content=\"summary_large_image\" \/>\n<meta name=\"twitter:label1\" content=\"Szacowany czas czytania\" \/>\n\t<meta name=\"twitter:data1\" content=\"3 minuty\" \/>\n<script type=\"application\/ld+json\" class=\"yoast-schema-graph\">{\"@context\":\"https:\/\/schema.org\",\"@graph\":[{\"@type\":\"WebPage\",\"@id\":\"https:\/\/kalinski.pl\/serwis\/uklady-wydechowe-do-motocykli\/\",\"url\":\"https:\/\/kalinski.pl\/serwis\/uklady-wydechowe-do-motocykli\/\",\"name\":\"Uk\u0142ady wydechowe do motocykli na zam\u00f3wienie - naprawa i serwis - Kali\u0144ski\",\"isPartOf\":{\"@id\":\"https:\/\/kalinski.pl\/serwis\/#website\"},\"datePublished\":\"2020-08-06T09:27:13+00:00\",\"dateModified\":\"2026-03-18T10:36:58+00:00\",\"breadcrumb\":{\"@id\":\"https:\/\/kalinski.pl\/serwis\/uklady-wydechowe-do-motocykli\/#breadcrumb\"},\"inLanguage\":\"pl-PL\",\"potentialAction\":[{\"@type\":\"ReadAction\",\"target\":[\"https:\/\/kalinski.pl\/serwis\/uklady-wydechowe-do-motocykli\/\"]}]},{\"@type\":\"BreadcrumbList\",\"@id\":\"https:\/\/kalinski.pl\/serwis\/uklady-wydechowe-do-motocykli\/#breadcrumb\",\"itemListElement\":[{\"@type\":\"ListItem\",\"position\":1,\"name\":\"Strona g\u0142\u00f3wna\",\"item\":\"https:\/\/kalinski.pl\/serwis\/\"},{\"@type\":\"ListItem\",\"position\":2,\"name\":\"Uk\u0142ady wydechowe do motocykli\"}]},{\"@type\":\"WebSite\",\"@id\":\"https:\/\/kalinski.pl\/serwis\/#website\",\"url\":\"https:\/\/kalinski.pl\/serwis\/\",\"name\":\"Kali\u0144ski\",\"description\":\"Uk\u0142ady wydechowe\",\"publisher\":{\"@id\":\"https:\/\/kalinski.pl\/serwis\/#organization\"},\"potentialAction\":[{\"@type\":\"SearchAction\",\"target\":{\"@type\":\"EntryPoint\",\"urlTemplate\":\"https:\/\/kalinski.pl\/serwis\/?s={search_term_string}\"},\"query-input\":{\"@type\":\"PropertyValueSpecification\",\"valueRequired\":true,\"valueName\":\"search_term_string\"}}],\"inLanguage\":\"pl-PL\"},{\"@type\":\"Organization\",\"@id\":\"https:\/\/kalinski.pl\/serwis\/#organization\",\"name\":\"Kali\u0144ski\",\"url\":\"https:\/\/kalinski.pl\/serwis\/\",\"logo\":{\"@type\":\"ImageObject\",\"inLanguage\":\"pl-PL\",\"@id\":\"https:\/\/kalinski.pl\/serwis\/#\/schema\/logo\/image\/\",\"url\":\"https:\/\/kalinski.pl\/serwis\/wp-content\/uploads\/2019\/03\/cropped-logo_white.jpg\",\"contentUrl\":\"https:\/\/kalinski.pl\/serwis\/wp-content\/uploads\/2019\/03\/cropped-logo_white.jpg\",\"width\":240,\"height\":63,\"caption\":\"Kali\u0144ski\"},\"image\":{\"@id\":\"https:\/\/kalinski.pl\/serwis\/#\/schema\/logo\/image\/\"}}]}<\/script>\n<!-- \/ Yoast SEO plugin. -->","yoast_head_json":{"title":"Uk\u0142ady wydechowe do motocykli na zam\u00f3wienie - naprawa i serwis - Kali\u0144ski","robots":{"index":"index","follow":"follow","max-snippet":"max-snippet:-1","max-image-preview":"max-image-preview:large","max-video-preview":"max-video-preview:-1"},"canonical":"https:\/\/kalinski.pl\/serwis\/uklady-wydechowe-do-motocykli\/","og_locale":"pl_PL","og_type":"article","og_title":"Uk\u0142ady wydechowe do motocykli na zam\u00f3wienie - naprawa i serwis - Kali\u0144ski","og_description":"Firma Kalinski.pl zajmuje si\u0119 uk\u0142adami wydechowymi. Nasz serwis oferuje us\u0142ugi tylko i wy\u0142\u0105cznie na najwy\u017cszym poziomie. Zajmujemy si\u0119 jedno\u015bladami. W tym trajkami, motorowerami czy qadami. Posiadamy uk\u0142ady wydechowe w\u0142asnej produkcji a tak\u017ce polskich jak i zagranicznych producent\u00f3w. Nasza firma jest producentem ozdobnych ko\u0144c\u00f3wek wydechu. Naprawiamy r\u00f3wnie\u017c uk\u0142ady wydechowe w pojazdach m.in osobowych czy budowlanych. Przyjmujemy &hellip; Czytaj dalej Kontakt motocykle Grzegorz","og_url":"https:\/\/kalinski.pl\/serwis\/uklady-wydechowe-do-motocykli\/","og_site_name":"Kali\u0144ski","article_modified_time":"2026-03-18T10:36:58+00:00","twitter_card":"summary_large_image","twitter_misc":{"Szacowany czas czytania":"3 minuty"},"schema":{"@context":"https:\/\/schema.org","@graph":[{"@type":"WebPage","@id":"https:\/\/kalinski.pl\/serwis\/uklady-wydechowe-do-motocykli\/","url":"https:\/\/kalinski.pl\/serwis\/uklady-wydechowe-do-motocykli\/","name":"Uk\u0142ady wydechowe do motocykli na zam\u00f3wienie - naprawa i serwis - Kali\u0144ski","isPartOf":{"@id":"https:\/\/kalinski.pl\/serwis\/#website"},"datePublished":"2020-08-06T09:27:13+00:00","dateModified":"2026-03-18T10:36:58+00:00","breadcrumb":{"@id":"https:\/\/kalinski.pl\/serwis\/uklady-wydechowe-do-motocykli\/#breadcrumb"},"inLanguage":"pl-PL","potentialAction":[{"@type":"ReadAction","target":["https:\/\/kalinski.pl\/serwis\/uklady-wydechowe-do-motocykli\/"]}]},{"@type":"BreadcrumbList","@id":"https:\/\/kalinski.pl\/serwis\/uklady-wydechowe-do-motocykli\/#breadcrumb","itemListElement":[{"@type":"ListItem","position":1,"name":"Strona g\u0142\u00f3wna","item":"https:\/\/kalinski.pl\/serwis\/"},{"@type":"ListItem","position":2,"name":"Uk\u0142ady wydechowe do motocykli"}]},{"@type":"WebSite","@id":"https:\/\/kalinski.pl\/serwis\/#website","url":"https:\/\/kalinski.pl\/serwis\/","name":"Kali\u0144ski","description":"Uk\u0142ady wydechowe","publisher":{"@id":"https:\/\/kalinski.pl\/serwis\/#organization"},"potentialAction":[{"@type":"SearchAction","target":{"@type":"EntryPoint","urlTemplate":"https:\/\/kalinski.pl\/serwis\/?s={search_term_string}"},"query-input":{"@type":"PropertyValueSpecification","valueRequired":true,"valueName":"search_term_string"}}],"inLanguage":"pl-PL"},{"@type":"Organization","@id":"https:\/\/kalinski.pl\/serwis\/#organization","name":"Kali\u0144ski","url":"https:\/\/kalinski.pl\/serwis\/","logo":{"@type":"ImageObject","inLanguage":"pl-PL","@id":"https:\/\/kalinski.pl\/serwis\/#\/schema\/logo\/image\/","url":"https:\/\/kalinski.pl\/serwis\/wp-content\/uploads\/2019\/03\/cropped-logo_white.jpg","contentUrl":"https:\/\/kalinski.pl\/serwis\/wp-content\/uploads\/2019\/03\/cropped-logo_white.jpg","width":240,"height":63,"caption":"Kali\u0144ski"},"image":{"@id":"https:\/\/kalinski.pl\/serwis\/#\/schema\/logo\/image\/"}}]}},"_links":{"self":[{"href":"https:\/\/kalinski.pl\/serwis\/wp-json\/wp\/v2\/pages\/1752","targetHints":{"allow":["GET"]}}],"collection":[{"href":"https:\/\/kalinski.pl\/serwis\/wp-json\/wp\/v2\/pages"}],"about":[{"href":"https:\/\/kalinski.pl\/serwis\/wp-json\/wp\/v2\/types\/page"}],"author":[{"embeddable":true,"href":"https:\/\/kalinski.pl\/serwis\/wp-json\/wp\/v2\/users\/821794"}],"replies":[{"embeddable":true,"href":"https:\/\/kalinski.pl\/serwis\/wp-json\/wp\/v2\/comments?post=1752"}],"version-history":[{"count":3,"href":"https:\/\/kalinski.pl\/serwis\/wp-json\/wp\/v2\/pages\/1752\/revisions"}],"predecessor-version":[{"id":4953,"href":"https:\/\/kalinski.pl\/serwis\/wp-json\/wp\/v2\/pages\/1752\/revisions\/4953"}],"wp:attachment":[{"href":"https:\/\/kalinski.pl\/serwis\/wp-json\/wp\/v2\/media?parent=1752"}],"curies":[{"name":"wp","href":"https:\/\/api.w.org\/{rel}","templated":true}]}}