{"id":1703,"date":"2020-06-29T14:33:29","date_gmt":"2020-06-29T12:33:29","guid":{"rendered":"https:\/\/kalinski.pl\/?page_id=1703"},"modified":"2020-09-07T09:01:26","modified_gmt":"2020-09-07T07:01:26","slug":"schalldampfer-und-rohre","status":"publish","type":"page","link":"https:\/\/kalinski.pl\/serwis\/de\/schalldampfer-und-rohre\/","title":{"rendered":"Schalld\u00e4mpfer und Rohre"},"content":{"rendered":"<div class=\"katalizatory_png\"><img fetchpriority=\"high\" decoding=\"async\" width=\"1100\" height=\"300\" class=\"alignnone size-full wp-image-1575\" src=\"https:\/\/kalinski.pl\/wp-content\/uploads\/tlumikikalinski.jpg\" alt=\"\"><\/div>\n<div class=\"odstepy_strona\">\n<p>&nbsp;<\/p>\n<p>Schalld\u00e4mpfer sind ein sehr wichtiges Element der Abgasanlage. Jedes Auto und sogar ein Fahrzeug mit Verbrennungsmotor muss einen Schalld\u00e4mpfer haben. Schalld\u00e4mpfer sind f\u00fcr die Abgabe von Abgasen aus dem Fahrzeugmotor verantwortlich. Neben der Abgabe von Abgasen wirken D\u00e4mpfer auch als Schalld\u00e4mpfer. Schalld\u00e4mpfer sind meist das letzte Element der Abgasanlage. Der Schalld\u00e4mpfer kann mit einer zus\u00e4tzlichen dekorativen Auspuffspitze enden.<\/p>\n<p>Das Abgassystem kann aus mehreren Schalld\u00e4mpfern bestehen &#8211; einem Schwingungsd\u00e4mpfer (elastisches Element), einem Anfangsschalld\u00e4mpfer, einem Mittelschalld\u00e4mpfer, einem Endschalld\u00e4mpfer und einem Auspuffrohr, einem Endrohr. Der anf\u00e4ngliche Schalld\u00e4mpfer ist normalerweise ein zylindrisches Rohr mit einem gro\u00dfen Durchmesser. Der mittlere Schalld\u00e4mpfer besteht h\u00e4ufig aus Stahlrohren verschiedener Formen.<\/p>\n<p>Andererseits hat der Endschalld\u00e4mpfer sehr unterschiedliche Formen, manchmal hat er eine zylindrische Form, er ist ziemlich breit und dem urspr\u00fcnglichen Schalld\u00e4mpfer \u00e4hnlich, aber aus strukturellen Gr\u00fcnden und aufgrund des begrenzten Raums wird er immer h\u00e4ufiger so geformt, dass er mit der Stelle in der Bodenplatte \u00fcbereinstimmt.&nbsp;<\/p>\n<p>Im Rahmen der Reparatur von Abgassystemen ersetzen wir Schalld\u00e4mpfer und Schwei\u00dfschalld\u00e4mpfer oder wir regenerieren Schalld\u00e4mpfer. Wir widmen Abgasreparaturen haupts\u00e4chlich den Bewohnern von Posen und Umgebung. Wir haben jedoch Kunden, die auf unserer Website aus weiteren Regionen und sogar aus dem ganzen Land erscheinen.Der Kali\u0144ski-Dienst befindet sich in Chyby, in der N\u00e4he der Provinzstra\u00dfe Nr. 184 und der westlichen Umgehungsstra\u00dfe von Posen, der S-11. Sie k\u00f6nnen sehr einfach und schnell zu unserem Unternehmen gelangen.<\/p>\n<p>Unser Angebot umfasst unter anderem Schalld\u00e4mpfer f\u00fcr Personenkraftwagen, Motorr\u00e4der, Lastwagen, Arbeitsmaschinen. Alle Produkte kann man im Online-Shop unter Kalinski.pl\/sklep finden. Im Laden erfahren wir, wie hoch der Preis f\u00fcr Schalld\u00e4mpfer ist. Wenn wir jedoch die Kosten f\u00fcr die Reparatur von Schalld\u00e4mpfern und deren Montage wissen m\u00f6chten, wenden Sie sich am besten telefonisch an uns.<\/p>\n<p><strong>Wir vertreiben Schalld\u00e4mpfer der besten Hersteller wie Bosal, Walker oder Imasaf.<\/strong> Wir verkaufen auch Produkte polnischer Unternehmen, u.a. Marke Polmostr\u00f3w. Aufgrund der umfangreichen Einrichtungen und Ausr\u00fcstung stellen wir auch Schalld\u00e4mpfer unter unserer eigenen Marke &#8211; Kali\u0144ski &#8211; her. Wir stellen haupts\u00e4chlich Schalld\u00e4mpfer f\u00fcr Motorr\u00e4der her, rekonstruieren, renovieren oder bauen jedoch auf Sonderbestellung Schalld\u00e4mpfer f\u00fcr Oldtimer und Sportfahrzeuge nach.<\/p>\n<p>Der Vorteil der Zusammenarbeit mit uns ist die Verf\u00fcgbarkeit von Produkten. Wir haben Zehntausende von Produkten in unserem Lager, einschlie\u00dflich Schalld\u00e4mpfer. Das umfangreiche Lager erm\u00f6glicht es uns, Bestellungen bis zu zwei Tage nach ihrer Einreichung abzuschlie\u00dfen. Wir k\u00f6nnen den Schalld\u00e4mpfer an den ausgew\u00e4hlten Servicepunkt und direkt zum Kunden nach Hause schicken.<\/p>\n<p>Im Laufe der Jahre der T\u00e4tigkeit unseres Unternehmens haben sich die Schalld\u00e4mpfer stark ver\u00e4ndert. Zur Zeit werden Schalld\u00e4mpfer aus immer haltbareren und perfekteren Materialien hergestellt, was einen entscheidenden Einfluss auf die Verl\u00e4ngerung ihrer Lebensdauer hat. Schalld\u00e4mpfer geh\u00f6ren heute zu den fehlerarmen Fahrzeugkomponenten.<\/p>\n<\/div>\n","protected":false},"excerpt":{"rendered":"<p>&nbsp; Schalld\u00e4mpfer sind ein sehr wichtiges Element der Abgasanlage. Jedes Auto und sogar ein Fahrzeug mit Verbrennungsmotor muss einen Schalld\u00e4mpfer haben. Schalld\u00e4mpfer sind f\u00fcr die Abgabe von Abgasen aus dem Fahrzeugmotor verantwortlich. Neben der Abgabe von Abgasen wirken D\u00e4mpfer auch als Schalld\u00e4mpfer. Schalld\u00e4mpfer sind meist das letzte Element der Abgasanlage. Der Schalld\u00e4mpfer kann mit einer &hellip; <a href=\"https:\/\/kalinski.pl\/serwis\/de\/schalldampfer-und-rohre\/\" class=\"more-link\">Czytaj dalej<span class=\"screen-reader-text\"> Schalld\u00e4mpfer und Rohre<\/span><\/a><\/p>\n","protected":false},"author":1024,"featured_media":0,"parent":0,"menu_order":0,"comment_status":"closed","ping_status":"closed","template":"","meta":{"footnotes":""},"class_list":["post-1703","page","type-page","status-publish","hentry"],"yoast_head":"<!-- This site is optimized with the Yoast SEO plugin v26.7 - https:\/\/yoast.com\/wordpress\/plugins\/seo\/ -->\n<title>Schalld\u00e4mpfer und Rohre | Kali\u0144ski<\/title>\n<meta name=\"robots\" content=\"index, follow, max-snippet:-1, max-image-preview:large, max-video-preview:-1\" \/>\n<link rel=\"canonical\" href=\"https:\/\/kalinski.pl\/serwis\/de\/schalldampfer-und-rohre\/\" \/>\n<meta property=\"og:locale\" content=\"pl_PL\" \/>\n<meta property=\"og:type\" content=\"article\" \/>\n<meta property=\"og:title\" content=\"Schalld\u00e4mpfer und Rohre | Kali\u0144ski\" \/>\n<meta property=\"og:description\" content=\"&nbsp; Schalld\u00e4mpfer sind ein sehr wichtiges Element der Abgasanlage. Jedes Auto und sogar ein Fahrzeug mit Verbrennungsmotor muss einen Schalld\u00e4mpfer haben. Schalld\u00e4mpfer sind f\u00fcr die Abgabe von Abgasen aus dem Fahrzeugmotor verantwortlich. Neben der Abgabe von Abgasen wirken D\u00e4mpfer auch als Schalld\u00e4mpfer. Schalld\u00e4mpfer sind meist das letzte Element der Abgasanlage. Der Schalld\u00e4mpfer kann mit einer &hellip; Czytaj dalej Schalld\u00e4mpfer und Rohre\" \/>\n<meta property=\"og:url\" content=\"https:\/\/kalinski.pl\/serwis\/de\/schalldampfer-und-rohre\/\" \/>\n<meta property=\"og:site_name\" content=\"Kali\u0144ski\" \/>\n<meta property=\"article:modified_time\" content=\"2020-09-07T07:01:26+00:00\" \/>\n<meta property=\"og:image\" content=\"https:\/\/kalinski.pl\/wp-content\/uploads\/tlumikikalinski.jpg\" \/>\n<meta name=\"twitter:card\" content=\"summary_large_image\" \/>\n<meta name=\"twitter:label1\" content=\"Szacowany czas czytania\" \/>\n\t<meta name=\"twitter:data1\" content=\"2 minuty\" \/>\n<script type=\"application\/ld+json\" class=\"yoast-schema-graph\">{\"@context\":\"https:\/\/schema.org\",\"@graph\":[{\"@type\":\"WebPage\",\"@id\":\"https:\/\/kalinski.pl\/serwis\/de\/schalldampfer-und-rohre\/\",\"url\":\"https:\/\/kalinski.pl\/serwis\/de\/schalldampfer-und-rohre\/\",\"name\":\"Schalld\u00e4mpfer und Rohre | Kali\u0144ski\",\"isPartOf\":{\"@id\":\"https:\/\/kalinski.pl\/serwis\/#website\"},\"primaryImageOfPage\":{\"@id\":\"https:\/\/kalinski.pl\/serwis\/de\/schalldampfer-und-rohre\/#primaryimage\"},\"image\":{\"@id\":\"https:\/\/kalinski.pl\/serwis\/de\/schalldampfer-und-rohre\/#primaryimage\"},\"thumbnailUrl\":\"https:\/\/kalinski.pl\/wp-content\/uploads\/tlumikikalinski.jpg\",\"datePublished\":\"2020-06-29T12:33:29+00:00\",\"dateModified\":\"2020-09-07T07:01:26+00:00\",\"breadcrumb\":{\"@id\":\"https:\/\/kalinski.pl\/serwis\/de\/schalldampfer-und-rohre\/#breadcrumb\"},\"inLanguage\":\"pl-PL\",\"potentialAction\":[{\"@type\":\"ReadAction\",\"target\":[\"https:\/\/kalinski.pl\/serwis\/de\/schalldampfer-und-rohre\/\"]}]},{\"@type\":\"ImageObject\",\"inLanguage\":\"pl-PL\",\"@id\":\"https:\/\/kalinski.pl\/serwis\/de\/schalldampfer-und-rohre\/#primaryimage\",\"url\":\"https:\/\/kalinski.pl\/wp-content\/uploads\/tlumikikalinski.jpg\",\"contentUrl\":\"https:\/\/kalinski.pl\/wp-content\/uploads\/tlumikikalinski.jpg\"},{\"@type\":\"BreadcrumbList\",\"@id\":\"https:\/\/kalinski.pl\/serwis\/de\/schalldampfer-und-rohre\/#breadcrumb\",\"itemListElement\":[{\"@type\":\"ListItem\",\"position\":1,\"name\":\"Strona g\u0142\u00f3wna\",\"item\":\"https:\/\/kalinski.pl\/serwis\/\"},{\"@type\":\"ListItem\",\"position\":2,\"name\":\"Schalld\u00e4mpfer und Rohre\"}]},{\"@type\":\"WebSite\",\"@id\":\"https:\/\/kalinski.pl\/serwis\/#website\",\"url\":\"https:\/\/kalinski.pl\/serwis\/\",\"name\":\"Kali\u0144ski\",\"description\":\"Uk\u0142ady wydechowe\",\"publisher\":{\"@id\":\"https:\/\/kalinski.pl\/serwis\/#organization\"},\"potentialAction\":[{\"@type\":\"SearchAction\",\"target\":{\"@type\":\"EntryPoint\",\"urlTemplate\":\"https:\/\/kalinski.pl\/serwis\/?s={search_term_string}\"},\"query-input\":{\"@type\":\"PropertyValueSpecification\",\"valueRequired\":true,\"valueName\":\"search_term_string\"}}],\"inLanguage\":\"pl-PL\"},{\"@type\":\"Organization\",\"@id\":\"https:\/\/kalinski.pl\/serwis\/#organization\",\"name\":\"Kali\u0144ski\",\"url\":\"https:\/\/kalinski.pl\/serwis\/\",\"logo\":{\"@type\":\"ImageObject\",\"inLanguage\":\"pl-PL\",\"@id\":\"https:\/\/kalinski.pl\/serwis\/#\/schema\/logo\/image\/\",\"url\":\"https:\/\/kalinski.pl\/serwis\/wp-content\/uploads\/2019\/03\/cropped-logo_white.jpg\",\"contentUrl\":\"https:\/\/kalinski.pl\/serwis\/wp-content\/uploads\/2019\/03\/cropped-logo_white.jpg\",\"width\":240,\"height\":63,\"caption\":\"Kali\u0144ski\"},\"image\":{\"@id\":\"https:\/\/kalinski.pl\/serwis\/#\/schema\/logo\/image\/\"}}]}<\/script>\n<!-- \/ Yoast SEO plugin. -->","yoast_head_json":{"title":"Schalld\u00e4mpfer und Rohre | Kali\u0144ski","robots":{"index":"index","follow":"follow","max-snippet":"max-snippet:-1","max-image-preview":"max-image-preview:large","max-video-preview":"max-video-preview:-1"},"canonical":"https:\/\/kalinski.pl\/serwis\/de\/schalldampfer-und-rohre\/","og_locale":"pl_PL","og_type":"article","og_title":"Schalld\u00e4mpfer und Rohre | Kali\u0144ski","og_description":"&nbsp; Schalld\u00e4mpfer sind ein sehr wichtiges Element der Abgasanlage. Jedes Auto und sogar ein Fahrzeug mit Verbrennungsmotor muss einen Schalld\u00e4mpfer haben. Schalld\u00e4mpfer sind f\u00fcr die Abgabe von Abgasen aus dem Fahrzeugmotor verantwortlich. Neben der Abgabe von Abgasen wirken D\u00e4mpfer auch als Schalld\u00e4mpfer. Schalld\u00e4mpfer sind meist das letzte Element der Abgasanlage. Der Schalld\u00e4mpfer kann mit einer &hellip; Czytaj dalej Schalld\u00e4mpfer und Rohre","og_url":"https:\/\/kalinski.pl\/serwis\/de\/schalldampfer-und-rohre\/","og_site_name":"Kali\u0144ski","article_modified_time":"2020-09-07T07:01:26+00:00","og_image":[{"url":"https:\/\/kalinski.pl\/wp-content\/uploads\/tlumikikalinski.jpg","type":"","width":"","height":""}],"twitter_card":"summary_large_image","twitter_misc":{"Szacowany czas czytania":"2 minuty"},"schema":{"@context":"https:\/\/schema.org","@graph":[{"@type":"WebPage","@id":"https:\/\/kalinski.pl\/serwis\/de\/schalldampfer-und-rohre\/","url":"https:\/\/kalinski.pl\/serwis\/de\/schalldampfer-und-rohre\/","name":"Schalld\u00e4mpfer und Rohre | Kali\u0144ski","isPartOf":{"@id":"https:\/\/kalinski.pl\/serwis\/#website"},"primaryImageOfPage":{"@id":"https:\/\/kalinski.pl\/serwis\/de\/schalldampfer-und-rohre\/#primaryimage"},"image":{"@id":"https:\/\/kalinski.pl\/serwis\/de\/schalldampfer-und-rohre\/#primaryimage"},"thumbnailUrl":"https:\/\/kalinski.pl\/wp-content\/uploads\/tlumikikalinski.jpg","datePublished":"2020-06-29T12:33:29+00:00","dateModified":"2020-09-07T07:01:26+00:00","breadcrumb":{"@id":"https:\/\/kalinski.pl\/serwis\/de\/schalldampfer-und-rohre\/#breadcrumb"},"inLanguage":"pl-PL","potentialAction":[{"@type":"ReadAction","target":["https:\/\/kalinski.pl\/serwis\/de\/schalldampfer-und-rohre\/"]}]},{"@type":"ImageObject","inLanguage":"pl-PL","@id":"https:\/\/kalinski.pl\/serwis\/de\/schalldampfer-und-rohre\/#primaryimage","url":"https:\/\/kalinski.pl\/wp-content\/uploads\/tlumikikalinski.jpg","contentUrl":"https:\/\/kalinski.pl\/wp-content\/uploads\/tlumikikalinski.jpg"},{"@type":"BreadcrumbList","@id":"https:\/\/kalinski.pl\/serwis\/de\/schalldampfer-und-rohre\/#breadcrumb","itemListElement":[{"@type":"ListItem","position":1,"name":"Strona g\u0142\u00f3wna","item":"https:\/\/kalinski.pl\/serwis\/"},{"@type":"ListItem","position":2,"name":"Schalld\u00e4mpfer und Rohre"}]},{"@type":"WebSite","@id":"https:\/\/kalinski.pl\/serwis\/#website","url":"https:\/\/kalinski.pl\/serwis\/","name":"Kali\u0144ski","description":"Uk\u0142ady wydechowe","publisher":{"@id":"https:\/\/kalinski.pl\/serwis\/#organization"},"potentialAction":[{"@type":"SearchAction","target":{"@type":"EntryPoint","urlTemplate":"https:\/\/kalinski.pl\/serwis\/?s={search_term_string}"},"query-input":{"@type":"PropertyValueSpecification","valueRequired":true,"valueName":"search_term_string"}}],"inLanguage":"pl-PL"},{"@type":"Organization","@id":"https:\/\/kalinski.pl\/serwis\/#organization","name":"Kali\u0144ski","url":"https:\/\/kalinski.pl\/serwis\/","logo":{"@type":"ImageObject","inLanguage":"pl-PL","@id":"https:\/\/kalinski.pl\/serwis\/#\/schema\/logo\/image\/","url":"https:\/\/kalinski.pl\/serwis\/wp-content\/uploads\/2019\/03\/cropped-logo_white.jpg","contentUrl":"https:\/\/kalinski.pl\/serwis\/wp-content\/uploads\/2019\/03\/cropped-logo_white.jpg","width":240,"height":63,"caption":"Kali\u0144ski"},"image":{"@id":"https:\/\/kalinski.pl\/serwis\/#\/schema\/logo\/image\/"}}]}},"_links":{"self":[{"href":"https:\/\/kalinski.pl\/serwis\/wp-json\/wp\/v2\/pages\/1703","targetHints":{"allow":["GET"]}}],"collection":[{"href":"https:\/\/kalinski.pl\/serwis\/wp-json\/wp\/v2\/pages"}],"about":[{"href":"https:\/\/kalinski.pl\/serwis\/wp-json\/wp\/v2\/types\/page"}],"author":[{"embeddable":true,"href":"https:\/\/kalinski.pl\/serwis\/wp-json\/wp\/v2\/users\/1024"}],"replies":[{"embeddable":true,"href":"https:\/\/kalinski.pl\/serwis\/wp-json\/wp\/v2\/comments?post=1703"}],"version-history":[{"count":0,"href":"https:\/\/kalinski.pl\/serwis\/wp-json\/wp\/v2\/pages\/1703\/revisions"}],"wp:attachment":[{"href":"https:\/\/kalinski.pl\/serwis\/wp-json\/wp\/v2\/media?parent=1703"}],"curies":[{"name":"wp","href":"https:\/\/api.w.org\/{rel}","templated":true}]}}