{"id":1701,"date":"2020-06-29T14:32:17","date_gmt":"2020-06-29T12:32:17","guid":{"rendered":"https:\/\/kalinski.pl\/?page_id=1701"},"modified":"2020-06-29T14:32:17","modified_gmt":"2020-06-29T12:32:17","slug":"serwis-dpf-fap-gpf-de","status":"publish","type":"page","link":"https:\/\/kalinski.pl\/serwis\/de\/serwis-dpf-fap-gpf-de\/","title":{"rendered":"Serwis DPF, FAP, GPF DE"},"content":{"rendered":"<div class=\"katalizatory_png\"><img fetchpriority=\"high\" decoding=\"async\" class=\"alignnone size-full wp-image-1626\" src=\"https:\/\/kalinski.pl\/wp-content\/uploads\/d_po_serwisgpfull.jpg\" alt=\"\" width=\"1110\" height=\"303\"><\/div>\n<div>&nbsp;<\/div>\n<div>&nbsp;<\/div>\n<div class=\"odstepy_strona\">\n<p><b>Nasza firma powsta\u0142a w 1992 roku w Chybach<\/b> na granicy z Kiekrzem, kt\u00f3rego w po\u0142owie administratorem jest <b>miasto Pozna\u0144<\/b>. Od pocz\u0105tku dzia\u0142alno\u015bci skoncentrowali\u015bmy nasze dzia\u0142ania na w\u0105skiej specjalizacji dotycz\u0105cej uk\u0142ad\u00f3w wydechowych. Na prze\u0142omie lat i zmian w bran\u017cy motoryzacyjnej zostali\u015bmy r\u00f3wnie\u017c specjalistami z takiej dziedziny jak: <b>serwis filtr\u00f3w cz\u0105stek sta\u0142ych oraz<\/b> <b>naprawa DPF. <\/b>Oczywi\u015bcie opr\u00f3cz filtr\u00f3w DPF jeste\u015bmy te\u017c <b>serwisem GPF<\/b>, filtr\u00f3w, kt\u00f3re montowane s\u0105 w pojazdach z silnikiem benzynowym od roku 2019. \u015awiadczeniem wszystkim tych us\u0142ug zajmuje si\u0119 dzia\u0142 pojazd\u00f3w osobowych a dok\u0142adnie dzia\u0142 filtr\u00f3w i katalizator\u00f3w firmy Kali\u0144ski.<\/p>\n<p><b>Nasz serwis DPF, serwis GPF <\/b>wykonuje us\u0142ugi<b> <\/b>monta\u017cowe oraz naprawcze w Chybach. Posiadamy sze\u015b\u0107 stanowisk dedykowanych pojazdom osobowym oraz dwa dla pojazd\u00f3w ci\u0119\u017carowych. Napraw\u0105 filtr\u00f3w cz\u0105stek sta\u0142ych zajmuj\u0105 si\u0119 wykwalifikowani mechanicy o bogatym do\u015bwiadczeniu. Mieli\u015bmy okazj\u0119 dokonywa\u0107 <b>napraw DPF <\/b>w pojazdach wszystkich marek, dokonuj\u0105c r\u00f3\u017cnych rodzaj\u00f3w napraw. Najcz\u0119\u015bciej stosowana przez nas <b>naprawa filtra cz\u0105stek sta\u0142ych<\/b> polega na regeneracji filtr\u00f3w cz\u0105stek sta\u0142ych. <b>Regenerujemy filtry<\/b> poprzez wypalanie ich w wysokiej temperaturze, oko\u0142o 600 stopni. Rozgrzanie filtra wp\u0142yw na poluzowanie sadzy w filtrze, kt\u00f3ra kolejno jest wydmuchiwana strumieniem powietrza. Metoda jest skuteczna i zdecydowanie <b>mniej ryzykowna od wyp\u0142ukiwania filtra r\u00f3\u017cnego rodzaju roztworami. <\/b>Czyszczenie filtr\u00f3w za pomoc\u0105 <b>mycia DPF<\/b> mo\u017ce doprowadzi\u0107 do wyp\u0142ukania poza zanieczyszczeniami r\u00f3wnie\u017c metali szlachetnych, bez kt\u00f3rych filtr cz\u0105stek sta\u0142ych nie b\u0119dzie m\u00f3g\u0142 prawid\u0142owo spe\u0142nia\u0107 swoich funkcji. Problemem jest r\u00f3wnie\u017c wysuszenie wn\u0119trza filtra. <b>Regeneruj\u0105c filtry<\/b> stosujemy tak\u017ce metod\u0119 polegaj\u0105c\u0105 na <b>wymianie wk\u0142adu w filtrze cz\u0105stek sta\u0142ych<\/b>. Zamiana zapchanego wk\u0142adu filtr\u00f3w cz\u0105stek sta\u0142ych przywraca sprawno\u015b\u0107 DPF czy GPF.<\/p>\n<p><b>Naprawa filtra DPF <\/b>mo\u017ce r\u00f3wnie\u017c zosta\u0107 wykonana poprzez<b> wymian\u0119 ca\u0142ego filtra. <\/b>Posiadamy bardzo szeroki wyb\u00f3r filtr\u00f3w DPF ora katalizator\u00f3w. Nasz <b>serwis DPF<\/b> bazuje g\u0142\u00f3wnie na produktach, kt\u00f3re znajduj\u0105 si\u0119 w magazynie. W magazynie mamy zar\u00f3wno produkty <b>nowe jak i regenerowane<\/b>, kt\u00f3re s\u0105 filtrami oryginalnymi produkowanymi specjalnie dla danego pojazdu. Bardzo rzadko stosujemy zamienniki, chocia\u017c one r\u00f3wnie\u017c znajduj\u0105 si\u0119 w naszej ofercie.<\/p>\n<p><b>Naprawa DPF<\/b> i jej czas uzale\u017cniony jest od stopnia skomplikowania us\u0142ugi, kt\u00f3r\u0105 nale\u017cy wykona\u0107. <b>Wymiana mo\u017ce potrwa\u0107 oko\u0142o godzin<\/b>y niezale\u017cnie, czy b\u0119dzie to filtr regenerowany czy nowy. W przypadku wykonania us\u0142ugi regeneracji filtra klienta proces jego czyszczenia potrwa oko\u0142o 24 godzin. <b>Istnieje mo\u017cliwo\u015b\u0107 realizacji us\u0142ugi wysy\u0142kowo<\/b>. Filtr mo\u017ce zosta\u0107 do nas przes\u0142any, kolejno zostanie poddany procesowi regeneracji, nast\u0119pnie odes\u0142any do klienta lub zamontowany w naszym serwisie. Pe\u0142n\u0105 ofert\u0119 naszych zregenerowanych filtr\u00f3w DPF mo\u017cna znale\u017a\u0107 w sklepie internetowym, pod adresem kalinski.pl\/sklep. Zapraszamy do Chyb do naszego serwisu DPF, FAP, GPF.<\/p>\n<p><iframe title=\"Regeneracja filtr\u00f3w DPF maszyn\u0105 Hartridge DPF 300 \/ Regeneration DPF \/ Kalinski Exhaust system\" width=\"840\" height=\"473\" src=\"https:\/\/www.youtube.com\/embed\/Bazr7EJFDic?feature=oembed\" frameborder=\"0\" allow=\"accelerometer; autoplay; encrypted-media; gyroscope; picture-in-picture\" allowfullscreen><\/iframe><\/p>\n<\/div>\n","protected":false},"excerpt":{"rendered":"<p>&nbsp; &nbsp; Nasza firma powsta\u0142a w 1992 roku w Chybach na granicy z Kiekrzem, kt\u00f3rego w po\u0142owie administratorem jest miasto Pozna\u0144. Od pocz\u0105tku dzia\u0142alno\u015bci skoncentrowali\u015bmy nasze dzia\u0142ania na w\u0105skiej specjalizacji dotycz\u0105cej uk\u0142ad\u00f3w wydechowych. Na prze\u0142omie lat i zmian w bran\u017cy motoryzacyjnej zostali\u015bmy r\u00f3wnie\u017c specjalistami z takiej dziedziny jak: serwis filtr\u00f3w cz\u0105stek sta\u0142ych oraz naprawa DPF. &hellip; <a href=\"https:\/\/kalinski.pl\/serwis\/de\/serwis-dpf-fap-gpf-de\/\" class=\"more-link\">Czytaj dalej<span class=\"screen-reader-text\"> Serwis DPF, FAP, GPF DE<\/span><\/a><\/p>\n","protected":false},"author":1024,"featured_media":0,"parent":0,"menu_order":0,"comment_status":"closed","ping_status":"closed","template":"","meta":{"footnotes":""},"class_list":["post-1701","page","type-page","status-publish","hentry"],"yoast_head":"<!-- This site is optimized with the Yoast SEO plugin v26.7 - https:\/\/yoast.com\/wordpress\/plugins\/seo\/ -->\n<title>Serwis DPF, FAP, GPF DE | Kali\u0144ski<\/title>\n<meta name=\"description\" content=\"Od kilkunastu lat specjalizujemy si\u0119 w sprzeda\u017cy, naprawie, regeneracji DPF, FAP, GPF, b\u0119d\u0105c jednym z pozna\u0144skich serwis\u00f3w DPF.\" \/>\n<meta name=\"robots\" content=\"index, follow, max-snippet:-1, max-image-preview:large, max-video-preview:-1\" \/>\n<link rel=\"canonical\" href=\"https:\/\/kalinski.pl\/serwis\/de\/serwis-dpf-fap-gpf-de\/\" \/>\n<meta property=\"og:locale\" content=\"pl_PL\" \/>\n<meta property=\"og:type\" content=\"article\" \/>\n<meta property=\"og:title\" content=\"Serwis DPF, FAP, GPF DE | Kali\u0144ski\" \/>\n<meta property=\"og:description\" content=\"Od kilkunastu lat specjalizujemy si\u0119 w sprzeda\u017cy, naprawie, regeneracji DPF, FAP, GPF, b\u0119d\u0105c jednym z pozna\u0144skich serwis\u00f3w DPF.\" \/>\n<meta property=\"og:url\" content=\"https:\/\/kalinski.pl\/serwis\/de\/serwis-dpf-fap-gpf-de\/\" \/>\n<meta property=\"og:site_name\" content=\"Kali\u0144ski\" \/>\n<meta property=\"og:image\" content=\"https:\/\/kalinski.pl\/wp-content\/uploads\/d_po_serwisgpfull.jpg\" \/>\n<meta name=\"twitter:card\" content=\"summary_large_image\" \/>\n<meta name=\"twitter:label1\" content=\"Szacowany czas czytania\" \/>\n\t<meta name=\"twitter:data1\" content=\"3 minuty\" \/>\n<script type=\"application\/ld+json\" class=\"yoast-schema-graph\">{\"@context\":\"https:\/\/schema.org\",\"@graph\":[{\"@type\":\"WebPage\",\"@id\":\"https:\/\/kalinski.pl\/serwis\/de\/serwis-dpf-fap-gpf-de\/\",\"url\":\"https:\/\/kalinski.pl\/serwis\/de\/serwis-dpf-fap-gpf-de\/\",\"name\":\"Serwis DPF, FAP, GPF DE | Kali\u0144ski\",\"isPartOf\":{\"@id\":\"https:\/\/kalinski.pl\/serwis\/#website\"},\"primaryImageOfPage\":{\"@id\":\"https:\/\/kalinski.pl\/serwis\/de\/serwis-dpf-fap-gpf-de\/#primaryimage\"},\"image\":{\"@id\":\"https:\/\/kalinski.pl\/serwis\/de\/serwis-dpf-fap-gpf-de\/#primaryimage\"},\"thumbnailUrl\":\"https:\/\/kalinski.pl\/wp-content\/uploads\/d_po_serwisgpfull.jpg\",\"datePublished\":\"2020-06-29T12:32:17+00:00\",\"description\":\"Od kilkunastu lat specjalizujemy si\u0119 w sprzeda\u017cy, naprawie, regeneracji DPF, FAP, GPF, b\u0119d\u0105c jednym z pozna\u0144skich serwis\u00f3w DPF.\",\"breadcrumb\":{\"@id\":\"https:\/\/kalinski.pl\/serwis\/de\/serwis-dpf-fap-gpf-de\/#breadcrumb\"},\"inLanguage\":\"pl-PL\",\"potentialAction\":[{\"@type\":\"ReadAction\",\"target\":[\"https:\/\/kalinski.pl\/serwis\/de\/serwis-dpf-fap-gpf-de\/\"]}]},{\"@type\":\"ImageObject\",\"inLanguage\":\"pl-PL\",\"@id\":\"https:\/\/kalinski.pl\/serwis\/de\/serwis-dpf-fap-gpf-de\/#primaryimage\",\"url\":\"https:\/\/kalinski.pl\/wp-content\/uploads\/d_po_serwisgpfull.jpg\",\"contentUrl\":\"https:\/\/kalinski.pl\/wp-content\/uploads\/d_po_serwisgpfull.jpg\"},{\"@type\":\"BreadcrumbList\",\"@id\":\"https:\/\/kalinski.pl\/serwis\/de\/serwis-dpf-fap-gpf-de\/#breadcrumb\",\"itemListElement\":[{\"@type\":\"ListItem\",\"position\":1,\"name\":\"Strona g\u0142\u00f3wna\",\"item\":\"https:\/\/kalinski.pl\/serwis\/\"},{\"@type\":\"ListItem\",\"position\":2,\"name\":\"Serwis DPF, FAP, GPF DE\"}]},{\"@type\":\"WebSite\",\"@id\":\"https:\/\/kalinski.pl\/serwis\/#website\",\"url\":\"https:\/\/kalinski.pl\/serwis\/\",\"name\":\"Kali\u0144ski\",\"description\":\"Uk\u0142ady wydechowe\",\"publisher\":{\"@id\":\"https:\/\/kalinski.pl\/serwis\/#organization\"},\"potentialAction\":[{\"@type\":\"SearchAction\",\"target\":{\"@type\":\"EntryPoint\",\"urlTemplate\":\"https:\/\/kalinski.pl\/serwis\/?s={search_term_string}\"},\"query-input\":{\"@type\":\"PropertyValueSpecification\",\"valueRequired\":true,\"valueName\":\"search_term_string\"}}],\"inLanguage\":\"pl-PL\"},{\"@type\":\"Organization\",\"@id\":\"https:\/\/kalinski.pl\/serwis\/#organization\",\"name\":\"Kali\u0144ski\",\"url\":\"https:\/\/kalinski.pl\/serwis\/\",\"logo\":{\"@type\":\"ImageObject\",\"inLanguage\":\"pl-PL\",\"@id\":\"https:\/\/kalinski.pl\/serwis\/#\/schema\/logo\/image\/\",\"url\":\"https:\/\/kalinski.pl\/serwis\/wp-content\/uploads\/2019\/03\/cropped-logo_white.jpg\",\"contentUrl\":\"https:\/\/kalinski.pl\/serwis\/wp-content\/uploads\/2019\/03\/cropped-logo_white.jpg\",\"width\":240,\"height\":63,\"caption\":\"Kali\u0144ski\"},\"image\":{\"@id\":\"https:\/\/kalinski.pl\/serwis\/#\/schema\/logo\/image\/\"}}]}<\/script>\n<!-- \/ Yoast SEO plugin. -->","yoast_head_json":{"title":"Serwis DPF, FAP, GPF DE | Kali\u0144ski","description":"Od kilkunastu lat specjalizujemy si\u0119 w sprzeda\u017cy, naprawie, regeneracji DPF, FAP, GPF, b\u0119d\u0105c jednym z pozna\u0144skich serwis\u00f3w DPF.","robots":{"index":"index","follow":"follow","max-snippet":"max-snippet:-1","max-image-preview":"max-image-preview:large","max-video-preview":"max-video-preview:-1"},"canonical":"https:\/\/kalinski.pl\/serwis\/de\/serwis-dpf-fap-gpf-de\/","og_locale":"pl_PL","og_type":"article","og_title":"Serwis DPF, FAP, GPF DE | Kali\u0144ski","og_description":"Od kilkunastu lat specjalizujemy si\u0119 w sprzeda\u017cy, naprawie, regeneracji DPF, FAP, GPF, b\u0119d\u0105c jednym z pozna\u0144skich serwis\u00f3w DPF.","og_url":"https:\/\/kalinski.pl\/serwis\/de\/serwis-dpf-fap-gpf-de\/","og_site_name":"Kali\u0144ski","og_image":[{"url":"https:\/\/kalinski.pl\/wp-content\/uploads\/d_po_serwisgpfull.jpg","type":"","width":"","height":""}],"twitter_card":"summary_large_image","twitter_misc":{"Szacowany czas czytania":"3 minuty"},"schema":{"@context":"https:\/\/schema.org","@graph":[{"@type":"WebPage","@id":"https:\/\/kalinski.pl\/serwis\/de\/serwis-dpf-fap-gpf-de\/","url":"https:\/\/kalinski.pl\/serwis\/de\/serwis-dpf-fap-gpf-de\/","name":"Serwis DPF, FAP, GPF DE | Kali\u0144ski","isPartOf":{"@id":"https:\/\/kalinski.pl\/serwis\/#website"},"primaryImageOfPage":{"@id":"https:\/\/kalinski.pl\/serwis\/de\/serwis-dpf-fap-gpf-de\/#primaryimage"},"image":{"@id":"https:\/\/kalinski.pl\/serwis\/de\/serwis-dpf-fap-gpf-de\/#primaryimage"},"thumbnailUrl":"https:\/\/kalinski.pl\/wp-content\/uploads\/d_po_serwisgpfull.jpg","datePublished":"2020-06-29T12:32:17+00:00","description":"Od kilkunastu lat specjalizujemy si\u0119 w sprzeda\u017cy, naprawie, regeneracji DPF, FAP, GPF, b\u0119d\u0105c jednym z pozna\u0144skich serwis\u00f3w DPF.","breadcrumb":{"@id":"https:\/\/kalinski.pl\/serwis\/de\/serwis-dpf-fap-gpf-de\/#breadcrumb"},"inLanguage":"pl-PL","potentialAction":[{"@type":"ReadAction","target":["https:\/\/kalinski.pl\/serwis\/de\/serwis-dpf-fap-gpf-de\/"]}]},{"@type":"ImageObject","inLanguage":"pl-PL","@id":"https:\/\/kalinski.pl\/serwis\/de\/serwis-dpf-fap-gpf-de\/#primaryimage","url":"https:\/\/kalinski.pl\/wp-content\/uploads\/d_po_serwisgpfull.jpg","contentUrl":"https:\/\/kalinski.pl\/wp-content\/uploads\/d_po_serwisgpfull.jpg"},{"@type":"BreadcrumbList","@id":"https:\/\/kalinski.pl\/serwis\/de\/serwis-dpf-fap-gpf-de\/#breadcrumb","itemListElement":[{"@type":"ListItem","position":1,"name":"Strona g\u0142\u00f3wna","item":"https:\/\/kalinski.pl\/serwis\/"},{"@type":"ListItem","position":2,"name":"Serwis DPF, FAP, GPF DE"}]},{"@type":"WebSite","@id":"https:\/\/kalinski.pl\/serwis\/#website","url":"https:\/\/kalinski.pl\/serwis\/","name":"Kali\u0144ski","description":"Uk\u0142ady wydechowe","publisher":{"@id":"https:\/\/kalinski.pl\/serwis\/#organization"},"potentialAction":[{"@type":"SearchAction","target":{"@type":"EntryPoint","urlTemplate":"https:\/\/kalinski.pl\/serwis\/?s={search_term_string}"},"query-input":{"@type":"PropertyValueSpecification","valueRequired":true,"valueName":"search_term_string"}}],"inLanguage":"pl-PL"},{"@type":"Organization","@id":"https:\/\/kalinski.pl\/serwis\/#organization","name":"Kali\u0144ski","url":"https:\/\/kalinski.pl\/serwis\/","logo":{"@type":"ImageObject","inLanguage":"pl-PL","@id":"https:\/\/kalinski.pl\/serwis\/#\/schema\/logo\/image\/","url":"https:\/\/kalinski.pl\/serwis\/wp-content\/uploads\/2019\/03\/cropped-logo_white.jpg","contentUrl":"https:\/\/kalinski.pl\/serwis\/wp-content\/uploads\/2019\/03\/cropped-logo_white.jpg","width":240,"height":63,"caption":"Kali\u0144ski"},"image":{"@id":"https:\/\/kalinski.pl\/serwis\/#\/schema\/logo\/image\/"}}]}},"_links":{"self":[{"href":"https:\/\/kalinski.pl\/serwis\/wp-json\/wp\/v2\/pages\/1701","targetHints":{"allow":["GET"]}}],"collection":[{"href":"https:\/\/kalinski.pl\/serwis\/wp-json\/wp\/v2\/pages"}],"about":[{"href":"https:\/\/kalinski.pl\/serwis\/wp-json\/wp\/v2\/types\/page"}],"author":[{"embeddable":true,"href":"https:\/\/kalinski.pl\/serwis\/wp-json\/wp\/v2\/users\/1024"}],"replies":[{"embeddable":true,"href":"https:\/\/kalinski.pl\/serwis\/wp-json\/wp\/v2\/comments?post=1701"}],"version-history":[{"count":0,"href":"https:\/\/kalinski.pl\/serwis\/wp-json\/wp\/v2\/pages\/1701\/revisions"}],"wp:attachment":[{"href":"https:\/\/kalinski.pl\/serwis\/wp-json\/wp\/v2\/media?parent=1701"}],"curies":[{"name":"wp","href":"https:\/\/api.w.org\/{rel}","templated":true}]}}