{"id":1686,"date":"2020-06-29T14:21:23","date_gmt":"2020-06-29T12:21:23","guid":{"rendered":"https:\/\/kalinski.pl\/?page_id=1686"},"modified":"2020-10-09T12:07:56","modified_gmt":"2020-10-09T10:07:56","slug":"unsere-vorzuege","status":"publish","type":"page","link":"https:\/\/kalinski.pl\/serwis\/de\/unsere-vorzuege\/","title":{"rendered":"Unsere Vorz\u00fcge"},"content":{"rendered":"<div class=\"na\">\n<div class=\"na_col\">\n<div class=\"na_img\"><img fetchpriority=\"high\" decoding=\"async\" width=\"540\" height=\"310\" class=\"alignnone size-full wp-image-748\" src=\"https:\/\/kalinski.pl\/wp-content\/uploads\/Firma-Kali\u0144ski.png\" alt=\"\"><\/div>\n<div class=\"na_header\">Reiche Erfahrung<\/div>\n<div>Wir sind schon auf dem Markt \u00fcber 25 Jahre und sind erkennbar in der Automobilbranche. Jedes Jahr nehmen wir an den Messen und Branchenevents teil. Unsere Produkte exportieren wir auch ins Ausland. Wir kennen die Kunden und wissen, was sie von uns verlangen.<\/div>\n<\/div>\n<div class=\"na_col\">\n<div class=\"na_img\"><img decoding=\"async\" width=\"350\" height=\"200\" class=\"alignnone size-full wp-image-181\" src=\"https:\/\/kalinski.pl\/wp-content\/uploads\/na_2.jpg\" alt=\"\"><\/div>\n<div class=\"na_header\">Eigene Produktion<\/div>\n<div class=\"na_text\">Wir machen selbst, was fehlt. Wir haben die Maschinen zur Metallbearbeitung u.a. die Biegemaschine und die Fr\u00e4smaschine. Dadurch bilden wir die Metallelemente und die Untergruppen, die nicht nur in der Automobilbranche verwendet werden.<\/div>\n<\/div>\n<div class=\"na_col3\">\n<div class=\"na_img\"><img decoding=\"async\" width=\"350\" height=\"200\" class=\"alignnone size-full wp-image-182\" src=\"https:\/\/kalinski.pl\/wp-content\/uploads\/na_3.jpg\" alt=\"\"><\/div>\n<div class=\"na_header\">Profesionelle Regenerierung<\/div>\n<div class=\"na_text\">Wir sind nur wenige, die in Polen die Katalyzatoren und Partikelfilter durch den Einlagenaustausch regenerieren. Auf diese Weise machen wir die Anlagen wieder fertig. Das ist mehr billiger als der Austausch der ganzen Untergruppe. Zum Regenerierungsprozess verwenden wir die neueste Maschine Hartridge DPF 300.<\/div>\n<\/div>\n<div class=\"na_col\">\n<div class=\"na_img\"><img loading=\"lazy\" decoding=\"async\" width=\"540\" height=\"310\" class=\"alignnone size-full wp-image-527\" src=\"https:\/\/kalinski.pl\/wp-content\/uploads\/Skuteczny-serwis.png\" alt=\"\"><\/div>\n<div class=\"na_header\">Wirksames Service<\/div>\n<div class=\"na_text\">Jede Realisierung betrachten wir individuell und suchen die beste L\u00f6sung. Wir beraten oder f\u00fchren selbst eine konkrete Dienstleistung aus. Unser Service das ist \u201eein Labor\u201d, in dem wir jede technische Herausforderung aufnehmen k\u00f6nnen.<\/div>\n<\/div>\n<div class=\"na_col\">\n<div class=\"na_img\"><img loading=\"lazy\" decoding=\"async\" width=\"540\" height=\"310\" class=\"alignnone size-full wp-image-520\" src=\"https:\/\/kalinski.pl\/wp-content\/uploads\/Magazyn.png\" alt=\"\"><\/div>\n<div class=\"na_header\">Das Lager<\/div>\n<div class=\"na_text\">NAuf \u00fcber 14 000 qm haben wir fast 40 0000 Produkte. Reiche Basis von Waren erlaubt den Kunden schnell notwendige Elemente zu liefern. Du musst nicht auf die Lieferung von den Verteilern warten, die Bedienung wirkt sehr geschickt.<\/div>\n<\/div>\n<div class=\"na_col3\">\n<div class=\"na_img\"><img loading=\"lazy\" decoding=\"async\" width=\"540\" height=\"310\" class=\"alignnone size-full wp-image-525\" src=\"https:\/\/kalinski.pl\/wp-content\/uploads\/Sprawdzeni-dostawcy.png\" alt=\"\"><\/div>\n<div class=\"na_header\">Erfahrene Zuliefer<\/div>\n<div class=\"na_text\">Wir arbeiten mit den bekannten Industrieunternehmen (sowohl aus Polen als auch vom Ausland) zusammen, die mit ihrer Marke gute Qualit\u00e4t und Bedienung garantieren. Unsere Produkte sind durch Zuverl\u00e4ssigkeit gekennzeichnet.<\/div>\n<\/div>\n<div class=\"na_col\">\n<div class=\"na_img\"><img loading=\"lazy\" decoding=\"async\" width=\"540\" height=\"310\" class=\"alignnone size-full wp-image-522\" src=\"https:\/\/kalinski.pl\/wp-content\/uploads\/Kompleksowa-obs\u0142uga.png\" alt=\"\"><\/div>\n<div class=\"na_header\">Komplexbedienung<\/div>\n<div class=\"na_text\">Die Bestellungen realisieren wir schnell und geschickt. Die Kunden bekommen gew\u00f6hnlich das gekaufte Produkt schon am zweiten Tag. Unseren Ruf best\u00e4tigen positive Meinungen im Internet und diese auf den Messen oder anderen Branchenevents.<\/div>\n<\/div>\n<div class=\"na_col\">\n<div class=\"na_img\"><img loading=\"lazy\" decoding=\"async\" width=\"350\" height=\"200\" class=\"alignnone size-full wp-image-187\" src=\"https:\/\/kalinski.pl\/wp-content\/uploads\/na_8.jpg\" alt=\"\"><\/div>\n<div class=\"na_header\">Vielfalt der Produkte<\/div>\n<div class=\"na_text\">Wir besch\u00e4ftigen uns auf komplexe Weise mit den Auspuffanlagen. Wir bieten Untergruppen, Teile zu den Auspuffanlagen und Befestigungselemente an. Bei uns kannst Du alles bestellen, was zur Reparatur und zum Austausch der Auspuffanlagen notwendig ist.<\/div>\n<\/div>\n<div class=\"na_col3\">\n<div class=\"na_img\"><img loading=\"lazy\" decoding=\"async\" width=\"350\" height=\"200\" class=\"alignnone size-full wp-image-188\" src=\"https:\/\/kalinski.pl\/wp-content\/uploads\/na_9.jpg\" alt=\"\"><\/div>\n<div class=\"na_header\">Vertrieb<\/div>\n<div class=\"na_text\">Unsere Produkte kann man vom beliebigen Ort auf der Welt mit dem Zugang zum Telefon oder mit dem Internetanschluss kaufen. Wir haben eigenes, sehr ausgebeutes Internetgesch\u00e4ft, wir sind auch auf Allegro, Ebay und Autoline Webseiten. Wir realisieren die Bestellungen sowohl per Telefon als auch per Internet. Unsere Produkte exportieren wir in die ganze Welt.<\/div>\n<\/div>\n<\/div>\n","protected":false},"excerpt":{"rendered":"<p>Reiche Erfahrung Wir sind schon auf dem Markt \u00fcber 25 Jahre und sind erkennbar in der Automobilbranche. Jedes Jahr nehmen wir an den Messen und Branchenevents teil. Unsere Produkte exportieren wir auch ins Ausland. Wir kennen die Kunden und wissen, was sie von uns verlangen. Eigene Produktion Wir machen selbst, was fehlt. Wir haben die &hellip; <a href=\"https:\/\/kalinski.pl\/serwis\/de\/unsere-vorzuege\/\" class=\"more-link\">Czytaj dalej<span class=\"screen-reader-text\"> Unsere Vorz\u00fcge<\/span><\/a><\/p>\n","protected":false},"author":1024,"featured_media":0,"parent":0,"menu_order":0,"comment_status":"closed","ping_status":"closed","template":"","meta":{"footnotes":""},"class_list":["post-1686","page","type-page","status-publish","hentry"],"yoast_head":"<!-- This site is optimized with the Yoast SEO plugin v26.7 - https:\/\/yoast.com\/wordpress\/plugins\/seo\/ -->\n<title>Unsere Vorz\u00fcge | Kali\u0144ski<\/title>\n<meta name=\"robots\" content=\"index, follow, max-snippet:-1, max-image-preview:large, max-video-preview:-1\" \/>\n<link rel=\"canonical\" href=\"https:\/\/kalinski.pl\/serwis\/de\/unsere-vorzuege\/\" \/>\n<meta property=\"og:locale\" content=\"pl_PL\" \/>\n<meta property=\"og:type\" content=\"article\" \/>\n<meta property=\"og:title\" content=\"Unsere Vorz\u00fcge | Kali\u0144ski\" \/>\n<meta property=\"og:description\" content=\"Reiche Erfahrung Wir sind schon auf dem Markt \u00fcber 25 Jahre und sind erkennbar in der Automobilbranche. Jedes Jahr nehmen wir an den Messen und Branchenevents teil. Unsere Produkte exportieren wir auch ins Ausland. Wir kennen die Kunden und wissen, was sie von uns verlangen. Eigene Produktion Wir machen selbst, was fehlt. Wir haben die &hellip; Czytaj dalej Unsere Vorz\u00fcge\" \/>\n<meta property=\"og:url\" content=\"https:\/\/kalinski.pl\/serwis\/de\/unsere-vorzuege\/\" \/>\n<meta property=\"og:site_name\" content=\"Kali\u0144ski\" \/>\n<meta property=\"article:modified_time\" content=\"2020-10-09T10:07:56+00:00\" \/>\n<meta property=\"og:image\" content=\"https:\/\/kalinski.pl\/wp-content\/uploads\/na_2.jpg\" \/>\n<meta name=\"twitter:card\" content=\"summary_large_image\" \/>\n<meta name=\"twitter:label1\" content=\"Szacowany czas czytania\" \/>\n\t<meta name=\"twitter:data1\" content=\"2 minuty\" \/>\n<script type=\"application\/ld+json\" class=\"yoast-schema-graph\">{\"@context\":\"https:\/\/schema.org\",\"@graph\":[{\"@type\":\"WebPage\",\"@id\":\"https:\/\/kalinski.pl\/serwis\/de\/unsere-vorzuege\/\",\"url\":\"https:\/\/kalinski.pl\/serwis\/de\/unsere-vorzuege\/\",\"name\":\"Unsere Vorz\u00fcge | Kali\u0144ski\",\"isPartOf\":{\"@id\":\"https:\/\/kalinski.pl\/serwis\/#website\"},\"primaryImageOfPage\":{\"@id\":\"https:\/\/kalinski.pl\/serwis\/de\/unsere-vorzuege\/#primaryimage\"},\"image\":{\"@id\":\"https:\/\/kalinski.pl\/serwis\/de\/unsere-vorzuege\/#primaryimage\"},\"thumbnailUrl\":\"https:\/\/kalinski.pl\/wp-content\/uploads\/na_2.jpg\",\"datePublished\":\"2020-06-29T12:21:23+00:00\",\"dateModified\":\"2020-10-09T10:07:56+00:00\",\"breadcrumb\":{\"@id\":\"https:\/\/kalinski.pl\/serwis\/de\/unsere-vorzuege\/#breadcrumb\"},\"inLanguage\":\"pl-PL\",\"potentialAction\":[{\"@type\":\"ReadAction\",\"target\":[\"https:\/\/kalinski.pl\/serwis\/de\/unsere-vorzuege\/\"]}]},{\"@type\":\"ImageObject\",\"inLanguage\":\"pl-PL\",\"@id\":\"https:\/\/kalinski.pl\/serwis\/de\/unsere-vorzuege\/#primaryimage\",\"url\":\"https:\/\/kalinski.pl\/wp-content\/uploads\/na_2.jpg\",\"contentUrl\":\"https:\/\/kalinski.pl\/wp-content\/uploads\/na_2.jpg\"},{\"@type\":\"BreadcrumbList\",\"@id\":\"https:\/\/kalinski.pl\/serwis\/de\/unsere-vorzuege\/#breadcrumb\",\"itemListElement\":[{\"@type\":\"ListItem\",\"position\":1,\"name\":\"Strona g\u0142\u00f3wna\",\"item\":\"https:\/\/kalinski.pl\/serwis\/\"},{\"@type\":\"ListItem\",\"position\":2,\"name\":\"Unsere Vorz\u00fcge\"}]},{\"@type\":\"WebSite\",\"@id\":\"https:\/\/kalinski.pl\/serwis\/#website\",\"url\":\"https:\/\/kalinski.pl\/serwis\/\",\"name\":\"Kali\u0144ski\",\"description\":\"Uk\u0142ady wydechowe\",\"publisher\":{\"@id\":\"https:\/\/kalinski.pl\/serwis\/#organization\"},\"potentialAction\":[{\"@type\":\"SearchAction\",\"target\":{\"@type\":\"EntryPoint\",\"urlTemplate\":\"https:\/\/kalinski.pl\/serwis\/?s={search_term_string}\"},\"query-input\":{\"@type\":\"PropertyValueSpecification\",\"valueRequired\":true,\"valueName\":\"search_term_string\"}}],\"inLanguage\":\"pl-PL\"},{\"@type\":\"Organization\",\"@id\":\"https:\/\/kalinski.pl\/serwis\/#organization\",\"name\":\"Kali\u0144ski\",\"url\":\"https:\/\/kalinski.pl\/serwis\/\",\"logo\":{\"@type\":\"ImageObject\",\"inLanguage\":\"pl-PL\",\"@id\":\"https:\/\/kalinski.pl\/serwis\/#\/schema\/logo\/image\/\",\"url\":\"https:\/\/kalinski.pl\/serwis\/wp-content\/uploads\/2019\/03\/cropped-logo_white.jpg\",\"contentUrl\":\"https:\/\/kalinski.pl\/serwis\/wp-content\/uploads\/2019\/03\/cropped-logo_white.jpg\",\"width\":240,\"height\":63,\"caption\":\"Kali\u0144ski\"},\"image\":{\"@id\":\"https:\/\/kalinski.pl\/serwis\/#\/schema\/logo\/image\/\"}}]}<\/script>\n<!-- \/ Yoast SEO plugin. -->","yoast_head_json":{"title":"Unsere Vorz\u00fcge | Kali\u0144ski","robots":{"index":"index","follow":"follow","max-snippet":"max-snippet:-1","max-image-preview":"max-image-preview:large","max-video-preview":"max-video-preview:-1"},"canonical":"https:\/\/kalinski.pl\/serwis\/de\/unsere-vorzuege\/","og_locale":"pl_PL","og_type":"article","og_title":"Unsere Vorz\u00fcge | Kali\u0144ski","og_description":"Reiche Erfahrung Wir sind schon auf dem Markt \u00fcber 25 Jahre und sind erkennbar in der Automobilbranche. Jedes Jahr nehmen wir an den Messen und Branchenevents teil. Unsere Produkte exportieren wir auch ins Ausland. Wir kennen die Kunden und wissen, was sie von uns verlangen. Eigene Produktion Wir machen selbst, was fehlt. Wir haben die &hellip; Czytaj dalej Unsere Vorz\u00fcge","og_url":"https:\/\/kalinski.pl\/serwis\/de\/unsere-vorzuege\/","og_site_name":"Kali\u0144ski","article_modified_time":"2020-10-09T10:07:56+00:00","og_image":[{"url":"https:\/\/kalinski.pl\/wp-content\/uploads\/na_2.jpg","type":"","width":"","height":""}],"twitter_card":"summary_large_image","twitter_misc":{"Szacowany czas czytania":"2 minuty"},"schema":{"@context":"https:\/\/schema.org","@graph":[{"@type":"WebPage","@id":"https:\/\/kalinski.pl\/serwis\/de\/unsere-vorzuege\/","url":"https:\/\/kalinski.pl\/serwis\/de\/unsere-vorzuege\/","name":"Unsere Vorz\u00fcge | Kali\u0144ski","isPartOf":{"@id":"https:\/\/kalinski.pl\/serwis\/#website"},"primaryImageOfPage":{"@id":"https:\/\/kalinski.pl\/serwis\/de\/unsere-vorzuege\/#primaryimage"},"image":{"@id":"https:\/\/kalinski.pl\/serwis\/de\/unsere-vorzuege\/#primaryimage"},"thumbnailUrl":"https:\/\/kalinski.pl\/wp-content\/uploads\/na_2.jpg","datePublished":"2020-06-29T12:21:23+00:00","dateModified":"2020-10-09T10:07:56+00:00","breadcrumb":{"@id":"https:\/\/kalinski.pl\/serwis\/de\/unsere-vorzuege\/#breadcrumb"},"inLanguage":"pl-PL","potentialAction":[{"@type":"ReadAction","target":["https:\/\/kalinski.pl\/serwis\/de\/unsere-vorzuege\/"]}]},{"@type":"ImageObject","inLanguage":"pl-PL","@id":"https:\/\/kalinski.pl\/serwis\/de\/unsere-vorzuege\/#primaryimage","url":"https:\/\/kalinski.pl\/wp-content\/uploads\/na_2.jpg","contentUrl":"https:\/\/kalinski.pl\/wp-content\/uploads\/na_2.jpg"},{"@type":"BreadcrumbList","@id":"https:\/\/kalinski.pl\/serwis\/de\/unsere-vorzuege\/#breadcrumb","itemListElement":[{"@type":"ListItem","position":1,"name":"Strona g\u0142\u00f3wna","item":"https:\/\/kalinski.pl\/serwis\/"},{"@type":"ListItem","position":2,"name":"Unsere Vorz\u00fcge"}]},{"@type":"WebSite","@id":"https:\/\/kalinski.pl\/serwis\/#website","url":"https:\/\/kalinski.pl\/serwis\/","name":"Kali\u0144ski","description":"Uk\u0142ady wydechowe","publisher":{"@id":"https:\/\/kalinski.pl\/serwis\/#organization"},"potentialAction":[{"@type":"SearchAction","target":{"@type":"EntryPoint","urlTemplate":"https:\/\/kalinski.pl\/serwis\/?s={search_term_string}"},"query-input":{"@type":"PropertyValueSpecification","valueRequired":true,"valueName":"search_term_string"}}],"inLanguage":"pl-PL"},{"@type":"Organization","@id":"https:\/\/kalinski.pl\/serwis\/#organization","name":"Kali\u0144ski","url":"https:\/\/kalinski.pl\/serwis\/","logo":{"@type":"ImageObject","inLanguage":"pl-PL","@id":"https:\/\/kalinski.pl\/serwis\/#\/schema\/logo\/image\/","url":"https:\/\/kalinski.pl\/serwis\/wp-content\/uploads\/2019\/03\/cropped-logo_white.jpg","contentUrl":"https:\/\/kalinski.pl\/serwis\/wp-content\/uploads\/2019\/03\/cropped-logo_white.jpg","width":240,"height":63,"caption":"Kali\u0144ski"},"image":{"@id":"https:\/\/kalinski.pl\/serwis\/#\/schema\/logo\/image\/"}}]}},"_links":{"self":[{"href":"https:\/\/kalinski.pl\/serwis\/wp-json\/wp\/v2\/pages\/1686","targetHints":{"allow":["GET"]}}],"collection":[{"href":"https:\/\/kalinski.pl\/serwis\/wp-json\/wp\/v2\/pages"}],"about":[{"href":"https:\/\/kalinski.pl\/serwis\/wp-json\/wp\/v2\/types\/page"}],"author":[{"embeddable":true,"href":"https:\/\/kalinski.pl\/serwis\/wp-json\/wp\/v2\/users\/1024"}],"replies":[{"embeddable":true,"href":"https:\/\/kalinski.pl\/serwis\/wp-json\/wp\/v2\/comments?post=1686"}],"version-history":[{"count":0,"href":"https:\/\/kalinski.pl\/serwis\/wp-json\/wp\/v2\/pages\/1686\/revisions"}],"wp:attachment":[{"href":"https:\/\/kalinski.pl\/serwis\/wp-json\/wp\/v2\/media?parent=1686"}],"curies":[{"name":"wp","href":"https:\/\/api.w.org\/{rel}","templated":true}]}}