{"id":1677,"date":"2020-06-29T12:48:51","date_gmt":"2020-06-29T10:48:51","guid":{"rendered":"https:\/\/kalinski.pl\/?page_id=1677"},"modified":"2020-10-14T08:26:19","modified_gmt":"2020-10-14T06:26:19","slug":"arbeitsmaschinen","status":"publish","type":"page","link":"https:\/\/kalinski.pl\/serwis\/de\/arbeitsmaschinen\/","title":{"rendered":"Arbeitsmaschinen"},"content":{"rendered":"<h4>Land \u2013 und Baumaschinen, Gabelstapler, Lademaschinen, Schienenfahrzeuge, Aggregate<\/h4>\n<div class=\"onas_img\"><img fetchpriority=\"high\" decoding=\"async\" class=\"alignnone size-full wp-image-386\" src=\"https:\/\/kalinski.pl\/wp-content\/uploads\/d_maszynyrobocze.jpg\" alt=\"\" width=\"1110\" height=\"300\"><\/div>\n<div class=\"text_white\">\n<p>Die Arbeitsmaschinenabteilung konzentriert sich auf die Dienstleistungen und Produkte f\u00fcr die Industriemaschinen. Im Rahmen unserer Arbeit befassen wir uns mit den Modifikationen und der Anpassung der Auspuffanlagen an die Spezifik eines Fahrzeuges. <\/p>\n<p>Wir besch\u00e4ftigen uns mit der Regenerierung der Partikelfilter und Katalyzatoren in Landsmaschinen, Baumaschinen, Gabelstaplern und Schienenfahrzeugen.<\/p>\n<\/div>\n<h3>Realisierende Dienstleistungen<\/h3>\n<div class=\"uslugi_left\">\n<div id=\"katalizatory\" class=\"uslugi_box\">\n<div><img decoding=\"async\" class=\"alignnone size-full wp-image-366\" src=\"https:\/\/kalinski.pl\/wp-content\/uploads\/d_pc_katalizatory.jpg\" alt=\"\" width=\"540\" height=\"320\"><\/div>\n<div class=\"uslugi_box_text\">\n<h5>Katalyzatoren<\/h5>\n<div class=\"uslugi_text\">\nSeit ein paar Jahren m\u00fcssen alle Arbeitsmaschinen zul\u00e4ssigen Emissionsnormen entsprechen, was in ihnen die Verwendung  des Abgasreinigungssystems erzwingt. Wir haben in unserem Angebot neue und regenerierte Katalyzatoren und wir regenerieren auch die Katalyzatoren, die uns die Kunden mitbringen.\n<\/div>\n<\/div>\n<\/div>\n<div id=\"tlumiki\" class=\"uslugi_box\">\n<div><img decoding=\"async\" class=\"alignnone size-full wp-image-559\" src=\"https:\/\/kalinski.pl\/wp-content\/uploads\/Tlumiki.png\" alt=\"\" width=\"540\" height=\"320\"><\/div>\n<div class=\"uslugi_box_text\">\n<h5>Schalld\u00e4mpfer und Rohre<\/h5>\n<div class=\"uslugi_text\">Die Auspuffanlagen in den Arbeitsfahrzeugen haben sehr verschiedene Gestalten und L\u00e4nge. Wir machen neue Schalld\u00e4mpfer von Grund auf, f\u00fcr individuelle Bestellungen oder wir arbeiten mit anderen Produzenten zusammen, indem wir den Kunden notwendige Untergruppen liefern.<\/div>\n<\/div>\n<\/div>\n<\/div>\n<div class=\"uslugi_right\">\n<div id=\"filtry\" class=\"uslugi_box\">\n<div><img loading=\"lazy\" decoding=\"async\" class=\"alignnone size-full wp-image-563\" src=\"https:\/\/kalinski.pl\/wp-content\/uploads\/Filtr-DPF-roboczy.png\" alt=\"\" width=\"540\" height=\"320\"><\/div>\n<div class=\"uslugi_box_text\">\n<h5>Filter DPF<\/h5>\n<div class=\"uslugi_text\">Wir haben die Partikelfilter zu den Arbeitsmaschinen. Wir besch\u00e4ftigen uns mit dem Verkauf neuer und regenerierter Filter, die wir selbst regenerieren.<\/div>\n<\/div>\n<\/div>\n<div id=\"modyfikacje\" class=\"uslugi_box\">\n<div><img loading=\"lazy\" decoding=\"async\" class=\"alignnone size-full wp-image-561\" src=\"https:\/\/kalinski.pl\/wp-content\/uploads\/Modyfikacja-ciearowe.png\" alt=\"\" width=\"540\" height=\"320\"><\/div>\n<div class=\"uslugi_box_text\">\n<h5>Modifikationen<\/h5>\n<div class=\"uslugi_text\">Bei der Modifikation richten wir uns vor allem nach der Funktionalit\u00e4t, die die gegebene Anlage erf\u00fcllen soll. In Bezug auf unsere reichen Hilfsmittel und die Produktionsabteilung k\u00f6nnen wir schnell zur Auspuffanlagenmodifikation kommen.<\/div>\n<\/div>\n<\/div>\n<\/div>\n<div class=\"dzial_obsluga\">\n<div class=\"do_left\">Szczeg\u00f3\u0142owe informacje na temat wybranych us\u0142ug<\/div>\n<div class=\"do_right\">\n<div class=\"k_box2\">\n<div class=\"k_box_left\"><img loading=\"lazy\" decoding=\"async\" class=\"alignnone size-full wp-image-152\" src=\"https:\/\/kalinski.pl\/wp-content\/uploads\/2019\/04\/k_adamc.jpg\" alt=\"\" width=\"95\" height=\"161\"><\/div>\n<div class=\"k_box_right\">\n<div class=\"kbr_1\">Arbeitsmaschinen<\/div>\n<div class=\"kbr_2\">Adam<\/div>\n<div class=\"kbr_2\"><a class=\"phone\" href=\"tel:0048618142777\">+48 61 814 27 77 \/ wew 102<\/a><\/div>\n<div class=\"kbr_3\">ciezarowe@kalinski.pl<\/div>\n<\/div>\n<\/div>\n<\/div>\n<\/div>\n<div class=\"dzialy_faq\">\n<div class=\"dzialy_faq_left\">\n<div class=\"faq_h2\">H\u00e4ufig gestellte Fragen<\/div>\n<div class=\"faq_all\"><a href=\"https:\/\/kalinski.pl\/faq\">alles zeigen &gt;<\/a><\/div>\n<\/div>\n<div class=\"dzialy_faq_right\">\n<div class=\"\">\t\t\t\t\t\t<style>\r\n\t\t\t\t<style>\r\n#wpsm_accordion_1707 .wpsm_panel-heading{\r\n\tpadding:0px !important;\r\n}\r\n#wpsm_accordion_1707 .wpsm_panel-title {\r\n\tmargin:0px !important; \r\n\ttext-transform:none !important;\r\n\tline-height: 1 !important;\r\n}\r\n#wpsm_accordion_1707 .wpsm_panel-title a{\r\n\ttext-decoration:none;\r\n\toverflow:hidden;\r\n\tdisplay:block;\r\n\tpadding:0px;\r\n\tfont-size: 18px !important;\r\n\tfont-family: Open Sans !important;\r\n\tcolor:#000000 !important;\r\n\tborder-bottom:0px !important;\r\n}\r\n\r\n#wpsm_accordion_1707 .wpsm_panel-title a:focus {\r\noutline: 0px !important;\r\n}\r\n\r\n#wpsm_accordion_1707 .wpsm_panel-title a:hover, #wpsm_accordion_1707 .wpsm_panel-title a:focus {\r\n\tcolor:#000000 !important;\r\n}\r\n#wpsm_accordion_1707 .acc-a{\r\n\tcolor: #000000 !important;\r\n\tbackground-color:#ffffff !important;\r\n\tborder-color: #ddd;\r\n}\r\n#wpsm_accordion_1707 .wpsm_panel-default > .wpsm_panel-heading{\r\n\tcolor: #000000 !important;\r\n\tbackground-color: #ffffff !important;\r\n\tborder-color: #ffffff !important;\r\n\tborder-top-left-radius: 0px;\r\n\tborder-top-right-radius: 0px;\r\n}\r\n#wpsm_accordion_1707 .wpsm_panel-default {\r\n\t\tborder:1px solid transparent !important;\r\n\t}\r\n#wpsm_accordion_1707 {\r\n\tmargin-bottom: 20px;\r\n\toverflow: hidden;\r\n\tfloat: none;\r\n\twidth: 100%;\r\n\tdisplay: block;\r\n}\r\n#wpsm_accordion_1707 .ac_title_class{\r\n\tdisplay: block;\r\n\tpadding-top: 12px;\r\n\tpadding-bottom: 12px;\r\n\tpadding-left: 15px;\r\n\tpadding-right: 15px;\r\n}\r\n#wpsm_accordion_1707  .wpsm_panel {\r\n\toverflow:hidden;\r\n\t-webkit-box-shadow: 0 0px 0px rgba(0, 0, 0, .05);\r\n\tbox-shadow: 0 0px 0px rgba(0, 0, 0, .05);\r\n\t\t\tborder-radius: 0px;\r\n\t}\r\n#wpsm_accordion_1707  .wpsm_panel + .wpsm_panel {\r\n\t\tmargin-top: 5px;\r\n\t}\r\n#wpsm_accordion_1707  .wpsm_panel-body{\r\n\tbackground-color:#ffffff !important;\r\n\tcolor:#000000 !important;\r\n\tborder-top-color: #ffffff !important;\r\n\tfont-size:16px !important;\r\n\tfont-family: Open Sans !important;\r\n\toverflow: hidden;\r\n\t\tborder: 2px solid #ffffff !important;\r\n\t}\r\n\r\n#wpsm_accordion_1707 .ac_open_cl_icon{\r\n\tbackground-color:#ffffff !important;\r\n\tcolor: #000000 !important;\r\n\tfloat:right !important;\r\n\tpadding-top: 12px !important;\r\n\tpadding-bottom: 12px !important;\r\n\tline-height: 1.0 !important;\r\n\tpadding-left: 15px !important;\r\n\tpadding-right: 15px !important;\r\n\tdisplay: inline-block !important;\r\n}\r\n\r\n\t\t\t\r\n\t\t\t#wpsm_accordion_1707 .wpsm_panel-default {\r\n    border-bottom: 1px solid #d9d9d9!important;\r\n}\r\n#wpsm_accordion_1707 .wpsm_panel-title {\r\n    line-height: 1.75 !important;\r\n}\r\n#wpsm_accordion_1707 .ac_open_cl_icon {\r\n    padding-top: 15px !important;\r\n}\r\n#wpsm_accordion_1707 .wpsm_panel-default:last-child {\r\n    border-bottom: 0px solid #d9d9d9 !important;\r\n}<\/style>\t\r\n\t\t\t<\/style>\r\n\t\t\t<div class=\"wpsm_panel-group\" id=\"wpsm_accordion_1707\" >\r\n\t\t\t\t\t\t\t\t\r\n\t\t\t\t\t<!-- Inner panel Start -->\r\n\t\t\t\t\t<div class=\"wpsm_panel wpsm_panel-default\">\r\n\t\t\t\t\t\t<div class=\"wpsm_panel-heading\" role=\"tab\" >\r\n\t\t\t\t\t\t  <h4 class=\"wpsm_panel-title\">\r\n\t\t\t\t\t\t\t<a  class=\"\"  data-toggle=\"collapse\" data-parent=\"#wpsm_accordion_1707 \" href=\"javascript:void(0)\" data-target=\"#ac_1707_collapse1\" onclick=\"do_resize()\">\r\n\t\t\t\t\t\t\t\t\t\t\t\t\t\t\t\t\t<span class=\"ac_open_cl_icon fa fa-plus\"><\/span>\r\n\t\t\t\t\t\t\t\t\t\r\n\t\t\t\t\t\t\t\t \r\n\t\t\t\t\t\t\t\t<span class=\"ac_title_class\">\r\n\t\t\t\t\t\t\t\t\tFertigen wir Auspuffanlagen nach der bestimmten Spezifikationen an?\t\t\t\t\t\t\t\t<\/span>\r\n\t\t\t\t\t\t\t<\/a>\r\n\t\t\t\t\t\t  <\/h4>\r\n\t\t\t\t\t\t<\/div>\r\n\t\t\t\t\t\t<div id=\"ac_1707_collapse1\" class=\"wpsm_panel-collapse collapse \"  >\r\n\t\t\t\t\t\t  <div class=\"wpsm_panel-body\">\r\n\t\t\t\t\t\t\tJa, wir sind im Stande eine Anlage zur Maschine nach der bestimmten Spezifikation zu machen. Zu diesem Zweck muss uns ein Foto oder technosche Zeichnung dieses Elementes zugesendet werden. Manchmal sogar \u201ealtes\u201d Element, das uns als Muster dienen k\u00f6nnte. \t\t\t\t\t\t  <\/div>\r\n\t\t\t\t\t\t<\/div>\r\n\t\t\t\t\t<\/div>\r\n\t\t\t\t\t<!-- Inner panel End -->\r\n\t\t\t\t\t\r\n\t\t\t\t\t\t\t\t\r\n\t\t\t\t\t<!-- Inner panel Start -->\r\n\t\t\t\t\t<div class=\"wpsm_panel wpsm_panel-default\">\r\n\t\t\t\t\t\t<div class=\"wpsm_panel-heading\" role=\"tab\" >\r\n\t\t\t\t\t\t  <h4 class=\"wpsm_panel-title\">\r\n\t\t\t\t\t\t\t<a  class=\"collapsed\"  data-toggle=\"collapse\" data-parent=\"#wpsm_accordion_1707 \" href=\"javascript:void(0)\" data-target=\"#ac_1707_collapse2\" onclick=\"do_resize()\">\r\n\t\t\t\t\t\t\t\t\t\t\t\t\t\t\t\t\t<span class=\"ac_open_cl_icon fa fa-plus\"><\/span>\r\n\t\t\t\t\t\t\t\t\t\r\n\t\t\t\t\t\t\t\t \r\n\t\t\t\t\t\t\t\t<span class=\"ac_title_class\">\r\n\t\t\t\t\t\t\t\t\tWie viel kostet und wie lange dauert der Bau der Auspuffanlage?\t\t\t\t\t\t\t\t<\/span>\r\n\t\t\t\t\t\t\t<\/a>\r\n\t\t\t\t\t\t  <\/h4>\r\n\t\t\t\t\t\t<\/div>\r\n\t\t\t\t\t\t<div id=\"ac_1707_collapse2\" class=\"wpsm_panel-collapse collapse \"  >\r\n\t\t\t\t\t\t  <div class=\"wpsm_panel-body\">\r\n\t\t\t\t\t\t\tDie Kosten und die Zeit h\u00e4ngen vom Schwierigkeitsgrad der Auspuffanlegenausf\u00fchrung und auch von unserer jetzigen Bestellungszahl ab. Die Kosten der individuellen Bestellungen betragen ein paar Tausend PLN und durchschnittliche Laufzeit dauert einige Tage. \t\t\t\t\t\t  <\/div>\r\n\t\t\t\t\t\t<\/div>\r\n\t\t\t\t\t<\/div>\r\n\t\t\t\t\t<!-- Inner panel End -->\r\n\t\t\t\t\t\r\n\t\t\t\t\t\t\t\t\r\n\t\t\t\t\t<!-- Inner panel Start -->\r\n\t\t\t\t\t<div class=\"wpsm_panel wpsm_panel-default\">\r\n\t\t\t\t\t\t<div class=\"wpsm_panel-heading\" role=\"tab\" >\r\n\t\t\t\t\t\t  <h4 class=\"wpsm_panel-title\">\r\n\t\t\t\t\t\t\t<a  class=\"collapsed\"  data-toggle=\"collapse\" data-parent=\"#wpsm_accordion_1707 \" href=\"javascript:void(0)\" data-target=\"#ac_1707_collapse3\" onclick=\"do_resize()\">\r\n\t\t\t\t\t\t\t\t\t\t\t\t\t\t\t\t\t<span class=\"ac_open_cl_icon fa fa-plus\"><\/span>\r\n\t\t\t\t\t\t\t\t\t\r\n\t\t\t\t\t\t\t\t \r\n\t\t\t\t\t\t\t\t<span class=\"ac_title_class\">\r\n\t\t\t\t\t\t\t\t\tRegeneriert ihr die Katalyzatoren und die Partikelfilter in den Arbeitsmaschinen?\t\t\t\t\t\t\t\t<\/span>\r\n\t\t\t\t\t\t\t<\/a>\r\n\t\t\t\t\t\t  <\/h4>\r\n\t\t\t\t\t\t<\/div>\r\n\t\t\t\t\t\t<div id=\"ac_1707_collapse3\" class=\"wpsm_panel-collapse collapse \"  >\r\n\t\t\t\t\t\t  <div class=\"wpsm_panel-body\">\r\n\t\t\t\t\t\t\tWir regenerieren sowohl Katalyzatoren als auch Filter DPF. Die Regenerierung beruht auf der Reinigung der Einlage vom Ru\u03b2 und der Asche oder auf dem Austausch der Keramikeinlage gegen neue.\t\t\t\t\t\t  <\/div>\r\n\t\t\t\t\t\t<\/div>\r\n\t\t\t\t\t<\/div>\r\n\t\t\t\t\t<!-- Inner panel End -->\r\n\t\t\t\t\t\r\n\t\t\t\t\t\t\t\t\r\n\t\t\t\t\t<!-- Inner panel Start -->\r\n\t\t\t\t\t<div class=\"wpsm_panel wpsm_panel-default\">\r\n\t\t\t\t\t\t<div class=\"wpsm_panel-heading\" role=\"tab\" >\r\n\t\t\t\t\t\t  <h4 class=\"wpsm_panel-title\">\r\n\t\t\t\t\t\t\t<a  class=\"collapsed\"  data-toggle=\"collapse\" data-parent=\"#wpsm_accordion_1707 \" href=\"javascript:void(0)\" data-target=\"#ac_1707_collapse4\" onclick=\"do_resize()\">\r\n\t\t\t\t\t\t\t\t\t\t\t\t\t\t\t\t\t<span class=\"ac_open_cl_icon fa fa-plus\"><\/span>\r\n\t\t\t\t\t\t\t\t\t\r\n\t\t\t\t\t\t\t\t \r\n\t\t\t\t\t\t\t\t<span class=\"ac_title_class\">\r\n\t\t\t\t\t\t\t\t\tAus welchem Material macht ihr die Auspuffanlagen?\t\t\t\t\t\t\t\t<\/span>\r\n\t\t\t\t\t\t\t<\/a>\r\n\t\t\t\t\t\t  <\/h4>\r\n\t\t\t\t\t\t<\/div>\r\n\t\t\t\t\t\t<div id=\"ac_1707_collapse4\" class=\"wpsm_panel-collapse collapse \"  >\r\n\t\t\t\t\t\t  <div class=\"wpsm_panel-body\">\r\n\t\t\t\t\t\t\tAm h\u00e4ufigsten verwenden wir zum Bau der Auspuffanlagen den rostfreien Stahl, weil er mehr dauerhaft und widerstandsf\u00e4hig gegen die Wetterbedingungen als der normale Aluminiumstahl. Die Kosten des rostfreien Stahls sind nicht so hoch, und die Qualit\u00e4t und die Haltbarkeit sind viel besser als seine billigeren \u0102quivalenten. \t\t\t\t\t\t  <\/div>\r\n\t\t\t\t\t\t<\/div>\r\n\t\t\t\t\t<\/div>\r\n\t\t\t\t\t<!-- Inner panel End -->\r\n\t\t\t\t\t\r\n\t\t\t\t\t\t\t<\/div>\r\n\t\t\t\r\n<script type=\"text\/javascript\">\r\n\t\r\n\t\tfunction do_resize(){\r\n\r\n\t\t\tvar width=jQuery( '.wpsm_panel .wpsm_panel-body iframe' ).width();\r\n\t\t\tvar height=jQuery( '.wpsm_panel .wpsm_panel-body iframe' ).height();\r\n\r\n\t\t\tvar toggleSize = true;\r\n\t\t\tjQuery('iframe').animate({\r\n\t\t\t    width: toggleSize ? width : 640,\r\n\t\t\t    height: toggleSize ? height : 360\r\n\t\t\t  }, 250);\r\n\r\n\t\t\t  toggleSize = !toggleSize;\r\n\t\t}\r\n\t\t\r\n<\/script>\t<\/div>\n<\/div>\n<\/div>\n<h3 id=\"realizacje\">Beispielhafte Durchf\u00fchrungen<\/h3>\n<div class=\"galeria_all\"><svg version=\"1.1\" xmlns=\"http:\/\/www.w3.org\/2000\/svg\" xmlns:xlink=\"http:\/\/www.w3.org\/1999\/xlink\" viewBox=\"0 0 66 66\" height=\"0\" width=\"0\" style=\"position:absolute\">\r\n\t<g id=\"preloader489\">\r\n\t\t<circle class=\"path\" fill=\"transparent\" stroke-width=\"3\" cx=\"33\" cy=\"33\" r=\"30\" stroke=\"url(#gradient489)\" stroke-linejoin=\"round\"\/>\r\n\t\t<linearGradient id=\"gradient489\">\r\n\t\t\t<stop class=\"stop-color\" offset=\"50%\" stop-color=\"#298ffc\" stop-opacity=\"1\"\/>\r\n\t\t\t<stop class=\"stop-color\" offset=\"65%\" stop-color=\"#298ffc\" stop-opacity=\".5\"\/>\r\n\t\t\t<stop class=\"stop-color\" offset=\"100%\" stop-color=\"#298ffc\" stop-opacity=\"0\"\/>\r\n\t\t<\/linearGradient>\r\n\t<\/g>\r\n<\/svg>\r\n<div class=\"tm-pg_frontend\" data-id=\"489\"\t data-view=\"grid\" data-post-id=\"1707\">\r\n\t<div class=\"tm-pg_front_gallery \">\r\n\t\t\t\t<div class=\"tm-pg_front_gallery-preloader tm-pg_hidden\">\r\n\t\t\t<svg version=\"1.1\"\r\n\t\t\t\txmlns=\"http:\/\/www.w3.org\/2000\/svg\"\r\n\t\t\t\txmlns:xlink=\"http:\/\/www.w3.org\/1999\/xlink\"\r\n\t\t\t\tviewBox=\"0 0 66 66\"\r\n\t\t\t\tclass=\"preloader\"\r\n\t\t\t\tstyle=\"display:inline-block\">\r\n\t\t\t\t<use xmlns:xlink=\"http:\/\/www.w3.org\/1999\/xlink\" xlink:href=\"#preloader489\"><\/use>\r\n\t\t\t<\/svg>\r\n\t\t<\/div>\r\n\t\t\r\n<div class=\"tm-pg_front_gallery-grid  tm-pg_animation-fade tm-pg_hover-fade\"\r\n\t data-load-more-img=\"1\">\r\n\t<div class=\"row\">\r\n\t\t\r\n<div class=\"tm_pg_gallery-item col-xs-6 col-lg-4 \"\r\n\t data-id=\"1207\" data-type=\"album\">\r\n\t<div class=\"tm_pg_gallery-item-wrapper\">\r\n\t\t<a href=\"https:\/\/kalinski.pl\/serwis\/gallery\/galeria-maszyny\/tm_pg_album\/volvo-bl71b\/\" class=\"tm_pg_gallery-item_link\" data-effect=\"fadeIn\">\r\n\t\t\t<img decoding=\"async\" src=\"https:\/\/kalinski.pl\/serwis\/wp-content\/uploads\/Volvo-BL71B-350x200.jpg\" alt=\"Kali\u0144ski - Volvo BL71B\">\r\n\t\t\t\t\t\t<div class=\"tm_pg_gallery-item_meta\">\r\n\t\t\t\t\t\t\t\t\t\t\t\t\t\t\t\t\t<h3 class=\"tm_pg_gallery-item_title\">Volvo BL71B<\/h3>\r\n\t\t\t\t\t\t\t\t\t\t\t\t\t\t\t\t\t\t\t\t\t\t\t\t<\/div>\r\n\t\t<\/a>\r\n\t<\/div>\r\n<\/div>\r\n\r\n<div class=\"tm_pg_gallery-item col-xs-6 col-lg-4 \"\r\n\t data-id=\"960\" data-type=\"album\">\r\n\t<div class=\"tm_pg_gallery-item-wrapper\">\r\n\t\t<a href=\"https:\/\/kalinski.pl\/serwis\/gallery\/galeria-maszyny\/tm_pg_album\/mercedes-actros-4857\/\" class=\"tm_pg_gallery-item_link\" data-effect=\"fadeIn\">\r\n\t\t\t<img decoding=\"async\" src=\"https:\/\/kalinski.pl\/serwis\/wp-content\/uploads\/MercedesActros1-400x300.png\" alt=\"Kali\u0144ski - Mercedes Actros 4857\">\r\n\t\t\t\t\t\t<div class=\"tm_pg_gallery-item_meta\">\r\n\t\t\t\t\t\t\t\t\t\t\t\t\t\t\t\t\t<h3 class=\"tm_pg_gallery-item_title\">Mercedes Actros 4857<\/h3>\r\n\t\t\t\t\t\t\t\t\t\t\t\t\t\t\t\t\t\t\t\t\t\t\t\t<\/div>\r\n\t\t<\/a>\r\n\t<\/div>\r\n<\/div>\r\n\t<\/div>\r\n<\/div>\r\n\t\t\t<\/div>\r\n<\/div>\r\n\r\n<\/div>\n","protected":false},"excerpt":{"rendered":"<p>Land \u2013 und Baumaschinen, Gabelstapler, Lademaschinen, Schienenfahrzeuge, Aggregate Die Arbeitsmaschinenabteilung konzentriert sich auf die Dienstleistungen und Produkte f\u00fcr die Industriemaschinen. Im Rahmen unserer Arbeit befassen wir uns mit den Modifikationen und der Anpassung der Auspuffanlagen an die Spezifik eines Fahrzeuges. Wir besch\u00e4ftigen uns mit der Regenerierung der Partikelfilter und Katalyzatoren in Landsmaschinen, Baumaschinen, Gabelstaplern und &hellip; <a href=\"https:\/\/kalinski.pl\/serwis\/?p=1707\" class=\"more-link\">Czytaj dalej<span class=\"screen-reader-text\"> Arbeitsmaschinen<\/span><\/a><\/p>\n","protected":false},"author":1024,"featured_media":0,"parent":0,"menu_order":0,"comment_status":"closed","ping_status":"closed","template":"","meta":{"footnotes":""},"class_list":["post-1677","page","type-page","status-publish","hentry"],"yoast_head":"<!-- This site is optimized with the Yoast SEO plugin v26.7 - https:\/\/yoast.com\/wordpress\/plugins\/seo\/ -->\n<title>Regeneracj\u0105 filtr\u00f3w cz\u0105stek sta\u0142ych i katalizator\u00f3w w maszynach rolniczych, budowlanych | Kali\u0144ski<\/title>\n<meta name=\"robots\" content=\"index, follow, max-snippet:-1, max-image-preview:large, max-video-preview:-1\" \/>\n<link rel=\"canonical\" href=\"https:\/\/kalinski.pl\/serwis\/de\/arbeitsmaschinen\/\" \/>\n<meta property=\"og:locale\" content=\"pl_PL\" \/>\n<meta property=\"og:type\" content=\"article\" \/>\n<meta property=\"og:title\" content=\"Regeneracj\u0105 filtr\u00f3w cz\u0105stek sta\u0142ych i katalizator\u00f3w w maszynach rolniczych, budowlanych | Kali\u0144ski\" \/>\n<meta property=\"og:description\" content=\"Land \u2013 und Baumaschinen, Gabelstapler, Lademaschinen, Schienenfahrzeuge, Aggregate Die Arbeitsmaschinenabteilung konzentriert sich auf die Dienstleistungen und Produkte f\u00fcr die Industriemaschinen. Im Rahmen unserer Arbeit befassen wir uns mit den Modifikationen und der Anpassung der Auspuffanlagen an die Spezifik eines Fahrzeuges. Wir besch\u00e4ftigen uns mit der Regenerierung der Partikelfilter und Katalyzatoren in Landsmaschinen, Baumaschinen, Gabelstaplern und &hellip; Czytaj dalej Arbeitsmaschinen\" \/>\n<meta property=\"og:url\" content=\"https:\/\/kalinski.pl\/serwis\/de\/arbeitsmaschinen\/\" \/>\n<meta property=\"og:site_name\" content=\"Kali\u0144ski\" \/>\n<meta property=\"article:modified_time\" content=\"2020-10-14T06:26:19+00:00\" \/>\n<meta property=\"og:image\" content=\"https:\/\/kalinski.pl\/wp-content\/uploads\/d_maszynyrobocze.jpg\" \/>\n<meta name=\"twitter:card\" content=\"summary_large_image\" \/>\n<meta name=\"twitter:label1\" content=\"Szacowany czas czytania\" \/>\n\t<meta name=\"twitter:data1\" content=\"1 minuta\" \/>\n<script type=\"application\/ld+json\" class=\"yoast-schema-graph\">{\"@context\":\"https:\/\/schema.org\",\"@graph\":[{\"@type\":\"WebPage\",\"@id\":\"https:\/\/kalinski.pl\/serwis\/de\/arbeitsmaschinen\/\",\"url\":\"https:\/\/kalinski.pl\/serwis\/de\/arbeitsmaschinen\/\",\"name\":\"Regeneracj\u0105 filtr\u00f3w cz\u0105stek sta\u0142ych i katalizator\u00f3w w maszynach rolniczych, budowlanych | Kali\u0144ski\",\"isPartOf\":{\"@id\":\"https:\/\/kalinski.pl\/serwis\/#website\"},\"primaryImageOfPage\":{\"@id\":\"https:\/\/kalinski.pl\/serwis\/de\/arbeitsmaschinen\/#primaryimage\"},\"image\":{\"@id\":\"https:\/\/kalinski.pl\/serwis\/de\/arbeitsmaschinen\/#primaryimage\"},\"thumbnailUrl\":\"https:\/\/kalinski.pl\/wp-content\/uploads\/d_maszynyrobocze.jpg\",\"datePublished\":\"2020-06-29T10:48:51+00:00\",\"dateModified\":\"2020-10-14T06:26:19+00:00\",\"breadcrumb\":{\"@id\":\"https:\/\/kalinski.pl\/serwis\/de\/arbeitsmaschinen\/#breadcrumb\"},\"inLanguage\":\"pl-PL\",\"potentialAction\":[{\"@type\":\"ReadAction\",\"target\":[\"https:\/\/kalinski.pl\/serwis\/de\/arbeitsmaschinen\/\"]}]},{\"@type\":\"ImageObject\",\"inLanguage\":\"pl-PL\",\"@id\":\"https:\/\/kalinski.pl\/serwis\/de\/arbeitsmaschinen\/#primaryimage\",\"url\":\"https:\/\/kalinski.pl\/wp-content\/uploads\/d_maszynyrobocze.jpg\",\"contentUrl\":\"https:\/\/kalinski.pl\/wp-content\/uploads\/d_maszynyrobocze.jpg\"},{\"@type\":\"BreadcrumbList\",\"@id\":\"https:\/\/kalinski.pl\/serwis\/de\/arbeitsmaschinen\/#breadcrumb\",\"itemListElement\":[{\"@type\":\"ListItem\",\"position\":1,\"name\":\"Strona g\u0142\u00f3wna\",\"item\":\"https:\/\/kalinski.pl\/serwis\/\"},{\"@type\":\"ListItem\",\"position\":2,\"name\":\"Arbeitsmaschinen\"}]},{\"@type\":\"WebSite\",\"@id\":\"https:\/\/kalinski.pl\/serwis\/#website\",\"url\":\"https:\/\/kalinski.pl\/serwis\/\",\"name\":\"Kali\u0144ski\",\"description\":\"Uk\u0142ady wydechowe\",\"publisher\":{\"@id\":\"https:\/\/kalinski.pl\/serwis\/#organization\"},\"potentialAction\":[{\"@type\":\"SearchAction\",\"target\":{\"@type\":\"EntryPoint\",\"urlTemplate\":\"https:\/\/kalinski.pl\/serwis\/?s={search_term_string}\"},\"query-input\":{\"@type\":\"PropertyValueSpecification\",\"valueRequired\":true,\"valueName\":\"search_term_string\"}}],\"inLanguage\":\"pl-PL\"},{\"@type\":\"Organization\",\"@id\":\"https:\/\/kalinski.pl\/serwis\/#organization\",\"name\":\"Kali\u0144ski\",\"url\":\"https:\/\/kalinski.pl\/serwis\/\",\"logo\":{\"@type\":\"ImageObject\",\"inLanguage\":\"pl-PL\",\"@id\":\"https:\/\/kalinski.pl\/serwis\/#\/schema\/logo\/image\/\",\"url\":\"https:\/\/kalinski.pl\/serwis\/wp-content\/uploads\/2019\/03\/cropped-logo_white.jpg\",\"contentUrl\":\"https:\/\/kalinski.pl\/serwis\/wp-content\/uploads\/2019\/03\/cropped-logo_white.jpg\",\"width\":240,\"height\":63,\"caption\":\"Kali\u0144ski\"},\"image\":{\"@id\":\"https:\/\/kalinski.pl\/serwis\/#\/schema\/logo\/image\/\"}}]}<\/script>\n<!-- \/ Yoast SEO plugin. -->","yoast_head_json":{"title":"Regeneracj\u0105 filtr\u00f3w cz\u0105stek sta\u0142ych i katalizator\u00f3w w maszynach rolniczych, budowlanych | Kali\u0144ski","robots":{"index":"index","follow":"follow","max-snippet":"max-snippet:-1","max-image-preview":"max-image-preview:large","max-video-preview":"max-video-preview:-1"},"canonical":"https:\/\/kalinski.pl\/serwis\/de\/arbeitsmaschinen\/","og_locale":"pl_PL","og_type":"article","og_title":"Regeneracj\u0105 filtr\u00f3w cz\u0105stek sta\u0142ych i katalizator\u00f3w w maszynach rolniczych, budowlanych | Kali\u0144ski","og_description":"Land \u2013 und Baumaschinen, Gabelstapler, Lademaschinen, Schienenfahrzeuge, Aggregate Die Arbeitsmaschinenabteilung konzentriert sich auf die Dienstleistungen und Produkte f\u00fcr die Industriemaschinen. Im Rahmen unserer Arbeit befassen wir uns mit den Modifikationen und der Anpassung der Auspuffanlagen an die Spezifik eines Fahrzeuges. Wir besch\u00e4ftigen uns mit der Regenerierung der Partikelfilter und Katalyzatoren in Landsmaschinen, Baumaschinen, Gabelstaplern und &hellip; Czytaj dalej Arbeitsmaschinen","og_url":"https:\/\/kalinski.pl\/serwis\/de\/arbeitsmaschinen\/","og_site_name":"Kali\u0144ski","article_modified_time":"2020-10-14T06:26:19+00:00","og_image":[{"url":"https:\/\/kalinski.pl\/wp-content\/uploads\/d_maszynyrobocze.jpg","type":"","width":"","height":""}],"twitter_card":"summary_large_image","twitter_misc":{"Szacowany czas czytania":"1 minuta"},"schema":{"@context":"https:\/\/schema.org","@graph":[{"@type":"WebPage","@id":"https:\/\/kalinski.pl\/serwis\/de\/arbeitsmaschinen\/","url":"https:\/\/kalinski.pl\/serwis\/de\/arbeitsmaschinen\/","name":"Regeneracj\u0105 filtr\u00f3w cz\u0105stek sta\u0142ych i katalizator\u00f3w w maszynach rolniczych, budowlanych | Kali\u0144ski","isPartOf":{"@id":"https:\/\/kalinski.pl\/serwis\/#website"},"primaryImageOfPage":{"@id":"https:\/\/kalinski.pl\/serwis\/de\/arbeitsmaschinen\/#primaryimage"},"image":{"@id":"https:\/\/kalinski.pl\/serwis\/de\/arbeitsmaschinen\/#primaryimage"},"thumbnailUrl":"https:\/\/kalinski.pl\/wp-content\/uploads\/d_maszynyrobocze.jpg","datePublished":"2020-06-29T10:48:51+00:00","dateModified":"2020-10-14T06:26:19+00:00","breadcrumb":{"@id":"https:\/\/kalinski.pl\/serwis\/de\/arbeitsmaschinen\/#breadcrumb"},"inLanguage":"pl-PL","potentialAction":[{"@type":"ReadAction","target":["https:\/\/kalinski.pl\/serwis\/de\/arbeitsmaschinen\/"]}]},{"@type":"ImageObject","inLanguage":"pl-PL","@id":"https:\/\/kalinski.pl\/serwis\/de\/arbeitsmaschinen\/#primaryimage","url":"https:\/\/kalinski.pl\/wp-content\/uploads\/d_maszynyrobocze.jpg","contentUrl":"https:\/\/kalinski.pl\/wp-content\/uploads\/d_maszynyrobocze.jpg"},{"@type":"BreadcrumbList","@id":"https:\/\/kalinski.pl\/serwis\/de\/arbeitsmaschinen\/#breadcrumb","itemListElement":[{"@type":"ListItem","position":1,"name":"Strona g\u0142\u00f3wna","item":"https:\/\/kalinski.pl\/serwis\/"},{"@type":"ListItem","position":2,"name":"Arbeitsmaschinen"}]},{"@type":"WebSite","@id":"https:\/\/kalinski.pl\/serwis\/#website","url":"https:\/\/kalinski.pl\/serwis\/","name":"Kali\u0144ski","description":"Uk\u0142ady wydechowe","publisher":{"@id":"https:\/\/kalinski.pl\/serwis\/#organization"},"potentialAction":[{"@type":"SearchAction","target":{"@type":"EntryPoint","urlTemplate":"https:\/\/kalinski.pl\/serwis\/?s={search_term_string}"},"query-input":{"@type":"PropertyValueSpecification","valueRequired":true,"valueName":"search_term_string"}}],"inLanguage":"pl-PL"},{"@type":"Organization","@id":"https:\/\/kalinski.pl\/serwis\/#organization","name":"Kali\u0144ski","url":"https:\/\/kalinski.pl\/serwis\/","logo":{"@type":"ImageObject","inLanguage":"pl-PL","@id":"https:\/\/kalinski.pl\/serwis\/#\/schema\/logo\/image\/","url":"https:\/\/kalinski.pl\/serwis\/wp-content\/uploads\/2019\/03\/cropped-logo_white.jpg","contentUrl":"https:\/\/kalinski.pl\/serwis\/wp-content\/uploads\/2019\/03\/cropped-logo_white.jpg","width":240,"height":63,"caption":"Kali\u0144ski"},"image":{"@id":"https:\/\/kalinski.pl\/serwis\/#\/schema\/logo\/image\/"}}]}},"_links":{"self":[{"href":"https:\/\/kalinski.pl\/serwis\/wp-json\/wp\/v2\/pages\/1677","targetHints":{"allow":["GET"]}}],"collection":[{"href":"https:\/\/kalinski.pl\/serwis\/wp-json\/wp\/v2\/pages"}],"about":[{"href":"https:\/\/kalinski.pl\/serwis\/wp-json\/wp\/v2\/types\/page"}],"author":[{"embeddable":true,"href":"https:\/\/kalinski.pl\/serwis\/wp-json\/wp\/v2\/users\/1024"}],"replies":[{"embeddable":true,"href":"https:\/\/kalinski.pl\/serwis\/wp-json\/wp\/v2\/comments?post=1677"}],"version-history":[{"count":0,"href":"https:\/\/kalinski.pl\/serwis\/wp-json\/wp\/v2\/pages\/1677\/revisions"}],"wp:attachment":[{"href":"https:\/\/kalinski.pl\/serwis\/wp-json\/wp\/v2\/media?parent=1677"}],"curies":[{"name":"wp","href":"https:\/\/api.w.org\/{rel}","templated":true}]}}