{"id":1673,"date":"2020-06-29T12:39:08","date_gmt":"2020-06-29T10:39:08","guid":{"rendered":"https:\/\/kalinski.pl\/?page_id=1673"},"modified":"2021-12-21T09:23:09","modified_gmt":"2021-12-21T08:23:09","slug":"dotacja-deutsch","status":"publish","type":"page","link":"https:\/\/kalinski.pl\/serwis\/de\/dotacja-deutsch\/","title":{"rendered":"Europ\u00e4ische Fonds"},"content":{"rendered":"<p style=\"text-align: center;\"><span style=\"color: #003399; font-size: 18pt;\"><span style=\"font-family: Calibri, serif;\"><b>KALI\u0143SKI \u2013 UK\u0141ADY WYDECHOWE&nbsp; SP\u00d3\u0141KA Z OGRANICZON\u0104&nbsp; ODPOWIEDZIALNO\u015aCI\u0104 realizuje projekt dofinansowany z Funduszy Europejskich<br \/>\nWzrost eksportu firmy Kali\u0144ski dzi\u0119ki realizacji programu Go to Brand<\/b><\/span><\/span><\/p>\n<p style=\"text-align: center;\"><span style=\"color: #000000; font-size: 14pt;\"><span style=\"font-family: Calibri, serif;\">Celem projektu jest promowanie marki KALI\u0143SKI i wzrost sprzeda\u017cy eksportowej firmy na rynkach zagranicznych<\/span><\/span><\/p>\n<p style=\"text-align: center;\"><span style=\"font-size: 14pt;\"><span style=\"color: #000000;\"><span style=\"font-family: Calibri, serif;\"><b>Dofinansowanie projektu z UE:<\/b><\/span><\/span><span style=\"color: #000000;\"><span style=\"font-family: Calibri, serif;\"> 426 375 PLN<\/span><\/span><\/span><\/p>\n<p><img fetchpriority=\"high\" decoding=\"async\" class=\"size-full wp-image-1375 aligncenter\" src=\"https:\/\/kalinski.pl\/wp-content\/uploads\/poir.jpg\" alt=\"\" width=\"1770\" height=\"273\"><\/p>\n<p style=\"text-align: center;\"><span style=\"color: #003399; font-size: 18pt; font-family: Calibri, serif;\"><strong>KALINSKI SP\u00d3\u0141KA Z OGRANICZON\u0104<\/strong><br \/>\n<strong>ODPOWIEDZIALNO\u015aCI\u0104 SP\u00d3\u0141KA<\/strong><br \/>\n<strong>KOMANDYTOWA realizuje projekt dofinansowany<\/strong><br \/>\n<strong>z Funduszy Europejskich<\/strong><br \/>\n<strong>Dalsza ekspansja zagraniczna firmy KALINSKI<\/strong><br \/>\n<strong>dzi\u0119ki realizacji programu Go to Brand<\/strong><\/span><\/p>\n<p style=\"text-align: center;\"><span class=\"fontstyle2\">Celem projektu jest promowanie marki KALINSKI i wzrost<\/span><\/p>\n<p style=\"text-align: center;\"><span class=\"fontstyle2\">sprzeda\u017cy eksportowej<\/span><\/p>\n<p style=\"text-align: center;\"><strong><span class=\"fontstyle0\">Dofinansowanie projektu z UE: <\/span><span class=\"fontstyle2\">420 675 PLN<\/span><\/strong><\/p>\n<p><img decoding=\"async\" class=\"size-full wp-image-3046 aligncenter\" src=\"https:\/\/kalinski.pl\/wp-content\/uploads\/kaldot.jpg\" alt=\"\" width=\"708\" height=\"145\"><\/p>\n<p>&nbsp;<\/p>\n","protected":false},"excerpt":{"rendered":"<p>KALI\u0143SKI \u2013 UK\u0141ADY WYDECHOWE&nbsp; SP\u00d3\u0141KA Z OGRANICZON\u0104&nbsp; ODPOWIEDZIALNO\u015aCI\u0104 realizuje projekt dofinansowany z Funduszy Europejskich Wzrost eksportu firmy Kali\u0144ski dzi\u0119ki realizacji programu Go to Brand Celem projektu jest promowanie marki KALI\u0143SKI i wzrost sprzeda\u017cy eksportowej firmy na rynkach zagranicznych Dofinansowanie projektu z UE: 426 375 PLN KALINSKI SP\u00d3\u0141KA Z OGRANICZON\u0104 ODPOWIEDZIALNO\u015aCI\u0104 SP\u00d3\u0141KA KOMANDYTOWA realizuje projekt dofinansowany &hellip; <a href=\"https:\/\/kalinski.pl\/serwis\/de\/dotacja-deutsch\/\" class=\"more-link\">Czytaj dalej<span class=\"screen-reader-text\"> Europ\u00e4ische Fonds<\/span><\/a><\/p>\n","protected":false},"author":1024,"featured_media":0,"parent":0,"menu_order":0,"comment_status":"closed","ping_status":"closed","template":"","meta":{"footnotes":""},"class_list":["post-1673","page","type-page","status-publish","hentry"],"yoast_head":"<!-- This site is optimized with the Yoast SEO plugin v26.7 - https:\/\/yoast.com\/wordpress\/plugins\/seo\/ -->\n<title>Europ\u00e4ische Fonds | Kali\u0144ski<\/title>\n<meta name=\"robots\" content=\"index, follow, max-snippet:-1, max-image-preview:large, max-video-preview:-1\" \/>\n<link rel=\"canonical\" href=\"https:\/\/kalinski.pl\/serwis\/de\/dotacja-deutsch\/\" \/>\n<meta property=\"og:locale\" content=\"pl_PL\" \/>\n<meta property=\"og:type\" content=\"article\" \/>\n<meta property=\"og:title\" content=\"Europ\u00e4ische Fonds | Kali\u0144ski\" \/>\n<meta property=\"og:description\" content=\"KALI\u0143SKI \u2013 UK\u0141ADY WYDECHOWE&nbsp; SP\u00d3\u0141KA Z OGRANICZON\u0104&nbsp; ODPOWIEDZIALNO\u015aCI\u0104 realizuje projekt dofinansowany z Funduszy Europejskich Wzrost eksportu firmy Kali\u0144ski dzi\u0119ki realizacji programu Go to Brand Celem projektu jest promowanie marki KALI\u0143SKI i wzrost sprzeda\u017cy eksportowej firmy na rynkach zagranicznych Dofinansowanie projektu z UE: 426 375 PLN KALINSKI SP\u00d3\u0141KA Z OGRANICZON\u0104 ODPOWIEDZIALNO\u015aCI\u0104 SP\u00d3\u0141KA KOMANDYTOWA realizuje projekt dofinansowany &hellip; Czytaj dalej Europ\u00e4ische Fonds\" \/>\n<meta property=\"og:url\" content=\"https:\/\/kalinski.pl\/serwis\/de\/dotacja-deutsch\/\" \/>\n<meta property=\"og:site_name\" content=\"Kali\u0144ski\" \/>\n<meta property=\"article:modified_time\" content=\"2021-12-21T08:23:09+00:00\" \/>\n<meta property=\"og:image\" content=\"https:\/\/kalinski.pl\/wp-content\/uploads\/poir.jpg\" \/>\n<meta name=\"twitter:card\" content=\"summary_large_image\" \/>\n<script type=\"application\/ld+json\" class=\"yoast-schema-graph\">{\"@context\":\"https:\/\/schema.org\",\"@graph\":[{\"@type\":\"WebPage\",\"@id\":\"https:\/\/kalinski.pl\/serwis\/de\/dotacja-deutsch\/\",\"url\":\"https:\/\/kalinski.pl\/serwis\/de\/dotacja-deutsch\/\",\"name\":\"Europ\u00e4ische Fonds | Kali\u0144ski\",\"isPartOf\":{\"@id\":\"https:\/\/kalinski.pl\/serwis\/#website\"},\"primaryImageOfPage\":{\"@id\":\"https:\/\/kalinski.pl\/serwis\/de\/dotacja-deutsch\/#primaryimage\"},\"image\":{\"@id\":\"https:\/\/kalinski.pl\/serwis\/de\/dotacja-deutsch\/#primaryimage\"},\"thumbnailUrl\":\"https:\/\/kalinski.pl\/wp-content\/uploads\/poir.jpg\",\"datePublished\":\"2020-06-29T10:39:08+00:00\",\"dateModified\":\"2021-12-21T08:23:09+00:00\",\"breadcrumb\":{\"@id\":\"https:\/\/kalinski.pl\/serwis\/de\/dotacja-deutsch\/#breadcrumb\"},\"inLanguage\":\"pl-PL\",\"potentialAction\":[{\"@type\":\"ReadAction\",\"target\":[\"https:\/\/kalinski.pl\/serwis\/de\/dotacja-deutsch\/\"]}]},{\"@type\":\"ImageObject\",\"inLanguage\":\"pl-PL\",\"@id\":\"https:\/\/kalinski.pl\/serwis\/de\/dotacja-deutsch\/#primaryimage\",\"url\":\"https:\/\/kalinski.pl\/wp-content\/uploads\/poir.jpg\",\"contentUrl\":\"https:\/\/kalinski.pl\/wp-content\/uploads\/poir.jpg\"},{\"@type\":\"BreadcrumbList\",\"@id\":\"https:\/\/kalinski.pl\/serwis\/de\/dotacja-deutsch\/#breadcrumb\",\"itemListElement\":[{\"@type\":\"ListItem\",\"position\":1,\"name\":\"Strona g\u0142\u00f3wna\",\"item\":\"https:\/\/kalinski.pl\/serwis\/\"},{\"@type\":\"ListItem\",\"position\":2,\"name\":\"Europ\u00e4ische Fonds\"}]},{\"@type\":\"WebSite\",\"@id\":\"https:\/\/kalinski.pl\/serwis\/#website\",\"url\":\"https:\/\/kalinski.pl\/serwis\/\",\"name\":\"Kali\u0144ski\",\"description\":\"Uk\u0142ady wydechowe\",\"publisher\":{\"@id\":\"https:\/\/kalinski.pl\/serwis\/#organization\"},\"potentialAction\":[{\"@type\":\"SearchAction\",\"target\":{\"@type\":\"EntryPoint\",\"urlTemplate\":\"https:\/\/kalinski.pl\/serwis\/?s={search_term_string}\"},\"query-input\":{\"@type\":\"PropertyValueSpecification\",\"valueRequired\":true,\"valueName\":\"search_term_string\"}}],\"inLanguage\":\"pl-PL\"},{\"@type\":\"Organization\",\"@id\":\"https:\/\/kalinski.pl\/serwis\/#organization\",\"name\":\"Kali\u0144ski\",\"url\":\"https:\/\/kalinski.pl\/serwis\/\",\"logo\":{\"@type\":\"ImageObject\",\"inLanguage\":\"pl-PL\",\"@id\":\"https:\/\/kalinski.pl\/serwis\/#\/schema\/logo\/image\/\",\"url\":\"https:\/\/kalinski.pl\/serwis\/wp-content\/uploads\/2019\/03\/cropped-logo_white.jpg\",\"contentUrl\":\"https:\/\/kalinski.pl\/serwis\/wp-content\/uploads\/2019\/03\/cropped-logo_white.jpg\",\"width\":240,\"height\":63,\"caption\":\"Kali\u0144ski\"},\"image\":{\"@id\":\"https:\/\/kalinski.pl\/serwis\/#\/schema\/logo\/image\/\"}}]}<\/script>\n<!-- \/ Yoast SEO plugin. -->","yoast_head_json":{"title":"Europ\u00e4ische Fonds | Kali\u0144ski","robots":{"index":"index","follow":"follow","max-snippet":"max-snippet:-1","max-image-preview":"max-image-preview:large","max-video-preview":"max-video-preview:-1"},"canonical":"https:\/\/kalinski.pl\/serwis\/de\/dotacja-deutsch\/","og_locale":"pl_PL","og_type":"article","og_title":"Europ\u00e4ische Fonds | Kali\u0144ski","og_description":"KALI\u0143SKI \u2013 UK\u0141ADY WYDECHOWE&nbsp; SP\u00d3\u0141KA Z OGRANICZON\u0104&nbsp; ODPOWIEDZIALNO\u015aCI\u0104 realizuje projekt dofinansowany z Funduszy Europejskich Wzrost eksportu firmy Kali\u0144ski dzi\u0119ki realizacji programu Go to Brand Celem projektu jest promowanie marki KALI\u0143SKI i wzrost sprzeda\u017cy eksportowej firmy na rynkach zagranicznych Dofinansowanie projektu z UE: 426 375 PLN KALINSKI SP\u00d3\u0141KA Z OGRANICZON\u0104 ODPOWIEDZIALNO\u015aCI\u0104 SP\u00d3\u0141KA KOMANDYTOWA realizuje projekt dofinansowany &hellip; Czytaj dalej Europ\u00e4ische Fonds","og_url":"https:\/\/kalinski.pl\/serwis\/de\/dotacja-deutsch\/","og_site_name":"Kali\u0144ski","article_modified_time":"2021-12-21T08:23:09+00:00","og_image":[{"url":"https:\/\/kalinski.pl\/wp-content\/uploads\/poir.jpg","type":"","width":"","height":""}],"twitter_card":"summary_large_image","schema":{"@context":"https:\/\/schema.org","@graph":[{"@type":"WebPage","@id":"https:\/\/kalinski.pl\/serwis\/de\/dotacja-deutsch\/","url":"https:\/\/kalinski.pl\/serwis\/de\/dotacja-deutsch\/","name":"Europ\u00e4ische Fonds | Kali\u0144ski","isPartOf":{"@id":"https:\/\/kalinski.pl\/serwis\/#website"},"primaryImageOfPage":{"@id":"https:\/\/kalinski.pl\/serwis\/de\/dotacja-deutsch\/#primaryimage"},"image":{"@id":"https:\/\/kalinski.pl\/serwis\/de\/dotacja-deutsch\/#primaryimage"},"thumbnailUrl":"https:\/\/kalinski.pl\/wp-content\/uploads\/poir.jpg","datePublished":"2020-06-29T10:39:08+00:00","dateModified":"2021-12-21T08:23:09+00:00","breadcrumb":{"@id":"https:\/\/kalinski.pl\/serwis\/de\/dotacja-deutsch\/#breadcrumb"},"inLanguage":"pl-PL","potentialAction":[{"@type":"ReadAction","target":["https:\/\/kalinski.pl\/serwis\/de\/dotacja-deutsch\/"]}]},{"@type":"ImageObject","inLanguage":"pl-PL","@id":"https:\/\/kalinski.pl\/serwis\/de\/dotacja-deutsch\/#primaryimage","url":"https:\/\/kalinski.pl\/wp-content\/uploads\/poir.jpg","contentUrl":"https:\/\/kalinski.pl\/wp-content\/uploads\/poir.jpg"},{"@type":"BreadcrumbList","@id":"https:\/\/kalinski.pl\/serwis\/de\/dotacja-deutsch\/#breadcrumb","itemListElement":[{"@type":"ListItem","position":1,"name":"Strona g\u0142\u00f3wna","item":"https:\/\/kalinski.pl\/serwis\/"},{"@type":"ListItem","position":2,"name":"Europ\u00e4ische Fonds"}]},{"@type":"WebSite","@id":"https:\/\/kalinski.pl\/serwis\/#website","url":"https:\/\/kalinski.pl\/serwis\/","name":"Kali\u0144ski","description":"Uk\u0142ady wydechowe","publisher":{"@id":"https:\/\/kalinski.pl\/serwis\/#organization"},"potentialAction":[{"@type":"SearchAction","target":{"@type":"EntryPoint","urlTemplate":"https:\/\/kalinski.pl\/serwis\/?s={search_term_string}"},"query-input":{"@type":"PropertyValueSpecification","valueRequired":true,"valueName":"search_term_string"}}],"inLanguage":"pl-PL"},{"@type":"Organization","@id":"https:\/\/kalinski.pl\/serwis\/#organization","name":"Kali\u0144ski","url":"https:\/\/kalinski.pl\/serwis\/","logo":{"@type":"ImageObject","inLanguage":"pl-PL","@id":"https:\/\/kalinski.pl\/serwis\/#\/schema\/logo\/image\/","url":"https:\/\/kalinski.pl\/serwis\/wp-content\/uploads\/2019\/03\/cropped-logo_white.jpg","contentUrl":"https:\/\/kalinski.pl\/serwis\/wp-content\/uploads\/2019\/03\/cropped-logo_white.jpg","width":240,"height":63,"caption":"Kali\u0144ski"},"image":{"@id":"https:\/\/kalinski.pl\/serwis\/#\/schema\/logo\/image\/"}}]}},"_links":{"self":[{"href":"https:\/\/kalinski.pl\/serwis\/wp-json\/wp\/v2\/pages\/1673","targetHints":{"allow":["GET"]}}],"collection":[{"href":"https:\/\/kalinski.pl\/serwis\/wp-json\/wp\/v2\/pages"}],"about":[{"href":"https:\/\/kalinski.pl\/serwis\/wp-json\/wp\/v2\/types\/page"}],"author":[{"embeddable":true,"href":"https:\/\/kalinski.pl\/serwis\/wp-json\/wp\/v2\/users\/1024"}],"replies":[{"embeddable":true,"href":"https:\/\/kalinski.pl\/serwis\/wp-json\/wp\/v2\/comments?post=1673"}],"version-history":[{"count":2,"href":"https:\/\/kalinski.pl\/serwis\/wp-json\/wp\/v2\/pages\/1673\/revisions"}],"predecessor-version":[{"id":3717,"href":"https:\/\/kalinski.pl\/serwis\/wp-json\/wp\/v2\/pages\/1673\/revisions\/3717"}],"wp:attachment":[{"href":"https:\/\/kalinski.pl\/serwis\/wp-json\/wp\/v2\/media?parent=1673"}],"curies":[{"name":"wp","href":"https:\/\/api.w.org\/{rel}","templated":true}]}}