{"id":1669,"date":"2020-06-29T12:35:42","date_gmt":"2020-06-29T10:35:42","guid":{"rendered":"https:\/\/kalinski.pl\/?page_id=1669"},"modified":"2020-09-07T10:58:40","modified_gmt":"2020-09-07T08:58:40","slug":"katalysatoren","status":"publish","type":"page","link":"https:\/\/kalinski.pl\/serwis\/de\/katalysatoren\/","title":{"rendered":"Katalysatoren"},"content":{"rendered":"<div class=\"katalizatory_png\"><img fetchpriority=\"high\" decoding=\"async\" class=\"alignnone size-full wp-image-1484\" src=\"https:\/\/kalinski.pl\/wp-content\/uploads\/Katalizatory_Kalinski.jpg\" alt=\"\" width=\"1920\" height=\"524\"><\/div>\n<div>&nbsp;<\/div>\n<div>&nbsp;<\/div>\n<div class=\"odstepy_strona\">\n<p>Katalysatoren f\u00fcr Personenkraftwagen geh\u00f6ren neben Dieselpartikelfiltern zu den am h\u00e4ufigsten verkauften Produkten auf unserer Website. Wir bieten sowohl neue als auch regenerierte Originalkatalysatoren sowie Dienstleistungen wie die Reparatur von Katalysatoren an..<\/p>\n<p>Wir empfehlen unseren Kunden h\u00e4ufig, \u00fcberholte Produkte zu verwenden, da wir die Vorteile der Katalysatorregeneration kennen. Aufgrund des Preises sind die Kosten f\u00fcr den Kauf eines wiederaufbereiteten Produkts niedriger als f\u00fcr Neuteile. Regeneration ist auch eine \u00f6kologische Aktivit\u00e4t. Sie besteht darin, ein vorhandenes Teil betriebsbereit zu machen, anstatt neue Komponenten herzustellen.<\/p>\n<p>Viele Unternehmen meinen, wenn sie \u00fcber Regeneration schreiben, Katalysatoren zu reinigen, indem sie sie mit verschiedenen Arten von Fl\u00fcssigkeiten und Wasser waschen. Diese Verfahren verstopfen den Katalysator h\u00e4ufig schnell wieder. Die Regeneration von Benzinkatalysatoren unterscheidet sich nicht von denen, die in Dieselfahrzeugen verwendet werden. Wir m\u00fcssen die Suchbegriffe &#8222;Benzinkatalysatorregeneration&#8221; nicht in die Suchmaschine eingeben, um die richtige Autowerkstatt zu finden. In beiden F\u00e4llen besteht die Regeneration von Autokatalysatoren in unserem Dienst im Austausch von Eins\u00e4tzen. Wir regenerieren auch DPF-Filter, indem wir die Eins\u00e4tze austauschen. Zus\u00e4tzlich zum Ersetzen der Eins\u00e4tze werden Partikelfilter auch in einem speziellen Ofen gebrannt, aber das Brennen des Katalysators ist nicht so effektiv wie das Ersetzen der Eins\u00e4tze. &nbsp;<\/p>\n<p>Es ist erw\u00e4hnenswert, dass wir haupts\u00e4chlich neue Katalysatoren regenerieren. Nur bei originalen Katalysatoren sind wir sicher, dass sie richtig auf das Fahrzeug und seine Abgasanlage abgestimmt sind. Unser Angebot umfasst haupts\u00e4chlich neue und regenerierte Produkte. Wir bieten auch Katalysatoren anderer Hersteller an, die sogenannten &#8222;Ersatz&#8221;, aber trotz ihres niedrigeren Preises stellt sich oft heraus, dass sie nicht zu einem bestimmten Modell passen, und ihre Bedienung l\u00e4sst zu w\u00fcnschen \u00fcbrig.&nbsp;<\/p>\n<p>Unser Angebot umfasst Katalysatoren f\u00fcr sehr beliebte Fahrzeugmarken, zum Beispiel: Volkswagen, Skoda, Toyota Ford, Fiat, Mazda, aber auch weniger verbreitete wie Jaguar, Bentley, Chevrolet, Chrysler, Dodge, Porsche und sogar Ferrari.<\/p>\n<p style=\"text-align: center;\"><span style=\"font-size: 18pt;\"><strong>NASZ SERWIS \u2013 POZNA\u0143 I OKOLICE<\/strong><\/span><\/p>\n<p>Siedziba naszej firmy ulokowana jest w okolicy <strong>Poznania,<\/strong> w gminie Tarnowo Podg\u00f3rne a dok\u0142adnie w <strong>Chybach.<\/strong> Do granicy <strong>Poznania mamy <\/strong>zaledwie kilka kilometr\u00f3w. W pobli\u017cu naszego serwisu znajduje si\u0119 r\u00f3wnie\u017c zachodnia obwodnica Poznania, czyli droga S-11 a tak\u017ce autostrada A2. Nasza lokalizacja pozwala na <strong>dogodny i szybki dojazd<\/strong>.<\/p>\n<p>Sama cz\u0119\u015b\u0107 warsztatowa naszej firmy sk\u0142ada si\u0119 z siedmiu stanowisk, na kt\u00f3rych wykonujemy us\u0142ugi wymiany katalizator\u00f3w, filtr\u00f3w cz\u0105stek sta\u0142ych czy t\u0142umik\u00f3w. Opr\u00f3cz realizacji us\u0142ug stacjonarnie <strong>wysy\u0142amy r\u00f3wnie\u017c katalizatory do klient\u00f3w<\/strong>, r\u00f3wnie\u017c poza Polsk\u0119. Dostarczamy produkty wsz\u0119dzie tam, gdzie mo\u017cemy zleci\u0107 us\u0142ug\u0119 wysy\u0142ki kurierskiej. Eksportujemy bardzo du\u017co produkt\u00f3w, szczeg\u00f3lnie do naszych zachodnich s\u0105siad\u00f3w, kt\u00f3ry ch\u0119tnie korzystaj\u0105 z produkt\u00f3w regenerowanych.<\/p>\n<p>W naszym dziale pojazd\u00f3w osobowych mamy <strong>dedykowany zesp\u00f3\u0142<\/strong> os\u00f3b specjalizuj\u0105cych si\u0119 w serwisie <strong>katalizator\u00f3w oraz filtr\u00f3w cz\u0105stek sta\u0142ych<\/strong>. Pracownik\u00f3w tego dzia\u0142u wyr\u00f3\u017cnia bogate do\u015bwiadczenie oraz wiedza.<\/p>\n<\/div>\n","protected":false},"excerpt":{"rendered":"<p>&nbsp; &nbsp; Katalysatoren f\u00fcr Personenkraftwagen geh\u00f6ren neben Dieselpartikelfiltern zu den am h\u00e4ufigsten verkauften Produkten auf unserer Website. Wir bieten sowohl neue als auch regenerierte Originalkatalysatoren sowie Dienstleistungen wie die Reparatur von Katalysatoren an.. Wir empfehlen unseren Kunden h\u00e4ufig, \u00fcberholte Produkte zu verwenden, da wir die Vorteile der Katalysatorregeneration kennen. Aufgrund des Preises sind die Kosten &hellip; <a href=\"https:\/\/kalinski.pl\/serwis\/de\/katalysatoren\/\" class=\"more-link\">Czytaj dalej<span class=\"screen-reader-text\"> Katalysatoren<\/span><\/a><\/p>\n","protected":false},"author":1024,"featured_media":0,"parent":0,"menu_order":0,"comment_status":"closed","ping_status":"closed","template":"","meta":{"footnotes":""},"class_list":["post-1669","page","type-page","status-publish","hentry"],"yoast_head":"<!-- This site is optimized with the Yoast SEO plugin v26.7 - https:\/\/yoast.com\/wordpress\/plugins\/seo\/ -->\n<title>Katalysatoren | Kali\u0144ski<\/title>\n<meta name=\"robots\" content=\"index, follow, max-snippet:-1, max-image-preview:large, max-video-preview:-1\" \/>\n<link rel=\"canonical\" href=\"https:\/\/kalinski.pl\/serwis\/de\/katalysatoren\/\" \/>\n<meta property=\"og:locale\" content=\"pl_PL\" \/>\n<meta property=\"og:type\" content=\"article\" \/>\n<meta property=\"og:title\" content=\"Katalysatoren | Kali\u0144ski\" \/>\n<meta property=\"og:description\" content=\"&nbsp; &nbsp; Katalysatoren f\u00fcr Personenkraftwagen geh\u00f6ren neben Dieselpartikelfiltern zu den am h\u00e4ufigsten verkauften Produkten auf unserer Website. Wir bieten sowohl neue als auch regenerierte Originalkatalysatoren sowie Dienstleistungen wie die Reparatur von Katalysatoren an.. Wir empfehlen unseren Kunden h\u00e4ufig, \u00fcberholte Produkte zu verwenden, da wir die Vorteile der Katalysatorregeneration kennen. Aufgrund des Preises sind die Kosten &hellip; Czytaj dalej Katalysatoren\" \/>\n<meta property=\"og:url\" content=\"https:\/\/kalinski.pl\/serwis\/de\/katalysatoren\/\" \/>\n<meta property=\"og:site_name\" content=\"Kali\u0144ski\" \/>\n<meta property=\"article:modified_time\" content=\"2020-09-07T08:58:40+00:00\" \/>\n<meta property=\"og:image\" content=\"https:\/\/kalinski.pl\/wp-content\/uploads\/Katalizatory_Kalinski.jpg\" \/>\n<meta name=\"twitter:card\" content=\"summary_large_image\" \/>\n<meta name=\"twitter:label1\" content=\"Szacowany czas czytania\" \/>\n\t<meta name=\"twitter:data1\" content=\"2 minuty\" \/>\n<script type=\"application\/ld+json\" class=\"yoast-schema-graph\">{\"@context\":\"https:\/\/schema.org\",\"@graph\":[{\"@type\":\"WebPage\",\"@id\":\"https:\/\/kalinski.pl\/serwis\/de\/katalysatoren\/\",\"url\":\"https:\/\/kalinski.pl\/serwis\/de\/katalysatoren\/\",\"name\":\"Katalysatoren | Kali\u0144ski\",\"isPartOf\":{\"@id\":\"https:\/\/kalinski.pl\/serwis\/#website\"},\"primaryImageOfPage\":{\"@id\":\"https:\/\/kalinski.pl\/serwis\/de\/katalysatoren\/#primaryimage\"},\"image\":{\"@id\":\"https:\/\/kalinski.pl\/serwis\/de\/katalysatoren\/#primaryimage\"},\"thumbnailUrl\":\"https:\/\/kalinski.pl\/wp-content\/uploads\/Katalizatory_Kalinski.jpg\",\"datePublished\":\"2020-06-29T10:35:42+00:00\",\"dateModified\":\"2020-09-07T08:58:40+00:00\",\"breadcrumb\":{\"@id\":\"https:\/\/kalinski.pl\/serwis\/de\/katalysatoren\/#breadcrumb\"},\"inLanguage\":\"pl-PL\",\"potentialAction\":[{\"@type\":\"ReadAction\",\"target\":[\"https:\/\/kalinski.pl\/serwis\/de\/katalysatoren\/\"]}]},{\"@type\":\"ImageObject\",\"inLanguage\":\"pl-PL\",\"@id\":\"https:\/\/kalinski.pl\/serwis\/de\/katalysatoren\/#primaryimage\",\"url\":\"https:\/\/kalinski.pl\/wp-content\/uploads\/Katalizatory_Kalinski.jpg\",\"contentUrl\":\"https:\/\/kalinski.pl\/wp-content\/uploads\/Katalizatory_Kalinski.jpg\"},{\"@type\":\"BreadcrumbList\",\"@id\":\"https:\/\/kalinski.pl\/serwis\/de\/katalysatoren\/#breadcrumb\",\"itemListElement\":[{\"@type\":\"ListItem\",\"position\":1,\"name\":\"Strona g\u0142\u00f3wna\",\"item\":\"https:\/\/kalinski.pl\/serwis\/\"},{\"@type\":\"ListItem\",\"position\":2,\"name\":\"Katalysatoren\"}]},{\"@type\":\"WebSite\",\"@id\":\"https:\/\/kalinski.pl\/serwis\/#website\",\"url\":\"https:\/\/kalinski.pl\/serwis\/\",\"name\":\"Kali\u0144ski\",\"description\":\"Uk\u0142ady wydechowe\",\"publisher\":{\"@id\":\"https:\/\/kalinski.pl\/serwis\/#organization\"},\"potentialAction\":[{\"@type\":\"SearchAction\",\"target\":{\"@type\":\"EntryPoint\",\"urlTemplate\":\"https:\/\/kalinski.pl\/serwis\/?s={search_term_string}\"},\"query-input\":{\"@type\":\"PropertyValueSpecification\",\"valueRequired\":true,\"valueName\":\"search_term_string\"}}],\"inLanguage\":\"pl-PL\"},{\"@type\":\"Organization\",\"@id\":\"https:\/\/kalinski.pl\/serwis\/#organization\",\"name\":\"Kali\u0144ski\",\"url\":\"https:\/\/kalinski.pl\/serwis\/\",\"logo\":{\"@type\":\"ImageObject\",\"inLanguage\":\"pl-PL\",\"@id\":\"https:\/\/kalinski.pl\/serwis\/#\/schema\/logo\/image\/\",\"url\":\"https:\/\/kalinski.pl\/serwis\/wp-content\/uploads\/2019\/03\/cropped-logo_white.jpg\",\"contentUrl\":\"https:\/\/kalinski.pl\/serwis\/wp-content\/uploads\/2019\/03\/cropped-logo_white.jpg\",\"width\":240,\"height\":63,\"caption\":\"Kali\u0144ski\"},\"image\":{\"@id\":\"https:\/\/kalinski.pl\/serwis\/#\/schema\/logo\/image\/\"}}]}<\/script>\n<!-- \/ Yoast SEO plugin. -->","yoast_head_json":{"title":"Katalysatoren | Kali\u0144ski","robots":{"index":"index","follow":"follow","max-snippet":"max-snippet:-1","max-image-preview":"max-image-preview:large","max-video-preview":"max-video-preview:-1"},"canonical":"https:\/\/kalinski.pl\/serwis\/de\/katalysatoren\/","og_locale":"pl_PL","og_type":"article","og_title":"Katalysatoren | Kali\u0144ski","og_description":"&nbsp; &nbsp; Katalysatoren f\u00fcr Personenkraftwagen geh\u00f6ren neben Dieselpartikelfiltern zu den am h\u00e4ufigsten verkauften Produkten auf unserer Website. Wir bieten sowohl neue als auch regenerierte Originalkatalysatoren sowie Dienstleistungen wie die Reparatur von Katalysatoren an.. Wir empfehlen unseren Kunden h\u00e4ufig, \u00fcberholte Produkte zu verwenden, da wir die Vorteile der Katalysatorregeneration kennen. Aufgrund des Preises sind die Kosten &hellip; Czytaj dalej Katalysatoren","og_url":"https:\/\/kalinski.pl\/serwis\/de\/katalysatoren\/","og_site_name":"Kali\u0144ski","article_modified_time":"2020-09-07T08:58:40+00:00","og_image":[{"url":"https:\/\/kalinski.pl\/wp-content\/uploads\/Katalizatory_Kalinski.jpg","type":"","width":"","height":""}],"twitter_card":"summary_large_image","twitter_misc":{"Szacowany czas czytania":"2 minuty"},"schema":{"@context":"https:\/\/schema.org","@graph":[{"@type":"WebPage","@id":"https:\/\/kalinski.pl\/serwis\/de\/katalysatoren\/","url":"https:\/\/kalinski.pl\/serwis\/de\/katalysatoren\/","name":"Katalysatoren | Kali\u0144ski","isPartOf":{"@id":"https:\/\/kalinski.pl\/serwis\/#website"},"primaryImageOfPage":{"@id":"https:\/\/kalinski.pl\/serwis\/de\/katalysatoren\/#primaryimage"},"image":{"@id":"https:\/\/kalinski.pl\/serwis\/de\/katalysatoren\/#primaryimage"},"thumbnailUrl":"https:\/\/kalinski.pl\/wp-content\/uploads\/Katalizatory_Kalinski.jpg","datePublished":"2020-06-29T10:35:42+00:00","dateModified":"2020-09-07T08:58:40+00:00","breadcrumb":{"@id":"https:\/\/kalinski.pl\/serwis\/de\/katalysatoren\/#breadcrumb"},"inLanguage":"pl-PL","potentialAction":[{"@type":"ReadAction","target":["https:\/\/kalinski.pl\/serwis\/de\/katalysatoren\/"]}]},{"@type":"ImageObject","inLanguage":"pl-PL","@id":"https:\/\/kalinski.pl\/serwis\/de\/katalysatoren\/#primaryimage","url":"https:\/\/kalinski.pl\/wp-content\/uploads\/Katalizatory_Kalinski.jpg","contentUrl":"https:\/\/kalinski.pl\/wp-content\/uploads\/Katalizatory_Kalinski.jpg"},{"@type":"BreadcrumbList","@id":"https:\/\/kalinski.pl\/serwis\/de\/katalysatoren\/#breadcrumb","itemListElement":[{"@type":"ListItem","position":1,"name":"Strona g\u0142\u00f3wna","item":"https:\/\/kalinski.pl\/serwis\/"},{"@type":"ListItem","position":2,"name":"Katalysatoren"}]},{"@type":"WebSite","@id":"https:\/\/kalinski.pl\/serwis\/#website","url":"https:\/\/kalinski.pl\/serwis\/","name":"Kali\u0144ski","description":"Uk\u0142ady wydechowe","publisher":{"@id":"https:\/\/kalinski.pl\/serwis\/#organization"},"potentialAction":[{"@type":"SearchAction","target":{"@type":"EntryPoint","urlTemplate":"https:\/\/kalinski.pl\/serwis\/?s={search_term_string}"},"query-input":{"@type":"PropertyValueSpecification","valueRequired":true,"valueName":"search_term_string"}}],"inLanguage":"pl-PL"},{"@type":"Organization","@id":"https:\/\/kalinski.pl\/serwis\/#organization","name":"Kali\u0144ski","url":"https:\/\/kalinski.pl\/serwis\/","logo":{"@type":"ImageObject","inLanguage":"pl-PL","@id":"https:\/\/kalinski.pl\/serwis\/#\/schema\/logo\/image\/","url":"https:\/\/kalinski.pl\/serwis\/wp-content\/uploads\/2019\/03\/cropped-logo_white.jpg","contentUrl":"https:\/\/kalinski.pl\/serwis\/wp-content\/uploads\/2019\/03\/cropped-logo_white.jpg","width":240,"height":63,"caption":"Kali\u0144ski"},"image":{"@id":"https:\/\/kalinski.pl\/serwis\/#\/schema\/logo\/image\/"}}]}},"_links":{"self":[{"href":"https:\/\/kalinski.pl\/serwis\/wp-json\/wp\/v2\/pages\/1669","targetHints":{"allow":["GET"]}}],"collection":[{"href":"https:\/\/kalinski.pl\/serwis\/wp-json\/wp\/v2\/pages"}],"about":[{"href":"https:\/\/kalinski.pl\/serwis\/wp-json\/wp\/v2\/types\/page"}],"author":[{"embeddable":true,"href":"https:\/\/kalinski.pl\/serwis\/wp-json\/wp\/v2\/users\/1024"}],"replies":[{"embeddable":true,"href":"https:\/\/kalinski.pl\/serwis\/wp-json\/wp\/v2\/comments?post=1669"}],"version-history":[{"count":0,"href":"https:\/\/kalinski.pl\/serwis\/wp-json\/wp\/v2\/pages\/1669\/revisions"}],"wp:attachment":[{"href":"https:\/\/kalinski.pl\/serwis\/wp-json\/wp\/v2\/media?parent=1669"}],"curies":[{"name":"wp","href":"https:\/\/api.w.org\/{rel}","templated":true}]}}