{"id":1667,"date":"2020-06-29T12:33:31","date_gmt":"2020-06-29T10:33:31","guid":{"rendered":"https:\/\/kalinski.pl\/?page_id=1667"},"modified":"2020-12-08T10:37:45","modified_gmt":"2020-12-08T09:37:45","slug":"geschichte","status":"publish","type":"page","link":"https:\/\/kalinski.pl\/serwis\/de\/geschichte\/","title":{"rendered":"Geschichte"},"content":{"rendered":"<div class=\"historia_left\">\n<div class=\"h_text\">\n<p>Die Firma Kalinski Auspuffanlagen ist 1992 in Chyby in der N\u00e4he von Pozna\u0144 entstanden. Das Familienunternehmen hat W\u0142odzimierz Kali\u0144ski gegr\u00fcndet.<\/p>\n<p>Am Anfang haben wir uns nur mit dem Verkauf der Schalld\u00e4mpfer und ihrer Montageelemente besch\u00e4ftigt. Es stellte sich schnell fest, dass wir einen richtigen Weg gew\u00e4hlt haben, der die Entwicklung der Firma erm\u00f6glicht hat. Schon 1995 hatten wir in unserem Angebot die Servicedienstleistungen und Austausch der Untergruppen von Auspuffanlagen. Ein paar Jahre sp\u00e4ter haben wir angefangen, Produkte zu exportieren, die heute effizient ausl\u00e4ndische M\u00e4rkte erobern.<\/p>\n<p>Immer gr\u00f6\u03b2ere Kundenzahl und ihre steigenden Bed\u00fcrfnisse haben uns dazu geneigt, um 1998 den Firmensitz auszubauen. Der Ausbau hat zur Er\u00f6ffnung neuer Abteilungen beigetragen. Au\u03b2er den Personenkraftwagen haben wir angefangen, auch Lastkraftwagen und Motorr\u00e4der zu bedienen. Wir haben die Automobilbranchenentwicklung gefolgt und uns mit den Partikelfiltern und anderen Untergruppen in den Auspuffanlagen besch\u00e4ftigt.<\/p>\n<p>Mit der steigenden Produktenzahl haben wir die Vertriebskan\u00e4le erweitert und f\u00fcr unsere Servicequalit\u00e4t gesorgt. 2015 haben wir das Zertifikat ISO 9001 bekommen. Ein Jahr sp\u00e4ter haben wir das Internetgesch\u00e4ft er\u00f6ffnet. An der Wende der letzten Jahren haben wir unseren Sitz ausgebaut, indem wir zwei neue Hallen gebaut haben. In den letzten Jahren haben wir starke Marktposition erreicht, aber wir verbessern weiter unser Service, f\u00fchren moderne Technologien ein und markieren neue Entwicklungswege.<\/p>\n<\/div>\n<\/div>\n<div class=\"historia_right\">\n<div class=\"historia_slider\"><\/div>\n<div class=\"historia_daty\">\n<div class=\"h_r_header\">Die wichtigsten Daten in der Geschichte der Firma<\/div>\n<div class=\"historia_ul\">\n<ul class=\"bar\">\n<li>2019<br \/>\nEr\u00f6ffnung einer neuen Halle f\u00fcr LKWs<\/li>\n<li>2017<br \/>\nInbetriebnahme einer neuen Halle und der eigenst\u00e4ndigen Produktionsabteilung<\/li>\n<li>2016<br \/>\nStart des Internetgesch\u00e4fts<\/li>\n<li>2015<br \/>\nEinf\u00fchrung des Qualit\u00e4tsmanagmentsystems ISO 9001<\/li>\n<li>2011<br \/>\nDer zweite Ausbau des Firmensitzes<\/li>\n<li>1998<br \/>\nDer erste Ausbau des Firmensitzes<\/li>\n<li>1998<br \/>\nBeginn des Exports der Produkte auf ausl\u00e4ndische M\u00e4rkte<\/li>\n<li>1995<br \/>\nStart Auspuffanlagenservice<\/li>\n<li>1992<br \/>\nDie Gr\u00fcndung der Firma<\/li>\n<\/ul>\n<\/div>\n<\/div>\n<\/div>\n","protected":false},"excerpt":{"rendered":"<p>Die Firma Kalinski Auspuffanlagen ist 1992 in Chyby in der N\u00e4he von Pozna\u0144 entstanden. Das Familienunternehmen hat W\u0142odzimierz Kali\u0144ski gegr\u00fcndet. Am Anfang haben wir uns nur mit dem Verkauf der Schalld\u00e4mpfer und ihrer Montageelemente besch\u00e4ftigt. Es stellte sich schnell fest, dass wir einen richtigen Weg gew\u00e4hlt haben, der die Entwicklung der Firma erm\u00f6glicht hat. Schon &hellip; <a href=\"https:\/\/kalinski.pl\/serwis\/de\/geschichte\/\" class=\"more-link\">Czytaj dalej<span class=\"screen-reader-text\"> Geschichte<\/span><\/a><\/p>\n","protected":false},"author":1024,"featured_media":0,"parent":0,"menu_order":0,"comment_status":"closed","ping_status":"closed","template":"","meta":{"footnotes":""},"class_list":["post-1667","page","type-page","status-publish","hentry"],"yoast_head":"<!-- This site is optimized with the Yoast SEO plugin v26.7 - https:\/\/yoast.com\/wordpress\/plugins\/seo\/ -->\n<title>Geschichte | Kali\u0144ski<\/title>\n<meta name=\"robots\" content=\"index, follow, max-snippet:-1, max-image-preview:large, max-video-preview:-1\" \/>\n<link rel=\"canonical\" href=\"https:\/\/kalinski.pl\/serwis\/de\/geschichte\/\" \/>\n<meta property=\"og:locale\" content=\"pl_PL\" \/>\n<meta property=\"og:type\" content=\"article\" \/>\n<meta property=\"og:title\" content=\"Geschichte | Kali\u0144ski\" \/>\n<meta property=\"og:description\" content=\"Die Firma Kalinski Auspuffanlagen ist 1992 in Chyby in der N\u00e4he von Pozna\u0144 entstanden. Das Familienunternehmen hat W\u0142odzimierz Kali\u0144ski gegr\u00fcndet. Am Anfang haben wir uns nur mit dem Verkauf der Schalld\u00e4mpfer und ihrer Montageelemente besch\u00e4ftigt. Es stellte sich schnell fest, dass wir einen richtigen Weg gew\u00e4hlt haben, der die Entwicklung der Firma erm\u00f6glicht hat. Schon &hellip; Czytaj dalej Geschichte\" \/>\n<meta property=\"og:url\" content=\"https:\/\/kalinski.pl\/serwis\/de\/geschichte\/\" \/>\n<meta property=\"og:site_name\" content=\"Kali\u0144ski\" \/>\n<meta property=\"article:modified_time\" content=\"2020-12-08T09:37:45+00:00\" \/>\n<meta name=\"twitter:card\" content=\"summary_large_image\" \/>\n<meta name=\"twitter:label1\" content=\"Szacowany czas czytania\" \/>\n\t<meta name=\"twitter:data1\" content=\"1 minuta\" \/>\n<script type=\"application\/ld+json\" class=\"yoast-schema-graph\">{\"@context\":\"https:\/\/schema.org\",\"@graph\":[{\"@type\":\"WebPage\",\"@id\":\"https:\/\/kalinski.pl\/serwis\/de\/geschichte\/\",\"url\":\"https:\/\/kalinski.pl\/serwis\/de\/geschichte\/\",\"name\":\"Geschichte | Kali\u0144ski\",\"isPartOf\":{\"@id\":\"https:\/\/kalinski.pl\/serwis\/#website\"},\"datePublished\":\"2020-06-29T10:33:31+00:00\",\"dateModified\":\"2020-12-08T09:37:45+00:00\",\"breadcrumb\":{\"@id\":\"https:\/\/kalinski.pl\/serwis\/de\/geschichte\/#breadcrumb\"},\"inLanguage\":\"pl-PL\",\"potentialAction\":[{\"@type\":\"ReadAction\",\"target\":[\"https:\/\/kalinski.pl\/serwis\/de\/geschichte\/\"]}]},{\"@type\":\"BreadcrumbList\",\"@id\":\"https:\/\/kalinski.pl\/serwis\/de\/geschichte\/#breadcrumb\",\"itemListElement\":[{\"@type\":\"ListItem\",\"position\":1,\"name\":\"Strona g\u0142\u00f3wna\",\"item\":\"https:\/\/kalinski.pl\/serwis\/\"},{\"@type\":\"ListItem\",\"position\":2,\"name\":\"Geschichte\"}]},{\"@type\":\"WebSite\",\"@id\":\"https:\/\/kalinski.pl\/serwis\/#website\",\"url\":\"https:\/\/kalinski.pl\/serwis\/\",\"name\":\"Kali\u0144ski\",\"description\":\"Uk\u0142ady wydechowe\",\"publisher\":{\"@id\":\"https:\/\/kalinski.pl\/serwis\/#organization\"},\"potentialAction\":[{\"@type\":\"SearchAction\",\"target\":{\"@type\":\"EntryPoint\",\"urlTemplate\":\"https:\/\/kalinski.pl\/serwis\/?s={search_term_string}\"},\"query-input\":{\"@type\":\"PropertyValueSpecification\",\"valueRequired\":true,\"valueName\":\"search_term_string\"}}],\"inLanguage\":\"pl-PL\"},{\"@type\":\"Organization\",\"@id\":\"https:\/\/kalinski.pl\/serwis\/#organization\",\"name\":\"Kali\u0144ski\",\"url\":\"https:\/\/kalinski.pl\/serwis\/\",\"logo\":{\"@type\":\"ImageObject\",\"inLanguage\":\"pl-PL\",\"@id\":\"https:\/\/kalinski.pl\/serwis\/#\/schema\/logo\/image\/\",\"url\":\"https:\/\/kalinski.pl\/serwis\/wp-content\/uploads\/2019\/03\/cropped-logo_white.jpg\",\"contentUrl\":\"https:\/\/kalinski.pl\/serwis\/wp-content\/uploads\/2019\/03\/cropped-logo_white.jpg\",\"width\":240,\"height\":63,\"caption\":\"Kali\u0144ski\"},\"image\":{\"@id\":\"https:\/\/kalinski.pl\/serwis\/#\/schema\/logo\/image\/\"}}]}<\/script>\n<!-- \/ Yoast SEO plugin. -->","yoast_head_json":{"title":"Geschichte | Kali\u0144ski","robots":{"index":"index","follow":"follow","max-snippet":"max-snippet:-1","max-image-preview":"max-image-preview:large","max-video-preview":"max-video-preview:-1"},"canonical":"https:\/\/kalinski.pl\/serwis\/de\/geschichte\/","og_locale":"pl_PL","og_type":"article","og_title":"Geschichte | Kali\u0144ski","og_description":"Die Firma Kalinski Auspuffanlagen ist 1992 in Chyby in der N\u00e4he von Pozna\u0144 entstanden. Das Familienunternehmen hat W\u0142odzimierz Kali\u0144ski gegr\u00fcndet. Am Anfang haben wir uns nur mit dem Verkauf der Schalld\u00e4mpfer und ihrer Montageelemente besch\u00e4ftigt. Es stellte sich schnell fest, dass wir einen richtigen Weg gew\u00e4hlt haben, der die Entwicklung der Firma erm\u00f6glicht hat. Schon &hellip; Czytaj dalej Geschichte","og_url":"https:\/\/kalinski.pl\/serwis\/de\/geschichte\/","og_site_name":"Kali\u0144ski","article_modified_time":"2020-12-08T09:37:45+00:00","twitter_card":"summary_large_image","twitter_misc":{"Szacowany czas czytania":"1 minuta"},"schema":{"@context":"https:\/\/schema.org","@graph":[{"@type":"WebPage","@id":"https:\/\/kalinski.pl\/serwis\/de\/geschichte\/","url":"https:\/\/kalinski.pl\/serwis\/de\/geschichte\/","name":"Geschichte | Kali\u0144ski","isPartOf":{"@id":"https:\/\/kalinski.pl\/serwis\/#website"},"datePublished":"2020-06-29T10:33:31+00:00","dateModified":"2020-12-08T09:37:45+00:00","breadcrumb":{"@id":"https:\/\/kalinski.pl\/serwis\/de\/geschichte\/#breadcrumb"},"inLanguage":"pl-PL","potentialAction":[{"@type":"ReadAction","target":["https:\/\/kalinski.pl\/serwis\/de\/geschichte\/"]}]},{"@type":"BreadcrumbList","@id":"https:\/\/kalinski.pl\/serwis\/de\/geschichte\/#breadcrumb","itemListElement":[{"@type":"ListItem","position":1,"name":"Strona g\u0142\u00f3wna","item":"https:\/\/kalinski.pl\/serwis\/"},{"@type":"ListItem","position":2,"name":"Geschichte"}]},{"@type":"WebSite","@id":"https:\/\/kalinski.pl\/serwis\/#website","url":"https:\/\/kalinski.pl\/serwis\/","name":"Kali\u0144ski","description":"Uk\u0142ady wydechowe","publisher":{"@id":"https:\/\/kalinski.pl\/serwis\/#organization"},"potentialAction":[{"@type":"SearchAction","target":{"@type":"EntryPoint","urlTemplate":"https:\/\/kalinski.pl\/serwis\/?s={search_term_string}"},"query-input":{"@type":"PropertyValueSpecification","valueRequired":true,"valueName":"search_term_string"}}],"inLanguage":"pl-PL"},{"@type":"Organization","@id":"https:\/\/kalinski.pl\/serwis\/#organization","name":"Kali\u0144ski","url":"https:\/\/kalinski.pl\/serwis\/","logo":{"@type":"ImageObject","inLanguage":"pl-PL","@id":"https:\/\/kalinski.pl\/serwis\/#\/schema\/logo\/image\/","url":"https:\/\/kalinski.pl\/serwis\/wp-content\/uploads\/2019\/03\/cropped-logo_white.jpg","contentUrl":"https:\/\/kalinski.pl\/serwis\/wp-content\/uploads\/2019\/03\/cropped-logo_white.jpg","width":240,"height":63,"caption":"Kali\u0144ski"},"image":{"@id":"https:\/\/kalinski.pl\/serwis\/#\/schema\/logo\/image\/"}}]}},"_links":{"self":[{"href":"https:\/\/kalinski.pl\/serwis\/wp-json\/wp\/v2\/pages\/1667","targetHints":{"allow":["GET"]}}],"collection":[{"href":"https:\/\/kalinski.pl\/serwis\/wp-json\/wp\/v2\/pages"}],"about":[{"href":"https:\/\/kalinski.pl\/serwis\/wp-json\/wp\/v2\/types\/page"}],"author":[{"embeddable":true,"href":"https:\/\/kalinski.pl\/serwis\/wp-json\/wp\/v2\/users\/1024"}],"replies":[{"embeddable":true,"href":"https:\/\/kalinski.pl\/serwis\/wp-json\/wp\/v2\/comments?post=1667"}],"version-history":[{"count":0,"href":"https:\/\/kalinski.pl\/serwis\/wp-json\/wp\/v2\/pages\/1667\/revisions"}],"wp:attachment":[{"href":"https:\/\/kalinski.pl\/serwis\/wp-json\/wp\/v2\/media?parent=1667"}],"curies":[{"name":"wp","href":"https:\/\/api.w.org\/{rel}","templated":true}]}}