{"id":1659,"date":"2020-06-29T12:27:20","date_gmt":"2020-06-29T10:27:20","guid":{"rendered":"https:\/\/kalinski.pl\/?page_id=1659"},"modified":"2020-08-13T11:19:06","modified_gmt":"2020-08-13T09:19:06","slug":"soziale-aktivitaten","status":"publish","type":"page","link":"https:\/\/kalinski.pl\/serwis\/de\/soziale-aktivitaten\/","title":{"rendered":"Soziale aktivitaten"},"content":{"rendered":"<div class=\"onas_img\"><img fetchpriority=\"high\" decoding=\"async\" class=\"alignnone size-full wp-image-592\" src=\"https:\/\/kalinski.pl\/wp-content\/uploads\/dzialaniaspoleczne2.jpg\" alt=\"\" width=\"1110\" height=\"380\"><\/div>\n<p>Durch alle Jahre unserer Marktpr\u00e4senz haben wir ein gutes Team und ein dynamisch wirkendes Unternehmen . gebaut. Wir haben das Image einer glaub &#8211; und vertrauensw\u00fcrdigen Firma geschaffen. Das k\u00f6nnen die Meinungen unserer Kunden best\u00e4tigen.<\/p>\n<p>Eine der wichtigsten Werbeaktionen ist die Teilnahme an den Messen. Unsere Produkte haben wir in den Events in Amsterdam, Prag, Warszawa, Wroc\u0142aw, Gda\u0144sk und nat\u00fcrlich auch in Pozna\u0144 ausgestellt. Unser Stand zieht gew\u00f6hnlich stark die Aufmersamkeit der G\u00e4ste auf sich. Wir stellen uns auch w\u00e4hrend Motor Show und anderer Mobilevents aus.<\/p>\n<p>Unser Logo siehst du in vielen Fachzeitschriften, und auch bei unseren Partnern. Durch ein paar Jahre haben wir junge Fahrer  aus Posener Politechnik unterst\u00fctzt, mit denen wir die Auspuffanlagen f\u00fcr die Boliden gemacht haben, die in der Formel Student starten. Zyklisch unterst\u00fctzen wir auch das Reitfestival Babor\u00f3wko und Motor \u2013 und Sportevents. Wir nehmen an vielen Events teil, weil wir wissen, wie wichtig gesellschaftliche Businessverantwortlichkeit ist und welche Vorteile hat Sponsoring.<\/p>\n<p>Als Firma beschr\u00e4nken wir uns nicht nur auf die Motorisierung, wir lieben auch Musik und wir unterst\u00fctzen lokale Aktivit\u00e4ten. Jedes Jahr organisieren wir Kierski Festival mit. W\u00e4hrend dieses Events waren bei uns zu Gast solche Musikstars wie: Ray Wilson, Elektryczne Gitary, Raz, Dwa, Trzy Band, Cree von Sebastian Riedel und andere gute Musiker. W\u00e4hrend des Festivals organisieren wir auch Voltaiserwettbewerb und andere Attraktionen. Dieses Festival erfreut sich der gr\u00f6\u03b2en Beliebtheit und ist offen f\u00fcr alle Leute.<\/p>\n<p>Unsere Firma bilden die Leute mit vielen Leidenschaften und gro\u03b2em Herz. Unter uns gibt es die Soprtliebhaber und die Natur \u2013 und Jagdliebhaber. Au\u03b2erdem finden wir in unserer Firma die Liebhaber der Musik und Pferde. Wir bleiben auch nicht gleichg\u00fcltig gegen den Bed\u00fcrfnissen der anderen. Wir sind auch der Patron eines Teams, das an  der  Z\u0142omobolrally teilnimmt, wir unterst\u00fczen WO\u015aP (Gro\u03b2es Orchester der Weihnachsthilfe) und organisieren auch lokale Musikevents mit.<\/p>\n","protected":false},"excerpt":{"rendered":"<p>Durch alle Jahre unserer Marktpr\u00e4senz haben wir ein gutes Team und ein dynamisch wirkendes Unternehmen . gebaut. Wir haben das Image einer glaub &#8211; und vertrauensw\u00fcrdigen Firma geschaffen. Das k\u00f6nnen die Meinungen unserer Kunden best\u00e4tigen. Eine der wichtigsten Werbeaktionen ist die Teilnahme an den Messen. Unsere Produkte haben wir in den Events in Amsterdam, Prag, &hellip; <a href=\"https:\/\/kalinski.pl\/serwis\/de\/soziale-aktivitaten\/\" class=\"more-link\">Czytaj dalej<span class=\"screen-reader-text\"> Soziale aktivitaten<\/span><\/a><\/p>\n","protected":false},"author":1024,"featured_media":0,"parent":0,"menu_order":0,"comment_status":"closed","ping_status":"closed","template":"","meta":{"footnotes":""},"class_list":["post-1659","page","type-page","status-publish","hentry"],"yoast_head":"<!-- This site is optimized with the Yoast SEO plugin v26.7 - https:\/\/yoast.com\/wordpress\/plugins\/seo\/ -->\n<title>Soziale aktivitaten | Kali\u0144ski<\/title>\n<meta name=\"robots\" content=\"index, follow, max-snippet:-1, max-image-preview:large, max-video-preview:-1\" \/>\n<link rel=\"canonical\" href=\"https:\/\/kalinski.pl\/serwis\/de\/soziale-aktivitaten\/\" \/>\n<meta property=\"og:locale\" content=\"pl_PL\" \/>\n<meta property=\"og:type\" content=\"article\" \/>\n<meta property=\"og:title\" content=\"Soziale aktivitaten | Kali\u0144ski\" \/>\n<meta property=\"og:description\" content=\"Durch alle Jahre unserer Marktpr\u00e4senz haben wir ein gutes Team und ein dynamisch wirkendes Unternehmen . gebaut. Wir haben das Image einer glaub &#8211; und vertrauensw\u00fcrdigen Firma geschaffen. Das k\u00f6nnen die Meinungen unserer Kunden best\u00e4tigen. Eine der wichtigsten Werbeaktionen ist die Teilnahme an den Messen. Unsere Produkte haben wir in den Events in Amsterdam, Prag, &hellip; Czytaj dalej Soziale aktivitaten\" \/>\n<meta property=\"og:url\" content=\"https:\/\/kalinski.pl\/serwis\/de\/soziale-aktivitaten\/\" \/>\n<meta property=\"og:site_name\" content=\"Kali\u0144ski\" \/>\n<meta property=\"article:modified_time\" content=\"2020-08-13T09:19:06+00:00\" \/>\n<meta property=\"og:image\" content=\"https:\/\/kalinski.pl\/wp-content\/uploads\/dzialaniaspoleczne2.jpg\" \/>\n<meta name=\"twitter:card\" content=\"summary_large_image\" \/>\n<meta name=\"twitter:label1\" content=\"Szacowany czas czytania\" \/>\n\t<meta name=\"twitter:data1\" content=\"2 minuty\" \/>\n<script type=\"application\/ld+json\" class=\"yoast-schema-graph\">{\"@context\":\"https:\/\/schema.org\",\"@graph\":[{\"@type\":\"WebPage\",\"@id\":\"https:\/\/kalinski.pl\/serwis\/de\/soziale-aktivitaten\/\",\"url\":\"https:\/\/kalinski.pl\/serwis\/de\/soziale-aktivitaten\/\",\"name\":\"Soziale aktivitaten | Kali\u0144ski\",\"isPartOf\":{\"@id\":\"https:\/\/kalinski.pl\/serwis\/#website\"},\"primaryImageOfPage\":{\"@id\":\"https:\/\/kalinski.pl\/serwis\/de\/soziale-aktivitaten\/#primaryimage\"},\"image\":{\"@id\":\"https:\/\/kalinski.pl\/serwis\/de\/soziale-aktivitaten\/#primaryimage\"},\"thumbnailUrl\":\"https:\/\/kalinski.pl\/wp-content\/uploads\/dzialaniaspoleczne2.jpg\",\"datePublished\":\"2020-06-29T10:27:20+00:00\",\"dateModified\":\"2020-08-13T09:19:06+00:00\",\"breadcrumb\":{\"@id\":\"https:\/\/kalinski.pl\/serwis\/de\/soziale-aktivitaten\/#breadcrumb\"},\"inLanguage\":\"pl-PL\",\"potentialAction\":[{\"@type\":\"ReadAction\",\"target\":[\"https:\/\/kalinski.pl\/serwis\/de\/soziale-aktivitaten\/\"]}]},{\"@type\":\"ImageObject\",\"inLanguage\":\"pl-PL\",\"@id\":\"https:\/\/kalinski.pl\/serwis\/de\/soziale-aktivitaten\/#primaryimage\",\"url\":\"https:\/\/kalinski.pl\/wp-content\/uploads\/dzialaniaspoleczne2.jpg\",\"contentUrl\":\"https:\/\/kalinski.pl\/wp-content\/uploads\/dzialaniaspoleczne2.jpg\"},{\"@type\":\"BreadcrumbList\",\"@id\":\"https:\/\/kalinski.pl\/serwis\/de\/soziale-aktivitaten\/#breadcrumb\",\"itemListElement\":[{\"@type\":\"ListItem\",\"position\":1,\"name\":\"Strona g\u0142\u00f3wna\",\"item\":\"https:\/\/kalinski.pl\/serwis\/\"},{\"@type\":\"ListItem\",\"position\":2,\"name\":\"Soziale aktivitaten\"}]},{\"@type\":\"WebSite\",\"@id\":\"https:\/\/kalinski.pl\/serwis\/#website\",\"url\":\"https:\/\/kalinski.pl\/serwis\/\",\"name\":\"Kali\u0144ski\",\"description\":\"Uk\u0142ady wydechowe\",\"publisher\":{\"@id\":\"https:\/\/kalinski.pl\/serwis\/#organization\"},\"potentialAction\":[{\"@type\":\"SearchAction\",\"target\":{\"@type\":\"EntryPoint\",\"urlTemplate\":\"https:\/\/kalinski.pl\/serwis\/?s={search_term_string}\"},\"query-input\":{\"@type\":\"PropertyValueSpecification\",\"valueRequired\":true,\"valueName\":\"search_term_string\"}}],\"inLanguage\":\"pl-PL\"},{\"@type\":\"Organization\",\"@id\":\"https:\/\/kalinski.pl\/serwis\/#organization\",\"name\":\"Kali\u0144ski\",\"url\":\"https:\/\/kalinski.pl\/serwis\/\",\"logo\":{\"@type\":\"ImageObject\",\"inLanguage\":\"pl-PL\",\"@id\":\"https:\/\/kalinski.pl\/serwis\/#\/schema\/logo\/image\/\",\"url\":\"https:\/\/kalinski.pl\/serwis\/wp-content\/uploads\/2019\/03\/cropped-logo_white.jpg\",\"contentUrl\":\"https:\/\/kalinski.pl\/serwis\/wp-content\/uploads\/2019\/03\/cropped-logo_white.jpg\",\"width\":240,\"height\":63,\"caption\":\"Kali\u0144ski\"},\"image\":{\"@id\":\"https:\/\/kalinski.pl\/serwis\/#\/schema\/logo\/image\/\"}}]}<\/script>\n<!-- \/ Yoast SEO plugin. -->","yoast_head_json":{"title":"Soziale aktivitaten | Kali\u0144ski","robots":{"index":"index","follow":"follow","max-snippet":"max-snippet:-1","max-image-preview":"max-image-preview:large","max-video-preview":"max-video-preview:-1"},"canonical":"https:\/\/kalinski.pl\/serwis\/de\/soziale-aktivitaten\/","og_locale":"pl_PL","og_type":"article","og_title":"Soziale aktivitaten | Kali\u0144ski","og_description":"Durch alle Jahre unserer Marktpr\u00e4senz haben wir ein gutes Team und ein dynamisch wirkendes Unternehmen . gebaut. Wir haben das Image einer glaub &#8211; und vertrauensw\u00fcrdigen Firma geschaffen. Das k\u00f6nnen die Meinungen unserer Kunden best\u00e4tigen. Eine der wichtigsten Werbeaktionen ist die Teilnahme an den Messen. Unsere Produkte haben wir in den Events in Amsterdam, Prag, &hellip; Czytaj dalej Soziale aktivitaten","og_url":"https:\/\/kalinski.pl\/serwis\/de\/soziale-aktivitaten\/","og_site_name":"Kali\u0144ski","article_modified_time":"2020-08-13T09:19:06+00:00","og_image":[{"url":"https:\/\/kalinski.pl\/wp-content\/uploads\/dzialaniaspoleczne2.jpg","type":"","width":"","height":""}],"twitter_card":"summary_large_image","twitter_misc":{"Szacowany czas czytania":"2 minuty"},"schema":{"@context":"https:\/\/schema.org","@graph":[{"@type":"WebPage","@id":"https:\/\/kalinski.pl\/serwis\/de\/soziale-aktivitaten\/","url":"https:\/\/kalinski.pl\/serwis\/de\/soziale-aktivitaten\/","name":"Soziale aktivitaten | Kali\u0144ski","isPartOf":{"@id":"https:\/\/kalinski.pl\/serwis\/#website"},"primaryImageOfPage":{"@id":"https:\/\/kalinski.pl\/serwis\/de\/soziale-aktivitaten\/#primaryimage"},"image":{"@id":"https:\/\/kalinski.pl\/serwis\/de\/soziale-aktivitaten\/#primaryimage"},"thumbnailUrl":"https:\/\/kalinski.pl\/wp-content\/uploads\/dzialaniaspoleczne2.jpg","datePublished":"2020-06-29T10:27:20+00:00","dateModified":"2020-08-13T09:19:06+00:00","breadcrumb":{"@id":"https:\/\/kalinski.pl\/serwis\/de\/soziale-aktivitaten\/#breadcrumb"},"inLanguage":"pl-PL","potentialAction":[{"@type":"ReadAction","target":["https:\/\/kalinski.pl\/serwis\/de\/soziale-aktivitaten\/"]}]},{"@type":"ImageObject","inLanguage":"pl-PL","@id":"https:\/\/kalinski.pl\/serwis\/de\/soziale-aktivitaten\/#primaryimage","url":"https:\/\/kalinski.pl\/wp-content\/uploads\/dzialaniaspoleczne2.jpg","contentUrl":"https:\/\/kalinski.pl\/wp-content\/uploads\/dzialaniaspoleczne2.jpg"},{"@type":"BreadcrumbList","@id":"https:\/\/kalinski.pl\/serwis\/de\/soziale-aktivitaten\/#breadcrumb","itemListElement":[{"@type":"ListItem","position":1,"name":"Strona g\u0142\u00f3wna","item":"https:\/\/kalinski.pl\/serwis\/"},{"@type":"ListItem","position":2,"name":"Soziale aktivitaten"}]},{"@type":"WebSite","@id":"https:\/\/kalinski.pl\/serwis\/#website","url":"https:\/\/kalinski.pl\/serwis\/","name":"Kali\u0144ski","description":"Uk\u0142ady wydechowe","publisher":{"@id":"https:\/\/kalinski.pl\/serwis\/#organization"},"potentialAction":[{"@type":"SearchAction","target":{"@type":"EntryPoint","urlTemplate":"https:\/\/kalinski.pl\/serwis\/?s={search_term_string}"},"query-input":{"@type":"PropertyValueSpecification","valueRequired":true,"valueName":"search_term_string"}}],"inLanguage":"pl-PL"},{"@type":"Organization","@id":"https:\/\/kalinski.pl\/serwis\/#organization","name":"Kali\u0144ski","url":"https:\/\/kalinski.pl\/serwis\/","logo":{"@type":"ImageObject","inLanguage":"pl-PL","@id":"https:\/\/kalinski.pl\/serwis\/#\/schema\/logo\/image\/","url":"https:\/\/kalinski.pl\/serwis\/wp-content\/uploads\/2019\/03\/cropped-logo_white.jpg","contentUrl":"https:\/\/kalinski.pl\/serwis\/wp-content\/uploads\/2019\/03\/cropped-logo_white.jpg","width":240,"height":63,"caption":"Kali\u0144ski"},"image":{"@id":"https:\/\/kalinski.pl\/serwis\/#\/schema\/logo\/image\/"}}]}},"_links":{"self":[{"href":"https:\/\/kalinski.pl\/serwis\/wp-json\/wp\/v2\/pages\/1659","targetHints":{"allow":["GET"]}}],"collection":[{"href":"https:\/\/kalinski.pl\/serwis\/wp-json\/wp\/v2\/pages"}],"about":[{"href":"https:\/\/kalinski.pl\/serwis\/wp-json\/wp\/v2\/types\/page"}],"author":[{"embeddable":true,"href":"https:\/\/kalinski.pl\/serwis\/wp-json\/wp\/v2\/users\/1024"}],"replies":[{"embeddable":true,"href":"https:\/\/kalinski.pl\/serwis\/wp-json\/wp\/v2\/comments?post=1659"}],"version-history":[{"count":0,"href":"https:\/\/kalinski.pl\/serwis\/wp-json\/wp\/v2\/pages\/1659\/revisions"}],"wp:attachment":[{"href":"https:\/\/kalinski.pl\/serwis\/wp-json\/wp\/v2\/media?parent=1659"}],"curies":[{"name":"wp","href":"https:\/\/api.w.org\/{rel}","templated":true}]}}