{"id":1614,"date":"2020-06-19T10:47:40","date_gmt":"2020-06-19T08:47:40","guid":{"rendered":"https:\/\/kalinski.pl\/?page_id=1614"},"modified":"2020-10-12T09:32:19","modified_gmt":"2020-10-12T07:32:19","slug":"uber-uns","status":"publish","type":"page","link":"https:\/\/kalinski.pl\/serwis\/de\/uber-uns\/","title":{"rendered":"\u0170ber uns"},"content":{"rendered":"<div class=\"onas_full\"><a href=\"https:\/\/www.google.com\/maps\/@52.4603968,16.7630098,3a,75y,13.39h,95.62t\/data=!3m6!1e1!3m4!1sAF1QipP5cQPX2uzG3N1VZc7HFDZm9hzFBBzdVjsTm7AI!2e10!7i10000!8i5000\" rel=\"noopener noreferrer\" target=\"_blank\"><img fetchpriority=\"high\" decoding=\"async\" width=\"1110\" height=\"380\" class=\"alignnone size-full wp-image-534\" src=\"https:\/\/kalinski.pl\/wp-content\/uploads\/Kali\u0144ski-budynek1.png\" alt=\"\"\/><span class=\"span_full_link\"><span class=\"h2_span\">Wirtualer Spaziergang<\/span> <span class=\"span_arrow\"><\/span><\/span><\/a><\/div>\n<div class=\"onas_minus\"><\/div>\n<p>Unsere Firma bilden die Autoliebhaber, die sich ununterbrochen seit \u00fcber 25 Jahren mit dem Service, der Reparatur und auch mit der Produktion und dem Vertrieb der Auspuffanlagen aller Fahrzeuge besch\u00e4ftigen. Wir k\u00f6nnen sogar meist anspruchsvolle und schwere Bestellungen der Kunden realisieren. Wir entwickeln uns st\u00e4ndig und realisieren gerne neue Einf\u00e4lle.<\/p>\n<p>In unserem Angebot findest Du Schalld\u00e4mpfer, Zierendungen f\u00fcr die Schalld\u00e4mpfer, Katalyzatoren, Partikelfilter, FAP,DPF,GPF Biegerohre, Bogen und auch Spannelemente und Anschl\u00fc\u03b2e.<\/p>\n<p>Wir besch\u00e4ftigen uns auch mit dem Vertrieb der Produkte zu den Auspuffanlagen solcher Weltmarken wie: Walker, Imasaf, Bosal und polnischer Marktf\u00fchrer: POLMostr\u00f3w, Edex, Ferroz. Alle unsere Produkte kann man im Internetgesch\u00e4ft www.kalinski.pl\/sklep sehen und bestellen.<\/p>\n<p>Die Qualit\u00e4t unserer Dienstleistungen und der Produkte k\u00f6nnen die gr\u00f6\u03b2ten Unternehmen der Automobilindustrie einsch\u00e4tzen. Wir sind Offiziellpartner des gr\u00f6\u03b2ten Gro\u03b2handels der Autoteile \u2013 Inter Cars und einer gr\u00f6\u03b2ten Dealergruppe. Du findest uns auch auf solchen popul\u00e4ren Industrieplattformen wie: Motointegrator, Superexpo, Dobry Mechaniker usw.<\/p>\n<p><iframe title=\"Kali\u0144ski - Uk\u0142ady Wydechowe \/ Exhaust Systems  - Promo Film\" width=\"840\" height=\"473\" src=\"https:\/\/www.youtube.com\/embed\/rkkp0eClq8c?feature=oembed\" frameborder=\"0\" allow=\"accelerometer; autoplay; clipboard-write; encrypted-media; gyroscope; picture-in-picture\" allowfullscreen><\/iframe><\/p>\n","protected":false},"excerpt":{"rendered":"<p>Wirtualer Spaziergang Unsere Firma bilden die Autoliebhaber, die sich ununterbrochen seit \u00fcber 25 Jahren mit dem Service, der Reparatur und auch mit der Produktion und dem Vertrieb der Auspuffanlagen aller Fahrzeuge besch\u00e4ftigen. Wir k\u00f6nnen sogar meist anspruchsvolle und schwere Bestellungen der Kunden realisieren. Wir entwickeln uns st\u00e4ndig und realisieren gerne neue Einf\u00e4lle. In unserem Angebot &hellip; <a href=\"https:\/\/kalinski.pl\/serwis\/de\/uber-uns\/\" class=\"more-link\">Czytaj dalej<span class=\"screen-reader-text\"> \u0170ber uns<\/span><\/a><\/p>\n","protected":false},"author":2,"featured_media":0,"parent":0,"menu_order":0,"comment_status":"closed","ping_status":"closed","template":"","meta":{"footnotes":""},"class_list":["post-1614","page","type-page","status-publish","hentry"],"yoast_head":"<!-- This site is optimized with the Yoast SEO plugin v26.7 - https:\/\/yoast.com\/wordpress\/plugins\/seo\/ -->\n<title>\u0170ber uns | Kali\u0144ski<\/title>\n<meta name=\"robots\" content=\"index, follow, max-snippet:-1, max-image-preview:large, max-video-preview:-1\" \/>\n<link rel=\"canonical\" href=\"https:\/\/kalinski.pl\/serwis\/de\/uber-uns\/\" \/>\n<meta property=\"og:locale\" content=\"pl_PL\" \/>\n<meta property=\"og:type\" content=\"article\" \/>\n<meta property=\"og:title\" content=\"\u0170ber uns | Kali\u0144ski\" \/>\n<meta property=\"og:description\" content=\"Wirtualer Spaziergang Unsere Firma bilden die Autoliebhaber, die sich ununterbrochen seit \u00fcber 25 Jahren mit dem Service, der Reparatur und auch mit der Produktion und dem Vertrieb der Auspuffanlagen aller Fahrzeuge besch\u00e4ftigen. Wir k\u00f6nnen sogar meist anspruchsvolle und schwere Bestellungen der Kunden realisieren. Wir entwickeln uns st\u00e4ndig und realisieren gerne neue Einf\u00e4lle. In unserem Angebot &hellip; Czytaj dalej \u0170ber uns\" \/>\n<meta property=\"og:url\" content=\"https:\/\/kalinski.pl\/serwis\/de\/uber-uns\/\" \/>\n<meta property=\"og:site_name\" content=\"Kali\u0144ski\" \/>\n<meta property=\"article:modified_time\" content=\"2020-10-12T07:32:19+00:00\" \/>\n<meta name=\"twitter:card\" content=\"summary_large_image\" \/>\n<meta name=\"twitter:label1\" content=\"Szacowany czas czytania\" \/>\n\t<meta name=\"twitter:data1\" content=\"1 minuta\" \/>\n<script type=\"application\/ld+json\" class=\"yoast-schema-graph\">{\"@context\":\"https:\/\/schema.org\",\"@graph\":[{\"@type\":\"WebPage\",\"@id\":\"https:\/\/kalinski.pl\/serwis\/de\/uber-uns\/\",\"url\":\"https:\/\/kalinski.pl\/serwis\/de\/uber-uns\/\",\"name\":\"\u0170ber uns | Kali\u0144ski\",\"isPartOf\":{\"@id\":\"https:\/\/kalinski.pl\/serwis\/#website\"},\"datePublished\":\"2020-06-19T08:47:40+00:00\",\"dateModified\":\"2020-10-12T07:32:19+00:00\",\"breadcrumb\":{\"@id\":\"https:\/\/kalinski.pl\/serwis\/de\/uber-uns\/#breadcrumb\"},\"inLanguage\":\"pl-PL\",\"potentialAction\":[{\"@type\":\"ReadAction\",\"target\":[\"https:\/\/kalinski.pl\/serwis\/de\/uber-uns\/\"]}]},{\"@type\":\"BreadcrumbList\",\"@id\":\"https:\/\/kalinski.pl\/serwis\/de\/uber-uns\/#breadcrumb\",\"itemListElement\":[{\"@type\":\"ListItem\",\"position\":1,\"name\":\"Strona g\u0142\u00f3wna\",\"item\":\"https:\/\/kalinski.pl\/serwis\/\"},{\"@type\":\"ListItem\",\"position\":2,\"name\":\"\u0170ber uns\"}]},{\"@type\":\"WebSite\",\"@id\":\"https:\/\/kalinski.pl\/serwis\/#website\",\"url\":\"https:\/\/kalinski.pl\/serwis\/\",\"name\":\"Kali\u0144ski\",\"description\":\"Uk\u0142ady wydechowe\",\"publisher\":{\"@id\":\"https:\/\/kalinski.pl\/serwis\/#organization\"},\"potentialAction\":[{\"@type\":\"SearchAction\",\"target\":{\"@type\":\"EntryPoint\",\"urlTemplate\":\"https:\/\/kalinski.pl\/serwis\/?s={search_term_string}\"},\"query-input\":{\"@type\":\"PropertyValueSpecification\",\"valueRequired\":true,\"valueName\":\"search_term_string\"}}],\"inLanguage\":\"pl-PL\"},{\"@type\":\"Organization\",\"@id\":\"https:\/\/kalinski.pl\/serwis\/#organization\",\"name\":\"Kali\u0144ski\",\"url\":\"https:\/\/kalinski.pl\/serwis\/\",\"logo\":{\"@type\":\"ImageObject\",\"inLanguage\":\"pl-PL\",\"@id\":\"https:\/\/kalinski.pl\/serwis\/#\/schema\/logo\/image\/\",\"url\":\"https:\/\/kalinski.pl\/serwis\/wp-content\/uploads\/2019\/03\/cropped-logo_white.jpg\",\"contentUrl\":\"https:\/\/kalinski.pl\/serwis\/wp-content\/uploads\/2019\/03\/cropped-logo_white.jpg\",\"width\":240,\"height\":63,\"caption\":\"Kali\u0144ski\"},\"image\":{\"@id\":\"https:\/\/kalinski.pl\/serwis\/#\/schema\/logo\/image\/\"}}]}<\/script>\n<!-- \/ Yoast SEO plugin. -->","yoast_head_json":{"title":"\u0170ber uns | Kali\u0144ski","robots":{"index":"index","follow":"follow","max-snippet":"max-snippet:-1","max-image-preview":"max-image-preview:large","max-video-preview":"max-video-preview:-1"},"canonical":"https:\/\/kalinski.pl\/serwis\/de\/uber-uns\/","og_locale":"pl_PL","og_type":"article","og_title":"\u0170ber uns | Kali\u0144ski","og_description":"Wirtualer Spaziergang Unsere Firma bilden die Autoliebhaber, die sich ununterbrochen seit \u00fcber 25 Jahren mit dem Service, der Reparatur und auch mit der Produktion und dem Vertrieb der Auspuffanlagen aller Fahrzeuge besch\u00e4ftigen. Wir k\u00f6nnen sogar meist anspruchsvolle und schwere Bestellungen der Kunden realisieren. Wir entwickeln uns st\u00e4ndig und realisieren gerne neue Einf\u00e4lle. In unserem Angebot &hellip; Czytaj dalej \u0170ber uns","og_url":"https:\/\/kalinski.pl\/serwis\/de\/uber-uns\/","og_site_name":"Kali\u0144ski","article_modified_time":"2020-10-12T07:32:19+00:00","twitter_card":"summary_large_image","twitter_misc":{"Szacowany czas czytania":"1 minuta"},"schema":{"@context":"https:\/\/schema.org","@graph":[{"@type":"WebPage","@id":"https:\/\/kalinski.pl\/serwis\/de\/uber-uns\/","url":"https:\/\/kalinski.pl\/serwis\/de\/uber-uns\/","name":"\u0170ber uns | Kali\u0144ski","isPartOf":{"@id":"https:\/\/kalinski.pl\/serwis\/#website"},"datePublished":"2020-06-19T08:47:40+00:00","dateModified":"2020-10-12T07:32:19+00:00","breadcrumb":{"@id":"https:\/\/kalinski.pl\/serwis\/de\/uber-uns\/#breadcrumb"},"inLanguage":"pl-PL","potentialAction":[{"@type":"ReadAction","target":["https:\/\/kalinski.pl\/serwis\/de\/uber-uns\/"]}]},{"@type":"BreadcrumbList","@id":"https:\/\/kalinski.pl\/serwis\/de\/uber-uns\/#breadcrumb","itemListElement":[{"@type":"ListItem","position":1,"name":"Strona g\u0142\u00f3wna","item":"https:\/\/kalinski.pl\/serwis\/"},{"@type":"ListItem","position":2,"name":"\u0170ber uns"}]},{"@type":"WebSite","@id":"https:\/\/kalinski.pl\/serwis\/#website","url":"https:\/\/kalinski.pl\/serwis\/","name":"Kali\u0144ski","description":"Uk\u0142ady wydechowe","publisher":{"@id":"https:\/\/kalinski.pl\/serwis\/#organization"},"potentialAction":[{"@type":"SearchAction","target":{"@type":"EntryPoint","urlTemplate":"https:\/\/kalinski.pl\/serwis\/?s={search_term_string}"},"query-input":{"@type":"PropertyValueSpecification","valueRequired":true,"valueName":"search_term_string"}}],"inLanguage":"pl-PL"},{"@type":"Organization","@id":"https:\/\/kalinski.pl\/serwis\/#organization","name":"Kali\u0144ski","url":"https:\/\/kalinski.pl\/serwis\/","logo":{"@type":"ImageObject","inLanguage":"pl-PL","@id":"https:\/\/kalinski.pl\/serwis\/#\/schema\/logo\/image\/","url":"https:\/\/kalinski.pl\/serwis\/wp-content\/uploads\/2019\/03\/cropped-logo_white.jpg","contentUrl":"https:\/\/kalinski.pl\/serwis\/wp-content\/uploads\/2019\/03\/cropped-logo_white.jpg","width":240,"height":63,"caption":"Kali\u0144ski"},"image":{"@id":"https:\/\/kalinski.pl\/serwis\/#\/schema\/logo\/image\/"}}]}},"_links":{"self":[{"href":"https:\/\/kalinski.pl\/serwis\/wp-json\/wp\/v2\/pages\/1614","targetHints":{"allow":["GET"]}}],"collection":[{"href":"https:\/\/kalinski.pl\/serwis\/wp-json\/wp\/v2\/pages"}],"about":[{"href":"https:\/\/kalinski.pl\/serwis\/wp-json\/wp\/v2\/types\/page"}],"author":[{"embeddable":true,"href":"https:\/\/kalinski.pl\/serwis\/wp-json\/wp\/v2\/users\/2"}],"replies":[{"embeddable":true,"href":"https:\/\/kalinski.pl\/serwis\/wp-json\/wp\/v2\/comments?post=1614"}],"version-history":[{"count":0,"href":"https:\/\/kalinski.pl\/serwis\/wp-json\/wp\/v2\/pages\/1614\/revisions"}],"wp:attachment":[{"href":"https:\/\/kalinski.pl\/serwis\/wp-json\/wp\/v2\/media?parent=1614"}],"curies":[{"name":"wp","href":"https:\/\/api.w.org\/{rel}","templated":true}]}}