{"id":1610,"date":"2020-06-18T07:04:37","date_gmt":"2020-06-18T05:04:37","guid":{"rendered":"https:\/\/kalinski.pl\/strona-glowna-deutsch\/"},"modified":"2020-11-23T11:30:38","modified_gmt":"2020-11-23T10:30:38","slug":"hauptseite","status":"publish","type":"page","link":"https:\/\/kalinski.pl\/serwis\/de\/hauptseite\/","title":{"rendered":"Hauptseite"},"content":{"rendered":"<div class=\"home_h2 dzialy_firmy\">Unternehmensabteilungen<\/div>\n<div class=\"table_glowna\">\n<div class=\"tg_left\"><a href=\"\/pojazdy-osobowe\/\"><img fetchpriority=\"high\" decoding=\"async\" class=\"alignnone size-full wp-image-483\" src=\"https:\/\/kalinski.pl\/wp-content\/uploads\/d_osobowe.jpg\" alt=\"\" width=\"540\" height=\"310\"><span class=\"span_full_link\"><span class=\"h2_span\">Personenabteilung<\/span> <\/span><\/a><\/div>\n<div class=\"tg_right\"><a href=\"\/pojazdy-ciezarowe\/\"><img decoding=\"async\" class=\"alignnone size-full wp-image-582\" src=\"https:\/\/kalinski.pl\/wp-content\/uploads\/Ci\u0119\u017carowe-ikona.png\" alt=\"\" width=\"540\" height=\"310\"><span class=\"span_full_link\"><span class=\"h2_span\">Lastkraftwagen<\/span> <\/span><\/a><\/div>\n<div class=\"tg_left\"><a href=\"\/motocykle\/\"><img decoding=\"async\" class=\"alignnone size-full wp-image-139\" src=\"https:\/\/kalinski.pl\/wp-content\/uploads\/2019\/04\/d_motocykle.jpg\" alt=\"\" width=\"540\" height=\"310\"><span class=\"span_full_link\"><span class=\"h2_span\">Motorrader<\/span> <\/span><\/a><\/div>\n<div class=\"tg_right\"><a href=\"\/produkcja-i-uslugi\/\"><img loading=\"lazy\" decoding=\"async\" class=\"alignnone size-full wp-image-136\" src=\"https:\/\/kalinski.pl\/wp-content\/uploads\/2019\/04\/d_produkcja.jpg\" alt=\"\" width=\"540\" height=\"310\"><span class=\"span_full_link\"><span class=\"h2_span\">Produktion<\/span> <\/span><\/a><\/div>\n<div class=\"tg_left\"><a href=\"\/maszyny-robocze\/\"><img loading=\"lazy\" decoding=\"async\" class=\"alignnone size-full wp-image-138\" src=\"https:\/\/kalinski.pl\/wp-content\/uploads\/2019\/04\/d_maszyny.jpg\" alt=\"\" width=\"540\" height=\"310\"><span class=\"span_full_link\"><span class=\"h2_span\">Arbeitsmaschinen<\/span> <\/span><\/a><\/div>\n<div class=\"tg_right\"><img loading=\"lazy\" decoding=\"async\" class=\"alignnone size-full wp-image-1341\" src=\"https:\/\/kalinski.pl\/wp-content\/uploads\/d_myjnia.jpg\" alt=\"\" width=\"540\" height=\"310\"><span class=\"span_full_link\"><span class=\"h2_span\">Autow\u00e4sche<\/span> <\/span><\/div>\n<\/div>\n<div class=\"home_h2\">Kontakt<\/div>\n<div class=\"jestesmy\">Jeste\u015bmy tu aby Ci pom\u00f3c<\/div>\n<div class=\"k_box\">\n<div class=\"k_box_left\"><img loading=\"lazy\" decoding=\"async\" class=\"alignnone size-full wp-image-154\" src=\"https:\/\/kalinski.pl\/wp-content\/uploads\/k_filip.jpg\" alt=\"\" width=\"95\" height=\"161\"><\/div>\n<div class=\"k_box_right\">\n<div class=\"kbr_1\">Service<\/div>\n<div class=\"kbr_2\">Filip<\/div>\n<div class=\"kbr_2\"><a class=\"phone\" href=\"tel:0048618142777\">+48 61 814 27 77 wew 105<\/a><\/div>\n<div class=\"kbr_3\">serwis@kalinski.pl<\/div>\n<\/div>\n<\/div>\n<div class=\"k_box\">\n<div class=\"k_box_left\"><img loading=\"lazy\" decoding=\"async\" class=\"alignnone size-full wp-image-152\" src=\"https:\/\/kalinski.pl\/wp-content\/uploads\/2019\/04\/k_mateuszl.jpg\" alt=\"\" width=\"95\" height=\"161\"><\/div>\n<div class=\"k_box_right\">\n<div class=\"kbr_1\">Katalyzatoren, filtry DPF, FAP, GPF<\/div>\n<div class=\"kbr_2\">Mateusz<\/div>\n<div class=\"kbr_2\"><a class=\"phone\" href=\"tel:0048618142777\">+48 61 814 27 77 \/ wew 101<\/a><\/div>\n<div class=\"kbr_3\">biuro@kalinski.pl<\/div>\n<\/div>\n<\/div>\n<div class=\"k_box2\">\n<div class=\"k_box_left\"><img loading=\"lazy\" decoding=\"async\" class=\"alignnone size-full wp-image-155\" src=\"https:\/\/kalinski.pl\/wp-content\/uploads\/2019\/04\/k_mariusz.jpg\" alt=\"\" width=\"95\" height=\"161\"><\/div>\n<div class=\"k_box_right\">\n<div class=\"kbr_1\">Personenabteilung<\/div>\n<div class=\"kbr_2\">Mariusz<\/div>\n<div class=\"kbr_2\"><a class=\"phone\" href=\"tel:0048618142777\">+48 61 814 27 77 \/ wew 103<\/a><\/div>\n<div class=\"kbr_3\">osobowe@kalinski.pl<\/div>\n<\/div>\n<\/div>\n<div class=\"k_box\">\n<div class=\"k_box_left\"><img loading=\"lazy\" decoding=\"async\" class=\"alignnone size-full wp-image-152\" src=\"https:\/\/kalinski.pl\/wp-content\/uploads\/2019\/04\/k_adamc.jpg\" alt=\"\" width=\"95\" height=\"161\"><\/div>\n<div class=\"k_box_right\">\n<div class=\"kbr_1\">Lastkraftwagen<\/div>\n<div class=\"kbr_2\">Adam<\/div>\n<div class=\"kbr_2\"><a class=\"phone\" href=\"tel:0048618142777\">+48 61 814 27 77 \/ wew 102<\/a><\/div>\n<div class=\"kbr_3\">ciezarowe@kalinski.pl<\/div>\n<\/div>\n<\/div>\n<div class=\"k_box\">\n<div class=\"k_box_left\"><img loading=\"lazy\" decoding=\"async\" class=\"alignnone size-full wp-image-154\" src=\"https:\/\/kalinski.pl\/wp-content\/uploads\/2019\/04\/k_grzegorz.jpg\" alt=\"\" width=\"95\" height=\"161\"><\/div>\n<div class=\"k_box_right\">\n<div class=\"kbr_1\">Motorrader<\/div>\n<div class=\"kbr_2\">Grzegorz<\/div>\n<div class=\"kbr_2\"><a class=\"phone\" href=\"tel:0048618142777\">+48 61 814 27 77 \/ wew 104<\/a><\/div>\n<div class=\"kbr_3\">motocykle@kalinski.pl<\/div>\n<\/div>\n<\/div>\n<div class=\"k_box2\">\n<div class=\"k_box_left\"><img loading=\"lazy\" decoding=\"async\" class=\"alignnone size-full wp-image-155\" src=\"https:\/\/kalinski.pl\/wp-content\/uploads\/2019\/04\/k_adam.jpg\" alt=\"\" width=\"95\" height=\"161\"><\/div>\n<div class=\"k_box_right\">\n<div class=\"kbr_1\">Internetgesch\u00e4ft<\/div>\n<div class=\"kbr_2\">Adam<\/div>\n<div class=\"kbr_2\"><a class=\"phone\" href=\"tel:0048691545545\">+48 691 545 545<\/a><\/div>\n<div class=\"kbr_3\">sklep@kalinski.pl<\/div>\n<\/div>\n<\/div>\n<div class=\"k_box\">\n<div class=\"k_box_left\"><img loading=\"lazy\" decoding=\"async\" class=\"alignnone size-full wp-image-154\" src=\"https:\/\/kalinski.pl\/wp-content\/uploads\/2019\/04\/k_andrzej.jpg\" alt=\"\" width=\"95\" height=\"161\"><\/div>\n<div class=\"k_box_right\">\n<div class=\"kbr_1\">Internetgesch\u00e4ft<\/div>\n<div class=\"kbr_2\">Andrzej<\/div>\n<div class=\"kbr_2\"><a class=\"phone\" href=\"tel:0048663545545\">+48 663 545 545<\/a><\/div>\n<div class=\"kbr_3\">sklep@kalinski.pl<\/div>\n<\/div>\n<\/div>\n<div class=\"k_box\">\n<div class=\"k_box_left\"><img loading=\"lazy\" decoding=\"async\" class=\"alignnone size-full wp-image-154\" src=\"https:\/\/kalinski.pl\/wp-content\/uploads\/k_krzysztoff.jpg\" alt=\"\" width=\"95\" height=\"161\"><\/div>\n<div class=\"k_box_right\">\n<div class=\"kbr_1\">Produktion<\/div>\n<div class=\"kbr_2\">Krzysztof<\/div>\n<div class=\"kbr_2\"><a class=\"phone\" href=\"tel:0048537453510\">+48 537 453 510<\/a><\/div>\n<div class=\"kbr_3\">produkcja@kalinski.pl<\/div>\n<\/div>\n<\/div>\n<div class=\"home_h2 h2_sklep\">Internetgesch\u00e4ft<\/div>\n<div class=\"main_block_shop\">\n<div class=\"mbs_left\">\n<p>Beim Kauf unserer Produkte k\u00f6nnen Sie sich auf die Unterst\u00fctzung von Fachleuten verlassen, die einen effizienten Service bieten und Wissen und Erfahrung bereitstellen<\/p>\n<p><a class=\"link_wiecej\" href=\"https:\/\/kalinski.pl\/sklep\" target=\"_blank\" rel=\"noopener noreferrer\">GEH ZU DEM LADEN<br \/>\n<span class=\"link_wiecej\"><img decoding=\"async\" src=\"https:\/\/kalinski.pl\/wp-includes\/images\/arrow_blue.svg\"><\/span><\/a><\/p>\n<\/div>\n<div class=\"mbs_right\"><a href=\"https:\/\/kalinski.pl\/sklep\" target=\"_blank\" rel=\"noopener noreferrer\"><img loading=\"lazy\" decoding=\"async\" class=\"alignnone size-full wp-image-166\" src=\"https:\/\/kalinski.pl\/wp-content\/uploads\/2019\/04\/mainsklep-1.jpg\" alt=\"\" width=\"555\" height=\"274\"><\/a><\/div>\n<\/div>\n<div class=\"box_seo\">\n<h1>Reparatur und Verkauf der Katalysatoren und Auspuffanlagen<\/h1>\n<p>Wegen der einseitigen Spezialisierung \u2013 wir befassen uns ausschlie\u03b2lich mit den Auspuffanlagen \u2013 bietet unser Service die Dienstleistungen auf dem h\u00f6chsten Niveau an. Jahre der Praxis, erworbene Erfahrung, qualifizierte Spoezialisten und reiche Hilfsmittel an Ort und Stelle erlauben uns alle Reperaturen oder Modifikationen zu machen.<\/p>\n<p><strong>Wir reparieren Auspuffanlagen in den Personenkraftwagen, Lastkraftwagen, Maschinen mit Dampfmaschinen und Motorr\u00e4dern.<\/strong> Wir haben ein gro\u03b2es Lager von originellen Schalld\u00e4mpfern, Ersatzteilen bekannter Produzenten und allen Elementen der Auspuffanlagen, die notwendig sind, in der schnellsten Zeit die Dienstleistungen zur Zufriedenheit der Kunden auszuf\u00fchren.<\/p>\n<p>Wir befassen uns mit der Produktion von Auspuffanlagen, die schwer erh\u00e4ltlich sind \u2013 vorgesehen f\u00fcr Oldtimer und Youngtimer. . Wir machen Elemente der Auspuffanlagen oder ganze Anlagen nach dem Kundenentwurf oder auf Kundenbestellung nach unserer Technologie.<\/p>\n<p>Wir machen Elemente der Auspuffanlagen oder ganze Anlagen nach dem Kundenentwurf oder auf Kundenbestellung nach unserer Technologie.<\/p>\n<p>Motorradfahrer finden bei uns auch gro\u03b2e Auswahl der Schalld\u00e4mpfer zu ihren Motorr\u00e4dern. Wir verkaufen und installieren Auspuffanlagen der f\u00fchrenden Produzenten und eigener Marke Kali\u0144ski. Wir machen Durchlaufd\u00e4mpfer zu allen Modelen der Zweir\u00e4der.<\/p>\n<p>Auspuffanlagen werden mit dem Fortschritt der Technologie immer mehr \u00f6kologisch, und was damit verbunden ist \u2013 technologisch fortgeschritten. Die Katalyzatoren, die umweltsch\u00e4dliche Abgase reduzieren, Trockenluftpartikelfilter DPF und ihre \u04d2quivalenten FAP (so genanntes Na\u03b2filter) sind allgemein in den Abgasfahrzeugen verwendet. Das sind die Elemente, die einem Verschlei\u03b2 (und einem Ausfall) unterliegen. Unsere Firma hat eine spezielle Abteilung, die sich mit der Regenerierung, Reparatur und dem Austausch solcher Elemente besch\u00e4ftigt. Also wenn Dein Auto solche Panne hat, da laden wir herzlich ein \u2013 abgesehen von der Atr des Fahrzeuges.<\/p>\n<p>Wenn es in deinem Auto die Mitteilung CHECK ENGINE gibt, leuchtet Motorkontrollleuchte auf, startet Not &#8211; Servicebetriebsart des Motors oder leuchtet Alarm auf, der eine Fehlfunktion im Treibstoffreinigungssystem sygnalisiert, dann laden wir in unser Service ein. Wir machen Komputerdiagnose, erfahren die genaue Schadenursache und wir schlagen die meistoptimale Weise vor, Funktionsf\u00e4higkeit dieser Anlage wiederherzustellen.<\/p>\n<p>Allgemiene Fehlertypen und Mitteilungen, die durch bordeigenes Diagnosesystem generiert werden, sind: Katalyzatorendefekt oder zu niedrige Katalyzatorenleistung, Fehler im Treibstoffreinigungssystem, DPF\/FAP Filterdefekt und zu viel Ru\u03b2 im Filter. Das Fahrzeug kann auf den Servicemodus \u201egehen\u201d, der h\u00f6here Momentandrehung des Motors einschr\u00e4nkt oder in Notf\u00e4llen (durch das F\u00fcllen) die Fahrt verhindert.<\/p>\n<p>Die Technologie, die in unserem Service verwendet wird, beruht auf dem Regenerieren der Partikelfilter DPF\/FAP \u201eauf trocken\u201d in der hohen Temperatur. Infolge dieses Prozesses wird der Ru\u03b2, der sich in Mikrokan\u00e4lchen sammelt, verbrannt und die auf diese Weise entstandene Asche wird durch die Pre\u03b2luft ausgeblasen. Dieser Prozess braucht keine Trocknung der Keramikeinlagen, so wie im Fall des Durchsp\u00fclens mit Wasser, das durch andere Firmen verwendet wird und es gibt infolgedessen keine Fehler, die daraus entstehen, dass kleine Menge Wasser im Filter bleibt. Wir verwenden diesen Prozess im Fall der DPF\/FAP Filter allerm\u00f6glicher Fahrzeuge: PKWs, LKWs und Bau \u2013 und Landmaschinen usw.<\/p>\n<p>In manchen F\u00e4llen, wenn die Filtereinlage DPF\/FAT kaputt, besch\u00e4digt, zerbrochen oder ganz ausgef\u00fcllt ist und es gibt keine M\u00f6glichkeit sie zu regenerieren, k\u00f6nnen wir die Filtereinlage austauschen. Das ist die meist \u00f6komonische Weise, um die Leistungsf\u00e4higkeit dieses Auspuffanlagenelementes wiederherzustellen. Wenn wir das Fabrikgeh\u00e4use lassen, k\u00f6nnen wir die Kosten mehr senken.<\/p>\n<\/div>\n","protected":false},"excerpt":{"rendered":"<p>Unternehmensabteilungen Personenabteilung Lastkraftwagen Motorrader Produktion Arbeitsmaschinen Autow\u00e4sche Kontakt Jeste\u015bmy tu aby Ci pom\u00f3c Service Filip +48 61 814 27 77 wew 105 serwis@kalinski.pl Katalyzatoren, filtry DPF, FAP, GPF Mateusz +48 61 814 27 77 \/ wew 101 biuro@kalinski.pl Personenabteilung Mariusz +48 61 814 27 77 \/ wew 103 osobowe@kalinski.pl Lastkraftwagen Adam +48 61 814 27 &hellip; <a href=\"https:\/\/kalinski.pl\/serwis\/de\/hauptseite\/\" class=\"more-link\">Czytaj dalej<span class=\"screen-reader-text\"> Hauptseite<\/span><\/a><\/p>\n","protected":false},"author":2,"featured_media":0,"parent":0,"menu_order":0,"comment_status":"closed","ping_status":"closed","template":"","meta":{"footnotes":""},"class_list":["post-1610","page","type-page","status-publish","hentry"],"yoast_head":"<!-- This site is optimized with the Yoast SEO plugin v26.7 - https:\/\/yoast.com\/wordpress\/plugins\/seo\/ -->\n<title>Hauptseite | Kali\u0144ski<\/title>\n<meta name=\"robots\" content=\"index, follow, max-snippet:-1, max-image-preview:large, max-video-preview:-1\" \/>\n<link rel=\"canonical\" href=\"https:\/\/kalinski.pl\/serwis\/de\/hauptseite\/\" \/>\n<meta property=\"og:locale\" content=\"pl_PL\" \/>\n<meta property=\"og:type\" content=\"article\" \/>\n<meta property=\"og:title\" content=\"Hauptseite | Kali\u0144ski\" \/>\n<meta property=\"og:description\" content=\"Unternehmensabteilungen Personenabteilung Lastkraftwagen Motorrader Produktion Arbeitsmaschinen Autow\u00e4sche Kontakt Jeste\u015bmy tu aby Ci pom\u00f3c Service Filip +48 61 814 27 77 wew 105 serwis@kalinski.pl Katalyzatoren, filtry DPF, FAP, GPF Mateusz +48 61 814 27 77 \/ wew 101 biuro@kalinski.pl Personenabteilung Mariusz +48 61 814 27 77 \/ wew 103 osobowe@kalinski.pl Lastkraftwagen Adam +48 61 814 27 &hellip; Czytaj dalej Hauptseite\" \/>\n<meta property=\"og:url\" content=\"https:\/\/kalinski.pl\/serwis\/de\/hauptseite\/\" \/>\n<meta property=\"og:site_name\" content=\"Kali\u0144ski\" \/>\n<meta property=\"article:modified_time\" content=\"2020-11-23T10:30:38+00:00\" \/>\n<meta property=\"og:image\" content=\"https:\/\/kalinski.pl\/wp-content\/uploads\/d_osobowe.jpg\" \/>\n<meta name=\"twitter:card\" content=\"summary_large_image\" \/>\n<meta name=\"twitter:label1\" content=\"Szacowany czas czytania\" \/>\n\t<meta name=\"twitter:data1\" content=\"3 minuty\" \/>\n<script type=\"application\/ld+json\" class=\"yoast-schema-graph\">{\"@context\":\"https:\/\/schema.org\",\"@graph\":[{\"@type\":\"WebPage\",\"@id\":\"https:\/\/kalinski.pl\/serwis\/de\/hauptseite\/\",\"url\":\"https:\/\/kalinski.pl\/serwis\/de\/hauptseite\/\",\"name\":\"Hauptseite | Kali\u0144ski\",\"isPartOf\":{\"@id\":\"https:\/\/kalinski.pl\/serwis\/#website\"},\"primaryImageOfPage\":{\"@id\":\"https:\/\/kalinski.pl\/serwis\/de\/hauptseite\/#primaryimage\"},\"image\":{\"@id\":\"https:\/\/kalinski.pl\/serwis\/de\/hauptseite\/#primaryimage\"},\"thumbnailUrl\":\"https:\/\/kalinski.pl\/wp-content\/uploads\/d_osobowe.jpg\",\"datePublished\":\"2020-06-18T05:04:37+00:00\",\"dateModified\":\"2020-11-23T10:30:38+00:00\",\"breadcrumb\":{\"@id\":\"https:\/\/kalinski.pl\/serwis\/de\/hauptseite\/#breadcrumb\"},\"inLanguage\":\"pl-PL\",\"potentialAction\":[{\"@type\":\"ReadAction\",\"target\":[\"https:\/\/kalinski.pl\/serwis\/de\/hauptseite\/\"]}]},{\"@type\":\"ImageObject\",\"inLanguage\":\"pl-PL\",\"@id\":\"https:\/\/kalinski.pl\/serwis\/de\/hauptseite\/#primaryimage\",\"url\":\"https:\/\/kalinski.pl\/wp-content\/uploads\/d_osobowe.jpg\",\"contentUrl\":\"https:\/\/kalinski.pl\/wp-content\/uploads\/d_osobowe.jpg\"},{\"@type\":\"BreadcrumbList\",\"@id\":\"https:\/\/kalinski.pl\/serwis\/de\/hauptseite\/#breadcrumb\",\"itemListElement\":[{\"@type\":\"ListItem\",\"position\":1,\"name\":\"Strona g\u0142\u00f3wna\",\"item\":\"https:\/\/kalinski.pl\/serwis\/\"},{\"@type\":\"ListItem\",\"position\":2,\"name\":\"Hauptseite\"}]},{\"@type\":\"WebSite\",\"@id\":\"https:\/\/kalinski.pl\/serwis\/#website\",\"url\":\"https:\/\/kalinski.pl\/serwis\/\",\"name\":\"Kali\u0144ski\",\"description\":\"Uk\u0142ady wydechowe\",\"publisher\":{\"@id\":\"https:\/\/kalinski.pl\/serwis\/#organization\"},\"potentialAction\":[{\"@type\":\"SearchAction\",\"target\":{\"@type\":\"EntryPoint\",\"urlTemplate\":\"https:\/\/kalinski.pl\/serwis\/?s={search_term_string}\"},\"query-input\":{\"@type\":\"PropertyValueSpecification\",\"valueRequired\":true,\"valueName\":\"search_term_string\"}}],\"inLanguage\":\"pl-PL\"},{\"@type\":\"Organization\",\"@id\":\"https:\/\/kalinski.pl\/serwis\/#organization\",\"name\":\"Kali\u0144ski\",\"url\":\"https:\/\/kalinski.pl\/serwis\/\",\"logo\":{\"@type\":\"ImageObject\",\"inLanguage\":\"pl-PL\",\"@id\":\"https:\/\/kalinski.pl\/serwis\/#\/schema\/logo\/image\/\",\"url\":\"https:\/\/kalinski.pl\/serwis\/wp-content\/uploads\/2019\/03\/cropped-logo_white.jpg\",\"contentUrl\":\"https:\/\/kalinski.pl\/serwis\/wp-content\/uploads\/2019\/03\/cropped-logo_white.jpg\",\"width\":240,\"height\":63,\"caption\":\"Kali\u0144ski\"},\"image\":{\"@id\":\"https:\/\/kalinski.pl\/serwis\/#\/schema\/logo\/image\/\"}}]}<\/script>\n<!-- \/ Yoast SEO plugin. -->","yoast_head_json":{"title":"Hauptseite | Kali\u0144ski","robots":{"index":"index","follow":"follow","max-snippet":"max-snippet:-1","max-image-preview":"max-image-preview:large","max-video-preview":"max-video-preview:-1"},"canonical":"https:\/\/kalinski.pl\/serwis\/de\/hauptseite\/","og_locale":"pl_PL","og_type":"article","og_title":"Hauptseite | Kali\u0144ski","og_description":"Unternehmensabteilungen Personenabteilung Lastkraftwagen Motorrader Produktion Arbeitsmaschinen Autow\u00e4sche Kontakt Jeste\u015bmy tu aby Ci pom\u00f3c Service Filip +48 61 814 27 77 wew 105 serwis@kalinski.pl Katalyzatoren, filtry DPF, FAP, GPF Mateusz +48 61 814 27 77 \/ wew 101 biuro@kalinski.pl Personenabteilung Mariusz +48 61 814 27 77 \/ wew 103 osobowe@kalinski.pl Lastkraftwagen Adam +48 61 814 27 &hellip; Czytaj dalej Hauptseite","og_url":"https:\/\/kalinski.pl\/serwis\/de\/hauptseite\/","og_site_name":"Kali\u0144ski","article_modified_time":"2020-11-23T10:30:38+00:00","og_image":[{"url":"https:\/\/kalinski.pl\/wp-content\/uploads\/d_osobowe.jpg","type":"","width":"","height":""}],"twitter_card":"summary_large_image","twitter_misc":{"Szacowany czas czytania":"3 minuty"},"schema":{"@context":"https:\/\/schema.org","@graph":[{"@type":"WebPage","@id":"https:\/\/kalinski.pl\/serwis\/de\/hauptseite\/","url":"https:\/\/kalinski.pl\/serwis\/de\/hauptseite\/","name":"Hauptseite | Kali\u0144ski","isPartOf":{"@id":"https:\/\/kalinski.pl\/serwis\/#website"},"primaryImageOfPage":{"@id":"https:\/\/kalinski.pl\/serwis\/de\/hauptseite\/#primaryimage"},"image":{"@id":"https:\/\/kalinski.pl\/serwis\/de\/hauptseite\/#primaryimage"},"thumbnailUrl":"https:\/\/kalinski.pl\/wp-content\/uploads\/d_osobowe.jpg","datePublished":"2020-06-18T05:04:37+00:00","dateModified":"2020-11-23T10:30:38+00:00","breadcrumb":{"@id":"https:\/\/kalinski.pl\/serwis\/de\/hauptseite\/#breadcrumb"},"inLanguage":"pl-PL","potentialAction":[{"@type":"ReadAction","target":["https:\/\/kalinski.pl\/serwis\/de\/hauptseite\/"]}]},{"@type":"ImageObject","inLanguage":"pl-PL","@id":"https:\/\/kalinski.pl\/serwis\/de\/hauptseite\/#primaryimage","url":"https:\/\/kalinski.pl\/wp-content\/uploads\/d_osobowe.jpg","contentUrl":"https:\/\/kalinski.pl\/wp-content\/uploads\/d_osobowe.jpg"},{"@type":"BreadcrumbList","@id":"https:\/\/kalinski.pl\/serwis\/de\/hauptseite\/#breadcrumb","itemListElement":[{"@type":"ListItem","position":1,"name":"Strona g\u0142\u00f3wna","item":"https:\/\/kalinski.pl\/serwis\/"},{"@type":"ListItem","position":2,"name":"Hauptseite"}]},{"@type":"WebSite","@id":"https:\/\/kalinski.pl\/serwis\/#website","url":"https:\/\/kalinski.pl\/serwis\/","name":"Kali\u0144ski","description":"Uk\u0142ady wydechowe","publisher":{"@id":"https:\/\/kalinski.pl\/serwis\/#organization"},"potentialAction":[{"@type":"SearchAction","target":{"@type":"EntryPoint","urlTemplate":"https:\/\/kalinski.pl\/serwis\/?s={search_term_string}"},"query-input":{"@type":"PropertyValueSpecification","valueRequired":true,"valueName":"search_term_string"}}],"inLanguage":"pl-PL"},{"@type":"Organization","@id":"https:\/\/kalinski.pl\/serwis\/#organization","name":"Kali\u0144ski","url":"https:\/\/kalinski.pl\/serwis\/","logo":{"@type":"ImageObject","inLanguage":"pl-PL","@id":"https:\/\/kalinski.pl\/serwis\/#\/schema\/logo\/image\/","url":"https:\/\/kalinski.pl\/serwis\/wp-content\/uploads\/2019\/03\/cropped-logo_white.jpg","contentUrl":"https:\/\/kalinski.pl\/serwis\/wp-content\/uploads\/2019\/03\/cropped-logo_white.jpg","width":240,"height":63,"caption":"Kali\u0144ski"},"image":{"@id":"https:\/\/kalinski.pl\/serwis\/#\/schema\/logo\/image\/"}}]}},"_links":{"self":[{"href":"https:\/\/kalinski.pl\/serwis\/wp-json\/wp\/v2\/pages\/1610","targetHints":{"allow":["GET"]}}],"collection":[{"href":"https:\/\/kalinski.pl\/serwis\/wp-json\/wp\/v2\/pages"}],"about":[{"href":"https:\/\/kalinski.pl\/serwis\/wp-json\/wp\/v2\/types\/page"}],"author":[{"embeddable":true,"href":"https:\/\/kalinski.pl\/serwis\/wp-json\/wp\/v2\/users\/2"}],"replies":[{"embeddable":true,"href":"https:\/\/kalinski.pl\/serwis\/wp-json\/wp\/v2\/comments?post=1610"}],"version-history":[{"count":0,"href":"https:\/\/kalinski.pl\/serwis\/wp-json\/wp\/v2\/pages\/1610\/revisions"}],"wp:attachment":[{"href":"https:\/\/kalinski.pl\/serwis\/wp-json\/wp\/v2\/media?parent=1610"}],"curies":[{"name":"wp","href":"https:\/\/api.w.org\/{rel}","templated":true}]}}