{"id":1565,"date":"2020-06-10T08:09:17","date_gmt":"2020-06-10T06:09:17","guid":{"rendered":"https:\/\/kalinski.pl\/?page_id=1565"},"modified":"2026-03-03T12:30:18","modified_gmt":"2026-03-03T11:30:18","slug":"regeneracja-filtrow-dpf-fap-gpf","status":"publish","type":"page","link":"https:\/\/kalinski.pl\/serwis\/regeneracja-filtrow-dpf-fap-gpf\/","title":{"rendered":"Regeneracja filtr\u00f3w DPF, FAP, GPF"},"content":{"rendered":"<div class=\"katalizatory_png\"><img decoding=\"async\" class=\"alignnone size-full wp-image-1568\" src=\"https:\/\/kalinski.pl\/wp-content\/uploads\/Filtry_Kalinski-1.png\" alt=\"\" width=\"1920\" height=\"524\" \/><\/div>\n<div>\u00a0<\/div>\n<div>\u00a0<\/div>\n<div class=\"odstepy_strona\">\n<p>Obecnie ka\u017cdy samoch\u00f3d osobowy zobowi\u0105zany jest do posiadania filtra cz\u0105stek sta\u0142ych. W przypadku pojazd\u00f3w z silnikiem diesla stosuje si\u0119 <strong><a href=\"https:\/\/kalinski.pl\/sklep\/pl\/4358-filtry-czastek-stalych-dpffap\" rel=\"noopener\">filtry DPF<\/a> oraz filtry FAP,<\/strong> samochody z silnikiem benzynowym od 2019 roku posiadaj\u0105 <strong>filtry GPF.<\/strong> Post\u0119puj\u0105ca z ka\u017cdym rokiem dba\u0142o\u015b\u0107 o \u015brodowisko wp\u0142ywa na wzrost koszt\u00f3w i cen eksploatacji aut, ale te\u017c coraz lepsz\u0105 jako\u015b\u0107 naszego \u015brodowiska. Dostrzegaj\u0105c ten trend kilkana\u015bcie lat temu w naszej firmie za\u0142o\u017cyli\u015bmy <strong>dzia\u0142 filtr\u00f3w cz\u0105stek sta\u0142ych i katalizator\u00f3w.<\/strong> Dzia\u0142 g\u0142\u00f3wnie skupia si\u0119 na <strong>serwisie filtr\u00f3w cz\u0105stek sta\u0142ych, naprawie filtr\u00f3w cz\u0105stek sta\u0142ych oraz regeneracji filtr\u00f3w cz\u0105stek sta\u0142ych.<\/strong><\/p>\n<p>Us\u0142ug\u0119 <strong><a href=\"https:\/\/kalinski.pl\/sklep\/pl\/regeneracja-katalizatorow-wymiana-wkladu\/47909-regeneracja-katalizatorow-poprzez-wymiane-wkladu-katalicznego-do-pojazdow-osobowych-oraz-ciezarowych-indywidualna-wycena-uslugi.html\" rel=\"noopener\">regeneracji katalizator\u00f3w<\/a>, filtr\u00f3w cz\u0105stek sta\u0142ych<\/strong> \u015bwiadczymy na potrzeby naszego serwisu uk\u0142ad\u00f3w wydechowych znajduj\u0105cego si\u0119 w Chybach, <strong>nieopodal Poznania<\/strong>, ale r\u00f3wnie\u017c wysy\u0142kowo dostarczaj\u0105c produkty na terenie ca\u0142ego kraju, ale r\u00f3wnie\u017c poza jego granice.<\/p>\n<p><strong>Naprawa filtr\u00f3w DPF<\/strong> mo\u017ce zosta\u0107 wykonana na kilka sposob\u00f3w. Filtr cz\u0105stek sta\u0142ych mo\u017cna wymieni\u0107 na nowy, u\u017cywany lub wykona\u0107 <strong>regeneracj\u0119 DPF.<\/strong> W naszym serwisie preferujemy <strong>regeneracj\u0119 filtr\u00f3w cz\u0105stek sta\u0142ych<\/strong> czy <strong>regeneracj\u0119 filtra FAP oraz GPF.<\/strong> Do regeneracji wykorzystujemy maszyn\u0119 produkcji brytyjskiej firmy Hartridge DPF 300. Maszyna polecana jest przez wiele znanych i cenionych marek, m.in. Volvo, Scania, DAF czy Caterpillar. W ramach regeneracji filtr wypalamy jest, w temperaturze do 600 stopni. Proces ten pozwala na <strong>poluzowaniu sadzy<\/strong> oraz <strong>wypaleniu jej do postaci popio\u0142u<\/strong>. Kolejnym etapem regeneracji jest wydmuchanie zanieczyszcze\u0144 z filtra cz\u0105stek sta\u0142ych za pomoc\u0105 spr\u0119\u017conego strumienia powietrza pod wysokim ci\u015bnieniem. Zanieczyszczenia dostaj\u0105 si\u0119 do specjalnego pojemnika a kolejno zostaj\u0105 zutylizowane. Wykonujemy r\u00f3wnie\u017c <strong>regeneracj\u0119 filtra DPF<\/strong> poprzez wymian\u0119 wk\u0142ad\u00f3w ceramicznych, ta metoda przywraca pe\u0142n\u0105 sprawno\u015b\u0107.<\/p>\n<p>Nie wykonujemy regeneracji poprzez <strong>\u201emycie DPF&#8221;<\/strong> czy <strong>\u201epranie filtr\u00f3w cz\u0105stek sta\u0142ych&#8221;<\/strong>. W przypadku tych metod problemem jest wysuszenie w pe\u0142ni filtra, co mo\u017ce doprowadzi\u0107 do szybkiego, ponownego zapchania. Po\u0142\u0105czenie sadzy i wody mo\u017ce bardzo szybko zmniejszy\u0107 przepustowo\u015b\u0107 spalin. Jak r\u00f3wnie\u017c wyp\u0142ukania metali szlachetnych potrzebnych do przeprowadzenia prawid\u0142owego procesu samo regeneracji. Obecnie jednak wi\u0119kszo\u015b\u0107 firm korzysta z tej metody. R\u00f3wnie\u017c <strong>domowe sposoby regeneracji DPF<\/strong> maj\u0105 swoje wady. Regeneruj\u0105c filtry w swoim gara\u017cu tylko tymczasowo pozb\u0119dziemy si\u0119 problemu zwi\u0105zanego z DPF-em. Trudno nam b\u0119dzie r\u00f3wnie\u017c wykona\u0107 komputerow\u0105 adaptacj\u0119, co jest niezb\u0119dne do usuni\u0119cia b\u0142\u0119du silnika \u201echeck engine\u201d.<\/p>\n<p>Niew\u0142a\u015bciwa regeneracja filtr\u00f3w mo\u017ce spowodowa\u0107 uszkodzenie filtra, szczeg\u00f3lnie w przypadku znacznej ingerencji w jego wn\u0119trzu. Uszkodzenie ceramicznego wk\u0142adu b\u0119dzie wi\u0105za\u0142o si\u0119 z jego wymian\u0105 w profesjonalnym <strong>serwisie DPF.<\/strong> Koszt wymiany wn\u0119trza filtra b\u0119dzie wy\u017cszy ni\u017c tradycyjnie przeprowadzonej regeneracji.<\/p>\n<p><strong>Nasz serwis DPF<\/strong> stawia na jako\u015b\u0107 swoich us\u0142ug a wszystkim produktom, nawet tym regenerowanym udzielamy gwarancji. Klienci, kt\u00f3rzy korzystali z naszych produkt\u00f3w chwal\u0105 sobie jako\u015b\u0107 obs\u0142ugi, nasz\u0105 poczekalni\u0119, wykonane us\u0142ugi czy zakupione produkty. W czasie prawie<strong> 30-letniej historii<\/strong> zdobyli\u015bmy ogromne do\u015bwiadczenie, kt\u00f3re pomaga nam w zapewnieniu w\u0142a\u015bciwego poziomu realizowanych us\u0142ug.<\/p>\n<\/div>\n<div class=\"kontakt_frame_main\">\n\n<div class=\"su-posts su-posts-single-post \">\n\n\t\t\t\t\t\t\n\t\t\t\n\t\t\t<div id=\"su-post-4845\" class=\"su-post \">\n\t\t\t\t<h1 class=\"su-post-title\">Kontakt Patryk Zwierzchlewski<\/h1>\n\t\t\t\t<div class=\"su-post-meta\">\n\t\t\t\t\tOpublikowano:\n\t\t\t\t\t3 marca 2026\t\t\t\t\t\t\t\t\t<\/div>\n\t\t\t\t<div class=\"su-post-content\">\n\t\t\t\t\t\t\t<div data-elementor-type=\"wp-post\" data-elementor-id=\"4845\" class=\"elementor elementor-4845\">\n\t\t\t\t\t\t<section class=\"elementor-section elementor-top-section elementor-element elementor-element-3925e0f elementor-section-boxed elementor-section-height-default elementor-section-height-default\" data-id=\"3925e0f\" data-element_type=\"section\">\n\t\t\t\t\t\t<div class=\"elementor-container elementor-column-gap-default\">\n\t\t\t\t\t<div class=\"elementor-column elementor-col-100 elementor-top-column elementor-element elementor-element-5f52876\" data-id=\"5f52876\" data-element_type=\"column\">\n\t\t\t<div class=\"elementor-widget-wrap elementor-element-populated\">\n\t\t\t\t\t\t<div class=\"elementor-element elementor-element-43fad46 h3_kontakt elementor-widget elementor-widget-heading\" data-id=\"43fad46\" data-element_type=\"widget\" data-widget_type=\"heading.default\">\n\t\t\t\t<div class=\"elementor-widget-container\">\n\t\t\t\t\t<h3 class=\"elementor-heading-title elementor-size-default\">Pojazdy osobowe<\/h3>\t\t\t\t<\/div>\n\t\t\t\t<\/div>\n\t\t\t\t\t<\/div>\n\t\t<\/div>\n\t\t\t\t\t<\/div>\n\t\t<\/section>\n\t\t\t\t<section class=\"elementor-section elementor-top-section elementor-element elementor-element-1feed1d elementor-section-boxed elementor-section-height-default elementor-section-height-default\" data-id=\"1feed1d\" data-element_type=\"section\">\n\t\t\t\t\t\t<div class=\"elementor-container elementor-column-gap-default\">\n\t\t\t\t\t<div class=\"elementor-column elementor-col-100 elementor-top-column elementor-element elementor-element-0bed3b3\" data-id=\"0bed3b3\" data-element_type=\"column\">\n\t\t\t<div class=\"elementor-widget-wrap elementor-element-populated\">\n\t\t\t\t\t\t<div class=\"elementor-element elementor-element-579c8d2 elementor-position-left elementor-widget__width-initial member-name elementor-vertical-align-top elementor-widget elementor-widget-image-box\" data-id=\"579c8d2\" data-element_type=\"widget\" data-widget_type=\"image-box.default\">\n\t\t\t\t<div class=\"elementor-widget-container\">\n\t\t\t\t\t<div class=\"elementor-image-box-wrapper\"><figure class=\"elementor-image-box-img\"><img fetchpriority=\"high\" fetchpriority=\"high\" decoding=\"async\" width=\"400\" height=\"400\" src=\"https:\/\/kalinski.pl\/serwis\/wp-content\/uploads\/kk_patrykzwierzchlewski.jpg\" class=\"attachment-full size-full wp-image-4743\" alt=\"kk patrykzwierzchlewski\" \/><\/figure><div class=\"elementor-image-box-content\"><h3 class=\"elementor-image-box-title\">Patryk Zwierzchlewski<\/h3><p class=\"elementor-image-box-description\"><div class=\"member-role\">Specjalista ds. regeneracji pojazd\u00f3w osobowych<\/div>\n<div class=\"member-contact\"><a href=\"tel:48618142777\">+48 61 814 27 77 wew. 111<\/a><br \/>\n\nregeneracja@kalinski.pl<\/div><\/p><\/div><\/div>\t\t\t\t<\/div>\n\t\t\t\t<\/div>\n\t\t\t\t\t<\/div>\n\t\t<\/div>\n\t\t\t\t\t<\/div>\n\t\t<\/section>\n\t\t\t\t<\/div>\n\t\t\t\t\t\t<\/div>\n\t\t\t<\/div>\n\n\t\t\t\t\n<\/div>\n<\/div>\n","protected":false},"excerpt":{"rendered":"<p>\u00a0 \u00a0 Obecnie ka\u017cdy samoch\u00f3d osobowy zobowi\u0105zany jest do posiadania filtra cz\u0105stek sta\u0142ych. W przypadku pojazd\u00f3w z silnikiem diesla stosuje si\u0119 filtry DPF oraz filtry FAP, samochody z silnikiem benzynowym od 2019 roku posiadaj\u0105 filtry GPF. Post\u0119puj\u0105ca z ka\u017cdym rokiem dba\u0142o\u015b\u0107 o \u015brodowisko wp\u0142ywa na wzrost koszt\u00f3w i cen eksploatacji aut, ale te\u017c coraz lepsz\u0105 &hellip; <a href=\"https:\/\/kalinski.pl\/serwis\/kontakt-patryk-zwierzchlewski\/\" class=\"more-link\">Czytaj dalej<span class=\"screen-reader-text\"> Kontakt Patryk Zwierzchlewski<\/span><\/a><\/p>\n","protected":false},"author":2,"featured_media":0,"parent":0,"menu_order":0,"comment_status":"closed","ping_status":"closed","template":"","meta":{"footnotes":""},"class_list":["post-1565","page","type-page","status-publish","hentry"],"yoast_head":"<!-- This site is optimized with the Yoast SEO plugin v26.7 - https:\/\/yoast.com\/wordpress\/plugins\/seo\/ -->\n<title>Regeneracja filtr\u00f3w DPF, FAP, GPF - Pozna\u0144, Chyby | Kali\u0144ski<\/title>\n<meta name=\"description\" content=\"Filtry cz\u0105stek sta\u0142ych stanowi\u0105 coraz wi\u0119kszy dzia\u0142 naszej firmy. Zajmujemy si\u0119 filtrami DPF, FAP, GPF, w szczeg\u00f3lno\u015bci propaguj\u0105c regeneracj\u0119 filtr\u00f3w.\" \/>\n<meta name=\"robots\" content=\"index, follow, max-snippet:-1, max-image-preview:large, max-video-preview:-1\" \/>\n<link rel=\"canonical\" href=\"https:\/\/kalinski.pl\/serwis\/regeneracja-filtrow-dpf-fap-gpf\/\" \/>\n<meta property=\"og:locale\" content=\"pl_PL\" \/>\n<meta property=\"og:type\" content=\"article\" \/>\n<meta property=\"og:title\" content=\"Regeneracja filtr\u00f3w DPF, FAP, GPF - Pozna\u0144, Chyby | Kali\u0144ski\" \/>\n<meta property=\"og:description\" content=\"Filtry cz\u0105stek sta\u0142ych stanowi\u0105 coraz wi\u0119kszy dzia\u0142 naszej firmy. Zajmujemy si\u0119 filtrami DPF, FAP, GPF, w szczeg\u00f3lno\u015bci propaguj\u0105c regeneracj\u0119 filtr\u00f3w.\" \/>\n<meta property=\"og:url\" content=\"https:\/\/kalinski.pl\/serwis\/regeneracja-filtrow-dpf-fap-gpf\/\" \/>\n<meta property=\"og:site_name\" content=\"Kali\u0144ski\" \/>\n<meta property=\"article:modified_time\" content=\"2026-03-03T11:30:18+00:00\" \/>\n<meta property=\"og:image\" content=\"https:\/\/kalinski.pl\/serwis\/wp-content\/uploads\/Filtry_Kalinski-1.png\" \/>\n\t<meta property=\"og:image:width\" content=\"1920\" \/>\n\t<meta property=\"og:image:height\" content=\"524\" \/>\n\t<meta property=\"og:image:type\" content=\"image\/png\" \/>\n<meta name=\"twitter:card\" content=\"summary_large_image\" \/>\n<meta name=\"twitter:label1\" content=\"Szacowany czas czytania\" \/>\n\t<meta name=\"twitter:data1\" content=\"3 minuty\" \/>\n<script type=\"application\/ld+json\" class=\"yoast-schema-graph\">{\"@context\":\"https:\/\/schema.org\",\"@graph\":[{\"@type\":\"WebPage\",\"@id\":\"https:\/\/kalinski.pl\/serwis\/regeneracja-filtrow-dpf-fap-gpf\/\",\"url\":\"https:\/\/kalinski.pl\/serwis\/regeneracja-filtrow-dpf-fap-gpf\/\",\"name\":\"Regeneracja filtr\u00f3w DPF, FAP, GPF - Pozna\u0144, Chyby | Kali\u0144ski\",\"isPartOf\":{\"@id\":\"https:\/\/kalinski.pl\/serwis\/#website\"},\"primaryImageOfPage\":{\"@id\":\"https:\/\/kalinski.pl\/serwis\/regeneracja-filtrow-dpf-fap-gpf\/#primaryimage\"},\"image\":{\"@id\":\"https:\/\/kalinski.pl\/serwis\/regeneracja-filtrow-dpf-fap-gpf\/#primaryimage\"},\"thumbnailUrl\":\"https:\/\/kalinski.pl\/wp-content\/uploads\/Filtry_Kalinski-1.png\",\"datePublished\":\"2020-06-10T06:09:17+00:00\",\"dateModified\":\"2026-03-03T11:30:18+00:00\",\"description\":\"Filtry cz\u0105stek sta\u0142ych stanowi\u0105 coraz wi\u0119kszy dzia\u0142 naszej firmy. Zajmujemy si\u0119 filtrami DPF, FAP, GPF, w szczeg\u00f3lno\u015bci propaguj\u0105c regeneracj\u0119 filtr\u00f3w.\",\"breadcrumb\":{\"@id\":\"https:\/\/kalinski.pl\/serwis\/regeneracja-filtrow-dpf-fap-gpf\/#breadcrumb\"},\"inLanguage\":\"pl-PL\",\"potentialAction\":[{\"@type\":\"ReadAction\",\"target\":[\"https:\/\/kalinski.pl\/serwis\/regeneracja-filtrow-dpf-fap-gpf\/\"]}]},{\"@type\":\"ImageObject\",\"inLanguage\":\"pl-PL\",\"@id\":\"https:\/\/kalinski.pl\/serwis\/regeneracja-filtrow-dpf-fap-gpf\/#primaryimage\",\"url\":\"https:\/\/kalinski.pl\/wp-content\/uploads\/Filtry_Kalinski-1.png\",\"contentUrl\":\"https:\/\/kalinski.pl\/wp-content\/uploads\/Filtry_Kalinski-1.png\"},{\"@type\":\"BreadcrumbList\",\"@id\":\"https:\/\/kalinski.pl\/serwis\/regeneracja-filtrow-dpf-fap-gpf\/#breadcrumb\",\"itemListElement\":[{\"@type\":\"ListItem\",\"position\":1,\"name\":\"Strona g\u0142\u00f3wna\",\"item\":\"https:\/\/kalinski.pl\/serwis\/\"},{\"@type\":\"ListItem\",\"position\":2,\"name\":\"Regeneracja filtr\u00f3w DPF, FAP, GPF\"}]},{\"@type\":\"WebSite\",\"@id\":\"https:\/\/kalinski.pl\/serwis\/#website\",\"url\":\"https:\/\/kalinski.pl\/serwis\/\",\"name\":\"Kali\u0144ski\",\"description\":\"Uk\u0142ady wydechowe\",\"publisher\":{\"@id\":\"https:\/\/kalinski.pl\/serwis\/#organization\"},\"potentialAction\":[{\"@type\":\"SearchAction\",\"target\":{\"@type\":\"EntryPoint\",\"urlTemplate\":\"https:\/\/kalinski.pl\/serwis\/?s={search_term_string}\"},\"query-input\":{\"@type\":\"PropertyValueSpecification\",\"valueRequired\":true,\"valueName\":\"search_term_string\"}}],\"inLanguage\":\"pl-PL\"},{\"@type\":\"Organization\",\"@id\":\"https:\/\/kalinski.pl\/serwis\/#organization\",\"name\":\"Kali\u0144ski\",\"url\":\"https:\/\/kalinski.pl\/serwis\/\",\"logo\":{\"@type\":\"ImageObject\",\"inLanguage\":\"pl-PL\",\"@id\":\"https:\/\/kalinski.pl\/serwis\/#\/schema\/logo\/image\/\",\"url\":\"https:\/\/kalinski.pl\/serwis\/wp-content\/uploads\/2019\/03\/cropped-logo_white.jpg\",\"contentUrl\":\"https:\/\/kalinski.pl\/serwis\/wp-content\/uploads\/2019\/03\/cropped-logo_white.jpg\",\"width\":240,\"height\":63,\"caption\":\"Kali\u0144ski\"},\"image\":{\"@id\":\"https:\/\/kalinski.pl\/serwis\/#\/schema\/logo\/image\/\"}}]}<\/script>\n<!-- \/ Yoast SEO plugin. -->","yoast_head_json":{"title":"Regeneracja filtr\u00f3w DPF, FAP, GPF - Pozna\u0144, Chyby | Kali\u0144ski","description":"Filtry cz\u0105stek sta\u0142ych stanowi\u0105 coraz wi\u0119kszy dzia\u0142 naszej firmy. Zajmujemy si\u0119 filtrami DPF, FAP, GPF, w szczeg\u00f3lno\u015bci propaguj\u0105c regeneracj\u0119 filtr\u00f3w.","robots":{"index":"index","follow":"follow","max-snippet":"max-snippet:-1","max-image-preview":"max-image-preview:large","max-video-preview":"max-video-preview:-1"},"canonical":"https:\/\/kalinski.pl\/serwis\/regeneracja-filtrow-dpf-fap-gpf\/","og_locale":"pl_PL","og_type":"article","og_title":"Regeneracja filtr\u00f3w DPF, FAP, GPF - Pozna\u0144, Chyby | Kali\u0144ski","og_description":"Filtry cz\u0105stek sta\u0142ych stanowi\u0105 coraz wi\u0119kszy dzia\u0142 naszej firmy. Zajmujemy si\u0119 filtrami DPF, FAP, GPF, w szczeg\u00f3lno\u015bci propaguj\u0105c regeneracj\u0119 filtr\u00f3w.","og_url":"https:\/\/kalinski.pl\/serwis\/regeneracja-filtrow-dpf-fap-gpf\/","og_site_name":"Kali\u0144ski","article_modified_time":"2026-03-03T11:30:18+00:00","og_image":[{"width":1920,"height":524,"url":"https:\/\/kalinski.pl\/serwis\/wp-content\/uploads\/Filtry_Kalinski-1.png","type":"image\/png"}],"twitter_card":"summary_large_image","twitter_misc":{"Szacowany czas czytania":"3 minuty"},"schema":{"@context":"https:\/\/schema.org","@graph":[{"@type":"WebPage","@id":"https:\/\/kalinski.pl\/serwis\/regeneracja-filtrow-dpf-fap-gpf\/","url":"https:\/\/kalinski.pl\/serwis\/regeneracja-filtrow-dpf-fap-gpf\/","name":"Regeneracja filtr\u00f3w DPF, FAP, GPF - Pozna\u0144, Chyby | Kali\u0144ski","isPartOf":{"@id":"https:\/\/kalinski.pl\/serwis\/#website"},"primaryImageOfPage":{"@id":"https:\/\/kalinski.pl\/serwis\/regeneracja-filtrow-dpf-fap-gpf\/#primaryimage"},"image":{"@id":"https:\/\/kalinski.pl\/serwis\/regeneracja-filtrow-dpf-fap-gpf\/#primaryimage"},"thumbnailUrl":"https:\/\/kalinski.pl\/wp-content\/uploads\/Filtry_Kalinski-1.png","datePublished":"2020-06-10T06:09:17+00:00","dateModified":"2026-03-03T11:30:18+00:00","description":"Filtry cz\u0105stek sta\u0142ych stanowi\u0105 coraz wi\u0119kszy dzia\u0142 naszej firmy. Zajmujemy si\u0119 filtrami DPF, FAP, GPF, w szczeg\u00f3lno\u015bci propaguj\u0105c regeneracj\u0119 filtr\u00f3w.","breadcrumb":{"@id":"https:\/\/kalinski.pl\/serwis\/regeneracja-filtrow-dpf-fap-gpf\/#breadcrumb"},"inLanguage":"pl-PL","potentialAction":[{"@type":"ReadAction","target":["https:\/\/kalinski.pl\/serwis\/regeneracja-filtrow-dpf-fap-gpf\/"]}]},{"@type":"ImageObject","inLanguage":"pl-PL","@id":"https:\/\/kalinski.pl\/serwis\/regeneracja-filtrow-dpf-fap-gpf\/#primaryimage","url":"https:\/\/kalinski.pl\/wp-content\/uploads\/Filtry_Kalinski-1.png","contentUrl":"https:\/\/kalinski.pl\/wp-content\/uploads\/Filtry_Kalinski-1.png"},{"@type":"BreadcrumbList","@id":"https:\/\/kalinski.pl\/serwis\/regeneracja-filtrow-dpf-fap-gpf\/#breadcrumb","itemListElement":[{"@type":"ListItem","position":1,"name":"Strona g\u0142\u00f3wna","item":"https:\/\/kalinski.pl\/serwis\/"},{"@type":"ListItem","position":2,"name":"Regeneracja filtr\u00f3w DPF, FAP, GPF"}]},{"@type":"WebSite","@id":"https:\/\/kalinski.pl\/serwis\/#website","url":"https:\/\/kalinski.pl\/serwis\/","name":"Kali\u0144ski","description":"Uk\u0142ady wydechowe","publisher":{"@id":"https:\/\/kalinski.pl\/serwis\/#organization"},"potentialAction":[{"@type":"SearchAction","target":{"@type":"EntryPoint","urlTemplate":"https:\/\/kalinski.pl\/serwis\/?s={search_term_string}"},"query-input":{"@type":"PropertyValueSpecification","valueRequired":true,"valueName":"search_term_string"}}],"inLanguage":"pl-PL"},{"@type":"Organization","@id":"https:\/\/kalinski.pl\/serwis\/#organization","name":"Kali\u0144ski","url":"https:\/\/kalinski.pl\/serwis\/","logo":{"@type":"ImageObject","inLanguage":"pl-PL","@id":"https:\/\/kalinski.pl\/serwis\/#\/schema\/logo\/image\/","url":"https:\/\/kalinski.pl\/serwis\/wp-content\/uploads\/2019\/03\/cropped-logo_white.jpg","contentUrl":"https:\/\/kalinski.pl\/serwis\/wp-content\/uploads\/2019\/03\/cropped-logo_white.jpg","width":240,"height":63,"caption":"Kali\u0144ski"},"image":{"@id":"https:\/\/kalinski.pl\/serwis\/#\/schema\/logo\/image\/"}}]}},"_links":{"self":[{"href":"https:\/\/kalinski.pl\/serwis\/wp-json\/wp\/v2\/pages\/1565","targetHints":{"allow":["GET"]}}],"collection":[{"href":"https:\/\/kalinski.pl\/serwis\/wp-json\/wp\/v2\/pages"}],"about":[{"href":"https:\/\/kalinski.pl\/serwis\/wp-json\/wp\/v2\/types\/page"}],"author":[{"embeddable":true,"href":"https:\/\/kalinski.pl\/serwis\/wp-json\/wp\/v2\/users\/2"}],"replies":[{"embeddable":true,"href":"https:\/\/kalinski.pl\/serwis\/wp-json\/wp\/v2\/comments?post=1565"}],"version-history":[{"count":5,"href":"https:\/\/kalinski.pl\/serwis\/wp-json\/wp\/v2\/pages\/1565\/revisions"}],"predecessor-version":[{"id":4872,"href":"https:\/\/kalinski.pl\/serwis\/wp-json\/wp\/v2\/pages\/1565\/revisions\/4872"}],"wp:attachment":[{"href":"https:\/\/kalinski.pl\/serwis\/wp-json\/wp\/v2\/media?parent=1565"}],"curies":[{"name":"wp","href":"https:\/\/api.w.org\/{rel}","templated":true}]}}