{"id":1476,"date":"2020-05-25T10:40:45","date_gmt":"2020-05-25T08:40:45","guid":{"rendered":"https:\/\/kalinski.pl\/?page_id=1476"},"modified":"2024-03-22T13:52:56","modified_gmt":"2024-03-22T12:52:56","slug":"serwis-naprawa-regeneracja-katalizatorow","status":"publish","type":"page","link":"https:\/\/kalinski.pl\/serwis\/serwis-naprawa-regeneracja-katalizatorow\/","title":{"rendered":"Naprawa, czyszczenie i regeneracja katalizator\u00f3w"},"content":{"rendered":"<div class=\"katalizatory_png\"><img fetchpriority=\"high\" decoding=\"async\" class=\"alignnone size-full wp-image-1484\" src=\"https:\/\/kalinski.pl\/wp-content\/uploads\/Katalizatory_Kalinski.jpg\" alt=\"\" width=\"1920\" height=\"524\" \/><\/div>\n<div>\u00a0<\/div>\n<div>\u00a0<\/div>\n<div class=\"odstepy_strona\">\n<p>Katalizatory do pojazd\u00f3w osobowych opr\u00f3cz filtr\u00f3w cz\u0105stek sta\u0142ych nale\u017c\u0105 do jednych z najcz\u0119\u015bciej sprzedawanych w naszym serwisie produkt\u00f3w. W ofercie mamy katalizatory oryginalne zar\u00f3wno nowe jak i regenerowane a tak\u017ce takie us\u0142ugi jak <strong>naprawa katalizator\u00f3w<\/strong>.<\/p>\n<p>Bardzo cz\u0119sto zach\u0119camy naszych klient\u00f3w do korzystania z produkt\u00f3w regenerowanych, poniewa\u017c znamy zalety <a href=\"https:\/\/kalinski.pl\/sklep\/pl\/regeneracja-katalizatorow-wymiana-wkladu\/47909-regeneracja-katalizatorow-poprzez-wymiane-wkladu-katalicznego-do-pojazdow-osobowych-oraz-ciezarowych-indywidualna-wycena-uslugi.html\" rel=\"noopener\"><strong>regeneracji katalizator\u00f3w<\/strong><\/a>. Ze wzgl\u0119du na <strong>cen\u0119 koszt<\/strong> zakupu produktu regenerowanego jest ni\u017cszy ni\u017c w przypadku nowych cz\u0119\u015bci. Regeneracja jest r\u00f3wnie\u017c dzia\u0142aniem ekologicznym, polega na nadaniu sprawno\u015bci istniej\u0105cej ju\u017c cz\u0119\u015bci zamiast produkcji nowych podzespo\u0142\u00f3w.<\/p>\n<p>Wiele firm pisz\u0105c o regeneracji ma na my\u015bli <strong>czyszczenie katalizator\u00f3w<\/strong> poprzez ich umycie, za pomoc\u0105 r\u00f3\u017cnego rodzaju p\u0142yn\u00f3w i wody. Wspomniane sposoby cz\u0119sto powoduj\u0105 szybkie ponowne zapchanie katalizatora<strong>. Regeneracja katalizator\u00f3w benzynowych<\/strong> nie r\u00f3\u017cni si\u0119 od tej stosowanej w pojazdach z silnikiem diesla. Nie musimy wpisywa\u0107 w wyszukiwarce internetowej hase\u0142 \u201eregeneracja katalizatora benzyna\u201d, \u017ceby znale\u017a\u0107 odpowiedni warsztat samochodowy. W obydwu przypadkach w naszym serwisie <strong>regeneracja katalizator\u00f3w samochodowych<\/strong> polega na wymianie wk\u0142ad\u00f3w. Za pomoc\u0105 wymiany wk\u0142ad\u00f3w regenerujemy r\u00f3wnie\u017c filtry DPF. Opr\u00f3cz wymiany wk\u0142ad\u00f3w filtry cz\u0105stek sta\u0142ych s\u0105 r\u00f3wnie\u017c wypalane w specjalnym piecu, <strong>wypalanie<\/strong> <strong>katalizator\u00f3w<\/strong> nie jest jednak tak skuteczne jak wymiana wk\u0142ad\u00f3w. \u00a0<\/p>\n<p>Warto podkre\u015bli\u0107, \u017ce <strong>regeneracji poddajemy g\u0142\u00f3wnie katalizatory oryginalne, nowe, ale zdarza si\u0119 r\u00f3wnie\u017c serwisowa\u0107 zamienniki.<\/strong> Tylko w przypadku katalizator\u00f3w oryginalnych jeste\u015bmy pewni, \u017ce b\u0119d\u0105 one<strong> odpowiednio dopasowane<\/strong> do danego pojazdu i jego uk\u0142adu wydechowego. R\u00f3wnie\u017c nasza oferta dotyczy g\u0142\u00f3wnie produkt\u00f3w nowych i regenerowanych. Posiadamy w ofercie r\u00f3wnie\u017c katalizatory innych producent\u00f3w, tzw. \u201ezamienniki\u201d, jednak mimo ich ni\u017cszej ceny wielokrotnie okazuje si\u0119, \u017ce nie pasuj\u0105 do danego modelu, jak r\u00f3wnie\u017c ich dzia\u0142anie pozostawia wiele do \u017cyczenia.\u00a0<\/p>\n<p>W naszej ofercie znajduj\u0105 si\u0119 <strong><a href=\"https:\/\/kalinski.pl\/sklep\/pl\/4356-katalizatory-samochodowe\" rel=\"noopener\">katalizatory<\/a> do bardzo popularnych marek pojazd\u00f3w<\/strong> na przyk\u0142ad: Volkswagen, Skoda, Toyota Ford, Fiat, Mazda <strong>ale te\u017c mniej spotykanych<\/strong> .im.in.: Jaguar, Bentley, Chevrolet, Chrysler, Dodge, Porsche a nawet Ferrari.<\/p>\n<h2 style=\"text-align: center;\"><span style=\"font-size: 18pt;\">NASZ SERWIS \u2013 POZNA\u0143 I OKOLICE<\/span><\/h2>\n<p>Siedziba naszej firmy ulokowana jest w okolicy <strong>Poznania,<\/strong> w gminie Tarnowo Podg\u00f3rne a dok\u0142adnie w <strong>Chybach.<\/strong> Do granicy <strong>Poznania mamy <\/strong>zaledwie kilka kilometr\u00f3w. W pobli\u017cu naszego serwisu znajduje si\u0119 r\u00f3wnie\u017c zachodnia obwodnica Poznania, czyli droga S-11 a tak\u017ce autostrada A2. Nasza lokalizacja pozwala na <strong>dogodny i szybki dojazd<\/strong>.<\/p>\n<p>Sama cz\u0119\u015b\u0107 warsztatowa naszej firmy sk\u0142ada si\u0119 z siedmiu stanowisk, na kt\u00f3rych wykonujemy us\u0142ugi wymiany katalizator\u00f3w, filtr\u00f3w cz\u0105stek sta\u0142ych czy t\u0142umik\u00f3w. Opr\u00f3cz realizacji us\u0142ug stacjonarnie <strong>wysy\u0142amy r\u00f3wnie\u017c katalizatory do klient\u00f3w<\/strong>, r\u00f3wnie\u017c poza Polsk\u0119. Dostarczamy produkty wsz\u0119dzie tam, gdzie mo\u017cemy zleci\u0107 us\u0142ug\u0119 wysy\u0142ki kurierskiej. Eksportujemy bardzo du\u017co produkt\u00f3w, szczeg\u00f3lnie do naszych zachodnich s\u0105siad\u00f3w, kt\u00f3ry ch\u0119tnie korzystaj\u0105 z produkt\u00f3w regenerowanych.<\/p>\n<p>W naszym dziale pojazd\u00f3w osobowych mamy <strong>dedykowany zesp\u00f3\u0142<\/strong> os\u00f3b specjalizuj\u0105cych si\u0119 w serwisie <strong>katalizator\u00f3w oraz filtr\u00f3w cz\u0105stek sta\u0142ych<\/strong>. Pracownik\u00f3w tego dzia\u0142u wyr\u00f3\u017cnia bogate do\u015bwiadczenie oraz wiedza.<\/p>\n<\/div>\n","protected":false},"excerpt":{"rendered":"<p>\u00a0 \u00a0 Katalizatory do pojazd\u00f3w osobowych opr\u00f3cz filtr\u00f3w cz\u0105stek sta\u0142ych nale\u017c\u0105 do jednych z najcz\u0119\u015bciej sprzedawanych w naszym serwisie produkt\u00f3w. W ofercie mamy katalizatory oryginalne zar\u00f3wno nowe jak i regenerowane a tak\u017ce takie us\u0142ugi jak naprawa katalizator\u00f3w. Bardzo cz\u0119sto zach\u0119camy naszych klient\u00f3w do korzystania z produkt\u00f3w regenerowanych, poniewa\u017c znamy zalety regeneracji katalizator\u00f3w. Ze wzgl\u0119du na &hellip; <a href=\"https:\/\/kalinski.pl\/serwis\/serwis-naprawa-regeneracja-katalizatorow\/\" class=\"more-link\">Czytaj dalej<span class=\"screen-reader-text\"> Naprawa, czyszczenie i regeneracja katalizator\u00f3w<\/span><\/a><\/p>\n","protected":false},"author":2,"featured_media":0,"parent":0,"menu_order":0,"comment_status":"closed","ping_status":"closed","template":"","meta":{"footnotes":""},"class_list":["post-1476","page","type-page","status-publish","hentry"],"yoast_head":"<!-- This site is optimized with the Yoast SEO plugin v26.7 - https:\/\/yoast.com\/wordpress\/plugins\/seo\/ -->\n<title>Serwis katalizator\u00f3w - naprawa, czyszczenie, regeneracja - Pozna\u0144, Chyby | Kali\u0144ski<\/title>\n<meta name=\"description\" content=\"Katalizatory do pojazd\u00f3w osobowych opr\u00f3cz filtr\u00f3w cz\u0105stek sta\u0142ych nale\u017c\u0105 do jednych z najcz\u0119\u015bciej sprzedawanych w naszym serwisie produkt\u00f3w.\" \/>\n<meta name=\"robots\" content=\"index, follow, max-snippet:-1, max-image-preview:large, max-video-preview:-1\" \/>\n<link rel=\"canonical\" href=\"https:\/\/kalinski.pl\/serwis\/serwis-naprawa-regeneracja-katalizatorow\/\" \/>\n<meta property=\"og:locale\" content=\"pl_PL\" \/>\n<meta property=\"og:type\" content=\"article\" \/>\n<meta property=\"og:title\" content=\"Serwis katalizator\u00f3w - naprawa, czyszczenie, regeneracja - Pozna\u0144, Chyby | Kali\u0144ski\" \/>\n<meta property=\"og:description\" content=\"Katalizatory do pojazd\u00f3w osobowych opr\u00f3cz filtr\u00f3w cz\u0105stek sta\u0142ych nale\u017c\u0105 do jednych z najcz\u0119\u015bciej sprzedawanych w naszym serwisie produkt\u00f3w.\" \/>\n<meta property=\"og:url\" content=\"https:\/\/kalinski.pl\/serwis\/serwis-naprawa-regeneracja-katalizatorow\/\" \/>\n<meta property=\"og:site_name\" content=\"Kali\u0144ski\" \/>\n<meta property=\"article:modified_time\" content=\"2024-03-22T12:52:56+00:00\" \/>\n<meta property=\"og:image\" content=\"https:\/\/kalinski.pl\/wp-content\/uploads\/Katalizatory_Kalinski.jpg\" \/>\n<meta name=\"twitter:card\" content=\"summary_large_image\" \/>\n<meta name=\"twitter:label1\" content=\"Szacowany czas czytania\" \/>\n\t<meta name=\"twitter:data1\" content=\"3 minuty\" \/>\n<script type=\"application\/ld+json\" class=\"yoast-schema-graph\">{\"@context\":\"https:\/\/schema.org\",\"@graph\":[{\"@type\":\"WebPage\",\"@id\":\"https:\/\/kalinski.pl\/serwis\/serwis-naprawa-regeneracja-katalizatorow\/\",\"url\":\"https:\/\/kalinski.pl\/serwis\/serwis-naprawa-regeneracja-katalizatorow\/\",\"name\":\"Serwis katalizator\u00f3w - naprawa, czyszczenie, regeneracja - Pozna\u0144, Chyby | Kali\u0144ski\",\"isPartOf\":{\"@id\":\"https:\/\/kalinski.pl\/serwis\/#website\"},\"primaryImageOfPage\":{\"@id\":\"https:\/\/kalinski.pl\/serwis\/serwis-naprawa-regeneracja-katalizatorow\/#primaryimage\"},\"image\":{\"@id\":\"https:\/\/kalinski.pl\/serwis\/serwis-naprawa-regeneracja-katalizatorow\/#primaryimage\"},\"thumbnailUrl\":\"https:\/\/kalinski.pl\/wp-content\/uploads\/Katalizatory_Kalinski.jpg\",\"datePublished\":\"2020-05-25T08:40:45+00:00\",\"dateModified\":\"2024-03-22T12:52:56+00:00\",\"description\":\"Katalizatory do pojazd\u00f3w osobowych opr\u00f3cz filtr\u00f3w cz\u0105stek sta\u0142ych nale\u017c\u0105 do jednych z najcz\u0119\u015bciej sprzedawanych w naszym serwisie produkt\u00f3w.\",\"breadcrumb\":{\"@id\":\"https:\/\/kalinski.pl\/serwis\/serwis-naprawa-regeneracja-katalizatorow\/#breadcrumb\"},\"inLanguage\":\"pl-PL\",\"potentialAction\":[{\"@type\":\"ReadAction\",\"target\":[\"https:\/\/kalinski.pl\/serwis\/serwis-naprawa-regeneracja-katalizatorow\/\"]}]},{\"@type\":\"ImageObject\",\"inLanguage\":\"pl-PL\",\"@id\":\"https:\/\/kalinski.pl\/serwis\/serwis-naprawa-regeneracja-katalizatorow\/#primaryimage\",\"url\":\"https:\/\/kalinski.pl\/wp-content\/uploads\/Katalizatory_Kalinski.jpg\",\"contentUrl\":\"https:\/\/kalinski.pl\/wp-content\/uploads\/Katalizatory_Kalinski.jpg\"},{\"@type\":\"BreadcrumbList\",\"@id\":\"https:\/\/kalinski.pl\/serwis\/serwis-naprawa-regeneracja-katalizatorow\/#breadcrumb\",\"itemListElement\":[{\"@type\":\"ListItem\",\"position\":1,\"name\":\"Strona g\u0142\u00f3wna\",\"item\":\"https:\/\/kalinski.pl\/serwis\/\"},{\"@type\":\"ListItem\",\"position\":2,\"name\":\"Naprawa, czyszczenie i regeneracja katalizator\u00f3w\"}]},{\"@type\":\"WebSite\",\"@id\":\"https:\/\/kalinski.pl\/serwis\/#website\",\"url\":\"https:\/\/kalinski.pl\/serwis\/\",\"name\":\"Kali\u0144ski\",\"description\":\"Uk\u0142ady wydechowe\",\"publisher\":{\"@id\":\"https:\/\/kalinski.pl\/serwis\/#organization\"},\"potentialAction\":[{\"@type\":\"SearchAction\",\"target\":{\"@type\":\"EntryPoint\",\"urlTemplate\":\"https:\/\/kalinski.pl\/serwis\/?s={search_term_string}\"},\"query-input\":{\"@type\":\"PropertyValueSpecification\",\"valueRequired\":true,\"valueName\":\"search_term_string\"}}],\"inLanguage\":\"pl-PL\"},{\"@type\":\"Organization\",\"@id\":\"https:\/\/kalinski.pl\/serwis\/#organization\",\"name\":\"Kali\u0144ski\",\"url\":\"https:\/\/kalinski.pl\/serwis\/\",\"logo\":{\"@type\":\"ImageObject\",\"inLanguage\":\"pl-PL\",\"@id\":\"https:\/\/kalinski.pl\/serwis\/#\/schema\/logo\/image\/\",\"url\":\"https:\/\/kalinski.pl\/serwis\/wp-content\/uploads\/2019\/03\/cropped-logo_white.jpg\",\"contentUrl\":\"https:\/\/kalinski.pl\/serwis\/wp-content\/uploads\/2019\/03\/cropped-logo_white.jpg\",\"width\":240,\"height\":63,\"caption\":\"Kali\u0144ski\"},\"image\":{\"@id\":\"https:\/\/kalinski.pl\/serwis\/#\/schema\/logo\/image\/\"}}]}<\/script>\n<!-- \/ Yoast SEO plugin. -->","yoast_head_json":{"title":"Serwis katalizator\u00f3w - naprawa, czyszczenie, regeneracja - Pozna\u0144, Chyby | Kali\u0144ski","description":"Katalizatory do pojazd\u00f3w osobowych opr\u00f3cz filtr\u00f3w cz\u0105stek sta\u0142ych nale\u017c\u0105 do jednych z najcz\u0119\u015bciej sprzedawanych w naszym serwisie produkt\u00f3w.","robots":{"index":"index","follow":"follow","max-snippet":"max-snippet:-1","max-image-preview":"max-image-preview:large","max-video-preview":"max-video-preview:-1"},"canonical":"https:\/\/kalinski.pl\/serwis\/serwis-naprawa-regeneracja-katalizatorow\/","og_locale":"pl_PL","og_type":"article","og_title":"Serwis katalizator\u00f3w - naprawa, czyszczenie, regeneracja - Pozna\u0144, Chyby | Kali\u0144ski","og_description":"Katalizatory do pojazd\u00f3w osobowych opr\u00f3cz filtr\u00f3w cz\u0105stek sta\u0142ych nale\u017c\u0105 do jednych z najcz\u0119\u015bciej sprzedawanych w naszym serwisie produkt\u00f3w.","og_url":"https:\/\/kalinski.pl\/serwis\/serwis-naprawa-regeneracja-katalizatorow\/","og_site_name":"Kali\u0144ski","article_modified_time":"2024-03-22T12:52:56+00:00","og_image":[{"url":"https:\/\/kalinski.pl\/wp-content\/uploads\/Katalizatory_Kalinski.jpg","type":"","width":"","height":""}],"twitter_card":"summary_large_image","twitter_misc":{"Szacowany czas czytania":"3 minuty"},"schema":{"@context":"https:\/\/schema.org","@graph":[{"@type":"WebPage","@id":"https:\/\/kalinski.pl\/serwis\/serwis-naprawa-regeneracja-katalizatorow\/","url":"https:\/\/kalinski.pl\/serwis\/serwis-naprawa-regeneracja-katalizatorow\/","name":"Serwis katalizator\u00f3w - naprawa, czyszczenie, regeneracja - Pozna\u0144, Chyby | Kali\u0144ski","isPartOf":{"@id":"https:\/\/kalinski.pl\/serwis\/#website"},"primaryImageOfPage":{"@id":"https:\/\/kalinski.pl\/serwis\/serwis-naprawa-regeneracja-katalizatorow\/#primaryimage"},"image":{"@id":"https:\/\/kalinski.pl\/serwis\/serwis-naprawa-regeneracja-katalizatorow\/#primaryimage"},"thumbnailUrl":"https:\/\/kalinski.pl\/wp-content\/uploads\/Katalizatory_Kalinski.jpg","datePublished":"2020-05-25T08:40:45+00:00","dateModified":"2024-03-22T12:52:56+00:00","description":"Katalizatory do pojazd\u00f3w osobowych opr\u00f3cz filtr\u00f3w cz\u0105stek sta\u0142ych nale\u017c\u0105 do jednych z najcz\u0119\u015bciej sprzedawanych w naszym serwisie produkt\u00f3w.","breadcrumb":{"@id":"https:\/\/kalinski.pl\/serwis\/serwis-naprawa-regeneracja-katalizatorow\/#breadcrumb"},"inLanguage":"pl-PL","potentialAction":[{"@type":"ReadAction","target":["https:\/\/kalinski.pl\/serwis\/serwis-naprawa-regeneracja-katalizatorow\/"]}]},{"@type":"ImageObject","inLanguage":"pl-PL","@id":"https:\/\/kalinski.pl\/serwis\/serwis-naprawa-regeneracja-katalizatorow\/#primaryimage","url":"https:\/\/kalinski.pl\/wp-content\/uploads\/Katalizatory_Kalinski.jpg","contentUrl":"https:\/\/kalinski.pl\/wp-content\/uploads\/Katalizatory_Kalinski.jpg"},{"@type":"BreadcrumbList","@id":"https:\/\/kalinski.pl\/serwis\/serwis-naprawa-regeneracja-katalizatorow\/#breadcrumb","itemListElement":[{"@type":"ListItem","position":1,"name":"Strona g\u0142\u00f3wna","item":"https:\/\/kalinski.pl\/serwis\/"},{"@type":"ListItem","position":2,"name":"Naprawa, czyszczenie i regeneracja katalizator\u00f3w"}]},{"@type":"WebSite","@id":"https:\/\/kalinski.pl\/serwis\/#website","url":"https:\/\/kalinski.pl\/serwis\/","name":"Kali\u0144ski","description":"Uk\u0142ady wydechowe","publisher":{"@id":"https:\/\/kalinski.pl\/serwis\/#organization"},"potentialAction":[{"@type":"SearchAction","target":{"@type":"EntryPoint","urlTemplate":"https:\/\/kalinski.pl\/serwis\/?s={search_term_string}"},"query-input":{"@type":"PropertyValueSpecification","valueRequired":true,"valueName":"search_term_string"}}],"inLanguage":"pl-PL"},{"@type":"Organization","@id":"https:\/\/kalinski.pl\/serwis\/#organization","name":"Kali\u0144ski","url":"https:\/\/kalinski.pl\/serwis\/","logo":{"@type":"ImageObject","inLanguage":"pl-PL","@id":"https:\/\/kalinski.pl\/serwis\/#\/schema\/logo\/image\/","url":"https:\/\/kalinski.pl\/serwis\/wp-content\/uploads\/2019\/03\/cropped-logo_white.jpg","contentUrl":"https:\/\/kalinski.pl\/serwis\/wp-content\/uploads\/2019\/03\/cropped-logo_white.jpg","width":240,"height":63,"caption":"Kali\u0144ski"},"image":{"@id":"https:\/\/kalinski.pl\/serwis\/#\/schema\/logo\/image\/"}}]}},"_links":{"self":[{"href":"https:\/\/kalinski.pl\/serwis\/wp-json\/wp\/v2\/pages\/1476","targetHints":{"allow":["GET"]}}],"collection":[{"href":"https:\/\/kalinski.pl\/serwis\/wp-json\/wp\/v2\/pages"}],"about":[{"href":"https:\/\/kalinski.pl\/serwis\/wp-json\/wp\/v2\/types\/page"}],"author":[{"embeddable":true,"href":"https:\/\/kalinski.pl\/serwis\/wp-json\/wp\/v2\/users\/2"}],"replies":[{"embeddable":true,"href":"https:\/\/kalinski.pl\/serwis\/wp-json\/wp\/v2\/comments?post=1476"}],"version-history":[{"count":3,"href":"https:\/\/kalinski.pl\/serwis\/wp-json\/wp\/v2\/pages\/1476\/revisions"}],"predecessor-version":[{"id":4282,"href":"https:\/\/kalinski.pl\/serwis\/wp-json\/wp\/v2\/pages\/1476\/revisions\/4282"}],"wp:attachment":[{"href":"https:\/\/kalinski.pl\/serwis\/wp-json\/wp\/v2\/media?parent=1476"}],"curies":[{"name":"wp","href":"https:\/\/api.w.org\/{rel}","templated":true}]}}