{"id":1298,"date":"2019-10-17T09:51:03","date_gmt":"2019-10-17T07:51:03","guid":{"rendered":"https:\/\/kalinski.pl\/?page_id=1298"},"modified":"2019-10-21T12:15:53","modified_gmt":"2019-10-21T10:15:53","slug":"myjnia","status":"publish","type":"page","link":"https:\/\/kalinski.pl\/serwis\/myjnia\/","title":{"rendered":"Myjnia"},"content":{"rendered":"<div class=\"onas_img\"><img fetchpriority=\"high\" decoding=\"async\" class=\"alignnone size-full wp-image-1299\" src=\"https:\/\/kalinski.pl\/wp-content\/uploads\/myjnia_top.jpg\" alt=\"\" width=\"1110\" height=\"380\"><\/div>\n<div class=\"text_white\">\n<p>Myjnia Kali\u0144ski to jedna z najnowocze\u015bniejszych i najskuteczniejszych myjni bezdotykowych w Chybach oraz okolicy. Mamy mo\u017cliwo\u015b\u0107 p\u0142acenia kart\u0105 a tak\u017ce korzystania z najnowszej funkcji aktywnej piany. Na myjni mo\u017cna umy\u0107 samochody osobowe ale r\u00f3wnie\u017c pojazdy ci\u0119\u017carowe oraz motocykle. Posiadamy r\u00f3wnie\u017c stanowisko do odkurzania wn\u0119trza samochodu.<\/p>\n<p>W siedzibie naszej firmy, kt\u00f3ra znajduje si\u0119 w bezpo\u015brednim s\u0105siedztwie myjni mo\u017cna dodatkowo zakupi\u0107 \u015brodki do czyszczenia niemieckiej marki Sonax. Obecnie Myjnia Kali\u0144ski sk\u0142ada si\u0119 z trzech stanowisk do mycia pojazd\u00f3w oraz dw\u00f3ch miejsc do odkurzania.<\/p>\n<p>Funkcja aktywnej piany, kt\u00f3r\u0105 wykorzystujemy w naszej myjni pozwala na jeszcze dok\u0142adniejsze mycie pojazd\u00f3w. Na\u0142o\u017cona na samoch\u00f3d piana zmi\u0119kcza nagromadzony brud, kt\u00f3ry kolejno \u0142atwiej jest usun\u0105\u0107 w dalszym procesie mycia.<\/p>\n<div class=\"epyt-video-wrapper\"><iframe  style=\"display: block; margin: 0px auto;\"  id=\"_ytid_35934\"  width=\"840\" height=\"473\"  data-origwidth=\"840\" data-origheight=\"473\" src=\"https:\/\/www.youtube.com\/embed\/1vZXDf2xsqM?enablejsapi=1&#038;autoplay=0&#038;cc_load_policy=0&#038;cc_lang_pref=&#038;iv_load_policy=1&#038;loop=0&#038;rel=1&#038;fs=1&#038;playsinline=0&#038;autohide=2&#038;theme=dark&#038;color=red&#038;controls=1&#038;disablekb=0&#038;\" class=\"__youtube_prefs__  epyt-is-override  no-lazyload\" title=\"YouTube player\"  allow=\"fullscreen; accelerometer; autoplay; clipboard-write; encrypted-media; gyroscope; picture-in-picture; web-share\" referrerpolicy=\"strict-origin-when-cross-origin\" allowfullscreen data-no-lazy=\"1\" data-skipgform_ajax_framebjll=\"\"><\/iframe><\/div>\n<h3 id=\"realizacje\">Galeria myjnia<\/h3>\n<div class=\"galeria_all\">\n[ngg src=&#8221;galleries&#8221; ids=&#8221;1&#8243; display=&#8221;basic_thumbnail&#8221; thumbnail_crop=&#8221;0&#8243; number_of_columns=&#8221;3&#8243;]\n<\/div>\n","protected":false},"excerpt":{"rendered":"<p>Myjnia Kali\u0144ski to jedna z najnowocze\u015bniejszych i najskuteczniejszych myjni bezdotykowych w Chybach oraz okolicy. Mamy mo\u017cliwo\u015b\u0107 p\u0142acenia kart\u0105 a tak\u017ce korzystania z najnowszej funkcji aktywnej piany. Na myjni mo\u017cna umy\u0107 samochody osobowe ale r\u00f3wnie\u017c pojazdy ci\u0119\u017carowe oraz motocykle. Posiadamy r\u00f3wnie\u017c stanowisko do odkurzania wn\u0119trza samochodu. W siedzibie naszej firmy, kt\u00f3ra znajduje si\u0119 w bezpo\u015brednim s\u0105siedztwie &hellip; <a href=\"https:\/\/kalinski.pl\/serwis\/myjnia\/\" class=\"more-link\">Czytaj dalej<span class=\"screen-reader-text\"> Myjnia<\/span><\/a><\/p>\n","protected":false},"author":1024,"featured_media":0,"parent":0,"menu_order":0,"comment_status":"closed","ping_status":"closed","template":"","meta":{"footnotes":""},"class_list":["post-1298","page","type-page","status-publish","hentry"],"yoast_head":"<!-- This site is optimized with the Yoast SEO plugin v26.7 - https:\/\/yoast.com\/wordpress\/plugins\/seo\/ -->\n<title>Myjnia | Kali\u0144ski<\/title>\n<meta name=\"robots\" content=\"index, follow, max-snippet:-1, max-image-preview:large, max-video-preview:-1\" \/>\n<link rel=\"canonical\" href=\"https:\/\/kalinski.pl\/serwis\/myjnia\/\" \/>\n<meta property=\"og:locale\" content=\"pl_PL\" \/>\n<meta property=\"og:type\" content=\"article\" \/>\n<meta property=\"og:title\" content=\"Myjnia | Kali\u0144ski\" \/>\n<meta property=\"og:description\" content=\"Myjnia Kali\u0144ski to jedna z najnowocze\u015bniejszych i najskuteczniejszych myjni bezdotykowych w Chybach oraz okolicy. Mamy mo\u017cliwo\u015b\u0107 p\u0142acenia kart\u0105 a tak\u017ce korzystania z najnowszej funkcji aktywnej piany. Na myjni mo\u017cna umy\u0107 samochody osobowe ale r\u00f3wnie\u017c pojazdy ci\u0119\u017carowe oraz motocykle. Posiadamy r\u00f3wnie\u017c stanowisko do odkurzania wn\u0119trza samochodu. W siedzibie naszej firmy, kt\u00f3ra znajduje si\u0119 w bezpo\u015brednim s\u0105siedztwie &hellip; Czytaj dalej Myjnia\" \/>\n<meta property=\"og:url\" content=\"https:\/\/kalinski.pl\/serwis\/myjnia\/\" \/>\n<meta property=\"og:site_name\" content=\"Kali\u0144ski\" \/>\n<meta property=\"article:modified_time\" content=\"2019-10-21T10:15:53+00:00\" \/>\n<meta property=\"og:image\" content=\"https:\/\/kalinski.pl\/wp-content\/uploads\/myjnia_top.jpg\" \/>\n<meta name=\"twitter:card\" content=\"summary_large_image\" \/>\n<meta name=\"twitter:label1\" content=\"Szacowany czas czytania\" \/>\n\t<meta name=\"twitter:data1\" content=\"1 minuta\" \/>\n<script type=\"application\/ld+json\" class=\"yoast-schema-graph\">{\"@context\":\"https:\/\/schema.org\",\"@graph\":[{\"@type\":\"WebPage\",\"@id\":\"https:\/\/kalinski.pl\/serwis\/myjnia\/\",\"url\":\"https:\/\/kalinski.pl\/serwis\/myjnia\/\",\"name\":\"Myjnia | Kali\u0144ski\",\"isPartOf\":{\"@id\":\"https:\/\/kalinski.pl\/serwis\/#website\"},\"primaryImageOfPage\":{\"@id\":\"https:\/\/kalinski.pl\/serwis\/myjnia\/#primaryimage\"},\"image\":{\"@id\":\"https:\/\/kalinski.pl\/serwis\/myjnia\/#primaryimage\"},\"thumbnailUrl\":\"https:\/\/kalinski.pl\/wp-content\/uploads\/myjnia_top.jpg\",\"datePublished\":\"2019-10-17T07:51:03+00:00\",\"dateModified\":\"2019-10-21T10:15:53+00:00\",\"breadcrumb\":{\"@id\":\"https:\/\/kalinski.pl\/serwis\/myjnia\/#breadcrumb\"},\"inLanguage\":\"pl-PL\",\"potentialAction\":[{\"@type\":\"ReadAction\",\"target\":[\"https:\/\/kalinski.pl\/serwis\/myjnia\/\"]}]},{\"@type\":\"ImageObject\",\"inLanguage\":\"pl-PL\",\"@id\":\"https:\/\/kalinski.pl\/serwis\/myjnia\/#primaryimage\",\"url\":\"https:\/\/kalinski.pl\/wp-content\/uploads\/myjnia_top.jpg\",\"contentUrl\":\"https:\/\/kalinski.pl\/wp-content\/uploads\/myjnia_top.jpg\"},{\"@type\":\"BreadcrumbList\",\"@id\":\"https:\/\/kalinski.pl\/serwis\/myjnia\/#breadcrumb\",\"itemListElement\":[{\"@type\":\"ListItem\",\"position\":1,\"name\":\"Strona g\u0142\u00f3wna\",\"item\":\"https:\/\/kalinski.pl\/serwis\/\"},{\"@type\":\"ListItem\",\"position\":2,\"name\":\"Myjnia\"}]},{\"@type\":\"WebSite\",\"@id\":\"https:\/\/kalinski.pl\/serwis\/#website\",\"url\":\"https:\/\/kalinski.pl\/serwis\/\",\"name\":\"Kali\u0144ski\",\"description\":\"Uk\u0142ady wydechowe\",\"publisher\":{\"@id\":\"https:\/\/kalinski.pl\/serwis\/#organization\"},\"potentialAction\":[{\"@type\":\"SearchAction\",\"target\":{\"@type\":\"EntryPoint\",\"urlTemplate\":\"https:\/\/kalinski.pl\/serwis\/?s={search_term_string}\"},\"query-input\":{\"@type\":\"PropertyValueSpecification\",\"valueRequired\":true,\"valueName\":\"search_term_string\"}}],\"inLanguage\":\"pl-PL\"},{\"@type\":\"Organization\",\"@id\":\"https:\/\/kalinski.pl\/serwis\/#organization\",\"name\":\"Kali\u0144ski\",\"url\":\"https:\/\/kalinski.pl\/serwis\/\",\"logo\":{\"@type\":\"ImageObject\",\"inLanguage\":\"pl-PL\",\"@id\":\"https:\/\/kalinski.pl\/serwis\/#\/schema\/logo\/image\/\",\"url\":\"https:\/\/kalinski.pl\/serwis\/wp-content\/uploads\/2019\/03\/cropped-logo_white.jpg\",\"contentUrl\":\"https:\/\/kalinski.pl\/serwis\/wp-content\/uploads\/2019\/03\/cropped-logo_white.jpg\",\"width\":240,\"height\":63,\"caption\":\"Kali\u0144ski\"},\"image\":{\"@id\":\"https:\/\/kalinski.pl\/serwis\/#\/schema\/logo\/image\/\"}}]}<\/script>\n<!-- \/ Yoast SEO plugin. -->","yoast_head_json":{"title":"Myjnia | Kali\u0144ski","robots":{"index":"index","follow":"follow","max-snippet":"max-snippet:-1","max-image-preview":"max-image-preview:large","max-video-preview":"max-video-preview:-1"},"canonical":"https:\/\/kalinski.pl\/serwis\/myjnia\/","og_locale":"pl_PL","og_type":"article","og_title":"Myjnia | Kali\u0144ski","og_description":"Myjnia Kali\u0144ski to jedna z najnowocze\u015bniejszych i najskuteczniejszych myjni bezdotykowych w Chybach oraz okolicy. Mamy mo\u017cliwo\u015b\u0107 p\u0142acenia kart\u0105 a tak\u017ce korzystania z najnowszej funkcji aktywnej piany. Na myjni mo\u017cna umy\u0107 samochody osobowe ale r\u00f3wnie\u017c pojazdy ci\u0119\u017carowe oraz motocykle. Posiadamy r\u00f3wnie\u017c stanowisko do odkurzania wn\u0119trza samochodu. W siedzibie naszej firmy, kt\u00f3ra znajduje si\u0119 w bezpo\u015brednim s\u0105siedztwie &hellip; Czytaj dalej Myjnia","og_url":"https:\/\/kalinski.pl\/serwis\/myjnia\/","og_site_name":"Kali\u0144ski","article_modified_time":"2019-10-21T10:15:53+00:00","og_image":[{"url":"https:\/\/kalinski.pl\/wp-content\/uploads\/myjnia_top.jpg","type":"","width":"","height":""}],"twitter_card":"summary_large_image","twitter_misc":{"Szacowany czas czytania":"1 minuta"},"schema":{"@context":"https:\/\/schema.org","@graph":[{"@type":"WebPage","@id":"https:\/\/kalinski.pl\/serwis\/myjnia\/","url":"https:\/\/kalinski.pl\/serwis\/myjnia\/","name":"Myjnia | Kali\u0144ski","isPartOf":{"@id":"https:\/\/kalinski.pl\/serwis\/#website"},"primaryImageOfPage":{"@id":"https:\/\/kalinski.pl\/serwis\/myjnia\/#primaryimage"},"image":{"@id":"https:\/\/kalinski.pl\/serwis\/myjnia\/#primaryimage"},"thumbnailUrl":"https:\/\/kalinski.pl\/wp-content\/uploads\/myjnia_top.jpg","datePublished":"2019-10-17T07:51:03+00:00","dateModified":"2019-10-21T10:15:53+00:00","breadcrumb":{"@id":"https:\/\/kalinski.pl\/serwis\/myjnia\/#breadcrumb"},"inLanguage":"pl-PL","potentialAction":[{"@type":"ReadAction","target":["https:\/\/kalinski.pl\/serwis\/myjnia\/"]}]},{"@type":"ImageObject","inLanguage":"pl-PL","@id":"https:\/\/kalinski.pl\/serwis\/myjnia\/#primaryimage","url":"https:\/\/kalinski.pl\/wp-content\/uploads\/myjnia_top.jpg","contentUrl":"https:\/\/kalinski.pl\/wp-content\/uploads\/myjnia_top.jpg"},{"@type":"BreadcrumbList","@id":"https:\/\/kalinski.pl\/serwis\/myjnia\/#breadcrumb","itemListElement":[{"@type":"ListItem","position":1,"name":"Strona g\u0142\u00f3wna","item":"https:\/\/kalinski.pl\/serwis\/"},{"@type":"ListItem","position":2,"name":"Myjnia"}]},{"@type":"WebSite","@id":"https:\/\/kalinski.pl\/serwis\/#website","url":"https:\/\/kalinski.pl\/serwis\/","name":"Kali\u0144ski","description":"Uk\u0142ady wydechowe","publisher":{"@id":"https:\/\/kalinski.pl\/serwis\/#organization"},"potentialAction":[{"@type":"SearchAction","target":{"@type":"EntryPoint","urlTemplate":"https:\/\/kalinski.pl\/serwis\/?s={search_term_string}"},"query-input":{"@type":"PropertyValueSpecification","valueRequired":true,"valueName":"search_term_string"}}],"inLanguage":"pl-PL"},{"@type":"Organization","@id":"https:\/\/kalinski.pl\/serwis\/#organization","name":"Kali\u0144ski","url":"https:\/\/kalinski.pl\/serwis\/","logo":{"@type":"ImageObject","inLanguage":"pl-PL","@id":"https:\/\/kalinski.pl\/serwis\/#\/schema\/logo\/image\/","url":"https:\/\/kalinski.pl\/serwis\/wp-content\/uploads\/2019\/03\/cropped-logo_white.jpg","contentUrl":"https:\/\/kalinski.pl\/serwis\/wp-content\/uploads\/2019\/03\/cropped-logo_white.jpg","width":240,"height":63,"caption":"Kali\u0144ski"},"image":{"@id":"https:\/\/kalinski.pl\/serwis\/#\/schema\/logo\/image\/"}}]}},"_links":{"self":[{"href":"https:\/\/kalinski.pl\/serwis\/wp-json\/wp\/v2\/pages\/1298","targetHints":{"allow":["GET"]}}],"collection":[{"href":"https:\/\/kalinski.pl\/serwis\/wp-json\/wp\/v2\/pages"}],"about":[{"href":"https:\/\/kalinski.pl\/serwis\/wp-json\/wp\/v2\/types\/page"}],"author":[{"embeddable":true,"href":"https:\/\/kalinski.pl\/serwis\/wp-json\/wp\/v2\/users\/1024"}],"replies":[{"embeddable":true,"href":"https:\/\/kalinski.pl\/serwis\/wp-json\/wp\/v2\/comments?post=1298"}],"version-history":[{"count":0,"href":"https:\/\/kalinski.pl\/serwis\/wp-json\/wp\/v2\/pages\/1298\/revisions"}],"wp:attachment":[{"href":"https:\/\/kalinski.pl\/serwis\/wp-json\/wp\/v2\/media?parent=1298"}],"curies":[{"name":"wp","href":"https:\/\/api.w.org\/{rel}","templated":true}]}}